{"id":11303,"date":"2024-04-16T23:11:21","date_gmt":"2024-04-16T22:11:21","guid":{"rendered":"https:\/\/canaryvip.com\/?post_type=product&#038;p=11303"},"modified":"2025-08-09T12:40:39","modified_gmt":"2025-08-09T11:40:39","slug":"flyfish-tenerife","status":"publish","type":"product","link":"https:\/\/canaryvip.com\/fr\/shop\/flyfish-tenerife\/","title":{"rendered":"FlyFish Tenerife"},"content":{"rendered":"<h2><strong>\ud83c\udf0a FlyFish Tenerife - Surfer sur les vagues de l'oc\u00e9an<\/strong><\/h2>\n<p>Pr\u00e9parez-vous \u00e0 vivre une exp\u00e9rience riche en adr\u00e9naline avec notre <strong>FlyFish Tenerife<\/strong> l'aventure ! Sentez l'excitation de voler au-dessus de la mer en vous accrochant \u00e0 notre radeau gonflable sp\u00e9cialement con\u00e7u. Notre <strong>Excursions de p\u00eache \u00e0 la mouche<\/strong> promettez une journ\u00e9e inoubliable de sports nautiques \u00e0 grande vitesse dans le cadre magnifique de Costa Adeje.<\/p>\n<h3><strong>\ud83d\udea4 Commencer votre aventure de p\u00eache \u00e0 la mouche<\/strong><\/h3>\n<ul>\n<li><strong>L'aventure commence :<\/strong> Votre voyage commence directement \u00e0 <a href=\"https:\/\/maps.app.goo.gl\/bkqEhAxsobcjz9wG9\" target=\"_blank\" rel=\"noopener\">Puerto Col\u00f3n,<\/a>\u00a0le point de d\u00e9part officiel de votre aventure FlyFish. \u00c0 votre arriv\u00e9e, vous serez initi\u00e9 au monde passionnant du FlyFish, recevrez un briefing complet sur la s\u00e9curit\u00e9 et serez \u00e9quip\u00e9 pour la course palpitante qui vous attend.<\/li>\n<li><strong>L'exp\u00e9rience FlyFish :<\/strong> Attachez-vous et tenez-vous bien pendant que le bateau \u00e0 moteur vous fait traverser les vagues. Profitez des \u00e9claboussures de l'eau de mer et du vent dans votre visage au cours de cette promenade exaltante.<\/li>\n<\/ul>\n<p>&nbsp;<\/p>\n<h3><strong>\u2728 Pourquoi choisir CanaryVIP pour votre exp\u00e9rience de p\u00eache \u00e0 la mouche ?<\/strong><\/h3>\n<ul>\n<li><strong>Prix comp\u00e9titifs :<\/strong> Montez \u00e0 bord \u00e0 partir de 45 \u20ac par personne, et b\u00e9n\u00e9ficiez de tarifs avantageux pour les groupes et les spectateurs. La qualit\u00e9 et l'excitation \u00e0 un prix imbattable !<\/li>\n<li><strong>\u00c9loge du client :<\/strong> R\u00e9put\u00e9s pour notre service exceptionnel, nous sommes fiers des excellentes critiques de nos clients. Votre exp\u00e9rience est notre objectif !<\/li>\n<li><strong>Flexibilit\u00e9 des r\u00e9servations :<\/strong> Les plans ont chang\u00e9 ? Pas de soucis - annulez jusqu'\u00e0 24 heures avant votre voyage et vous serez enti\u00e8rement rembours\u00e9 gr\u00e2ce \u00e0 notre politique d'annulation flexible.<\/li>\n<\/ul>\n<h3><strong>\ud83d\ude80 Voler haut avec FlyFish Tenerife<\/strong><\/h3>\n<ul>\n<li><strong>Des balades exaltantes :<\/strong> Le FlyFish vous emm\u00e8nera dans une course folle au-dessus des eaux de Playa de Las Am\u00e9ricas, planant et plongeant avec les vagues pendant environ 10 minutes palpitantes.<\/li>\n<li><strong>Conseils d'experts :<\/strong> Nos instructeurs qualifi\u00e9s vous garantissent une exp\u00e9rience s\u00fbre et m\u00e9morable, en vous guidant en douceur du d\u00e9but \u00e0 la fin.<\/li>\n<\/ul>\n<h3><strong>\ud83c\udf1f Plus qu'une simple p\u00eache \u00e0 la mouche<\/strong><\/h3>\n<ul>\n<li>Vous en voulez plus ? Nous proposons une large gamme de <a href=\"https:\/\/canaryvip.com\/fr\/tenerife\/water-sports\/\">activit\u00e9s nautiques \u00e0 Tenerife,<\/a>\u00a0de <a href=\"https:\/\/canaryvip.com\/fr\/shop\/jetski-tenerife\/\">jet ski<\/a> au parachute ascensionnel, ce qui garantit qu'il y a toujours quelque chose de nouveau \u00e0 essayer.<\/li>\n<li>Nos aventures ne se limitent pas \u00e0 Tenerife - consultez nos offres \u00e0 Gran Canaria pour encore plus de plaisir aquatique !<\/li>\n<\/ul>\n<h3>\ud83d\udcc5 <strong>R\u00e9servez votre exp\u00e9rience de p\u00eache \u00e0 la mouche d\u00e8s aujourd'hui<\/strong><\/h3>\n<p>Ne manquez pas cette aventure unique. Parfait pour les amateurs d'adr\u00e9naline et de sensations fortes. R\u00e9servez d\u00e8s maintenant votre tour de FlyFish et ajoutez une touche d'excitation \u00e0 vos vacances \u00e0 Tenerife.<\/p>\n<h3>\u2705 <strong>Qu'est-ce qui est inclus dans votre excursion de p\u00eache \u00e0 la mouche ?<\/strong><\/h3>\n<ul>\n<li>Tout l'\u00e9quipement de s\u00e9curit\u00e9 et un briefing complet avant le d\u00e9part.<\/li>\n<li>Un tour de p\u00eache \u00e0 la mouche de 10 minutes qui promet de faire monter l'adr\u00e9naline.<\/li>\n<li>Encadrement professionnel et possibilit\u00e9 de prendre des photos pour immortaliser vos exploits audacieux (photos disponibles \u00e0 l'achat).<\/li>\n<\/ul>\n<h3><strong>\u2696\ufe0f Des options de r\u00e9servation et d'annulation dignes de confiance<\/strong><\/h3>\n<ul>\n<li><strong>R\u00e9servation facile :<\/strong> R\u00e9servez votre place facilement et en toute confiance, en sachant que vous pouvez annuler jusqu'\u00e0 24 heures \u00e0 l'avance pour un remboursement complet.<\/li>\n<li><strong>L'exp\u00e9rience inclusive :<\/strong> Nous accueillons tout le monde, des voyageurs solitaires en qu\u00eate de sensations fortes aux groupes \u00e0 la recherche d'une excursion passionnante. Faites-nous part de vos pr\u00e9f\u00e9rences et nous vous proposerons une excursion sur mesure.<\/li>\n<\/ul>\n<h3><strong>\ud83c\udf92 Se pr\u00e9parer \u00e0 l'aventure de la p\u00eache \u00e0 la mouche<\/strong><\/h3>\n<ul>\n<li><strong>Pr\u00e9parez-vous \u00e0 vous mouiller :<\/strong> Mettez votre maillot de bain, apportez une serviette et appliquez de la cr\u00e8me solaire. La balade va \u00eatre mouvement\u00e9e !<\/li>\n<li><strong>L'essentiel de l'appareil photo :<\/strong> Apportez un appareil photo \u00e9tanche ou un t\u00e9l\u00e9phone avec un \u00e9tui de protection pour immortaliser vos moments de p\u00eache \u00e0 la mouche. Gardez les mains libres pour saluer et vous accrocher !<\/li>\n<li><strong>Accessibilit\u00e9 :<\/strong> Cette activit\u00e9 est id\u00e9ale pour les personnes \u00e2g\u00e9es de 10 \u00e0 65 ans. Attention, elle ne convient pas aux femmes enceintes ni aux personnes qui ne sont pas \u00e0 l'aise dans l'eau.<\/li>\n<\/ul>\n<h3>\u2753 <strong>Questions fr\u00e9quemment pos\u00e9es<\/strong><\/h3>\n<ul>\n<li><strong>Qui peut participer \u00e0 FlyFish Tenerife ?<\/strong> Les aventuriers de 10 \u00e0 65 ans sont les bienvenus ! Des connaissances de base en natation sont requises pour des raisons de s\u00e9curit\u00e9.<\/li>\n<li><strong>FlyFish est-il s\u00fbr ?<\/strong> La s\u00e9curit\u00e9 est notre priorit\u00e9. Tous les participants sont \u00e9quip\u00e9s de gilets de sauvetage et notre \u00e9quipe exp\u00e9riment\u00e9e est l\u00e0 pour garantir une exp\u00e9rience s\u00fbre et agr\u00e9able.<\/li>\n<\/ul>\n<h4><strong>\ud83c\udf1e Pr\u00eat \u00e0 faire un plongeon ?<\/strong><\/h4>\n<p>Faites l'exp\u00e9rience de la p\u00eache \u00e0 la mouche \u00e0 Tenerife avec <strong>CanaryVIP.<\/strong> R\u00e9servez votre aventure d\u00e8s aujourd'hui et pr\u00e9parez-vous \u00e0 vivre un voyage inoubliable \u00e0 grande vitesse au-dessus de la surface de l'oc\u00e9an !<\/p>","protected":false},"excerpt":{"rendered":"<p>\ud83d\udd0d <strong>FlyFish Tenerife :<\/strong><br \/>\n\u2705 Paiement s\u00e9curis\u00e9.<br \/>\n\ud83d\udc65 Jusqu'\u00e0 3 personnes par trajet.<br \/>\n\ud83d\ude80 Les trajets durent environ 10 minutes.<br \/>\n\ud83c\udfde\ufe0f Action de l'eau \u00e0 grande vitesse.<br \/>\n\ud83d\udd59 Disponible tout au long de la journ\u00e9e.<br \/>\n\ud83d\udcc5 Des trajets sont possibles tous les jours.<br \/>\n\ud83e\udd11 Meilleur prix garanti.<br \/>\n\ud83d\udc6a R\u00e9ductions pour les groupes.<br \/>\n\ud83d\udd01 24h Politique d'annulation.<br \/>\n\ud83c\udf0d Prise en charge de plusieurs langues.<br \/>\n\ud83c\udf1f R\u00e9servez \u00e0 l'avance pour \u00e9conomiser.<br \/>\n\ud83d\udccd D\u00e9part de <a href=\"https:\/\/maps.app.goo.gl\/bkqEhAxsobcjz9wG9\">Puerto Col\u00f3n.<\/a><\/p>","protected":false},"featured_media":11317,"comment_status":"open","ping_status":"closed","template":"","meta":{"_acf_changed":false},"product_brand":[],"product_cat":[53],"product_tag":[],"class_list":{"0":"post-11303","1":"product","2":"type-product","3":"status-publish","4":"has-post-thumbnail","6":"product_cat-water-sports","7":"wcpa_has_options","9":"first","10":"instock","11":"virtual","12":"purchasable","13":"product-type-simple"},"acf":[],"wcpa_form_fields":{"wcpaData":{"product":{"product_price":18,"price_html":"From&nbsp;<span class=\"woocommerce-Price-amount amount\"><bdi>18,00&nbsp;<span class=\"woocommerce-Price-currencySymbol\">&euro;<\/span><\/bdi><\/span>","original_product_price":18,"price_including_tax":18,"price_excluding_tax":18,"product_id":{"parent":11303,"variation":false},"is_variable":false,"stock_status":"instock","stock_quantity":null,"parent_sku":"CV11303","product_attributes":[],"custom_fields":[],"is_taxable":false,"product_name":"FlyFish Tenerife","hasImage":false},"fields":{"sec_7661f1665d94fb":{"extra":{"key":"sec_7661f1665d94fb","section_id":"sec_7661f1665d94fb","name":"Default","status":1,"cl_rule":"show","enableCl":false,"relations":[],"toggle":true,"title_tag":"h3","show_title":false,"showPrice":"default","form_id":11314,"form_rules":{"exclude_from_discount":true,"fee_label":"Fee","disp_hide_options_price":true,"disp_show_section_price":false,"disp_show_field_price":true,"layout_option":"standard","pric_use_as_fee":false,"process_fee_as":"woo_fee"},"layout_option":"standard"},"fields":[[{"label":"\ud83d\udcc5 Date","active":true,"required":true,"elementId":"date_3661f1665d951b","picker_type":"custom","picker_mode":"single","placeholder":"","description":"","tooltip":"","name":"date_3661f1665d951b","label_position":"default","desc_position":"default","enablePrice":false,"className":"","enableCl":false,"relations":[{"operator":"and","rules":[{"operator":"AND","rules":{"cl_field":"radio-group_5661bc90f5e8f5","cl_relation":"is_not_empty","cl_val":"3 Hour Trip"}}]}],"date_pic_inline":true,"date_pic_inline_hide":true,"min_date":{"type":"days","val":"1"},"max_date":{"type":"days","val":"365"},"date_pic_conf":{"disabledWeeks":[]},"price":"","cl_rule":"show","col":6,"type":"date","error":false,"enableDesign":false,"LabelColor":"","gt_translate_keys":["label","placeholder","description","tooltip"],"price_dependency":false,"cl_dependency":false,"value":""}],[{"active":true,"col":6,"relations":false,"cl_rule":"show","enableCl":false,"price":"","enablePrice":false,"className":"","label_position":"default","desc_position":"default","type":"select","required":true,"elementId":"select_3477053266","label":"\u23f0 Departure Time","name":"select_3477053266","values":[{"label":"Whichever Time is Best","value":"Whichever Time is Best","selected":false,"tempId":"aco_312","gt_translate_keys":["label"]},{"label":"10:30","value":"10:30","selected":false,"tempId":"aco_313","gt_translate_keys":["label"]},{"label":"11:30","value":"11:30","selected":false,"tempId":"aco_314","gt_translate_keys":["label"]},{"label":"12:30 ","value":"12:30","selected":false,"tempId":"aco_711","gt_translate_keys":["label"]},{"label":"13:30","value":"13:30","selected":false,"tempId":"aco_721","gt_translate_keys":["label"]},{"label":"14:30","value":"14:30","selected":false,"tempId":"aco_983","gt_translate_keys":["label"]},{"label":"15:30","value":"15:30","selected":false,"tempId":"aco_993","gt_translate_keys":["label"]},{"label":"16:30","value":"16:30","selected":false,"tempId":"aco_1183","gt_translate_keys":["label"]}],"dropdown_type":"basic","error":false,"multiple":false,"placeholder":"None","gt_translate_keys":["label","placeholder"],"price_dependency":false,"cl_dependency":false,"value":""}],[{"active":true,"col":6,"relations":[{"operator":false,"rules":[{"operator":"AND","rules":{"cl_field":"","cl_relation":"","cl_val":""}}]}],"cl_rule":"show","enableCl":true,"price":"18","enablePrice":true,"className":"","label_position":"default","desc_position":"default","type":"radio-group","required":false,"elementId":"radio-group_0661f1665d9537","label":"","name":"radio-group_0661f1665d9537","values":[{"label":"\ud83d\udc64 People (18\u20ac)","value":"People","selected":true,"tempId":"aco_32","tooltip":"","description":"","gt_translate_keys":["label","tooltip","description"]}],"layOut":"","error":false,"checkUi":"button","priceOptions":"fixed_for_all","pricingType":"fixed","enable_quantity":true,"quantity_label":"","min_quantity":"0","options_tooltip":true,"options_description":true,"is_show_price":true,"gt_translate_keys":["label","quantity_label"],"price_dependency":["content_2802764779","content-8155931385","content-8167489432"],"cl_dependency":false,"value":""}],[{"active":true,"col":6,"relations":false,"cl_rule":"show","enableCl":false,"price":"","enablePrice":false,"className":"","label_position":"default","desc_position":"default","type":"separator","required":false,"elementId":"separator_2804989181","label":"Separator Field","height":"6","separatorType":"fill","error":false,"separatorColor":"#66a5b6","gt_translate_keys":["label"],"price_dependency":false,"cl_dependency":false,"value":""}],[{"active":true,"col":6,"relations":false,"cl_rule":"show","enableCl":false,"price":"{field.radio-group_0661f1665d9537.price}*0.30","enablePrice":true,"className":"","label_position":"default","desc_position":"default","type":"content","required":false,"elementId":"content_2802764779","label":"Deposit Now","name":"content_2802764779","contentType":"plain","value":"","error":false,"subtype":"div","inline":true,"show_in_checkout":true,"pricingType":"custom","isTemplate":false,"gt_translate_keys":["label","value"],"price_dependency":false,"cl_dependency":false}],[{"contentType":"plain","active":true,"label":"Payment at Arrival","elementId":"content-8155931385","value":"","inline":true,"show_in_checkout":true,"name":"content-8155931385","enablePrice":true,"className":"","subtype":"div","enableCl":false,"relations":false,"pricingType":"custom","isTemplate":false,"price":"{field.radio-group_0661f1665d9537.price}*0.70","is_show_price":true,"cl_rule":"show","col":6,"type":"content","error":false,"gt_translate_keys":["label","value"],"price_dependency":false,"cl_dependency":false}],[{"contentType":"plain","active":true,"label":"Total Price","elementId":"content-8167489432","value":"","inline":true,"show_in_checkout":true,"name":"content-8167489432","enablePrice":true,"className":"","subtype":"div","enableCl":false,"relations":false,"pricingType":"custom","isTemplate":false,"price":"{field.radio-group_0661f1665d9537.price}","is_show_price":true,"cl_rule":"show","col":6,"type":"content","error":false,"gt_translate_keys":["label","value"],"price_dependency":false,"cl_dependency":false}]]}},"config":{"price_override":"always","enable_recaptcha":false,"bind_quantity":false,"quantity_bind_formula":false,"disp_summ_show_option_price":true,"disp_summ_show_product_price":false,"disp_summ_show_total_price":true,"disp_summ_show_fee":true,"disp_summ_show_discount":true,"summary_title":"","options_total_label":"Options Price","total_label":"Total Amount","options_product_label":"Product Price","fee_label":"Fee","discount_label":"Discount","has_price":true,"has_quantity_formula":false},"mc_unit":1,"tax_rate":1,"tax_rate_real":1,"discount":{"percentage":0,"fixed":0},"design":{"conf":{"LabelPosition":"above","DescPosition":"above","UploadField":"custom_1","QuantityFieldStyle":"custom_1"},"css":{"LeftLabelWidth":"120px"}},"formulas":[],"lookuptables":[],"clones":false,"cartKey":false}},"_links":{"self":[{"href":"https:\/\/canaryvip.com\/fr\/wp-json\/wp\/v2\/product\/11303","targetHints":{"allow":["GET"]}}],"collection":[{"href":"https:\/\/canaryvip.com\/fr\/wp-json\/wp\/v2\/product"}],"about":[{"href":"https:\/\/canaryvip.com\/fr\/wp-json\/wp\/v2\/types\/product"}],"replies":[{"embeddable":true,"href":"https:\/\/canaryvip.com\/fr\/wp-json\/wp\/v2\/comments?post=11303"}],"wp:featuredmedia":[{"embeddable":true,"href":"https:\/\/canaryvip.com\/fr\/wp-json\/wp\/v2\/media\/11317"}],"wp:attachment":[{"href":"https:\/\/canaryvip.com\/fr\/wp-json\/wp\/v2\/media?parent=11303"}],"wp:term":[{"taxonomy":"product_brand","embeddable":true,"href":"https:\/\/canaryvip.com\/fr\/wp-json\/wp\/v2\/product_brand?post=11303"},{"taxonomy":"product_cat","embeddable":true,"href":"https:\/\/canaryvip.com\/fr\/wp-json\/wp\/v2\/product_cat?post=11303"},{"taxonomy":"product_tag","embeddable":true,"href":"https:\/\/canaryvip.com\/fr\/wp-json\/wp\/v2\/product_tag?post=11303"}],"curies":[{"name":"wp","href":"https:\/\/api.w.org\/{rel}","templated":true}]}}