{"id":11298,"date":"2024-04-16T15:58:27","date_gmt":"2024-04-16T14:58:27","guid":{"rendered":"https:\/\/canaryvip.com\/?post_type=product&#038;p=11298"},"modified":"2025-08-09T12:41:31","modified_gmt":"2025-08-09T11:41:31","slug":"parasailing-tenerife","status":"publish","type":"product","link":"https:\/\/canaryvip.com\/fr\/shop\/parasailing-tenerife\/","title":{"rendered":"Parachute ascensionnel Tenerife"},"content":{"rendered":"<h2><strong>\ud83e\ude82 Parasailing Tenerife - Planer au-dessus des eaux cristallines<\/strong><\/h2>\n<p>Rejoignez-nous pour un <strong>Aventure en parachute ascensionnel \u00e0 Tenerife<\/strong> et vivez l'\u00e9motion de voler au-dessus de l'oc\u00e9an ! Notre <strong>Excursions en parachute ascensionnel \u00e0 Tenerife<\/strong> offrent des vues \u00e9poustouflantes de Costa Adeje d'un point de vue unique. Que vous souhaitiez voler en solo ou avec des amis, nous vous garantissons une exp\u00e9rience inoubliable.<\/p>\n<h3><strong>\ud83c\udf0a Lancez votre aventure \u00e0 Puerto Col\u00f3n<\/strong><\/h3>\n<ul>\n<li><strong>Un d\u00e9but accueillant :<\/strong> Votre aventure commence \u00e0 <a href=\"https:\/\/maps.app.goo.gl\/bkqEhAxsobcjz9wG9\" target=\"_blank\" rel=\"noopener\">Puerto Col\u00f3n,<\/a>\u00a0Costa Adeje, o\u00f9 nos sympathiques guides vous accueilleront. Ils vous \u00e9quiperont de tout le mat\u00e9riel n\u00e9cessaire et vous expliqueront ce qui vous attend pendant votre vol.<\/li>\n<li><strong>Pr\u00e9paration du vol :<\/strong> Pr\u00e9parez-vous \u00e0 \u00eatre solidement attach\u00e9 au parachute ascensionnel avant de d\u00e9coller de la plate-forme. Installez-vous confortablement et profitez de la sensation exaltante de vous \u00e9lever au-dessus des vagues.<\/li>\n<\/ul>\n<h3><strong>\u2728 Qu'est-ce qui distingue notre service de parachute ascensionnel \u00e0 Tenerife ?<\/strong><\/h3>\n<ul>\n<li><strong>L'excellence \u00e0 un prix abordable :<\/strong> Profitez de prix comp\u00e9titifs \u00e0 partir de 45 \u20ac par personne, avec des tarifs sp\u00e9ciaux pour les groupes et les spectateurs. Vivez une aventure de grande qualit\u00e9 sans vous ruiner !<\/li>\n<li><strong>Satisfaction des clients :<\/strong> Nous sommes fiers de notre excellente r\u00e9putation, \u00e9tay\u00e9e par les commentaires \u00e9logieux d'aventuriers comme vous. Notre engagement en faveur de la qualit\u00e9 et de l'\u00e9motion transpara\u00eet dans chacun de nos vols.<\/li>\n<li><strong>R\u00e9servation flexible :<\/strong> Changement de programme ? Pas de probl\u00e8me. Annulez jusqu'\u00e0 24 heures avant votre aventure et vous serez int\u00e9gralement rembours\u00e9, gr\u00e2ce \u00e0 notre politique d'annulation flexible.<\/li>\n<li><strong>Expertise professionnelle :<\/strong> La grande exp\u00e9rience de notre \u00e9quipe en mati\u00e8re de parachute ascensionnel garantit une exp\u00e9rience s\u00fbre et passionnante du d\u00e9but \u00e0 la fin.<\/li>\n<\/ul>\n<h3><strong>\ud83d\ude80 Faites l'exp\u00e9rience du parachute ascensionnel \u00e0 Tenerife<\/strong><\/h3>\n<ul>\n<li><strong>Vols panoramiques :<\/strong> Survolez les eaux magnifiques de Puerto Colon et de Playa de Las Am\u00e9ricas. Vous passerez environ 10 minutes dans les airs, \u00e0 profiter de l'environnement serein et des vues pittoresques.<\/li>\n<li><strong>Atterrissage en toute s\u00e9curit\u00e9 :<\/strong> Nos professionnels qualifi\u00e9s guideront votre d\u00e9barquement, en fr\u00f4lant \u00e9ventuellement l'eau pour un petit plongeon ludique, avant de revenir au bateau en toute s\u00e9curit\u00e9.<\/li>\n<\/ul>\n<h3><strong>\ud83c\udf1f Autres sports et aventures aquatiques<\/strong><\/h3>\n<ul>\n<li>Explorez au-del\u00e0 du parachute ascensionnel avec notre gamme de <a href=\"https:\/\/canaryvip.com\/fr\/tenerife\/water-sports\/\">activit\u00e9s nautiques \u00e0 Tenerife.<\/a>\u00a0De <a href=\"https:\/\/canaryvip.com\/fr\/shop\/jetski-tenerife\/\">jet ski<\/a> aux sports nautiques plus sereins, il y en a pour tous les go\u00fbts.<\/li>\n<li>Vous visitez la Grande Canarie ? Ne manquez pas nos aventures en parachute ascensionnel l\u00e0-bas aussi !<\/li>\n<\/ul>\n<h3>\ud83d\udcc5 <strong>R\u00e9servez d\u00e8s aujourd'hui votre tour de parachute ascensionnel \u00e0 Tenerife<\/strong><\/h3>\n<p>Plongez dans le ciel gr\u00e2ce \u00e0 nos aventures en parachute ascensionnel. Parfait pour les amateurs de sensations fortes et ceux qui souhaitent profiter d'une vue unique sur les c\u00f4tes de T\u00e9n\u00e9riffe. R\u00e9servez votre place d\u00e8s maintenant pour un voyage sp\u00e9cial au-dessus de la mer.<\/p>\n<h3>\u2705 <strong>Que comprend votre aventure en parachute ascensionnel ?<\/strong><\/h3>\n<ul>\n<li>Briefing complet sur la s\u00e9curit\u00e9 et tout le mat\u00e9riel n\u00e9cessaire.<\/li>\n<li>Environ 10 minutes de vol, pour un total d'environ 40 minutes, y compris le trajet en bateau.<\/li>\n<li>Guide professionnel et photographe pour immortaliser vos moments (photos disponibles \u00e0 l'achat).<\/li>\n<\/ul>\n<h3><strong>\u2696\ufe0f R\u00e9servation fiable et annulation facile<\/strong><\/h3>\n<ul>\n<li><strong>R\u00e9servations simples :<\/strong> R\u00e9servez en toute confiance en sachant que vous pouvez annuler jusqu'\u00e0 24 heures \u00e0 l'avance pour un remboursement complet, ce qui est parfait pour ceux dont les projets de voyage changent.<\/li>\n<li><strong>L'accessibilit\u00e9 pour tous :<\/strong> Nos excursions sont con\u00e7ues pour r\u00e9pondre aux besoins de chacun, avec des options de vol en solo, \u00e0 deux ou \u00e0 trois. Discutez de vos pr\u00e9f\u00e9rences avec notre guide pour personnaliser votre exp\u00e9rience.<\/li>\n<\/ul>\n<h3><strong>\ud83c\udf92 Conseils pour un vol fantastique<\/strong><\/h3>\n<ul>\n<li><strong>Ce qu'il faut porter :<\/strong> Nous vous recommandons de porter un maillot de bain, car vous risquez d'\u00eatre un peu mouill\u00e9. N'oubliez pas la cr\u00e8me solaire et une serviette !<\/li>\n<li><strong>Pr\u00eat \u00e0 photographier :<\/strong> Apportez votre appareil photo ou votre t\u00e9l\u00e9phone pour immortaliser les vues \u00e9poustouflantes, mais faites attention \u00e0 ne pas le faire tomber !<\/li>\n<li><strong>Sant\u00e9 et s\u00e9curit\u00e9 :<\/strong> Le parachute ascensionnel est une activit\u00e9 douce qui convient \u00e0 tous les \u00e2ges, mais il est d\u00e9conseill\u00e9 aux femmes enceintes.<\/li>\n<\/ul>\n<h3>\u2753 <strong>Questions fr\u00e9quemment pos\u00e9es<\/strong><\/h3>\n<ul>\n<li><strong>Peut-on faire du parachute ascensionnel ?<\/strong> Oui, le parachute ascensionnel \u00e0 T\u00e9n\u00e9rife est parfait pour les personnes \u00e2g\u00e9es de 3 ans et plus. Il n'est pas n\u00e9cessaire de savoir nager, car vous d\u00e9collez et atterrissez directement sur le bateau.<\/li>\n<li><strong>Quelles sont les mesures de s\u00e9curit\u00e9 ?<\/strong> La s\u00e9curit\u00e9 est notre priorit\u00e9. Vous serez \u00e9quip\u00e9 d'un gilet de sauvetage et nos guides experts garantissent le bon d\u00e9roulement des op\u00e9rations, du d\u00e9collage \u00e0 l'atterrissage.<\/li>\n<\/ul>\n<h4><strong>\ud83c\udf1e Pr\u00eat \u00e0 voler ?<\/strong><\/h4>\n<p>Les vacances \u00e0 T\u00e9n\u00e9rife atteignent de nouveaux sommets gr\u00e2ce \u00e0 nos exp\u00e9riences de parachute ascensionnel. R\u00e9servez votre vol d\u00e8s aujourd'hui et vivez l'\u00e9motion de flotter au-dessus des magnifiques eaux canariennes.<\/p>","protected":false},"excerpt":{"rendered":"<p>\ud83d\udd0d <strong>Parasailing Tenerife :<br \/>\n<\/strong>\u2705 Paiement s\u00e9curis\u00e9.<br \/>\n\ud83d\udc65 Jusqu'\u00e0 3 passagers par vol.<br \/>\n\ud83d\ude80 Dur\u00e9e du vol 10 min.<br \/>\n\ud83c\udfde\ufe0f S'envoler au-dessus de l'oc\u00e9an.<br \/>\n\ud83d\udd59 Vols tout au long de la journ\u00e9e.<br \/>\n\ud83d\udcc5 Vols disponibles tous les jours.<br \/>\n\ud83e\udd11 Meilleur prix garanti.<br \/>\n\ud83d\udc6a R\u00e9ductions pour les groupes.<br \/>\n\ud83d\udd01 24h Politique d'annulation.<br \/>\n\ud83c\udf0d Guides en anglais et en espagnol.<br \/>\n\ud83c\udf1f R\u00e9servez \u00e0 l'avance pour \u00e9conomiser.<br \/>\n\ud83d\udccd D\u00e9collage de <a href=\"https:\/\/maps.app.goo.gl\/bkqEhAxsobcjz9wG9\">Puerto Col\u00f3n.<\/a><\/p>","protected":false},"featured_media":11302,"comment_status":"open","ping_status":"closed","template":"","meta":{"_acf_changed":false},"product_brand":[],"product_cat":[53],"product_tag":[],"class_list":{"0":"post-11298","1":"product","2":"type-product","3":"status-publish","4":"has-post-thumbnail","6":"product_cat-water-sports","7":"wcpa_has_options","9":"first","10":"instock","11":"virtual","12":"purchasable","13":"product-type-simple"},"acf":[],"wcpa_form_fields":{"wcpaData":{"product":{"product_price":55,"price_html":"From&nbsp;<span class=\"woocommerce-Price-amount amount\"><bdi>55,00&nbsp;<span class=\"woocommerce-Price-currencySymbol\">&euro;<\/span><\/bdi><\/span>","original_product_price":55,"price_including_tax":55,"price_excluding_tax":55,"product_id":{"parent":11298,"variation":false},"is_variable":false,"stock_status":"instock","stock_quantity":null,"parent_sku":"CV11298","product_attributes":[],"custom_fields":[],"is_taxable":false,"product_name":"Parasailing Tenerife","hasImage":false},"fields":{"sec_4661f18b33f9ea":{"extra":{"key":"sec_4661f18b33f9ea","section_id":"sec_4661f18b33f9ea","name":"Default","status":1,"cl_rule":"show","enableCl":false,"relations":[],"toggle":true,"title_tag":"h3","show_title":false,"showPrice":"default","form_id":11316,"form_rules":{"exclude_from_discount":true,"fee_label":"Fee","disp_hide_options_price":true,"disp_show_section_price":false,"disp_show_field_price":true,"layout_option":"standard","pric_use_as_fee":false,"process_fee_as":"woo_fee"},"layout_option":"standard"},"fields":[[{"label":"\ud83d\udcc5 Date","active":true,"required":true,"elementId":"date_9661f18b33fa0a","picker_type":"custom","picker_mode":"single","placeholder":"","description":"","tooltip":"","name":"date_9661f18b33fa0a","label_position":"default","desc_position":"default","enablePrice":false,"className":"","enableCl":false,"relations":[{"operator":"and","rules":[{"operator":"AND","rules":{"cl_field":"radio-group_5661bc90f5e8f5","cl_relation":"is_not_empty","cl_val":"3 Hour Trip"}}]}],"date_pic_inline":true,"date_pic_inline_hide":true,"min_date":{"type":"days","val":"0"},"max_date":{"type":"days","val":"365"},"date_pic_conf":{"disabledWeeks":[],"disabledDates":[]},"price":"","cl_rule":"show","col":6,"type":"date","error":false,"enableDesign":false,"LabelColor":"","gt_translate_keys":["label","placeholder","description","tooltip"],"price_dependency":false,"cl_dependency":false,"value":""}],[{"active":true,"col":6,"relations":false,"cl_rule":"show","enableCl":false,"price":"","enablePrice":false,"className":"","label_position":"default","desc_position":"default","type":"select","required":true,"elementId":"select_2661f18b33fa25","label":"\u23f0 Departure Time","name":"select_2661f18b33fa25","values":[{"label":"Whichever Time is Best","value":"Whichever Time is Best","selected":false,"tempId":"aco_312","gt_translate_keys":["label"]},{"label":"10:00","value":"10:00","selected":false,"tempId":"aco_313","gt_translate_keys":["label"]},{"label":"11:00","value":"11:00","selected":false,"tempId":"aco_314","gt_translate_keys":["label"]},{"label":"12:00","value":"12:00","selected":false,"tempId":"aco_711","gt_translate_keys":["label"]},{"label":"13:00 (1:00 PM)","value":"13:00","selected":false,"tempId":"aco_721","gt_translate_keys":["label"]},{"label":"14:00 (2:00 PM)","value":"14:00","selected":false,"tempId":"aco_983","gt_translate_keys":["label"]},{"label":"15:00 (3:00 PM)","value":"15:00","selected":false,"tempId":"aco_993","gt_translate_keys":["label"]},{"label":"16:00 (4:00 PM)","value":"16:00","selected":false,"tempId":"aco_1183","gt_translate_keys":["label"]}],"dropdown_type":"basic","error":false,"multiple":false,"placeholder":"None","gt_translate_keys":["label","placeholder"],"price_dependency":false,"cl_dependency":false,"value":""}],[{"active":true,"col":6,"relations":false,"cl_rule":"show","enableCl":false,"price":"","enablePrice":false,"className":"","label_position":"default","desc_position":"default","type":"separator","required":false,"elementId":"separator_6164213577","label":"Separator Field","height":"3","separatorType":"fill","error":false,"separatorColor":"#66a5b6","gt_translate_keys":["label"],"price_dependency":false,"cl_dependency":false,"value":""}],[{"active":true,"col":6,"relations":false,"cl_rule":"show","enableCl":false,"price":"","enablePrice":false,"className":"","label_position":"default","desc_position":"default","type":"content","required":false,"elementId":"content_2993137763","label":"","name":"content_2993137763","contentType":"rich","value":"<p>\ud83c\udf9f\ufe0f <strong>Reservation<\/strong>: Pay only a deposit now to reserve; the rest is due on the day of the activity upon arrival.<\/p>","error":false,"gt_translate_keys":["label","value"],"price_dependency":false,"cl_dependency":false}],[{"active":true,"col":6,"relations":[{"operator":false,"rules":[{"operator":"AND","rules":{"cl_field":"","cl_relation":"","cl_val":""}}]}],"cl_rule":"show","enableCl":true,"price":"55","enablePrice":true,"className":"","label_position":"default","desc_position":"default","type":"radio-group","required":false,"elementId":"radio-group_6661f18b33fa1a","label":"","name":"radio-group_6661f18b33fa1a","values":[{"label":"\ud83d\udc64 Participant (55\u20ac)","value":"Participant","selected":true,"tempId":"aco_32","tooltip":"","description":"","gt_translate_keys":["label","tooltip","description"]}],"layOut":"","error":false,"checkUi":"button","priceOptions":"fixed_for_all","pricingType":"fixed","enable_quantity":true,"quantity_label":"","min_quantity":"0","options_tooltip":true,"options_description":true,"is_show_price":true,"gt_translate_keys":["label","quantity_label"],"price_dependency":["content-2927599540"],"cl_dependency":false,"value":""}],[{"label":"","active":true,"required":false,"elementId":"radio-group-9560399481","name":"radio-group-9560399481","label_position":"default","desc_position":"default","enablePrice":true,"className":"","enableCl":true,"relations":[{"operator":false,"rules":[{"operator":"AND","rules":{"cl_field":"","cl_relation":"","cl_val":""}}]}],"enable_quantity":true,"quantity_label":"","min_quantity":"0","checkUi":"button","layOut":"","options_tooltip":true,"options_description":true,"values":[{"label":"\ud83d\udc40 Spectator (45\u20ac)","value":"Spectator","selected":true,"tempId":"aco_32","tooltip":"","description":"","gt_translate_keys":["label","tooltip","description"]}],"priceOptions":"fixed_for_all","pricingType":"fixed","price":"45","is_show_price":true,"cl_rule":"show","col":6,"type":"radio-group","error":false,"gt_translate_keys":["label","quantity_label"],"price_dependency":false,"cl_dependency":false,"value":""}],[{"elementId":"separator-6195229594","separatorType":"fill","separatorColor":"#66a5b6","className":"","height":"3","enableCl":false,"relations":false,"cl_rule":"show","col":6,"type":"separator","error":false,"gt_translate_keys":[],"price_dependency":false,"cl_dependency":false,"value":""}],[{"active":true,"col":6,"relations":false,"cl_rule":"show","enableCl":false,"price":"({field.radio-group_6661f18b33fa1a.quantity}*15)+({field.radio-group-9560399481.quantity}*10)","enablePrice":true,"className":"","label_position":"default","desc_position":"default","type":"content","required":false,"elementId":"content_1028160381","label":"Deposit Payment","name":"content_1028160381","contentType":"plain","value":"","error":false,"subtype":"div","pricingType":"custom","isTemplate":false,"inline":true,"show_in_checkout":true,"gt_translate_keys":["label","value"],"price_dependency":false,"cl_dependency":false}],[{"contentType":"plain","active":true,"label":"Payment at Arrival","elementId":"content-2904205255","value":"","inline":true,"show_in_checkout":true,"name":"content-2904205255","enablePrice":true,"className":"","subtype":"div","enableCl":false,"relations":false,"pricingType":"custom","isTemplate":false,"price":"({field.radio-group_6661f18b33fa1a.quantity}*40)+({field.radio-group-9560399481.quantity}*35)","is_show_price":true,"cl_rule":"show","col":6,"type":"content","error":false,"gt_translate_keys":["label","value"],"price_dependency":false,"cl_dependency":false}],[{"contentType":"plain","active":true,"label":"Total Amount","elementId":"content-2927599540","value":"","inline":true,"show_in_checkout":true,"name":"content-2927599540","enablePrice":true,"className":"","subtype":"div","enableCl":false,"relations":false,"pricingType":"custom","isTemplate":false,"price":"{field.radio-group_6661f18b33fa1a.price}+{field.radio-group-9560399481.quantity}","is_show_price":true,"cl_rule":"show","col":6,"type":"content","error":false,"gt_translate_keys":["label","value"],"price_dependency":false,"cl_dependency":false}]]}},"config":{"price_override":"always","enable_recaptcha":false,"bind_quantity":false,"quantity_bind_formula":false,"disp_summ_show_option_price":true,"disp_summ_show_product_price":false,"disp_summ_show_total_price":false,"disp_summ_show_fee":true,"disp_summ_show_discount":true,"summary_title":"","options_total_label":"Options Price","total_label":"Total Amount","options_product_label":"Product Price","fee_label":"Fee","discount_label":"Discount","has_price":true,"has_quantity_formula":false},"mc_unit":1,"tax_rate":1,"tax_rate_real":1,"discount":{"percentage":0,"fixed":0},"design":{"conf":{"LabelPosition":"above","DescPosition":"above","UploadField":"custom_1","QuantityFieldStyle":"custom_1"},"css":{"LeftLabelWidth":"120px"}},"formulas":[],"lookuptables":[],"clones":false,"cartKey":false}},"_links":{"self":[{"href":"https:\/\/canaryvip.com\/fr\/wp-json\/wp\/v2\/product\/11298","targetHints":{"allow":["GET"]}}],"collection":[{"href":"https:\/\/canaryvip.com\/fr\/wp-json\/wp\/v2\/product"}],"about":[{"href":"https:\/\/canaryvip.com\/fr\/wp-json\/wp\/v2\/types\/product"}],"replies":[{"embeddable":true,"href":"https:\/\/canaryvip.com\/fr\/wp-json\/wp\/v2\/comments?post=11298"}],"wp:featuredmedia":[{"embeddable":true,"href":"https:\/\/canaryvip.com\/fr\/wp-json\/wp\/v2\/media\/11302"}],"wp:attachment":[{"href":"https:\/\/canaryvip.com\/fr\/wp-json\/wp\/v2\/media?parent=11298"}],"wp:term":[{"taxonomy":"product_brand","embeddable":true,"href":"https:\/\/canaryvip.com\/fr\/wp-json\/wp\/v2\/product_brand?post=11298"},{"taxonomy":"product_cat","embeddable":true,"href":"https:\/\/canaryvip.com\/fr\/wp-json\/wp\/v2\/product_cat?post=11298"},{"taxonomy":"product_tag","embeddable":true,"href":"https:\/\/canaryvip.com\/fr\/wp-json\/wp\/v2\/product_tag?post=11298"}],"curies":[{"name":"wp","href":"https:\/\/api.w.org\/{rel}","templated":true}]}}