{"id":11261,"date":"2024-04-14T23:07:38","date_gmt":"2024-04-14T22:07:38","guid":{"rendered":"https:\/\/canaryvip.com\/?post_type=product&#038;p=11261"},"modified":"2025-06-29T14:59:11","modified_gmt":"2025-06-29T13:59:11","slug":"gladiux-show-tenerife","status":"publish","type":"product","link":"https:\/\/canaryvip.com\/fr\/shop\/gladiux-show-tenerife\/","title":{"rendered":"Spectacle de Gladiux \u00e0 Tenerife"},"content":{"rendered":"<h2>\ud83d\udee1\ufe0f Vivez le frisson de la Rome antique : Gladiux Show Tenerife<\/h2>\n<p>Embarquez pour un voyage palpitant dans la Rome antique gr\u00e2ce \u00e0 notre spectacle de gladiateurs au majestueux <strong>Gladiux Xanadu \u00e0 Tenerife.<\/strong> Parfait pour les passionn\u00e9s d'histoire et ceux qui recherchent une soir\u00e9e de divertissement unique, ce spectacle combine l'excitation des combats de gladiateurs avec l'\u00e9l\u00e9gance de la musique et de la danse m\u00e9di\u00e9vales.<\/p>\n<h3>\ud83c\udfdf\ufe0f Une nuit de bravoure romaine : itin\u00e9raire et points forts<\/h3>\n<ul>\n<li><strong>Horaire :<\/strong> Rejoignez-nous les mercredis \u00e0 21h00 pour un spectacle riche en adr\u00e9naline ou les samedis \u00e0 19h30 pour notre c\u00e9l\u00e9bration la plus populaire, qui comprend un somptueux d\u00eener grill\u00e9.<\/li>\n<li><strong>Localisation :<\/strong> \u00c0 seulement 20 minutes de Costa Adeje, le Gladiux Xanadu offre un cadre pittoresque qui vous transporte directement \u00e0 l'\u00e9poque des gladiateurs et des chars romains.<\/li>\n<li><strong>Cuisine :<\/strong> Profitez d'un d\u00eener de grillades mixtes le samedi ou choisissez de d\u00eener \u00e0 la carte le mercredi. Accompagnez votre repas d'une s\u00e9lection de sangria, de vin et de boissons non alcoolis\u00e9es.<\/li>\n<\/ul>\n<h3>\ud83c\udf9f\ufe0f Personnalisez votre exp\u00e9rience de gladiateur<\/h3>\n<ul>\n<li><strong>Billets :<\/strong> Plongez dans l'atmosph\u00e8re palpitante du Gladiux Xanadu gr\u00e2ce \u00e0 nos options de billets flexibles, con\u00e7ues pour r\u00e9pondre \u00e0 une vari\u00e9t\u00e9 de pr\u00e9f\u00e9rences et de tailles de groupes.<\/li>\n<li><strong>R\u00e9servations de groupe :<\/strong> Parfait pour les \u00e9v\u00e9nements d'entreprise, les f\u00eates priv\u00e9es, les anniversaires, etc. Personnalisez votre \u00e9v\u00e9nement avec des costumes de gladiateurs th\u00e9matiques, des spectacles captivants et des formules de divertissement sur mesure. Visitez le site CanaryVIP <a href=\"https:\/\/canaryvip.com\/fr\/contact\/\">page de contact<\/a> pour obtenir des informations d\u00e9taill\u00e9es et planifier une exp\u00e9rience inoubliable adapt\u00e9e \u00e0 vos besoins sp\u00e9cifiques.<\/li>\n<\/ul>\n<h3>\ud83d\udde1\ufe0f Plongez dans l'ar\u00e8ne<\/h3>\n<ul>\n<li><strong>Les batailles :<\/strong> Assistez \u00e0 des combats de gladiateurs passionnants, ex\u00e9cut\u00e9s par des cavaliers comp\u00e9tents, con\u00e7us pour mettre en valeur la grandeur des combats romains sans compromettre la s\u00e9curit\u00e9.<\/li>\n<li><strong>Divertissement interactif :<\/strong> Ressentez le pouls de la Rome antique en soutenant votre gladiateur pr\u00e9f\u00e9r\u00e9 au milieu du fracas de l'acier et des applaudissements.<\/li>\n<\/ul>\n<h3>\ud83c\udf89 Accueil d'\u00e9v\u00e9nements chez Gladiux Xanadu<\/h3>\n<ul>\n<li><strong>\u00c9v\u00e9nements priv\u00e9s :<\/strong> Le Gladiux Xanadu n'est pas seulement un lieu de spectacle spectaculaire, il est \u00e9galement disponible pour des r\u00e9servations priv\u00e9es. Id\u00e9al pour des f\u00eates \u00e0 th\u00e8me avec des costumes de gladiateurs et des spectacles adapt\u00e9s \u00e0 vos besoins.<\/li>\n<\/ul>\n<h3>\ud83c\udf56 F\u00eater comme un Romain<\/h3>\n<p><strong>Options de menu :<\/strong> Laissez-vous tenter par notre m\u00e9lange sp\u00e9cial de grillades du samedi soir ou choisissez l'une de nos options v\u00e9g\u00e9tariennes et sans gluten tous les soirs. Savourez des plats romains traditionnels associ\u00e9s \u00e0 des sp\u00e9cialit\u00e9s locales.<\/p>\n<p><strong>DINER :<\/strong><\/p>\n<ul>\n<li><strong>Bienvenue :<\/strong> Verre de Cava<\/li>\n<li><strong>D\u00e9marrage :<\/strong> Pain et beurre<\/li>\n<li><strong>Sp\u00e9cialit\u00e9 :<\/strong>\n<ul>\n<li><strong>Premier plat :<\/strong> Soupe de l\u00e9gumes<\/li>\n<li><strong>Deuxi\u00e8me plat :<\/strong> Grillades de viande : Poulet, c\u00f4te de porc et chorizo grill\u00e9, salade de tomates et de fromage, frites, mojo canarien Xanad\u00fa<\/li>\n<\/ul>\n<\/li>\n<li><strong>Dessert :<\/strong> Cr\u00e8me p\u00e2tissi\u00e8re et cr\u00e8me typiquement canarienne<\/li>\n<li><strong>Boissons :<\/strong> Vin, sangria, rafra\u00eechissements, bi\u00e8re et eau<\/li>\n<\/ul>\n<p><strong>En option :<\/strong> Menu v\u00e9g\u00e9tarien \/ sans gluten<\/p>\n<h3>\u2696\ufe0f Politique de r\u00e9servation et d'annulation<\/h3>\n<ul>\n<li><strong>R\u00e9servation \u00e0 l'avance :<\/strong> R\u00e9servez vos places \u00e0 l'avance gr\u00e2ce \u00e0 <strong>CanaryVIP<\/strong> pour b\u00e9n\u00e9ficier de tarifs comp\u00e9titifs et garantir une visite bien planifi\u00e9e.<\/li>\n<li><strong>Annulations flexibles :<\/strong> Nous offrons des annulations gratuites jusqu'\u00e0 24 heures avant la session r\u00e9serv\u00e9e pour les r\u00e9servations individuelles, et des options d'annulation \u00e9tendues pour les groupes. Consultez notre politique d'annulation d\u00e9taill\u00e9e pour les groupes sur notre site web.<\/li>\n<\/ul>\n<h3>\ud83d\ude97 Planifiez votre visite<\/h3>\n<ul>\n<li><strong>Acc\u00e8s \u00e0 l'emplacement :<\/strong> Le Gladiux Xanadu est facilement accessible par un parking gratuit sur place ou par un service de navette optionnel disponible \u00e0 un prix nominal depuis le sud de T\u00e9n\u00e9riffe.<\/li>\n<li><strong>Nuits d'\u00e9v\u00e9nements :<\/strong> Les spectacles de Gladiux ont lieu tous les mercredis et samedis, les autres jours \u00e9tant consacr\u00e9s \u00e0 des repas d\u00e9contract\u00e9s ou \u00e0 des exp\u00e9riences d'\u00e9quitation sur place.<\/li>\n<\/ul>\n<h3>\ud83c\udf1f Entrez dans l'ar\u00e8ne de l'histoire<\/h3>\n<p>Ne manquez pas cette occasion unique de vivre une nuit de drame historique et de spectacle romain au Gladiux Show Tenerife.<\/p>\n<p>R\u00e9servez votre place d\u00e8s aujourd'hui et laissez la grandeur des gladiateurs antiques et des festivit\u00e9s m\u00e9di\u00e9vales enrichir votre aventure de voyage. R\u00e9servez d\u00e8s maintenant et assurez-vous une soir\u00e9e inoubliable d'histoire, de spectacle et de d\u00e9lices culinaires ! \ud83c\udff0\ud83c\udf57<\/p>","protected":false},"excerpt":{"rendered":"<p>\ud83d\udd0d <strong>Faits marquants du spectacle Gladiux :<\/strong><br \/>\n\u2705 Paiement s\u00e9curis\u00e9.<br \/>\n\ud83d\udd25 Des batailles de gladiateurs palpitantes.<br \/>\n\ud83d\udcc5 Les mercredis et samedis.<br \/>\n\u23f0 Spectacle : 19:30 - 21:00.<br \/>\n\ud83c\udf56 D\u00eener grill\u00e9 inclus.<br \/>\nSangria, vin et boissons non alcoolis\u00e9es.<br \/>\n\ud83c\udf0d Spectacles en anglais.<br \/>\nParking gratuit et navette facultative.<br \/>\n\ud83e\udd11 Meilleur prix garanti.<br \/>\n\ud83d\udc65 Des r\u00e9ductions pour les groupes sont possibles.<br \/>\n\ud83d\udd04 Annulation gratuite jusqu'\u00e0 24h.<br \/>\n\ud83c\udf1f R\u00e9servez t\u00f4t, \u00e9v\u00e9nement populaire !<br \/>\n\ud83c\udfdb\ufe0f Lieu \u00e0 <a href=\"https:\/\/maps.app.goo.gl\/R9fiHWAcP4tLy9Mu9\">Xanadu<\/a>Tenerife.<\/p>","protected":false},"featured_media":11279,"comment_status":"open","ping_status":"closed","template":"","meta":{"_acf_changed":false},"product_brand":[],"product_cat":[59],"product_tag":[],"class_list":{"0":"post-11261","1":"product","2":"type-product","3":"status-publish","4":"has-post-thumbnail","6":"product_cat-evening-shows","7":"wcpa_has_options","9":"first","10":"instock","11":"virtual","12":"purchasable","13":"product-type-simple"},"acf":[],"wcpa_form_fields":{"wcpaData":{"product":{"product_price":35,"price_html":"From&nbsp;<span class=\"woocommerce-Price-amount amount\"><bdi>35,00&nbsp;<span class=\"woocommerce-Price-currencySymbol\">&euro;<\/span><\/bdi><\/span>","original_product_price":35,"price_including_tax":35,"price_excluding_tax":35,"product_id":{"parent":11261,"variation":false},"is_variable":false,"stock_status":"instock","stock_quantity":null,"parent_sku":"CV11261","product_attributes":[],"custom_fields":[],"is_taxable":false,"product_name":"Gladiux Show Tenerife","hasImage":false},"fields":{"sec_h102qb2r1b7":{"extra":{"key":"sec_h102qb2r1b7","section_id":"sec_h102qb2r1b7","name":"Calendar","status":1,"cl_rule":"show","enableCl":false,"relations":[],"toggle":true,"title_tag":"h4","show_title":false,"showPrice":"default","form_id":11474,"form_rules":{"exclude_from_discount":true,"fee_label":"Fee","disp_hide_options_price":true,"disp_show_section_price":false,"disp_show_field_price":true,"layout_option":"standard","pric_use_as_fee":false,"process_fee_as":"woo_fee"},"layout_option":"standard"},"fields":[[{"active":true,"col":6,"relations":false,"cl_rule":"show","enableCl":false,"price":"","enablePrice":false,"className":"","label_position":"default","desc_position":"default","type":"content","required":false,"elementId":"content_8084577962","label":"","name":"content_8084577962","contentType":"rich","value":"<p><strong>Show not available at this moment.<\/strong><\/p>","error":false,"enableDesign":true,"DescColor":"#ff0700","gt_translate_keys":["label","value"],"price_dependency":false,"cl_dependency":false}],[{"label":"\ud83d\udcc5 Date","active":true,"required":true,"elementId":"date_96641647ba4193","picker_type":"custom","picker_mode":"single","placeholder":"","description":"","tooltip":"","name":"date_96641647ba4193","label_position":"default","desc_position":"default","enablePrice":false,"className":"","enableCl":false,"relations":[{"operator":"and","rules":[{"operator":"AND","rules":{"cl_field":"radio-group_96641647ba41a2","cl_relation":"is_not_empty","cl_val":"3 Hour Trip"}}]}],"date_pic_inline":true,"date_pic_inline_hide":true,"min_date":{"type":"days","val":"3"},"max_date":{"type":"days","val":"365"},"date_pic_conf":{"disabledWeeks":[0,1,2,3,4,5,6]},"price":"","cl_rule":"show","col":6,"type":"date","error":false,"enableDesign":false,"LabelColor":"","gt_translate_keys":["label","placeholder","description","tooltip"],"price_dependency":false,"cl_dependency":[false,false],"value":""}]]},"sec_106641647ba41a3":{"extra":{"key":"sec_106641647ba41a3","section_id":"sec_106641647ba41a3","name":"Regular","status":1,"cl_rule":"show","enableCl":true,"relations":[{"operator":false,"rules":[{"operator":"AND","rules":{"cl_field":"date_96641647ba4193","cl_relation":"is_not_empty","cl_val":""}}]}],"toggle":true,"title_tag":"h4","show_title":false,"showPrice":"default","form_id":11474,"form_rules":{"exclude_from_discount":true,"fee_label":"Fee","disp_hide_options_price":true,"disp_show_section_price":false,"disp_show_field_price":true,"layout_option":"standard","pric_use_as_fee":false,"process_fee_as":"woo_fee"},"layout_option":"standard"},"fields":[[{"active":true,"col":6,"relations":false,"cl_rule":"show","enableCl":false,"price":"","enablePrice":false,"className":"","label_position":"default","desc_position":"default","type":"separator","required":false,"elementId":"separator_76641647ba41af","label":"Separator Field","height":"1","separatorType":"blank","error":false,"gt_translate_keys":["label"],"price_dependency":false,"cl_dependency":false,"value":""}],[{"active":true,"col":6,"relations":false,"cl_rule":"show","enableCl":false,"price":"","enablePrice":false,"className":"","label_position":"default","desc_position":"default","type":"content","required":false,"elementId":"content_76641647ba41c3","label":"People","name":"content_76641647ba41c3","contentType":"plain","value":"","error":false,"show_in_checkout":true,"inline":false,"gt_translate_keys":["label","value"],"price_dependency":false,"cl_dependency":false}],[{"active":true,"col":6,"relations":[{"operator":false,"rules":[{"operator":"AND","rules":{"cl_field":"","cl_relation":"","cl_val":""}}]}],"cl_rule":"show","enableCl":true,"price":"45","enablePrice":true,"className":"","label_position":"default","desc_position":"default","type":"radio-group","required":false,"elementId":"radio-group_66641647ba41cd","label":"","name":"radio-group_66641647ba41cd","values":[{"label":"\ud83d\udc64 Adult (45\u20ac)","value":"Adult (45\u20ac)","selected":true,"tempId":"aco_32","tooltip":"+13 Years","description":"","gt_translate_keys":["label","tooltip","description"]}],"layOut":"","error":false,"checkUi":"button","priceOptions":"fixed_for_all","pricingType":"fixed","enable_quantity":true,"quantity_label":"","min_quantity":"0","options_tooltip":true,"options_description":true,"is_show_price":true,"gt_translate_keys":["label","quantity_label"],"price_dependency":["content_3820311617","content-5561342072","content-5624102109"],"cl_dependency":false,"value":""}],[{"label":"","active":true,"required":false,"elementId":"radio-group_46641647ba41d8","name":"radio-group_46641647ba41d8","label_position":"default","desc_position":"default","enablePrice":true,"className":"","enableCl":true,"relations":[{"operator":false,"rules":[{"operator":"AND","rules":{"cl_field":"","cl_relation":"","cl_val":""}}]}],"enable_quantity":true,"quantity_label":"","min_quantity":"0","checkUi":"button","layOut":"","options_tooltip":true,"options_description":true,"values":[{"label":"\ud83d\udc66 Child (22,50\u20ac)","value":"Child (22,50\u20ac)","selected":true,"tempId":"aco_32","tooltip":"4-12 Years","description":"","gt_translate_keys":["label","tooltip","description"]}],"priceOptions":"fixed_for_all","pricingType":"fixed","price":"22.50","cl_rule":"show","col":6,"type":"radio-group","error":false,"is_show_price":true,"gt_translate_keys":["label","quantity_label"],"price_dependency":["content_3820311617","content-5561342072","content-5624102109"],"cl_dependency":false,"value":""}],[{"label":"","active":true,"required":false,"elementId":"radio-group-1941437839","name":"radio-group-1941437839","label_position":"default","desc_position":"default","enablePrice":true,"className":"","enableCl":true,"relations":[{"operator":false,"rules":[{"operator":"AND","rules":{"cl_field":"","cl_relation":"","cl_val":""}}]}],"enable_quantity":true,"quantity_label":"","min_quantity":"0","checkUi":"button","layOut":"","options_tooltip":true,"options_description":true,"values":[{"label":"\ud83d\udc76 Toddle (Free)","value":"Toddle (Free)","selected":true,"tempId":"aco_32","tooltip":"0-3 Years","description":"","gt_translate_keys":["label","tooltip","description"]}],"priceOptions":"fixed_for_all","pricingType":"fixed","price":"0","cl_rule":"show","col":6,"type":"radio-group","error":false,"is_show_price":true,"gt_translate_keys":["label","quantity_label"],"price_dependency":false,"cl_dependency":false,"value":""}],[{"elementId":"separator_96641647ba41b9","separatorType":"fill","className":"","height":"6","enableCl":false,"relations":false,"cl_rule":"show","col":6,"type":"separator","error":false,"separatorColor":"#66a6b6","gt_translate_keys":[],"price_dependency":false,"cl_dependency":false,"value":""}],[{"active":true,"col":6,"relations":false,"cl_rule":"show","enableCl":false,"price":"({field.radio-group_66641647ba41cd.price}*0.3)+({field.radio-group_46641647ba41d8.price}*0.3)","enablePrice":true,"className":"","label_position":"default","desc_position":"default","type":"content","required":false,"elementId":"content_3820311617","label":"Deposit Now","name":"content_3820311617","contentType":"plain","value":"","error":false,"inline":true,"show_in_checkout":true,"subtype":"div","enableDesign":true,"LabelSize":"14px","pricingType":"custom","isTemplate":false,"gt_translate_keys":["label","value"],"price_dependency":false,"cl_dependency":false}],[{"contentType":"plain","active":true,"label":"Payment at Arrival","elementId":"content-5561342072","value":"","inline":true,"show_in_checkout":true,"name":"content-5561342072","enablePrice":true,"className":"","subtype":"div","enableCl":false,"relations":false,"enableDesign":true,"LabelSize":"14px","pricingType":"custom","isTemplate":false,"price":"({field.radio-group_66641647ba41cd.price}*0.7)+({field.radio-group_46641647ba41d8.price}*0.7)","cl_rule":"show","col":6,"type":"content","error":false,"is_show_price":true,"gt_translate_keys":["label","value"],"price_dependency":false,"cl_dependency":false}],[{"contentType":"plain","active":true,"label":"Total Amount","elementId":"content-5624102109","value":"","inline":true,"show_in_checkout":true,"name":"content-5624102109","enablePrice":true,"className":"","subtype":"div","enableCl":false,"relations":false,"enableDesign":true,"LabelSize":"14px","pricingType":"custom","isTemplate":false,"price":"({field.radio-group_66641647ba41cd.price})+({field.radio-group_46641647ba41d8.price})","is_show_price":true,"cl_rule":"show","col":6,"type":"content","error":false,"gt_translate_keys":["label","value"],"price_dependency":false,"cl_dependency":false}]]},"sec_26641647ba4202":{"extra":{"key":"sec_26641647ba4202","section_id":"sec_26641647ba4202","name":"Shuttle Service?","status":1,"cl_rule":"show","enableCl":true,"relations":[{"operator":false,"rules":[{"operator":"AND","rules":{"cl_field":"date_96641647ba4193","cl_relation":"is_not_empty","cl_val":""}}]}],"toggle":true,"title_tag":"h4","show_title":false,"showPrice":"default","form_id":11474,"form_rules":{"exclude_from_discount":true,"fee_label":"Fee","disp_hide_options_price":true,"disp_show_section_price":false,"disp_show_field_price":true,"layout_option":"standard","pric_use_as_fee":false,"process_fee_as":"woo_fee"},"layout_option":"standard"},"fields":[[{"active":true,"col":6,"relations":false,"cl_rule":"show","enableCl":false,"price":"","enablePrice":false,"className":"","label_position":"default","desc_position":"below","type":"checkbox","required":false,"elementId":"checkbox_16641647ba420b","label":"Bus Transfer? (15\u20ac)","name":"checkbox_16641647ba420b","value":"","check_value":"Yes","checkUi":"toggle","error":false,"description":"Pick-up from your hotel in south Tenerife. PAID AT ARRIVAL.","gt_translate_keys":["label","description","value","check_value"],"price_dependency":false,"cl_dependency":["content_106641647ba4214","radio-group_06641647ba421f","radio-group-1726047280","text_16641647ba4231"]}],[{"active":true,"col":6,"relations":false,"cl_rule":"show","enableCl":false,"price":"","enablePrice":false,"className":"","label_position":"default","desc_position":"default","type":"separator","required":false,"elementId":"separator_9863862717","label":"Separator Field","height":"5","separatorType":"blank","error":false,"gt_translate_keys":["label"],"price_dependency":false,"cl_dependency":false,"value":""}],[{"contentType":"plain","active":true,"label":"People for Bus Transfer (Paid at Arrival)","elementId":"content_106641647ba4214","value":"","inline":false,"show_in_checkout":true,"name":"content_106641647ba4214","enablePrice":false,"className":"","enableCl":true,"relations":[{"operator":false,"rules":[{"operator":"AND","rules":{"cl_field":"checkbox_16641647ba420b","cl_relation":"is","cl_val":true}}]}],"price":"","cl_rule":"show","col":6,"type":"content","error":false,"gt_translate_keys":["label","value"],"price_dependency":false,"cl_dependency":false}],[{"label":"","active":true,"required":false,"elementId":"radio-group_06641647ba421f","name":"radio-group_06641647ba421f","label_position":"default","desc_position":"default","enablePrice":true,"className":"","enableCl":true,"relations":[{"operator":false,"rules":[{"operator":"AND","rules":{"cl_field":"checkbox_16641647ba420b","cl_relation":"is","cl_val":true}}]}],"enable_quantity":true,"quantity_label":"","min_quantity":"0","checkUi":"button","layOut":"","options_tooltip":true,"values":[{"label":"\ud83d\udc64 Transport (15\u20ac)","value":"Transport (15\u20ac)","selected":true,"tempId":"aco_32","tooltip":"+4 Years","gt_translate_keys":["label","tooltip"]}],"priceOptions":"fixed_for_all","pricingType":"fixed","price":"15","cl_rule":"show","col":6,"type":"radio-group","error":false,"is_show_price":true,"gt_translate_keys":["label","quantity_label"],"price_dependency":false,"cl_dependency":false,"value":""}],[{"label":"","active":true,"required":false,"elementId":"radio-group-1726047280","name":"radio-group-1726047280","label_position":"default","desc_position":"default","enablePrice":true,"className":"","enableCl":true,"relations":[{"operator":false,"rules":[{"operator":"AND","rules":{"cl_field":"checkbox_16641647ba420b","cl_relation":"is","cl_val":true}}]}],"enable_quantity":true,"quantity_label":"","min_quantity":"0","checkUi":"button","layOut":"","options_tooltip":true,"values":[{"label":"\ud83d\udc76 Toddler Transport (Free)","value":"Toddler Transport (Free)","selected":true,"tempId":"aco_32","tooltip":"0-3 Years","gt_translate_keys":["label","tooltip"]}],"priceOptions":"fixed_for_all","pricingType":"fixed","price":"0","cl_rule":"show","col":6,"type":"radio-group","error":false,"gt_translate_keys":["label","quantity_label"],"price_dependency":false,"cl_dependency":false,"value":""}],[{"active":true,"col":6,"relations":[{"operator":false,"rules":[{"operator":"AND","rules":{"cl_field":"checkbox_16641647ba420b","cl_relation":"is","cl_val":true}}]}],"cl_rule":"show","enableCl":true,"price":"","enablePrice":false,"className":"","label_position":"default","desc_position":"default","type":"text","subtype":"text","required":false,"elementId":"text_16641647ba4231","label":"\ud83d\ude8c Pickup Location","name":"text_16641647ba4231","value":"","error":false,"description":"Pick-up service in Tenerife South. Simply provide your address or hotel name.","gt_translate_keys":["label","description","value"],"price_dependency":false,"cl_dependency":false}]]}},"config":{"price_override":"always","enable_recaptcha":false,"bind_quantity":false,"quantity_bind_formula":false,"disp_summ_show_option_price":false,"disp_summ_show_product_price":false,"disp_summ_show_total_price":false,"disp_summ_show_fee":false,"disp_summ_show_discount":false,"summary_title":"","options_total_label":"Options Price","total_label":"Total Amount","options_product_label":"Product Price","fee_label":"Fee","discount_label":"Discount","has_price":true,"has_quantity_formula":false},"mc_unit":1,"tax_rate":1,"tax_rate_real":1,"discount":{"percentage":0,"fixed":0},"design":{"conf":{"LabelPosition":"above","DescPosition":"above","UploadField":"custom_1","QuantityFieldStyle":"custom_1"},"css":{"LeftLabelWidth":"120px"}},"formulas":[],"lookuptables":[],"clones":false,"cartKey":false}},"_links":{"self":[{"href":"https:\/\/canaryvip.com\/fr\/wp-json\/wp\/v2\/product\/11261","targetHints":{"allow":["GET"]}}],"collection":[{"href":"https:\/\/canaryvip.com\/fr\/wp-json\/wp\/v2\/product"}],"about":[{"href":"https:\/\/canaryvip.com\/fr\/wp-json\/wp\/v2\/types\/product"}],"replies":[{"embeddable":true,"href":"https:\/\/canaryvip.com\/fr\/wp-json\/wp\/v2\/comments?post=11261"}],"wp:featuredmedia":[{"embeddable":true,"href":"https:\/\/canaryvip.com\/fr\/wp-json\/wp\/v2\/media\/11279"}],"wp:attachment":[{"href":"https:\/\/canaryvip.com\/fr\/wp-json\/wp\/v2\/media?parent=11261"}],"wp:term":[{"taxonomy":"product_brand","embeddable":true,"href":"https:\/\/canaryvip.com\/fr\/wp-json\/wp\/v2\/product_brand?post=11261"},{"taxonomy":"product_cat","embeddable":true,"href":"https:\/\/canaryvip.com\/fr\/wp-json\/wp\/v2\/product_cat?post=11261"},{"taxonomy":"product_tag","embeddable":true,"href":"https:\/\/canaryvip.com\/fr\/wp-json\/wp\/v2\/product_tag?post=11261"}],"curies":[{"name":"wp","href":"https:\/\/api.w.org\/{rel}","templated":true}]}}