{"id":11181,"date":"2024-04-11T19:47:34","date_gmt":"2024-04-11T18:47:34","guid":{"rendered":"https:\/\/canaryvip.com\/?post_type=product&#038;p=11181"},"modified":"2026-03-06T15:02:30","modified_gmt":"2026-03-06T15:02:30","slug":"la-gomera-jeep-safari-from-tenerife","status":"publish","type":"product","link":"https:\/\/canaryvip.com\/fr\/shop\/la-gomera-jeep-safari-from-tenerife\/","title":{"rendered":"Safari en jeep \u00e0 La Gomera depuis Tenerife"},"content":{"rendered":"<h2>Embarquez sur le <strong>La Gomera Jeep Safari Tour depuis Tenerife<\/strong><\/h2>\n<p>Rejoignez-nous pour une <strong>Safari en jeep \u00e0 La Gomera,<\/strong> un joyau unique parmi les \u00eeles Canaries. Faites l'exp\u00e9rience d'un groupe intime avec nos excursions en petits groupes, id\u00e9ales pour les familles ou les amis, pouvant accueillir jusqu'\u00e0 8 passagers par Jeep.<\/p>\n<p>Plongez dans un monde d'enchantement en traversant l'Atlantique de Tenerife aux c\u00f4tes de San Sebasti\u00e1n de La Gomera. Nos ferries confortables vous transporteront sans encombre, vous pr\u00e9parant \u00e0 une aventure qui allie beaut\u00e9 naturelle et patrimoine culturel.<\/p>\n<p><strong>\u26a0\ufe0f <span style=\"text-decoration: underline;\">AVIS IMPORTANT :<\/span><\/strong> N'oubliez pas de vous munir d'un passeport en cours de validit\u00e9 le jour de l'excursion. Sans passeport valide, vous ne serez pas autoris\u00e9 \u00e0 embarquer sur le ferry pour La Gomera, et aucun remboursement ne sera possible. Assurez-vous d'avoir votre passeport \u00e0 port\u00e9e de main pour profiter d'un voyage m\u00e9morable rempli de la beaut\u00e9 naturelle de La Gomera.<\/p>\n<h3><strong>Points forts de l'excursion \u00e0 La Gomera :<\/strong><\/h3>\n<ul>\n<li>\ud83c\udf3f <strong>Parc national de Garajonay :<\/strong> Explorez les anciennes for\u00eats de lauriers et la verdure luxuriante de ce site class\u00e9 au patrimoine mondial de l'UNESCO. C'est un havre de paix pour les amoureux de la nature et un spectacle de biodiversit\u00e9.<\/li>\n<li>\ud83c\udfde\ufe0f <strong>Hermigua :<\/strong> Connue pour ses palmeraies verdoyantes et la production du jus de guarapo des \u00eeles Canaries. D\u00e9couvrez pourquoi Hermigua est r\u00e9put\u00e9e pour sa qualit\u00e9 de vie et la beaut\u00e9 de ses paysages.<\/li>\n<li>\ud83c\udf74 <strong>Cuisine locale authentique :<\/strong> Savourez les plats traditionnels des \u00eeles Canaries dans un restaurant local, o\u00f9 vous pourrez d\u00e9guster les saveurs qui rendent la cuisine de La Gomera inoubliable.<\/li>\n<li>\ud83c\udf0a <strong>San Sebasti\u00e1n de La Gomera :<\/strong> Promenez-vous dans les rues color\u00e9es de la capitale de l'\u00eele, admirez sa beaut\u00e9 architecturale et profitez d'un peu de temps libre pour explorer \u00e0 votre guise.<\/li>\n<li>\ud83c\udf04 <strong>Agulo :<\/strong> Traversez en jeep ce charmant village, connu pour ses ruelles pav\u00e9es et ses vues imprenables sur l'Atlantique.<\/li>\n<li>\ud83c\udfd6\ufe0f <strong>Laguna Grande :<\/strong> Un lieu remarquable et serein, propice \u00e0 la contemplation au sein de Garajonay. Son environnement unique en fait une \u00e9tape cl\u00e9 de notre circuit.<\/li>\n<\/ul>\n<h3><strong>Ce que comprend notre safari en jeep \u00e0 La Gomera :<\/strong><\/h3>\n<ul>\n<li>\ud83d\ude90 <strong>Transport aller-retour :<\/strong> Nous proposons des services pratiques de prise en charge et de restitution depuis votre h\u00e9bergement ou un lieu proche, que ce soit \u00e0 Puerto de la Cruz ou \u00e0 Playa de las Am\u00e9ricas.<\/li>\n<li>\u26f4\ufe0f <strong>Transferts en ferry :<\/strong> Les travers\u00e9es en ferry \u00e0 destination et en provenance de La Gomera se d\u00e9roulent sans encombre et garantissent un voyage confortable \u00e0 travers l'Atlantique.<\/li>\n<li>\ud83c\udf7d\ufe0f <strong>D\u00e9jeuner et d\u00e9gustations locales :<\/strong> Un d\u00e9licieux repas est inclus, vous donnant un aper\u00e7u des d\u00e9lices culinaires locaux.<\/li>\n<li>\ud83d\udde3\ufe0f <strong>Prise en charge multilingue :<\/strong> Nos visites sont disponibles en plusieurs langues, dont l'espagnol, l'anglais, l'allemand, le fran\u00e7ais, l'italien, le n\u00e9erlandais et le polonais, afin de r\u00e9pondre \u00e0 la diversit\u00e9 de nos clients.<\/li>\n<\/ul>\n<h3><b>Politique de r\u00e9servation et flexibilit\u00e9<\/b><\/h3>\n<p><span style=\"font-weight: 400;\">\ud83d\udd01 <\/span><b>Annulation gratuite jusqu'\u00e0 48 heures :<\/b><span style=\"font-weight: 400;\"> Les plans peuvent changer. Vous pouvez annuler ou modifier votre r\u00e9servation jusqu'\u00e0 <\/span><b>48 heures avant l'activit\u00e9<\/b><span style=\"font-weight: 400;\"> et recevoir un remboursement complet.<\/span><\/p>\n<p><span style=\"font-weight: 400;\">\ud83d\udeab <\/span><b>Politique de non-pr\u00e9sentation :<\/b><span style=\"font-weight: 400;\"> Si vous n'assistez pas \u00e0 l'activit\u00e9 ou si vous arrivez trop tard pour y participer, la r\u00e9servation sera consid\u00e9r\u00e9e comme un <\/span><b>no-show et non remboursable<\/b><span style=\"font-weight: 400;\">.<\/span><\/p>\n<p><span style=\"font-weight: 400;\">\ud83c\udf0a <\/span><b>Conditions m\u00e9t\u00e9orologiques :<\/b><span style=\"font-weight: 400;\"> Si l'excursion ne peut avoir lieu en raison de conditions m\u00e9t\u00e9orologiques dangereuses, vous aurez la possibilit\u00e9 de <\/span><b>reporter le rendez-vous \u00e0 un autre jour ou recevoir un remboursement complet<\/b><span style=\"font-weight: 400;\">.<\/span><\/p>\n<h4><strong>R\u00e9servez d\u00e8s aujourd'hui votre safari en jeep \u00e0 La Gomera !<\/strong><\/h4>\n<p>Ne manquez pas cette occasion exclusive d'explorer les paysages \u00e9poustouflants et la richesse culturelle de l'Europe. <a href=\"https:\/\/www.google.com\/maps\/place\/La+Gomera\/@28.1188754,-17.3060924,12z\/data=!3m1!4b1!4m6!3m5!1s0xc6ae33697cbc54d:0x59c58fe23f47d04e!8m2!3d28.1033035!4d-17.2193578!16zL20vMDFnNG1q?entry=ttu\" target=\"_blank\" rel=\"noopener\">La Gomera<\/a> avec <a href=\"https:\/\/canaryvip.com\/fr\/\">CanaryVIP.<\/a><\/p>\n<p>Des for\u00eats magiques de Garajonay aux rues pittoresques d'Agulo et au-del\u00e0, embarquez pour un voyage rempli de d\u00e9couvertes et d'aventures. R\u00e9servez votre place d\u00e8s maintenant et d\u00e9couvrez le meilleur de La Gomera !<\/p>","protected":false},"excerpt":{"rendered":"<p>\ud83d\udd0d <strong>Points forts de la visite :<\/strong><br \/>\n\u2705 Paiement s\u00e9curis\u00e9.<br \/>\n\ud83c\uddee\ud83c\udde8 Explorer l'\u00eele de La Gomera.<br \/>\n\ud83c\udf33 Visiter le parc de Garajonay.<br \/>\n\ud83d\udde3\ufe0f Performance de sifflement en direct.<br \/>\n\ud83c\udf7d\ufe0f D\u00e9jeuner canarien inclus.<br \/>\n\ud83d\udcc5 Du lundi au samedi.<br \/>\n\u23f0 Dur\u00e9e Environ 9h.<br \/>\n\ud83d\ude8c Prise en charge et retour \u00e0 l'h\u00f4tel.<br \/>\n\ud83d\udd04 Annulation gratuite sous 48h.<br \/>\n\ud83c\udf0d Guide dans votre langue.<br \/>\n\ud83e\udd11 Meilleur prix garanti.<br \/>\n\ud83c\udf1f R\u00e9servez maintenant et \u00e9conomisez !<\/p>","protected":false},"featured_media":11183,"comment_status":"open","ping_status":"closed","template":"","meta":{"_acf_changed":false},"product_brand":[],"product_cat":[67],"product_tag":[],"class_list":{"0":"post-11181","1":"product","2":"type-product","3":"status-publish","4":"has-post-thumbnail","6":"product_cat-jeep-tours","7":"wcpa_has_options","9":"first","10":"instock","11":"virtual","12":"purchasable","13":"product-type-simple"},"acf":[],"wcpa_form_fields":{"wcpaData":{"product":{"product_price":145,"price_html":"From&nbsp;<span class=\"woocommerce-Price-amount amount\"><bdi>145,00&nbsp;<span class=\"woocommerce-Price-currencySymbol\">&euro;<\/span><\/bdi><\/span>","original_product_price":145,"price_including_tax":145,"price_excluding_tax":145,"product_id":{"parent":11181,"variation":false},"is_variable":false,"stock_status":"instock","stock_quantity":null,"parent_sku":"CV11181","product_attributes":[],"custom_fields":[],"is_taxable":false,"product_name":"La Gomera Jeep Safari from Tenerife","hasImage":false},"fields":{"sec_36619078bba64e":{"extra":{"key":"sec_36619078bba64e","section_id":"sec_36619078bba64e","name":"Tickets","status":1,"cl_rule":"show","enableCl":false,"relations":[{"operator":false,"rules":[{"operator":"AND","rules":{"cl_field":"radio-group_665df45fcbc30b","cl_relation":"is","cl_val":"Siam Park Regular Tickets"}}]}],"toggle":true,"title_tag":"h4","show_title":false,"showPrice":"default","form_id":11188,"form_rules":{"exclude_from_discount":true,"fee_label":"Fee","disp_hide_options_price":true,"disp_show_section_price":false,"disp_show_field_price":true,"layout_option":"standard","pric_use_as_fee":false,"process_fee_as":"woo_fee"},"layout_option":"standard"},"fields":[[{"active":true,"col":6,"relations":false,"cl_rule":"show","enableCl":false,"price":"","enablePrice":false,"className":"","label_position":"default","desc_position":"default","type":"select","required":true,"elementId":"select_06619078bba6b6","label":"\ud83c\udf0e Language","name":"select_06619078bba6b6","values":[{"label":"English","value":"English","selected":false,"tempId":"aco_1213","gt_translate_keys":["label"]},{"label":"Dutch","value":"Dutch","selected":false,"tempId":"aco_693","gt_translate_keys":["label"]},{"label":"German","value":"German","selected":false,"tempId":"aco_1567","gt_translate_keys":["label"]},{"label":"French","value":"French","selected":false,"tempId":"aco_1215","gt_translate_keys":["label"]},{"label":"Polish","value":"Polish","selected":false,"tempId":"aco_1212","gt_translate_keys":["label"]},{"label":"Italian","value":"Italian","selected":false,"tempId":"aco_611","gt_translate_keys":["label"]},{"label":"Spanish","value":"Spanish","selected":false,"tempId":"aco_1214","gt_translate_keys":["label"]}],"dropdown_type":"basic","error":false,"placeholder":"None","gt_translate_keys":["label","placeholder"],"price_dependency":false,"cl_dependency":["date_86619078bba66f","date_86619078bba66f","date_86619078bba66f","date-8573541398","date-8573541398","date-0948401647","date-1264231762"],"value":""}],[{"label":"\ud83d\udcc5 Date","active":true,"required":true,"elementId":"date_86619078bba66f","picker_type":"custom","picker_mode":"single","placeholder":"","description":"","tooltip":"","name":"date_86619078bba66f","label_position":"default","desc_position":"default","enablePrice":false,"className":"","enableCl":true,"relations":[{"operator":"and","rules":[{"operator":"or","rules":{"cl_field":"select_06619078bba6b6","cl_relation":"is","cl_val":"Dutch"}},{"operator":"or","rules":{"cl_field":"select_06619078bba6b6","cl_relation":"is","cl_val":"German"}},{"operator":"AND","rules":{"cl_field":"select_06619078bba6b6","cl_relation":"is","cl_val":"French"}}]}],"date_pic_inline":true,"date_pic_inline_hide":true,"min_date":{"type":"days","val":"3"},"max_date":{"type":"days","val":"365"},"date_pic_conf":{"disabledWeeks":[0,6]},"price":"","cl_rule":"show","col":6,"type":"date","error":false,"enableDesign":false,"LabelColor":"","isWeightTemplate":false,"isTemplate":false,"min_quantity":"1","quantity_decimal":false,"quantity_step":"1","quantity_label":"Quantity","repeater_field_label":"{field_label}","repeater_bind":"","gt_translate_keys":["label","placeholder","description","tooltip","repeater_field_label","quantity_label"],"price_dependency":false,"cl_dependency":false,"value":""}],[{"label":"\ud83d\udcc5 Date","active":true,"required":true,"elementId":"date-8573541398","picker_type":"custom","picker_mode":"single","placeholder":"","description":"","tooltip":"","name":"date-8573541398","label_position":"default","desc_position":"default","enablePrice":false,"className":"","enableCl":true,"relations":[{"operator":"and","rules":[{"operator":"or","rules":{"cl_field":"select_06619078bba6b6","cl_relation":"is","cl_val":"English"}},{"operator":false,"rules":{"cl_field":"select_06619078bba6b6","cl_relation":"is","cl_val":"Spanish"}}]}],"enableDesign":false,"LabelColor":"","date_pic_inline":true,"date_pic_inline_hide":true,"min_date":{"type":"days","val":"3"},"max_date":{"type":"days","val":"365"},"date_pic_conf":{"disabledWeeks":[0,2,3,6,4]},"price":"","cl_rule":"show","col":6,"type":"date","error":false,"isWeightTemplate":false,"isTemplate":false,"min_quantity":"1","quantity_decimal":false,"quantity_step":"1","quantity_label":"Quantity","repeater_field_label":"{field_label}","repeater_bind":"","gt_translate_keys":["label","placeholder","description","tooltip","repeater_field_label","quantity_label"],"price_dependency":false,"cl_dependency":false,"value":""}],[{"label":"\ud83d\udcc5 Date","active":true,"required":true,"elementId":"date-0948401647","picker_type":"custom","picker_mode":"single","placeholder":"","description":"","tooltip":"","name":"date-0948401647","label_position":"default","desc_position":"default","enablePrice":false,"className":"","enableCl":true,"relations":[{"operator":"and","rules":[{"operator":false,"rules":{"cl_field":"select_06619078bba6b6","cl_relation":"is","cl_val":"Polish"}}]}],"enableDesign":false,"LabelColor":"","date_pic_inline":true,"date_pic_inline_hide":true,"min_date":{"type":"days","val":"3"},"max_date":{"type":"days","val":"365"},"date_pic_conf":{"disabledWeeks":[0,2,4,5]},"price":"","cl_rule":"show","col":6,"type":"date","error":false,"isWeightTemplate":false,"isTemplate":false,"min_quantity":"1","quantity_decimal":false,"quantity_step":"1","quantity_label":"Quantity","repeater_field_label":"{field_label}","repeater_bind":"","gt_translate_keys":["label","placeholder","description","tooltip","repeater_field_label","quantity_label"],"price_dependency":false,"cl_dependency":false,"value":""}],[{"label":"\ud83d\udcc5 Date","active":true,"required":true,"elementId":"date-1264231762","picker_type":"custom","picker_mode":"single","placeholder":"","description":"","tooltip":"","name":"date-1264231762","label_position":"default","desc_position":"default","enablePrice":false,"className":"","enableCl":true,"relations":[{"operator":"and","rules":[{"operator":false,"rules":{"cl_field":"select_06619078bba6b6","cl_relation":"is","cl_val":"Italian"}}]}],"enableDesign":false,"LabelColor":"","date_pic_inline":true,"date_pic_inline_hide":true,"min_date":{"type":"days","val":"3"},"max_date":{"type":"days","val":"365"},"date_pic_conf":{"disabledWeeks":[0,1,2,3,5,6]},"price":"","cl_rule":"show","col":6,"type":"date","error":false,"isWeightTemplate":false,"isTemplate":false,"min_quantity":"1","quantity_decimal":false,"quantity_step":"1","quantity_label":"Quantity","repeater_field_label":"{field_label}","repeater_bind":"","gt_translate_keys":["label","placeholder","description","tooltip","repeater_field_label","quantity_label"],"price_dependency":false,"cl_dependency":false,"value":""}],[{"elementId":"separator_76619078bba67e","separatorType":"blank","className":"","height":"10","enableCl":false,"relations":false,"cl_rule":"show","col":6,"type":"separator","gt_translate_keys":[],"price_dependency":false,"cl_dependency":false,"value":""}],[{"active":true,"col":6,"relations":false,"cl_rule":"show","enableCl":false,"price":"","enablePrice":false,"className":"","label_position":"default","desc_position":"default","type":"content","required":false,"elementId":"content_106619078bba68a","label":"People","name":"content_106619078bba68a","contentType":"plain","value":"","error":false,"show_in_checkout":true,"inline":false,"gt_translate_keys":["label","value"],"price_dependency":false,"cl_dependency":false}],[{"active":true,"col":6,"relations":[{"operator":false,"rules":[{"operator":"AND","rules":{"cl_field":"","cl_relation":"","cl_val":""}}]}],"cl_rule":"show","enableCl":true,"price":"145","enablePrice":true,"className":"","label_position":"default","desc_position":"default","type":"radio-group","required":false,"elementId":"radio-group_96619078bba696","label":"","name":"radio-group_96619078bba696","values":[{"label":"\ud83d\udc64 Adult (145\u20ac)","value":"Adult","selected":true,"tempId":"aco_32","tooltip":"+12 Years","description":"","gt_translate_keys":["label","tooltip","description"]}],"layOut":"","error":false,"checkUi":"button","priceOptions":"fixed_for_all","pricingType":"fixed","enable_quantity":true,"quantity_label":"","min_quantity":"0","options_tooltip":true,"options_description":true,"gt_translate_keys":["label","quantity_label"],"price_dependency":false,"cl_dependency":false,"value":""}],[{"label":"","active":true,"required":false,"elementId":"radio-group_56619078bba6a2","name":"radio-group_56619078bba6a2","label_position":"default","desc_position":"default","enablePrice":true,"className":"","enableCl":false,"relations":false,"enable_quantity":true,"quantity_label":"","min_quantity":"0","checkUi":"button","layOut":"","values":[{"label":"\ud83d\udc66 Child (118\u20ac)","value":"Child","selected":true,"tempId":"aco_32","tooltip":"3-11 Years","description":"","gt_translate_keys":["label","tooltip","description"]}],"priceOptions":"fixed_for_all","pricingType":"fixed","price":"118","cl_rule":"show","col":6,"type":"radio-group","error":false,"options_tooltip":true,"options_description":true,"gt_translate_keys":["label","quantity_label"],"price_dependency":false,"cl_dependency":false,"value":""}],[{"label":"","active":true,"required":false,"elementId":"radio-group_96619078bba6ad","name":"radio-group_96619078bba6ad","label_position":"default","desc_position":"default","enablePrice":true,"className":"","enableCl":false,"relations":false,"enable_quantity":true,"quantity_label":"","min_quantity":"0","checkUi":"button","layOut":"","options_tooltip":true,"options_description":true,"values":[{"label":"\ud83d\udc76 Toddler (6,25\u20ac)","value":"Toddler","selected":true,"tempId":"aco_32","tooltip":"0-2 Years","description":"","gt_translate_keys":["label","tooltip","description"]}],"priceOptions":"fixed_for_all","pricingType":"fixed","price":"6,25","cl_rule":"show","col":6,"type":"radio-group","error":false,"gt_translate_keys":["label","quantity_label"],"price_dependency":false,"cl_dependency":false,"value":""}],[{"active":true,"col":6,"relations":false,"cl_rule":"show","enableCl":false,"price":"","enablePrice":false,"className":"","label_position":"default","desc_position":"default","type":"separator","required":false,"elementId":"separator_86619078bba6c1","label":"Separator Field","height":"7","separatorType":"blank","error":false,"gt_translate_keys":["label"],"price_dependency":false,"cl_dependency":false,"value":""}],[{"active":true,"col":6,"relations":false,"cl_rule":"show","enableCl":false,"price":"","enablePrice":false,"className":"","label_position":"default","desc_position":"default","type":"text","subtype":"text","required":true,"elementId":"text_76619078bba6ca","label":"\ud83d\ude8c Pickup Location","name":"text_76619078bba6ca","value":"","description":"Free pick-up service in Tenerife South. Simply provide your address or hotel name.","error":false,"isWeightTemplate":false,"isTemplate":false,"min_quantity":"1","quantity_decimal":false,"quantity_step":"1","quantity_label":"Quantity","repeater_field_label":"{field_label}","repeater_bind":"","gt_translate_keys":["label","description","value","repeater_field_label","quantity_label"],"price_dependency":false,"cl_dependency":false}]]}},"config":{"price_override":"always","enable_recaptcha":false,"bind_quantity":false,"quantity_bind_formula":false,"disp_summ_show_option_price":true,"disp_summ_show_product_price":false,"disp_summ_show_total_price":true,"disp_summ_show_fee":true,"disp_summ_show_discount":true,"summary_title":"","options_total_label":"Options Price","total_label":"Total Amount","options_product_label":"Product Price","fee_label":"Fee","discount_label":"Discount","has_price":true,"has_quantity_formula":false},"mc_unit":1,"tax_rate":1,"tax_rate_real":1,"discount":{"percentage":0,"fixed":0},"design":{"conf":{"LabelPosition":"above","DescPosition":"above","UploadField":"custom_1","QuantityFieldStyle":"custom_1"},"css":{"LeftLabelWidth":"120px"}},"formulas":[],"lookuptables":[],"clones":false,"cartKey":false}},"_links":{"self":[{"href":"https:\/\/canaryvip.com\/fr\/wp-json\/wp\/v2\/product\/11181","targetHints":{"allow":["GET"]}}],"collection":[{"href":"https:\/\/canaryvip.com\/fr\/wp-json\/wp\/v2\/product"}],"about":[{"href":"https:\/\/canaryvip.com\/fr\/wp-json\/wp\/v2\/types\/product"}],"replies":[{"embeddable":true,"href":"https:\/\/canaryvip.com\/fr\/wp-json\/wp\/v2\/comments?post=11181"}],"wp:featuredmedia":[{"embeddable":true,"href":"https:\/\/canaryvip.com\/fr\/wp-json\/wp\/v2\/media\/11183"}],"wp:attachment":[{"href":"https:\/\/canaryvip.com\/fr\/wp-json\/wp\/v2\/media?parent=11181"}],"wp:term":[{"taxonomy":"product_brand","embeddable":true,"href":"https:\/\/canaryvip.com\/fr\/wp-json\/wp\/v2\/product_brand?post=11181"},{"taxonomy":"product_cat","embeddable":true,"href":"https:\/\/canaryvip.com\/fr\/wp-json\/wp\/v2\/product_cat?post=11181"},{"taxonomy":"product_tag","embeddable":true,"href":"https:\/\/canaryvip.com\/fr\/wp-json\/wp\/v2\/product_tag?post=11181"}],"curies":[{"name":"wp","href":"https:\/\/api.w.org\/{rel}","templated":true}]}}