{"id":11043,"date":"2024-04-11T00:15:30","date_gmt":"2024-04-10T23:15:30","guid":{"rendered":"https:\/\/canaryvip.com\/?post_type=product&#038;p=11043"},"modified":"2025-08-09T12:45:04","modified_gmt":"2025-08-09T11:45:04","slug":"jeep-teide-masca-guided-tour","status":"publish","type":"product","link":"https:\/\/canaryvip.com\/fr\/shop\/jeep-teide-masca-guided-tour\/","title":{"rendered":"Jeep Safari Teide &amp; Masca Tenerife"},"content":{"rendered":"<h2>\ud83c\udf1f D\u00e9couvrir <strong>Teide et Masca avec notre excursion guid\u00e9e en jeep<\/strong> \ud83d\ude99<\/h2>\n<p>Embarquez pour un voyage captivant avec CanaryVIP qui vous emm\u00e8nera dans une exploration exclusive des paysages les plus magnifiques et des villages les plus pittoresques de T\u00e9n\u00e9rife gr\u00e2ce \u00e0 notre visite guid\u00e9e en jeep du Teide et de Masca. Parfaite pour les familles, les individus ou les petits groupes, cette aventure garantit une exp\u00e9rience intime et inoubliable pour un maximum de 8 personnes par jeep.<\/p>\n<p>Plongez au c\u0153ur de Tenerife, d\u00e9couvrez sa beaut\u00e9 naturelle \u00e9poustouflante et son riche patrimoine culturel depuis le confort de nos Jeeps 4\u00d74 robustes et tout-terrain, guid\u00e9es par nos chauffeurs exp\u00e9riment\u00e9s et multilingues.<\/p>\n<h3><strong>Points forts de l'aventure prolong\u00e9e : Teide et Masca<\/strong><\/h3>\n<ul>\n<li>\ud83c\udf0b <strong>Pico Viejo<\/strong>: D\u00e9couvrez la beaut\u00e9 impressionnante du Pico Viejo. Connu pour son crat\u00e8re multicolore qui s'\u00e9tend sur 800 m\u00e8tres de diam\u00e8tre, ce volcan embl\u00e9matique est un spectacle \u00e0 voir, offrant des vues incomparables et une d\u00e9monstration vibrante de l'art de la nature.<\/li>\n<li>\ud83c\udfdc\ufe0f <strong>Roques de Garc\u00eda<\/strong>: Admirez les Roques de Garc\u00eda, des formations rocheuses imposantes qui ponctuent le ciel au-dessus du parc national de Teide. Ces structures particuli\u00e8res, form\u00e9es de couches de diff\u00e9rents mat\u00e9riaux, sont l'une des attractions les plus uniques du circuit.<\/li>\n<li>\ud83c\udf04 <strong>Aripe et Chirche<\/strong>: Promenez-vous dans les charmantes rues d'Aripe et de Chirche, des hameaux pittoresques \u00e0 l'architecture originale datant des XVIIIe et XIXe si\u00e8cles. D\u00e9couvrez la vie rurale authentique de Tenerife, entour\u00e9e de nature et de tranquillit\u00e9.<\/li>\n<li>\ud83c\udfde\ufe0f <strong>Parc national du Teide<\/strong>: Explorez le parc national du Teide, class\u00e9 au patrimoine mondial de l'UNESCO, une merveille naturelle domin\u00e9e par le majestueux mont Teide. Ses couleurs vari\u00e9es, sa faune et ses paysages surr\u00e9alistes font du parc la pi\u00e8ce ma\u00eetresse de notre excursion.<\/li>\n<li>\ud83c\udf32 <strong>Vilaflor<\/strong>: Visitez Vilaflor, nich\u00e9 au milieu des pins, pr\u00e8s du sommet du volcan. D\u00e9couvrez la tranquillit\u00e9 de vivre \u00e0 une telle altitude, en profitant d'un air pur et d'une vue imprenable sur le parc national.<\/li>\n<li>\ud83c\udfde\ufe0f <strong>Masca<\/strong>: Masca, l'un des villages les plus pittoresques de T\u00e9n\u00e9rife, est l'incarnation de l'architecture naturelle canarienne. Notre excursion vous permettra de d\u00e9couvrir ce lieu charmant de premi\u00e8re main.<\/li>\n<\/ul>\n<h3><strong>D\u00e9tails de la visite am\u00e9lior\u00e9e :<\/strong><\/h3>\n<ul>\n<li>\ud83d\ude99 <strong>V\u00e9hicules et transports :<\/strong> Traversez des terrains accident\u00e9s \u00e0 bord de nos Jeeps \u00e0 quatre roues motrices, pour une aventure confortable et palpitante. Pour les circuits impliquant des d\u00e9placements entre les \u00eeles, les transferts en ferry sont inclus, pour une exp\u00e9rience sans faille.<\/li>\n<li>\ud83d\udc65 <strong>Garantie pour les petits groupes :<\/strong> Profitez d'une aventure plus personnalis\u00e9e en petits groupes, avec un maximum de 8 passagers par Jeep, y compris le chauffeur, dans le cadre d'un convoi.<\/li>\n<li>\ud83d\udd12 <strong>Option priv\u00e9e disponible :<\/strong> Pour une exp\u00e9rience exclusive, optez pour une visite VIP ou priv\u00e9e, qui vous permettra de choisir vos compagnons de voyage.<\/li>\n<li>\ud83d\udd01 <strong>Transport inclusif :<\/strong> Nous proposons des services pratiques de prise en charge et de d\u00e9pose \u00e0 partir de votre h\u00e9bergement ou d'un point proche, afin que votre exp\u00e9rience soit sans probl\u00e8me du d\u00e9but \u00e0 la fin.<\/li>\n<\/ul>\n<h3><strong>Informations compl\u00e8tes sur les visites :<\/strong><\/h3>\n<ul>\n<li>\ud83d\udd58 <strong>Dur\u00e9e et horaires :<\/strong> L'excursion dure environ 7 heures, de 09h00 \u00e0 16h00, ce qui vous permet de vous immerger totalement dans la beaut\u00e9 de T\u00e9n\u00e9riffe.<\/li>\n<li>\ud83d\uddd3\ufe0f <strong>Jours disponibles :<\/strong> Embarquez dans cette aventure du lundi au samedi, avec des options flexibles pour s'adapter \u00e0 votre emploi du temps.<\/li>\n<li>\ud83c\udf0d <strong>Langues propos\u00e9es :<\/strong> Nos visites sont organis\u00e9es en plusieurs langues, dont l'espagnol, l'anglais, l'allemand, le fran\u00e7ais, l'italien, le n\u00e9erlandais et le polonais, pour r\u00e9pondre aux besoins d'un public international.<\/li>\n<\/ul>\n<h3><strong>Politique de r\u00e9servation et d'annulation mise \u00e0 jour :<\/strong><\/h3>\n<ul>\n<li>\ud83d\udd04 <strong>Annulations flexibles :<\/strong> Nous comprenons que les plans peuvent changer, c'est pourquoi nous offrons la possibilit\u00e9 d'annuler ou de reporter votre visite jusqu'\u00e0 24 heures \u00e0 l'avance, pour une tranquillit\u00e9 d'esprit maximale.<\/li>\n<li>\u26c5 <strong>Garantie m\u00e9t\u00e9orologique :<\/strong> Si des conditions m\u00e9t\u00e9orologiques d\u00e9favorables n\u00e9cessitent l'annulation d'une excursion, vous avez la possibilit\u00e9 de la reprogrammer ou d'\u00eatre int\u00e9gralement rembours\u00e9, ce qui vous garantit une exp\u00e9rience de r\u00e9servation sans souci.<\/li>\n<li>\ud83d\udce9 <strong>Contact facile :<\/strong> Pour toute demande de renseignements ou d'ajustements, il suffit de <a href=\"https:\/\/canaryvip.com\/fr\/contact\/\">nous contacter<\/a>et nous veillerons \u00e0 ce que vos besoins soient satisfaits.<\/li>\n<\/ul>\n<h4><strong>R\u00e9servez d\u00e8s maintenant votre aventure en Jeep \u00e0 Tenerife !<\/strong><\/h4>\n<p>Ne manquez pas cette occasion unique d'explorer les splendeurs de T\u00e9n\u00e9riffe avec CanaryVIP. De la majest\u00e9 volcanique de <a href=\"https:\/\/canaryvip.com\/fr\/discover-the-teide-the-ultimate-guide-iconic-volcano\/\">Parc national du Teide<\/a> jusqu'\u00e0 l'attrait historique de Masca, et au-del\u00e0, embarquez pour un voyage rempli de beaut\u00e9, d'aventure et d'histoires qui ne demandent qu'\u00e0 \u00eatre d\u00e9couvertes.<\/p>","protected":false},"excerpt":{"rendered":"<p><strong>\ud83d\udd0d Points forts de la visite :<\/strong><br \/>\n\u2705 Paiement s\u00e9curis\u00e9.<br \/>\n\ud83d\uddfb Visite du parc national de Teide.<br \/>\n\ud83d\udee4\ufe0f Visite du village de Masca.<br \/>\n\u23f0 Dur\u00e9e Environ 7h.<br \/>\n\ud83d\udcc5 Du lundi au samedi.<br \/>\n\ud83d\ude8c Prise en charge et retour \u00e0 l'h\u00f4tel.<br \/>\n\ud83d\udd04 Annulation gratuite 24 heures sur 24.<br \/>\n\ud83e\udd11 Meilleur prix garanti.<br \/>\n\ud83c\udf81 Des r\u00e9ductions pour les groupes sont possibles.<br \/>\n\ud83c\udf0d Prise en charge dans plusieurs langues.<br \/>\n\ud83c\udf1f R\u00e9servez maintenant et \u00e9conomisez !<\/p>","protected":false},"featured_media":11145,"comment_status":"open","ping_status":"closed","template":"","meta":{"_acf_changed":false},"product_brand":[],"product_cat":[67],"product_tag":[],"class_list":{"0":"post-11043","1":"product","2":"type-product","3":"status-publish","4":"has-post-thumbnail","6":"product_cat-jeep-tours","7":"wcpa_has_options","9":"first","10":"instock","11":"virtual","12":"purchasable","13":"product-type-simple"},"acf":[],"wcpa_form_fields":{"wcpaData":{"product":{"product_price":66,"price_html":"From&nbsp;<span class=\"woocommerce-Price-amount amount\"><bdi>66,00&nbsp;<span class=\"woocommerce-Price-currencySymbol\">&euro;<\/span><\/bdi><\/span>","original_product_price":66,"price_including_tax":66,"price_excluding_tax":66,"product_id":{"parent":11043,"variation":false},"is_variable":false,"stock_status":"instock","stock_quantity":null,"parent_sku":"CV11043","product_attributes":[],"custom_fields":[],"is_taxable":false,"product_name":"Teide & Masca Jeep Safari Tenerife","hasImage":false},"fields":{"sec_2661916538e0c2":{"extra":{"key":"sec_2661916538e0c2","section_id":"sec_2661916538e0c2","name":"Tickets","status":1,"cl_rule":"show","enableCl":false,"relations":[{"operator":false,"rules":[{"operator":"AND","rules":{"cl_field":"radio-group_665df45fcbc30b","cl_relation":"is","cl_val":"Siam Park Regular Tickets"}}]}],"toggle":true,"title_tag":"h4","show_title":false,"showPrice":"default","form_id":11191,"form_rules":{"exclude_from_discount":true,"fee_label":"Fee","disp_hide_options_price":true,"disp_show_section_price":false,"disp_show_field_price":true,"layout_option":"standard","pric_use_as_fee":false,"process_fee_as":"woo_fee"},"layout_option":"standard"},"fields":[[{"active":true,"col":6,"relations":false,"cl_rule":"show","enableCl":false,"price":"","enablePrice":false,"className":"","label_position":"default","desc_position":"default","type":"select","required":true,"elementId":"select_9661916538e0e4","label":"\ud83c\udf0e Language","name":"select_9661916538e0e4","values":[{"label":"English","value":"English","selected":false,"tempId":"aco_1213","gt_translate_keys":["label"]},{"label":"Dutch","value":"Dutch","selected":false,"tempId":"aco_693","gt_translate_keys":["label"]},{"label":"German","value":"German","selected":false,"tempId":"aco_1567","gt_translate_keys":["label"]},{"label":"French","value":"French","selected":false,"tempId":"aco_1215","gt_translate_keys":["label"]},{"label":"Polish","value":"Polish","selected":false,"tempId":"aco_1212","gt_translate_keys":["label"]},{"label":"Italian","value":"Italian","selected":false,"tempId":"aco_611","gt_translate_keys":["label"]},{"label":"Spanish","value":"Spanish","selected":false,"tempId":"aco_1214","gt_translate_keys":["label"]}],"dropdown_type":"basic","error":false,"placeholder":"Select Language","gt_translate_keys":["label","placeholder"],"price_dependency":false,"cl_dependency":["date_8661916538e0f2","date_8661916538e0f2","date_8661916538e0f2","date_8661916538e0f2","date_6661916538e0fc","date_1661916538e106","date_8661916538e10f","radio-group_10661916538e130","radio-group-3329476112","radio-group_2661916538e13c","radio-group-3332331927","radio-group_6661916538e147"],"value":""}],[{"label":"\ud83d\udcc5 Date","active":true,"required":true,"elementId":"date_8661916538e0f2","picker_type":"custom","picker_mode":"single","placeholder":"","description":"","tooltip":"","name":"date_8661916538e0f2","label_position":"default","desc_position":"default","enablePrice":false,"className":"","enableCl":true,"relations":[{"operator":"and","rules":[{"operator":"or","rules":{"cl_field":"select_9661916538e0e4","cl_relation":"is","cl_val":"Dutch"}},{"operator":"or","rules":{"cl_field":"select_9661916538e0e4","cl_relation":"is","cl_val":"German"}},{"operator":"or","rules":{"cl_field":"select_9661916538e0e4","cl_relation":"is","cl_val":"French"}},{"operator":"AND","rules":{"cl_field":"select_9661916538e0e4","cl_relation":"is","cl_val":"English"}}]}],"date_pic_inline":true,"date_pic_inline_hide":true,"min_date":{"type":"days","val":"4"},"max_date":{"type":"days","val":"80"},"date_pic_conf":{"disabledWeeks":[0],"disabledDates":["2025-04-11"]},"price":"","cl_rule":"show","col":6,"type":"date","error":false,"enableDesign":false,"LabelColor":"","isWeightTemplate":false,"isTemplate":false,"min_quantity":"1","quantity_decimal":false,"quantity_step":"1","quantity_label":"Quantity","repeater_field_label":"{field_label}","repeater_bind":"","gt_translate_keys":["label","placeholder","description","tooltip","repeater_field_label","quantity_label"],"price_dependency":false,"cl_dependency":false,"value":""}],[{"label":"\ud83d\udcc5 Date","active":true,"required":true,"elementId":"date_6661916538e0fc","picker_type":"custom","picker_mode":"single","placeholder":"","description":"","tooltip":"","name":"date_6661916538e0fc","label_position":"default","desc_position":"default","enablePrice":false,"className":"","enableCl":true,"relations":[{"operator":"and","rules":[{"operator":false,"rules":{"cl_field":"select_9661916538e0e4","cl_relation":"is","cl_val":"Spanish"}}]}],"enableDesign":false,"LabelColor":"","date_pic_inline":true,"date_pic_inline_hide":true,"min_date":{"type":"days","val":"4"},"max_date":{"type":"days","val":"365"},"date_pic_conf":{"disabledWeeks":[0,1,3,5,6]},"price":"","cl_rule":"show","col":6,"type":"date","error":false,"isWeightTemplate":false,"isTemplate":false,"min_quantity":"1","quantity_decimal":false,"quantity_step":"1","quantity_label":"Quantity","repeater_field_label":"{field_label}","repeater_bind":"","gt_translate_keys":["label","placeholder","description","tooltip","repeater_field_label","quantity_label"],"price_dependency":false,"cl_dependency":false,"value":""}],[{"label":"\ud83d\udcc5 Date","active":true,"required":true,"elementId":"date_1661916538e106","picker_type":"custom","picker_mode":"single","placeholder":"","description":"","tooltip":"","name":"date_1661916538e106","label_position":"default","desc_position":"default","enablePrice":false,"className":"","enableCl":true,"relations":[{"operator":"and","rules":[{"operator":false,"rules":{"cl_field":"select_9661916538e0e4","cl_relation":"is","cl_val":"Polish"}}]}],"enableDesign":false,"LabelColor":"","date_pic_inline":true,"date_pic_inline_hide":true,"min_date":{"type":"days","val":"4"},"max_date":{"type":"days","val":"365"},"date_pic_conf":{"disabledWeeks":[0,1,3,4,5,6]},"price":"","cl_rule":"show","col":6,"type":"date","error":false,"isWeightTemplate":false,"isTemplate":false,"min_quantity":"1","quantity_decimal":false,"quantity_step":"1","quantity_label":"Quantity","repeater_field_label":"{field_label}","repeater_bind":"","gt_translate_keys":["label","placeholder","description","tooltip","repeater_field_label","quantity_label"],"price_dependency":false,"cl_dependency":false,"value":""}],[{"label":"\ud83d\udcc5 Date","active":true,"required":true,"elementId":"date_8661916538e10f","picker_type":"custom","picker_mode":"single","placeholder":"","description":"","tooltip":"","name":"date_8661916538e10f","label_position":"default","desc_position":"default","enablePrice":false,"className":"","enableCl":true,"relations":[{"operator":"and","rules":[{"operator":false,"rules":{"cl_field":"select_9661916538e0e4","cl_relation":"is","cl_val":"Italian"}}]}],"enableDesign":false,"LabelColor":"","date_pic_inline":true,"date_pic_inline_hide":true,"min_date":{"type":"days","val":"4"},"max_date":{"type":"days","val":"365"},"date_pic_conf":{"disabledWeeks":[0,1,2,5,4]},"price":"","cl_rule":"show","col":6,"type":"date","error":false,"isWeightTemplate":false,"isTemplate":false,"min_quantity":"1","quantity_decimal":false,"quantity_step":"1","quantity_label":"Quantity","repeater_field_label":"{field_label}","repeater_bind":"","gt_translate_keys":["label","placeholder","description","tooltip","repeater_field_label","quantity_label"],"price_dependency":false,"cl_dependency":false,"value":""}],[{"elementId":"separator_7661916538e11a","separatorType":"blank","className":"","height":"10","enableCl":false,"relations":false,"cl_rule":"show","col":6,"type":"separator","gt_translate_keys":[],"price_dependency":false,"cl_dependency":false,"value":""}],[{"active":true,"col":6,"relations":[{"operator":false,"rules":[{"operator":"AND","rules":{"cl_field":"select_9661916538e0e4","cl_relation":"is_not","cl_val":"Polish"}}]}],"cl_rule":"show","enableCl":true,"price":"66","enablePrice":true,"className":"","label_position":"default","desc_position":"default","type":"radio-group","required":false,"elementId":"radio-group_10661916538e130","label":"","name":"radio-group_10661916538e130","values":[{"label":"\ud83d\udc64 Adult (66\u20ac)","value":"Adult","selected":true,"tempId":"aco_32","tooltip":"+12 Years","description":"","gt_translate_keys":["label","tooltip","description"]}],"layOut":"","error":false,"checkUi":"button","priceOptions":"fixed_for_all","pricingType":"fixed","enable_quantity":true,"quantity_label":"","min_quantity":"0","options_tooltip":true,"options_description":true,"gt_translate_keys":["label","quantity_label"],"price_dependency":false,"cl_dependency":false,"value":""}],[{"label":"","active":true,"required":false,"elementId":"radio-group-3329476112","name":"radio-group-3329476112","label_position":"default","desc_position":"default","enablePrice":true,"className":"","enableCl":true,"relations":[{"operator":false,"rules":[{"operator":"AND","rules":{"cl_field":"select_9661916538e0e4","cl_relation":"is","cl_val":"Polish"}}]}],"enable_quantity":true,"quantity_label":"","min_quantity":"0","checkUi":"button","layOut":"","options_tooltip":true,"options_description":true,"values":[{"label":"\ud83d\udc64 Adult (70\u20ac)","value":"Adult","selected":true,"tempId":"aco_32","tooltip":"+12 Years","description":"","gt_translate_keys":["label","tooltip","description"]}],"priceOptions":"fixed_for_all","pricingType":"fixed","price":"70","cl_rule":"show","col":6,"type":"radio-group","error":false,"gt_translate_keys":["label","quantity_label"],"price_dependency":false,"cl_dependency":false,"value":""}],[{"label":"","active":true,"required":false,"elementId":"radio-group_2661916538e13c","name":"radio-group_2661916538e13c","label_position":"default","desc_position":"default","enablePrice":true,"className":"","enableCl":true,"relations":[{"operator":false,"rules":[{"operator":"AND","rules":{"cl_field":"select_9661916538e0e4","cl_relation":"is_not","cl_val":"Polish"}}]}],"enable_quantity":true,"quantity_label":"","min_quantity":"0","checkUi":"button","layOut":"","values":[{"label":"\ud83d\udc66 Child (52\u20ac)","value":"Child","selected":true,"tempId":"aco_32","tooltip":"3-11 Years","description":"","gt_translate_keys":["label","tooltip","description"]}],"priceOptions":"fixed_for_all","pricingType":"fixed","price":"52","cl_rule":"show","col":6,"type":"radio-group","error":false,"options_tooltip":true,"options_description":true,"gt_translate_keys":["label","quantity_label"],"price_dependency":false,"cl_dependency":false,"value":""}],[{"label":"","active":true,"required":false,"elementId":"radio-group-3332331927","name":"radio-group-3332331927","label_position":"default","desc_position":"default","enablePrice":true,"className":"","enableCl":true,"relations":[{"operator":false,"rules":[{"operator":"AND","rules":{"cl_field":"select_9661916538e0e4","cl_relation":"is","cl_val":"Polish"}}]}],"enable_quantity":true,"quantity_label":"","min_quantity":"0","checkUi":"button","layOut":"","options_tooltip":true,"options_description":true,"values":[{"label":"\ud83d\udc66 Child (55\u20ac)","value":"Child","selected":true,"tempId":"aco_32","tooltip":"3-11 Years","description":"","gt_translate_keys":["label","tooltip","description"]}],"priceOptions":"fixed_for_all","pricingType":"fixed","price":"55","cl_rule":"show","col":6,"type":"radio-group","error":false,"gt_translate_keys":["label","quantity_label"],"price_dependency":false,"cl_dependency":false,"value":""}],[{"label":"","active":true,"required":false,"elementId":"radio-group_6661916538e147","name":"radio-group_6661916538e147","label_position":"default","desc_position":"default","enablePrice":true,"className":"","enableCl":true,"relations":[{"operator":false,"rules":[{"operator":"AND","rules":{"cl_field":"select_9661916538e0e4","cl_relation":"is_not_empty","cl_val":""}}]}],"enable_quantity":true,"quantity_label":"","min_quantity":"0","checkUi":"button","layOut":"","options_tooltip":true,"options_description":true,"values":[{"label":"\ud83d\udc76 Toddler (Free)","value":"Toddler","selected":true,"tempId":"aco_32","tooltip":"0-2 Years","description":"","gt_translate_keys":["label","tooltip","description"]}],"priceOptions":"fixed_for_all","pricingType":"fixed","price":"0","cl_rule":"show","col":6,"type":"radio-group","error":false,"gt_translate_keys":["label","quantity_label"],"price_dependency":false,"cl_dependency":false,"value":""}],[{"active":true,"col":6,"relations":false,"cl_rule":"show","enableCl":false,"price":"","enablePrice":false,"className":"","label_position":"default","desc_position":"default","type":"separator","required":false,"elementId":"separator_6661916538e151","label":"Separator Field","height":"7","separatorType":"blank","error":false,"gt_translate_keys":["label"],"price_dependency":false,"cl_dependency":false,"value":""}],[{"active":true,"col":6,"relations":false,"cl_rule":"show","enableCl":false,"price":"","enablePrice":false,"className":"","label_position":"default","desc_position":"default","type":"text","subtype":"text","required":false,"elementId":"text_4661916538e15b","label":"\ud83d\ude8c Pickup Location","name":"text_4661916538e15b","value":"","description":"Free pick-up service in Tenerife South. Simply provide your address or hotel name.","error":false,"gt_translate_keys":["label","description","value"],"price_dependency":false,"cl_dependency":false}]]}},"config":{"price_override":"always","enable_recaptcha":false,"bind_quantity":false,"quantity_bind_formula":false,"disp_summ_show_option_price":true,"disp_summ_show_product_price":false,"disp_summ_show_total_price":true,"disp_summ_show_fee":true,"disp_summ_show_discount":true,"summary_title":"","options_total_label":"Options Price","total_label":"Total Amount","options_product_label":"Product Price","fee_label":"Fee","discount_label":"Discount","has_price":true,"has_quantity_formula":false},"mc_unit":1,"tax_rate":1,"tax_rate_real":1,"discount":{"percentage":0,"fixed":0},"design":{"conf":{"LabelPosition":"above","DescPosition":"above","UploadField":"custom_1","QuantityFieldStyle":"custom_1"},"css":{"LeftLabelWidth":"120px"}},"formulas":[],"lookuptables":[],"clones":false,"cartKey":false}},"_links":{"self":[{"href":"https:\/\/canaryvip.com\/fr\/wp-json\/wp\/v2\/product\/11043","targetHints":{"allow":["GET"]}}],"collection":[{"href":"https:\/\/canaryvip.com\/fr\/wp-json\/wp\/v2\/product"}],"about":[{"href":"https:\/\/canaryvip.com\/fr\/wp-json\/wp\/v2\/types\/product"}],"replies":[{"embeddable":true,"href":"https:\/\/canaryvip.com\/fr\/wp-json\/wp\/v2\/comments?post=11043"}],"wp:featuredmedia":[{"embeddable":true,"href":"https:\/\/canaryvip.com\/fr\/wp-json\/wp\/v2\/media\/11145"}],"wp:attachment":[{"href":"https:\/\/canaryvip.com\/fr\/wp-json\/wp\/v2\/media?parent=11043"}],"wp:term":[{"taxonomy":"product_brand","embeddable":true,"href":"https:\/\/canaryvip.com\/fr\/wp-json\/wp\/v2\/product_brand?post=11043"},{"taxonomy":"product_cat","embeddable":true,"href":"https:\/\/canaryvip.com\/fr\/wp-json\/wp\/v2\/product_cat?post=11043"},{"taxonomy":"product_tag","embeddable":true,"href":"https:\/\/canaryvip.com\/fr\/wp-json\/wp\/v2\/product_tag?post=11043"}],"curies":[{"name":"wp","href":"https:\/\/api.w.org\/{rel}","templated":true}]}}