{"id":10522,"date":"2024-03-23T17:19:31","date_gmt":"2024-03-23T17:19:31","guid":{"rendered":"https:\/\/canaryvip.com\/?post_type=product&#038;p=10522"},"modified":"2026-01-01T21:05:33","modified_gmt":"2026-01-01T21:05:33","slug":"submarine-tenerife","status":"publish","type":"product","link":"https:\/\/canaryvip.com\/fr\/shop\/submarine-tenerife\/","title":{"rendered":"Safari sous-marin \u00e0 Tenerife"},"content":{"rendered":"<h2>\ud83c\udf0a Plongez dans les profondeurs avec Submarine Safari Tenerife<\/h2>\n<p>Vivez l'aventure ultime avec notre <strong>safari sous-marin \u00e0 Tenerife,<\/strong>\u00a0o\u00f9 la d\u00e9couverte palpitante rencontre l'exploration \u00e9ducative sous les vagues. Ce voyage unique vous invite \u00e0 d\u00e9couvrir les merveilles cach\u00e9es de l'oc\u00e9an, ce qui en fait un incontournable pour tout explorateur. Bien que les observations de la faune et de la flore marines varient, l'essence de ce voyage est une raison imp\u00e9rieuse de s'embarquer pour un voyage en mer. <strong>sous-marin Tenerife<\/strong> l'aventure.<\/p>\n<h4><strong>Explorer avec l'embl\u00e9matique sous-marin jaune de T\u00e9n\u00e9rife<\/strong><\/h4>\n<p>Notre embl\u00e9matique sous-marin jaune, une merveille technologique, plonge entre 30 et 60 m\u00e8tres dans les profondeurs de l'oc\u00e9an. Admirez la beaut\u00e9 envo\u00fbtante du monde sous-marin et apprenez les subtilit\u00e9s du fonctionnement du sous-marin gr\u00e2ce \u00e0 notre \u00e9quipage exp\u00e9riment\u00e9 \u00e0 bord de ce navire. <strong>safari sous-marin \u00e0 Tenerife.<\/strong><\/p>\n<h4><strong>Le sous-marin de T\u00e9n\u00e9rife, une excursion sous-marine spectaculaire<\/strong><\/h4>\n<p>Con\u00e7u pour une exploration sous-marine ultime, notre sous-marin offre des vues intimes de l'environnement marin. Si les rencontres avec les baleines et les dauphins sont moins fr\u00e9quentes pendant la p\u00e9riode de l'ann\u00e9e, il n'en va pas de m\u00eame pour les autres esp\u00e8ces. <strong>safari sous-marin \u00e0 Tenerife,<\/strong>\u00a0nous encourageons les visiteurs \u00e0 explorer notre <a href=\"https:\/\/canaryvip.com\/fr\/tenerife\/boat-excursions\/?swcfpc=1\">Observation des baleines et des dauphins en bateau \u00e0 Tenerife<\/a> pour avoir la chance d'observer ces magnifiques cr\u00e9atures d'un point de vue unique.<\/p>\n<h2>\ud83d\udea4 Pr\u00e9parez votre safari sous-marin \u00e0 Tenerife<\/h2>\n<p>Commencez votre aventure par un briefing complet sur la s\u00e9curit\u00e9, qui vous m\u00e8nera \u00e0 l'embarquement. En vous installant dans votre si\u00e8ge, chacun \u00e9quip\u00e9 d'une fen\u00eatre d'observation, pr\u00e9parez-vous \u00e0 \u00eatre captiv\u00e9 par les sc\u00e8nes \u00e0 couper le souffle pendant votre voyage. <strong>safari sous-marin \u00e0 Tenerife.<\/strong><\/p>\n<h4><strong>D\u00e9couvrez la biodiversit\u00e9 marine des \u00eeles Canaries<\/strong><\/h4>\n<p>Les eaux entourant les \u00eeles Canaries regorgent de vie et offrent un spectacle saisissant de poissons locaux, de raies et, si la chance vous sourit, de dauphins ou de baleines, ce qui rehaussera votre s\u00e9jour. <strong>sous-marin Tenerife<\/strong> l'exp\u00e9rience.<\/p>\n<h4><strong>Une exp\u00e9rience sous-marine am\u00e9lior\u00e9e<\/strong><\/h4>\n<p>Notre sous-marin est \u00e9quip\u00e9 d'\u00e9crans de t\u00e9l\u00e9vision personnels \u00e0 chaque port d'observation, offrant d'autres perspectives et des informations pr\u00e9cieuses sur le voyage du sous-marin, y compris la profondeur et la temp\u00e9rature, enrichissant ainsi votre exp\u00e9rience de la vie sous-marine. <strong>safari sous-marin Tenerife<\/strong> l'aventure.<\/p>\n<h2>\u2728 Informations essentielles pour votre safari sous-marin \u00e0 Tenerife<\/h2>\n<p>Notre sous-marin jaune in\u00e9gal\u00e9 garantit une exploration confortable et s\u00fbre pour tous, ce qui en fait le premier choix pour un voyage d'affaires. <strong>sous-marin Tenerife<\/strong> l'aventure.<\/p>\n<h4><strong>Safari sous-marin \u00e0 Tenerife, ce qu'il faut savoir<\/strong><\/h4>\n<p>Avec une dur\u00e9e approximative d'une heure, nous donnons la priorit\u00e9 \u00e0 votre s\u00e9curit\u00e9 et \u00e0 votre confort. Les r\u00e9servations de groupe b\u00e9n\u00e9ficient de r\u00e9ductions sp\u00e9ciales, ce qui en fait une activit\u00e9 de groupe id\u00e9ale.<\/p>\n<h4><strong>Ce que vous verrez<\/strong><\/h4>\n<p>Pr\u00e9parez-vous \u00e0 rencontrer une faune et une flore marines vari\u00e9es. Notre sous-marin est \u00e9quip\u00e9 de dispositifs sp\u00e9ciaux pour am\u00e9liorer votre exp\u00e9rience visuelle et faire en sorte que chaque moment pass\u00e9 \u00e0 bord soit m\u00e9morable.<\/p>\n<h4><strong>Avant d'embarquer<\/strong><\/h4>\n<p>Ayez votre <strong>CanaryVIP<\/strong> Le billet d'avion doit \u00eatre pr\u00eat et les pr\u00e9cautions n\u00e9cessaires contre le mal des transports doivent \u00eatre prises. Cette aventure familiale accueille les participants \u00e0 partir de 2 ans, les enfants de moins de 16 ans devant \u00eatre accompagn\u00e9s d'un adulte.<\/p>\n<h3>\ud83d\ude99 Prise en charge gratuite, r\u00e9union et informations sur les politiques<\/h3>\n<p>Votre <strong>sous-marin Tenerife<\/strong> l'aventure commence \u00e0 <a href=\"https:\/\/maps.app.goo.gl\/NhudtS2DwkDHnEAP8\" target=\"_blank\" rel=\"noopener\">Marina Puerto Amarilla<\/a> \u00e0 San Miguel de Abona. Veuillez vous pr\u00e9senter au moins 15 minutes avant le d\u00e9part avec votre billet pour un d\u00e9part sans encombre.<\/p>\n<h4><strong>Services de ramassage gratuits et payants<\/strong><\/h4>\n<p>Pour votre commodit\u00e9, nous proposons des services de ramassage gratuits dans le sud de T\u00e9n\u00e9rife, ce qui vous permet d'arriver facilement et confortablement jusqu'\u00e0 nous. En outre, pour nos clients r\u00e9sidant dans le nord de T\u00e9n\u00e9rife, un service de ramassage payant est disponible, permettant d'acc\u00e9der \u00e0 notre exp\u00e9rience unique depuis l'ensemble de l'\u00eele.<\/p>\n<h4><strong>Annulation en douceur pour plus de commodit\u00e9<\/strong><\/h4>\n<p>Nous offrons la possibilit\u00e9 d'annuler ou de reprogrammer jusqu'\u00e0 24 heures avant votre visite sans frais suppl\u00e9mentaires. En cas d'annulation tardive ou de non-pr\u00e9sentation, des frais seront factur\u00e9s, dans le cadre de notre engagement en faveur de l'\u00e9quit\u00e9 pour tous nos clients.<\/p>\n<p>Rejoignez CanaryVIP pour vivre une exp\u00e9rience in\u00e9gal\u00e9e. <strong>safari sous-marin \u00e0 Tenerife,<\/strong>\u00a0o\u00f9 nous combinons s\u00e9curit\u00e9, plaisir et respect de l'environnement marin pour une exploration extraordinaire des profondeurs de l'oc\u00e9an. \u00cates-vous pr\u00eat pour l'aventure ? Plongez avec nous et d\u00e9couvrez les secrets du monde sous-marin !<\/p>","protected":false},"excerpt":{"rendered":"<p><strong>\ud83d\udd0d Submarine Tenerife :<\/strong><br \/>\n\u2705 Paiement s\u00e9curis\u00e9.<br \/>\n\ud83d\udc1f D\u00e9couvrir la vie marine.<br \/>\n\ud83d\ude80 1h Voyages.<br \/>\n<span>\ud83d\udd59 Plusieurs cadres temporels.<\/span><br \/>\n\ud83d\udcc5 Tous les jours sauf le samedi.<br \/>\n\ud83e\udd11 Meilleur prix garanti.<br \/>\n\ud83d\udc6a R\u00e9ductions activ\u00e9es.<br \/>\n\ud83d\udd01 Jusqu'\u00e0 24h Annulation.<br \/>\n\ud83c\udf0d \u00c9quipage multilingue.<br \/>\n\ud83c\udf1f R\u00e9servez maintenant et \u00e9conomisez !<br \/>\n\ud83d\udccd D\u00e9part de <a href=\"https:\/\/maps.app.goo.gl\/aeD9xSzsoLo9TsdF8\" target=\"_blank\" rel=\"noopener\">Golf Amarilla<\/a>.<\/p>","protected":false},"featured_media":10706,"comment_status":"open","ping_status":"closed","template":"","meta":{"_acf_changed":false},"product_brand":[],"product_cat":[46],"product_tag":[],"class_list":{"0":"post-10522","1":"product","2":"type-product","3":"status-publish","4":"has-post-thumbnail","6":"product_cat-boat-excursions","7":"wcpa_has_options","9":"first","10":"instock","11":"virtual","12":"purchasable","13":"product-type-simple"},"acf":[],"wcpa_form_fields":{"wcpaData":{"product":{"product_price":61,"price_html":"From&nbsp;<span class=\"woocommerce-Price-amount amount\"><bdi>61,00&nbsp;<span class=\"woocommerce-Price-currencySymbol\">&euro;<\/span><\/bdi><\/span>","original_product_price":61,"price_including_tax":61,"price_excluding_tax":61,"product_id":{"parent":10522,"variation":false},"is_variable":false,"stock_status":"instock","stock_quantity":null,"parent_sku":"CV10522","product_attributes":[],"custom_fields":[],"is_taxable":false,"product_name":"Submarine Safari Tenerife","hasImage":false},"fields":{"sec_7661bc90f5e8c6":{"extra":{"key":"sec_7661bc90f5e8c6","section_id":"sec_7661bc90f5e8c6","name":"Default","status":1,"cl_rule":"show","enableCl":false,"relations":[],"toggle":true,"title_tag":"h3","show_title":false,"showPrice":"default","form_id":11259,"form_rules":{"exclude_from_discount":true,"fee_label":"Fee","disp_hide_options_price":true,"disp_show_section_price":false,"disp_show_field_price":true,"layout_option":"standard","pric_use_as_fee":false,"process_fee_as":"woo_fee"},"layout_option":"standard"},"fields":[[{"label":"\ud83d\udcc5 Date","active":true,"required":true,"elementId":"date_9661bc90f5e8e5","picker_type":"custom","picker_mode":"single","placeholder":"","description":"","tooltip":"","name":"date_9661bc90f5e8e5","label_position":"default","desc_position":"default","enablePrice":false,"className":"","enableCl":false,"relations":[{"operator":"and","rules":[{"operator":"AND","rules":{"cl_field":"radio-group_5661bc90f5e8f5","cl_relation":"is_not_empty","cl_val":"3 Hour Trip"}}]}],"date_pic_inline":true,"date_pic_inline_hide":true,"min_date":{"type":"days","val":"2"},"max_date":{"type":"days","val":"365"},"date_pic_conf":{"disabledWeeks":[6],"disabledDates":["2024-05-19 to 2024-05-25"]},"price":"","cl_rule":"show","col":6,"type":"date","error":false,"enableDesign":false,"LabelColor":"","gt_translate_keys":["label","placeholder","description","tooltip"],"price_dependency":false,"cl_dependency":false,"value":""}],[{"active":true,"col":6,"relations":false,"cl_rule":"show","enableCl":false,"price":"","enablePrice":false,"className":"","label_position":"default","desc_position":"default","type":"content","required":false,"elementId":"content_10661bc90f5e917","label":"People","name":"content_10661bc90f5e917","contentType":"plain","value":"","error":false,"show_in_checkout":true,"inline":false,"gt_translate_keys":["label","value"],"price_dependency":false,"cl_dependency":false}],[{"active":true,"col":6,"relations":[{"operator":false,"rules":[{"operator":"AND","rules":{"cl_field":"","cl_relation":"","cl_val":""}}]}],"cl_rule":"show","enableCl":true,"price":"61","enablePrice":true,"className":"","label_position":"default","desc_position":"default","type":"radio-group","required":false,"elementId":"radio-group_5661bc90f5e923","label":"","name":"radio-group_5661bc90f5e923","values":[{"label":"\ud83d\udc64 Adult (61\u20ac)","value":"Adult","selected":true,"tempId":"aco_32","tooltip":"+15 Years","description":"","gt_translate_keys":["label","tooltip","description"]}],"layOut":"","error":false,"checkUi":"button","priceOptions":"fixed_for_all","pricingType":"fixed","enable_quantity":true,"quantity_label":"","min_quantity":"0","options_tooltip":true,"options_description":true,"gt_translate_keys":["label","quantity_label"],"price_dependency":false,"cl_dependency":false,"value":""}],[{"label":"","active":true,"required":false,"elementId":"radio-group_6661bc90f5e92d","name":"radio-group_6661bc90f5e92d","label_position":"default","desc_position":"default","enablePrice":true,"className":"","enableCl":true,"relations":[{"operator":false,"rules":[{"operator":"AND","rules":{"cl_field":"","cl_relation":"","cl_val":""}}]}],"enable_quantity":true,"quantity_label":"","min_quantity":"0","checkUi":"button","layOut":"","options_tooltip":true,"options_description":true,"values":[{"label":"\ud83d\udc66 Child (37\u20ac)","value":"Child","selected":true,"tempId":"aco_32","tooltip":"2-14 Years","description":"","gt_translate_keys":["label","tooltip","description"]}],"priceOptions":"fixed_for_all","pricingType":"fixed","price":"37","cl_rule":"show","col":6,"type":"radio-group","error":false,"gt_translate_keys":["label","quantity_label"],"price_dependency":false,"cl_dependency":false,"value":""}],[{"active":true,"col":6,"relations":false,"cl_rule":"show","enableCl":false,"price":"","enablePrice":false,"className":"","label_position":"default","desc_position":"default","type":"select","required":false,"elementId":"select_2793421639","label":"\ud83c\udf0e Tour Language","name":"select_2793421639","values":[{"label":"\ud83c\uddec\ud83c\udde7 English","value":"English","selected":false,"tempId":"aco_744","gt_translate_keys":["label"]},{"label":"\ud83c\uddea\ud83c\uddf8 Spanish","value":"Spanish","selected":false,"tempId":"aco_754","gt_translate_keys":["label"]},{"label":"\ud83c\udde9\ud83c\uddf0 Danish","value":"Danish","selected":false,"tempId":"aco_354","gt_translate_keys":["label"]},{"label":"\ud83c\udde9\ud83c\uddea Deutsch","value":"Deutsch","selected":false,"tempId":"aco_355","gt_translate_keys":["label"]},{"label":"\ud83c\uddf3\ud83c\uddf1 Dutch","value":"Dutch","selected":false,"tempId":"aco_356","gt_translate_keys":["label"]},{"label":"\ud83c\uddeb\ud83c\uddee Finnish","value":"Finnish","selected":false,"tempId":"aco_1070","gt_translate_keys":["label"]},{"label":"\ud83c\uddeb\ud83c\uddf7 French","value":"French","selected":false,"tempId":"aco_1278","gt_translate_keys":["label"]},{"label":"\ud83c\udded\ud83c\uddfa Hungarian","value":"Hungarian","selected":false,"tempId":"aco_1396","gt_translate_keys":["label"]},{"label":"\ud83c\uddee\ud83c\uddf9 Italian","value":"Italian","selected":false,"tempId":"aco_1568","gt_translate_keys":["label"]},{"label":"\ud83c\uddf5\ud83c\uddf1 Polish","value":"Polish","selected":false,"tempId":"aco_1650","gt_translate_keys":["label"]},{"label":"\ud83c\uddf7\ud83c\uddf4 Romanian","value":"Romanian","selected":false,"tempId":"aco_1660","gt_translate_keys":["label"]},{"label":"\ud83c\uddf8\ud83c\uddea Swedish","value":"Swedish","selected":false,"tempId":"aco_1922","gt_translate_keys":["label"]}],"dropdown_type":"basic","error":false,"placeholder":"Select Preferred Language","gt_translate_keys":["label","placeholder"],"price_dependency":false,"cl_dependency":false,"value":""}]]},"sec_10661bc90f5e958":{"extra":{"key":"sec_10661bc90f5e958","section_id":"sec_10661bc90f5e958","name":"Shuttle Service?","status":1,"cl_rule":"show","enableCl":false,"relations":[{"operator":false,"rules":[{"operator":"AND","rules":{"cl_field":"radio-group_5661bc90f5e8f5","cl_relation":"is_not_empty","cl_val":""}}]}],"toggle":true,"title_tag":"h4","show_title":false,"showPrice":"default","form_id":11259,"form_rules":{"exclude_from_discount":true,"fee_label":"Fee","disp_hide_options_price":true,"disp_show_section_price":false,"disp_show_field_price":true,"layout_option":"standard","pric_use_as_fee":false,"process_fee_as":"woo_fee"},"layout_option":"standard"},"fields":[[{"active":true,"col":6,"relations":false,"cl_rule":"show","enableCl":false,"price":"","enablePrice":false,"className":"","label_position":"default","desc_position":"default","type":"separator","required":false,"elementId":"separator_2797064121","label":"Separator Field","height":"4","separatorType":"blank","error":false,"gt_translate_keys":["label"],"price_dependency":false,"cl_dependency":false,"value":""}],[{"active":true,"col":6,"relations":[{"operator":false,"rules":[{"operator":"or","rules":{"cl_field":"checkbox_9661bc90f5e962","cl_relation":"is_empty","cl_val":"Adult (57\u20ac)"}},{"operator":"AND","rules":{"cl_field":"checkbox_9661bc90f5e962","cl_relation":"is","cl_val":false}}]}],"cl_rule":"show","enableCl":true,"price":"","enablePrice":false,"className":"","label_position":"default","desc_position":"default","type":"text","subtype":"text","required":false,"elementId":"text_4981331526","label":"\ud83d\ude8c South Tenerife Free Pickup","name":"text_4981331526","value":"","description":"Free pick-up service in Tenerife South. Simply provide your address or hotel name.","error":false,"gt_translate_keys":["label","description","value"],"price_dependency":false,"cl_dependency":false}],[{"active":true,"col":6,"relations":false,"cl_rule":"show","enableCl":false,"price":"","enablePrice":false,"className":"","label_position":"default","desc_position":"default","type":"separator","required":false,"elementId":"separator_8316621916","label":"Separator Field","height":"10","separatorType":"blank","gt_translate_keys":["label"],"price_dependency":false,"cl_dependency":false,"value":""}],[{"active":true,"col":6,"relations":false,"cl_rule":"show","enableCl":false,"price":"({field.radio-group_5661bc90f5e923.quantity}*13)+({field.radio-group_6661bc90f5e92d.quantity}*8)","enablePrice":true,"className":"","label_position":"default","desc_position":"below","type":"checkbox","required":false,"elementId":"checkbox_9661bc90f5e962","label":"Pickup from North Tenerife? (13\u20ac)","name":"checkbox_9661bc90f5e962","value":"","check_value":"Yes","checkUi":"toggle","error":false,"description":"Pick-up from your hotel in North Tenerife available for an extra \u20ac13\/adult and \u20ac8\/child.","pricingType":"custom","isTemplate":false,"gt_translate_keys":["label","description","value","check_value"],"price_dependency":false,"cl_dependency":["text_4981331526","text_4981331526","text-6367321769"]}],[{"label":"\ud83d\ude8c North Tenerife Pickup Location","active":true,"required":false,"elementId":"text-6367321769","value":"","description":"Pick-up service in Tenerife North. Simply provide your address or hotel name.","name":"text-6367321769","label_position":"default","desc_position":"default","enablePrice":false,"className":"","enableCl":true,"relations":[{"operator":false,"rules":[{"operator":"AND","rules":{"cl_field":"checkbox_9661bc90f5e962","cl_relation":"is","cl_val":true}}]}],"subtype":"text","price":"","cl_rule":"show","col":6,"type":"text","error":false,"gt_translate_keys":["label","description","value"],"price_dependency":false,"cl_dependency":false}]]}},"config":{"price_override":"always","enable_recaptcha":false,"bind_quantity":false,"quantity_bind_formula":false,"disp_summ_show_option_price":true,"disp_summ_show_product_price":false,"disp_summ_show_total_price":true,"disp_summ_show_fee":true,"disp_summ_show_discount":true,"summary_title":"","options_total_label":"Options Price","total_label":"Total Amount","options_product_label":"Product Price","fee_label":"Fee","discount_label":"Discount","has_price":true,"has_quantity_formula":false},"mc_unit":1,"tax_rate":1,"tax_rate_real":1,"discount":{"percentage":0,"fixed":0},"design":{"conf":{"LabelPosition":"above","DescPosition":"above","UploadField":"custom_1","QuantityFieldStyle":"custom_1"},"css":{"LeftLabelWidth":"120px"}},"formulas":[],"lookuptables":[],"clones":false,"cartKey":false}},"_links":{"self":[{"href":"https:\/\/canaryvip.com\/fr\/wp-json\/wp\/v2\/product\/10522","targetHints":{"allow":["GET"]}}],"collection":[{"href":"https:\/\/canaryvip.com\/fr\/wp-json\/wp\/v2\/product"}],"about":[{"href":"https:\/\/canaryvip.com\/fr\/wp-json\/wp\/v2\/types\/product"}],"replies":[{"embeddable":true,"href":"https:\/\/canaryvip.com\/fr\/wp-json\/wp\/v2\/comments?post=10522"}],"wp:featuredmedia":[{"embeddable":true,"href":"https:\/\/canaryvip.com\/fr\/wp-json\/wp\/v2\/media\/10706"}],"wp:attachment":[{"href":"https:\/\/canaryvip.com\/fr\/wp-json\/wp\/v2\/media?parent=10522"}],"wp:term":[{"taxonomy":"product_brand","embeddable":true,"href":"https:\/\/canaryvip.com\/fr\/wp-json\/wp\/v2\/product_brand?post=10522"},{"taxonomy":"product_cat","embeddable":true,"href":"https:\/\/canaryvip.com\/fr\/wp-json\/wp\/v2\/product_cat?post=10522"},{"taxonomy":"product_tag","embeddable":true,"href":"https:\/\/canaryvip.com\/fr\/wp-json\/wp\/v2\/product_tag?post=10522"}],"curies":[{"name":"wp","href":"https:\/\/api.w.org\/{rel}","templated":true}]}}