{"id":10465,"date":"2024-03-22T00:31:19","date_gmt":"2024-03-22T00:31:19","guid":{"rendered":"https:\/\/canaryvip.com\/?post_type=product&#038;p=10465"},"modified":"2025-08-09T12:48:53","modified_gmt":"2025-08-09T11:48:53","slug":"kayaking-tenerife","status":"publish","type":"product","link":"https:\/\/canaryvip.com\/fr\/shop\/kayaking-tenerife\/","title":{"rendered":"Kayak avec les tortues Tenerife"},"content":{"rendered":"<h2><strong>\ud83d\udea3 Kayak Tenerife - Pagayez \u00e0 travers le paradis<\/strong><\/h2>\n<p>D\u00e9couvrez la beaut\u00e9 des eaux sereines de T\u00e9n\u00e9rife gr\u00e2ce \u00e0 nos services in\u00e9gal\u00e9s de p\u00eache \u00e0 la ligne. <strong>Aventures en kayak.<\/strong>\u00a0Ressentez la joie de fendre la mer, o\u00f9 l'excitation des sports actifs se m\u00eale \u00e0 l'\u00e9treinte apaisante de la nature. Avec nos <strong>kayak Tenerife<\/strong> visites, t\u00e9moignage <a href=\"https:\/\/canaryvip.com\/fr\/tenerife\/boat-excursions\/\"><strong>observations de dauphins<\/strong><\/a> et <strong>plong\u00e9e avec masque et tuba avec les tortues<\/strong> de mani\u00e8re respectueuse et non intrusive, offrant ainsi une retraite id\u00e9ale aux amoureux de la nature.<\/p>\n<h3><strong>\u23f1\ufe0f Exploration de l'oc\u00e9an en kayak \u00e0 Tenerife<\/strong><\/h3>\n<ul>\n<li><strong>L'aventure :<\/strong> Lancez votre <strong>kayak Tenerife<\/strong> Les excursions de T\u00e9n\u00e9rife se font \u00e0 partir des rives de Los Cristianos, pour un m\u00e9lange d'exercice aquatique et d'attrait pour la haute mer. Nos excursions promettent une pagaie vigoureuse et des rencontres personnelles avec la vie marine vibrante de T\u00e9n\u00e9riffe.<\/li>\n<li><strong>Caract\u00e9ristiques :<\/strong> Bien que les observations d'animaux sauvages puissent varier, nous nous engageons \u00e0 offrir un environnement extraordinaire \u00e0 nos visiteurs. <strong>kayak Tenerife<\/strong> reste constante.<\/li>\n<li><strong>Avantages suppl\u00e9mentaires :<\/strong> Au-del\u00e0 des sensations fortes que procure le kayak, profitez-en pour faire de la plong\u00e9e avec masque et tuba dans les eaux cristallines de Palm Mar, un sanctuaire pour les tortues de mer et une pl\u00e9thore d'esp\u00e8ces marines. Vous enrichirez ainsi votre aventure en vous rapprochant des merveilles de l'oc\u00e9an.<\/li>\n<\/ul>\n<h3><strong>\ud83c\udf0a Rencontre avec la vie marine en kayak \u00e0 Tenerife<\/strong><\/h3>\n<ul>\n<li><strong>Exp\u00e9rience :<\/strong> Pagayez dans les eaux calmes de T\u00e9n\u00e9rife \u00e0 bord d'un de nos bateaux. <strong>excursions en kayak<\/strong> pour avoir la chance d'observer les dauphins dans leur environnement naturel. Bien qu'il soit interdit de nager avec les dauphins, nos excursions cultivent un sentiment de respect et d'admiration pour ces magnifiques cr\u00e9atures.<\/li>\n<li><strong>Faits marquants :<\/strong> Le segment \"snorkeling\" vous permet de plonger dans le monde sous-marin, avec une forte probabilit\u00e9 de nager \u00e0 c\u00f4t\u00e9 de tortues et de raies, mettant en valeur la splendeur et la diversit\u00e9 de la vie marine de T\u00e9n\u00e9riffe.<\/li>\n<li><strong>Commodit\u00e9 :<\/strong> Optez pour notre service de ramassage sans stress, moyennant un l\u00e9ger suppl\u00e9ment, et garantissez un d\u00e9part en douceur pour votre voyage. <strong>kayak Tenerife<\/strong> l'aventure. Nous accordons la priorit\u00e9 \u00e0 votre confort, en veillant \u00e0 ce que chaque \u00e9tape de votre voyage se d\u00e9roule sans encombre.<\/li>\n<\/ul>\n<h3>\ud83c\udf1f Informations essentielles pour votre exp\u00e9rience de kayak \u00e0 Tenerife<\/h3>\n<ul>\n<li><strong>Assurance de la s\u00e9curit\u00e9<\/strong>: Chaque <strong>kayak Tenerife<\/strong> est soutenue par notre engagement en mati\u00e8re de s\u00e9curit\u00e9. Nous organisons des s\u00e9ances d'information d\u00e9taill\u00e9es sur la s\u00e9curit\u00e9 avant chaque excursion et \u00e9quipons tous les participants d'un mat\u00e9riel essentiel, notamment de gilets de sauvetage et d'\u00e9quipements de plong\u00e9e avec tuba, pour que l'aventure soit s\u00fbre et agr\u00e9able.<\/li>\n<li><strong>Guides multilingues<\/strong>: Nos guides qualifi\u00e9s parlent couramment l'anglais et l'espagnol, et fournissent des commentaires personnalis\u00e9s et instructifs tout au long de votre voyage. <strong>kayak Tenerife<\/strong> excursion. Cela garantit une atmosph\u00e8re accueillante pour les aventuriers internationaux, rendant chaque moment de votre voyage \u00e0 la fois engageant et \u00e9ducatif.<\/li>\n<li><strong>Instruction des experts<\/strong>: Avant votre <strong>kayak Tenerife<\/strong> Si vous \u00eates d\u00e9butant ou exp\u00e9riment\u00e9, notre \u00e9quipe vous donne des conseils d'experts sur les techniques de kayak et les pratiques de s\u00e9curit\u00e9. Que vous soyez d\u00e9butant ou que vous ayez d\u00e9j\u00e0 de l'exp\u00e9rience, nos conseils visent \u00e0 renforcer votre confiance et votre plaisir sur l'eau.<\/li>\n<\/ul>\n<h3>\ud83d\udcc5 <strong>R\u00e9servez d\u00e8s maintenant votre aventure en kayak \u00e0 Tenerife<\/strong><\/h3>\n<p>Notre <strong>Excursions en kayak \u00e0 Tenerife<\/strong> sont soigneusement con\u00e7us pour vous plonger dans les merveilles naturelles de l'\u00eele et vous offrir une exp\u00e9rience unique qui vous rapproche de la mer.<br \/>\nLes places se remplissant rapidement, nous vous recommandons de r\u00e9server \u00e0 l'avance. Choisir <strong>CanaryVIP<\/strong> pour un processus de r\u00e9servation en douceur, garantissant ainsi votre place dans ce paradis aquatique.<\/p>\n<h3>\u2705 <strong>Qu'est-ce qui est inclus dans votre voyage en kayak \u00e0 T\u00e9n\u00e9rife ?<\/strong><\/h3>\n<ul>\n<li>Service optionnel de prise en charge et de d\u00e9pose pour une somme modique, afin d'agr\u00e9menter votre aventure.<\/li>\n<li>Une visite guid\u00e9e par des instructeurs exp\u00e9riment\u00e9s, fusionnant les excursions de kayak et de plong\u00e9e avec tuba.<\/li>\n<li>Environ une heure et demie de kayak, compl\u00e9t\u00e9e par une s\u00e9ance de plong\u00e9e en apn\u00e9e de 30 minutes pour explorer le monde sous-marin.<\/li>\n<li>Des casiers pour ranger vos affaires en toute s\u00e9curit\u00e9 pendant que vous profitez des exp\u00e9riences aquatiques.<\/li>\n<li>Un guide multilingue pour une communication claire et une exp\u00e9rience enrichissante.<\/li>\n<\/ul>\n<h3><strong>\u2696\ufe0f Politique de r\u00e9servation et d'annulation pour le kayak \u00e0 Tenerife :<\/strong><\/h3>\n<ul>\n<li><strong>Planifiez \u00e0 l'avance :<\/strong> R\u00e9servez t\u00f4t pour vous assurer une place et b\u00e9n\u00e9ficiez d'une r\u00e9duction sp\u00e9ciale gr\u00e2ce \u00e0 CanaryVIP. N'oubliez pas que les aventures en kayak, en particulier celles qui permettent de rencontrer des animaux sauvages, sont tr\u00e8s demand\u00e9es.<\/li>\n<li><strong>Annulations flexibles :<\/strong> La vie peut \u00eatre impr\u00e9visible. Annulez jusqu'\u00e0 24 heures avant votre excursion et vous serez int\u00e9gralement rembours\u00e9. Pour une exp\u00e9rience sans stress, nous comprenons le besoin de flexibilit\u00e9.<\/li>\n<li><strong>Exigences pour les participants :<\/strong> Convient aux personnes en bonne forme physique et \u00e0 l'aise dans l'eau. Aucune exp\u00e9rience pr\u00e9alable en kayak n'est n\u00e9cessaire, mais les participants doivent savoir nager pour la s\u00e9ance de plong\u00e9e en apn\u00e9e.<\/li>\n<\/ul>\n<h3><strong>\ud83c\udf92 Pr\u00e9parer son aventure en kayak :<\/strong><\/h3>\n<ul>\n<li><strong>Ce qu'il faut apporter :<\/strong> Le confort est essentiel pour votre aventure. Enfilez votre maillot de bain sous une combinaison pour les journ\u00e9es plus fra\u00eeches. Les tongs ne sont pas recommand\u00e9es, mais des chaussures solides sont indispensables pour le voyage. N'oubliez pas d'emporter de la cr\u00e8me solaire, un chapeau pour les excursions de jour et une serviette pour l'apr\u00e8s-snorkeling.<\/li>\n<li><strong>Photos souvenirs :<\/strong> Bien que nous ne proposions pas de service photo, nous vous invitons \u00e0 apporter votre appareil photo ou votre t\u00e9l\u00e9phone pour immortaliser les vues \u00e0 couper le souffle. Sachez toutefois que vous transportez ces objets \u00e0 vos risques et p\u00e9rils.<\/li>\n<li><strong>Sant\u00e9 et s\u00e9curit\u00e9 :<\/strong> Pour garantir la s\u00e9curit\u00e9 et la satisfaction de tous les participants, l'activit\u00e9 est d\u00e9conseill\u00e9e aux personnes enceintes de plus de 5 mois. Il est essentiel que tous les kayakistes poss\u00e8dent des connaissances de base en natation, en particulier pour la partie de l'excursion consacr\u00e9e \u00e0 la plong\u00e9e avec masque et tuba.<\/li>\n<\/ul>\n<h3>\u2753 <strong>FAQs : Les r\u00e9ponses \u00e0 vos questions sur le kayak<\/strong><\/h3>\n<ul>\n<li><strong>Dois-je avoir une exp\u00e9rience pr\u00e9alable du kayak ?<\/strong> Pas du tout, nos guides vous donneront les techniques de base pour pagayer. Il suffit d'\u00eatre \u00e0 l'aise dans l'eau et d'\u00eatre pr\u00eat \u00e0 vivre une journ\u00e9e passionnante.<\/li>\n<li><strong>Que dois-je porter ?<\/strong> En plus d'un maillot de bain et d'une cr\u00e8me solaire, il est conseill\u00e9 de porter une combinaison pour les journ\u00e9es plus fra\u00eeches. Nous fournissons tout l'\u00e9quipement de s\u00e9curit\u00e9 et de plong\u00e9e avec tuba n\u00e9cessaire.<\/li>\n<li><strong>Y a-t-il des restrictions d'\u00e2ge ?<\/strong> Les kayakistes doivent \u00eatre \u00e2g\u00e9s de 6 ans ou plus. Les enfants de 6 \u00e0 11 ans doivent \u00eatre accompagn\u00e9s d'un adulte.<\/li>\n<li><strong>Puis-je changer de kayak ?<\/strong> Absolument, vous pouvez choisir de faire du kayak en solo, avec un partenaire ou en groupe de trois, sans que cela n'ait d'incidence sur le prix.<\/li>\n<\/ul>\n<h4><strong>\ud83c\udf1e Pr\u00eat \u00e0 embrasser la mer ?<\/strong><\/h4>\n<p>Plongez dans une exp\u00e9rience inoubliable en kayak au large de Tenerife. Que vous naviguiez dans les eaux de Los Cristianos, que vous admiriez les <strong>dauphins,<\/strong>\u00a0ou <strong>plong\u00e9e avec masque et tuba avec les tortues,<\/strong>\u00a0votre aventure avec <strong>CanaryVIP<\/strong> promet d'\u00eatre un m\u00e9lange de beaut\u00e9, d'exaltation et de souvenirs inoubliables.<br \/>\nR\u00e9servez votre place d\u00e8s aujourd'hui et pr\u00e9parez-vous \u00e0 \u00eatre \u00e9merveill\u00e9 par les merveilles de l'oc\u00e9an ! \ud83d\udea3\u200d\u2640\ufe0f\ud83d\udc2c\ud83d\udc22<\/p>\n<p>Pour une aventure sans pr\u00e9c\u00e9dent sur les eaux vierges de T\u00e9n\u00e9riffe, r\u00e9servez d\u00e8s aujourd'hui votre excursion en kayak aupr\u00e8s de nous !<\/p>","protected":false},"excerpt":{"rendered":"<p><strong>\ud83d\udd0d Kayak Tenerife :<\/strong><br \/>\n\u2705 Paiement s\u00e9curis\u00e9.<br \/>\n\ud83d\udc0b Observation de dauphins et de tortues.<br \/>\n\ud83d\ude80 2h Aventures.<br \/>\n\ud83e\udd3f \u00c9quipement de plong\u00e9e avec tuba fourni.<br \/>\n\ud83d\udd59 Plusieurs heures de d\u00e9part.<br \/>\n\ud83d\udcc5 Disponible tous les jours.<br \/>\n\ud83e\udd11 Meilleur prix garanti.<br \/>\n\ud83d\ude8d Service de navette facultatif.<br \/>\n\ud83d\udc6a R\u00e9ductions pour les familles et les groupes.<br \/>\n\ud83d\udd01 24h Politique d'annulation.<br \/>\n\ud83c\udf0d Guides en anglais et en espagnol.<br \/>\n\ud83c\udf1f R\u00e9servez t\u00f4t et \u00e9conomisez.<br \/>\n\ud83d\udccd D\u00e9part de <a href=\"https:\/\/maps.app.goo.gl\/g9c9rZaJv7igjr3t8\">Los Cristianos<\/a>.<\/p>","protected":false},"featured_media":10794,"comment_status":"open","ping_status":"closed","template":"","meta":{"_acf_changed":false},"product_brand":[],"product_cat":[53],"product_tag":[],"class_list":{"0":"post-10465","1":"product","2":"type-product","3":"status-publish","4":"has-post-thumbnail","6":"product_cat-water-sports","7":"wcpa_has_options","9":"first","10":"instock","11":"sale","12":"virtual","13":"purchasable","14":"product-type-simple"},"acf":[],"wcpa_form_fields":{"wcpaData":{"product":{"product_price":35,"price_html":"From&nbsp;<del aria-hidden=\"true\"><span class=\"woocommerce-Price-amount amount\"><bdi>45,00&nbsp;<span class=\"woocommerce-Price-currencySymbol\">&euro;<\/span><\/bdi><\/span><\/del> <span class=\"screen-reader-text\">Le prix initial \u00e9tait\u00a0: 45,00&nbsp;&euro;.<\/span><ins aria-hidden=\"true\"><span class=\"woocommerce-Price-amount amount\"><bdi>35,00&nbsp;<span class=\"woocommerce-Price-currencySymbol\">&euro;<\/span><\/bdi><\/span><\/ins><span class=\"screen-reader-text\">Le prix actuel est\u00a0: 35,00&nbsp;&euro;.<\/span>","original_product_price":45,"price_including_tax":35,"price_excluding_tax":35,"product_id":{"parent":10465,"variation":false},"is_variable":false,"stock_status":"instock","stock_quantity":null,"parent_sku":"CV10465","product_attributes":[],"custom_fields":[],"is_taxable":false,"product_name":"Kayaking with Turtles Tenerife","hasImage":false},"fields":{"sec_1066337d57eb5e3":{"extra":{"key":"sec_1066337d57eb5e3","section_id":"sec_1066337d57eb5e3","name":"Default","status":1,"cl_rule":"show","enableCl":false,"relations":[],"toggle":true,"title_tag":"h3","show_title":false,"showPrice":"default","form_id":11372,"form_rules":{"exclude_from_discount":true,"fee_label":"Fee","disp_hide_options_price":true,"disp_show_section_price":false,"disp_show_field_price":true,"layout_option":"standard","pric_use_as_fee":false,"process_fee_as":"woo_fee"},"layout_option":"standard"},"fields":[[{"label":"\ud83d\udcc5 Date","active":true,"required":true,"elementId":"date_666337d57eb607","picker_type":"custom","picker_mode":"single","placeholder":"","description":"","tooltip":"","name":"date_666337d57eb607","label_position":"default","desc_position":"default","enablePrice":false,"className":"","enableCl":false,"relations":[{"operator":"and","rules":[{"operator":"AND","rules":{"cl_field":"radio-group_5661bc90f5e8f5","cl_relation":"is_not_empty","cl_val":"3 Hour Trip"}}]}],"date_pic_inline":true,"date_pic_inline_hide":true,"min_date":{"type":"days","val":"0"},"max_date":{"type":"days","val":"365"},"date_pic_conf":{"disabledWeeks":[]},"price":"","cl_rule":"show","col":6,"type":"date","error":false,"enableDesign":false,"LabelColor":"","gt_translate_keys":["label","placeholder","description","tooltip"],"price_dependency":false,"cl_dependency":false,"value":""}],[{"active":true,"col":6,"relations":false,"cl_rule":"show","enableCl":false,"price":"","enablePrice":false,"className":"","label_position":"default","desc_position":"default","type":"select","required":true,"elementId":"select_566337d57eb62f","label":"\u23f0 Departure Time","name":"select_566337d57eb62f","values":[{"label":"Whichever Time is Best","value":"Whichever Time is Best","selected":false,"tempId":"aco_312","gt_translate_keys":["label"]},{"label":"10:00","value":"10:00","selected":false,"tempId":"aco_313","gt_translate_keys":["label"]},{"label":"12:30 (12:30 PM)","value":"12:30","selected":false,"tempId":"aco_314","gt_translate_keys":["label"]},{"label":"14:00 (2:00 PM)","value":"14:00","selected":false,"tempId":"aco_711","gt_translate_keys":["label"]}],"dropdown_type":"basic","error":false,"multiple":false,"placeholder":"None","gt_translate_keys":["label","placeholder"],"price_dependency":false,"cl_dependency":false,"value":""}],[{"active":true,"col":6,"relations":false,"cl_rule":"show","enableCl":false,"price":"","enablePrice":false,"className":"","label_position":"default","desc_position":"default","type":"content","required":false,"elementId":"content_1042762875","label":"","name":"content_1042762875","contentType":"rich","value":"<p>\ud83c\udf9f\ufe0f <strong>Reservation<\/strong>: Pay only a deposit now to reserve; the rest is due on the day of the activity upon arrival.<\/p>","show_in_checkout":true,"error":false,"gt_translate_keys":["label","value"],"price_dependency":false,"cl_dependency":false}],[{"active":true,"col":6,"relations":[{"operator":false,"rules":[{"operator":"AND","rules":{"cl_field":"","cl_relation":"","cl_val":""}}]}],"cl_rule":"show","enableCl":true,"price":"35","enablePrice":true,"className":"","label_position":"default","desc_position":"default","type":"radio-group","required":false,"elementId":"radio-group_166337d57eb617","label":"","name":"radio-group_166337d57eb617","values":[{"label":"\ud83d\udc64 Adult (35\u20ac)","value":"Adult","selected":true,"tempId":"aco_32","tooltip":"+11 Years","description":"","gt_translate_keys":["label","tooltip","description"]}],"layOut":"","error":false,"checkUi":"button","priceOptions":"fixed_for_all","pricingType":"fixed","enable_quantity":true,"quantity_label":"","min_quantity":"0","options_tooltip":true,"options_description":true,"is_show_price":true,"gt_translate_keys":["label","quantity_label"],"price_dependency":false,"cl_dependency":false,"value":""}],[{"label":"","active":true,"required":false,"elementId":"radio-group_166337d57eb624","name":"radio-group_166337d57eb624","label_position":"default","desc_position":"default","enablePrice":true,"className":"","enableCl":true,"relations":[{"operator":false,"rules":[{"operator":"AND","rules":{"cl_field":"","cl_relation":"","cl_val":""}}]}],"enable_quantity":true,"quantity_label":"","min_quantity":"0","checkUi":"button","layOut":"","options_tooltip":true,"options_description":true,"values":[{"label":"\ud83d\udc66 Child (20\u20ac)","value":"Child","selected":true,"tempId":"aco_32","tooltip":"6-10 Years","description":"","gt_translate_keys":["label","tooltip","description"]}],"priceOptions":"fixed_for_all","pricingType":"fixed","price":"20","cl_rule":"show","col":6,"type":"radio-group","error":false,"is_show_price":true,"gt_translate_keys":["label","quantity_label"],"price_dependency":false,"cl_dependency":false,"value":""}],[{"active":true,"col":6,"relations":false,"cl_rule":"show","enableCl":false,"price":"","enablePrice":false,"className":"","label_position":"default","desc_position":"default","type":"separator","required":false,"elementId":"separator_9019492152","label":"Separator Field","height":"6","separatorType":"fill","error":false,"separatorColor":"#66a6b6","gt_translate_keys":["label"],"price_dependency":false,"cl_dependency":false,"value":""}],[{"active":true,"col":6,"relations":false,"cl_rule":"show","enableCl":false,"price":"({field.radio-group_166337d57eb617.quantity}*10)+({field.radio-group_166337d57eb624.quantity}*7.50)","enablePrice":true,"className":"","label_position":"default","desc_position":"default","type":"content","required":false,"elementId":"content_8712621725","label":"Deposit Now","name":"content_8712621725","contentType":"plain","value":"","error":false,"pricingType":"custom","isTemplate":false,"is_show_price":false,"show_in_checkout":true,"enableDesign":true,"LabelSize":"14px","inline":true,"gt_translate_keys":["label","value"],"price_dependency":["content-8850121983"],"cl_dependency":false}],[{"contentType":"plain","active":true,"label":"Payment at Arrival","elementId":"content-8797651822","value":"","name":"content-8797651822","enablePrice":true,"className":"","enableCl":false,"relations":false,"price":"({field.radio-group_166337d57eb617.quantity}*25)+({field.radio-group_166337d57eb624.quantity}*12.50)","cl_rule":"show","col":6,"type":"content","error":false,"is_show_price":true,"pricingType":"custom","isTemplate":false,"show_in_checkout":true,"enableDesign":true,"LabelSize":"14px","inline":true,"gt_translate_keys":["label","value"],"price_dependency":["content-8850121983"],"cl_dependency":false}],[{"contentType":"plain","active":true,"label":"Total Amount","elementId":"content-8850121983","value":"","name":"content-8850121983","enablePrice":true,"className":"","enableCl":false,"relations":false,"price":"{field.content_8712621725.price}+{field.content-8797651822.price}","cl_rule":"show","col":6,"type":"content","error":false,"is_show_price":true,"pricingType":"custom","isTemplate":false,"show_in_checkout":true,"enableDesign":true,"LabelSize":"14px","inline":true,"gt_translate_keys":["label","value"],"price_dependency":false,"cl_dependency":false}]]},"sec_he1t7j115":{"extra":{"key":"sec_he1t7j115","section_id":"sec_he1t7j115","name":"Pickup","status":1,"cl_rule":"show","enableCl":false,"relations":[],"toggle":true,"title_tag":"h4","show_title":false,"showPrice":"default","form_id":11372,"form_rules":{"exclude_from_discount":true,"fee_label":"Fee","disp_hide_options_price":true,"disp_show_section_price":false,"disp_show_field_price":true,"layout_option":"standard","pric_use_as_fee":false,"process_fee_as":"woo_fee"},"layout_option":"standard"},"fields":[[{"active":true,"col":6,"relations":false,"cl_rule":"show","enableCl":false,"price":"","enablePrice":false,"className":"","label_position":"default","desc_position":"default","type":"text","subtype":"text","required":false,"elementId":"text_0736264724","label":"\ud83d\ude8c Pickup Location","name":"text_0736264724","value":"","error":false,"description":"Pick-up service in Tenerife South available for an extra 2\u20ac per person, to be paid on arrival. Please provide your address or hotel name to book the shuttle service; if not needed, leave it blank. | For Callao Salvaje and Palm-Mar, the extra cost is 4\u20ac per person | El M\u00e9dano: 15\u20ac per car | Golf del Sur: 10\u20ac per car.","gt_translate_keys":["label","description","value"],"price_dependency":false,"cl_dependency":false}]]}},"config":{"price_override":"always","enable_recaptcha":false,"bind_quantity":false,"quantity_bind_formula":false,"disp_summ_show_option_price":true,"disp_summ_show_product_price":false,"disp_summ_show_total_price":false,"disp_summ_show_fee":true,"disp_summ_show_discount":true,"summary_title":"","options_total_label":"Options Price","total_label":"Total Amount","options_product_label":"Product Price","fee_label":"Fee","discount_label":"Discount","has_price":true,"has_quantity_formula":false},"mc_unit":1,"tax_rate":1,"tax_rate_real":1,"discount":{"percentage":0,"fixed":0},"design":{"conf":{"LabelPosition":"above","DescPosition":"above","UploadField":"custom_1","QuantityFieldStyle":"custom_1"},"css":{"LeftLabelWidth":"120px"}},"formulas":[],"lookuptables":[],"clones":false,"cartKey":false}},"_links":{"self":[{"href":"https:\/\/canaryvip.com\/fr\/wp-json\/wp\/v2\/product\/10465","targetHints":{"allow":["GET"]}}],"collection":[{"href":"https:\/\/canaryvip.com\/fr\/wp-json\/wp\/v2\/product"}],"about":[{"href":"https:\/\/canaryvip.com\/fr\/wp-json\/wp\/v2\/types\/product"}],"replies":[{"embeddable":true,"href":"https:\/\/canaryvip.com\/fr\/wp-json\/wp\/v2\/comments?post=10465"}],"wp:featuredmedia":[{"embeddable":true,"href":"https:\/\/canaryvip.com\/fr\/wp-json\/wp\/v2\/media\/10794"}],"wp:attachment":[{"href":"https:\/\/canaryvip.com\/fr\/wp-json\/wp\/v2\/media?parent=10465"}],"wp:term":[{"taxonomy":"product_brand","embeddable":true,"href":"https:\/\/canaryvip.com\/fr\/wp-json\/wp\/v2\/product_brand?post=10465"},{"taxonomy":"product_cat","embeddable":true,"href":"https:\/\/canaryvip.com\/fr\/wp-json\/wp\/v2\/product_cat?post=10465"},{"taxonomy":"product_tag","embeddable":true,"href":"https:\/\/canaryvip.com\/fr\/wp-json\/wp\/v2\/product_tag?post=10465"}],"curies":[{"name":"wp","href":"https:\/\/api.w.org\/{rel}","templated":true}]}}