{"id":10186,"date":"2024-03-28T05:27:33","date_gmt":"2024-03-28T05:27:33","guid":{"rendered":"https:\/\/canaryvip.com\/?post_type=product&#038;p=10186"},"modified":"2025-06-28T23:11:45","modified_gmt":"2025-06-28T22:11:45","slug":"rent-a-car-tenerife","status":"publish","type":"product","link":"https:\/\/canaryvip.com\/fr\/shop\/rent-a-car-tenerife\/","title":{"rendered":"Louer une voiture \u00e0 Tenerife"},"content":{"rendered":"<h2>\ud83d\ude99 D\u00e9couvrez Tenerife gr\u00e2ce \u00e0 notre service de location de voitures de premier ordre<\/h2>\n<p>D\u00e9couvrez la libert\u00e9 ultime d'explorer les paysages \u00e9poustouflants de T\u00e9n\u00e9riffe \u00e0 votre rythme. Nos <strong>Louer une voiture \u00e0 Tenerife<\/strong> service sur <strong>CanaryVIP<\/strong> offre une commodit\u00e9 et une flexibilit\u00e9 in\u00e9gal\u00e9es pour votre voyage sur l'\u00eele. Qu'il s'agisse de prendre le soleil sur des plages immacul\u00e9es ou de faire des randonn\u00e9es dans les majestueux <a href=\"https:\/\/canaryvip.com\/fr\/discover-the-teide-the-ultimate-guide-iconic-volcano\/\">Parc national de Teide,<\/a>\u00a0et d\u00e9couvrir les joyaux cach\u00e9s de l'\u00eele, notre flotte diversifi\u00e9e est votre billet pour une aventure inoubliable.<\/p>\n<h3>\u2b50\ufe0f Pourquoi choisir Rent a Car Tenerife ?<\/h3>\n<p>Choisir de <strong>louer une voiture \u00e0 Tenerife<\/strong> avec CanaryVIP, c'est s'offrir le cadeau de la libert\u00e9. Vous n'\u00eates plus soumis aux contraintes des transports publics ou aux horaires rigides des circuits organis\u00e9s. Vous avez la libert\u00e9 d'explorer cette \u00eele \u00e9tonnante \u00e0 votre propre rythme et selon vos propres centres d'int\u00e9r\u00eat.<\/p>\n<ul>\n<li><strong>Flexibilit\u00e9 :<\/strong> Notre <strong>Service de location de voitures \u00e0 Tenerife<\/strong> vous permet de concevoir votre itin\u00e9raire. Du lever au coucher du soleil, vous d\u00e9cidez de ce que vous voulez voir et quand.<\/li>\n<li><strong>Vari\u00e9t\u00e9 :<\/strong> Notre flotte est diversifi\u00e9e et r\u00e9pond \u00e0 toutes les pr\u00e9f\u00e9rences et \u00e0 tous les besoins. Que vous recherchiez une voiture compacte pour des excursions en ville ou un SUV spacieux pour des aventures en terrain accident\u00e9, nous sommes l\u00e0 pour vous aider. <strong>Tenerife Sud,<\/strong>\u00a0nous avons tout ce qu'il faut.<\/li>\n<li><strong>Prix comp\u00e9titifs :<\/strong> Nous nous effor\u00e7ons de proposer des prix abordables sans sacrifier la qualit\u00e9. Nos services <strong>location de voitures<\/strong> \u00e0 T\u00e9n\u00e9rife ont \u00e9t\u00e9 con\u00e7ues pour vous offrir le meilleur rapport qualit\u00e9-prix et vous permettre d'explorer l'\u00eele \u00e0 moindres frais.<\/li>\n<li><strong>Commodit\u00e9 :<\/strong> La prise en charge de votre voiture de location se fait \u00e0 partir d'endroits cl\u00e9s tels que <strong><a href=\"https:\/\/maps.app.goo.gl\/YAWX2KPn75tN8YMUA\" target=\"_blank\" rel=\"noopener\">A\u00e9roport de Tenerife Sud<\/a>.<\/strong>\u00a0D\u00e8s votre atterrissage, votre aventure \u00e0 T\u00e9n\u00e9rife commence sans tarder.<\/li>\n<\/ul>\n<h4>\ud83c\udf0d Explorer Tenerife comme jamais auparavant<\/h4>\n<p>L'attrait de T\u00e9n\u00e9riffe ne r\u00e9side pas seulement dans ses plages c\u00e9l\u00e8bres et ses sites touristiques, mais aussi dans ses lieux moins connus. Avec <strong>location de voiture Tenerife,<\/strong>\u00a0vous \u00eates \u00e9quip\u00e9 pour explorer la riche histoire de l'\u00eele, sa culture vibrante et sa beaut\u00e9 naturelle \u00e9poustouflante. Traversez des villages pittoresques, visitez des march\u00e9s locaux et trouvez votre propre coin de paradis sur des plages isol\u00e9es.<\/p>\n<h4>\ud83d\udd0d D\u00e9couvrez-en plus avec la location de voiture \u00e0 Tenerife<\/h4>\n<p>\u00c0 T\u00e9n\u00e9rife, chaque tournant est une nouvelle d\u00e9couverte, et avec la <strong>CanaryVIP's rent a car in Tenerife,<\/strong>\u00a0vous \u00eates libre d'admirer chaque coucher de soleil, de gravir chaque montagne et de vous impr\u00e9gner de chaque vue. Allez au-del\u00e0 des guides et faites de votre voyage une anthologie d'exp\u00e9riences personnelles et de souvenirs inoubliables.<\/p>\n<h4>\u2705 Une r\u00e9servation facilit\u00e9e<\/h4>\n<p>Notre processus de r\u00e9servation est simple et convivial. S\u00e9lectionnez le v\u00e9hicule de votre choix, choisissez votre dur\u00e9e de location et ajoutez tous les extras dont vous pourriez avoir besoin, le tout en quelques clics. Notre objectif est de rendre votre <strong>location de voiture \u00e0 Tenerife<\/strong> L'exp\u00e9rience de l'entreprise est aussi facile que possible et ne pose aucun probl\u00e8me.<\/p>\n<h4>\ud83d\udee1\ufe0f S\u00e9curit\u00e9 et confort<\/h4>\n<p>Votre s\u00e9curit\u00e9 et votre confort sont primordiaux. Chaque v\u00e9hicule de notre flotte est m\u00e9ticuleusement entretenu pour r\u00e9pondre aux normes de s\u00e9curit\u00e9 et de performance les plus \u00e9lev\u00e9es. Lorsque vous optez pour <strong>location de voitures \u00e0 Tenerife Sud,<\/strong>\u00a0vous pouvez \u00eatre assur\u00e9 que votre confort et votre bien-\u00eatre sont pris en compte.<\/p>\n<h4>\ud83c\udf31 Voyages durables<\/h4>\n<p>Nous sommes engag\u00e9s dans des initiatives de voyage respectueuses de l'environnement. Notre s\u00e9lection de v\u00e9hicules comprend des options respectueuses de l'environnement, vous permettant d'explorer la beaut\u00e9 naturelle de T\u00e9n\u00e9riffe tout en minimisant votre empreinte carbone.<\/p>\n<h4>\ud83d\udd11 D\u00e9couvrez le meilleur de Tenerife<\/h4>\n<p>Tenerife est une \u00eele o\u00f9 l'aventure et la beaut\u00e9 sont infinies, depuis ses c\u00f4tes baign\u00e9es de soleil jusqu'aux hauteurs mystiques du Teide. Avec notre <strong>les services de location de voitures,<\/strong>\u00a0chaque coin de cette \u00eele enchanteresse est \u00e0 votre port\u00e9e. <strong>Louer une voiture \u00e0 Tenerife<\/strong> et partir pour un voyage de d\u00e9couverte et d'\u00e9merveillement.<\/p>\n<h3>\ud83d\udcd6 Comment r\u00e9server votre voiture de location<\/h3>\n<p>Obtenir votre <strong>louer une voiture \u00e0 Tenerife<\/strong> n'est qu'\u00e0 quelques clics. Notre syst\u00e8me de r\u00e9servation en ligne intuitif est con\u00e7u pour vous faciliter la t\u00e2che. Il vous permet de choisir votre voiture, de d\u00e9finir la dur\u00e9e de votre location et de g\u00e9rer votre r\u00e9servation en toute simplicit\u00e9. La confirmation est rapide, ce qui vous permet d'\u00eatre pr\u00eat \u00e0 explorer d\u00e8s votre arriv\u00e9e.<\/p>\n<h4>\ud83d\ude80 L'aventure vous attend<\/h4>\n<p>L'aventure \u00e0 T\u00e9n\u00e9rife, ce n'est pas seulement les destinations, c'est aussi les voyages entre elles. Chaque itin\u00e9raire que vous empruntez avec votre <strong>location de voiture \u00e0 Tenerife<\/strong> d\u00e9voile quelque chose de nouveau - une crique cach\u00e9e, un point de vue \u00e0 couper le souffle ou un restaurant local qui propose des saveurs que vous n'avez jamais go\u00fbt\u00e9es auparavant. Avec CanaryVIP, les secrets les mieux gard\u00e9s de l'\u00eele deviennent accessibles, transformant votre voyage en une v\u00e9ritable chasse au tr\u00e9sor.<\/p>\n<h4>\u23f3 Faire en sorte que chaque instant compte<\/h4>\n<p>Lorsque vous <strong>louer une voiture \u00e0 Tenerife,<\/strong>\u00a0vous ne faites pas que gagner du temps, vous faites en sorte que chaque instant de vos vacances compte. Conduisez jusqu'aux magnifiques falaises de Los Gigantes pour admirer le coucher du soleil, ou trouvez le r\u00e9confort sur les sentiers sereins du parc rural d'Anaga. \u00c0 T\u00e9n\u00e9rife, vous pouvez passer votre temps comme bon vous semble, sans les contraintes des visites programm\u00e9es et des transports publics.<\/p>\n<h4>\ud83e\uddf3 Adapt\u00e9 \u00e0 vos besoins<\/h4>\n<p>Comprenant que chaque voyageur a des besoins uniques, notre <strong>location de voiture Tenerife<\/strong> offrent un large \u00e9ventail d'options pour r\u00e9pondre \u00e0 toutes les pr\u00e9f\u00e9rences et \u00e0 tous les besoins. Des cabriolets de luxe qui vous permettent de sentir la brise de l'oc\u00e9an aux monospaces familiaux \u00e9quip\u00e9s pour le confort, <strong>CanaryVIP<\/strong> garantit que votre v\u00e9hicule correspond au voyage que vous envisagez.<\/p>\n<h3>\ud83c\udf1f Un engagement pour l'excellence<\/h3>\n<p>Au <strong>CanaryVIP<\/strong>L'excellence est au c\u0153ur de tout ce que nous faisons. De la qualit\u00e9 de nos v\u00e9hicules \u00e0 notre service \u00e0 la client\u00e8le, nous nous effor\u00e7ons de d\u00e9passer vos attentes. Notre \u00e9quipe est toujours pr\u00eate \u00e0 vous faire des recommandations, \u00e0 vous aider \u00e0 trouver des itin\u00e9raires ou \u00e0 vous apporter tout le soutien dont vous avez besoin pendant votre voyage. <strong>location de voiture \u00e0 Tenerife<\/strong> exp\u00e9rience. Nous ne sommes pas un simple service, nous sommes votre partenaire de voyage \u00e0 Tenerife.<\/p>\n<h4>\ud83d\udddd\ufe0f Saisir l'opportunit\u00e9<\/h4>\n<p>La beaut\u00e9 de T\u00e9n\u00e9riffe n'attend personne, et avec CanaryVIP, il n'a jamais \u00e9t\u00e9 aussi facile de saisir l'occasion d'explorer cette \u00eele paradisiaque. Ne laissez pas la chance de cr\u00e9er votre propre aventure vous \u00e9chapper. <strong>Louer une voiture \u00e0 Tenerife<\/strong> d\u00e8s aujourd'hui et prenez le contr\u00f4le de vos vacances, en cr\u00e9ant un voyage aussi unique que vous.<\/p>\n<h4>\u2764\ufe0f R\u00e9servez d\u00e8s aujourd'hui votre conduite de r\u00eave<\/h4>\n<p>Pr\u00eat \u00e0 explorer T\u00e9n\u00e9rife \u00e0 votre guise ?<\/p>\n<p>Visiter <strong>CanaryVIP<\/strong> pour r\u00e9server votre voiture de location id\u00e9ale. En quelques clics, vous serez en route pour un voyage inoubliable fait de d\u00e9couvertes, de libert\u00e9 et de pur bonheur d'explorer.<\/p>\n<p>L'aventure vous attend avec le service Rent a Car Tenerife de CanaryVIP. R\u00e9servez d\u00e8s maintenant et d\u00e9couvrez la magie de Tenerife.<\/p>","protected":false},"excerpt":{"rendered":"<p><strong>\ud83d\udd0d Rent a Car Tenerife :<\/strong><br \/>\n\u2705 Paiement s\u00e9curis\u00e9.<br \/>\n\ud83d\ude99 Plusieurs options de voitures.<br \/>\n\ud83d\ude80 De 1 \u00e0 30 jours.<br \/>\n\u2705 Assurance incluse.<br \/>\n\ud83c\udfc1 Kilom\u00e8tres illimit\u00e9s.<br \/>\n\ud83d\udc64 +25 ans peuvent conduire.<br \/>\n\ud83e\udd11 Meilleur prix garanti.<br \/>\n\ud83d\ude8d Livraison gratuite \u00e0 votre h\u00f4tel.<br \/>\n\u2708\ufe0f Livraison et prise en charge \u00e0 l'a\u00e9roport.<br \/>\n\ud83d\udc6a R\u00e9ductions activ\u00e9es.<br \/>\n\ud83c\udf1f R\u00e9servez maintenant et \u00e9conomisez !<\/p>","protected":false},"featured_media":10916,"comment_status":"open","ping_status":"closed","template":"","meta":{"_acf_changed":false},"product_brand":[],"product_cat":[83],"product_tag":[],"class_list":{"0":"post-10186","1":"product","2":"type-product","3":"status-publish","4":"has-post-thumbnail","6":"product_cat-rentals","7":"wcpa_has_options","9":"first","10":"instock","11":"virtual","12":"purchasable","13":"product-type-simple"},"acf":[],"wcpa_form_fields":{"wcpaData":{"product":{"product_price":50,"price_html":"From&nbsp;<span class=\"woocommerce-Price-amount amount\"><bdi>50,00&nbsp;<span class=\"woocommerce-Price-currencySymbol\">&euro;<\/span><\/bdi><\/span>","original_product_price":50,"price_including_tax":50,"price_excluding_tax":50,"product_id":{"parent":10186,"variation":false},"is_variable":false,"stock_status":"instock","stock_quantity":null,"parent_sku":"CV10186","product_attributes":[],"custom_fields":[],"is_taxable":false,"product_name":"Rent a Car Tenerife","hasImage":false},"fields":{"sec_4668282996d361":{"extra":{"key":"sec_4668282996d361","section_id":"sec_4668282996d361","name":"Contact us","status":1,"cl_rule":"show","enableCl":false,"relations":[],"toggle":true,"title_tag":"h3","show_title":false,"showPrice":"default","form_id":12153,"form_rules":{"exclude_from_discount":true,"fee_label":"Fee","disp_hide_options_price":true,"disp_show_section_price":false,"disp_show_field_price":true,"layout_option":"standard","pric_use_as_fee":false,"process_fee_as":"woo_fee"},"layout_option":"standard"},"fields":[[{"active":true,"col":6,"relations":false,"cl_rule":"show","enableCl":false,"price":"","enablePrice":false,"className":"","label_position":"default","desc_position":"default","type":"content","required":false,"elementId":"content_8291538701","label":"","name":"content_8291538701","contentType":"rich","value":"<p><a href=\"https:\/\/api.whatsapp.com\/send\/?phone=34629670312&amp;text&amp;type=phone_number&amp;app_absent=0\" target=\"_blank\"><strong>Contact us on WhatsApp<\/strong><\/a><strong> to get a personalized price for this activity\/excursion\/rental.<\/strong><\/p>","error":false,"subtype":"div","gt_translate_keys":["label","value"],"price_dependency":false,"cl_dependency":false}]]},"sec_16644ac1d03e64":{"extra":{"key":"sec_16644ac1d03e64","section_id":"sec_16644ac1d03e64","name":"Default","status":1,"cl_rule":"show","enableCl":false,"relations":[],"toggle":true,"title_tag":"h3","show_title":false,"showPrice":"default","form_id":11506,"form_rules":{"exclude_from_discount":true,"fee_label":"Fee","disp_hide_options_price":true,"disp_show_section_price":false,"disp_show_field_price":true,"layout_option":"standard","pric_use_as_fee":false,"process_fee_as":"woo_fee"},"layout_option":"standard"},"fields":[]}},"config":{"price_override":"","enable_recaptcha":false,"bind_quantity":false,"quantity_bind_formula":false,"disp_summ_show_option_price":true,"disp_summ_show_product_price":true,"disp_summ_show_total_price":true,"disp_summ_show_fee":true,"disp_summ_show_discount":true,"summary_title":"","options_total_label":"Options Price","total_label":"Total","options_product_label":"Product Price","fee_label":"Fee","discount_label":"Discount","has_price":true,"has_quantity_formula":false},"mc_unit":1,"tax_rate":1,"tax_rate_real":1,"discount":{"percentage":0,"fixed":0},"design":{"conf":{"LabelPosition":"above","DescPosition":"above","UploadField":"custom_1","QuantityFieldStyle":"custom_1"},"css":{"LeftLabelWidth":"120px"}},"formulas":[],"lookuptables":[],"clones":false,"cartKey":false}},"_links":{"self":[{"href":"https:\/\/canaryvip.com\/fr\/wp-json\/wp\/v2\/product\/10186","targetHints":{"allow":["GET"]}}],"collection":[{"href":"https:\/\/canaryvip.com\/fr\/wp-json\/wp\/v2\/product"}],"about":[{"href":"https:\/\/canaryvip.com\/fr\/wp-json\/wp\/v2\/types\/product"}],"replies":[{"embeddable":true,"href":"https:\/\/canaryvip.com\/fr\/wp-json\/wp\/v2\/comments?post=10186"}],"wp:featuredmedia":[{"embeddable":true,"href":"https:\/\/canaryvip.com\/fr\/wp-json\/wp\/v2\/media\/10916"}],"wp:attachment":[{"href":"https:\/\/canaryvip.com\/fr\/wp-json\/wp\/v2\/media?parent=10186"}],"wp:term":[{"taxonomy":"product_brand","embeddable":true,"href":"https:\/\/canaryvip.com\/fr\/wp-json\/wp\/v2\/product_brand?post=10186"},{"taxonomy":"product_cat","embeddable":true,"href":"https:\/\/canaryvip.com\/fr\/wp-json\/wp\/v2\/product_cat?post=10186"},{"taxonomy":"product_tag","embeddable":true,"href":"https:\/\/canaryvip.com\/fr\/wp-json\/wp\/v2\/product_tag?post=10186"}],"curies":[{"name":"wp","href":"https:\/\/api.w.org\/{rel}","templated":true}]}}