{"id":10109,"date":"2024-02-25T19:09:18","date_gmt":"2024-02-25T19:09:18","guid":{"rendered":"https:\/\/canaryvip.com\/?post_type=product&#038;p=10109"},"modified":"2025-11-25T16:28:10","modified_gmt":"2025-11-25T16:28:10","slug":"gulliver-private-yacht-charter-tenerife","status":"publish","type":"product","link":"https:\/\/canaryvip.com\/fr\/shop\/gulliver-private-yacht-charter-tenerife\/","title":{"rendered":"Gulliver : Location de bateaux Tenerife"},"content":{"rendered":"<h2><strong>\ud83d\udee5\ufe0f Yacht Gulliver = Moments inoubliables<\/strong><\/h2>\n<p>Entrez dans un monde de plaisirs maritimes avec le Gulliver Yacht, le premier yacht familial de Tenerife, con\u00e7u pour offrir un m\u00e9lange harmonieux de sensations fortes, de loisirs et d'exp\u00e9riences m\u00e9morables. Ce joyau de 20 m\u00e8tres est le th\u00e9\u00e2tre d'une aventure maritime sans pareille, parfaite pour les familles et les groupes \u00e0 la recherche d'un coin de paradis oc\u00e9anique exclusif.<\/p>\n<h3>\u2b50\ufe0f <strong>Joie et confort \u00e0 bord<\/strong><\/h3>\n<p><span style=\"text-decoration: underline;\"><strong>D\u00e9couvrez les caract\u00e9ristiques exceptionnelles du Gulliver :<\/strong><\/span><\/p>\n<ul>\n<li>Une terrasse spacieuse con\u00e7ue pour que toute la famille puisse en profiter.<\/li>\n<li>Des coussins solaires accueillants pour profiter du soleil en tout confort.<\/li>\n<li>Des jeux d'eau rafra\u00eechissants, dont un toboggan gonflable, des planches \u00e0 pagaie et des scooters sous-marins pour tous les \u00e2ges.<\/li>\n<li>Des options de restauration somptueuses r\u00e9pondant \u00e0 divers besoins alimentaires, y compris des choix sans gluten.<\/li>\n<li>Rafra\u00eechissements illimit\u00e9s : boissons non alcoolis\u00e9es, vin, bi\u00e8re, sangria et cava pour agr\u00e9menter votre voyage en mer.<\/li>\n<\/ul>\n<h4>\ud83d\udea4 <strong>Embarquez pour un voyage de d\u00e9couverte<\/strong><\/h4>\n<p>Votre aventure commence \u00e0 <a href=\"https:\/\/www.google.com\/maps\/place\/Puerto+Col%C3%B3n\/@28.078002,-16.7394902,17z\/data=!3m2!4b1!5s0xc6a97433884bdf9:0x76d293b7b99db23a!4m6!3m5!1s0xc6a9743509c9ebf:0xd62345524f768247!8m2!3d28.078002!4d-16.7369153!16s%2Fg%2F11c6cqryw_?entry=ttu\" target=\"_blank\" rel=\"noopener\">Puerto Col\u00f3n<\/a>Le Gulliver vous attend au c\u0153ur de la vie marine dynamique de Costa Adeje pour vous emmener dans un voyage intime limit\u00e9 \u00e0 12 personnes. Cela vous garantit une exp\u00e9rience personnelle et exclusive, que vous naviguiez pour quelques heures ou que vous vous lanciez dans une grande exploration.<\/p>\n<h4>\ud83c\udf0a <strong>Participer \u00e0 des activit\u00e9s maritimes sans pr\u00e9c\u00e9dent<\/strong><\/h4>\n<p>D\u00e8s que vous montez \u00e0 bord du Gulliver, l'aventure vous appelle. Les eaux envo\u00fbtantes de Tenerife deviennent votre terrain de jeu, offrant des possibilit\u00e9s illimit\u00e9es d'amusement et de d\u00e9couverte. Plongez dans l'\u00e9treinte rafra\u00eechissante de la mer, surfez sur les vagues sur un paddle-board, ou explorez le monde sous-marin avec notre \u00e9quipement de plong\u00e9e avec tuba haut de gamme. Chaque activit\u00e9 est con\u00e7ue pour rendre votre aventure maritime vraiment inoubliable, vous invitant \u00e0 cr\u00e9er des souvenirs qui dureront toute une vie.<\/p>\n<h4>\ud83d\udc2c <strong>\u00c9l\u00e9gance \u00e9lev\u00e9e \u00e0 un prix exceptionnel<\/strong><\/h4>\n<p>CanaryVIP \u00e9l\u00e8ve le <a href=\"https:\/\/canaryvip.com\/fr\/tenerife\/boat-hire-tenerife\/?swcfpc=1\">location de bateaux<\/a> avec le Gulliver, qui allie un luxe opulent \u00e0 un rapport qualit\u00e9-prix imbattable. D\u00e9couvrez une aventure o\u00f9 le prix abordable rencontre la sophistication, avec des tarifs comp\u00e9titifs qui englobent tous les \u00e9quipements et services n\u00e9cessaires \u00e0 un voyage en mer remarquable.<\/p>\n<h3>\ud83d\udd52 <strong>Choisissez votre aventure : Charters \u00e0 la journ\u00e9e ou s\u00e9jours prolong\u00e9s<\/strong><\/h3>\n<ul>\n<li><b>Charte de 3,5 heures : <\/b>Vous cherchez un moyen simple et amusant de profiter de l'oc\u00e9an ? Ce charter priv\u00e9 de 3,5 heures est parfait pour les familles ou les groupes qui souhaitent d\u00e9couvrir en toute d\u00e9contraction le magnifique littoral de T\u00e9n\u00e9rife. Nagez, faites de la plong\u00e9e avec masque et tuba et profitez de la brise marine tout en profitant de notre toboggan aquatique \u00e0 bord - un favori pour les enfants et les adultes !<\/li>\n<li><b>Charte de 5 heures : <\/b><span style=\"font-weight: 400;\">Vous avez besoin de plus de temps pour explorer ? Le charter de 5 heures vous offre l'\u00e9quilibre parfait entre l'aventure et la d\u00e9tente. Vous naviguerez le long de la c\u00f4te, jetterez l'ancre dans des baies cach\u00e9es et profiterez de la baignade, de la plong\u00e9e avec tuba et des bains de soleil. Bien s\u00fbr, le toboggan aquatique est toujours pr\u00eat pour un plaisir suppl\u00e9mentaire sur l'eau. Id\u00e9al pour ceux qui veulent vivre \u00e0 leur rythme.<\/span><\/li>\n<li><b>Charter de 7 heures - Excursion \u00e0 Los Gigantes : <\/b><span style=\"font-weight: 400;\">Pour une journ\u00e9e en mer vraiment inoubliable, notre charter de 7 heures vous emm\u00e8ne jusqu'aux falaises spectaculaires de Los Gigantes, l'une des merveilles naturelles les plus embl\u00e9matiques de T\u00e9n\u00e9rife. En chemin, vous aurez tout le temps de nager, de faire de la plong\u00e9e avec masque et tuba et de profiter de chaque recoin de ce voyage \u00e0 couper le souffle. Le toboggan aquatique \u00e0 bord ajoute une touche ludique, ce qui en fait un succ\u00e8s pour les groupes, les familles ou les couples qui cherchent \u00e0 d\u00e9couvrir T\u00e9n\u00e9rife sous une toute nouvelle perspective.<\/span><\/li>\n<\/ul>\n<h3>\u2705 <strong>Tout ce dont vous avez besoin pour passer une journ\u00e9e parfaite en mer<\/strong><\/h3>\n<ul>\n<li>Bouch\u00e9es gastronomiques gratuites et boissons \u00e0 volont\u00e9 pour tous les \u00e2ges.<\/li>\n<li>Un \u00e9quipage exp\u00e9riment\u00e9 et multilingue pr\u00eat \u00e0 r\u00e9pondre \u00e0 tous vos besoins, y compris une serveuse et un capitaine d\u00e9vou\u00e9s.<\/li>\n<li>\u00c9quipement complet de plong\u00e9e avec tuba pour les aventures sous-marines.<\/li>\n<li>Traitement VIP avec des si\u00e8ges confortables et un grand espace pour chaque invit\u00e9.<\/li>\n<\/ul>\n<h3>\ud83d\udccd <strong>Embarquement \u00e0 Puerto Col\u00f3n : La porte de l'aventure<\/strong><\/h3>\n<p>Situ\u00e9 \u00e0 la porte 3, dans le c\u0153ur anim\u00e9 de Costa Adeje, Puerto Col\u00f3n est le point de d\u00e9part id\u00e9al pour votre exp\u00e9rience avec le Gulliver Yacht. Arrivez seulement 15 minutes avant le d\u00e9part pr\u00e9vu pour vous assurer un d\u00e9but d'aventure en douceur, avec un parking pratique disponible au port pour un acc\u00e8s facile.<\/p>\n<h4>\ud83d\udcdc <strong>R\u00e9servation facile et politiques claires pour la tranquillit\u00e9 d'esprit<\/strong><\/h4>\n<p>L'embarquement pour une aventure sur le Gulliver Yacht est con\u00e7u pour \u00eatre aussi fluide que possible, depuis le moment o\u00f9 vous r\u00e9servez jusqu'\u00e0 celui o\u00f9 vous montez \u00e0 bord. CanaryVIP donne la priorit\u00e9 \u00e0 votre confort et \u00e0 votre s\u00e9curit\u00e9, en veillant \u00e0 ce que chaque aspect de votre voyage soit couvert avec clart\u00e9 et attention.<\/p>\n<ul>\n<li><strong>Garantie m\u00e9t\u00e9orologique<\/strong>: Nous surveillons la mer pour que la navigation se d\u00e9roule sans encombre. En cas de conditions d\u00e9favorables, vous avez le choix entre un report de date ou un remboursement int\u00e9gral, ce qui garantit avant tout votre s\u00e9curit\u00e9 et votre satisfaction.<\/li>\n<li><strong>Annulation souple<\/strong>: Les plans changent, et nous le comprenons. Annulez jusqu'\u00e0 5 jours avant votre voyage et vous serez int\u00e9gralement rembours\u00e9. Si vous annulez moins de 5 jours \u00e0 l'avance ou si vous ne vous pr\u00e9sentez pas, vous ne pourrez malheureusement pas \u00eatre rembours\u00e9. Veuillez noter que les frais de traitement des paiements, \u00e9quivalant \u00e0 3% du paiement total, ne sont pas remboursables dans tous les cas.<\/li>\n<li><strong>Billets d'acc\u00e8s facile<\/strong>: Gardez votre carte d'embarquement \u00e0 port\u00e9e de main sur votre t\u00e9l\u00e9phone ou imprimez-la pour plus de commodit\u00e9. Gr\u00e2ce \u00e0 nos billets num\u00e9riques, vous \u00eates pr\u00eat \u00e0 prendre la mer en toute tranquillit\u00e9.<\/li>\n<li><strong>Soins complets<\/strong>: Si vous ne vous sentez pas bien ou si vous d\u00e9cidez de terminer votre voyage plus t\u00f4t que pr\u00e9vu, notre \u00e9quipe est l\u00e0 pour vous aider, bien qu'aucun remboursement ne soit possible dans ce cas.<\/li>\n<li><strong>Flexibilit\u00e9 des paiements<\/strong>: Choisissez le mode de paiement qui vous convient.<\/li>\n<\/ul>\n<p><strong>\ud83c\udf0a\ud83c\udf1f\ud83d\udee5\ufe0f R\u00e9servez d\u00e8s aujourd'hui votre exp\u00e9rience sur le yacht Gulliver aupr\u00e8s de CanaryVIP et ouvrez la porte \u00e0 des moments inoubliables en mer.<\/strong><\/p>","protected":false},"excerpt":{"rendered":"<p><strong>\ud83d\udd0d Gulliver Charter :<\/strong><br \/>\n\u2705 Paiement s\u00e9curis\u00e9.<br \/>\n\ud83d\udd10 Visites priv\u00e9es possibles.<br \/>\n<span>\ud83d\udc65 Des visites partag\u00e9es sont possibles.<\/span><br \/>\n\ud83d\udee5\ufe0f 20m Yacht Comfort.<br \/>\n\u23f3 Visites quotidiennes de 3 \u00e0 9h.<br \/>\n\ud83d\udd59 Heures de d\u00e9part personnalisables.<br \/>\n\ud83c\udf74 Repas et boissons inclus.<br \/>\n\ud83d\udc65 Jusqu'\u00e0 12 personnes.<br \/>\n\ud83e\udd29 Fun Inflatables.<br \/>\n\ud83d\udef6 Kayaks inclus.<br \/>\n\ud83d\udeb2 Sea Water Bikes.<br \/>\n\ud83d\udedd Ultimate Water Slide (toboggan aquatique).<br \/>\n\ud83c\udfc4\u200d\u2640\ufe0f Planches \u00e0 pagaie incluses.<br \/>\n\ud83e\udd3f L'\u00e9quipement de plong\u00e9e avec tuba est fourni.<br \/>\n\ud83d\udd0a \u00c9coutez votre musique.<br \/>\n\ud83e\udd11 Meilleur prix garanti.<br \/>\n\ud83d\udc6a R\u00e9ductions activ\u00e9es.<br \/>\n\ud83d\udd01 Annulation jusqu'\u00e0 5 jours.<br \/>\n\ud83c\udf0d \u00c9quipage multilingue.<br \/>\n\ud83c\udf1f R\u00e9servez t\u00f4t et \u00e9conomisez !<br \/>\n\ud83d\udccd D\u00e9part de\u00a0<a href=\"https:\/\/maps.app.goo.gl\/ocJuu7A8R1JWjPbS9\">Puerto Colon<\/a>.<\/p>","protected":false},"featured_media":10114,"comment_status":"open","ping_status":"closed","template":"","meta":{"_acf_changed":false},"product_brand":[],"product_cat":[47],"product_tag":[],"class_list":{"0":"post-10109","1":"product","2":"type-product","3":"status-publish","4":"has-post-thumbnail","6":"product_cat-boat-hire-tenerife","7":"wcpa_has_options","9":"first","10":"instock","11":"sale","12":"virtual","13":"purchasable","14":"product-type-simple"},"acf":[],"wcpa_form_fields":{"wcpaData":{"product":{"product_price":895,"price_html":"From&nbsp;<del aria-hidden=\"true\"><span class=\"woocommerce-Price-amount amount\"><bdi>950,00&nbsp;<span class=\"woocommerce-Price-currencySymbol\">&euro;<\/span><\/bdi><\/span><\/del> <span class=\"screen-reader-text\">Le prix initial \u00e9tait\u00a0: 950,00&nbsp;&euro;.<\/span><ins aria-hidden=\"true\"><span class=\"woocommerce-Price-amount amount\"><bdi>895,00&nbsp;<span class=\"woocommerce-Price-currencySymbol\">&euro;<\/span><\/bdi><\/span><\/ins><span class=\"screen-reader-text\">Le prix actuel est\u00a0: 895,00&nbsp;&euro;.<\/span>","original_product_price":950,"price_including_tax":895,"price_excluding_tax":895,"product_id":{"parent":10109,"variation":false},"is_variable":false,"stock_status":"instock","stock_quantity":null,"parent_sku":"CV10109","product_attributes":[],"custom_fields":[],"is_taxable":false,"product_name":"Gulliver: Yacht Hire Tenerife","hasImage":false},"fields":{"sec_96638f078b8951":{"extra":{"key":"sec_96638f078b8951","section_id":"sec_96638f078b8951","name":"Default","status":1,"cl_rule":"show","enableCl":false,"relations":[],"toggle":true,"title_tag":"h3","show_title":false,"showPrice":"default","form_id":11398,"form_rules":{"exclude_from_discount":true,"fee_label":"Fee","disp_hide_options_price":true,"disp_show_section_price":false,"disp_show_field_price":true,"layout_option":"standard","pric_use_as_fee":false,"process_fee_as":"woo_fee"},"layout_option":"standard"},"fields":[[{"label":"\ud83d\udcc5 Date","active":true,"required":true,"elementId":"date_106638f078b8973","picker_type":"custom","picker_mode":"single","placeholder":"","description":"","tooltip":"","name":"date_106638f078b8973","label_position":"default","desc_position":"default","enablePrice":false,"className":"","enableCl":false,"relations":[{"operator":"and","rules":[{"operator":"AND","rules":{"cl_field":"radio-group_565c78ffa81208","cl_relation":"is","cl_val":"3 Hour Trip"}}]}],"date_pic_inline":true,"date_pic_inline_hide":true,"min_date":{"type":"days","val":"1"},"max_date":{"type":"days","val":"365"},"date_pic_conf":{"disabledWeeks":[],"disabledDates":["2024-06-30","2024-07-25","2024-11-28 to 2024-12-04","2025-03-29"]},"price":"","cl_rule":"show","col":6,"type":"date","error":false,"enableDesign":false,"LabelColor":"","gt_translate_keys":["label","placeholder","description","tooltip"],"price_dependency":false,"cl_dependency":false,"value":""}],[{"elementId":"separator_66638f078b898d","separatorType":"blank","className":"","height":"3","enableCl":false,"relations":false,"cl_rule":"show","col":6,"type":"separator","error":false,"gt_translate_keys":[],"price_dependency":false,"cl_dependency":false,"value":""}],[{"active":true,"col":6,"relations":false,"cl_rule":"show","enableCl":false,"price":"","enablePrice":true,"className":"","label_position":"default","desc_position":"default","type":"select","required":true,"elementId":"select_96638f078b8998","label":"\u23f3 Trip Duration","name":"select_96638f078b8998","values":[{"label":"3.5 Hours (895\u20ac)","value":"3","selected":false,"tempId":"aco_556","price":"895","gt_translate_keys":["label"]},{"label":"5 Hours (1.200\u20ac)","value":"5","selected":false,"tempId":"aco_141","price":"1200","gt_translate_keys":["label"]},{"label":"7 Hours (1.750\u20ac)","value":"7","selected":false,"tempId":"aco_151","price":"1750","gt_translate_keys":["label"]}],"dropdown_type":"basic","error":false,"placeholder":"Select Trip Duration","priceOptions":"different_for_all","pricingType":"fixed","is_show_price":false,"gt_translate_keys":["label","placeholder"],"price_dependency":false,"cl_dependency":false,"value":""}],[{"active":true,"col":6,"relations":false,"cl_rule":"show","enableCl":false,"price":"","enablePrice":true,"className":"","label_position":"default","desc_position":"default","type":"select","required":false,"elementId":"select_0041641856","label":"\ud83d\udca6 Add jet-skis?","name":"select_0041641856","values":[{"label":"2 JetSkis for 1 Hour (500\u20ac)","value":"2 x JetSki for 1 Hour","selected":false,"tempId":"aco_2502","price":"500","gt_translate_keys":["label"]},{"label":"1 JetSki for 2 Hours (500\u20ac)","value":"1 x JetSki for 2 Hours","selected":false,"tempId":"aco_2503","price":"500","gt_translate_keys":["label"]},{"label":"2 JetSkis for 2 Hours (800\u20ac)","value":"2 x JetSki for 2 Hours","selected":false,"tempId":"aco_2927","price":"800","gt_translate_keys":["label"]}],"dropdown_type":"basic","error":false,"description":"Private JetSki tour from the boat with a JetSki instructor.","placeholder":"None","priceOptions":"different_for_all","pricingType":"fixed","is_show_price":false,"isWeightTemplate":false,"isTemplate":false,"min_quantity":"1","quantity_decimal":false,"quantity_step":"1","quantity_label":"Quantity","repeater_field_label":"{field_label}","repeater_bind":"","gt_translate_keys":["label","placeholder","description","repeater_field_label","quantity_label"],"price_dependency":false,"cl_dependency":false,"value":""}],[{"elementId":"separator_16638f078b89f1","separatorType":"blank","className":"","height":"1","enableCl":false,"relations":false,"cl_rule":"show","col":6,"type":"separator","error":false,"gt_translate_keys":[],"price_dependency":false,"cl_dependency":false,"value":""}],[{"active":true,"col":6,"relations":[{"operator":false,"rules":[{"operator":"AND","rules":{"cl_field":"radio-group_565c78ffa81208","cl_relation":"is","cl_val":"3 Hour Trip"}}]}],"cl_rule":"show","enableCl":false,"price":"","enablePrice":false,"className":"","label_position":"default","desc_position":"default","type":"select","required":false,"elementId":"select_76638f078b89d4","label":"\u23f0 Departure Time","name":"select_76638f078b89d4","values":[{"label":"10:00","value":"10:00","selected":false,"tempId":"aco_1472","gt_translate_keys":["label"]},{"label":"14:00 (2:00 PM)","value":"14:00","selected":false,"tempId":"aco_1728","gt_translate_keys":["label"]},{"label":"17:30 (5:30 PM)","value":"17:30","selected":false,"tempId":"aco_28","gt_translate_keys":["label"]}],"dropdown_type":"basic","error":false,"placeholder":"Whichever Time is Best","gt_translate_keys":["label","placeholder"],"price_dependency":false,"cl_dependency":false,"value":""}],[{"elementId":"separator-2954713577","separatorType":"blank","className":"","height":"1","enableCl":false,"relations":false,"cl_rule":"show","col":6,"type":"separator","gt_translate_keys":[],"price_dependency":false,"cl_dependency":false,"value":""}],[{"label":"\u2705 Number of People","active":true,"required":true,"elementId":"select_76638f078b89e7","dropdown_type":"basic","placeholder":"Select Number of People","name":"select_76638f078b89e7","label_position":"default","desc_position":"default","enablePrice":true,"className":"","enableCl":false,"relations":[{"operator":false,"rules":[{"operator":"AND","rules":{"cl_field":"radio-group_565c78ffa81208","cl_relation":"is","cl_val":"3 Hour Trip"}}]}],"values":[{"label":"1 person","value":"1","selected":false,"tempId":"aco_1471","gt_translate_keys":["label"]},{"label":"2 people","value":"2","selected":false,"tempId":"aco_1472","gt_translate_keys":["label"]},{"label":"3 people (+10\u20ac)","value":"3","selected":false,"tempId":"aco_1500","price":"10","gt_translate_keys":["label"]},{"label":"4 people (+20\u20ac)","value":"4","selected":false,"tempId":"aco_1510","price":"20","gt_translate_keys":["label"]},{"label":"5 people (+30\u20ac)","value":"5","selected":false,"tempId":"aco_1520","price":"30","gt_translate_keys":["label"]},{"label":"6 people (+40\u20ac)","value":"6","selected":false,"tempId":"aco_1728","price":"40","gt_translate_keys":["label"]},{"label":"7 people (+50\u20ac)","value":"7","selected":false,"tempId":"aco_1738","price":"50","gt_translate_keys":["label"]},{"label":"8 people (+60\u20ac)","value":"8","selected":false,"tempId":"aco_1748","price":"60","gt_translate_keys":["label"]},{"label":"9 people (+70\u20ac)","value":"9","selected":false,"tempId":"aco_1912","price":"70","gt_translate_keys":["label"]},{"label":"10 people (+80\u20ac)","value":"10","selected":false,"tempId":"aco_1922","price":"80","gt_translate_keys":["label"]},{"label":"11 People (+90\u20ac)","value":"11","selected":false,"tempId":"aco_19","price":"90","gt_translate_keys":["label"]},{"label":"12 People (+100\u20ac)","value":"12","selected":false,"tempId":"aco_29","price":"100","gt_translate_keys":["label"]}],"price":"","cl_rule":"show","col":6,"type":"select","error":false,"priceOptions":"different_for_all","pricingType":"fixed","gt_translate_keys":["label","placeholder"],"price_dependency":false,"cl_dependency":false,"value":""}],[{"elementId":"separator_26638f078b89de","separatorType":"blank","className":"","height":"1","enableCl":false,"relations":false,"cl_rule":"show","col":6,"type":"separator","gt_translate_keys":[],"price_dependency":false,"cl_dependency":false,"value":""}]]}},"config":{"price_override":"always","enable_recaptcha":false,"bind_quantity":false,"quantity_bind_formula":false,"disp_summ_show_option_price":true,"disp_summ_show_product_price":false,"disp_summ_show_total_price":true,"disp_summ_show_fee":true,"disp_summ_show_discount":true,"summary_title":"","options_total_label":"Options Price","total_label":"Total Amount","options_product_label":"Product Price","fee_label":"Fee","discount_label":"Discount","has_price":true,"has_quantity_formula":false},"mc_unit":1,"tax_rate":1,"tax_rate_real":1,"discount":{"percentage":0,"fixed":0},"design":{"conf":{"LabelPosition":"above","DescPosition":"above","UploadField":"custom_1","QuantityFieldStyle":"custom_1"},"css":{"LeftLabelWidth":"120px"}},"formulas":{"fmla_1708360988969136756":"(({field.select_56638eb5b235ae.value}>=3)?(1200):(({field.select_56638eb5b235ae.value}>=2)?(850):(({field.select_56638eb5b235ae.value}>=1)?(540):(0))))","fmla_1708364241278155361":"(({field.select_5841412719.value}>=8)?({field.select_5841412719.price}):(({field.select_5841412719.value}>=5)?({field.select_5841412719.price}):(({field.select_5841412719.value}>=3)?({field.select_5841412719.price}):(0))))"},"lookuptables":[],"clones":false,"cartKey":false}},"_links":{"self":[{"href":"https:\/\/canaryvip.com\/fr\/wp-json\/wp\/v2\/product\/10109","targetHints":{"allow":["GET"]}}],"collection":[{"href":"https:\/\/canaryvip.com\/fr\/wp-json\/wp\/v2\/product"}],"about":[{"href":"https:\/\/canaryvip.com\/fr\/wp-json\/wp\/v2\/types\/product"}],"replies":[{"embeddable":true,"href":"https:\/\/canaryvip.com\/fr\/wp-json\/wp\/v2\/comments?post=10109"}],"wp:featuredmedia":[{"embeddable":true,"href":"https:\/\/canaryvip.com\/fr\/wp-json\/wp\/v2\/media\/10114"}],"wp:attachment":[{"href":"https:\/\/canaryvip.com\/fr\/wp-json\/wp\/v2\/media?parent=10109"}],"wp:term":[{"taxonomy":"product_brand","embeddable":true,"href":"https:\/\/canaryvip.com\/fr\/wp-json\/wp\/v2\/product_brand?post=10109"},{"taxonomy":"product_cat","embeddable":true,"href":"https:\/\/canaryvip.com\/fr\/wp-json\/wp\/v2\/product_cat?post=10109"},{"taxonomy":"product_tag","embeddable":true,"href":"https:\/\/canaryvip.com\/fr\/wp-json\/wp\/v2\/product_tag?post=10109"}],"curies":[{"name":"wp","href":"https:\/\/api.w.org\/{rel}","templated":true}]}}