{"id":9195,"date":"2024-01-28T19:23:23","date_gmt":"2024-01-28T19:23:23","guid":{"rendered":"https:\/\/canaryvip.com\/?page_id=9195"},"modified":"2026-03-04T18:17:48","modified_gmt":"2026-03-04T18:17:48","slug":"collaborate-with-canaryvip","status":"publish","type":"page","link":"https:\/\/canaryvip.com\/fr\/collaborate-with-canaryvip\/","title":{"rendered":"Partenaire de CanaryVIP : offrez vos exp\u00e9riences aux voyageurs internationaux"},"content":{"rendered":"<p>Devenez partenaire de CanaryVIP et pr\u00e9sentez vos activit\u00e9s aux voyageurs du monde entier. Alors que notre plateforme continue de se d\u00e9velopper \u00e0 Tenerife, Gran Canaria, Fuerteventura, Lanzarote, La Palma et El Hierro, nous cherchons activement \u00e0 collaborer avec des prestataires d'activit\u00e9s professionnelles et des voyagistes.<\/p>\n<p>Notre objectif est simple : mettre en relation des exp\u00e9riences locales de grande qualit\u00e9 avec des visiteurs internationaux d\u00e9sireux de d\u00e9couvrir ce que les \u00eeles Canaries ont de mieux \u00e0 offrir.<\/p>\n<h2>Op\u00e9rateurs de voyages et d'activit\u00e9s<\/h2>\n<p>Si vous proposez des excursions, des visites en bateau, des aventures en plein air, des sports nautiques, des exp\u00e9riences guid\u00e9es ou toute autre activit\u00e9 unique dans les \u00eeles Canaries, CanaryVIP peut vous aider \u00e0 atteindre un public plus large.<\/p>\n<p>Gr\u00e2ce \u00e0 notre plateforme, votre activit\u00e9 peut gagner en visibilit\u00e9 aupr\u00e8s des voyageurs internationaux qui recherchent activement des activit\u00e9s \u00e0 faire pendant leur s\u00e9jour aux \u00eeles Canaries.<\/p>\n<p>En s'associant \u00e0 CanaryVIP, votre activit\u00e9 peut b\u00e9n\u00e9ficier de :<\/p>\n<p>- Exposition accrue aux visiteurs internationaux<br \/>\n- R\u00e9servations suppl\u00e9mentaires via notre plateforme en ligne<br \/>\n- Promotion par le biais de nos canaux de marketing num\u00e9rique<br \/>\n- Un mod\u00e8le de collaboration simple et transparent<\/p>\n<p>Nous travaillons avec des partenaires soigneusement s\u00e9lectionn\u00e9s qui offrent aux visiteurs des exp\u00e9riences professionnelles, s\u00fbres et m\u00e9morables.<\/p>\n<h2>Exigences en mati\u00e8re de collaboration<\/h2>\n<p>Pour garantir la meilleure exp\u00e9rience possible \u00e0 nos clients, nous collaborons avec des op\u00e9rateurs qui respectent les normes professionnelles et juridiques. Il s'agit notamment de disposer des licences et assurances appropri\u00e9es et de se conformer aux r\u00e9glementations locales, le cas \u00e9ch\u00e9ant.<\/p>\n<p>Nous appr\u00e9cions les partenaires qui sont fiables, qui communiquent clairement et qui maintiennent un niveau de service \u00e9lev\u00e9 pour les clients.<\/p>\n<h2>Activit\u00e9s recherch\u00e9es<\/h2>\n<p>Nous sommes int\u00e9ress\u00e9s par un partenariat avec un large \u00e9ventail de prestataires d'activit\u00e9s dans les \u00eeles Canaries, notamment<\/p>\n<p>- Excursions en bateau et location de yachts priv\u00e9s<br \/>\n- Excursions d'observation des baleines et des dauphins<br \/>\n- Jet ski et activit\u00e9s nautiques<br \/>\n- Aventures en quad et buggy<br \/>\n- Randonn\u00e9es et excursions dans la nature<br \/>\n- Exp\u00e9riences culturelles et guid\u00e9es<br \/>\n- Plong\u00e9e, plong\u00e9e en apn\u00e9e et activit\u00e9s en mer<\/p>\n<p>Si vous proposez une exp\u00e9rience unique que les visiteurs des \u00eeles Canaries appr\u00e9cieraient, nous serions heureux de l'entendre.<\/p>\n<h2>Augmentez vos r\u00e9servations avec CanaryVIP<\/h2>\n<p>Notre mission est de soutenir les op\u00e9rateurs locaux tout en permettant aux voyageurs de d\u00e9couvrir et de r\u00e9server plus facilement des exp\u00e9riences authentiques dans les \u00eeles Canaries.<\/p>\n<p>Si vous souhaitez que vos excursions ou services soient pr\u00e9sent\u00e9s sur CanaryVIP, contactez notre \u00e9quipe et d\u00e9crivez-nous votre activit\u00e9.<\/p>\n<p><strong>Int\u00e9ress\u00e9 par une collaboration ? Contactez-nous d\u00e8s aujourd'hui et voyons comment nous pouvons nous d\u00e9velopper ensemble.<\/strong><\/p>","protected":false},"excerpt":{"rendered":"<p>Become a partner of CanaryVIP and showcase your activities to travelers from around the world. As our platform continues to grow across Tenerife, Gran Canaria, Fuerteventura, Lanzarote, La Palma, and El Hierro, we are actively looking to collaborate with professional activity providers and tour operators. Our goal is simple: connect high-quality local experiences with international&#8230;<\/p>","protected":false},"author":1,"featured_media":0,"parent":0,"menu_order":0,"comment_status":"closed","ping_status":"closed","template":"","meta":{"_acf_changed":false,"footnotes":""},"class_list":["post-9195","page","type-page","status-publish","hentry"],"acf":[],"_links":{"self":[{"href":"https:\/\/canaryvip.com\/fr\/wp-json\/wp\/v2\/pages\/9195","targetHints":{"allow":["GET"]}}],"collection":[{"href":"https:\/\/canaryvip.com\/fr\/wp-json\/wp\/v2\/pages"}],"about":[{"href":"https:\/\/canaryvip.com\/fr\/wp-json\/wp\/v2\/types\/page"}],"author":[{"embeddable":true,"href":"https:\/\/canaryvip.com\/fr\/wp-json\/wp\/v2\/users\/1"}],"replies":[{"embeddable":true,"href":"https:\/\/canaryvip.com\/fr\/wp-json\/wp\/v2\/comments?post=9195"}],"version-history":[{"count":8,"href":"https:\/\/canaryvip.com\/fr\/wp-json\/wp\/v2\/pages\/9195\/revisions"}],"predecessor-version":[{"id":16786,"href":"https:\/\/canaryvip.com\/fr\/wp-json\/wp\/v2\/pages\/9195\/revisions\/16786"}],"wp:attachment":[{"href":"https:\/\/canaryvip.com\/fr\/wp-json\/wp\/v2\/media?parent=9195"}],"curies":[{"name":"wp","href":"https:\/\/api.w.org\/{rel}","templated":true}]}}