{"id":14018,"date":"2025-03-20T01:29:58","date_gmt":"2025-03-20T01:29:58","guid":{"rendered":"https:\/\/canaryvip.com\/?page_id=14018"},"modified":"2026-03-07T10:04:29","modified_gmt":"2026-03-07T10:04:29","slug":"cookie-policy","status":"publish","type":"page","link":"https:\/\/canaryvip.com\/fr\/cookie-policy\/","title":{"rendered":"Politique en mati\u00e8re de cookies"},"content":{"rendered":"<section class=\"l-section wpb_row us_custom_5cd26a65 height_auto\"><div class=\"l-section-h i-cf\"><div class=\"g-cols vc_row via_flex valign_top type_default stacking_default\"><div class=\"vc_col-sm-12 wpb_column vc_column_container\"><div class=\"vc_column-inner\"><div class=\"wpb_wrapper\"><div class=\"wpb_text_column\"><div class=\"wpb_wrapper\"><h2>1. Ce que couvre la pr\u00e9sente police<\/h2>\n<p>Cette politique en mati\u00e8re de cookies explique comment CanaryVIP.com utilise des cookies et des technologies de suivi similaires lorsque vous visitez notre site web. En continuant \u00e0 naviguer sur notre site, vous acceptez l'utilisation des cookies telle qu'elle est d\u00e9crite dans ce document.<\/p>\n<p>Les cookies sont de petits fichiers texte qui sont plac\u00e9s sur votre appareil lorsque vous visitez un site web. Ils ont plusieurs objectifs : am\u00e9liorer votre exp\u00e9rience de navigation, analyser la fa\u00e7on dont le site est utilis\u00e9 et nous permettre de fournir un contenu plus pertinent. Certains cookies sont strictement n\u00e9cessaires au fonctionnement du site web.<\/p>\n<hr \/>\n<h2>2. Types de cookies que nous utilisons<\/h2>\n<h3>2.1 Cookies essentiels (strictement n\u00e9cessaires)<\/h3>\n<p>Ces cookies sont indispensables \u00e0 la fonctionnalit\u00e9 de base de notre site web. Ils permettent des fonctions de base telles que la navigation sur les pages, l'acc\u00e8s aux zones s\u00e9curis\u00e9es et le traitement des paiements. Le site web ne peut pas fonctionner correctement sans eux et ils ne peuvent pas \u00eatre d\u00e9sactiv\u00e9s.<\/p>\n<h3>2.2 Cookies analytiques<\/h3>\n<p>Les cookies analytiques nous permettent de comprendre comment les visiteurs interagissent avec notre site web. Ils nous aident \u00e0 mesurer la performance du contenu, \u00e0 identifier les mod\u00e8les d'utilisation et \u00e0 am\u00e9liorer l'exp\u00e9rience globale de l'utilisateur. Nous utilisons <strong>Google Analytics<\/strong> \u00e0 cette fin (<a href=\"https:\/\/policies.google.com\/privacy\" target=\"_blank\" rel=\"noopener\">R\u00e8gles de confidentialit\u00e9 de Google<\/a>).<\/p>\n<h3>2.3 Cookies publicitaires et marketing<\/h3>\n<p>Ces cookies sont plac\u00e9s pour fournir des publicit\u00e9s qui correspondent \u00e0 vos int\u00e9r\u00eats en fonction de votre activit\u00e9 de navigation. Nous travaillons avec des plateformes publicitaires tierces, notamment <strong>Annonces Google<\/strong>, <strong>Meta (Facebook et Instagram)<\/strong>et <strong>Publicit\u00e9s TikTok<\/strong> afin de proposer des publicit\u00e9s personnalis\u00e9es. Vous pouvez consulter les pratiques de Meta en mati\u00e8re de donn\u00e9es sur leur site web. <a href=\"https:\/\/www.facebook.com\/privacy\/policy\" target=\"_blank\" rel=\"noopener\">Politique de confidentialit\u00e9<\/a>.<\/p>\n<h3>2.4 Cookies de pr\u00e9f\u00e9rence<\/h3>\n<p>Les cookies de pr\u00e9f\u00e9rence m\u00e9morisent les choix que vous avez faits sur notre site, tels que votre langue, votre devise, vos param\u00e8tres de localisation, votre m\u00e9thode de paiement pr\u00e9f\u00e9r\u00e9e ou votre session de connexion active. Ils nous permettent de vous offrir une exp\u00e9rience plus personnalis\u00e9e lors de vos prochaines visites.<\/p>\n<hr \/>\n<h2>3. Comment nous obtenons votre consentement<\/h2>\n<p>Lorsque vous visitez notre site web pour la premi\u00e8re fois, une banni\u00e8re de cookies s'affiche et vous offre les options suivantes :<\/p>\n<ul>\n<li><strong>Accepter tous les cookies<\/strong> afin de permettre une gamme compl\u00e8te de fonctionnalit\u00e9s et de personnalisation.<\/li>\n<li><strong>Refuser les cookies non essentiels<\/strong> de limiter le suivi au strict n\u00e9cessaire.<\/li>\n<li><strong>Personnalisez vos pr\u00e9f\u00e9rences<\/strong> de choisir exactement les cat\u00e9gories de cookies que vous autorisez.<\/li>\n<\/ul>\n<p>Vous pouvez modifier vos pr\u00e9f\u00e9rences en mati\u00e8re de cookies \u00e0 tout moment en cliquant sur le bouton <strong>\u201cParam\u00e8tres des cookies\u201d<\/strong> lien situ\u00e9 dans le pied de page de notre site web.<\/p>\n<hr \/>\n<h2>4. Gestion et suppression des cookies<\/h2>\n<p>La plupart des navigateurs vous permettent de contr\u00f4ler ou de bloquer les cookies par le biais de leurs param\u00e8tres. Vous trouverez ci-dessous des liens directs vers les instructions de gestion des cookies pour les navigateurs les plus courants :<\/p>\n<ul>\n<li><strong>Google Chrome :<\/strong> <a href=\"https:\/\/support.google.com\/accounts\/answer\/32050\" target=\"_blank\" rel=\"noopener\">G\u00e9rer les cookies<\/a><\/li>\n<li><strong>Mozilla Firefox :<\/strong> <a href=\"https:\/\/support.mozilla.org\/en-US\/kb\/enable-and-disable-cookies-website-preferences\" target=\"_blank\" rel=\"noopener\">G\u00e9rer les cookies<\/a><\/li>\n<li><strong>Safari :<\/strong> <a href=\"https:\/\/support.apple.com\/en-us\/HT201265\" target=\"_blank\" rel=\"noopener\">G\u00e9rer les cookies<\/a><\/li>\n<li><strong>Microsoft Edge :<\/strong> <a href=\"https:\/\/support.microsoft.com\/en-us\/help\/4027947\/microsoft-edge-delete-cookies\" target=\"_blank\" rel=\"noopener\">G\u00e9rer les cookies<\/a><\/li>\n<\/ul>\n<p>Si vous souhaitez d\u00e9sactiver le suivi de Google Analytics, vous pouvez le faire ici : <a href=\"https:\/\/tools.google.com\/dlpage\/gaoptout\" target=\"_blank\" rel=\"noopener\">Google Analytics Opt-Out Browser Add-on<\/a>.<\/p>\n<hr \/>\n<h2>5. Cookies de tiers<\/h2>\n<p>Certains services tiers int\u00e9gr\u00e9s \u00e0 notre site web peuvent placer leurs propres cookies sur votre appareil. Il s'agit notamment des services suivants<\/p>\n<ul>\n<li><strong>Google Analytics<\/strong> (<a href=\"https:\/\/policies.google.com\/privacy\" target=\"_blank\" rel=\"noopener\">Politique de confidentialit\u00e9<\/a>)<\/li>\n<li><strong>Meta (publicit\u00e9s Facebook et Instagram)<\/strong> (<a href=\"https:\/\/www.facebook.com\/privacy\/policy\" target=\"_blank\" rel=\"noopener\">Politique de confidentialit\u00e9<\/a>)<\/li>\n<li><strong>Publicit\u00e9s TikTok<\/strong> (<a href=\"https:\/\/www.tiktok.com\/legal\/privacy-policy\" target=\"_blank\" rel=\"noopener\">Politique de confidentialit\u00e9<\/a>)<\/li>\n<\/ul>\n<p>Chacune de ces soci\u00e9t\u00e9s traite les donn\u00e9es selon sa propre politique de confidentialit\u00e9. CanaryVIP ne contr\u00f4le pas la mani\u00e8re dont ces tiers traitent les donn\u00e9es collect\u00e9es par le biais de leurs cookies.<\/p>\n<hr \/>\n<h2>6. Mises \u00e0 jour de la pr\u00e9sente politique<\/h2>\n<p>CanaryVIP peut r\u00e9viser cette politique en mati\u00e8re de cookies de temps \u00e0 autre. Toute mise \u00e0 jour sera publi\u00e9e sur cette page. Nous vous recommandons de consulter r\u00e9guli\u00e8rement cette politique afin de rester inform\u00e9 de la mani\u00e8re dont nous utilisons les cookies.<\/p>\n<hr \/>\n<h2>7. Contact<\/h2>\n<p>Si vous avez des questions sur la pr\u00e9sente politique en mati\u00e8re de cookies ou sur la mani\u00e8re dont les cookies sont utilis\u00e9s sur notre site web, vous pouvez nous contacter \u00e0 l'adresse suivante :<\/p>\n<p>\ud83d\udce7 <strong>Courriel :<\/strong> <a href=\"mailto:info@canaryvip.com\">info@canaryvip.com<\/a><\/p>\n<\/div><\/div><\/div><\/div><\/div><\/div><\/div><\/section>","protected":false},"excerpt":{"rendered":"1. What This Policy Covers This Cookie Policy explains how CanaryVIP.com uses cookies and similar tracking technologies when you visit our website. By continuing to browse our site, you agree to the use of cookies as described in this document. Cookies are small text files that are placed on your device when you visit a...","protected":false},"author":1,"featured_media":0,"parent":0,"menu_order":0,"comment_status":"closed","ping_status":"closed","template":"","meta":{"_acf_changed":false,"footnotes":""},"class_list":["post-14018","page","type-page","status-publish","hentry"],"acf":[],"_links":{"self":[{"href":"https:\/\/canaryvip.com\/fr\/wp-json\/wp\/v2\/pages\/14018","targetHints":{"allow":["GET"]}}],"collection":[{"href":"https:\/\/canaryvip.com\/fr\/wp-json\/wp\/v2\/pages"}],"about":[{"href":"https:\/\/canaryvip.com\/fr\/wp-json\/wp\/v2\/types\/page"}],"author":[{"embeddable":true,"href":"https:\/\/canaryvip.com\/fr\/wp-json\/wp\/v2\/users\/1"}],"replies":[{"embeddable":true,"href":"https:\/\/canaryvip.com\/fr\/wp-json\/wp\/v2\/comments?post=14018"}],"version-history":[{"count":4,"href":"https:\/\/canaryvip.com\/fr\/wp-json\/wp\/v2\/pages\/14018\/revisions"}],"predecessor-version":[{"id":16858,"href":"https:\/\/canaryvip.com\/fr\/wp-json\/wp\/v2\/pages\/14018\/revisions\/16858"}],"wp:attachment":[{"href":"https:\/\/canaryvip.com\/fr\/wp-json\/wp\/v2\/media?parent=14018"}],"curies":[{"name":"wp","href":"https:\/\/api.w.org\/{rel}","templated":true}]}}