{"id":14002,"date":"2025-03-19T21:07:11","date_gmt":"2025-03-19T21:07:11","guid":{"rendered":"https:\/\/canaryvip.com\/?page_id=14002"},"modified":"2025-07-29T17:08:42","modified_gmt":"2025-07-29T16:08:42","slug":"legal-notice","status":"publish","type":"page","link":"https:\/\/canaryvip.com\/fr\/legal-notice\/","title":{"rendered":"Avis juridique"},"content":{"rendered":"<h2>1. IDENTIFICATION DU PRESTATAIRE DE SERVICES<\/h2>\n<p>Conform\u00e9ment \u00e0 la loi 34\/2002, du 11 juillet, sur les services de la soci\u00e9t\u00e9 de l'information et le commerce \u00e9lectronique (LSSI-CE), les informations suivantes sont fournies :<\/p>\n<h2><img decoding=\"async\" class=\"alignnone wp-image-15255\" src=\"https:\/\/canaryvip.com\/wp-content\/uploads\/2025\/07\/canaryvipcompany.png\" alt=\"CanaryVIP\" width=\"400\" height=\"145\" title=\"\" srcset=\"https:\/\/canaryvip.com\/wp-content\/uploads\/2025\/07\/canaryvipcompany.png 772w, https:\/\/canaryvip.com\/wp-content\/uploads\/2025\/07\/canaryvipcompany-300x109.png 300w, https:\/\/canaryvip.com\/wp-content\/uploads\/2025\/07\/canaryvipcompany-18x7.png 18w, https:\/\/canaryvip.com\/wp-content\/uploads\/2025\/07\/canaryvipcompany-600x218.png 600w\" sizes=\"(max-width: 400px) 100vw, 400px\" \/><\/h2>\n<h2>2. OBJECTIF DE CE SITE WEB<\/h2>\n<p>CanaryVIP.com est une plateforme en ligne d\u00e9di\u00e9e \u00e0 l'offre d'excursions, de visites et d'exp\u00e9riences dans les \u00eeles Canaries. Les utilisateurs peuvent parcourir, r\u00e9server et acheter des activit\u00e9s sur le site web.<\/p>\n<h2>3. CONDITIONS D'UTILISATION<\/h2>\n<h3>3.1. Responsabilit\u00e9 de l'utilisateur<\/h3>\n<p>L'utilisateur s'engage \u00e0 faire un usage appropri\u00e9 du site web et de son contenu. Il est interdit de se livrer \u00e0 des activit\u00e9s ill\u00e9gales ou \u00e0 des actions susceptibles de nuire \u00e0 CanaryVIP.com ou \u00e0 des tiers.<\/p>\n<h3>3.2. Exactitude des informations<\/h3>\n<p>Bien que nous nous efforcions de veiller \u00e0 ce que toutes les informations figurant sur notre site web soient exactes et \u00e0 jour, CanaryVIP.com ne garantit pas que toutes les descriptions, tous les prix et toutes les disponibilit\u00e9s des services soient exempts d'erreurs. Nous nous r\u00e9servons le droit de corriger toute inexactitude ou de mettre \u00e0 jour le contenu sans pr\u00e9avis.<\/p>\n<h3>3.3. Liens externes<\/h3>\n<p>Ce site web peut contenir des liens vers des sites web de tiers. CanaryVIP.com n'a aucun contr\u00f4le sur ces sites externes et n'est pas responsable de leur contenu ou de leur politique de confidentialit\u00e9. L'inclusion de liens n'implique pas l'approbation de CanaryVIP.com.<\/p>\n<h2>4. LA PROPRI\u00c9T\u00c9 INTELLECTUELLE<\/h2>\n<p>Tout le contenu du site CanaryVIP.com, y compris, mais sans s'y limiter, les textes, les images, les vid\u00e9os, les graphiques, les logos et les logiciels, est la propri\u00e9t\u00e9 de CanaryVIP.com ou de ses fournisseurs de contenu et est prot\u00e9g\u00e9 par les lois sur la propri\u00e9t\u00e9 intellectuelle. L'utilisation, la reproduction ou la distribution non autoris\u00e9e de tout contenu est strictement interdite sans l'autorisation \u00e9crite pr\u00e9alable de CanaryVIP.com.<\/p>\n<h2>5. LIMITATION DE LA RESPONSABILIT\u00c9<\/h2>\n<p>CanaryVIP.com ne peut \u00eatre tenu pour responsable :<\/p>\n<ul>\n<li>Toute interruption ou d\u00e9faillance technique affectant l'acc\u00e8s au site web et due \u00e0 des causes externes.<\/li>\n<li>Erreurs dans les informations fournies par des fournisseurs tiers d'excursions et d'activit\u00e9s.<\/li>\n<li>Le non-respect par les utilisateurs des politiques de r\u00e9servation et d'annulation d\u00e9crites dans les conditions g\u00e9n\u00e9rales.<\/li>\n<li>Tout dommage caus\u00e9 par une mauvaise utilisation du site web par les utilisateurs.<\/li>\n<\/ul>\n<h2>6. PROTECTION DES DONN\u00c9ES<\/h2>\n<p class=\"translation-block\">La collecte et le traitement des donn\u00e9es \u00e0 caract\u00e8re personnel sont conformes au <strong>R\u00e8glement g\u00e9n\u00e9ral sur la protection des donn\u00e9es (RGPD)<\/strong> et \u00e0 la <strong>Loi organique espagnole 3\/2018 sur la protection des donn\u00e9es \u00e0 caract\u00e8re personnel et la garantie des droits num\u00e9riques (LOPDGDD)<\/strong>. Pour plus d'informations, consultez notre <a href=\"https:\/\/canaryvip.com\/fr\/privacy-policy\/\" target=\"_self\">Politique de confidentialit\u00e9<\/a>.<\/p>\n<h2>7. MODIFICATIONS DU PR\u00c9SENT AVIS JURIDIQUE<\/h2>\n<p>CanaryVIP.com se r\u00e9serve le droit de modifier ces mentions l\u00e9gales \u00e0 tout moment afin de refl\u00e9ter les changements de la loi ou des pratiques commerciales. Les utilisateurs sont invit\u00e9s \u00e0 consulter r\u00e9guli\u00e8rement cette page pour se tenir inform\u00e9s des mises \u00e0 jour.<\/p>\n<h2>8. DROIT APPLICABLE ET JURIDICTION<\/h2>\n<p class=\"translation-block\">Le pr\u00e9sent avis juridique est r\u00e9gi par la l\u00e9gislation espagnole. Tout litige d\u00e9coulant de l'utilisation de ce site web sera soumis \u00e0 la juridiction des <strong>tribunaux de Santa Cruz de Tenerife, Espagne<\/strong>, sauf disposition contraire de la r\u00e9glementation applicable en mati\u00e8re de consommation.<\/p>\n<p>Pour toute question concernant les pr\u00e9sentes mentions l\u00e9gales, veuillez nous contacter \u00e0 l'adresse suivante <strong>info@canaryvip.com<\/strong>.<\/p>","protected":false},"excerpt":{"rendered":"<p>1. IDENTIFICATION OF THE SERVICE PROVIDER In accordance with Law 34\/2002, of July 11, on Information Society Services and Electronic Commerce (LSSI-CE), the following information is provided: 2. PURPOSE OF THIS WEBSITE CanaryVIP.com is an online platform dedicated to offering excursions, tours, and experiences in the Canary Islands. Users can browse, book, and purchase activities&#8230;<\/p>","protected":false},"author":1,"featured_media":0,"parent":0,"menu_order":0,"comment_status":"closed","ping_status":"closed","template":"","meta":{"_acf_changed":false,"footnotes":""},"class_list":["post-14002","page","type-page","status-publish","hentry"],"acf":[],"_links":{"self":[{"href":"https:\/\/canaryvip.com\/fr\/wp-json\/wp\/v2\/pages\/14002","targetHints":{"allow":["GET"]}}],"collection":[{"href":"https:\/\/canaryvip.com\/fr\/wp-json\/wp\/v2\/pages"}],"about":[{"href":"https:\/\/canaryvip.com\/fr\/wp-json\/wp\/v2\/types\/page"}],"author":[{"embeddable":true,"href":"https:\/\/canaryvip.com\/fr\/wp-json\/wp\/v2\/users\/1"}],"replies":[{"embeddable":true,"href":"https:\/\/canaryvip.com\/fr\/wp-json\/wp\/v2\/comments?post=14002"}],"version-history":[{"count":8,"href":"https:\/\/canaryvip.com\/fr\/wp-json\/wp\/v2\/pages\/14002\/revisions"}],"predecessor-version":[{"id":15258,"href":"https:\/\/canaryvip.com\/fr\/wp-json\/wp\/v2\/pages\/14002\/revisions\/15258"}],"wp:attachment":[{"href":"https:\/\/canaryvip.com\/fr\/wp-json\/wp\/v2\/media?parent=14002"}],"curies":[{"name":"wp","href":"https:\/\/api.w.org\/{rel}","templated":true}]}}