{"id":13824,"date":"2025-02-24T13:59:27","date_gmt":"2025-02-24T13:59:27","guid":{"rendered":"https:\/\/canaryvip.com\/?page_id=13824"},"modified":"2025-02-24T15:06:00","modified_gmt":"2025-02-24T15:06:00","slug":"about-us","status":"publish","type":"page","link":"https:\/\/canaryvip.com\/fr\/about-us\/","title":{"rendered":"\u00c0 propos de nous"},"content":{"rendered":"<section class=\"l-section wpb_row height_medium width_custom\" style=\"--site-content-width:700px;\"><div class=\"l-section-h i-cf\"><div class=\"g-cols vc_row via_flex valign_top type_default stacking_default\"><div class=\"vc_col-sm-12 wpb_column vc_column_container\"><div class=\"vc_column-inner\"><div class=\"wpb_wrapper\"><h1 class=\"w-text\"><span class=\"w-text-h\"><span class=\"w-text-value\">\u00c0 propos de nous - CanaryVIP<\/span><\/span><\/h1><h2 class=\"w-text us_custom_fe162ea1\"><span class=\"w-text-h\"><span class=\"w-text-value\">Qui sommes-nous ?<\/span><\/span><\/h2><div class=\"wpb_text_column\"><div class=\"wpb_wrapper\"><p>CanaryVIP est une plateforme en ligne de premier plan d\u00e9di\u00e9e \u00e0 la fourniture des meilleures activit\u00e9s et excursions \u00e0 travers les \u00eeles Canaries. Faisant partie de Tu Nido Tenerife, l'une des meilleures agences immobili\u00e8res de Tenerife avec plus de 20 ans d'exp\u00e9rience dans l'immobilier et la construction de propri\u00e9t\u00e9s, nous offrons des exp\u00e9riences inoubliables dans les \u00eeles Canaries depuis 2010.<\/p>\n<\/div><\/div><\/div><\/div><\/div><div class=\"vc_col-sm-12 wpb_column vc_column_container\"><div class=\"vc_column-inner\"><div class=\"wpb_wrapper\"><h2 class=\"w-text us_custom_9d8033b1\"><span class=\"w-text-h\"><span class=\"w-text-value\">Notre parcours<\/span><\/span><\/h2><div class=\"wpb_text_column\"><div class=\"wpb_wrapper\"><p data-pm-slice=\"1 1 &#091;&#093;\"><span>Notre entreprise se consacre \u00e0 la construction \u00e0 T\u00e9n\u00e9rife depuis 2003, en construisant une base solide dans le secteur de l'immobilier. En 2010, nous avons \u00e9tendu nos services sous le nom de Tu Nido Tenerife, en op\u00e9rant \u00e0 partir d'un bureau \u00e0 Playa Fa\u00f1ab\u00e9. Au fur et \u00e0 mesure que nos activit\u00e9s se sont d\u00e9velopp\u00e9es, nous avons d\u00e9m\u00e9nag\u00e9 \u00e0 Plaza Fa\u00f1ab\u00e9, puis nous nous sommes agrandis avec un deuxi\u00e8me bureau \u00e0 Vista Sur. Aujourd'hui, notre nouveau si\u00e8ge est situ\u00e9 \u00e0 Madro\u00f1al de Fa\u00f1ab\u00e9, o\u00f9 Tu Nido Tenerife et CanaryVIP op\u00e8rent, continuant \u00e0 fournir des services de premier ordre \u00e0 nos clients.<\/span><\/p>\n<\/div><\/div><\/div><\/div><\/div><div class=\"vc_col-sm-12 wpb_column vc_column_container\"><div class=\"vc_column-inner\"><div class=\"wpb_wrapper\"><div class=\"w-image us_custom_af6a9b6a align_none\"><div class=\"w-image-h\"><img decoding=\"async\" width=\"1024\" height=\"683\" src=\"https:\/\/canaryvip.com\/wp-content\/uploads\/2025\/02\/TuNido-Office_Web-1.webp\" class=\"attachment-large size-large\" alt=\"Bureau\" loading=\"lazy\" srcset=\"https:\/\/canaryvip.com\/wp-content\/uploads\/2025\/02\/TuNido-Office_Web-1.webp 1024w, https:\/\/canaryvip.com\/wp-content\/uploads\/2025\/02\/TuNido-Office_Web-1-300x200.webp 300w, https:\/\/canaryvip.com\/wp-content\/uploads\/2025\/02\/TuNido-Office_Web-1-18x12.webp 18w, https:\/\/canaryvip.com\/wp-content\/uploads\/2025\/02\/TuNido-Office_Web-1-600x400.webp 600w\" sizes=\"auto, (max-width: 1024px) 100vw, 1024px\" title=\"\"><\/div><\/div><h2 class=\"w-text us_custom_9d8033b1\"><span class=\"w-text-h\"><span class=\"w-text-value\">La naissance de CanaryVIP<\/span><\/span><\/h2><div class=\"wpb_text_column\"><div class=\"wpb_wrapper\"><p data-pm-slice=\"1 1 &#091;&#093;\"><span>En 2024, nous avons pris la d\u00e9cision strat\u00e9gique de s\u00e9parer notre activit\u00e9 d'activit\u00e9s et d'excursions de Tu Nido Tenerife, donnant naissance \u00e0 CanaryVIP en tant que marque autonome exclusivement d\u00e9di\u00e9e aux exp\u00e9riences touristiques dans les \u00eeles Canaries. Bien que Tu Nido Tenerife reste un nom bien \u00e9tabli dans le secteur du tourisme aux Canaries, la marque CanaryVIP est une marque autonome exclusivement d\u00e9di\u00e9e aux exp\u00e9riences touristiques dans les \u00eeles Canaries. <a href=\"https:\/\/www.tunidotenerife.com\/en\/inmobiliaria-tenerife\/\" target=\"_blank\" rel=\"noopener\">immobilier Tenerife<\/a> secteur, <strong>CanaryVIP<\/strong> s'est rapidement d\u00e9velopp\u00e9 pour devenir une marque en ligne de premier plan, permettant aux visiteurs de r\u00e9server plus facilement que jamais des activit\u00e9s, des circuits et des aventures incroyables dans les \u00eeles.<\/span><\/p>\n<\/div><\/div><div class=\"w-html us_custom_af6a9b6a\"><iframe src=\"https:\/\/www.google.com\/maps\/embed?pb=!1m18!1m12!1m3!1d5215.387122659485!2d-16.72642792321668!3d28.09472697596261!2m3!1f0!2f0!3f0!3m2!1i1024!2i768!4f13.1!3m3!1m2!1s0xc6a996288a2335b%3A0x6e5358268b00a79!2sCanaryVIP%20-%20Tours%20and%20Excursions!5e1!3m2!1sen!2ses!4v1740406697434!5m2!1sen!2ses\" width=\"700\" height=\"300\" style=\"border:0;\" allowfullscreen=\"\" loading=\"lazy\" referrerpolicy=\"no-referrer-when-downgrade\"><\/iframe><\/div><\/div><\/div><\/div><div class=\"vc_col-sm-12 wpb_column vc_column_container\"><div class=\"vc_column-inner\"><div class=\"wpb_wrapper\"><h2 class=\"w-text us_custom_9d8033b1\"><span class=\"w-text-h\"><span class=\"w-text-value\">Notre mission<\/span><\/span><\/h2><div class=\"wpb_text_column\"><div class=\"wpb_wrapper\"><p data-pm-slice=\"1 1 &#091;&#093;\"><span>Chez CanaryVIP, nous sommes passionn\u00e9s par l'offre d'exp\u00e9riences uniques et de haute qualit\u00e9 qui mettent en valeur le meilleur des \u00eeles Canaries. Que vous recherchiez des excursions en bateau, des sports nautiques, des randonn\u00e9es ou des excursions priv\u00e9es exclusives, nous vous garantissons un voyage inoubliable adapt\u00e9 \u00e0 vos besoins.<\/span><\/p>\n<\/div><\/div><div class=\"w-separator size_medium\"><\/div><\/div><\/div><\/div><\/div><\/div><\/section>","protected":false},"excerpt":{"rendered":"A propos de nous - CanaryVIPQui nous sommesCanaryVIP est une plateforme en ligne de premier plan d\u00e9di\u00e9e \u00e0 la fourniture des meilleures activit\u00e9s et excursions \u00e0 travers les \u00eeles Canaries. Faisant partie de Tu Nido Tenerife, l'une des meilleures agences immobili\u00e8res de Tenerife avec plus de 20 ans d'exp\u00e9rience dans l'immobilier et la construction de propri\u00e9t\u00e9s, nous offrons des...","protected":false},"author":1,"featured_media":0,"parent":0,"menu_order":0,"comment_status":"closed","ping_status":"closed","template":"","meta":{"_acf_changed":false,"footnotes":""},"class_list":["post-13824","page","type-page","status-publish","hentry"],"acf":[],"_links":{"self":[{"href":"https:\/\/canaryvip.com\/fr\/wp-json\/wp\/v2\/pages\/13824","targetHints":{"allow":["GET"]}}],"collection":[{"href":"https:\/\/canaryvip.com\/fr\/wp-json\/wp\/v2\/pages"}],"about":[{"href":"https:\/\/canaryvip.com\/fr\/wp-json\/wp\/v2\/types\/page"}],"author":[{"embeddable":true,"href":"https:\/\/canaryvip.com\/fr\/wp-json\/wp\/v2\/users\/1"}],"replies":[{"embeddable":true,"href":"https:\/\/canaryvip.com\/fr\/wp-json\/wp\/v2\/comments?post=13824"}],"version-history":[{"count":5,"href":"https:\/\/canaryvip.com\/fr\/wp-json\/wp\/v2\/pages\/13824\/revisions"}],"predecessor-version":[{"id":13832,"href":"https:\/\/canaryvip.com\/fr\/wp-json\/wp\/v2\/pages\/13824\/revisions\/13832"}],"wp:attachment":[{"href":"https:\/\/canaryvip.com\/fr\/wp-json\/wp\/v2\/media?parent=13824"}],"curies":[{"name":"wp","href":"https:\/\/api.w.org\/{rel}","templated":true}]}}