{"id":9938,"date":"2024-02-19T15:00:26","date_gmt":"2024-02-19T15:00:26","guid":{"rendered":"https:\/\/canaryvip.com\/?post_type=product&#038;p=9938"},"modified":"2025-08-13T23:29:03","modified_gmt":"2025-08-13T22:29:03","slug":"no-worries-private-yacht-charter-tenerife","status":"publish","type":"product","link":"https:\/\/canaryvip.com\/fi\/shop\/no-worries-private-yacht-charter-tenerife\/","title":{"rendered":"No Worries Yacht Charter Teneriffa"},"content":{"rendered":"<h2><strong>\ud83c\udf0a Tutustu huolettomasti Teneriffan huviveneen vuokraukseen Teneriffalla<\/strong><\/h2>\n<p>Astu kyytiin <strong>Ei huolta,<\/strong> tyylik\u00e4s <strong>Antares 42 -jahti,<\/strong>\u00a0ja l\u00e4hde upealle matkalle pitkin Teneriffan upeita rannikoita. T\u00e4m\u00e4 Teneriffalla sijaitseva veneenvuokraamo on omistautunut tarjoamaan intiimin ja r\u00e4\u00e4t\u00e4l\u00f6idyn tilauskokemuksen, ja se toimii henkil\u00f6kohtaisena ylellisyyden, mukavuuden ja j\u00e4nnityst\u00e4 etsiv\u00e4n seikkailun keidas.<\/p>\n<p>Nauti lukuisista ensiluokkaisista mukavuuksista ja kiinnostavista aktiviteeteista, jotka takaavat, ett\u00e4 jokainen hetki laivalla on suunniteltu ylitt\u00e4m\u00e4\u00e4n odotuksesi poikkeuksellisesta meriseikkailusta.<\/p>\n<h3>\u2b50\ufe0f <strong>Ensiluokkainen mukavuus &amp; eksklusiivinen yksityisyys<\/strong><\/h3>\n<p><span style=\"text-decoration: underline;\"><strong>Poikkeukselliset mukavuudet, jotka tekev\u00e4t t\u00e4st\u00e4 Teneriffalla sijaitsevasta vuokraveneest\u00e4 ainutlaatuisen:<\/strong><\/span><\/p>\n<ul>\n<li>Ylelliset etuveneen tyynyt ja tilava Fly Bridge, t\u00e4ydellinen rentoutumiseen ja auringonottoon.<\/li>\n<li>Nykyaikaiset kylpyhuoneet, joissa on suihkut.<\/li>\n<li>Erilaiset korkeatasoiset mukavuudet, jotka on suunniteltu kohottamaan aikaa aluksella.<\/li>\n<\/ul>\n<h3>\ud83d\udd52 <strong>Joustavia tilauslentovaihtoehtoja jokaiseen toiveeseen<\/strong><\/h3>\n<ul>\n<li><strong>2-tunnin Discovery Tour<\/strong>: Lyhyt, mutta unohtumaton katsaus Teneriffan merelliseen kauneuteen, johon mahtuu enint\u00e4\u00e4n 10 matkustajaa. T\u00e4m\u00e4 retki sis\u00e4lt\u00e4\u00e4 kaikki juomat, patongit, tapakset, tuoreet hedelm\u00e4t, snorkkelivarusteet, melontalaudat ja oman tarjoilijan.<\/li>\n<li><strong>3-tunnin Signature Voyage<\/strong>: Sukella syvemm\u00e4lle Teneriffan rannikon loistoon t\u00e4ll\u00e4 kolmen tunnin retkell\u00e4, joka sis\u00e4lt\u00e4\u00e4 my\u00f6s kaikki juomat, patongit, tapakset, tuoreet hedelm\u00e4t, snorkkelivarusteet, melontalaudat ja oman tarjoilijan.<\/li>\n<li><strong>4 tunnin pidennetty matka<\/strong>: T\u00e4m\u00e4 tilauspurjehdus tarjoaa enemm\u00e4n aikaa vesill\u00e4 ja sis\u00e4lt\u00e4\u00e4 kaikki lyhyempien matkojen mukavuudet sek\u00e4 kelluvan rantaklubin, joka lis\u00e4\u00e4 rentoutumista ja nautintoa. Kaikki juomat, patongit, tapakset, tuoreet hedelm\u00e4t, snorkkelivarusteet ja melontalaudat sek\u00e4 tarjoilija huolehtivat tarpeistasi.<\/li>\n<li><strong>6-tunnin Premium-tutkimus<\/strong>: T\u00e4ll\u00e4 pidennetyll\u00e4 matkalla voit tutustua syv\u00e4llisemmin saaren lumoaviin rannikoihin, ja se tarjoaa kelluvan rantaklubin ja lis\u00e4menuvaihtoehtoja, kuten kanarialaista paahdettua kanaa perunoiden ja salaatin kera tai paellaa, sek\u00e4 kaikki juomat, patongit, tapakset, snorkkelivarusteet ja melontalaudat. Mukana on oma tarjoilija, joka parantaa kokemustasi.<\/li>\n<li><strong>8-tuntinen perimm\u00e4inen seikkailu<\/strong>: Kattavin saatavilla oleva vuokrausvaihtoehto enint\u00e4\u00e4n 10 matkustajalle, jossa on samat ylelliset mukavuudet kuin kuuden tunnin kiertomatkalla, mukaan lukien kelluva rantaklubi, monipuoliset ruokavaihtoehdot ja kaikki olennaiset varusteet ylellisyytt\u00e4 ja tutkimusmatkailua t\u00e4ynn\u00e4 olevaan p\u00e4iv\u00e4\u00e4n.<\/li>\n<li>Mukautettavia vaihtoehtoja ja vaihtoehtoisia ruokalistoja, kuten sushia, kalaruokia, kasvisruokalistoja sek\u00e4 eksklusiivisia samppanjoja ja v\u00e4kevi\u00e4 alkoholijuomia, on saatavilla, jotta matkasi vastaisi t\u00e4ydellisesti mieltymyksi\u00e4si.<\/li>\n<\/ul>\n<h4>\ud83d\udea4 <strong>\ud83d\udea4 R\u00e4\u00e4t\u00e4l\u00f6ityj\u00e4 purjehdusseikkailuja asiantuntevan miehist\u00f6mme kanssa<\/strong><\/h4>\n<p>Kokenut ja monikielinen miehist\u00f6mme on sitoutunut tarjoamaan purjehduskokemuksen, joka on r\u00e4\u00e4t\u00e4l\u00f6ity juuri sinun makuusi, ja opastaa sinut Kanariansaarten henke\u00e4salpaavimpien n\u00e4ht\u00e4vyyksien \u00e4\u00e4relle, jotta matkasi olisi syv\u00e4sti henkil\u00f6kohtainen.<\/p>\n<h4>\ud83c\udf0a <strong>\ud83c\udf0a Edistykselliset navigointilaitteet vaivatonta purjehdusta varten<\/strong><\/h4>\n<p><strong>Ei huolta<\/strong> on varustettu uusimmalla navigointitekniikalla, joka takaa sujuvan ja rauhallisen matkan Teneriffan taivaansinisill\u00e4 vesill\u00e4, mik\u00e4 tekee matkastasi sek\u00e4 j\u00e4nnitt\u00e4v\u00e4n ett\u00e4 rauhallisen.<\/p>\n<h3>\u2705 <strong>Yksinomaiset ominaisuudet No Worries<\/strong><\/h3>\n<ul>\n<li>T\u00e4ydellinen all-inclusive-ylellisyys: Rajattomista premium-juomista gourmet-ruokiin sek\u00e4 erilaisiin aktiviteetteihin, kuten melontaan ja snorklaukseen, jokainen yksityiskohta on j\u00e4rjestetty huolellisesti nautintoasi varten.<\/li>\n<li>Erityisruokavalioihin on saatavilla pyynn\u00f6st\u00e4 r\u00e4\u00e4t\u00e4l\u00f6ityj\u00e4 ruokailukokemuksia.<\/li>\n<li>Helposti saavutettava kohtaamispaikka osoitteessa <a href=\"https:\/\/www.google.com\/maps\/place\/Puerto+Col%C3%B3n\/@28.0780067,-16.7394902,17z\/data=!3m2!4b1!5s0xc6a97433884bdf9:0x76d293b7b99db23a!4m6!3m5!1s0xc6a9743509c9ebf:0xd62345524f768247!8m2!3d28.078002!4d-16.7369153!16s%2Fg%2F11c6cqryw_?entry=tts&amp;g_ep=EgoyMDI0MDUwNS4wKgBIAVAD\" target=\"_blank\" rel=\"noopener\">Puerto Col\u00f3n,<\/a> Costa Adeje, jota tukevat suorat pys\u00e4k\u00f6intimahdollisuudet.<\/li>\n<\/ul>\n<h4>\ud83d\udd53 <strong>Vaivaton varausprosessi ja sis\u00e4\u00e4nkirjautuminen<\/strong><\/h4>\n<ul>\n<li>Varaa matkasi etuk\u00e4teen varmistaaksesi haluamasi p\u00e4iv\u00e4m\u00e4\u00e4r\u00e4n ja koe vertaansa vailla oleva ylellisyys.<\/li>\n<li>Saapuminen 15 minuuttia ennen l\u00e4ht\u00f6\u00e4 takaa sujuvan alun ylelliselle matkallesi.<\/li>\n<\/ul>\n<h4>\ud83d\udcdc <strong>Kattava varaus- ja peruutusjoustavuus<\/strong><\/h4>\n<ul>\n<li><strong>vankka s\u00e4\u00e4varautumissuunnitelma:<\/strong> Valitse toinen p\u00e4iv\u00e4m\u00e4\u00e4r\u00e4 tai saat t\u00e4yden hyvityksen, jos olosuhteet eiv\u00e4t ole purjehdukselle suotuisat.<\/li>\n<li><strong>Joustavat peruutusehdot:<\/strong> Voit peruuttaa lyhyempi\u00e4 matkoja enint\u00e4\u00e4n 4 p\u00e4iv\u00e4\u00e4 ennen ja pidempi\u00e4 retki\u00e4 enint\u00e4\u00e4n 6 p\u00e4iv\u00e4\u00e4 ennen ilman seuraamuksia.<\/li>\n<li>Ilmoita meille mahdollisista ruokavaliorajoituksista 48 tuntia ennen tilausajoa, jotta voimme mukauttaa kulinaarisen kokemuksesi.<\/li>\n<\/ul>\n<p>L\u00e4hde ylellisyyden, yksityisyyden ja seikkailun matkalle No Worries -yksityisjahdilla.<\/p>\n<p><a href=\"https:\/\/canaryvip.com\/fi\/tenerife\/boat-hire-tenerife\/\">Veneen vuokraus Teneriffalla<\/a> t\u00e4n\u00e4\u00e4n ja tutustu lopulliseen tapaan kokea Teneriffan majesteettiset vedet. \ud83c\udf1f\ud83d\udee5\ufe0f\ud83c\udf0a<\/p>","protected":false},"excerpt":{"rendered":"<p><strong>\ud83d\udd0d No Worries vene:<\/strong><br \/>\n\u2705 Turvallinen maksu.<br \/>\n\ud83d\udee5\ufe0f 13.5m Yacht Comfort.<br \/>\n\u23f3 P\u00e4ivitt\u00e4iset kierrokset 2-12h.<br \/>\n\ud83d\udd59 Mukautettavat l\u00e4ht\u00f6ajat.<br \/>\n\ud83c\udf74 Ateriat ja juomat sis\u00e4ltyv\u00e4t hintaan.<br \/>\n\ud83d\udc65 Enint\u00e4\u00e4n 10 vierasta.<br \/>\n\ud83d\udedd Vesiliukum\u00e4ki +6H Tours.<br \/>\n\ud83c\udfc4\u200d\u2640\ufe0f Melontalaudat mukana.<br \/>\n\ud83e\udd3f Snorkkelivarusteet tarjotaan.<br \/>\n\ud83d\udd0a Toista musiikkia.<br \/>\n\ud83e\udd11 Paras hinta taattu.<br \/>\n\ud83d\udc6a Alennukset aktivoitu.<br \/>\n\ud83d\udd01 Enint\u00e4\u00e4n 4 p\u00e4iv\u00e4n peruutus.<br \/>\n\ud83c\udf0d Monikielinen miehist\u00f6.<br \/>\n\ud83c\udf1f Varaa ajoissa ja s\u00e4\u00e4st\u00e4!<br \/>\n\ud83d\udccd L\u00e4ht\u00f6\u00a0<a href=\"https:\/\/maps.app.goo.gl\/ocJuu7A8R1JWjPbS9\">Puerto Colon<\/a>.<\/p>","protected":false},"featured_media":13629,"comment_status":"open","ping_status":"closed","template":"","meta":{"_acf_changed":false},"product_brand":[],"product_cat":[47],"product_tag":[],"class_list":{"0":"post-9938","1":"product","2":"type-product","3":"status-publish","4":"has-post-thumbnail","6":"product_cat-boat-hire-tenerife","7":"wcpa_has_options","9":"first","10":"instock","11":"sale","12":"virtual","13":"purchasable","14":"product-type-simple"},"acf":[],"wcpa_form_fields":{"wcpaData":{"product":{"product_price":745,"price_html":"From&nbsp;<del aria-hidden=\"true\"><span class=\"woocommerce-Price-amount amount\"><bdi>800,00&nbsp;<span class=\"woocommerce-Price-currencySymbol\">&euro;<\/span><\/bdi><\/span><\/del> <span class=\"screen-reader-text\">Alkuper\u00e4inen hinta oli: 800,00&nbsp;&euro;.<\/span><ins aria-hidden=\"true\"><span class=\"woocommerce-Price-amount amount\"><bdi>745,00&nbsp;<span class=\"woocommerce-Price-currencySymbol\">&euro;<\/span><\/bdi><\/span><\/ins><span class=\"screen-reader-text\">Nykyinen hinta on: 745,00&nbsp;&euro;.<\/span>","original_product_price":800,"price_including_tax":745,"price_excluding_tax":745,"product_id":{"parent":9938,"variation":false},"is_variable":false,"stock_status":"instock","stock_quantity":null,"parent_sku":"CV9938","product_attributes":[],"custom_fields":[],"is_taxable":false,"product_name":"No Worries Yacht Charter Tenerife","hasImage":false},"fields":{"sec_7663b89a2e2f8f":{"extra":{"key":"sec_7663b89a2e2f8f","section_id":"sec_7663b89a2e2f8f","name":"Default","status":1,"cl_rule":"show","enableCl":false,"relations":[],"toggle":true,"title_tag":"h3","show_title":false,"showPrice":"default","form_id":11415,"form_rules":{"exclude_from_discount":true,"fee_label":"Fee","disp_hide_options_price":true,"disp_show_section_price":false,"disp_show_field_price":true,"layout_option":"standard","pric_use_as_fee":false,"process_fee_as":"woo_fee"},"layout_option":"standard"},"fields":[[{"label":"\ud83d\udcc5 Date","active":true,"required":true,"elementId":"date_9663b89a2e2faf","picker_type":"custom","picker_mode":"single","placeholder":"","description":"","tooltip":"","name":"date_9663b89a2e2faf","label_position":"default","desc_position":"default","enablePrice":false,"className":"","enableCl":false,"relations":[{"operator":"and","rules":[{"operator":"AND","rules":{"cl_field":"radio-group_565c78ffa81208","cl_relation":"is","cl_val":"3 Hour Trip"}}]}],"date_pic_inline":true,"date_pic_inline_hide":true,"min_date":{"type":"days","val":"2"},"max_date":{"type":"days","val":"365"},"date_pic_conf":{"disabledWeeks":[],"disabledDates":["2025-08-25","2025-08-28 to 2025-08-29"]},"price":"","cl_rule":"show","col":6,"type":"date","error":false,"enableDesign":false,"LabelColor":"","isWeightTemplate":false,"isTemplate":false,"min_quantity":"1","quantity_decimal":false,"quantity_step":"1","quantity_label":"Quantity","repeater_field_label":"{field_label}","repeater_bind":"","gt_translate_keys":["label","placeholder","description","tooltip","repeater_field_label","quantity_label"],"price_dependency":false,"cl_dependency":false,"value":""}],[{"contentType":"rich","active":true,"label":"","elementId":"content_4663b89a2e2fbd","value":"<p>\ud83c\udf9f\ufe0f <strong>Reservation<\/strong>: Pay only a deposit now to reserve; the rest is due on the day of the activity upon arrival.<\/p>","inline":false,"name":"content_4663b89a2e2fbd","enablePrice":false,"className":"","subtype":"p","enableCl":false,"relations":false,"price":"","cl_rule":"show","col":6,"type":"content","error":false,"pricingType":"custom","isTemplate":false,"is_show_price":true,"show_in_checkout":true,"gt_translate_keys":["label","value"],"price_dependency":false,"cl_dependency":false}],[{"elementId":"separator_2663b89a2e2fc9","separatorType":"blank","className":"","height":"3","enableCl":false,"relations":false,"cl_rule":"show","col":6,"type":"separator","error":false,"gt_translate_keys":[],"price_dependency":false,"cl_dependency":false,"value":""}],[{"active":true,"col":6,"relations":false,"cl_rule":"show","enableCl":false,"price":"","enablePrice":true,"className":"","label_position":"default","desc_position":"default","type":"select","required":true,"elementId":"select_2663b89a2e2fd3","label":"\u23f3 Trip Duration","name":"select_2663b89a2e2fd3","values":[{"label":"2 Hours (745\u20ac)","value":"2","selected":false,"tempId":"aco_212","price":"745","gt_translate_keys":["label"]},{"label":"3 Hours (825\u20ac)","value":"3","selected":false,"tempId":"aco_556","price":"825","gt_translate_keys":["label"]},{"label":"4 Hours (1.065\u20ac)","value":"4","selected":false,"tempId":"aco_640","price":"1065","gt_translate_keys":["label"]},{"label":"5 Hours (1.330\u20ac","value":"5","selected":false,"tempId":"aco_100","price":"1330","gt_translate_keys":["label"]},{"label":"6 Hours (1.595\u20ac)","value":"6","selected":false,"tempId":"aco_660","price":"1595","gt_translate_keys":["label"]},{"label":"8 Hours (1.995\u20ac)","value":"8","selected":false,"tempId":"aco_19","price":"1995","gt_translate_keys":["label"]}],"dropdown_type":"basic","error":false,"placeholder":"Select Trip Duration","priceOptions":"different_for_all","pricingType":"fixed","is_show_price":true,"isWeightTemplate":false,"isTemplate":false,"min_quantity":"1","quantity_decimal":false,"quantity_step":"1","quantity_label":"Quantity","repeater_field_label":"{field_label}","repeater_bind":"","gt_translate_keys":["label","placeholder","repeater_field_label","quantity_label"],"price_dependency":["content_3663b89a2e2ff1","content_7663b89a2e2ffb"],"cl_dependency":false,"value":""}],[{"label":"\u2705 Number of People","active":true,"required":true,"elementId":"select_10663b89a2e2fdd","dropdown_type":"basic","placeholder":"Select Number of People","name":"select_10663b89a2e2fdd","label_position":"default","desc_position":"default","enablePrice":false,"className":"","enableCl":false,"relations":[{"operator":false,"rules":[{"operator":"AND","rules":{"cl_field":"radio-group_565c78ffa81208","cl_relation":"is","cl_val":"3 Hour Trip"}}]}],"values":[{"label":"1 person","value":"1","selected":false,"tempId":"aco_1471","price":"0","gt_translate_keys":["label"]},{"label":"2 people","value":"2","selected":false,"tempId":"aco_1472","price":"0","gt_translate_keys":["label"]},{"label":"3 people","value":"3","selected":false,"tempId":"aco_1500","price":"0","gt_translate_keys":["label"]},{"label":"4 people","value":"4","selected":false,"tempId":"aco_1510","price":"0","gt_translate_keys":["label"]},{"label":"5 people","value":"5","selected":false,"tempId":"aco_1520","price":"0","gt_translate_keys":["label"]},{"label":"6 people","value":"6","selected":false,"tempId":"aco_1728","price":"0","gt_translate_keys":["label"]},{"label":"7 people","value":"7","selected":false,"tempId":"aco_1738","price":"20","gt_translate_keys":["label"]},{"label":"8 people","value":"8","selected":false,"tempId":"aco_1748","price":"40","gt_translate_keys":["label"]},{"label":"9 people","value":"9","selected":false,"tempId":"aco_1912","price":"60","gt_translate_keys":["label"]},{"label":"10 people","value":"10","selected":false,"tempId":"aco_1922","price":"80","gt_translate_keys":["label"]}],"price":"","cl_rule":"show","col":6,"type":"select","error":false,"priceOptions":"different_for_all","pricingType":"fixed","is_show_price":true,"isWeightTemplate":false,"isTemplate":false,"min_quantity":"1","quantity_decimal":false,"quantity_step":"1","quantity_label":"Quantity","repeater_field_label":"{field_label}","repeater_bind":"","gt_translate_keys":["label","placeholder","repeater_field_label","quantity_label"],"price_dependency":false,"cl_dependency":false,"value":""}],[{"active":true,"col":6,"relations":false,"cl_rule":"show","enableCl":false,"price":"","enablePrice":true,"className":"","label_position":"default","desc_position":"default","type":"select","required":false,"elementId":"select_8764721131","label":"\ud83d\udca6 Add jet-skis?","name":"select_8764721131","values":[{"label":"1 JetSki for 1 Hour (250\u20ac)","value":"1JetSki 1H","selected":false,"tempId":"aco_167","price":"250","gt_translate_keys":["label"]},{"label":"2 JetSkis for 1 Hour (500\u20ac)","value":"2JetSkis 1H","selected":false,"tempId":"aco_168","price":"500","gt_translate_keys":["label"]}],"isWeightTemplate":false,"error":false,"isTemplate":false,"min_quantity":"1","quantity_decimal":false,"quantity_step":"1","quantity_label":"Quantity","repeater_field_label":"{field_label}","repeater_bind":"","dropdown_type":"basic","description":"Private JetSki tour from the boat with a JetSki instructor.","placeholder":"None","priceOptions":"different_for_all","pricingType":"fixed","is_show_price":true,"gt_translate_keys":["label","placeholder","description","repeater_field_label","quantity_label"],"price_dependency":["content_3663b89a2e2ff1"],"cl_dependency":false,"value":""}],[{"elementId":"separator_6663b89a2e2fe7","separatorType":"fill","className":"","height":"6","enableCl":false,"relations":false,"cl_rule":"show","col":6,"type":"separator","error":false,"separatorColor":"#66a6b6","gt_translate_keys":[],"price_dependency":false,"cl_dependency":false,"value":""}],[{"active":true,"col":6,"relations":false,"cl_rule":"show","enableCl":false,"price":"(({field.select_2663b89a2e2fd3.price})*0.20)+({field.select_8764721131.price})","enablePrice":true,"className":"","label_position":"default","desc_position":"default","type":"content","required":false,"elementId":"content_3663b89a2e2ff1","label":"Deposit Payment","name":"content_3663b89a2e2ff1","contentType":"plain","value":"","error":false,"pricingType":"custom","isTemplate":false,"is_show_price":false,"enableDesign":true,"scrollBar":false,"use_as_fee":false,"fee_label":"Payment Now","inline":true,"show_in_checkout":true,"subtype":"div","formulaId":"fmla_1708364241278155361","LabelSize":"14px","gt_translate_keys":["label","value"],"price_dependency":["content_3663b89a2e3004"],"cl_dependency":false}],[{"contentType":"plain","active":true,"label":"Payment at Arrival","elementId":"content_7663b89a2e2ffb","value":"","inline":true,"show_in_checkout":true,"name":"content_7663b89a2e2ffb","enablePrice":true,"className":"","fee_label":"Payment at Arrival","subtype":"div","enableCl":false,"relations":false,"scrollBar":false,"enableDesign":true,"pricingType":"custom","isTemplate":false,"price":"({field.select_2663b89a2e2fd3.price})*0.80","use_as_fee":false,"is_show_price":true,"cl_rule":"show","col":6,"type":"content","error":false,"formulaId":"fmla_1708360988969136756","LabelSize":"14px","gt_translate_keys":["label","value"],"price_dependency":["content_3663b89a2e3004"],"cl_dependency":false}],[{"contentType":"plain","active":true,"label":"Total Price","elementId":"content_3663b89a2e3004","value":"","inline":true,"show_in_checkout":true,"name":"content_3663b89a2e3004","enablePrice":true,"className":"","fee_label":"Payment at Arrival","subtype":"div","enableCl":false,"relations":false,"scrollBar":false,"enableDesign":true,"LabelSize":"14px","pricingType":"custom","isTemplate":false,"price":"({field.content_3663b89a2e2ff1.price}) + ({field.content_7663b89a2e2ffb.price})","formulaId":"fmla_1708360988969136756","use_as_fee":false,"is_show_price":true,"cl_rule":"show","col":6,"type":"content","error":false,"gt_translate_keys":["label","value"],"price_dependency":false,"cl_dependency":false}],[{"elementId":"separator_10663b89a2e300e","separatorType":"blank","className":"","height":"3","enableCl":false,"relations":false,"cl_rule":"show","col":6,"type":"separator","error":false,"gt_translate_keys":[],"price_dependency":false,"cl_dependency":false,"value":""}],[{"active":true,"col":6,"relations":[{"operator":false,"rules":[{"operator":"AND","rules":{"cl_field":"radio-group_565c78ffa81208","cl_relation":"is","cl_val":"3 Hour Trip"}}]}],"cl_rule":"show","enableCl":false,"price":"","enablePrice":false,"className":"","label_position":"default","desc_position":"default","type":"select","required":false,"elementId":"select_2663b89a2e3017","label":"\u23f0 Departure","name":"select_2663b89a2e3017","values":[{"label":"09:00","value":"09:00","selected":false,"tempId":"aco_1471","gt_translate_keys":["label"]},{"label":"10:00","value":"10:00","selected":false,"tempId":"aco_1472","gt_translate_keys":["label"]},{"label":"11:00","value":"11:00","selected":false,"tempId":"aco_1500","gt_translate_keys":["label"]},{"label":"12:00","value":"12:00","selected":false,"tempId":"aco_1510","gt_translate_keys":["label"]},{"label":"13:00 (1:00 PM)","value":"13:00","selected":false,"tempId":"aco_1520","gt_translate_keys":["label"]},{"label":"14:00 (2:00 PM)","value":"14:00","selected":false,"tempId":"aco_1728","gt_translate_keys":["label"]},{"label":"15:00 (3:00 PM)","value":"15:00","selected":false,"tempId":"aco_1738","gt_translate_keys":["label"]},{"label":"16:30 (4:30 PM)","value":"16:30","selected":false,"tempId":"aco_100","gt_translate_keys":["label"]}],"dropdown_type":"basic","error":false,"placeholder":"Whichever Time is Best","isWeightTemplate":false,"isTemplate":false,"min_quantity":"1","quantity_decimal":false,"quantity_step":"1","quantity_label":"Quantity","repeater_field_label":"{field_label}","repeater_bind":"","gt_translate_keys":["label","placeholder","repeater_field_label","quantity_label"],"price_dependency":false,"cl_dependency":false,"value":""}],[{"elementId":"separator_8663b89a2e3021","separatorType":"blank","className":"","height":"1","enableCl":false,"relations":false,"cl_rule":"show","col":6,"type":"separator","error":false,"gt_translate_keys":[],"price_dependency":false,"cl_dependency":false,"value":""}]]}},"config":{"price_override":"always","enable_recaptcha":false,"bind_quantity":false,"quantity_bind_formula":false,"disp_summ_show_option_price":true,"disp_summ_show_product_price":false,"disp_summ_show_total_price":false,"disp_summ_show_fee":true,"disp_summ_show_discount":true,"summary_title":"","options_total_label":"Options Price","total_label":"Deposit Amount","options_product_label":"Product Price","fee_label":"Fee","discount_label":"Discount","has_price":true,"has_quantity_formula":false},"mc_unit":1,"tax_rate":1,"tax_rate_real":1,"discount":{"percentage":0,"fixed":0},"design":{"conf":{"LabelPosition":"above","DescPosition":"above","UploadField":"custom_1","QuantityFieldStyle":"custom_1"},"css":{"LeftLabelWidth":"120px"}},"formulas":{"fmla_1708360988969136756":"(({field.select_2663a0ecdc488f.value}>=5)?(640):(({field.select_2663a0ecdc488f.value}>=4)?(520):(({field.select_2663a0ecdc488f.value}>=3)?(440):(0))))","fmla_1708364241278155361":"(({field.select_5841412719.value}>=8)?({field.select_5841412719.price}):(({field.select_5841412719.value}>=5)?({field.select_5841412719.price}):(({field.select_5841412719.value}>=3)?({field.select_5841412719.price}):(0))))"},"lookuptables":[],"clones":false,"cartKey":false}},"_links":{"self":[{"href":"https:\/\/canaryvip.com\/fi\/wp-json\/wp\/v2\/product\/9938","targetHints":{"allow":["GET"]}}],"collection":[{"href":"https:\/\/canaryvip.com\/fi\/wp-json\/wp\/v2\/product"}],"about":[{"href":"https:\/\/canaryvip.com\/fi\/wp-json\/wp\/v2\/types\/product"}],"replies":[{"embeddable":true,"href":"https:\/\/canaryvip.com\/fi\/wp-json\/wp\/v2\/comments?post=9938"}],"wp:featuredmedia":[{"embeddable":true,"href":"https:\/\/canaryvip.com\/fi\/wp-json\/wp\/v2\/media\/13629"}],"wp:attachment":[{"href":"https:\/\/canaryvip.com\/fi\/wp-json\/wp\/v2\/media?parent=9938"}],"wp:term":[{"taxonomy":"product_brand","embeddable":true,"href":"https:\/\/canaryvip.com\/fi\/wp-json\/wp\/v2\/product_brand?post=9938"},{"taxonomy":"product_cat","embeddable":true,"href":"https:\/\/canaryvip.com\/fi\/wp-json\/wp\/v2\/product_cat?post=9938"},{"taxonomy":"product_tag","embeddable":true,"href":"https:\/\/canaryvip.com\/fi\/wp-json\/wp\/v2\/product_tag?post=9938"}],"curies":[{"name":"wp","href":"https:\/\/api.w.org\/{rel}","templated":true}]}}