{"id":9834,"date":"2024-02-15T22:11:39","date_gmt":"2024-02-15T22:11:39","guid":{"rendered":"https:\/\/canaryvip.com\/?post_type=product&#038;p=9834"},"modified":"2025-08-09T12:53:55","modified_gmt":"2025-08-09T11:53:55","slug":"forestal-park-tenerife","status":"publish","type":"product","link":"https:\/\/canaryvip.com\/fi\/shop\/forestal-park-tenerife\/","title":{"rendered":"Forestal Park Teneriffalla"},"content":{"rendered":"<h2><strong>\ud83c\udf32 Forestal Park Tenerife: Sukella luonnon leikkikent\u00e4lle!<\/strong><\/h2>\n<p>L\u00e4hde seikkailuun kuin mik\u00e4 tahansa muu <strong>Forestal Park Teneriffalla,<\/strong> jossa ulkoilman j\u00e4nnitys kohtaa satakuntalaisten m\u00e4ntymetsien seesteisen kauneuden. Koe j\u00e4nnityst\u00e4 navigoidessasi Kanariansaarten suurimman k\u00f6ysirata- ja seikkailupuiston l\u00e4pi. Yli 90 ainutlaatuisen korkealla sijaitsevan haasteen, kuten riippusiltojen, verkkojen, liaanien ja henke\u00e4salpaavien k\u00f6ysiratojen ansiosta seikkailuhenkesi nousee uusiin korkeuksiin.<\/p>\n<h3><strong>\ud83c\udfa2 Miksi valita seikkailumme?<\/strong><\/h3>\n<ul>\n<li><strong>Taattua hauskanpitoa:<\/strong> Varmista paikkasi varaamalla ennakkoon ja v\u00e4lt\u00e4 pettymys t\u00e4ydest\u00e4 puistosta.<\/li>\n<li><strong>Eksklusiiviset alennukset:<\/strong> Nauti eksklusiivisista alennuksista, kun varaat seuraavan seikkailusi kanssamme!<\/li>\n<li><strong>Joustavat suunnitelmat:<\/strong> Muutos suunnitelmiin? Leppoisa peruutusk\u00e4yt\u00e4nt\u00f6mme suojaa sinua.<\/li>\n<li><strong>Sis\u00e4piirin neuvoja:<\/strong> Hy\u00f6dy omakohtaisista kokemuksistamme ja suosituksistamme parasta seikkailua varten.<\/li>\n<\/ul>\n<h3><strong>\ud83d\udc65 Tiiminrakennus ja ryhm\u00e4seikkailut<\/strong><\/h3>\n<p>Paranna toveruutta ja solmi pysyvi\u00e4 yhteyksi\u00e4 mink\u00e4 tahansa ryhm\u00e4n sis\u00e4ll\u00e4 monipuolisten tiiminrakennusseikkailujemme avulla. <strong>Forestal Park Teneriffalla<\/strong> tarjoaa omaleimaisen taustan, joka sopii t\u00e4ydellisesti ryhm\u00e4hengen lis\u00e4\u00e4miseen seuraavien keskuudessa. <strong>yritysryhm\u00e4t,<\/strong>\u00a0juhlimalla erityisi\u00e4 hetki\u00e4 <strong>yst\u00e4vi\u00e4,<\/strong>\u00a0merkitsem\u00e4ll\u00e4 virstanpylv\u00e4it\u00e4, kuten <strong>syntym\u00e4p\u00e4iv\u00e4t,<\/strong>\u00a0tai tuomalla <strong>suuret perhejuhlat<\/strong> l\u00e4hemp\u00e4n\u00e4 toisiaan.<\/p>\n<p>l\u00e4hemp\u00e4n\u00e4 toisiaan. Huolellisesti suunnitellut haasteemme eiv\u00e4t ainoastaan viihdyt\u00e4, vaan my\u00f6s edist\u00e4v\u00e4t tiimity\u00f6t\u00e4, viestint\u00e4\u00e4 ja yhteist\u00e4 voiton ja yhten\u00e4isyyden tunnetta kaikenlaisissa ryhmiss\u00e4. Halusitpa sitten vahvistaa yritystiimej\u00e4, luoda unohtumattomia syntym\u00e4p\u00e4iv\u00e4muistoja, yhdist\u00e4\u00e4 yst\u00e4vi\u00e4 seikkailuun tai koota suurperheit\u00e4 yhteen hauskanpitop\u00e4iv\u00e4n ajaksi, puistomme takaa kaikille osallistavan, mukaansatempaavan ja ikimuistoisen kokemuksen.<\/p>\n<h3><strong>\ud83d\udee0\ufe0f Valmistautuminen seikkailuun<\/strong><\/h3>\n<ul>\n<li><strong>Varaa etuk\u00e4teen:<\/strong> Varmista sis\u00e4\u00e4np\u00e4\u00e4sysi varaamalla paikkasi etuk\u00e4teen.<\/li>\n<li><strong>Saapumisvinkkej\u00e4<\/strong>: Neuvomme Teneriffan etel\u00e4osassa asuvia vieraita suunnittelemaan vierailunsa huolellisesti etuk\u00e4teen, sill\u00e4 matka autolla kest\u00e4\u00e4 v\u00e4hint\u00e4\u00e4n 1 tunnin. Otathan huomioon paikallisten py\u00f6r\u00e4ilij\u00f6iden ja vuoristotieolosuhteiden aiheuttamat mahdolliset viiv\u00e4stykset, jotta saavut sujuvasti ja ajoissa.<\/li>\n<li><strong>Pukeudu oikealle:<\/strong> K\u00e4yt\u00e4 aktiiviseen ulkoilup\u00e4iv\u00e4\u00e4n sopivia vaatteita.<\/li>\n<li><strong>Ennen vierailua:<\/strong> Ilmoittaudu sis\u00e4\u00e4n 30 minuuttia ennen varausta tutustuaksesi puiston mukavuuksiin.<\/li>\n<\/ul>\n<h3><strong>\ud83c\udf33 Seikkailu odottaa joka kulmassa<\/strong><\/h3>\n<ul>\n<li><strong>Monipuoliset haasteet:<\/strong> Seesteisist\u00e4 k\u00e4velyretkist\u00e4 \u00e4\u00e4rimm\u00e4iseen j\u00e4nnitykseen, puistomme palvelee kaiken tasoisia seikkailunhaluisia.<\/li>\n<li><strong>Jatkuva turvallisuus:<\/strong> Ammattitaitoinen tiimimme varmistaa, ett\u00e4 olet aina turvallisesti yhteydess\u00e4, jotta voit nauttia huolettomasta kokemuksesta.<\/li>\n<li><strong>Lis\u00e4\u00e4 tutkittavaa:<\/strong> Tutustu Teneriffan laajaan seikkailuvalikoimaan puiden latvojen ulkopuolella.<\/li>\n<\/ul>\n<h3><strong>\ud83c\udfde\ufe0f Ulkopuistomme ominaisuudet<\/strong><\/h3>\n<ul>\n<li><strong>Hieno luonto:<\/strong> Uppoudu Teneriffan metsien rehev\u00e4\u00e4n biologiseen monimuotoisuuteen.<\/li>\n<li><strong>Toimintaa kaikille:<\/strong> Nauti erilaisista puunlatvahaasteista, jotka sopivat kaikenik\u00e4isille ja -tasoisille.<\/li>\n<li><strong>Asiantuntijaohjeet:<\/strong> P\u00e4tev\u00e4t ohjaajamme takaavat hauskan ja turvallisen seikkailun kaikille.<\/li>\n<li><strong>Ymp\u00e4rist\u00f6tietoinen:<\/strong> Sitoutumisemme kest\u00e4v\u00e4\u00e4n kehitykseen tarkoittaa, ett\u00e4 nautimme luonnosta vahingoittamatta sit\u00e4.<\/li>\n<li><strong>Mukavuudet:<\/strong> Tankkaa kahvilassamme ja k\u00e4yt\u00e4 puhtaita tilojamme mukavaa p\u00e4iv\u00e4nviettoa varten.<\/li>\n<\/ul>\n<h3><strong>\ud83d\udcc5 Suunnittele vierailusi<\/strong><\/h3>\n<ul>\n<li><strong>Seikkailun tunnit:<\/strong> Avoinna p\u00e4ivitt\u00e4in klo 10:00-18:00. Muista saapua paikalle viimeist\u00e4\u00e4n klo 16:30, jotta saat viimeisen sis\u00e4\u00e4np\u00e4\u00e4syn.<\/li>\n<li><strong>Helppo online-varaus:<\/strong> Ohita jonot varaamalla liput verkossa. Tarkista erikoishinnat ja alennukset!<\/li>\n<\/ul>\n<h3><strong>\ud83d\udee1\ufe0f Varauksen mielenrauha<\/strong><\/h3>\n<ul>\n<li><strong>V\u00e4lit\u00f6n vahvistus:<\/strong> Saat vahvistuss\u00e4hk\u00f6postin, jossa on varauksesi tiedot ja yksil\u00f6llinen viitenumero.<\/li>\n<li><strong>Erikoistarjoukset:<\/strong> Kaikkiin varauksiin sis\u00e4ltyy erikoisalennus seuraavaa seikkailuasi varten sek\u00e4 ryhm\u00e4alennuksia.<\/li>\n<li><strong>Sitoutuminen turvallisuuteen:<\/strong> Turvallisuusohjeidemme noudattaminen on t\u00e4rke\u00e4\u00e4 hauskan ja turvallisen vierailun kannalta.<\/li>\n<li><strong>Huolellinen peruutus:<\/strong> Joustavat peruutusehdot mahdollistavat ilmaiset muutokset enint\u00e4\u00e4n 48 tuntia ennen varauksen tekemist\u00e4. 48 tunnin kuluessa tapahtuvista peruutuksista perit\u00e4\u00e4n 50%-maksu, ja peruutuksia, joita ei tehd\u00e4, ei palauteta.<\/li>\n<\/ul>\n<h4><strong>\ud83c\udf04 Oletko valmis kokemaan ultimaattisen ulkoseikkailun?<\/strong><\/h4>\n<p>Tule mukaan matkalle puiden latvojen l\u00e4pi ja tutustu Teneriffan luonnonkauneuteen ylh\u00e4\u00e4lt\u00e4 k\u00e4sin. Varaa seikkailusi nyt ja astu j\u00e4nnityksen ja l\u00f6yt\u00f6jen maailmaan! \ud83c\udf32\ud83c\udfde\ufe0f<\/p>","protected":false},"excerpt":{"rendered":"<p>\ud83d\udd0d <strong>Forestal Park Teneriffalla<\/strong>:<br \/>\n\u2705 Turvallinen maksu.<br \/>\n\ud83c\udf32 Suurin Zip Line &amp; seikkailupuisto.<br \/>\n\ud83d\udc64 Toimintaa kaikenik\u00e4isille.<br \/>\n\ud83d\udd56 Avoinna 10:00 - 18:00.<br \/>\n\ud83d\udcc5 pe, la ja su.<br \/>\n\ud83d\ude97 Pys\u00e4k\u00f6intialue vierailijoille.<br \/>\n\ud83e\udd7e Turvavarusteet.<br \/>\n\ud83e\udd11 Paras hinta taattu.<br \/>\n\ud83d\udc68\u200d\ud83d\udc69\u200d\ud83d\udc67\u200d\ud83d\udc66 Ryhm\u00e4- ja perhealennukset.<br \/>\n\ud83c\udf10 Monikielinen henkil\u00f6kunta.<br \/>\n\ud83c\udf32 Ennakkovaraus suositeltavaa.<br \/>\n\ud83d\udccd Sijaitsee <a href=\"https:\/\/maps.app.goo.gl\/JbRxgrnnevPucnau9\">La Esperanza, Teneriffa<\/a>.<\/p>","protected":false},"featured_media":9837,"comment_status":"open","ping_status":"closed","template":"","meta":{"_acf_changed":false},"product_brand":[],"product_cat":[82],"product_tag":[],"class_list":{"0":"post-9834","1":"product","2":"type-product","3":"status-publish","4":"has-post-thumbnail","6":"product_cat-fun-activities","7":"wcpa_has_options","9":"first","10":"instock","11":"virtual","12":"purchasable","13":"product-type-simple"},"acf":[],"wcpa_form_fields":{"wcpaData":{"product":{"product_price":26,"price_html":"From&nbsp;<span class=\"woocommerce-Price-amount amount\"><bdi>26,00&nbsp;<span class=\"woocommerce-Price-currencySymbol\">&euro;<\/span><\/bdi><\/span>","original_product_price":26,"price_including_tax":26,"price_excluding_tax":26,"product_id":{"parent":9834,"variation":false},"is_variable":false,"stock_status":"instock","stock_quantity":null,"parent_sku":"CV9834","product_attributes":[],"custom_fields":[],"is_taxable":false,"product_name":"Forestal Park Tenerife","hasImage":false},"fields":{"sec_465e50fd642ff4":{"extra":{"key":"sec_465e50fd642ff4","section_id":"sec_465e50fd642ff4","name":"Default","status":1,"cl_rule":"show","enableCl":false,"relations":[],"toggle":true,"title_tag":"h3","show_title":false,"showPrice":"default","form_id":10220,"form_rules":{"exclude_from_discount":true,"fee_label":"Fee","disp_hide_options_price":true,"disp_show_section_price":false,"disp_show_field_price":true,"layout_option":"standard","pric_use_as_fee":false,"process_fee_as":"woo_fee"},"layout_option":"standard"},"fields":[[{"label":"\ud83d\udcc5 Date","active":true,"required":true,"elementId":"date_365e50fd643030","picker_type":"custom","picker_mode":"single","placeholder":"","description":"","tooltip":"","name":"date_365e50fd643030","label_position":"default","desc_position":"default","enablePrice":false,"className":"","enableCl":false,"relations":[{"operator":"and","rules":[{"operator":"AND","rules":{"cl_field":"radio-group_365e50fd643015","cl_relation":"is","cl_val":"3 Hour Trip"}}]}],"date_pic_inline":true,"date_pic_inline_hide":true,"min_date":{"type":"days","val":"2"},"max_date":{"type":"days","val":"365"},"date_pic_conf":{"disabledWeeks":[1,2,3,4]},"price":"","cl_rule":"show","col":6,"type":"date","error":false,"enableDesign":false,"LabelColor":"","gt_translate_keys":["label","placeholder","description","tooltip"],"price_dependency":false,"cl_dependency":false,"value":""}],[{"active":true,"col":6,"relations":[{"operator":false,"rules":[{"operator":"AND","rules":{"cl_field":"","cl_relation":"","cl_val":""}}]}],"cl_rule":"show","enableCl":false,"price":"","enablePrice":false,"className":"","label_position":"default","desc_position":"default","type":"radio-group","required":true,"elementId":"radio-group_365e50fd643015","label":"\ud83c\udf1f Type of Ticket","name":"radio-group_365e50fd643015","values":[{"label":"Regular Tickets (26\u20ac)","value":"Regular Tickets","selected":false,"tempId":"aco_28","description":"Regular Admission Tickets.","gt_translate_keys":["label","description"]},{"label":"Resident Tickets (22\u20ac)","value":"Resident Tickets","selected":false,"tempId":"aco_30","description":"Regular Tickets for Canary Island Residents. You must present a valid document as proof of residency.","gt_translate_keys":["label","description"]}],"layOut":"","error":false,"checkUi":"toggle","enableDesign":false,"scrollBar":false,"description":"","other":false,"options_description":true,"show_selected_option":false,"gt_translate_keys":["label","description"],"price_dependency":false,"cl_dependency":[false,false],"value":""}]]},"sec_665e50fd643017":{"extra":{"key":"sec_665e50fd643017","section_id":"sec_665e50fd643017","name":"Regular Tickets","status":1,"cl_rule":"show","enableCl":true,"relations":[{"operator":false,"rules":[{"operator":"AND","rules":{"cl_field":"radio-group_365e50fd643015","cl_relation":"is","cl_val":"Regular Tickets"}}]}],"toggle":true,"title_tag":"h4","show_title":false,"showPrice":"default","form_id":10220,"form_rules":{"exclude_from_discount":true,"fee_label":"Fee","disp_hide_options_price":true,"disp_show_section_price":false,"disp_show_field_price":true,"layout_option":"standard","pric_use_as_fee":false,"process_fee_as":"woo_fee"},"layout_option":"standard"},"fields":[[{"elementId":"separator_1065e50fd64303b","separatorType":"blank","className":"","height":"10","enableCl":false,"relations":false,"cl_rule":"show","col":6,"type":"separator","gt_translate_keys":[],"price_dependency":false,"cl_dependency":false,"value":""}],[{"active":true,"col":6,"relations":false,"cl_rule":"show","enableCl":false,"price":"","enablePrice":false,"className":"","label_position":"default","desc_position":"default","type":"content","required":false,"elementId":"content_565e50fd643045","label":"People","name":"content_565e50fd643045","contentType":"plain","value":"","error":false,"show_in_checkout":true,"inline":false,"gt_translate_keys":["label","value"],"price_dependency":false,"cl_dependency":false}],[{"active":true,"col":6,"relations":[{"operator":false,"rules":[{"operator":"AND","rules":{"cl_field":"","cl_relation":"","cl_val":""}}]}],"cl_rule":"show","enableCl":true,"price":"26","enablePrice":true,"className":"","label_position":"default","desc_position":"default","type":"radio-group","required":false,"elementId":"radio-group_565e50fd643051","label":"","name":"radio-group_565e50fd643051","values":[{"label":"\ud83d\udc64 Adult (26\u20ac)","value":"Adult (26<\u20ac)","selected":true,"tempId":"aco_32","tooltip":"+13 Years","description":"","gt_translate_keys":["label","tooltip","description"]}],"layOut":"","error":false,"checkUi":"button","priceOptions":"fixed_for_all","pricingType":"fixed","enable_quantity":true,"quantity_label":"","min_quantity":"0","options_tooltip":true,"options_description":true,"gt_translate_keys":["label","quantity_label"],"price_dependency":false,"cl_dependency":false,"value":""}],[{"label":"","active":true,"required":false,"elementId":"radio-group_965e50fd64305c","name":"radio-group_965e50fd64305c","label_position":"default","desc_position":"default","enablePrice":true,"className":"","enableCl":false,"relations":false,"enable_quantity":true,"quantity_label":"","min_quantity":"0","checkUi":"button","layOut":"","values":[{"label":"\ud83d\udc66 Child (21\u20ac)","value":"Child (21\u20ac)","selected":true,"tempId":"aco_32","tooltip":"5-12 Years","description":"","gt_translate_keys":["label","tooltip","description"]}],"priceOptions":"fixed_for_all","pricingType":"fixed","price":"21","cl_rule":"show","col":6,"type":"radio-group","error":false,"options_tooltip":true,"options_description":true,"gt_translate_keys":["label","quantity_label"],"price_dependency":false,"cl_dependency":false,"value":""}]]},"sec_965e50fd6430a4":{"extra":{"key":"sec_965e50fd6430a4","section_id":"sec_965e50fd6430a4","name":"Resident Tickets","status":1,"cl_rule":"show","enableCl":true,"relations":[{"operator":false,"rules":[{"operator":"AND","rules":{"cl_field":"radio-group_365e50fd643015","cl_relation":"is","cl_val":"Resident Tickets"}}]}],"toggle":true,"title_tag":"h4","show_title":false,"showPrice":"default","form_id":10220,"form_rules":{"exclude_from_discount":true,"fee_label":"Fee","disp_hide_options_price":true,"disp_show_section_price":false,"disp_show_field_price":true,"layout_option":"standard","pric_use_as_fee":false,"process_fee_as":"woo_fee"},"layout_option":"standard"},"fields":[[{"elementId":"separator_465e50fd6430c1","separatorType":"blank","className":"","height":"10","enableCl":false,"relations":false,"cl_rule":"show","col":6,"type":"separator","gt_translate_keys":[],"price_dependency":false,"cl_dependency":false,"value":""}],[{"contentType":"plain","active":true,"label":"People","elementId":"content_865e50fd6430cb","value":"","inline":false,"show_in_checkout":true,"name":"content_865e50fd6430cb","enablePrice":false,"className":"","enableCl":false,"relations":false,"price":"","cl_rule":"show","col":6,"type":"content","gt_translate_keys":["label","value"],"price_dependency":false,"cl_dependency":false}],[{"label":"","active":true,"required":false,"elementId":"radio-group_665e50fd6430d6","name":"radio-group_665e50fd6430d6","label_position":"default","desc_position":"default","enablePrice":true,"className":"","enableCl":true,"relations":[{"operator":false,"rules":[{"operator":"AND","rules":{"cl_field":"","cl_relation":"","cl_val":""}}]}],"enable_quantity":true,"quantity_label":"","min_quantity":"0","checkUi":"button","layOut":"","options_tooltip":true,"values":[{"label":"\ud83d\udc64 Adult (22\u20ac)","value":"Adult (22\u20ac)","selected":true,"tempId":"aco_32","tooltip":"+13 Years","gt_translate_keys":["label","tooltip"]}],"priceOptions":"fixed_for_all","pricingType":"fixed","price":"22","cl_rule":"show","col":6,"type":"radio-group","error":false,"gt_translate_keys":["label","quantity_label"],"price_dependency":false,"cl_dependency":false,"value":""}],[{"label":"","active":true,"required":false,"elementId":"radio-group_465e50fd6430e0","name":"radio-group_465e50fd6430e0","label_position":"default","desc_position":"default","enablePrice":true,"className":"","enableCl":false,"relations":false,"enable_quantity":true,"quantity_label":"","min_quantity":"0","checkUi":"button","layOut":"","options_tooltip":true,"values":[{"label":"\ud83d\udc66 Child (15\u20ac)","value":"Children (15\u20ac)","selected":true,"tempId":"aco_32","tooltip":"5-12 Years","gt_translate_keys":["label","tooltip"]}],"priceOptions":"fixed_for_all","pricingType":"fixed","price":"15","cl_rule":"show","col":6,"type":"radio-group","error":false,"gt_translate_keys":["label","quantity_label"],"price_dependency":false,"cl_dependency":false,"value":""}]]}},"config":{"price_override":"always","enable_recaptcha":false,"bind_quantity":false,"quantity_bind_formula":false,"disp_summ_show_option_price":true,"disp_summ_show_product_price":false,"disp_summ_show_total_price":true,"disp_summ_show_fee":true,"disp_summ_show_discount":true,"summary_title":"","options_total_label":"Options Price","total_label":"Total Amount","options_product_label":"Product Price","fee_label":"Fee","discount_label":"Discount","has_price":true,"has_quantity_formula":false},"mc_unit":1,"tax_rate":1,"tax_rate_real":1,"discount":{"percentage":0,"fixed":0},"design":{"conf":{"LabelPosition":"above","DescPosition":"above","UploadField":"custom_1","QuantityFieldStyle":"custom_1"},"css":{"LeftLabelWidth":"120px"}},"formulas":[],"lookuptables":[],"clones":false,"cartKey":false}},"_links":{"self":[{"href":"https:\/\/canaryvip.com\/fi\/wp-json\/wp\/v2\/product\/9834","targetHints":{"allow":["GET"]}}],"collection":[{"href":"https:\/\/canaryvip.com\/fi\/wp-json\/wp\/v2\/product"}],"about":[{"href":"https:\/\/canaryvip.com\/fi\/wp-json\/wp\/v2\/types\/product"}],"replies":[{"embeddable":true,"href":"https:\/\/canaryvip.com\/fi\/wp-json\/wp\/v2\/comments?post=9834"}],"wp:featuredmedia":[{"embeddable":true,"href":"https:\/\/canaryvip.com\/fi\/wp-json\/wp\/v2\/media\/9837"}],"wp:attachment":[{"href":"https:\/\/canaryvip.com\/fi\/wp-json\/wp\/v2\/media?parent=9834"}],"wp:term":[{"taxonomy":"product_brand","embeddable":true,"href":"https:\/\/canaryvip.com\/fi\/wp-json\/wp\/v2\/product_brand?post=9834"},{"taxonomy":"product_cat","embeddable":true,"href":"https:\/\/canaryvip.com\/fi\/wp-json\/wp\/v2\/product_cat?post=9834"},{"taxonomy":"product_tag","embeddable":true,"href":"https:\/\/canaryvip.com\/fi\/wp-json\/wp\/v2\/product_tag?post=9834"}],"curies":[{"name":"wp","href":"https:\/\/api.w.org\/{rel}","templated":true}]}}