{"id":9654,"date":"2024-02-11T16:27:15","date_gmt":"2024-02-11T16:27:15","guid":{"rendered":"https:\/\/canaryvip.com\/?post_type=product&#038;p=9654"},"modified":"2026-03-26T13:04:23","modified_gmt":"2026-03-26T13:04:23","slug":"book-scandal-dinner-show","status":"publish","type":"product","link":"https:\/\/canaryvip.com\/fi\/shop\/book-scandal-dinner-show\/","title":{"rendered":"Scandal Illallisn\u00e4yt\u00f6s Teneriffalla"},"content":{"rendered":"<h2><strong>\ud83c\udfad Scandal Burleski illallisn\u00e4yt\u00f6s<\/strong><\/h2>\n<p>Ylellisyytt\u00e4, huumoria ja kiehtovia esityksi\u00e4 sis\u00e4lt\u00e4v\u00e4 ilta on tarjolla osoitteessa <strong>Scandal Burleski-illallisn\u00e4yt\u00f6s.<\/strong> T\u00e4ss\u00e4 tapahtumassa, joka on suunniteltu niille, jotka etsiv\u00e4t korkeatasoista illanviettoa, yhdistyv\u00e4t burleskin vieh\u00e4tysvoima, mukaansatempaava komedia, taikuus ja musiikkiesitykset. <strong>CanaryVIP<\/strong> tarjoaa kutsun ikimuistoiseen kokemukseen sek\u00e4 paikallisille ett\u00e4 vierailijoille.<\/p>\n<h3><strong>\ud83c\udf7d\ufe0f Ylellinen ruokailu GF Victoria 5* -hotellissa.<\/strong><\/h3>\n<ul>\n<li><strong>Sijainti:<\/strong> Arvostettu <a href=\"https:\/\/www.google.com\/maps\/place\/GF+Victoria\/@28.0917871,-16.7412967,17z\/data=!3m1!4b1!4m9!3m8!1s0xc6a974d01c4268f:0x3c0e40669a61bb47!5m2!4m1!1i2!8m2!3d28.0917871!4d-16.7387218!16s%2Fg%2F11bvv59vv2?entry=tts&amp;g_ep=EgoyMDI0MDUwOC4wKgBIAVAD\" target=\"_blank\" rel=\"noopener\">GF Victoria<\/a> Costa Adejessa sijaitseva 5*-hotelli toimii juhlapaikkana ja tarjoaa t\u00e4ydellisen yhdistelm\u00e4n mukavuutta ja loistoa unohtumatonta iltaa varten.<\/li>\n<li><strong>Keitti\u00f6:<\/strong> Vieraat voivat nauttia runsaasta 5 ruokalajin ateriasta, joka on valmistettu huolellisesti hienoimmista raaka-aineista ja tarjoiltu ammattimaisen tyylikk\u00e4\u00e4sti. Jokainen ruokalaji lupaa lumoaa makuhermot kulinaristisilla herkuilla.<\/li>\n<\/ul>\n<h3><strong>\ud83d\udd70\ufe0f Iltaohjelma<\/strong><\/h3>\n<ul>\n<li><strong>Aikataulu:<\/strong> Ilta alkaa klo 20.00, esitykset alkavat klo 20.30 ja kest\u00e4v\u00e4t noin 3 tuntia. Esityksen j\u00e4lkeen vieraat kutsutaan hotellin Skybariin viett\u00e4m\u00e4\u00e4n iltaa, jossa he voivat rentoutua ja nauttia cocktaileja upeissa maisemissa.<\/li>\n<li><strong>Pukeutuminen:<\/strong> Vieraita kannustetaan pukeutumaan tyylikk\u00e4isiin iltapukuihin, jotka heijastavat tapahtuman hienostunutta tunnelmaa. T\u00e4m\u00e4 tilaisuus on tarkoitettu v\u00e4hint\u00e4\u00e4n 16-vuotiaille vieraille, mik\u00e4 takaa kyps\u00e4n ja tyylikk\u00e4\u00e4n kokemuksen.<\/li>\n<\/ul>\n<h3><strong>\ud83c\udf9f\ufe0f Valitse t\u00e4ydellinen ilta<\/strong><\/h3>\n<ul>\n<li><strong>Kultainen passi:<\/strong> Sukella show'hun gourmet-maistelumenun ja rajoittamattomien juomien kera, jotta saat todella hemmottelevan illan.<\/li>\n<li><strong>Platinum Experience:<\/strong> Ylellisyytt\u00e4 lis\u00e4\u00e4v\u00e4t Platinum Experience -kokemus sis\u00e4lt\u00e4\u00e4 kaikki Golden Passin edut sek\u00e4 oman p\u00f6yd\u00e4n yksityisyyden, mik\u00e4 tekee illasta viel\u00e4kin erikoisemman.<\/li>\n<\/ul>\n<h3><strong>\ud83d\udccd Istumapaikkasi spektaakkeliin<\/strong><\/h3>\n<ul>\n<li>Tapahtumapaikka on j\u00e4rjestetty harkitusti siten, ett\u00e4 jokaisella vieraalla on selke\u00e4 n\u00e4k\u00f6yhteys lavalle, joten jokainen esitys on nautittavissa mist\u00e4 tahansa kulmasta.<\/li>\n<\/ul>\n<h3><strong>\ud83c\udf89 R\u00e4\u00e4t\u00e4l\u00f6idyt juhlat<\/strong><\/h3>\n<ul>\n<li>Erikoistilaisuudet syntym\u00e4p\u00e4ivist\u00e4 yritystilaisuuksiin, joihin mahtuu 30-150 hengen ryhmi\u00e4, voidaan merkit\u00e4. Tapahtumatiimi on valmis r\u00e4\u00e4t\u00e4l\u00f6im\u00e4\u00e4n illat t\u00e4ydellisiksi.<\/li>\n<\/ul>\n<h3><strong>\ud83c\udf1f Burleskiesityksen ydin:<\/strong><\/h3>\n<ul>\n<li><strong>Interaktiivinen viihde:<\/strong> Esiintyj\u00e4t ovat suoraan tekemisiss\u00e4 yleis\u00f6n kanssa ja luovat intiimin ja eloisan ilmapiirin, joka kiehtoo ja ilahduttaa.<\/li>\n<li><strong>Runsaasti erilaisia tekoja:<\/strong> Esitys tarjoaa monipuolisen ja j\u00e4nnitt\u00e4v\u00e4n kokemuksen jokaisessa n\u00e4yt\u00f6ksess\u00e4, klassisesta burleskista nykyaikaisiin tulkintoihin.<\/li>\n<\/ul>\n<h3><strong>\ud83c\udf72 Ruokalista jokaiseen makuun:<\/strong><\/h3>\n<p>Valikoima on monipuolinen, ja se on suunniteltu palvelemaan kaikkia makuja, mukaan lukien kasvis- ja vegaanivaihtoehdot pyynn\u00f6st\u00e4. Hieno tarjonta sis\u00e4lt\u00e4\u00e4 mm:<\/p>\n<ul>\n<li>Rapeat herkut, joiden seurana on raita, savustettua maissikermaa, jossa on ripaus korianteria, ja mehev\u00e4\u00e4 iberialaista possun kylke\u00e4.<\/li>\n<li>Herkullisesti valmistettua paccheri-pastaa, jossa on runsaasti sieniragua, jota maustekurkkujen vivahteet parantavat.<\/li>\n<li>Hell\u00e4varaista mustaa possua satay-kastikkeella ja luovasti esitelty\u00e4 tekorisottoa.<\/li>\n<li>J\u00e4lkiruokana punaisten marjojen ja valkosuklaan makaronit.<\/li>\n<\/ul>\n<h3><strong>\u2696\ufe0f Varaus- ja peruutusehdot:<\/strong><\/h3>\n<ul>\n<li><strong>Varaa etuk\u00e4teen etuja varten:<\/strong> Varaus etuk\u00e4teen takaa parhaat saatavilla olevat hinnat ja helpottaa suunnitteluprosessia.<\/li>\n<li><strong>Joustavat peruutukset:<\/strong> Maksuttomia peruutuksia tarjotaan enint\u00e4\u00e4n 48 tuntia ennen suunniteltua esitysaikaa, mik\u00e4 mahdollistaa joustavuuden suunnitelmissa.<\/li>\n<li><strong>Ryhm\u00e4varaukset yksinkertaistettuna:<\/strong> Yli kuuden hengen juhlien suoraviivainen peruutusehto on voimassa enint\u00e4\u00e4n 4 p\u00e4iv\u00e4\u00e4 ennen tapahtumaa. Peruutukset, jotka tehd\u00e4\u00e4n 2-4 p\u00e4iv\u00e4\u00e4 ennen tapahtumaa, oikeuttavat 50%-palautukseen.<\/li>\n<\/ul>\n<h3><strong>\ud83c\udf92 Valmistautuminen iltaa varten:<\/strong><\/h3>\n<ul>\n<li><strong>Pukeutumiskoodi:<\/strong> Vieraita kehotetaan pukeutumaan hienoimpaan iltapukuunsa, joka sopii tapahtuman tyylikk\u00e4\u00e4seen ymp\u00e4rist\u00f6\u00f6n. Farkut ja mukava t-paita ovat hyv\u00e4ksytt\u00e4vi\u00e4, mutta urheiluasuja ja miesten shortseja ei suositella, jotta hienostunut ilmapiiri s\u00e4ilyy.<\/li>\n<li><strong>Pys\u00e4k\u00f6intitiedot:<\/strong> K\u00e4tev\u00e4 pys\u00e4k\u00f6intimahdollisuus on l\u00e4hell\u00e4 Plaza del Duque -ostoskeskusta, joka on lyhyen k\u00e4velymatkan p\u00e4\u00e4ss\u00e4 tapahtumapaikalta, mik\u00e4 takaa helpon p\u00e4\u00e4syn kaikille vieraille.<\/li>\n<\/ul>\n<h4><strong>\ud83c\udf1f Unohtumaton ilta odottaa \ud83c\udf1f Unohtumaton ilta odottaa<\/strong><\/h4>\n<p>Scandal Burleski <a href=\"https:\/\/canaryvip.com\/fi\/tenerife\/evening-shows\/\">Illallisn\u00e4yt\u00f6s<\/a> lupaa olla Teneriffan vierailunne kohokohta. <strong>CanaryVIP.<\/strong>\u00a0Varaa lippusi nyt, niin p\u00e4\u00e4set nauttimaan vertaansa vailla olevasta viihteen, ruokailun ja maisemien yhdistelm\u00e4st\u00e4. \ud83c\udf0c\ud83c\udf78<\/p>","protected":false},"excerpt":{"rendered":"<p><strong>\ud83d\udd0d Scandal Show Highlights:<\/strong><br \/>\n\u2705 Turvallinen maksu.<br \/>\n\ud83d\udc83 Burleski-tyylinen show.<br \/>\n\ud83d\udd59 Joka lauantai klo 20:30.<br \/>\n\ud83c\udf5b Illallinen sis\u00e4ltyy hintaan.<br \/>\n\ud83c\udf77 Viini ja virvoitusjuomat sis\u00e4ltyv\u00e4t hintaan.<br \/>\n\ud83c\udf0d Englanti ja espanja Is\u00e4nt\u00e4.<br \/>\n\u2705 +16 Vain aikuisille.<br \/>\n\ud83d\ude80 Eritt\u00e4in suosittu!<br \/>\n\ud83e\udd11 Paras hinta taattu.<br \/>\n\ud83d\udc6a Alennukset ryhm\u00e4varauksille.<br \/>\n\ud83d\udd01 Ilmainen peruutus enint\u00e4\u00e4n 48h.<br \/>\n\ud83c\udf1f Varaa aikaisin, t\u00e4yttyy nopeasti!<br \/>\n\ud83d\udccd Tapahtumapaikka <a href=\"https:\/\/maps.app.goo.gl\/boB3JcWYHb8AiGY58\">Hotelli GF Victoria<\/a>.<\/p>","protected":false},"featured_media":9659,"comment_status":"open","ping_status":"closed","template":"","meta":{"_acf_changed":false},"product_brand":[],"product_cat":[59],"product_tag":[],"class_list":{"0":"post-9654","1":"product","2":"type-product","3":"status-publish","4":"has-post-thumbnail","6":"product_cat-evening-shows","7":"wcpa_has_options","9":"first","10":"instock","11":"virtual","12":"purchasable","13":"product-type-simple"},"acf":[],"wcpa_form_fields":{"wcpaData":{"product":{"product_price":94,"price_html":"From&nbsp;<span class=\"woocommerce-Price-amount amount\"><bdi>94,00&nbsp;<span class=\"woocommerce-Price-currencySymbol\">&euro;<\/span><\/bdi><\/span>","original_product_price":94,"price_including_tax":94,"price_excluding_tax":94,"product_id":{"parent":9654,"variation":false},"is_variable":false,"stock_status":"instock","stock_quantity":null,"parent_sku":"CV9654","product_attributes":[],"custom_fields":[],"is_taxable":false,"product_name":"Scandal Dinner Show Tenerife","hasImage":false},"fields":{"sec_165e506ca90d2c":{"extra":{"key":"sec_165e506ca90d2c","section_id":"sec_165e506ca90d2c","name":"Default","status":1,"cl_rule":"show","enableCl":false,"relations":[],"toggle":true,"title_tag":"h3","show_title":false,"showPrice":"default","form_id":10217,"form_rules":{"exclude_from_discount":true,"fee_label":"Fee","disp_hide_options_price":true,"disp_show_section_price":false,"disp_show_field_price":true,"layout_option":"standard","pric_use_as_fee":false,"process_fee_as":"woo_fee"},"layout_option":"standard"},"fields":[[{"label":"\ud83d\udcc5 Date","active":true,"required":true,"elementId":"date_265e506ca90d6a","picker_type":"custom","picker_mode":"single","placeholder":"","description":"","tooltip":"","name":"date_265e506ca90d6a","label_position":"default","desc_position":"default","enablePrice":false,"className":"","enableCl":false,"relations":[{"operator":"and","rules":[{"operator":"AND","rules":{"cl_field":"radio-group_765e506ca90d4e","cl_relation":"is_not_empty","cl_val":"3 Hour Trip"}}]}],"date_pic_inline":true,"date_pic_inline_hide":true,"min_date":{"type":"days","val":"1"},"max_date":{"type":"days","val":"180"},"date_pic_conf":{"disabledWeeks":[0,1,2,3,4,5],"disabledDates":["2024-05-25","2024-08-10","2024-11-02","2024-12-14","2024-12-27 to 2024-12-28","2026-04-17"]},"price":"","cl_rule":"show","col":6,"type":"date","error":false,"enableDesign":false,"LabelColor":"","date_conf_custom":{"minDate":"let d = new Date();\nif (d.getHours() >= 18) {\n  d.setDate(d.getDate() + 3);\n} else if (d.getHours() >= 12) {\n  d.setDate(d.getDate() + 1);\n} else {\nd.setDate(d.getDate());\n}\nreturn d;"},"isWeightTemplate":false,"isTemplate":false,"min_quantity":"1","quantity_decimal":false,"quantity_step":"1","quantity_label":"Quantity","repeater_field_label":"{field_label}","repeater_bind":"","gt_translate_keys":["label","placeholder","description","tooltip","repeater_field_label","quantity_label"],"price_dependency":false,"cl_dependency":["radio-group_765e506ca90d4e","radio-group_765e506ca90d4e"],"value":""}],[{"active":true,"col":6,"relations":[{"operator":false,"rules":[{"operator":"AND","rules":{"cl_field":"","cl_relation":"","cl_val":""}}]}],"cl_rule":"show","enableCl":false,"price":"","enablePrice":false,"className":"","label_position":"default","desc_position":"default","type":"radio-group","required":true,"elementId":"radio-group_765e506ca90d4e","label":"\ud83c\udf1f Type of Ticket","name":"radio-group_765e506ca90d4e","values":[{"label":"Gold Entrance (94\u20ac)","value":"Gold Entrance","selected":false,"tempId":"aco_28","description":"Enjoy the live show, tasting menu, and unlimited drinks.","gt_translate_keys":["label","description"]},{"label":"Platinum Entrance (114\u20ac)","value":"Platinum Entrance","selected":false,"tempId":"aco_29","description":"Enjoy the live show, tasting menu, unlimited drinks, and a private table.","options_cl":true,"relations":[{"operator":false,"rules":[{"operator":"or","rules":{"cl_field":"date_265e506ca90d6a","cl_relation":"is","cl_val":"2026-04-02"}},{"operator":false,"rules":{"cl_field":"date_265e506ca90d6a","cl_relation":"is","cl_val":"2026-03-26"}}]}],"cl_rule":"hide","gt_translate_keys":["label","description"]}],"layOut":"","error":false,"checkUi":"toggle","enableDesign":false,"scrollBar":false,"description":"","other":false,"options_description":true,"show_selected_option":false,"isWeightTemplate":false,"isTemplate":false,"min_quantity":"1","quantity_decimal":false,"quantity_step":"1","quantity_label":"Quantity","repeater_field_label":"{field_label}","repeater_bind":"","gt_translate_keys":["label","description","repeater_field_label","quantity_label"],"price_dependency":false,"cl_dependency":[false,false],"value":""}]]},"sec_965e506ca90d50":{"extra":{"key":"sec_965e506ca90d50","section_id":"sec_965e506ca90d50","name":"Gold","status":1,"cl_rule":"show","enableCl":true,"relations":[{"operator":false,"rules":[{"operator":"AND","rules":{"cl_field":"radio-group_765e506ca90d4e","cl_relation":"is","cl_val":"Gold Entrance"}}]}],"toggle":true,"title_tag":"h4","show_title":false,"showPrice":"default","form_id":10217,"form_rules":{"exclude_from_discount":true,"fee_label":"Fee","disp_hide_options_price":true,"disp_show_section_price":false,"disp_show_field_price":true,"layout_option":"standard","pric_use_as_fee":false,"process_fee_as":"woo_fee"},"layout_option":"standard"},"fields":[[{"elementId":"separator_765e506ca90d74","separatorType":"blank","className":"","height":"10","enableCl":false,"relations":false,"cl_rule":"show","col":6,"type":"separator","gt_translate_keys":[],"price_dependency":false,"cl_dependency":false,"value":""}],[{"active":true,"col":6,"relations":false,"cl_rule":"show","enableCl":false,"price":"","enablePrice":false,"className":"","label_position":"default","desc_position":"default","type":"content","required":false,"elementId":"content_365e506ca90d7f","label":"People","name":"content_365e506ca90d7f","contentType":"plain","value":"","error":false,"show_in_checkout":true,"inline":false,"gt_translate_keys":["label","value"],"price_dependency":false,"cl_dependency":false}],[{"active":true,"col":6,"relations":[{"operator":false,"rules":[{"operator":"AND","rules":{"cl_field":"","cl_relation":"","cl_val":""}}]}],"cl_rule":"show","enableCl":true,"price":"94","enablePrice":true,"className":"","label_position":"default","desc_position":"default","type":"radio-group","required":false,"elementId":"radio-group_265e506ca90d8a","label":"","name":"radio-group_265e506ca90d8a","values":[{"label":"\ud83d\udc64 Adult (94\u20ac)","value":"Adult","selected":true,"tempId":"aco_32","tooltip":"+16 Years","description":"","gt_translate_keys":["label","tooltip","description"]}],"layOut":"","error":false,"checkUi":"button","priceOptions":"fixed_for_all","pricingType":"fixed","enable_quantity":true,"quantity_label":"","min_quantity":"0","options_tooltip":true,"options_description":true,"gt_translate_keys":["label","quantity_label"],"price_dependency":false,"cl_dependency":false,"value":""}]]},"sec_365e506ca90da0":{"extra":{"key":"sec_365e506ca90da0","section_id":"sec_365e506ca90da0","name":"Platinum","status":1,"cl_rule":"show","enableCl":true,"relations":[{"operator":false,"rules":[{"operator":"AND","rules":{"cl_field":"radio-group_765e506ca90d4e","cl_relation":"is","cl_val":"Platinum Entrance"}}]}],"toggle":true,"title_tag":"h4","show_title":false,"showPrice":"default","form_id":10217,"form_rules":{"exclude_from_discount":true,"fee_label":"Fee","disp_hide_options_price":true,"disp_show_section_price":false,"disp_show_field_price":true,"layout_option":"standard","pric_use_as_fee":false,"process_fee_as":"woo_fee"},"layout_option":"standard"},"fields":[[{"elementId":"separator_565e506ca90daa","separatorType":"blank","className":"","height":"8","enableCl":false,"relations":false,"cl_rule":"show","col":6,"type":"separator","error":false,"gt_translate_keys":[],"price_dependency":false,"cl_dependency":false,"value":""}],[{"contentType":"plain","active":true,"label":"People","elementId":"content_365e506ca90dc6","value":"","inline":false,"show_in_checkout":true,"name":"content_365e506ca90dc6","enablePrice":false,"className":"","enableCl":false,"relations":false,"price":"","cl_rule":"show","col":6,"type":"content","gt_translate_keys":["label","value"],"price_dependency":false,"cl_dependency":false}],[{"label":"","active":true,"required":false,"elementId":"radio-group_365e506ca90dd1","name":"radio-group_365e506ca90dd1","label_position":"default","desc_position":"default","enablePrice":true,"className":"","enableCl":false,"relations":[{"operator":false,"rules":[{"operator":"AND","rules":{"cl_field":"","cl_relation":"","cl_val":""}}]}],"enable_quantity":true,"quantity_label":"","min_quantity":"0","checkUi":"button","layOut":"","options_tooltip":true,"values":[{"label":"\ud83d\udc64 Adult (114\u20ac)","value":"Adult","selected":true,"tempId":"aco_32","tooltip":"+16 Years","gt_translate_keys":["label","tooltip"]}],"priceOptions":"fixed_for_all","pricingType":"fixed","price":"114","cl_rule":"show","col":6,"type":"radio-group","error":false,"isWeightTemplate":false,"isTemplate":false,"quantity_decimal":false,"quantity_step":"1","repeater_field_label":"{field_label}","repeater_bind":"","gt_translate_keys":["label","repeater_field_label","quantity_label"],"price_dependency":false,"cl_dependency":false,"value":""}]]}},"config":{"price_override":"always","enable_recaptcha":false,"bind_quantity":false,"quantity_bind_formula":false,"disp_summ_show_option_price":true,"disp_summ_show_product_price":false,"disp_summ_show_total_price":true,"disp_summ_show_fee":true,"disp_summ_show_discount":true,"summary_title":"","options_total_label":"Options Price","total_label":"Total Amount","options_product_label":"Product Price","fee_label":"Fee","discount_label":"Discount","has_price":true,"has_quantity_formula":false},"mc_unit":1,"tax_rate":1,"tax_rate_real":1,"discount":{"percentage":0,"fixed":0},"design":{"conf":{"LabelPosition":"above","DescPosition":"above","UploadField":"custom_1","QuantityFieldStyle":"custom_1"},"css":{"LeftLabelWidth":"120px"}},"formulas":[],"lookuptables":[],"clones":false,"cartKey":false}},"_links":{"self":[{"href":"https:\/\/canaryvip.com\/fi\/wp-json\/wp\/v2\/product\/9654","targetHints":{"allow":["GET"]}}],"collection":[{"href":"https:\/\/canaryvip.com\/fi\/wp-json\/wp\/v2\/product"}],"about":[{"href":"https:\/\/canaryvip.com\/fi\/wp-json\/wp\/v2\/types\/product"}],"replies":[{"embeddable":true,"href":"https:\/\/canaryvip.com\/fi\/wp-json\/wp\/v2\/comments?post=9654"}],"wp:featuredmedia":[{"embeddable":true,"href":"https:\/\/canaryvip.com\/fi\/wp-json\/wp\/v2\/media\/9659"}],"wp:attachment":[{"href":"https:\/\/canaryvip.com\/fi\/wp-json\/wp\/v2\/media?parent=9654"}],"wp:term":[{"taxonomy":"product_brand","embeddable":true,"href":"https:\/\/canaryvip.com\/fi\/wp-json\/wp\/v2\/product_brand?post=9654"},{"taxonomy":"product_cat","embeddable":true,"href":"https:\/\/canaryvip.com\/fi\/wp-json\/wp\/v2\/product_cat?post=9654"},{"taxonomy":"product_tag","embeddable":true,"href":"https:\/\/canaryvip.com\/fi\/wp-json\/wp\/v2\/product_tag?post=9654"}],"curies":[{"name":"wp","href":"https:\/\/api.w.org\/{rel}","templated":true}]}}