{"id":9623,"date":"2024-02-11T01:34:38","date_gmt":"2024-02-11T01:34:38","guid":{"rendered":"https:\/\/canaryvip.com\/?post_type=product&#038;p=9623"},"modified":"2025-08-09T12:57:36","modified_gmt":"2025-08-09T11:57:36","slug":"tenerife-island-guided-bus-tour","status":"publish","type":"product","link":"https:\/\/canaryvip.com\/fi\/shop\/tenerife-island-guided-bus-tour\/","title":{"rendered":"Teneriffan saarikierros: Teneriffa: Opastettu bussimatka"},"content":{"rendered":"<h2>\ud83d\ude8c <strong>Teneriffan saaren opastettu bussikierros<\/strong><\/h2>\n<p>Tutustu Teneriffan syd\u00e4meen <strong>CanaryVIP<\/strong> koko saaren kattavalla koko p\u00e4iv\u00e4n kest\u00e4v\u00e4ll\u00e4 opastetulla bussikierroksella. Aavemaisesta ja kunnioitusta her\u00e4tt\u00e4v\u00e4st\u00e4 <a href=\"https:\/\/www.google.com\/maps\/place\/Acantilados+de+Los+Gigantes,+Santa+Cruz+de+Tenerife\/@28.244027,-16.8456497,15z\/data=!3m1!4b1!4m6!3m5!1s0xc6a8c153fdc6811:0xa0340f674cf6610!8m2!3d28.2408828!4d-16.8377834!16s%2Fm%2F026dqlb?entry=ttu\" target=\"_blank\" rel=\"noopener\">Los Gigantesin kalliot<\/a> historiallisille kaduille <a href=\"https:\/\/www.google.com\/maps\/place\/La+Orotava,+Santa+Cruz+de+Tenerife\/@28.3929248,-16.5287568,15z\/data=!3m1!4b1!4m6!3m5!1s0xc402aae32ddf575:0x27206a076b427988!8m2!3d28.3892926!4d-16.525264!16zL20vMDdrcmx5?entry=ttu\" target=\"_blank\" rel=\"noopener\">La Orotava<\/a>, t\u00e4m\u00e4 matka lupaa runsaasti Teneriffan monimuotoisia maisemia ja kulttuuriaarteita.<\/p>\n<h3><strong>Kiertueen kohokohdat: Saaren laajuinen tutkimusmatka<\/strong><\/h3>\n<ul>\n<li>\ud83c\udf04 <strong>Los Gigantesin kalliot<\/strong>: Aloita seikkailusi vierailemalla henke\u00e4salpaavilla Los Gigantesin kallioilla, joilla luonnon mahtavuus on t\u00e4ydess\u00e4 esill\u00e4.<\/li>\n<li>\ud83d\udc40 <strong>Mirador de Garachico<\/strong>: Jatka Mirador de Garachicolle, josta avautuvat upeat n\u00e4kym\u00e4t, jotka kiteytt\u00e4v\u00e4t Teneriffan pohjoisrannikon kauneuden.<\/li>\n<li>\ud83c\udf33 <strong>Icod de los Vinos<\/strong>: Tutustu Icod de los Vinosiin ja ihaile tuhatvuotista lohik\u00e4\u00e4rmepuuta, joka on historiallinen luonnonmuistomerkki.<\/li>\n<li>\ud83c\udfd8\ufe0f <strong>La Orotava<\/strong>: Tutustu La Orotavan vieh\u00e4tykseen ja vieraile kuuluisassa Casa de los Balconesissa, joka on kanarialaisen arkkitehtuurin ja perinteiden symboli.<\/li>\n<li>\ud83d\udecd\ufe0f <strong>Puerto de la Cruz<\/strong>: Nauti vapaa-ajasta Puerto de la Cruzissa, jossa voit tehd\u00e4 ostoksia, katsella n\u00e4ht\u00e4vyyksi\u00e4 ja nauttia lounasta (ruoka ei sis\u00e4lly retkeen).<\/li>\n<li>\ud83d\ude4f <strong>Candelaria<\/strong>: Pys\u00e4hdy lopuksi Candelariassa kunnioittaaksesi Kanariansaarten suojeluspyhimyst\u00e4 ja p\u00e4\u00e4tt\u00e4\u00e4ksesi p\u00e4iv\u00e4n, joka on t\u00e4ynn\u00e4 tutkimuksia ja l\u00f6yt\u00f6j\u00e4.<\/li>\n<\/ul>\n<h3><strong>Matkasi CanaryVIP:n kanssa sis\u00e4lt\u00e4\u00e4:<\/strong><\/h3>\n<ul>\n<li>\ud83d\ude8c A <strong>mukava ja luonnonkaunis bussimatka<\/strong> ymp\u00e4ri Teneriffaa, jotta matka olisi yht\u00e4 miellytt\u00e4v\u00e4 kuin itse matkakohteet.<\/li>\n<li>\ud83c\udfe8 <strong>K\u00e4tev\u00e4 nouto- ja j\u00e4tt\u00f6palvelu<\/strong> hotellissasi, jotta matkakokemus olisi stressit\u00f6n alusta loppuun.<\/li>\n<li>\ud83d\udde3\ufe0f <strong>Monikielisten matkanjohtajien mukaansatempaava opastus<\/strong>, rikastuttaen kokemustasi kiehtovilla n\u00e4kemyksill\u00e4 kustakin paikasta.<\/li>\n<li>\ud83d\udd52 An <strong>noin 8 tunnin retki<\/strong>, joka on suunniteltu maksimoimaan Teneriffan upeiden maisemien ja kulttuuriperinn\u00f6n tutkiminen.<\/li>\n<li>\ud83d\udcf8 Lukemattomat <strong>valokuvausmahdollisuudet<\/strong> erilaisissa maastoissa, mik\u00e4 takaa elini\u00e4n kest\u00e4v\u00e4t muistot.<\/li>\n<li>\ud83d\udcb0 CanaryVIP:n lupaus CanaryVIP:n <strong>paras hinta<\/strong>, jota t\u00e4ydent\u00e4v\u00e4t joustavat peruutusehdot.<\/li>\n<\/ul>\n<h3><strong>Olennaiset tiedot kiertueesta:<\/strong><\/h3>\n<ul>\n<li>\ud83c\udf9f\ufe0f Pid\u00e4 CanaryVIP-lippusi digitaalisessa tai tulostetussa muodossa, jotta kiertuekokemus olisi saumaton.<\/li>\n<li>\ud83e\udde5 Pukeudu mukavasti ja harkitse kerroksellisuutta, sill\u00e4 saaren ilmastot vaihtelevat.<\/li>\n<li>\ud83c\udf7d\ufe0f Pid\u00e4 lounastauko Puerto de la Cruzissa, jossa on tarjolla monenlaisia ruokapaikkoja. (Lounas ei sis\u00e4lly hintaan)<\/li>\n<li>\ud83d\udccc Noutoajat ja -paikat vahvistetaan varauksen tekemisen j\u00e4lkeen. Varmista, ett\u00e4 majoitustietosi ovat oikeat, jotta matkaj\u00e4rjestelyt sujuvat.<\/li>\n<\/ul>\n<h3><strong>Peruutusehdot:<\/strong><\/h3>\n<ul>\n<li>\ud83d\udd04 <strong>Mukautuva peruutus yksityishenkil\u00f6ille:<\/strong> Periaatteemme ottaa huomioon el\u00e4m\u00e4n arvaamattomuuden ja sallii peruutukset enint\u00e4\u00e4n 24 tuntia ennen suunniteltua matkaa, jolloin saat t\u00e4yden hyvityksen. T\u00e4m\u00e4 joustavuus takaa, ett\u00e4 voit muuttaa matkasuunnitelmaasi tarpeen mukaan ilman vaivaa.<\/li>\n<li>\ud83d\udd52 <strong>Ryhm\u00e4n peruutusvaihtoehdot:<\/strong> Ryhm\u00e4matkustajille tarjoamme r\u00e4\u00e4t\u00e4l\u00f6ityj\u00e4 peruutusehtoja. Pienet 5-7 hengen ryhm\u00e4t voivat peruuttaa matkan ilman maksuja enint\u00e4\u00e4n 48 tuntia ennen matkan alkua. Keskikokoisilla 8-14 hengen ryhmill\u00e4 on mahdollisuus peruuttaa matka enint\u00e4\u00e4n 4 p\u00e4iv\u00e4\u00e4 ennen matkaa ja saada t\u00e4ysi korvaus, kun taas suurempia, v\u00e4hint\u00e4\u00e4n 15 hengen ryhmi\u00e4 pyydet\u00e4\u00e4n peruuttamaan v\u00e4hint\u00e4\u00e4n 6 p\u00e4iv\u00e4\u00e4 ennen matkaa, jotta v\u00e4ltyt\u00e4\u00e4n peruutusmaksuilta. N\u00e4m\u00e4 ohjeet on laadittu kaikenkokoisten ryhmien suunnittelun helpottamiseksi.<\/li>\n<li>\ud83d\udca1 <strong>Vaivaton peruutusmenettely:<\/strong> Matkan peruuttaminen on helppoa, olipa kyseess\u00e4 yksin tai ryhm\u00e4n kanssa tehty matka. Ota yhteytt\u00e4 verkkosivujemme kautta, l\u00e4het\u00e4 s\u00e4hk\u00f6postia tai soita meille. Varmistamme nopean palautusprosessin, mik\u00e4 tekee peruutuksesta sujuvan ja huolettoman kokemuksen.<\/li>\n<li>\ud83d\udd0d <strong>Varauksen tarkistaminen:<\/strong> On viisasta tarkistaa varaustiedot hyviss\u00e4 ajoin ennen matkap\u00e4iv\u00e4\u00e4si. N\u00e4in voit tehd\u00e4 tarvittavat muutokset tai peruutukset m\u00e4\u00e4r\u00e4ajassa ja v\u00e4ltt\u00e4\u00e4 mahdolliset maksut.<\/li>\n<\/ul>\n<h4><strong>Matkalla avustaminen ja vastuu:<\/strong><\/h4>\n<ul>\n<li>\u2714\ufe0f CanaryVIP on sitoutunut varmistamaan ikimuistoisen ja saumattoman matkakokemuksen varauksesta aina tutustumiseen asti.<\/li>\n<li>\ud83d\udde3\ufe0f <strong>Suora viestint\u00e4:<\/strong> Oppaamme ovat valmiina auttamaan sinua kaikissa kysymyksiss\u00e4 tai tarpeissa kierroksen aikana.<\/li>\n<li>\ud83d\udcb0 <strong>L\u00e4pin\u00e4kyv\u00e4 palautusk\u00e4yt\u00e4nt\u00f6:<\/strong> Olemme sitoutuneet asiakasl\u00e4ht\u00f6iseen l\u00e4hestymistapaan ja ratkaisemme kaikki ongelmat nopeasti ja oikeudenmukaisesti.<\/li>\n<\/ul>\n<h4><strong>\ud83d\ude8c\ud83c\udf04\ud83c\udfdb\ufe0f Varaa saarenlaajuinen seikkailusi nyt!<\/strong><\/h4>\n<p>Tartu t\u00e4h\u00e4n ainutlaatuiseen tilaisuuteen tutustua Teneriffan valtavaan kauneuteen ja rikkaaseen kulttuuriin CanaryVIP:n kanssa. Varaa paikkasi Teneriffan saarella <a href=\"https:\/\/canaryvip.com\/fi\/tenerife\/guided-tours\/bus-tours\/\">Opastettu bussikierros<\/a> t\u00e4n\u00e4\u00e4n, ja l\u00e4hde unohtumattomalle matkalle saaren ikonisimpiin n\u00e4ht\u00e4vyyksiin ja piilotettuihin helmiin.<\/p>\n<p>Seikkailusi odottaa!<\/p>","protected":false},"excerpt":{"rendered":"<p><strong>\ud83d\udd0d Teneriffan saarikierros:<\/strong><br \/>\n\u2705 Turvallinen maksu.<br \/>\n\u26f0\ufe0f Vieraile Los Gigantesin kalliolla.<br \/>\n\ud83d\udc09 Tutki Icodin lohik\u00e4\u00e4rmepuuta.<br \/>\n\ud83d\udca6 Tutustu Garachicoon.<br \/>\n\ud83d\udee4\ufe0f Vieraile La Orotavassa.<br \/>\n\ud83d\udecd\ufe0f Nauti Puerto de la Cruzista.<br \/>\n\u26ea\ufe0f Vieraile Candelariassa.<br \/>\n\ud83d\udcc5 Tiistaisin ja lauantaisin.<br \/>\n\u23f0 Kesto Noin 8h.<br \/>\n\ud83d\ude8c Hotellin nouto ja j\u00e4tt\u00e4minen.<br \/>\n\ud83d\udd04 24h ilmainen peruutus.<br \/>\n\ud83e\udd11 Paras hinta taattu.<br \/>\n\ud83c\udf81 Ryhm\u00e4alennukset saatavilla.<br \/>\n\ud83c\udf0d Opas omalla kielell\u00e4si.<br \/>\n\ud83c\udf1f Varaa nyt ja s\u00e4\u00e4st\u00e4!<\/p>","protected":false},"featured_media":9624,"comment_status":"open","ping_status":"closed","template":"","meta":{"_acf_changed":false},"product_brand":[],"product_cat":[68,52],"product_tag":[],"class_list":{"0":"post-9623","1":"product","2":"type-product","3":"status-publish","4":"has-post-thumbnail","6":"product_cat-guided-tours","7":"product_cat-bus-tours","8":"wcpa_has_options","10":"first","11":"instock","12":"virtual","13":"purchasable","14":"product-type-simple"},"acf":[],"wcpa_form_fields":{"wcpaData":{"product":{"product_price":48,"price_html":"From&nbsp;<span class=\"woocommerce-Price-amount amount\"><bdi>48,00&nbsp;<span class=\"woocommerce-Price-currencySymbol\">&euro;<\/span><\/bdi><\/span>","original_product_price":48,"price_including_tax":48,"price_excluding_tax":48,"product_id":{"parent":9623,"variation":false},"is_variable":false,"stock_status":"instock","stock_quantity":null,"parent_sku":"CV9623","product_attributes":[],"custom_fields":[],"is_taxable":false,"product_name":"Tenerife Island Tour: Guided Bus Trip","hasImage":false},"fields":{"sec_265e50550df885":{"extra":{"key":"sec_265e50550df885","section_id":"sec_265e50550df885","name":"South Tenerife","status":1,"cl_rule":"show","enableCl":false,"relations":[{"operator":false,"rules":[{"operator":"AND","rules":{"cl_field":"radio-group_665df45fcbc30b","cl_relation":"is","cl_val":"Siam Park Regular Tickets"}}]}],"toggle":true,"title_tag":"h4","show_title":false,"showPrice":"default","form_id":10216,"form_rules":{"exclude_from_discount":true,"fee_label":"Fee","disp_hide_options_price":true,"disp_show_section_price":false,"disp_show_field_price":true,"layout_option":"standard","pric_use_as_fee":false,"process_fee_as":"woo_fee"},"layout_option":"standard"},"fields":[[{"label":"\ud83d\udcc5 Date","active":true,"required":true,"elementId":"date_365e50550df8bb","picker_type":"custom","picker_mode":"single","placeholder":"","description":"","tooltip":"","name":"date_365e50550df8bb","label_position":"default","desc_position":"default","enablePrice":false,"className":"","enableCl":false,"relations":[{"operator":"and","rules":[{"operator":"AND","rules":{"cl_field":"radio-group_665df45fcbc30b","cl_relation":"is","cl_val":"3 Hour Trip"}}]}],"date_pic_inline":true,"date_pic_inline_hide":true,"min_date":{"type":"days","val":"1"},"max_date":{"type":"days","val":"365"},"date_pic_conf":{"disabledWeeks":[0,1,3,4,5,6]},"price":"","cl_rule":"show","col":6,"type":"date","error":false,"enableDesign":false,"LabelColor":"","gt_translate_keys":["label","placeholder","description","tooltip"],"price_dependency":false,"cl_dependency":false,"value":""}],[{"elementId":"separator_665e50550df8cb","separatorType":"blank","className":"","height":"10","enableCl":false,"relations":false,"cl_rule":"show","col":6,"type":"separator","gt_translate_keys":[],"price_dependency":false,"cl_dependency":false,"value":""}],[{"active":true,"col":6,"relations":false,"cl_rule":"show","enableCl":false,"price":"","enablePrice":false,"className":"","label_position":"default","desc_position":"default","type":"content","required":false,"elementId":"content_565e50550df8e4","label":"People","name":"content_565e50550df8e4","contentType":"plain","value":"","error":false,"show_in_checkout":true,"inline":false,"gt_translate_keys":["label","value"],"price_dependency":false,"cl_dependency":false}],[{"active":true,"col":6,"relations":[{"operator":false,"rules":[{"operator":"AND","rules":{"cl_field":"","cl_relation":"","cl_val":""}}]}],"cl_rule":"show","enableCl":false,"price":"50","enablePrice":true,"className":"","label_position":"default","desc_position":"default","type":"radio-group","required":false,"elementId":"radio-group_665e50550df8f0","label":"","name":"radio-group_665e50550df8f0","values":[{"label":"\ud83d\udc64 Adult (50\u20ac)","value":"Adult","selected":true,"tempId":"aco_32","tooltip":"+12 Years","description":"","gt_translate_keys":["label","tooltip","description"]}],"layOut":"","error":false,"checkUi":"button","priceOptions":"fixed_for_all","pricingType":"fixed","enable_quantity":true,"quantity_label":"","min_quantity":"0","options_tooltip":true,"options_description":true,"isWeightTemplate":false,"isTemplate":false,"quantity_decimal":false,"quantity_step":"1","repeater_field_label":"{field_label}","repeater_bind":"","gt_translate_keys":["label","repeater_field_label","quantity_label"],"price_dependency":false,"cl_dependency":false,"value":""}],[{"label":"","active":true,"required":false,"elementId":"radio-group_665e50550df8fb","name":"radio-group_665e50550df8fb","label_position":"default","desc_position":"default","enablePrice":true,"className":"","enableCl":false,"relations":false,"enable_quantity":true,"quantity_label":"","min_quantity":"0","checkUi":"button","layOut":"","values":[{"label":"\ud83d\udc66 Child (31\u20ac)","value":"Child","selected":true,"tempId":"aco_32","tooltip":"2-11 Years","description":"","gt_translate_keys":["label","tooltip","description"]}],"priceOptions":"fixed_for_all","pricingType":"fixed","price":"31","cl_rule":"show","col":6,"type":"radio-group","error":false,"options_tooltip":true,"options_description":true,"gt_translate_keys":["label","quantity_label"],"price_dependency":false,"cl_dependency":false,"value":""}],[{"active":true,"col":6,"relations":false,"cl_rule":"show","enableCl":false,"price":"","enablePrice":false,"className":"","label_position":"default","desc_position":"default","type":"select","required":false,"elementId":"select_265e50550df905","label":"\ud83c\udf0e Language","name":"select_265e50550df905","values":[{"label":"English","value":"English","selected":false,"tempId":"aco_310","gt_translate_keys":["label"]},{"label":"Spanish","value":"Spanish","selected":false,"tempId":"aco_311","gt_translate_keys":["label"]},{"label":"French","value":"French","selected":false,"tempId":"aco_312","gt_translate_keys":["label"]}],"dropdown_type":"basic","error":false,"gt_translate_keys":["label"],"price_dependency":false,"cl_dependency":false,"value":""}],[{"active":true,"col":6,"relations":false,"cl_rule":"show","enableCl":false,"price":"","enablePrice":false,"className":"","label_position":"default","desc_position":"default","type":"separator","required":false,"elementId":"separator_665e50550df90f","label":"Separator Field","height":"7","separatorType":"blank","error":false,"gt_translate_keys":["label"],"price_dependency":false,"cl_dependency":false,"value":""}],[{"active":true,"col":6,"relations":false,"cl_rule":"show","enableCl":false,"price":"","enablePrice":false,"className":"","label_position":"default","desc_position":"default","type":"text","subtype":"text","required":false,"elementId":"text_565e50550df918","label":"\ud83d\ude8c Pickup Location","name":"text_565e50550df918","value":"","description":"Pick-up service in South Tenerife. Simply provide your address or hotel name.","error":false,"gt_translate_keys":["label","description","value"],"price_dependency":false,"cl_dependency":false}]]}},"config":{"price_override":"always","enable_recaptcha":false,"bind_quantity":false,"quantity_bind_formula":false,"disp_summ_show_option_price":true,"disp_summ_show_product_price":false,"disp_summ_show_total_price":true,"disp_summ_show_fee":true,"disp_summ_show_discount":true,"summary_title":"","options_total_label":"Options Price","total_label":"Total Amount","options_product_label":"Product Price","fee_label":"Fee","discount_label":"Discount","has_price":true,"has_quantity_formula":false},"mc_unit":1,"tax_rate":1,"tax_rate_real":1,"discount":{"percentage":0,"fixed":0},"design":{"conf":{"LabelPosition":"above","DescPosition":"above","UploadField":"custom_1","QuantityFieldStyle":"custom_1"},"css":{"LeftLabelWidth":"120px"}},"formulas":[],"lookuptables":[],"clones":false,"cartKey":false}},"_links":{"self":[{"href":"https:\/\/canaryvip.com\/fi\/wp-json\/wp\/v2\/product\/9623","targetHints":{"allow":["GET"]}}],"collection":[{"href":"https:\/\/canaryvip.com\/fi\/wp-json\/wp\/v2\/product"}],"about":[{"href":"https:\/\/canaryvip.com\/fi\/wp-json\/wp\/v2\/types\/product"}],"replies":[{"embeddable":true,"href":"https:\/\/canaryvip.com\/fi\/wp-json\/wp\/v2\/comments?post=9623"}],"wp:featuredmedia":[{"embeddable":true,"href":"https:\/\/canaryvip.com\/fi\/wp-json\/wp\/v2\/media\/9624"}],"wp:attachment":[{"href":"https:\/\/canaryvip.com\/fi\/wp-json\/wp\/v2\/media?parent=9623"}],"wp:term":[{"taxonomy":"product_brand","embeddable":true,"href":"https:\/\/canaryvip.com\/fi\/wp-json\/wp\/v2\/product_brand?post=9623"},{"taxonomy":"product_cat","embeddable":true,"href":"https:\/\/canaryvip.com\/fi\/wp-json\/wp\/v2\/product_cat?post=9623"},{"taxonomy":"product_tag","embeddable":true,"href":"https:\/\/canaryvip.com\/fi\/wp-json\/wp\/v2\/product_tag?post=9623"}],"curies":[{"name":"wp","href":"https:\/\/api.w.org\/{rel}","templated":true}]}}