{"id":9493,"date":"2024-02-05T22:56:26","date_gmt":"2024-02-05T22:56:26","guid":{"rendered":"https:\/\/canaryvip.com\/?post_type=product&#038;p=9493"},"modified":"2025-08-09T12:59:18","modified_gmt":"2025-08-09T11:59:18","slug":"jungle-park-tickets","status":"publish","type":"product","link":"https:\/\/canaryvip.com\/fi\/shop\/jungle-park-tickets\/","title":{"rendered":"Osta Jungle Park lippuja"},"content":{"rendered":"<h2>\ud83e\udd85 <strong>Viidakkopuisto Teneriffalla: Tenerife: Safariseikkailu ja villiel\u00e4inten turvapaikka<\/strong><\/h2>\n<p><strong>\u23f0 Tutki joka p\u00e4iv\u00e4:<\/strong> Seikkailu odottaa klo 10-17.30, ja tarjolla on koko p\u00e4iv\u00e4 t\u00e4ynn\u00e4 tutkimuksia ja l\u00f6yt\u00f6j\u00e4.<\/p>\n<p>\ud83d\udccd <strong>Safarisi odottaa:<\/strong> Tutustu Teneriffan villiin puoleen Chayofan viidakkopuistossa, joka on el\u00e4intarhan ja kasvitieteellisen puutarhan yhdist\u00e4v\u00e4 el\u00e4mys laajassa viidakkomaisemassa. Suunnittele vierailusi seuraavasti <a href=\"https:\/\/maps.app.goo.gl\/K7g47iUPFiKyfYdU9\" target=\"_blank\" rel=\"noopener\">puiston l\u00f6yt\u00e4minen Google Mapsista<\/a>.<\/p>\n<p>\ud83c\udf92 <strong>Seikkailun perusasiat:<\/strong> Pakkaa mukaan p\u00e4iv\u00e4ksi viidakkoon aurinkovoidetta ja mukavat k\u00e4velykeng\u00e4t, \u00e4l\u00e4k\u00e4 unohda kameraa, sill\u00e4 eksoottisten el\u00e4inten ja vehreiden maisemien keskell\u00e4 on paljon valokuvausmahdollisuuksia.<\/p>\n<p>\ud83d\udca7 <strong>Virkist\u00e4ydy ja tankkaa:<\/strong> Puiston sis\u00e4ll\u00e4 on useita vaihtoehtoja, joissa voit nauttia nesteit\u00e4 ja aterioita, mik\u00e4 takaa mukavan ja nautinnollisen p\u00e4iv\u00e4n kaikille.<\/p>\n<p>\ud83c\udfab <strong>Pikak\u00e4ytt\u00f6:<\/strong> V\u00e4lt\u00e4 odottelu ennakkoon ostetuilla CanaryVIP-lippuilla, jotka tarjoavat nopeamman sis\u00e4\u00e4np\u00e4\u00e4syn niille, jotka tulevat valmistautuneina, verrattuna k\u00e4vij\u00f6ihin, jotka ostavat liput saapuessaan.<\/p>\n<p>\ud83d\ude8c <strong>Sukkula viidakkoon:<\/strong> Hy\u00f6dy ilmaisesta kuljetuspalvelusta, joka tekee kierroksia Teneriffan etel\u00e4osasta ja takaa suoran ja k\u00e4tev\u00e4n reitin Jungle Parkiin.<\/p>\n<p>\ud83c\udf1f <strong>CanaryVIP:n yksinoikeudet:<\/strong> Varauksen tekeminen CanaryVIP:n kautta ei ainoastaan takaa sis\u00e4\u00e4np\u00e4\u00e4sysi, vaan saat my\u00f6s erikoisalennuksia, etuoikeutetun sis\u00e4\u00e4np\u00e4\u00e4syn ja paljon muuta, mik\u00e4 tehostaa Jungle Park -vierailuasi.<\/p>\n<ul>\n<li><strong>V\u00e4litt\u00f6m\u00e4t s\u00e4\u00e4st\u00f6t:<\/strong> Avaa eksklusiiviset alennukset heti, kun teet varauksen kanssamme.<\/li>\n<li><strong>Enemm\u00e4n v\u00e4hemm\u00e4ll\u00e4:<\/strong> Tutustu yhdistelm\u00e4lipputarjouksiimme, joista saat viel\u00e4 suuremmat s\u00e4\u00e4st\u00f6t ja tuplasti hauskempaa menoa.<\/li>\n<li><strong>Huolimaton suunnittelu:<\/strong> Nauti mielenrauhasta, sill\u00e4 voit peruuttaa k\u00e4ynnin jopa 72 tuntia ennen suunniteltua k\u00e4ynti\u00e4.<\/li>\n<\/ul>\n<p>\ud83d\udc3e <strong>Meet Our Animal Stars:<\/strong> Jungle Parkissa asuu monenlaista villiel\u00e4int\u00e4, aina k\u00e4dellisten leikkisist\u00e4 orankien, gibbonien ja kapusiinien leikkisist\u00e4 tempauksista suurten kissojen suojelualueemme majesteettisiin leopardeihin ja jaguaareihin. \u00c4l\u00e4 j\u00e4t\u00e4 v\u00e4liin pingviinej\u00e4, merileijonia, minkkej\u00e4, pesukarhuja ja vaikuttavaa matelijakokoelmaamme, jossa on k\u00e4\u00e4rmeit\u00e4, kilpikonnia, krokotiileja ja kaimaneja.<\/p>\n<p>\ud83e\udd9c <strong>Showtime Highlights:<\/strong> P\u00e4ivitt\u00e4inen merileijonaesityksemme kello 13.30 on hauska r\u00e4iskint\u00e4, kun taas petolintuesityksess\u00e4 kello 12.30 esitell\u00e4\u00e4n h\u00f6yhenpeitteisten yst\u00e4viemme uskomatonta ketteryytt\u00e4, mukaan lukien upea kaljukotka. N\u00e4m\u00e4 esitykset eiv\u00e4t ole vain viihdytt\u00e4vi\u00e4 vaan my\u00f6s opettavaisia, sill\u00e4 ne tarjoavat tietoa n\u00e4iden h\u00e4mm\u00e4stytt\u00e4vien olentojen el\u00e4m\u00e4st\u00e4.<\/p>\n<p>\ud83d\udc68\u200d\ud83d\udc69\u200d\ud83d\udc67\u200d\ud83d\udc66 <strong>Perheen seikkailu:<\/strong> Jungle Park tarjoaa j\u00e4nnitt\u00e4vi\u00e4 safareita, rauhallisia luontoretki\u00e4 ja vuorovaikutteisia el\u00e4inkohtaamisia, jotka sopivat kaikenik\u00e4isille vierailijoille. Osallistu puistossa j\u00e4rjestett\u00e4ville erikoiskierroksille tai kokeile viidakon halki kulkevaa kelkkailua, jos haluat lis\u00e4\u00e4 j\u00e4nnityst\u00e4.<\/p>\n<h3>\ud83d\ude8c Ilmainen noutopalvelu<\/h3>\n<p><strong>Saumaton sukkulayhteys:<\/strong> Hy\u00f6dynn\u00e4 ilmaista kuljetuspalveluamme stressit\u00f6nt\u00e4 matkaa varten Etel\u00e4-Teneriffalta Jungle Parkiin. Varmista, ett\u00e4 seikkailusi alkaa ja p\u00e4\u00e4ttyy ongelmitta.<\/p>\n<p><strong>Kuljetusaikataulu ja paluu:<\/strong> Nauti k\u00e4tevist\u00e4 noutopalveluista Costa Adejesta, Playa de Las Am\u00e9ricasista ja Los Cristianosista, mik\u00e4 helpottaa vierailuasi Jungle Parkiin. Ilmainen p\u00e4ivitt\u00e4inen bussikuljetuksemme yhdist\u00e4\u00e4 sinut vaivattomasti:<\/p>\n<ul>\n<li><a href=\"https:\/\/canaryvip.com\/fi\/shop\/aqualand-tickets\/\">Aqualand<\/a> Costa Adeje: 9:30 | 10:45<\/li>\n<li>H. Labranda Suites Costa Adeje: 9:35 | 10:50<\/li>\n<li>The Duke Shops -ostoskeskus: 9:35 | 10:55<\/li>\n<li>Hotelli Sunwing Fa\u00f1ab\u00e9: 9:40 | 11:00<\/li>\n<li>Hotel Allsun Hibiscos: 9:45 | 11:05<\/li>\n<li>Calle Llanos De Troya: 9:50 | 11:35<\/li>\n<li>Bar Leonardo's: 9:55 | 11:40<\/li>\n<li>Hotel Best Tenerife: 10:00 | 11:45<\/li>\n<li>Pasarela Shopping Center \"La Pepa\": 10:10 | 11:50<\/li>\n<li>Hotel Sol Arona Teneriffa: 10:15 | 11:55<\/li>\n<\/ul>\n<p><strong>Paluuajat<\/strong>: 16:30 | 17:30.<\/p>\n<p>Huomaathan, ett\u00e4 paikkoja on rajoitetusti, ja ne ovat k\u00e4ytett\u00e4viss\u00e4 saapumisj\u00e4rjestyksess\u00e4 ilman ennakkovarausta.<\/p>\n<h3>\ud83d\udd25 <strong>Varaa nyt ja saat yksinoikeudella Jungle Park -tarjouksia<\/strong><\/h3>\n<p>Uppoudu Teneriffan viidakkopuiston villiin kauneuteen CanaryVIP:n kanssa. Varmista parhaat tarjoukset, nauti vaivattomasta sis\u00e4\u00e4np\u00e4\u00e4syst\u00e4 ja tee unohtumattomia muistoja Chayofan vehre\u00e4ss\u00e4 ymp\u00e4rist\u00f6ss\u00e4.<\/p>\n<p>Sukella maailmaan, jossa villiel\u00e4imet ja seikkailut kohtaavat Teneriffan viidakkopuistossa, jossa jokainen polku johtaa l\u00f6yt\u00f6ihin ja jokainen kohtaaminen on tarina, joka odottaa kertomista. Varaa matkasi jo t\u00e4n\u00e4\u00e4n ja vapauta tutkimusmatkailija sis\u00e4lt\u00e4si!<\/p>","protected":false},"excerpt":{"rendered":"<p><strong>\ud83d\udd0d Jungle Park Highligts:<\/strong><br \/>\n\u2705 Turvallinen maksu.<br \/>\n\ud83d\ude80 Nopea sis\u00e4\u00e4np\u00e4\u00e4sy kulkuluvan haltijoille.<br \/>\n\ud83e\udd85 P\u00e4\u00e4sy kaikkiin esityksiin.<br \/>\n\ud83d\udd59 Avoinna klo 10:00-17:30.<br \/>\n\ud83e\udd11 Paras hinta taattu.<br \/>\n\ud83d\ude8d Ilmainen bussikuljetus.<br \/>\n\ud83d\udc6a Alennukset ryhm\u00e4varauksille.<br \/>\n\ud83d\udd01 Enint\u00e4\u00e4n 72h Peruuttaminen.<br \/>\n\ud83c\udf0d Tuki useilla kielill\u00e4.<br \/>\n\ud83c\udf1f Varaa nyt ja s\u00e4\u00e4st\u00e4!<br \/>\n\ud83d\udccd Etsi <a href=\"https:\/\/maps.app.goo.gl\/K7g47iUPFiKyfYdU9\">Jungle Park kartoilla<\/a>.<\/p>","protected":false},"featured_media":9501,"comment_status":"open","ping_status":"closed","template":"","meta":{"_acf_changed":false},"product_brand":[],"product_cat":[54],"product_tag":[],"class_list":{"0":"post-9493","1":"product","2":"type-product","3":"status-publish","4":"has-post-thumbnail","6":"product_cat-theme-parks","7":"wcpa_has_options","9":"first","10":"instock","11":"virtual","12":"purchasable","13":"product-type-simple"},"acf":[],"wcpa_form_fields":{"wcpaData":{"product":{"product_price":35,"price_html":"From&nbsp;<span class=\"woocommerce-Price-amount amount\"><bdi>35,00&nbsp;<span class=\"woocommerce-Price-currencySymbol\">&euro;<\/span><\/bdi><\/span>","original_product_price":35,"price_including_tax":35,"price_excluding_tax":35,"product_id":{"parent":9493,"variation":false},"is_variable":false,"stock_status":"instock","stock_quantity":null,"parent_sku":"CV9493","product_attributes":[],"custom_fields":[],"is_taxable":false,"product_name":"Buy Jungle Park Tickets","hasImage":false},"fields":{"sec_065df48f68f816":{"extra":{"key":"sec_065df48f68f816","section_id":"sec_065df48f68f816","name":"Jungle Park Tickets","status":1,"cl_rule":"show","enableCl":false,"relations":[{"operator":false,"rules":[{"operator":"AND","rules":{"cl_field":"radio-group_665df45fcbc30b","cl_relation":"is","cl_val":"Siam Park Regular Tickets"}}]}],"toggle":true,"title_tag":"h4","show_title":false,"showPrice":"default","form_id":10144,"form_rules":{"exclude_from_discount":true,"fee_label":"Fee","disp_hide_options_price":true,"disp_show_section_price":false,"disp_show_field_price":true,"layout_option":"standard","pric_use_as_fee":false,"process_fee_as":"woo_fee"},"layout_option":"standard"},"fields":[[{"label":"\ud83d\udcc5 Date","active":true,"required":true,"elementId":"date_365df48f68f836","picker_type":"custom","picker_mode":"single","placeholder":"","description":"","tooltip":"","name":"date_365df48f68f836","label_position":"default","desc_position":"default","enablePrice":false,"className":"","enableCl":false,"relations":[{"operator":"and","rules":[{"operator":"AND","rules":{"cl_field":"radio-group_665df45fcbc30b","cl_relation":"is","cl_val":"3 Hour Trip"}}]}],"date_pic_inline":true,"date_pic_inline_hide":true,"min_date":{"type":"days","val":"0"},"max_date":{"type":"days","val":"365"},"date_pic_conf":{"disabledWeeks":[]},"price":"","cl_rule":"show","col":6,"type":"date","error":false,"enableDesign":false,"LabelColor":"","gt_translate_keys":["label","placeholder","description","tooltip"],"price_dependency":false,"cl_dependency":false,"value":""}],[{"elementId":"separator_765df48f68f845","separatorType":"blank","className":"","height":"10","enableCl":false,"relations":false,"cl_rule":"show","col":6,"type":"separator","gt_translate_keys":[],"price_dependency":false,"cl_dependency":false,"value":""}],[{"active":true,"col":6,"relations":false,"cl_rule":"show","enableCl":false,"price":"","enablePrice":false,"className":"","label_position":"default","desc_position":"default","type":"content","required":false,"elementId":"content_265df48f68f851","label":"People","name":"content_265df48f68f851","contentType":"plain","value":"","error":false,"show_in_checkout":true,"inline":false,"gt_translate_keys":["label","value"],"price_dependency":false,"cl_dependency":false}],[{"active":true,"col":6,"relations":[{"operator":false,"rules":[{"operator":"AND","rules":{"cl_field":"","cl_relation":"","cl_val":""}}]}],"cl_rule":"show","enableCl":true,"price":"35","enablePrice":true,"className":"","label_position":"default","desc_position":"default","type":"radio-group","required":false,"elementId":"radio-group_165df48f68f85d","label":"","name":"radio-group_165df48f68f85d","values":[{"label":"\ud83d\udc64 Adult (35\u20ac)","value":"Adult","selected":true,"tempId":"aco_32","tooltip":"+11 Years","description":"","gt_translate_keys":["label","tooltip","description"]}],"layOut":"","error":false,"checkUi":"button","priceOptions":"fixed_for_all","pricingType":"fixed","enable_quantity":true,"quantity_label":"","min_quantity":"0","options_tooltip":true,"options_description":true,"gt_translate_keys":["label","quantity_label"],"price_dependency":false,"cl_dependency":false,"value":""}],[{"label":"","active":true,"required":false,"elementId":"radio-group_265df48f68f868","name":"radio-group_265df48f68f868","label_position":"default","desc_position":"default","enablePrice":true,"className":"","enableCl":false,"relations":false,"enable_quantity":true,"quantity_label":"","min_quantity":"0","checkUi":"button","layOut":"","values":[{"label":"\ud83d\udc66 Child (29\u20ac)","value":"Child","selected":true,"tempId":"aco_32","tooltip":"5-10 Years","description":"","gt_translate_keys":["label","tooltip","description"]}],"priceOptions":"fixed_for_all","pricingType":"fixed","price":"29","cl_rule":"show","col":6,"type":"radio-group","error":false,"options_tooltip":true,"options_description":true,"gt_translate_keys":["label","quantity_label"],"price_dependency":false,"cl_dependency":false,"value":""}],[{"label":"","active":true,"required":false,"elementId":"radio-group_1065df48f68f873","name":"radio-group_1065df48f68f873","label_position":"default","desc_position":"default","enablePrice":true,"className":"","enableCl":false,"relations":false,"enable_quantity":true,"quantity_label":"","min_quantity":"0","checkUi":"button","layOut":"","values":[{"label":"\ud83d\udc76 Toddler (16\u20ac)","value":"Toddler","selected":true,"tempId":"aco_32","tooltip":"3-4 Years","gt_translate_keys":["label","tooltip"]}],"priceOptions":"fixed_for_all","pricingType":"fixed","price":"16","cl_rule":"show","col":6,"type":"radio-group","error":false,"options_tooltip":true,"gt_translate_keys":["label","quantity_label"],"price_dependency":false,"cl_dependency":false,"value":""}]]}},"config":{"price_override":"always","enable_recaptcha":false,"bind_quantity":false,"quantity_bind_formula":false,"disp_summ_show_option_price":true,"disp_summ_show_product_price":false,"disp_summ_show_total_price":true,"disp_summ_show_fee":true,"disp_summ_show_discount":true,"summary_title":"","options_total_label":"Options Price","total_label":"Total Amount","options_product_label":"Product Price","fee_label":"Fee","discount_label":"Discount","has_price":true,"has_quantity_formula":false},"mc_unit":1,"tax_rate":1,"tax_rate_real":1,"discount":{"percentage":0,"fixed":0},"design":{"conf":{"LabelPosition":"above","DescPosition":"above","UploadField":"custom_1","QuantityFieldStyle":"custom_1"},"css":{"LeftLabelWidth":"120px"}},"formulas":[],"lookuptables":[],"clones":false,"cartKey":false}},"_links":{"self":[{"href":"https:\/\/canaryvip.com\/fi\/wp-json\/wp\/v2\/product\/9493","targetHints":{"allow":["GET"]}}],"collection":[{"href":"https:\/\/canaryvip.com\/fi\/wp-json\/wp\/v2\/product"}],"about":[{"href":"https:\/\/canaryvip.com\/fi\/wp-json\/wp\/v2\/types\/product"}],"replies":[{"embeddable":true,"href":"https:\/\/canaryvip.com\/fi\/wp-json\/wp\/v2\/comments?post=9493"}],"wp:featuredmedia":[{"embeddable":true,"href":"https:\/\/canaryvip.com\/fi\/wp-json\/wp\/v2\/media\/9501"}],"wp:attachment":[{"href":"https:\/\/canaryvip.com\/fi\/wp-json\/wp\/v2\/media?parent=9493"}],"wp:term":[{"taxonomy":"product_brand","embeddable":true,"href":"https:\/\/canaryvip.com\/fi\/wp-json\/wp\/v2\/product_brand?post=9493"},{"taxonomy":"product_cat","embeddable":true,"href":"https:\/\/canaryvip.com\/fi\/wp-json\/wp\/v2\/product_cat?post=9493"},{"taxonomy":"product_tag","embeddable":true,"href":"https:\/\/canaryvip.com\/fi\/wp-json\/wp\/v2\/product_tag?post=9493"}],"curies":[{"name":"wp","href":"https:\/\/api.w.org\/{rel}","templated":true}]}}