{"id":9488,"date":"2024-02-05T21:54:37","date_gmt":"2024-02-05T21:54:37","guid":{"rendered":"https:\/\/canaryvip.com\/?post_type=product&#038;p=9488"},"modified":"2025-08-09T13:00:03","modified_gmt":"2025-08-09T12:00:03","slug":"aqualand-tickets","status":"publish","type":"product","link":"https:\/\/canaryvip.com\/fi\/shop\/aqualand-tickets\/","title":{"rendered":"Osta Aqualand lippuja"},"content":{"rendered":"<h2>\ud83c\udf0a <strong>Aqualand Costa Adeje: Ade Adeide: Sukella hauskanpitoon ja seikkailuun!<\/strong><\/h2>\n<ul>\n<li><strong>Avoinna p\u00e4ivitt\u00e4in:<\/strong> Roiskia ja leikki\u00e4 kello 10-17, mik\u00e4 takaa hauskan ja j\u00e4nnitt\u00e4v\u00e4n p\u00e4iv\u00e4n.<\/li>\n<li><strong>K\u00e4tev\u00e4sti sijoitettu:<\/strong> Aqualand sijaitsee vilkkaalla Costa Adejen alueella, ja se lupaa helposti saavutettavissa olevan p\u00e4iv\u00e4retken kaikille.<\/li>\n<li><strong>Lippujen joustavuus:<\/strong> Seikkailusi odottaa, sill\u00e4 liput ovat voimassa 90 p\u00e4iv\u00e4\u00e4 ostop\u00e4iv\u00e4st\u00e4, joten voit vapaasti valita t\u00e4ydellisen p\u00e4iv\u00e4n vierailullesi.<\/li>\n<\/ul>\n<p>\ud83d\udccd <strong>Prime Spot:<\/strong> Aqualand sijaitsee Costa Adejen vilkkaalla lomakeskusalueella, joka on vesipuistojen harrastajien t\u00e4rkein kohde.<br \/>\nOhjeita varten, vaivattomasti <a href=\"https:\/\/maps.app.goo.gl\/A5TcFcUtHUGD1ykJ7\" target=\"_blank\" rel=\"noopener\">Aqualand l\u00f6ytyy Google Mapsista<\/a> ja suunnittele splash-tastic-p\u00e4iv\u00e4si etuk\u00e4teen.<\/p>\n<p>\ud83c\udf92 <strong>Valmistaudu seikkailuun:<\/strong> \u00c4l\u00e4 unohda aurinkovoidetta, uimapukuja ja pyyhett\u00e4, jotta voit viett\u00e4\u00e4 p\u00e4iv\u00e4n auringonpaisteisessa hauskanpidossa. Saatavilla on kaappien vuokraus, jotta tavarasi pysyv\u00e4t turvassa.<\/p>\n<p>\ud83d\udca7 <strong>Juoma-asema:<\/strong> Ota mukaan vett\u00e4, jotta voit juoda auringon alla, ja puistossa on tarjolla ruokaa ja juomaa.<\/p>\n<p>\ud83c\udfab <strong>Saumaton sis\u00e4\u00e4nk\u00e4ynti:<\/strong> CanaryVIP-lippujen avulla voit ohittaa paikan p\u00e4\u00e4ll\u00e4 ostettavien lippujen jonot ja nauttia nopeammasta p\u00e4\u00e4syst\u00e4. Etuk\u00e4teen ostettujen lippujen ansiosta voit aloittaa Aqualand-seikkailusi helposti.<\/p>\n<p>\ud83d\ude8c <strong>Ilmainen Aqualand-kuljetus:<\/strong> Hy\u00f6dynn\u00e4 Aqualandin yksinoikeudella tarjottavaa ilmaista kuljetuspalvelua, joka helpottaa kuljetusta Teneriffan etel\u00e4osien eri pisteist\u00e4.<\/p>\n<p>\ud83c\udf1f <strong>Eksklusiiviset CanaryVIP-edut:<\/strong> Nauti erityisalennuksista ja eduista, kun varaat Aqualand-lippusi meilt\u00e4! Sek\u00e4 aikuiset ett\u00e4 lapset voivat odottaa p\u00e4iv\u00e4\u00e4, joka on t\u00e4ynn\u00e4 vertaansa vailla olevaa hauskanpitoa kilpailukykyiseen hintaan.<\/p>\n<ul>\n<li><strong>V\u00e4litt\u00f6m\u00e4t alennukset:<\/strong> Varmista lippusi CanaryVIP:n kautta ja nauti v\u00e4litt\u00f6mist\u00e4 s\u00e4\u00e4st\u00f6ist\u00e4.<\/li>\n<li><strong>Ensisijainen p\u00e4\u00e4sy:<\/strong> Ohita jonot ja sukella suoraan toimintaan.<\/li>\n<li><strong>Value Deals:<\/strong> Pysy valppaana meid\u00e4n combo tarjouksia kanssa <a href=\"https:\/\/canaryvip.com\/fi\/shop\/aqualand-jungle-park-2park\/\">Aqualand ja viidakkopuisto<\/a>maksimoimalla hauskanpitosi ja s\u00e4\u00e4st\u00e4m\u00e4ll\u00e4 samalla rahaa.<\/li>\n<li><strong>Joustava peruutus:<\/strong> Suunnitelmat muuttuivat? Peruuta viimeist\u00e4\u00e4n 72 tuntia ennen vierailua, niin saat t\u00e4yden hyvityksen.<\/li>\n<\/ul>\n<p>\ud83d\udc2c <strong>Pakko n\u00e4hd\u00e4 delfiinin\u00e4yt\u00f6s:<\/strong> \u00c4l\u00e4 j\u00e4t\u00e4 v\u00e4liin lumoavaa delfiiniesityst\u00e4 p\u00e4ivitt\u00e4in klo 15.30, joka sis\u00e4ltyy ilmaiseksi puiston sis\u00e4\u00e4np\u00e4\u00e4syyn.<\/p>\n<p>\ud83d\udc6a <strong>Perheyst\u00e4v\u00e4llist\u00e4 hauskanpitoa:<\/strong> Aqualand tarjoaa t\u00e4ydellisen yhdistelm\u00e4n j\u00e4nnitt\u00e4vi\u00e4 liukum\u00e4ki\u00e4 adrenaliinihakuisille ja hell\u00e4varaisia leikkialueita pienimmille, mik\u00e4 takaa ikimuistoisen p\u00e4iv\u00e4n koko perheelle.<\/p>\n<h2>\ud83d\ude8c Eksklusiivinen Aqualand-kuljetuspalvelu<\/h2>\n<p><strong>Saumaton sukkulakokemus:<\/strong> Korosta Aqualand-vierailuasi ilmaisella kuljetuspalvelullamme, joka tarjoaa stressitt\u00f6m\u00e4n matkan puistoon. Nauttikaa ilmaisen bussikuljetuksemme helppoudesta, joka yhdist\u00e4\u00e4 saumattomasti Los Cristianosin, Playa De las Am\u00e9ricasin ja Costa Adejen, jotta voitte viett\u00e4\u00e4 vaivatta nautinnollisen p\u00e4iv\u00e4n.<\/p>\n<p><span style=\"text-decoration: underline;\"><strong>Ilmaisen kuljetuksen aikataulu:<\/strong><\/span><\/p>\n<ul>\n<li><strong>Reitit:<\/strong> Los Cristianos - Playa De las Am\u00e9ricas - Costa Adeje - Costa Adeje<\/li>\n<li><strong>Bussipys\u00e4kit ja -ajat:<\/strong>\n<ul>\n<li>Pasarela-ostoskeskus: 9:30 | 10:30 | 11:30<\/li>\n<li>Hotel Sol Arona Teneriffa: 9:35 | 10:35 | 11:35<\/li>\n<li>Hotel Best Tenerife: 9:40 | 10:40 | 11:40<\/li>\n<li>Bar Leonardo's: 9:45 | 10:45 | 11:45<\/li>\n<li>Llanos de Troya -katu: 9:50 | 10:50 | 11:50<\/li>\n<li>H. Labranda Suites Costa Adeje: 10:05 | 11:05 | 12:05<\/li>\n<li>The Duke Shops -ostoskeskus: 10:05 | 11:05 | 12:05<\/li>\n<li>Hotelli Sunwing Fa\u00f1ab\u00e9: 10:10 | 11:10 | 12:10 | 12:10<\/li>\n<\/ul>\n<\/li>\n<\/ul>\n<p><strong>Paluuajat:<\/strong> 16.30 ja 17.15.<\/p>\n<p>Huomaa, ett\u00e4 paikkoja on rajoitetusti, ja ne t\u00e4ytet\u00e4\u00e4n saapumisj\u00e4rjestyksess\u00e4 ilman ennakkovarausta. Varmista huoleton alku ja loppu Aqualand-seikkailullesi saapumalla ajoissa sovittuun noutopaikkaan.<\/p>\n<h3>\ud83d\udd25 <strong>\u00c4l\u00e4 j\u00e4\u00e4 paitsi: comissa CanaryVIP.comissa<\/strong><\/h3>\n<p>Oletko valmis j\u00e4nnitt\u00e4v\u00e4\u00e4n p\u00e4iv\u00e4\u00e4n Aqualand Costa Adejessa?<\/p>\n<p>Kirja, jossa on <strong>CanaryVIP<\/strong> parhaat hinnat ja vaivattoman kokemuksen, erikoistarjoukset ja yst\u00e4v\u00e4lliset peruutusehdot. Tee ry\u00f6ppyj\u00e4 ja luo unohtumattomia muistoja!<\/p>","protected":false},"excerpt":{"rendered":"<p><strong>\ud83d\udd0d Aqualandin p\u00e4\u00e4syliput:<\/strong><br \/>\n\u2705 Turvallinen maksu.<br \/>\n\ud83d\ude80 Nopea sis\u00e4\u00e4np\u00e4\u00e4sy kulkuluvan haltijoille.<br \/>\n\ud83c\udf0a P\u00e4\u00e4sy kaikkiin j\u00e4nnitt\u00e4viin kyyteihin.<br \/>\n\ud83d\udc2c Mukana delfiinin\u00e4yt\u00f6s.<br \/>\n\ud83d\udd59 Avoinna klo 10:00-17:00.<br \/>\n\ud83e\udd11 Paras hinta taattu.<br \/>\n\ud83d\ude8d Ilmainen bussikuljetus.<br \/>\n\ud83d\udc6a Alennukset ryhm\u00e4varauksille.<br \/>\n\ud83d\udd01 Enint\u00e4\u00e4n 72h Peruuttaminen.<br \/>\n\ud83c\udf0d Tuki useilla kielill\u00e4.<br \/>\n\ud83c\udf1f Varaa nyt ja s\u00e4\u00e4st\u00e4!<br \/>\n\ud83d\udccd Etsi <a href=\"https:\/\/maps.app.goo.gl\/A5TcFcUtHUGD1ykJ7\">Aqualand kartoilla<\/a>.<\/p>","protected":false},"featured_media":9492,"comment_status":"open","ping_status":"closed","template":"","meta":{"_acf_changed":false},"product_brand":[],"product_cat":[54],"product_tag":[],"class_list":{"0":"post-9488","1":"product","2":"type-product","3":"status-publish","4":"has-post-thumbnail","6":"product_cat-theme-parks","7":"wcpa_has_options","9":"first","10":"instock","11":"virtual","12":"purchasable","13":"product-type-simple"},"acf":[],"wcpa_form_fields":{"wcpaData":{"product":{"product_price":36,"price_html":"From&nbsp;<span class=\"woocommerce-Price-amount amount\"><bdi>36,00&nbsp;<span class=\"woocommerce-Price-currencySymbol\">&euro;<\/span><\/bdi><\/span>","original_product_price":36,"price_including_tax":36,"price_excluding_tax":36,"product_id":{"parent":9488,"variation":false},"is_variable":false,"stock_status":"instock","stock_quantity":null,"parent_sku":"CV9488","product_attributes":[],"custom_fields":[],"is_taxable":false,"product_name":"Buy Aqualand Tickets","hasImage":false},"fields":{"sec_665df45fcbc30e":{"extra":{"key":"sec_665df45fcbc30e","section_id":"sec_665df45fcbc30e","name":"Aqualand Tickets","status":1,"cl_rule":"show","enableCl":false,"relations":[{"operator":false,"rules":[{"operator":"AND","rules":{"cl_field":"radio-group_665df45fcbc30b","cl_relation":"is","cl_val":"Siam Park Regular Tickets"}}]}],"toggle":true,"title_tag":"h4","show_title":false,"showPrice":"default","form_id":10143,"form_rules":{"exclude_from_discount":true,"fee_label":"Fee","disp_hide_options_price":true,"disp_show_section_price":false,"disp_show_field_price":true,"layout_option":"standard","pric_use_as_fee":false,"process_fee_as":"woo_fee"},"layout_option":"standard"},"fields":[[{"label":"\ud83d\udcc5 Date","active":true,"required":true,"elementId":"date_365df45fcbc347","picker_type":"custom","picker_mode":"single","placeholder":"","description":"","tooltip":"","name":"date_365df45fcbc347","label_position":"default","desc_position":"default","enablePrice":false,"className":"","enableCl":false,"relations":[{"operator":"and","rules":[{"operator":"AND","rules":{"cl_field":"radio-group_665df45fcbc30b","cl_relation":"is","cl_val":"3 Hour Trip"}}]}],"date_pic_inline":true,"date_pic_inline_hide":true,"min_date":{"type":"days","val":"0"},"max_date":{"type":"days","val":"365"},"date_pic_conf":{"disabledWeeks":[]},"price":"","cl_rule":"show","col":6,"type":"date","error":false,"enableDesign":false,"LabelColor":"","gt_translate_keys":["label","placeholder","description","tooltip"],"price_dependency":false,"cl_dependency":false,"value":""}],[{"elementId":"separator_865df45fcbc360","separatorType":"blank","className":"","height":"10","enableCl":false,"relations":false,"cl_rule":"show","col":6,"type":"separator","gt_translate_keys":[],"price_dependency":false,"cl_dependency":false,"value":""}],[{"active":true,"col":6,"relations":false,"cl_rule":"show","enableCl":false,"price":"","enablePrice":false,"className":"","label_position":"default","desc_position":"default","type":"content","required":false,"elementId":"content_265df45fcbc377","label":"People","name":"content_265df45fcbc377","contentType":"plain","value":"","error":false,"show_in_checkout":true,"inline":false,"gt_translate_keys":["label","value"],"price_dependency":false,"cl_dependency":false}],[{"active":true,"col":6,"relations":[{"operator":false,"rules":[{"operator":"AND","rules":{"cl_field":"","cl_relation":"","cl_val":""}}]}],"cl_rule":"show","enableCl":true,"price":"36","enablePrice":true,"className":"","label_position":"default","desc_position":"default","type":"radio-group","required":false,"elementId":"radio-group_365df45fcbc390","label":"","name":"radio-group_365df45fcbc390","values":[{"label":"\ud83d\udc64 Adult (36\u20ac)","value":"Adult","selected":true,"tempId":"aco_32","tooltip":"+11 Years","description":"","gt_translate_keys":["label","tooltip","description"]}],"layOut":"","error":false,"checkUi":"button","priceOptions":"fixed_for_all","pricingType":"fixed","enable_quantity":true,"quantity_label":"","min_quantity":"0","options_tooltip":true,"options_description":true,"gt_translate_keys":["label","quantity_label"],"price_dependency":false,"cl_dependency":false,"value":""}],[{"label":"","active":true,"required":false,"elementId":"radio-group_565df45fcbc3a8","name":"radio-group_565df45fcbc3a8","label_position":"default","desc_position":"default","enablePrice":true,"className":"","enableCl":false,"relations":false,"enable_quantity":true,"quantity_label":"","min_quantity":"0","checkUi":"button","layOut":"","values":[{"label":"\ud83d\udc66 Child (29\u20ac)","value":"Child","selected":true,"tempId":"aco_32","tooltip":"5-10 Years","description":"","gt_translate_keys":["label","tooltip","description"]}],"priceOptions":"fixed_for_all","pricingType":"fixed","price":"29","cl_rule":"show","col":6,"type":"radio-group","error":false,"options_tooltip":true,"options_description":true,"gt_translate_keys":["label","quantity_label"],"price_dependency":false,"cl_dependency":false,"value":""}],[{"label":"","active":true,"required":false,"elementId":"radio-group_865df45fcbc3bf","name":"radio-group_865df45fcbc3bf","label_position":"default","desc_position":"default","enablePrice":true,"className":"","enableCl":false,"relations":false,"enable_quantity":true,"quantity_label":"","min_quantity":"0","checkUi":"button","layOut":"","values":[{"label":"\ud83d\udc76 Toddler (16\u20ac)","value":"Toddler","selected":true,"tempId":"aco_32","tooltip":"3-4 Years","gt_translate_keys":["label","tooltip"]}],"priceOptions":"fixed_for_all","pricingType":"fixed","price":"16","cl_rule":"show","col":6,"type":"radio-group","error":false,"options_tooltip":true,"gt_translate_keys":["label","quantity_label"],"price_dependency":false,"cl_dependency":false,"value":""}]]}},"config":{"price_override":"always","enable_recaptcha":false,"bind_quantity":false,"quantity_bind_formula":false,"disp_summ_show_option_price":true,"disp_summ_show_product_price":false,"disp_summ_show_total_price":true,"disp_summ_show_fee":true,"disp_summ_show_discount":true,"summary_title":"","options_total_label":"Options Price","total_label":"Total Amount","options_product_label":"Product Price","fee_label":"Fee","discount_label":"Discount","has_price":true,"has_quantity_formula":false},"mc_unit":1,"tax_rate":1,"tax_rate_real":1,"discount":{"percentage":0,"fixed":0},"design":{"conf":{"LabelPosition":"above","DescPosition":"above","UploadField":"custom_1","QuantityFieldStyle":"custom_1"},"css":{"LeftLabelWidth":"120px"}},"formulas":[],"lookuptables":[],"clones":false,"cartKey":false}},"_links":{"self":[{"href":"https:\/\/canaryvip.com\/fi\/wp-json\/wp\/v2\/product\/9488","targetHints":{"allow":["GET"]}}],"collection":[{"href":"https:\/\/canaryvip.com\/fi\/wp-json\/wp\/v2\/product"}],"about":[{"href":"https:\/\/canaryvip.com\/fi\/wp-json\/wp\/v2\/types\/product"}],"replies":[{"embeddable":true,"href":"https:\/\/canaryvip.com\/fi\/wp-json\/wp\/v2\/comments?post=9488"}],"wp:featuredmedia":[{"embeddable":true,"href":"https:\/\/canaryvip.com\/fi\/wp-json\/wp\/v2\/media\/9492"}],"wp:attachment":[{"href":"https:\/\/canaryvip.com\/fi\/wp-json\/wp\/v2\/media?parent=9488"}],"wp:term":[{"taxonomy":"product_brand","embeddable":true,"href":"https:\/\/canaryvip.com\/fi\/wp-json\/wp\/v2\/product_brand?post=9488"},{"taxonomy":"product_cat","embeddable":true,"href":"https:\/\/canaryvip.com\/fi\/wp-json\/wp\/v2\/product_cat?post=9488"},{"taxonomy":"product_tag","embeddable":true,"href":"https:\/\/canaryvip.com\/fi\/wp-json\/wp\/v2\/product_tag?post=9488"}],"curies":[{"name":"wp","href":"https:\/\/api.w.org\/{rel}","templated":true}]}}