{"id":9435,"date":"2024-02-05T14:39:59","date_gmt":"2024-02-05T14:39:59","guid":{"rendered":"https:\/\/canaryvip.com\/?post_type=product&#038;p=9435"},"modified":"2025-08-09T13:00:56","modified_gmt":"2025-08-09T12:00:56","slug":"tenerife-north-guided-bus-tour","status":"publish","type":"product","link":"https:\/\/canaryvip.com\/fi\/shop\/tenerife-north-guided-bus-tour\/","title":{"rendered":"Pohjois-Teneriffan opastettu bussikierros"},"content":{"rendered":"<h2>\ud83d\ude8c <strong>Teneriffan pohjoinen bussikierros: Taganana + La Laguna: Santa Cruz + Taganana + La Laguna<\/strong><\/h2>\n<p>L\u00e4hde kiehtovalle matkalle <strong>CanaryVIP<\/strong> tutustumaan Teneriffan pohjoisiin aarteisiin. T\u00e4m\u00e4 koko p\u00e4iv\u00e4n kest\u00e4v\u00e4 opastettu bussikierros vie sinut vilkkaasta p\u00e4\u00e4kaupungista Santa Cruzista Tagananan vieh\u00e4tt\u00e4v\u00e4\u00e4n kyl\u00e4\u00e4n ja Unescon maailmanperint\u00f6kohteeseen La Lagunaan. Sukella Teneriffan kulttuurin, historian ja henke\u00e4salpaavien maisemien ytimeen.<\/p>\n<h3><strong>Kiertueen kohokohdat: Teneriffan aarteista koostuva kuvakudos<\/strong><\/h3>\n<ul>\n<li>\ud83c\udfd9\ufe0f <a href=\"https:\/\/www.google.com\/maps\/place\/Santa+Cruz+de+Tenerife\/@28.4670039,-16.2853105,13z\/data=!4m6!3m5!1s0xc41cceccc254171:0x43111473d277e52e!8m2!3d28.4636296!4d-16.2518467!16zL20vMDFyc2pz?entry=ttu\" target=\"_blank\" rel=\"noopener\"><strong>Santa Cruz<\/strong><\/a>: Aloita Teneriffan pohjoisosan seikkailusi sukeltamalla p\u00e4\u00e4kaupungin historialliseen vanhaankaupunkiin, uppoutumalla sen vieh\u00e4tt\u00e4viin katuihin ja tutustumalla t\u00e4m\u00e4n vilkkaan kaupungin tarjoamaan rikkaaseen kulttuuriperint\u00f6\u00f6n.<\/li>\n<li>\ud83c\udf0a <strong><a href=\"https:\/\/www.google.com\/maps\/place\/Playa+de+Las+Teresitas+(Santa+Cruz+de+Tenerife)\/@28.5080068,-16.1869497,17z\/data=!3m1!4b1!4m6!3m5!1s0xc41ca38d1d9c17f:0x5694f9ae1bd14e6b!8m2!3d28.5097119!4d-16.1847441!16s%2Fm%2F0c416zk?entry=ttu\" target=\"_blank\" rel=\"noopener\">Playa de las Teresitas<\/a>:<\/strong> Matkusta Las Teresitasin kultaisen hiekan ohi (ei pys\u00e4hdyst\u00e4) ja n\u00e4e vilauksia yhdest\u00e4 saaren kauneimmista rannoista.<\/li>\n<li>\ud83c\udf7d\ufe0f <strong><a href=\"https:\/\/www.google.com\/maps\/place\/Taganana,+Santa+Cruz+de+Tenerife\/@28.5555629,-16.2355488,14z\/data=!3m1!4b1!4m6!3m5!1s0xc41c91b2021132f:0xbc8e645ff453ea87!8m2!3d28.5605853!4d-16.2181647!16s%2Fg%2F121pw4ll?entry=ttu\" target=\"_blank\" rel=\"noopener\">Taganana Village<\/a>:<\/strong> Maistele paikallista ruokaa t\u00e4ss\u00e4 vieh\u00e4tt\u00e4v\u00e4ss\u00e4 kanarialaisessa kyl\u00e4ss\u00e4, jossa perinteet ja henki ovat yh\u00e4 koskemattomia. (Ateria ei sis\u00e4lly hintaan)<\/li>\n<li>\ud83c\udf32 <strong><a href=\"https:\/\/www.google.com\/maps\/place\/Monte+de+las+Mercedes\/@28.5383325,-16.3344664,15z\/data=!3m1!4b1!4m6!3m5!1s0xc41ce3f4722ad77:0x4e14fd9dc5ce9ff!8m2!3d28.5383333!4d-16.3241667!16s%2Fg%2F11cn5qs82s?entry=ttu\" target=\"_blank\" rel=\"noopener\">Monte de las Mercedes<\/a>:<\/strong> Kulje l\u00e4pi upeiden maisemien, joissa luonnon kauneus avautuu Teneriffan syd\u00e4mess\u00e4.<\/li>\n<li>\ud83c\udfdb\ufe0f <strong><a href=\"https:\/\/www.google.com\/maps\/place\/La+Laguna,+Santa+Cruz+de+Tenerife\/@28.4697954,-16.3289548,14z\/data=!3m1!4b1!4m6!3m5!1s0xc41cdeccdcfeaf5:0x54a9fe4642667870!8m2!3d28.4874009!4d-16.3159061!16zL20vMDZ3Znh6?entry=ttu\" target=\"_blank\" rel=\"noopener\">La Laguna<\/a>:<\/strong> P\u00e4\u00e4t\u00e4 matkasi historiallisessa ja vieh\u00e4tt\u00e4v\u00e4ss\u00e4 yliopistokaupungissa, joka on Unescon maailmanperint\u00f6kohde ja joka on tunnettu ainutlaatuisesta kauneudestaan.<\/li>\n<\/ul>\n<h3><strong>Matkasi CanaryVIP:n kanssa sis\u00e4lt\u00e4\u00e4:<\/strong><\/h3>\n<ul>\n<li>\ud83d\ude8c Maisemallinen ja <strong>mukava bussimatka,<\/strong>\u00a0Se takaa miellytt\u00e4v\u00e4n matkan Teneriffan pohjoisten maisemien halki.<\/li>\n<li>\ud83c\udfe8 K\u00e4tev\u00e4 <strong>nouto- ja j\u00e4tt\u00f6palvelu<\/strong> hotellistasi, mik\u00e4 tarjoaa vaivattoman kokemuksen.<\/li>\n<li>\ud83d\udde3\ufe0f Oivaltava <strong>monikielisten matkaoppaiden opastusta,<\/strong>\u00a0, rikastuttamalla kierrosta kiehtovilla tarinoilla ja faktoilla.<\/li>\n<li>\ud83d\udd52 An <strong>8-tuntinen retki<\/strong> t\u00e4ynn\u00e4 runsaasti mahdollisuuksia tutkia, ruokailla ja vangita Teneriffan olemus.<\/li>\n<li>\ud83d\udcf8 <strong>T\u00e4ydellisi\u00e4 hetki\u00e4<\/strong> joka k\u00e4\u00e4nteess\u00e4, varmistaen, ett\u00e4 viet kotiin elinik\u00e4iset muistot.<\/li>\n<li>\ud83d\udcb0 CanaryVIP:n lupaus CanaryVIP:n <strong>paras hinta,<\/strong>\u00a0sek\u00e4 joustavat peruutusehdot mielenrauhasi vuoksi.<\/li>\n<\/ul>\n<h3><strong>Olennaiset tiedot kiertueesta:<\/strong><\/h3>\n<ul>\n<li>\ud83c\udf9f\ufe0f Pid\u00e4 CanaryVIP-lippusi k\u00e4sill\u00e4, digitaalisessa tai tulostetussa muodossa, jotta matkakokemus olisi sujuva.<\/li>\n<li>\ud83e\udde5 Pukeudu kerroksittain; Teneriffan vaihtelevat maisemat tarkoittavat vaihtelevia s\u00e4\u00e4olosuhteita.<\/li>\n<li>\ud83c\udf7d\ufe0f Nauti lounastauosta Tagananassa, ja voit valita vapaasti paikallisista ruokapaikoista. (Lounas ei sis\u00e4lly hintaan)<\/li>\n<li>\ud83d\udccc Tarkemmat noutoajat, jotka on r\u00e4\u00e4t\u00e4l\u00f6ity hotellisi tai noutopaikkasi mukaan, vahvistetaan varauksen tekemisen j\u00e4lkeen. Varmista, ett\u00e4 majoitustietosi ovat tarkat saumattomien matkaj\u00e4rjestelyjen varmistamiseksi.<\/li>\n<\/ul>\n<h3><strong>Peruutusehdot:<\/strong><\/h3>\n<ul>\n<li>\ud83d\udd04 <strong>Joustavat yksitt\u00e4iset peruutukset:<\/strong> Ymm\u00e4rr\u00e4 el\u00e4m\u00e4n arvaamattomuus suoraviivaisen peruutusehtomme avulla. Peruuta viimeist\u00e4\u00e4n 24 tuntia ennen matkasi alkua, niin saat t\u00e4yden hyvityksen, ja sinulla on vapaus muuttaa suunnitelmiasi vaivattomasti.<\/li>\n<li>\ud83d\udd52 <strong>Ryhm\u00e4n peruutusjoustavuus:<\/strong> Matkustatko ryhm\u00e4ss\u00e4? Me huolehdimme sinusta. 5-7 hengen ryhm\u00e4t voivat peruuttaa matkan maksutta enint\u00e4\u00e4n 48 tuntia ennen matkaa. 8-14 hengen ryhmien on peruutettava matkansa v\u00e4hint\u00e4\u00e4n 4 p\u00e4iv\u00e4\u00e4 ennen matkan alkua saadakseen t\u00e4yden hyvityksen, ja v\u00e4hint\u00e4\u00e4n 15 hengen ryhmien on ilmoitettava matkasta 6 p\u00e4iv\u00e4\u00e4 ennen matkan alkua v\u00e4ltt\u00e4\u00e4kseen peruutusmaksut. N\u00e4m\u00e4 ehdot on suunniteltu suurempien ryhmien huomioon ottamiseksi, jotta matkan suunnittelu olisi sujuvampaa kaikille osapuolille.<\/li>\n<li>\ud83d\udca1 <strong>Suoraviivainen peruutusprosessi:<\/strong> Peruutusprosessi on yksinkertainen riippumatta siit\u00e4, peruitko tilauksen yksin vai ryhm\u00e4n\u00e4. Ota meihin yhteytt\u00e4 verkkosivujemme kautta, s\u00e4hk\u00f6postitse tai puhelimitse. Hoidamme palautuksesi nopeasti ja varmistamme, ett\u00e4 kokemuksesi on vaivaton.<\/li>\n<li>\ud83d\udd0d <strong>Tarkista varauksesi:<\/strong> Kehotamme tarkistamaan varauksen yksityiskohdat etuk\u00e4teen. T\u00e4ll\u00e4 ennakoivalla toimenpiteell\u00e4 varmistetaan, ett\u00e4 mahdolliset muutokset tai peruutukset voidaan tehd\u00e4 vaaditun ajan kuluessa, jolloin v\u00e4ltyt\u00e4\u00e4n tarpeettomilta maksuilta.<\/li>\n<\/ul>\n<h4><strong>Matkalla avustaminen ja vastuu:<\/strong><\/h4>\n<ul>\n<li>\u2714\ufe0f CanaryVIP on omistautunut tarjoamaan ikimuistoisen ja sujuvan matkakokemuksen aina varauksesta tutustumiseen.<\/li>\n<li>\ud83d\udde3\ufe0f <strong>Suora viestint\u00e4:<\/strong> Onko kysymyksi\u00e4 tai tarpeita kierroksen aikana? Oppaamme auttavat sinua matkan jokaisessa vaiheessa.<\/li>\n<li>\ud83d\udcb0 <strong>Selke\u00e4 palautusk\u00e4yt\u00e4nt\u00f6:<\/strong> Jos ongelmia ilmenee, olemme sitoutuneet ratkaisemaan ne asiakas etusijalla -periaatteemme mukaisesti.<\/li>\n<\/ul>\n<h4><strong>\ud83c\udfd9\ufe0f \ud83c\udf7d\ufe0f \ud83c\udfdb\ufe0f Varaa pohjoinen seikkailusi nyt!<\/strong><\/h4>\n<p>\u00c4l\u00e4 anna t\u00e4m\u00e4n ainutlaatuisen tilaisuuden tutustua Teneriffan pohjoisiin helmiin menn\u00e4 ohi. Varaa paikkasi Teneriffan pohjoisosasta <a href=\"https:\/\/canaryvip.com\/fi\/tenerife\/guided-tours\/bus-tours\/?swcfpc=1\">Opastettu bussikierros<\/a> CanaryVIP:n kanssa jo t\u00e4n\u00e4\u00e4n ja valmistaudu unohtumattomaan kulttuurin, historian ja luonnon kauneuden tutkimiseen. Seikkailusi Santa Cruzissa, Tagananassa ja La Lagunassa odottaa!<\/p>","protected":false},"excerpt":{"rendered":"<p><strong>\ud83d\udd0d Teneriffan pohjoinen kierros:<\/strong><br \/>\n\u2705 Turvallinen maksu.<br \/>\n\ud83d\ude80 Nauti opastetusta kierroksesta.<br \/>\n\ud83c\udfe2 Tutustu Santa Cruziin.<br \/>\n\ud83c\udf33 Tutustu Anagan puistoon Taganassa.<br \/>\n\ud83c\udff0 Tutustu La Lagunaan.<br \/>\n\ud83d\udcc5 Maanantaisin ja torstaisin.<br \/>\n\ud83d\udd59 8h seikkailu.<br \/>\n\u23f0 Alkaa noin kello 8:00.<br \/>\n\ud83e\udd11 Paras hinta taattu.<br \/>\n\ud83d\ude8d Hotellin nouto ja j\u00e4tt\u00e4minen.<br \/>\n\ud83d\udc6a Alennukset ryhm\u00e4varauksille.<br \/>\n\ud83d\udd01 Ilmainen peruutus enint\u00e4\u00e4n 24h.<br \/>\n\ud83c\udf0d Opas omalla kielell\u00e4si.<br \/>\n\ud83c\udf1f Varaa nyt ja s\u00e4\u00e4st\u00e4!<\/p>","protected":false},"featured_media":9439,"comment_status":"open","ping_status":"closed","template":"","meta":{"_acf_changed":false},"product_brand":[],"product_cat":[68,52],"product_tag":[],"class_list":{"0":"post-9435","1":"product","2":"type-product","3":"status-publish","4":"has-post-thumbnail","6":"product_cat-guided-tours","7":"product_cat-bus-tours","8":"wcpa_has_options","10":"first","11":"instock","12":"virtual","13":"purchasable","14":"product-type-simple"},"acf":[],"wcpa_form_fields":{"wcpaData":{"product":{"product_price":46,"price_html":"From&nbsp;<span class=\"woocommerce-Price-amount amount\"><bdi>46,00&nbsp;<span class=\"woocommerce-Price-currencySymbol\">&euro;<\/span><\/bdi><\/span>","original_product_price":46,"price_including_tax":46,"price_excluding_tax":46,"product_id":{"parent":9435,"variation":false},"is_variable":false,"stock_status":"instock","stock_quantity":null,"parent_sku":"CV9435","product_attributes":[],"custom_fields":[],"is_taxable":false,"product_name":"North Tenerife Guided Bus Tour","hasImage":false},"fields":{"sec_hf2n2q14254":{"extra":{"key":"sec_hf2n2q14254","section_id":"sec_hf2n2q14254","name":"\ud83d\ude8c Pick-up Location","status":1,"cl_rule":"show","enableCl":false,"relations":[],"toggle":true,"title_tag":"h4","show_title":false,"showPrice":"default","form_id":10215,"form_rules":{"exclude_from_discount":true,"fee_label":"Fee","disp_hide_options_price":true,"disp_show_section_price":false,"disp_show_field_price":true,"layout_option":"standard","pric_use_as_fee":false,"process_fee_as":"woo_fee"},"layout_option":"standard"},"fields":[[{"active":true,"col":6,"relations":false,"cl_rule":"show","enableCl":false,"price":"","enablePrice":false,"className":"","label_position":"default","desc_position":"default","type":"radio-group","required":false,"elementId":"radio_9884051252","label":"\ud83d\ude8c Pick-up Location","name":"radio_9884051252","values":[{"label":"Pickup from South Tenerife (48\u20ac)","value":"Pickup from South Tenerife","selected":false,"tempId":"aco_343","description":"Available Mondays and Thursdays.","gt_translate_keys":["label","description"]},{"label":"Pickup from Puerto de la Cruz (48\u20ac)","value":"Pickup from North Tenerife","selected":false,"tempId":"aco_344","description":"Available Daily.","gt_translate_keys":["label","description"]}],"layOut":"","error":false,"checkUi":"toggle","description":"\u00bfAre you staying in South Tenerife or Puerto de la Cruz?","options_description":true,"isWeightTemplate":false,"isTemplate":false,"min_quantity":"1","quantity_decimal":false,"quantity_step":"1","quantity_label":"Quantity","repeater_field_label":"{field_label}","repeater_bind":"","gt_translate_keys":["label","description","repeater_field_label","quantity_label"],"price_dependency":false,"cl_dependency":[false,false],"value":""}]]},"sec_265e4c5e6ca654":{"extra":{"key":"sec_265e4c5e6ca654","section_id":"sec_265e4c5e6ca654","name":"South Tenerife","status":1,"cl_rule":"show","enableCl":true,"relations":[{"operator":false,"rules":[{"operator":"AND","rules":{"cl_field":"radio_9884051252","cl_relation":"is","cl_val":"Pickup from South Tenerife"}}]}],"toggle":true,"title_tag":"h4","show_title":false,"showPrice":"default","form_id":10215,"form_rules":{"exclude_from_discount":true,"fee_label":"Fee","disp_hide_options_price":true,"disp_show_section_price":false,"disp_show_field_price":true,"layout_option":"standard","pric_use_as_fee":false,"process_fee_as":"woo_fee"},"layout_option":"standard"},"fields":[[{"label":"\ud83d\udcc5 Date","active":true,"required":true,"elementId":"date_065e4c5e6ca673","picker_type":"custom","picker_mode":"single","placeholder":"","description":"","tooltip":"","name":"date_065e4c5e6ca673","label_position":"default","desc_position":"default","enablePrice":false,"className":"","enableCl":false,"relations":[{"operator":"and","rules":[{"operator":"AND","rules":{"cl_field":"radio-group_665df45fcbc30b","cl_relation":"is","cl_val":"3 Hour Trip"}}]}],"date_pic_inline":true,"date_pic_inline_hide":true,"min_date":{"type":"days","val":"1"},"max_date":{"type":"days","val":"365"},"date_pic_conf":{"disabledWeeks":[0,2,3,5,6]},"price":"","cl_rule":"show","col":6,"type":"date","error":false,"enableDesign":false,"LabelColor":"","isWeightTemplate":false,"isTemplate":false,"min_quantity":"1","quantity_decimal":false,"quantity_step":"1","quantity_label":"Quantity","repeater_field_label":"{field_label}","repeater_bind":"","gt_translate_keys":["label","placeholder","description","tooltip","repeater_field_label","quantity_label"],"price_dependency":false,"cl_dependency":false,"value":""}],[{"elementId":"separator_965e4c5e6ca683","separatorType":"blank","className":"","height":"10","enableCl":false,"relations":false,"cl_rule":"show","col":6,"type":"separator","gt_translate_keys":[],"price_dependency":false,"cl_dependency":false,"value":""}],[{"active":true,"col":6,"relations":false,"cl_rule":"show","enableCl":false,"price":"","enablePrice":false,"className":"","label_position":"default","desc_position":"default","type":"content","required":false,"elementId":"content_165e4c5e6ca690","label":"People","name":"content_165e4c5e6ca690","contentType":"plain","value":"","error":false,"show_in_checkout":true,"inline":false,"gt_translate_keys":["label","value"],"price_dependency":false,"cl_dependency":false}],[{"active":true,"col":6,"relations":[{"operator":false,"rules":[{"operator":"AND","rules":{"cl_field":"","cl_relation":"","cl_val":""}}]}],"cl_rule":"show","enableCl":true,"price":"48","enablePrice":true,"className":"","label_position":"default","desc_position":"default","type":"radio-group","required":false,"elementId":"radio-group_265e4c5e6ca69d","label":"","name":"radio-group_265e4c5e6ca69d","values":[{"label":"\ud83d\udc64 Adult (48\u20ac)","value":"Adult (48\u20ac)","selected":true,"tempId":"aco_32","tooltip":"+12 Years","description":"","gt_translate_keys":["label","tooltip","description"]}],"layOut":"","error":false,"checkUi":"button","priceOptions":"fixed_for_all","pricingType":"fixed","enable_quantity":true,"quantity_label":"","min_quantity":"0","options_tooltip":true,"options_description":true,"gt_translate_keys":["label","quantity_label"],"price_dependency":false,"cl_dependency":false,"value":""}],[{"label":"","active":true,"required":false,"elementId":"radio-group_965e4c5e6ca6a9","name":"radio-group_965e4c5e6ca6a9","label_position":"default","desc_position":"default","enablePrice":true,"className":"","enableCl":false,"relations":false,"enable_quantity":true,"quantity_label":"","min_quantity":"0","checkUi":"button","layOut":"","values":[{"label":"\ud83d\udc66 Child (30\u20ac)","value":"Child (30\u20ac)","selected":true,"tempId":"aco_32","tooltip":"2-11 Years","description":"","gt_translate_keys":["label","tooltip","description"]}],"priceOptions":"fixed_for_all","pricingType":"fixed","price":"30","cl_rule":"show","col":6,"type":"radio-group","error":false,"options_tooltip":true,"options_description":true,"gt_translate_keys":["label","quantity_label"],"price_dependency":false,"cl_dependency":false,"value":""}],[{"active":true,"col":6,"relations":false,"cl_rule":"show","enableCl":false,"price":"","enablePrice":false,"className":"","label_position":"default","desc_position":"default","type":"select","required":false,"elementId":"select_165e4c5e6ca6b3","label":"\ud83c\udf0e Language","name":"select_165e4c5e6ca6b3","values":[{"label":"English (Mon, Thu)","value":"English","selected":false,"tempId":"aco_596","gt_translate_keys":["label"]},{"label":"Spanish (Mon, Thu)","value":"Spanish","selected":false,"tempId":"aco_597","gt_translate_keys":["label"]},{"label":"German (Thu)","value":"German","selected":false,"tempId":"aco_598","gt_translate_keys":["label"]},{"label":"French (Mon)","value":"French","selected":false,"tempId":"aco_145","gt_translate_keys":["label"]}],"dropdown_type":"basic","error":false,"gt_translate_keys":["label"],"price_dependency":false,"cl_dependency":false,"value":""}],[{"active":true,"col":6,"relations":false,"cl_rule":"show","enableCl":false,"price":"","enablePrice":false,"className":"","label_position":"default","desc_position":"default","type":"separator","required":false,"elementId":"separator_1065e4c5e6ca6be","label":"Separator Field","height":"7","separatorType":"blank","error":false,"gt_translate_keys":["label"],"price_dependency":false,"cl_dependency":false,"value":""}],[{"active":true,"col":6,"relations":false,"cl_rule":"show","enableCl":false,"price":"","enablePrice":false,"className":"","label_position":"default","desc_position":"default","type":"text","subtype":"text","required":false,"elementId":"text_465e4c5e6ca6c8","label":"\ud83d\ude8c Pickup Location","name":"text_465e4c5e6ca6c8","value":"","description":"Pick-up service in South Tenerife. Simply provide your address or hotel name.","error":false,"gt_translate_keys":["label","description","value"],"price_dependency":false,"cl_dependency":false}]]},"sec_hf2o0212l0":{"extra":{"key":"sec_hf2o0212l0","section_id":"sec_hf2o0212l0","name":"North Tenerife","status":1,"cl_rule":"show","enableCl":true,"relations":[{"operator":false,"rules":[{"operator":"AND","rules":{"cl_field":"radio_9884051252","cl_relation":"is","cl_val":"Pickup from North Tenerife"}}]}],"toggle":true,"title_tag":"h4","show_title":false,"showPrice":"default","form_id":10215,"form_rules":{"exclude_from_discount":true,"fee_label":"Fee","disp_hide_options_price":true,"disp_show_section_price":false,"disp_show_field_price":true,"layout_option":"standard","pric_use_as_fee":false,"process_fee_as":"woo_fee"},"layout_option":"standard"},"fields":[[{"label":"\ud83d\udcc5 Date","active":true,"required":true,"elementId":"date-0739311162","picker_type":"custom","picker_mode":"single","placeholder":"","description":"","tooltip":"","name":"date-0739311162","label_position":"default","desc_position":"default","enablePrice":false,"className":"","enableCl":false,"relations":[{"operator":"and","rules":[{"operator":"AND","rules":{"cl_field":"radio-group_665df45fcbc30b","cl_relation":"is","cl_val":"3 Hour Trip"}}]}],"enableDesign":false,"LabelColor":"","date_pic_inline":true,"date_pic_inline_hide":true,"min_date":{"type":"days","val":"2"},"max_date":{"type":"days","val":"365"},"date_pic_conf":{"disabledWeeks":[]},"price":"","cl_rule":"show","col":6,"type":"date","error":false,"gt_translate_keys":["label","placeholder","description","tooltip"],"price_dependency":false,"cl_dependency":false,"value":""}],[{"elementId":"separator-0739321163","separatorType":"blank","className":"","height":"10","enableCl":false,"relations":false,"cl_rule":"show","col":6,"type":"separator","gt_translate_keys":[],"price_dependency":false,"cl_dependency":false,"value":""}],[{"contentType":"plain","active":true,"label":"People","elementId":"content-0739321164","value":"","inline":false,"show_in_checkout":true,"name":"content-0739321164","enablePrice":false,"className":"","enableCl":false,"relations":false,"price":"","cl_rule":"show","col":6,"type":"content","gt_translate_keys":["label","value"],"price_dependency":false,"cl_dependency":false}],[{"label":"","active":true,"required":false,"elementId":"radio-group-0739321165","name":"radio-group-0739321165","label_position":"default","desc_position":"default","enablePrice":true,"className":"","enableCl":true,"relations":[{"operator":false,"rules":[{"operator":"AND","rules":{"cl_field":"","cl_relation":"","cl_val":""}}]}],"enable_quantity":true,"quantity_label":"","min_quantity":"0","checkUi":"button","layOut":"","options_tooltip":true,"options_description":true,"values":[{"label":"\ud83d\udc64 Adult (48\u20ac)","value":"Adult (48\u20ac)","selected":true,"tempId":"aco_32","tooltip":"+12 Years","description":"","gt_translate_keys":["label","tooltip","description"]}],"priceOptions":"fixed_for_all","pricingType":"fixed","price":"48","cl_rule":"show","col":6,"type":"radio-group","gt_translate_keys":["label","quantity_label"],"price_dependency":false,"cl_dependency":false,"value":""}],[{"label":"","active":true,"required":false,"elementId":"radio-group-0739331166","name":"radio-group-0739331166","label_position":"default","desc_position":"default","enablePrice":true,"className":"","enableCl":false,"relations":false,"enable_quantity":true,"quantity_label":"","min_quantity":"0","checkUi":"button","layOut":"","options_tooltip":true,"options_description":true,"values":[{"label":"\ud83d\udc66 Child (24,50\u20ac)","value":"Child","selected":true,"tempId":"aco_32","tooltip":"2-11 Years","description":"","gt_translate_keys":["label","tooltip","description"]}],"priceOptions":"fixed_for_all","pricingType":"fixed","price":"24,50","cl_rule":"show","col":6,"type":"radio-group","error":false,"gt_translate_keys":["label","quantity_label"],"price_dependency":false,"cl_dependency":false,"value":""}],[{"label":"\ud83c\udf0e Language","active":true,"required":false,"elementId":"select-0739351167","dropdown_type":"basic","name":"select-0739351167","label_position":"default","desc_position":"default","enablePrice":false,"className":"","enableCl":false,"relations":false,"values":[{"label":"English","value":"English","selected":false,"tempId":"aco_596","gt_translate_keys":["label"]},{"label":"Spanish","value":"Spanish","selected":false,"tempId":"aco_597","gt_translate_keys":["label"]},{"label":"German","value":"German","selected":false,"tempId":"aco_598","gt_translate_keys":["label"]},{"label":"French","value":"French","selected":false,"tempId":"aco_145","gt_translate_keys":["label"]}],"price":"","cl_rule":"show","col":6,"type":"select","error":false,"gt_translate_keys":["label"],"price_dependency":false,"cl_dependency":false,"value":""}],[{"elementId":"separator-0739351168","separatorType":"blank","className":"","height":"7","enableCl":false,"relations":false,"cl_rule":"show","col":6,"type":"separator","gt_translate_keys":[],"price_dependency":false,"cl_dependency":false,"value":""}],[{"label":"\ud83d\ude8c Pickup Location","active":true,"required":false,"elementId":"text-0739351169","value":"","description":"Pick-up service in North Tenerife. Simply provide your address or hotel name.","name":"text-0739351169","label_position":"default","desc_position":"default","enablePrice":false,"className":"","enableCl":false,"relations":false,"subtype":"text","price":"","cl_rule":"show","col":6,"type":"text","error":false,"gt_translate_keys":["label","description","value"],"price_dependency":false,"cl_dependency":false}]]}},"config":{"price_override":"always","enable_recaptcha":false,"bind_quantity":false,"quantity_bind_formula":false,"disp_summ_show_option_price":true,"disp_summ_show_product_price":false,"disp_summ_show_total_price":true,"disp_summ_show_fee":true,"disp_summ_show_discount":true,"summary_title":"","options_total_label":"Options Price","total_label":"Total Amount","options_product_label":"Product Price","fee_label":"Fee","discount_label":"Discount","has_price":true,"has_quantity_formula":false},"mc_unit":1,"tax_rate":1,"tax_rate_real":1,"discount":{"percentage":0,"fixed":0},"design":{"conf":{"LabelPosition":"above","DescPosition":"above","UploadField":"custom_1","QuantityFieldStyle":"custom_1"},"css":{"LeftLabelWidth":"120px"}},"formulas":[],"lookuptables":[],"clones":false,"cartKey":false}},"_links":{"self":[{"href":"https:\/\/canaryvip.com\/fi\/wp-json\/wp\/v2\/product\/9435","targetHints":{"allow":["GET"]}}],"collection":[{"href":"https:\/\/canaryvip.com\/fi\/wp-json\/wp\/v2\/product"}],"about":[{"href":"https:\/\/canaryvip.com\/fi\/wp-json\/wp\/v2\/types\/product"}],"replies":[{"embeddable":true,"href":"https:\/\/canaryvip.com\/fi\/wp-json\/wp\/v2\/comments?post=9435"}],"wp:featuredmedia":[{"embeddable":true,"href":"https:\/\/canaryvip.com\/fi\/wp-json\/wp\/v2\/media\/9439"}],"wp:attachment":[{"href":"https:\/\/canaryvip.com\/fi\/wp-json\/wp\/v2\/media?parent=9435"}],"wp:term":[{"taxonomy":"product_brand","embeddable":true,"href":"https:\/\/canaryvip.com\/fi\/wp-json\/wp\/v2\/product_brand?post=9435"},{"taxonomy":"product_cat","embeddable":true,"href":"https:\/\/canaryvip.com\/fi\/wp-json\/wp\/v2\/product_cat?post=9435"},{"taxonomy":"product_tag","embeddable":true,"href":"https:\/\/canaryvip.com\/fi\/wp-json\/wp\/v2\/product_tag?post=9435"}],"curies":[{"name":"wp","href":"https:\/\/api.w.org\/{rel}","templated":true}]}}