{"id":9324,"date":"2024-01-31T15:11:45","date_gmt":"2024-01-31T15:11:45","guid":{"rendered":"https:\/\/canaryvip.com\/?post_type=product&#038;p=9324"},"modified":"2025-08-09T13:07:49","modified_gmt":"2025-08-09T12:07:49","slug":"tigresa-luxury-yacht-tenerife","status":"publish","type":"product","link":"https:\/\/canaryvip.com\/fi\/shop\/tigresa-luxury-yacht-tenerife\/","title":{"rendered":"Vuokraa #1 ylellisin vene Teneriffalla: Tigresa Vene"},"content":{"rendered":"<h2><strong>\ud83d\udee5\ufe0f Tigresa Teneriffa Yacht: Tenerife: Ultimaattinen ylellisyys<\/strong><\/h2>\n<p>Tervetuloa Tigresa:n kyytiin, Teneriffan jahtikokemusten huipulle. T\u00e4m\u00e4 <strong>Azimut 60 Flybridge,<\/strong>\u00a0upea 19,5-metrinen ihme, tarjoaa enemm\u00e4n kuin pelk\u00e4n aluksen - se on yksinoikeuslippusi meren salaisuuksiin.<\/p>\n<p>Tehokkaiden 800 hv moottoreiden voimin se lupaa sek\u00e4 j\u00e4nnitt\u00e4v\u00e4\u00e4 nopeutta ett\u00e4 tasaista purjehdusta, kun l\u00e4hdet ainutlaatuiselle matkallesi. <strong>laivamatka Teneriffalla.<\/strong><\/p>\n<p>Tutustu siihen, mit\u00e4 tarkoittaa nauttia <strong>yksityinen veneretki<\/strong> Tigresa:n kanssa Teneriffan kristallinkirkkaissa vesiss\u00e4.<\/p>\n<h3>\u2b50\ufe0f <strong>Ennenn\u00e4kem\u00e4t\u00f6nt\u00e4 ylellisyytt\u00e4 aluksella<\/strong><\/h3>\n<p><span style=\"text-decoration: underline;\"><strong>Nauti Tigresa:n runsaista mukavuuksista:<\/strong><\/span><\/p>\n<ul>\n<li>Kaksi ylellist\u00e4 kahden hengen huonetta ja viihtyis\u00e4 kahden hengen huone, t\u00e4ydellinen intiimiin Teneriffan vuokrajahti kokemukseen.<\/li>\n<li>Kaksi tyylik\u00e4st\u00e4 kylpyhuonetta ja k\u00e4tev\u00e4 WC, jotka lis\u00e4\u00e4v\u00e4t seikkailuihinne ripauksen yksinoikeutta.<\/li>\n<li>Ylellinen olohuone, joka on suunniteltu rentoutumiseen risteilyn aikana.<\/li>\n<li>T\u00e4ysin varustettu keitti\u00f6, joka on valmis parantamaan kulinaarisia kokemuksiasi, kun vuokraat venett\u00e4 Teneriffalla.<\/li>\n<li>50-tuumaiset plasmatelevisiot, jotka yhdist\u00e4v\u00e4t viihteen ja ylellisyyden henkil\u00f6kohtaisella Teneriffan laivamatkallasi.<\/li>\n<li>Kaksi auringonpaisteista kantta, ihanteellinen paikka auringonottoon jahtimatkasi aikana.<\/li>\n<li>Huippuluokan hydraulinen uimataso, joka nostaa uintikertojasi.<\/li>\n<\/ul>\n<h3>\ud83d\udea4 <strong>VIP-hoidon huippu monikielisell\u00e4 miehist\u00f6ll\u00e4<\/strong><\/h3>\n<p>Koe henkil\u00f6kohtaista palvelua ammattitaitoiselta kahden hengen miehist\u00f6lt\u00e4mme, joka on perehtynyt Kanariansaarten loistoon ja takaa kulttuurisesti rikkaan matkan Teneriffan luksusjahdin vuokrauksen aikana.<\/p>\n<p>Miehist\u00f6mme asiantuntemus ei ainoastaan lis\u00e4\u00e4 mukavuuttasi, vaan my\u00f6s rikastuttaa ymm\u00e4rryst\u00e4si paikallisesta kulttuurista ja historiasta. <strong>laivamatka Teneriffalla<\/strong> ikimuistoinen tutkimusmatka.<\/p>\n<p>Kun liukuu pitkin henke\u00e4salpaavaa rannikkoa, miehist\u00f6mme osoittaa historiallisia kohteita, selitt\u00e4\u00e4 paikallista meren ekologiaa ja auttaa sinua kokemaan parasta, mit\u00e4 <strong>laivamatka Teneriffalla<\/strong> on tarjota.<\/p>\n<p>T\u00e4m\u00e4 yksityiskohtiin kiinnitetty huomio takaa, ett\u00e4 aikasi aluksella ylitt\u00e4\u00e4 tavanomaisen rajan ja tekee yksinkertaisesta jahdin vuokrauksesta syv\u00e4llisen kulttuurimatkan Teneriffan seesteisill\u00e4 vesill\u00e4.<\/p>\n<h3>\ud83c\udf0a <strong>Sujuva purjehdus edistyksellisell\u00e4 teknologialla<\/strong><\/h3>\n<p>Nauti valtameren rauhasta Tigresa:n kyydiss\u00e4, jossa Seakeeper Gyroscopic Stabilizer varmistaa, ett\u00e4 jokainen hetki <a href=\"https:\/\/canaryvip.com\/fi\/tenerife\/boat-excursions\/\"><strong>laivamatka Teneriffalla<\/strong><\/a> on sek\u00e4 mieleenpainuva ett\u00e4 seesteinen.<\/p>\n<p>Tunne rauha, kun t\u00e4m\u00e4 huipputeknologia tasoittaa aaltoja, jolloin voit rentoutua t\u00e4ysin ja nauttia upeista merin\u00e4k\u00f6aloista ilman huolta.<\/p>\n<p>Nautitpa sitten auringosta kannella tai ruokailit n\u00e4k\u00f6alalla, Tigresa tarjoaa rauhallisen ja vakaan kokemuksen, joka tekee merell\u00e4 vietetyst\u00e4 ajasta todella unohtumatonta.<\/p>\n<h3>\ud83d\udd52 <strong>Valitse eksklusiivinen seikkailusi<\/strong><\/h3>\n<ul>\n<li><strong>3 tunnin matka:<\/strong>\u00a0Tutustu Teneriffan kauniiseen lounaisrannikkoon, joka sopii t\u00e4ydellisesti nopeaan mutta upeaan veneenvuokrauskokemukseen.<\/li>\n<li><strong>Viiden tunnin matka:<\/strong>\u00a0Tutustu majesteettiseen Los Gigantesiin ja lumoavaan Masca-lahteen, jotka ovat ihanteellisia kattavan luksusjahtikokemuksen saamiseksi Teneriffalla.<\/li>\n<li><strong>8-tuntinen perimm\u00e4inen kokemus:<\/strong>\u00a0L\u00e4hde lopulliseen seikkailuun, jossa vierailet eksklusiivisissa paikoissa majesteettisen <a href=\"https:\/\/canaryvip.com\/fi\/discover-the-teide-the-ultimate-guide-iconic-volcano\/\">Teide-vuori<\/a>, jonne p\u00e4\u00e4see vain yksityisell\u00e4 jahdilla.<\/li>\n<\/ul>\n<h3>\ud83d\udc2c <strong>Eettist\u00e4 ja ylellist\u00e4 valaiden katselua<\/strong><\/h3>\n<p>Liity seuraamme Tigresa:ll\u00e4, joka on varustettu kaikilla tarvittavilla luvilla, ja koe kunnioittava ja ylellinen kohtaaminen valtameren j\u00e4ttil\u00e4isten kanssa, mik\u00e4 parantaa jahdin vuokrauskokemustasi Teneriffalla.<\/p>\n<h3>\u2705 <strong>Ylellisyys, uudelleen m\u00e4\u00e4ritelty: Mit\u00e4 sis\u00e4ltyy<\/strong><\/h3>\n<ul>\n<li>Huipputason mukavuudet, mukaan lukien uimatasanne ja ylenpalttiset mukavuudet, asettavat uuden standardin Teneriffan jahtivuokraukselle.<\/li>\n<li>Gourmet-herkkuja samppanjalla, hienoja viinej\u00e4 ja hienoja aterioita, jotka ovat luksusvenematkojen ruumiillistuma.<\/li>\n<li>VIP-kuljetus Etel\u00e4-Teneriffan hotelliltasi, mik\u00e4 lis\u00e4\u00e4 laivamatkasi ylellisyytt\u00e4.<\/li>\n<\/ul>\n<h3>\ud83d\udd53 <strong>Kokouspaikka &amp; yksinoikeus<\/strong><\/h3>\n<ul>\n<li><strong>Sijainti:<\/strong>\u00a0Costa Adeje, Puerto Col\u00f3n. Alku vertaansa vailla olevalle purjehduskokemuksellesi Teneriffalla.<\/li>\n<li><strong>Pys\u00e4k\u00f6inti:<\/strong>\u00a0Tarjolla on runsaasti tilaa kilpailukykyiseen hintaan, joten ylellisen matkan aloittaminen on helppoa.<\/li>\n<\/ul>\n<h3>\ud83d\udccd <strong>L\u00e4ht\u00f6 Puerto Col\u00f3nista Costa Adejessa<\/strong><\/h3>\n<p>Aloita ylellinen seikkailusi Puerto Col\u00f3nista, joka on Costa Adejen meriel\u00e4m\u00e4n vilkas keskus. T\u00e4m\u00e4 tyylikk\u00e4\u00e4st\u00e4 ja modernista hienostuneisuudestaan tunnettu arvostettu venesatama tarjoaa t\u00e4ydelliset puitteet yksityiselle veneretkelle.<\/p>\n<p>Tunne alueen elinvoimainen energia, kun astut laivaan. T\u00e4\u00e4ll\u00e4 <a href=\"https:\/\/maps.app.goo.gl\/ocJuu7A8R1JWjPbS9\" target=\"_blank\" rel=\"noopener\">Puerto Col\u00f3n<\/a>, jokainen l\u00e4ht\u00f6 on j\u00e4nnitt\u00e4v\u00e4 lupaus unohtumattomista kokemuksista ja henke\u00e4salpaavista n\u00e4kymist\u00e4 Teneriffan seesteisill\u00e4 vesill\u00e4.<\/p>\n<h4>\ud83d\udcdc <strong>Selke\u00e4 ja tiivis politiikka<\/strong><\/h4>\n<ul>\n<li><strong>Weather Assurance:<\/strong>\u00a0Valitse vaihtoehtoinen p\u00e4iv\u00e4m\u00e4\u00e4r\u00e4 tai saat t\u00e4yden hyvityksen, jos s\u00e4\u00e4 ei suostu yhteisty\u00f6h\u00f6n, ja varmistat, ett\u00e4 purjehduskokemuksesi on virheet\u00f6n.<\/li>\n<li><strong>Peruutusjoustavuus:<\/strong>\u00a0Maksuton peruutus tai uudelleenj\u00e4rjestely enint\u00e4\u00e4n 6 p\u00e4iv\u00e4\u00e4 etuk\u00e4teen, mik\u00e4 vastaa aikataulutarpeitasi.<\/li>\n<\/ul>\n<p>Sukella ylellisen ylellisyyden maailmaan Tigresa:n kanssa.<br \/>\nVaraa nyt ja avaa kokemus, jossa mahtavuus kohtaa meren. \ud83c\udf0a\ud83c\udf1f\ud83d\udee5\ufe0f<\/p>","protected":false},"excerpt":{"rendered":"<p><strong>\ud83d\udd0d Tigresa Yacht Tours:<\/strong><br \/>\n\u2705 Turvallinen maksu.<br \/>\n\ud83d\udee5\ufe0f 18 metrin luksusjahti.<br \/>\n\ud83d\udc0b Valaan ja delfiinin havaitseminen.<br \/>\n\u23f3 P\u00e4ivitt\u00e4iset retket 3-8 tuntia.<br \/>\n\ud83d\udd59 Mukautettavat l\u00e4ht\u00f6ajat.<br \/>\n\ud83c\udf7e Virvokkeita ja samppanjaa.<br \/>\n\ud83c\udf74 Gourmet-ateriat ja -juomat.<br \/>\n\ud83d\udc65 Enint\u00e4\u00e4n 12 vierasta.<br \/>\n\ud83e\udd3f Snorkkelivarusteet tarjotaan.<br \/>\n\ud83d\ude97 Kuljetuspalvelu sis\u00e4ltyy.<br \/>\n\ud83e\udd11 Paras hinta taattu.<br \/>\n\ud83d\udc6a Alennukset aktivoitu.<br \/>\n\ud83d\udd01 Enint\u00e4\u00e4n 8 p\u00e4iv\u00e4n peruutus.<br \/>\n\ud83c\udf0d Monikielinen miehist\u00f6.<br \/>\n\ud83c\udf1f Varaa nyt ja s\u00e4\u00e4st\u00e4!<br \/>\n\ud83d\udccd L\u00e4ht\u00f6 <a href=\"https:\/\/maps.app.goo.gl\/ocJuu7A8R1JWjPbS9\">Puerto Colon<\/a>.<\/p>","protected":false},"featured_media":9328,"comment_status":"open","ping_status":"closed","template":"","meta":{"_acf_changed":false},"product_brand":[],"product_cat":[47],"product_tag":[],"class_list":{"0":"post-9324","1":"product","2":"type-product","3":"status-publish","4":"has-post-thumbnail","6":"product_cat-boat-hire-tenerife","7":"wcpa_has_options","9":"first","10":"instock","11":"virtual","12":"purchasable","13":"product-type-simple"},"acf":[],"wcpa_form_fields":{"wcpaData":{"product":{"product_price":2000,"price_html":"From&nbsp;<span class=\"woocommerce-Price-amount amount\"><bdi>2.000,00&nbsp;<span class=\"woocommerce-Price-currencySymbol\">&euro;<\/span><\/bdi><\/span>","original_product_price":2000,"price_including_tax":2000,"price_excluding_tax":2000,"product_id":{"parent":9324,"variation":false},"is_variable":false,"stock_status":"instock","stock_quantity":null,"parent_sku":"CV9324","product_attributes":[],"custom_fields":[],"is_taxable":false,"product_name":"Rent the #1 Luxurious Yacht in Tenerife: Tigresa Boat","hasImage":false},"fields":{"sec_365c78ffa811e8":{"extra":{"key":"sec_365c78ffa811e8","section_id":"sec_365c78ffa811e8","name":"Default","status":1,"cl_rule":"show","enableCl":false,"relations":[],"toggle":true,"title_tag":"h3","show_title":false,"showPrice":"default","form_id":9607,"form_rules":{"exclude_from_discount":true,"fee_label":"Fee","disp_hide_options_price":true,"disp_show_section_price":false,"disp_show_field_price":true,"layout_option":"standard","pric_use_as_fee":false,"process_fee_as":"woo_fee"},"layout_option":"standard"},"fields":[[{"label":"\ud83d\udcc5 Date","active":true,"required":true,"elementId":"date_465c78ffa81217","picker_type":"custom","picker_mode":"single","placeholder":"","description":"","tooltip":"","name":"date_465c78ffa81217","label_position":"default","desc_position":"default","enablePrice":false,"className":"","enableCl":false,"relations":[{"operator":"and","rules":[{"operator":"AND","rules":{"cl_field":"radio-group_565c78ffa81208","cl_relation":"is","cl_val":"3 Hour Trip"}}]}],"date_pic_inline":true,"date_pic_inline_hide":true,"min_date":{"type":"days","val":"2"},"max_date":{"type":"days","val":"365"},"date_pic_conf":{"disabledWeeks":[]},"price":"","cl_rule":"show","col":6,"type":"date","error":false,"enableDesign":false,"LabelColor":"","gt_translate_keys":["label","placeholder","description","tooltip"],"price_dependency":false,"cl_dependency":false,"value":""}],[{"contentType":"rich","active":true,"label":"","elementId":"content_765c78ffa81286","value":"<p>\ud83c\udf9f\ufe0f <strong>Reservation<\/strong>: Pay only a deposit now to reserve; the rest is due on the day of the activity upon arrival.<\/p>","inline":false,"name":"content_765c78ffa81286","enablePrice":false,"className":"","subtype":"p","enableCl":false,"relations":false,"price":"","cl_rule":"show","col":6,"type":"content","error":false,"pricingType":"custom","isTemplate":false,"is_show_price":true,"show_in_checkout":true,"gt_translate_keys":["label","value"],"price_dependency":false,"cl_dependency":false}],[{"elementId":"separator-2189502245","separatorType":"blank","className":"","height":"3","enableCl":false,"relations":false,"cl_rule":"show","col":6,"type":"separator","error":false,"gt_translate_keys":[],"price_dependency":false,"cl_dependency":false,"value":""}],[{"active":true,"col":6,"relations":false,"cl_rule":"show","enableCl":false,"price":"","enablePrice":true,"className":"","label_position":"default","desc_position":"default","type":"select","required":true,"elementId":"select_5841412719","label":"\u23f3 Trip Duration","name":"select_5841412719","values":[{"label":"3 Hours (2.000\u20ac)","value":"3","selected":false,"tempId":"aco_556","price":"300","gt_translate_keys":["label"]},{"label":"4 Hours (2.500\u20ac)","value":"4","selected":false,"tempId":"aco_557","price":"375","gt_translate_keys":["label"]},{"label":"5 Hours (3.000\u20ac)","value":"5","selected":false,"tempId":"aco_558","price":"450","gt_translate_keys":["label"]},{"label":"6 Hours (3.500\u20ac)","value":"6","selected":false,"tempId":"aco_640","price":"525","gt_translate_keys":["label"]},{"label":"7 Hours (4.000\u20ac)","value":"7","selected":false,"tempId":"aco_650","price":"600","gt_translate_keys":["label"]},{"label":"8 Hours (4.500\u20ac)","value":"8","selected":false,"tempId":"aco_660","price":"675","gt_translate_keys":["label"]}],"dropdown_type":"basic","error":false,"placeholder":"Select Trip Duration","priceOptions":"different_for_all","pricingType":"fixed","gt_translate_keys":["label","placeholder"],"price_dependency":false,"cl_dependency":false,"value":""}],[{"elementId":"separator_665c78ffa8127b","separatorType":"fill","className":"","height":"6","enableCl":false,"relations":false,"cl_rule":"show","col":6,"type":"separator","error":false,"separatorColor":"#66a6b6","gt_translate_keys":[],"price_dependency":false,"cl_dependency":false,"value":""}],[{"active":true,"col":6,"relations":false,"cl_rule":"show","enableCl":false,"price":"({field.select_5841412719.","enablePrice":true,"className":"","label_position":"default","desc_position":"default","type":"content","required":false,"elementId":"content_865c78ffa812c0","label":"Deposit Payment","name":"content_865c78ffa812c0","contentType":"plain","value":"","error":false,"pricingType":"custom","isTemplate":true,"is_show_price":true,"enableDesign":true,"scrollBar":false,"use_as_fee":false,"fee_label":"Payment Now","inline":true,"show_in_checkout":true,"subtype":"div","formulaId":"fmla_1708364241278155361","LabelSize":"14px","gt_translate_keys":["label","value"],"price_dependency":["content-0022143174"],"cl_dependency":false}],[{"contentType":"plain","active":true,"label":"Payment at Arrival","elementId":"content_465c78ffa812c9","value":"","inline":true,"show_in_checkout":true,"name":"content_465c78ffa812c9","enablePrice":true,"className":"","fee_label":"Payment at Arrival","subtype":"div","enableCl":false,"relations":false,"scrollBar":false,"enableDesign":true,"pricingType":"custom","isTemplate":true,"price":"({field.radio-group_965c78ffa8129a.quantity}*22) + ({field.radio-group_865c78ffa812a3.quantity}*11)","use_as_fee":false,"is_show_price":true,"cl_rule":"show","col":6,"type":"content","error":false,"formulaId":"fmla_1708360988969136756","LabelSize":"14px","gt_translate_keys":["label","value"],"price_dependency":["content-0022143174"],"cl_dependency":false}],[{"contentType":"plain","active":true,"label":"Total Price","elementId":"content-0022143174","value":"","inline":true,"show_in_checkout":true,"name":"content-0022143174","enablePrice":true,"className":"","fee_label":"Payment at Arrival","subtype":"div","enableCl":false,"relations":false,"scrollBar":false,"enableDesign":true,"LabelSize":"14px","pricingType":"custom","isTemplate":false,"price":"({field.content_865c78ffa812c0.price}) + ({field.content_465c78ffa812c9.price})","formulaId":"fmla_1708360988969136756","use_as_fee":false,"is_show_price":true,"cl_rule":"show","col":6,"type":"content","error":false,"gt_translate_keys":["label","value"],"price_dependency":false,"cl_dependency":false}]]},"sec_165c78ffa81315":{"extra":{"key":"sec_165c78ffa81315","section_id":"sec_165c78ffa81315","name":"Pickup Location","status":1,"cl_rule":"show","enableCl":false,"relations":[],"toggle":true,"title_tag":"h4","show_title":false,"showPrice":"default","form_id":9607,"form_rules":{"exclude_from_discount":true,"fee_label":"Fee","disp_hide_options_price":true,"disp_show_section_price":false,"disp_show_field_price":true,"layout_option":"standard","pric_use_as_fee":false,"process_fee_as":"woo_fee"},"layout_option":"standard"},"fields":[[{"elementId":"separator_965c78ffa8131e","separatorType":"blank","className":"","height":"3","enableCl":false,"relations":false,"cl_rule":"show","col":6,"type":"separator","error":false,"gt_translate_keys":[],"price_dependency":false,"cl_dependency":false,"value":""}],[{"active":true,"col":6,"relations":[{"operator":false,"rules":[{"operator":"AND","rules":{"cl_field":"radio-group_565c78ffa81208","cl_relation":"is","cl_val":"3 Hour Trip"}}]}],"cl_rule":"show","enableCl":false,"price":"","enablePrice":false,"className":"","label_position":"default","desc_position":"default","type":"select","required":false,"elementId":"select_165c78ffa81221","label":"\u23f0 Departure","name":"select_165c78ffa81221","values":[{"label":"09:00","value":"09:00","selected":false,"tempId":"aco_1471","gt_translate_keys":["label"]},{"label":"10:00","value":"10:00","selected":false,"tempId":"aco_1472","gt_translate_keys":["label"]},{"label":"11:00","value":"11:00","selected":false,"tempId":"aco_1500","gt_translate_keys":["label"]},{"label":"12:00","value":"12:00","selected":false,"tempId":"aco_1510","gt_translate_keys":["label"]},{"label":"13:00 (1:00 PM)","value":"13:00","selected":false,"tempId":"aco_1520","gt_translate_keys":["label"]},{"label":"14:00 (2:00 PM)","value":"14:00","selected":false,"tempId":"aco_1728","gt_translate_keys":["label"]},{"label":"15:00 (3:00 PM)","value":"15:00","selected":false,"tempId":"aco_1738","gt_translate_keys":["label"]},{"label":"16:00 (4:00 PM)","value":"16:00","selected":false,"tempId":"aco_1748","gt_translate_keys":["label"]},{"label":"17:00 (5:00 PM)","value":"17:00","selected":false,"tempId":"aco_1912","gt_translate_keys":["label"]},{"label":"18:00 (6:00 PM)","value":"18:00","selected":false,"tempId":"aco_1922","gt_translate_keys":["label"]}],"dropdown_type":"basic","error":false,"placeholder":"Whichever Time is Best","gt_translate_keys":["label","placeholder"],"price_dependency":false,"cl_dependency":false,"value":""}],[{"elementId":"separator-6457332782","separatorType":"blank","className":"","height":"3","enableCl":false,"relations":false,"cl_rule":"show","col":6,"type":"separator","error":false,"gt_translate_keys":[],"price_dependency":false,"cl_dependency":false,"value":""}],[{"active":true,"col":6,"relations":[{"operator":false,"rules":[{"operator":false,"rules":{"cl_field":"radio-group_565c78ffa81208","cl_relation":"is_not","cl_val":"4.5 Hour Trip from North Tenerife"}}]}],"cl_rule":"show","enableCl":false,"price":"","enablePrice":false,"className":"","label_position":"default","desc_position":"default","type":"text","subtype":"text","required":false,"elementId":"text_565c78ffa81326","label":"\ud83d\ude8c Pickup Location","name":"text_565c78ffa81326","value":"","error":false,"description":"Free pick-up service in Tenerife South. Simply provide your address or hotel name.","repeater":false,"repeater_field_label":"{field_label}","repeater_bind":"","gt_translate_keys":["label","description","value","repeater_field_label"],"price_dependency":false,"cl_dependency":false}]]}},"config":{"price_override":"always","enable_recaptcha":false,"bind_quantity":false,"quantity_bind_formula":false,"disp_summ_show_option_price":true,"disp_summ_show_product_price":false,"disp_summ_show_total_price":false,"disp_summ_show_fee":true,"disp_summ_show_discount":true,"summary_title":"","options_total_label":"Options Price","total_label":"Deposit Amount","options_product_label":"Product Price","fee_label":"Fee","discount_label":"Discount","has_price":true,"has_quantity_formula":false},"mc_unit":1,"tax_rate":1,"tax_rate_real":1,"discount":{"percentage":0,"fixed":0},"design":{"conf":{"LabelPosition":"above","DescPosition":"above","UploadField":"custom_1","QuantityFieldStyle":"custom_1"},"css":{"LeftLabelWidth":"120px"}},"formulas":{"fmla_1708360988969136756":"(({field.select_5841412719.value}>=8)?(3825):(({field.select_5841412719.value}>=7)?(3400):(({field.select_5841412719.value}>=6)?(2975):(({field.select_5841412719.value}>=5)?(2550):(({field.select_5841412719.value}>=4)?(2125):(({field.select_5841412719.value}>=3)?(1700):(0)))))))","fmla_1708364241278155361":"(({field.select_5841412719.value}>=8)?({field.select_5841412719.price}):(({field.select_5841412719.value}>=7)?({field.select_5841412719.price}):(({field.select_5841412719.value}>=6)?({field.select_5841412719.price}):(({field.select_5841412719.value}>=5)?({field.select_5841412719.price}):(({field.select_5841412719.value}>=4)?({field.select_5841412719.price}):(({field.select_5841412719.value}>=3)?({field.select_5841412719.price}):(0)))))))"},"lookuptables":[],"clones":false,"cartKey":false}},"_links":{"self":[{"href":"https:\/\/canaryvip.com\/fi\/wp-json\/wp\/v2\/product\/9324","targetHints":{"allow":["GET"]}}],"collection":[{"href":"https:\/\/canaryvip.com\/fi\/wp-json\/wp\/v2\/product"}],"about":[{"href":"https:\/\/canaryvip.com\/fi\/wp-json\/wp\/v2\/types\/product"}],"replies":[{"embeddable":true,"href":"https:\/\/canaryvip.com\/fi\/wp-json\/wp\/v2\/comments?post=9324"}],"wp:featuredmedia":[{"embeddable":true,"href":"https:\/\/canaryvip.com\/fi\/wp-json\/wp\/v2\/media\/9328"}],"wp:attachment":[{"href":"https:\/\/canaryvip.com\/fi\/wp-json\/wp\/v2\/media?parent=9324"}],"wp:term":[{"taxonomy":"product_brand","embeddable":true,"href":"https:\/\/canaryvip.com\/fi\/wp-json\/wp\/v2\/product_brand?post=9324"},{"taxonomy":"product_cat","embeddable":true,"href":"https:\/\/canaryvip.com\/fi\/wp-json\/wp\/v2\/product_cat?post=9324"},{"taxonomy":"product_tag","embeddable":true,"href":"https:\/\/canaryvip.com\/fi\/wp-json\/wp\/v2\/product_tag?post=9324"}],"curies":[{"name":"wp","href":"https:\/\/api.w.org\/{rel}","templated":true}]}}