{"id":8824,"date":"2024-01-15T13:42:01","date_gmt":"2024-01-15T13:42:01","guid":{"rendered":"https:\/\/canaryvip.com\/?post_type=product&#038;p=8824"},"modified":"2025-09-19T12:00:53","modified_gmt":"2025-09-19T11:00:53","slug":"siam-park-vip-villa","status":"publish","type":"product","link":"https:\/\/canaryvip.com\/fi\/shop\/siam-park-vip-villa\/","title":{"rendered":"Siam Park VIP Villa"},"content":{"rendered":"<section class=\"l-section wpb_row height_medium\"><div class=\"l-section-h i-cf\"><div class=\"g-cols vc_row via_flex valign_top type_default stacking_default\"><div class=\"vc_col-sm-12 wpb_column vc_column_container\"><div class=\"vc_column-inner\"><div class=\"wpb_wrapper\"><div class=\"wpb_text_column\"><div class=\"wpb_wrapper\"><h2>\ud83c\udf34 <strong>Siam Parkin VIP-huvila Kokemus CanaryVIP:n kanssa<\/strong><\/h2>\n<p>Tervetuloa ylellisyyden huipulle Siam Parkiin Teneriffalla. Veden harrastajien keidas, <strong>Siam Park<\/strong> on tunnettu j\u00e4nnitt\u00e4vist\u00e4 ajeluistaan ja vieh\u00e4tt\u00e4vist\u00e4 maisemistaan. Adrenaliinia pumppaavista <strong>Tower of Power<\/strong> seesteiseen <strong>Mai Thai -joki,<\/strong>\u00a0palvelemme kaikenlaisia seikkailijoita. Korostakaa vierailuanne t\u00e4ll\u00e4 eksklusiivisella VIP-huvilakokemuksella, jossa hienostuneisuus ja j\u00e4nnitys kohtaavat.<\/p>\n<h3><strong>\ud83c\udf1f Ylellinen VIP-huvila mukavuudet<\/strong><\/h3>\n<ul>\n<li><strong>Thaimaalaisvaikutteista eleganssia:<\/strong> Thaimaalaisella eleganssilla koristeltu VIP-huvila tarjoaa rauhallisen ja ylellisen pakopaikan.<\/li>\n<li><strong>Korkein mukavuus:<\/strong> Rentoudu ylellisyydess\u00e4 pehmeill\u00e4 sohvilla, yksityisill\u00e4 terassisuihkuilla ja aurinkotuoleilla.<\/li>\n<li><strong>Pyyhkeet ja oma suihku:<\/strong> Tuoreet pyyhkeet ja oma suihku ovat k\u00e4ytett\u00e4viss\u00e4si.<\/li>\n<li><strong>Ilmastointi:<\/strong> Uusinta tekniikkaa edustavat tuulettimet, jotka pit\u00e4v\u00e4t ilmapiirin miellytt\u00e4v\u00e4n\u00e4.<\/li>\n<li><strong>Turvallinen arvoesineiden s\u00e4ilytys:<\/strong> Saatavilla on tallelokero omaisuutesi turvaamiseksi.<\/li>\n<li><strong>Yksityinen terassi aurinkotuoleilla:<\/strong> Nauti auringonotosta tai rentoutumisesta varjossa yksinoikeudella sijaitsevalla terassillasi.<\/li>\n<li><strong>Henkil\u00f6kohtainen poreallas:<\/strong> Uppoudu rentoutumiseen omassa yksityisess\u00e4 porealtaassasi, joka on \u00e4\u00e4rimm\u00e4isen ylellisyyden symboli.<\/li>\n<\/ul>\n<h3><strong>\ud83c\udfa5 Villa Viihde ja mukavuus<\/strong><\/h3>\n<ul>\n<li><strong>TV ja oleskelualue:<\/strong> Viihtyis\u00e4 oleskelutila, jossa on televisio, jossa voit nauttia suosikkiohjelmistasi.<\/li>\n<li><strong>Hyvin varusteltu minibaari:<\/strong> Minibaarissa on saatavilla valikoima juomia janon tyydytt\u00e4miseksi.<\/li>\n<li><strong>All-inclusive-ruokailu:<\/strong> Herkuttele monipuolisella valikoimalla kulinaarisia herkkuja ensiluokkaisissa ravintoloissamme.<\/li>\n<li><strong>Juomat ja j\u00e4\u00e4tel\u00f6:<\/strong> Rajoittamaton p\u00e4\u00e4sy virvoitusjuomiin, oluisiin, veteen ja j\u00e4\u00e4tel\u00f6\u00f6n.<\/li>\n<\/ul>\n<h3><strong>\ud83c\udfa2 Ensisijainen p\u00e4\u00e4sy n\u00e4ht\u00e4vyyksiin VIP-pikapassilla:<\/strong><\/h3>\n<ul>\n<li><strong>Koko p\u00e4iv\u00e4n pikakortti:<\/strong> Ohita jonot ja p\u00e4\u00e4set heti kaikkiin n\u00e4ht\u00e4vyyksiin, jolloin nautintosi on mahdollisimman suuri.<\/li>\n<\/ul>\n<h3><strong>\ud83c\udf74 All-inclusive-ruokailu ja rajoittamattomat juomavaihtoehdot:<\/strong><\/h3>\n<ul>\n<li><strong>Rajoittamattomat kulinaariset valinnat:<\/strong> Hemmottele itse\u00e4si all-inclusive-ruokailukokemuksella, sill\u00e4 puistossa on tarjolla laaja valikoima erilaisia vaihtoehtoja.<\/li>\n<li><strong>Rajoittamattomat juomat:<\/strong> Nauti rajattomasti erilaisista ilmaisista juomista, jotta pysyt virke\u00e4n\u00e4 koko vierailusi ajan.<\/li>\n<\/ul>\n<h3><strong>\ud83d\udcb0 Poikkeuksellinen hinnoittelu ja arvo<\/strong><\/h3>\n<ul>\n<li><strong>Inclusive-hinta:<\/strong> VIP-huvila on saatavilla 1215 \u20ac, ja sinne mahtuu jopa 8 vierasta, mik\u00e4 takaa yksityisyyden ja yksinoikeuden sek\u00e4 pienille ett\u00e4 suuremmille ryhmille.<\/li>\n<li><strong>Lis\u00e4vierasmajoitus:<\/strong> Huvilassa voi majoittua jopa 12 vierasta, ja lis\u00e4maksu on 151 \u20ac per henkil\u00f6 kahdeksan hengen ylitt\u00e4v\u00e4lt\u00e4 osalta.<\/li>\n<\/ul>\n<h3><strong>\ud83d\ude8c K\u00e4tev\u00e4 ja ilmainen kuljetus<\/strong><\/h3>\n<ul>\n<li><strong>Stressit\u00f6n matkailu:<\/strong> Hy\u00f6dynn\u00e4 ilmaista Siam Park -bussiliikennett\u00e4, joka tarjoaa helpon ja k\u00e4tev\u00e4n kuljetuksen.<\/li>\n<li><strong>Laajat noutopisteet:<\/strong> Useita noutopaikkoja eri puolilla Teneriffaa vaivattomasti.<\/li>\n<\/ul>\n<h3><strong>\u23f0 Suunnittele lopullinen vierailusi<\/strong><\/h3>\n<ul>\n<li><strong>Saatavuus ymp\u00e4ri vuoden:<\/strong> Avoinna kes\u00e4ll\u00e4 (klo 10-18) ja talvella (klo 10-17).<\/li>\n<li><strong>Ensiluokkainen sijainti:<\/strong> Sijaitsee vilkkaalla Costa Adejen alueella, josta on upeat n\u00e4k\u00f6alat ja helppo p\u00e4\u00e4sy.<\/li>\n<\/ul>\n<h3><b>\u274c Peruutusehdot<\/b><\/h3>\n<ul>\n<li style=\"font-weight: 400;\" aria-level=\"1\"><span style=\"font-weight: 400;\">Asiakkaat, jotka peruvat <\/span><b>v\u00e4hint\u00e4\u00e4n kuukautta ennen suunniteltua huoltoa<\/b><span style=\"font-weight: 400;\"> saavat <\/span><b>t\u00e4ysi palautus<\/b><span style=\"font-weight: 400;\">.<\/span>&nbsp;<\/li>\n<li style=\"font-weight: 400;\" aria-level=\"1\"><span style=\"font-weight: 400;\">Toimitetut peruutukset <\/span><b>yhden kuukauden ja enint\u00e4\u00e4n 7 p\u00e4iv\u00e4\u00e4 ennen<\/b><span style=\"font-weight: 400;\"> palveluun sovelletaan <\/span><b>60% peruutusmaksu<\/b><span style=\"font-weight: 400;\">.<\/span>&nbsp;<\/li>\n<li style=\"font-weight: 400;\" aria-level=\"1\"><span style=\"font-weight: 400;\">Peruutukset <\/span><b>7 p\u00e4iv\u00e4n kuluessa suunnitellusta p\u00e4iv\u00e4st\u00e4<\/b><span style=\"font-weight: 400;\"> ovat <\/span><b>ei palautettava<\/b><span style=\"font-weight: 400;\">.<\/span><\/li>\n<\/ul>\n<h3><strong>\ud83d\udd14 Deluxe CanaryVIP -kokemuksesi<\/strong><\/h3>\n<ul>\n<li><strong>Astu ylellisyyteen:<\/strong> Tehosta Siam Park -vierailuasi y\u00f6pym\u00e4ll\u00e4 VIP-huvilassa.<\/li>\n<li><strong>Luo ikimuistoisia hetki\u00e4:<\/strong> Varaa nyt ja koe kokemus, joka on t\u00e4ynn\u00e4 mahtavuutta, j\u00e4nnityst\u00e4 ja unohtumattomia muistoja.<\/li>\n<\/ul>\n<p>Olipa kyseess\u00e4 merkitt\u00e4v\u00e4n virstanpylv\u00e4\u00e4n juhliminen tai erikoistapahtuman j\u00e4rjest\u00e4minen, on t\u00e4rke\u00e4\u00e4, ett\u00e4 <strong>VIP-huvila Siam Park Teneriffalla<\/strong> tarjoaa vertaansa vailla olevan sekoituksen ylellisyytt\u00e4 ja yksinoikeutta. Se sopii erinomaisesti suuremmille ryhmille, ja siin\u00e4 yhdistyv\u00e4t j\u00e4nnitt\u00e4v\u00e4t n\u00e4ht\u00e4vyydet ja rauhallinen rentoutuminen.<\/p>\n<p>Varaa nyt CanaryVIP:lt\u00e4 ylellinen ja unohtumaton seikkailu Siam Park VIP Villassa!<\/p>\n<\/div><\/div><\/div><\/div><\/div><\/div><\/div><\/section>","protected":false},"excerpt":{"rendered":"<p><strong>\ud83d\udd0d Siam Park Villa:<\/strong><br \/>\n\u2705 Turvallinen maksu.<br \/>\n\ud83d\ude80 Koko p\u00e4iv\u00e4n VIP-pikapassi.<br \/>\n\ud83d\udc68\u200d\ud83d\udc69\u200d\ud83d\udc66 Hinta 8 hengelle.<br \/>\n\ud83d\udc65 Sopii jopa 12 hengelle.<br \/>\n\ud83d\udca6 Terassiporeallas.<br \/>\n\ud83d\udd10 Mukana kaappi ja pyyhkeet.<br \/>\n\ud83c\udf54 Rajoittamaton ruoka.<br \/>\n\ud83c\udf7a Rajoittamattomat virvoitusjuomat ja olut.<br \/>\n\ud83e\udd11 Paras hinta taattu.<br \/>\n\ud83d\ude8d Ilmainen bussikuljetus.<br \/>\n\ud83c\udf0d Tuki useilla kielill\u00e4.<br \/>\n\ud83c\udf1f Varaa nyt ja s\u00e4\u00e4st\u00e4!<br \/>\n\ud83d\udc32 L\u00f6yd\u00e4 <a href=\"https:\/\/canaryvip.com\/fi\/product-category\/tenerife\/theme-parks-tenerife\/siam-park-tickets\/\">kaikki Siam Park liput t\u00e4\u00e4ll\u00e4<\/a>!<br \/>\n\ud83d\udccd Etsi <a href=\"https:\/\/maps.app.goo.gl\/UfftQG3CrqW5R81r9\">Siam Park Google Mapsissa<\/a>!<\/p>","protected":false},"featured_media":8825,"comment_status":"open","ping_status":"closed","template":"","meta":{"_acf_changed":false},"product_brand":[],"product_cat":[54,55],"product_tag":[],"class_list":{"0":"post-8824","1":"product","2":"type-product","3":"status-publish","4":"has-post-thumbnail","6":"product_cat-theme-parks","7":"product_cat-siam-park-tickets","8":"wcpa_has_options","10":"first","11":"instock","12":"virtual","13":"purchasable","14":"product-type-simple"},"acf":[],"wcpa_form_fields":{"wcpaData":{"product":{"product_price":1320,"price_html":"From&nbsp;<span class=\"woocommerce-Price-amount amount\"><bdi>1.320,00&nbsp;<span class=\"woocommerce-Price-currencySymbol\">&euro;<\/span><\/bdi><\/span>","original_product_price":1320,"price_including_tax":1320,"price_excluding_tax":1320,"product_id":{"parent":8824,"variation":false},"is_variable":false,"stock_status":"instock","stock_quantity":null,"parent_sku":"CV8824","product_attributes":[],"custom_fields":[],"is_taxable":false,"product_name":"Siam Park VIP Villa","hasImage":false},"fields":{"sec_165dcc0a3c8397":{"extra":{"key":"sec_165dcc0a3c8397","section_id":"sec_165dcc0a3c8397","name":"Default","status":1,"cl_rule":"show","enableCl":false,"relations":[],"toggle":true,"title_tag":"h3","show_title":false,"showPrice":"default","form_id":10124,"form_rules":{"exclude_from_discount":true,"fee_label":"Fee","disp_hide_options_price":true,"disp_show_section_price":false,"disp_show_field_price":true,"layout_option":"standard","pric_use_as_fee":false,"process_fee_as":"woo_fee"},"layout_option":"standard"},"fields":[[{"active":true,"col":6,"relations":false,"cl_rule":"show","enableCl":false,"price":"","enablePrice":false,"className":"","label_position":"default","desc_position":"default","type":"date","required":false,"elementId":"date_1065dcc0a3c83b7","name":"date_1065dcc0a3c83b7","label":"\ud83d\udcc5 Date","picker_type":"custom","picker_mode":"single","error":false,"date_pic_inline":true,"date_pic_inline_hide":true,"min_date":{"type":"days","val":"3"},"max_date":{"type":"days_from_min","val":"500"},"date_pic_conf":{"disabledDates":["2025-05-26 to 2025-05-27","2025-06-01 to 2025-06-04","2025-06-12 to 2025-06-17","2025-06-18 to 2025-06-19","2025-06-20","2025-06-21","2025-06-22","2025-06-23","2025-06-24","2025-06-25","2025-06-26 to 2025-06-27","2025-06-28 to 2025-06-29","2025-07-01 to 2025-07-02","2025-07-03","2025-07-04","2025-07-05","2025-07-06","2025-07-07","2025-07-08","2025-07-09","2025-07-10","2025-07-11","2025-07-12","2025-07-13","2025-07-14","2025-07-15","2025-07-16","2025-07-17","2025-07-18 to 2025-07-25","2025-07-26","2025-07-27","2025-07-28","2025-07-29","2025-07-30","2025-07-31","2025-08-01","2025-08-02","2025-08-03","2025-08-04","2025-08-05 to 2025-08-07","2025-08-08","2025-08-09 to 2025-08-10","2025-08-11 to 2025-08-14","2025-08-15 to 2025-08-16","2025-08-17","2025-08-18","2025-08-21","2025-08-22","2025-08-23","2025-08-24 to 2025-08-26","2025-08-27","2025-08-28 to 2025-08-30","2025-08-31","2025-08-19 to 2025-08-20"]},"isWeightTemplate":false,"isTemplate":false,"min_quantity":"1","quantity_decimal":false,"quantity_step":"1","quantity_label":"Quantity","repeater_field_label":"{field_label}","repeater_bind":"","gt_translate_keys":["label","repeater_field_label","quantity_label"],"price_dependency":false,"cl_dependency":false,"value":""}],[{"active":true,"col":6,"relations":false,"cl_rule":"show","enableCl":false,"price":"","enablePrice":true,"className":"","label_position":"default","desc_position":"default","type":"select","required":false,"elementId":"select_1065dcc0a3c83c4","label":"\ud83d\udc64 Group Size","name":"select_1065dcc0a3c83c4","values":[{"label":"1 Person (1.320\u20ac)","value":"1 Person","selected":false,"tempId":"aco_670","price":"1320","gt_translate_keys":["label"]},{"label":"2 People (1.320\u20ac)","value":"2 People","selected":false,"tempId":"aco_671","price":"1320","gt_translate_keys":["label"]},{"label":"3 People (1.320\u20ac)","value":"3 People","selected":false,"tempId":"aco_672","price":"1320","gt_translate_keys":["label"]},{"label":"4 People (1.320\u20ac)","value":"4 People","selected":false,"tempId":"aco_898","price":"1320","gt_translate_keys":["label"]},{"label":"5 People (1.320\u20ac)","value":"5 People","selected":false,"tempId":"aco_908","price":"1320","gt_translate_keys":["label"]},{"label":"6 People (1.320\u20ac)","value":"6 People","selected":false,"tempId":"aco_1062","price":"1320","gt_translate_keys":["label"]},{"label":"7 People (1.320\u20ac)","value":"7 People","selected":false,"tempId":"aco_2967","price":"1320","gt_translate_keys":["label"]},{"label":"8 People (1.320\u20ac)","value":"8 People","selected":false,"tempId":"aco_3049","price":"1320","gt_translate_keys":["label"]},{"label":"\u2500 Beyond 8 people, each extra person costs \u20ac165 \u2500","value":"\u2500 Beyond 8 people, each extra person costs \u20ac165 \u2500","selected":false,"tempId":"aco_1784","price":"1320","gt_translate_keys":["label"]},{"label":"9 People (1.485\u20ac)","value":"9 People","selected":false,"tempId":"aco_3131","price":"1485","gt_translate_keys":["label"]},{"label":"10 People (1.650\u20ac)","value":"10 People","selected":false,"tempId":"aco_3213","price":"1650","gt_translate_keys":["label"]},{"label":"11 People (1.815\u20ac)","value":"11 People","selected":false,"tempId":"aco_3722","price":"1815","gt_translate_keys":["label"]},{"label":"12 People (1.980\u20ac)","value":"12 People","selected":false,"tempId":"aco_3732","price":"1980","gt_translate_keys":["label"]}],"dropdown_type":"basic","error":false,"placeholder":"None","priceOptions":"different_for_all","pricingType":"fixed","gt_translate_keys":["label","placeholder"],"price_dependency":false,"cl_dependency":false,"value":""}]]}},"config":{"price_override":"always","enable_recaptcha":false,"bind_quantity":false,"quantity_bind_formula":false,"disp_summ_show_option_price":false,"disp_summ_show_product_price":false,"disp_summ_show_total_price":true,"disp_summ_show_fee":false,"disp_summ_show_discount":false,"summary_title":"","options_total_label":"Options Price","total_label":"Total","options_product_label":"Product Price","fee_label":"Fee","discount_label":"Discount","has_price":true,"has_quantity_formula":false},"mc_unit":1,"tax_rate":1,"tax_rate_real":1,"discount":{"percentage":0,"fixed":0},"design":{"conf":{"LabelPosition":"above","DescPosition":"above","UploadField":"custom_1","QuantityFieldStyle":"custom_1"},"css":{"LeftLabelWidth":"120px"}},"formulas":[],"lookuptables":[],"clones":false,"cartKey":false}},"_links":{"self":[{"href":"https:\/\/canaryvip.com\/fi\/wp-json\/wp\/v2\/product\/8824","targetHints":{"allow":["GET"]}}],"collection":[{"href":"https:\/\/canaryvip.com\/fi\/wp-json\/wp\/v2\/product"}],"about":[{"href":"https:\/\/canaryvip.com\/fi\/wp-json\/wp\/v2\/types\/product"}],"replies":[{"embeddable":true,"href":"https:\/\/canaryvip.com\/fi\/wp-json\/wp\/v2\/comments?post=8824"}],"wp:featuredmedia":[{"embeddable":true,"href":"https:\/\/canaryvip.com\/fi\/wp-json\/wp\/v2\/media\/8825"}],"wp:attachment":[{"href":"https:\/\/canaryvip.com\/fi\/wp-json\/wp\/v2\/media?parent=8824"}],"wp:term":[{"taxonomy":"product_brand","embeddable":true,"href":"https:\/\/canaryvip.com\/fi\/wp-json\/wp\/v2\/product_brand?post=8824"},{"taxonomy":"product_cat","embeddable":true,"href":"https:\/\/canaryvip.com\/fi\/wp-json\/wp\/v2\/product_cat?post=8824"},{"taxonomy":"product_tag","embeddable":true,"href":"https:\/\/canaryvip.com\/fi\/wp-json\/wp\/v2\/product_tag?post=8824"}],"curies":[{"name":"wp","href":"https:\/\/api.w.org\/{rel}","templated":true}]}}