{"id":8821,"date":"2024-01-15T13:32:07","date_gmt":"2024-01-15T13:32:07","guid":{"rendered":"https:\/\/canaryvip.com\/?post_type=product&#038;p=8821"},"modified":"2025-09-19T12:00:06","modified_gmt":"2025-09-19T11:00:06","slug":"siam-park-vip-house","status":"publish","type":"product","link":"https:\/\/canaryvip.com\/fi\/shop\/siam-park-vip-house\/","title":{"rendered":"Siam Park VIP House"},"content":{"rendered":"<section class=\"l-section wpb_row height_medium\"><div class=\"l-section-h i-cf\"><div class=\"g-cols vc_row via_flex valign_top type_default stacking_default\"><div class=\"vc_col-sm-12 wpb_column vc_column_container\"><div class=\"vc_column-inner\"><div class=\"wpb_wrapper\"><div class=\"wpb_text_column\"><div class=\"wpb_wrapper\"><p>\ud83c\udfdd\ufe0f <strong>Siam Park VIP House Experience CanaryVIP:n kanssa<\/strong><\/p>\n<div class=\"min-h-&#091;20px&#093; text-message flex flex-col items-start gap-3 whitespace-pre-wrap break-words &#091;.text-message+&amp;&#093;:mt-5 overflow-x-auto\" data-message-author-role=\"assistant\" data-message-id=\"8a8a1897-a3c1-4569-9988-c0ed1c1bc6da\">\n<div class=\"markdown prose w-full break-words dark:prose-invert light\">\n<p>Tervetuloa Siam Parkiin, Teneriffan vesiharrastajien paratiisiin. Puisto on tunnettu j\u00e4nnitt\u00e4vist\u00e4 laitteistaan ja vieh\u00e4tt\u00e4vist\u00e4 maisemistaan, ja se tarjoaa seikkailun, jollaista ei ole ennen n\u00e4hty. Riemastuttavista <strong>Tower of Power<\/strong> rauhalliseen <strong>Mai Thai -joki,<\/strong>\u00a0, l\u00f6ytyy el\u00e4mys jokaiselle j\u00e4nnityst\u00e4 etsiv\u00e4lle. Nyt, korosta vierailuasi <strong>CanaryVIP:n yksinoikeudella tarjoama VIP-talokokemus,<\/strong>\u00a0jossa ylellisyys kohtaa seikkailun.<\/p>\n<h3>\ud83c\udf1f <strong>Premium VIP-talon mukavuudet<\/strong><\/h3>\n<ul>\n<li><strong>Thai Elegance<\/strong>: Thaimaalaisen estetiikan inspiroima VIP House tarjoaa rauhallisen ja ylellisen keidas.<\/li>\n<li><strong>Ylivoimainen mukavuus<\/strong>: Rentoudu tyylikk\u00e4\u00e4sti pehmeill\u00e4 sohvilla, yksityisill\u00e4 terassisuihkuilla ja aurinkotuoleilla.<\/li>\n<li><strong>Pyyhkeet ja suihku<\/strong>: Tuoreet pyyhkeet odottavat sinua, ja jokaisessa talossa on oma suihku \u00e4\u00e4rimm\u00e4isen mukavuuden vuoksi.<\/li>\n<li><strong>Ilmastoinnin s\u00e4\u00e4t\u00f6<\/strong>: Pysy viile\u00e4n\u00e4 huipputason tuulettimillamme.<\/li>\n<li><strong>Arvotavaroiden turvallisuus<\/strong>: S\u00e4ilyt\u00e4 tavarasi turvallisesti tallelokerossamme.<\/li>\n<li><strong>Terassi aurinkotuoleilla<\/strong>: Nauti auringosta tai varjosta omalla terassillasi, joka on varustettu mukavilla aurinkotuoleilla.<\/li>\n<li><strong>Yksityinen terassi poreallas<\/strong>: Nauti \u00e4\u00e4rimm\u00e4isest\u00e4 rentoutumisesta ainutlaatuisessa porealtaassasi, joka on mukavuuden kruununjalokivi.<\/li>\n<\/ul>\n<h3>\ud83c\udfa5 <strong>Talon sis\u00e4inen viihde ja rentoutuminen<\/strong><\/h3>\n<ul>\n<li><strong>TV ja oleskelutila<\/strong>: Rentoudu suosikkiohjelmiesi parissa sis\u00e4isess\u00e4 televisiossamme ja rentoudu mukavalla sohvalla.<\/li>\n<li><strong>Minibaari<\/strong>: Minibaari, jossa on erilaisia juomia janon sammuttamiseksi.<\/li>\n<li><strong>All-inclusive-palvelu<\/strong>: Nauti monenlaisia kulinaarisia herkkuja ravintoloissamme.<\/li>\n<li><strong>Juomat &amp; j\u00e4\u00e4tel\u00f6<\/strong>: Nauti rajattomasti virvoitusjuomia, olutta, vett\u00e4 ja j\u00e4\u00e4tel\u00f6\u00e4.<\/li>\n<\/ul>\n<h3>\ud83c\udfa2 <strong>Eksklusiivinen p\u00e4\u00e4sy VIP-pikapassilla<\/strong><\/h3>\n<ul>\n<li><strong>Koko p\u00e4iv\u00e4n pikakortti<\/strong>: Koe, ett\u00e4 p\u00e4\u00e4set v\u00e4litt\u00f6m\u00e4sti kaikkiin n\u00e4ht\u00e4vyyksiin ilman jonottamista, mik\u00e4 lis\u00e4\u00e4 hauskuuttasi.<\/li>\n<\/ul>\n<h3>\ud83c\udf74 <strong>All-inclusive-ruokailu ja juomat<\/strong><\/h3>\n<ul>\n<li><strong>Valtavat kulinaariset vaihtoehdot<\/strong>: Puistossa on lukuisia ruokailumahdollisuuksia, jotka palvelevat kaikkia makunystyr\u00f6it\u00e4.<\/li>\n<li><strong>Rajoittamattomat juomat<\/strong>: Pysy virkistyneen\u00e4 ilmaisilla juomilla.<\/li>\n<\/ul>\n<h3>\ud83d\udcb0 <strong>Poikkeuksellinen hinnoittelu ja arvo<\/strong><\/h3>\n<\/div>\n<\/div>\n<div class=\"min-h-&#091;20px&#093; text-message flex flex-col items-start gap-3 whitespace-pre-wrap break-words &#091;.text-message+&amp;&#093;:mt-5 overflow-x-auto\" data-message-author-role=\"assistant\" data-message-id=\"cc56ef15-39ff-4986-80a9-f3d468fc7369\">\n<div class=\"markdown prose w-full break-words dark:prose-invert light\">\n<ul>\n<li><strong>Inclusive-hinta<\/strong>: VIP House on hinnoiteltu 910 \u20ac, ja sinne mahtuu jopa 6 vierasta. Hinta takaa yksinoikeuden ja yksityisyyden sek\u00e4 pienille ett\u00e4 suuremmille ryhmille.<\/li>\n<li><strong>Lis\u00e4joustavuutta vieraille<\/strong>: Taloon mahtuu jopa 10 vierasta. Jokaisesta kuuden vieraan lis\u00e4ksi tulevasta vieraasta perit\u00e4\u00e4n 151 \u20ac lis\u00e4maksu per henkil\u00f6.<\/li>\n<\/ul>\n<h3>\ud83d\ude8c <strong>K\u00e4tev\u00e4 ja ilmainen kuljetus<\/strong><\/h3>\n<ul>\n<li><strong>Stressit\u00f6n kauttakulku<\/strong>: Hy\u00f6dynn\u00e4 ilmaista Siam Park -bussikuljetusta, joka helpottaa kuljetusta.<\/li>\n<li><strong>Laaja kattavuus<\/strong>: Useita noutopisteit\u00e4 ymp\u00e4ri Teneriffaa, jotta p\u00e4\u00e4set k\u00e4tev\u00e4sti perille.<\/li>\n<\/ul>\n<h3>\u23f0 <strong>Suunnittele perimm\u00e4inen kokemuksesi<\/strong><\/h3>\n<ul>\n<li><strong>Ymp\u00e4ri vuoden saatavuus<\/strong>: Avoinna sek\u00e4 kes\u00e4ll\u00e4 (klo 10-18) ett\u00e4 talvella (klo 10-17).<\/li>\n<li><strong>Ensiluokkainen sijainti<\/strong>: Sijaitsee vilkkaassa Costa Adejessa, josta on upeat n\u00e4k\u00f6alat ja helppo p\u00e4\u00e4sy.<\/li>\n<\/ul>\n<h3><b>\u274c Peruutusehdot<\/b><\/h3>\n<ul>\n<li style=\"font-weight: 400;\" aria-level=\"1\"><span style=\"font-weight: 400;\">Peruutukset <\/span><b>v\u00e4hint\u00e4\u00e4n 30 p\u00e4iv\u00e4\u00e4 ennen toiminnan alkamisp\u00e4iv\u00e4\u00e4<\/b><span style=\"font-weight: 400;\"> ei aiheuta seuraamuksia.<\/span>&nbsp;<\/li>\n<li style=\"font-weight: 400;\" aria-level=\"1\"><span style=\"font-weight: 400;\">Peruutukset <\/span><b>30-7 p\u00e4iv\u00e4\u00e4 ennen suunniteltua p\u00e4iv\u00e4m\u00e4\u00e4r\u00e4\u00e4.<\/b><span style=\"font-weight: 400;\"> johtaa <\/span><b>60% lataus<\/b><span style=\"font-weight: 400;\"> varauksen m\u00e4\u00e4r\u00e4st\u00e4.<\/span>&nbsp;<\/li>\n<li style=\"font-weight: 400;\" aria-level=\"1\"><span style=\"font-weight: 400;\">Peruutukset <\/span><b>alle 7 p\u00e4iv\u00e4\u00e4 ennen toimintaa<\/b><span style=\"font-weight: 400;\"> johtaa <\/span><b>100% lataus<\/b><span style=\"font-weight: 400;\"> varauksen m\u00e4\u00e4r\u00e4st\u00e4.<\/span><\/li>\n<\/ul>\n<h4>\ud83d\udd14 <strong>Ylellinen seikkailu CanaryVIP:n kanssa<\/strong><\/h4>\n<ul>\n<li><strong>Astu ylellisyyteen<\/strong>: P\u00e4ivit\u00e4 Siam Park -vierailusi y\u00f6pym\u00e4ll\u00e4 VIP-talossa.<\/li>\n<li><strong>Luo pysyvi\u00e4 muistoja<\/strong>: Varaa nyt matka, joka on t\u00e4ynn\u00e4 ylellisyytt\u00e4, j\u00e4nnityst\u00e4 ja unohtumattomia hetki\u00e4.<\/li>\n<\/ul>\n<\/div>\n<\/div>\n<\/div><\/div><\/div><\/div><\/div><\/div><\/div><\/section>","protected":false},"excerpt":{"rendered":"<p><strong>\ud83d\udd0d Siam Park House:<\/strong><br \/>\n\u2705 Turvallinen maksu.<br \/>\n\ud83d\ude80 Koko p\u00e4iv\u00e4n VIP-pikapassi.<br \/>\n\ud83d\udc68\u200d\ud83d\udc69\u200d\ud83d\udc66 Hinnoiteltu 6 hengelle.<br \/>\n\ud83d\udc65 Sopii jopa 10 hengelle.<br \/>\n\ud83d\udca6 Yksityinen terassi poreallas.<br \/>\n\ud83d\udd10 Kaappi ja pyyhkeet sis\u00e4ltyv\u00e4t hintaan.<br \/>\n\ud83c\udf54 Rajoittamaton ruoka.<br \/>\n\ud83c\udf7a Rajoittamattomat virvoitusjuomat ja olut.<br \/>\n\ud83c\udfe0 Lis\u00e4\u00e4 tilaa? <a href=\"https:\/\/canaryvip.com\/fi\/shop\/siam-park-vip-villa\/\">Tutustu Siam Park Villaan<\/a>.<br \/>\n\ud83e\udd11 Paras hinta taattu.<br \/>\n\ud83d\ude8d Ilmainen bussikuljetus.<br \/>\n\ud83c\udf0d Tuki useilla kielill\u00e4.<br \/>\n\ud83c\udf1f Varaa nyt ja s\u00e4\u00e4st\u00e4!<br \/>\n\ud83d\udc32 L\u00f6yd\u00e4 <a href=\"https:\/\/canaryvip.com\/fi\/product-category\/tenerife\/theme-parks-tenerife\/siam-park-tickets\/\">kaikki Siam Park liput t\u00e4\u00e4ll\u00e4<\/a>!<br \/>\n\ud83d\udccd Etsi <a href=\"https:\/\/maps.app.goo.gl\/UfftQG3CrqW5R81r9\">Siam Park Google Mapsissa<\/a>!<\/p>","protected":false},"featured_media":8827,"comment_status":"open","ping_status":"closed","template":"","meta":{"_acf_changed":false},"product_brand":[],"product_cat":[54,55],"product_tag":[],"class_list":{"0":"post-8821","1":"product","2":"type-product","3":"status-publish","4":"has-post-thumbnail","6":"product_cat-theme-parks","7":"product_cat-siam-park-tickets","8":"wcpa_has_options","10":"first","11":"instock","12":"virtual","13":"purchasable","14":"product-type-simple"},"acf":[],"wcpa_form_fields":{"wcpaData":{"product":{"product_price":990,"price_html":"From&nbsp;<span class=\"woocommerce-Price-amount amount\"><bdi>990,00&nbsp;<span class=\"woocommerce-Price-currencySymbol\">&euro;<\/span><\/bdi><\/span>","original_product_price":990,"price_including_tax":990,"price_excluding_tax":990,"product_id":{"parent":8821,"variation":false},"is_variable":false,"stock_status":"instock","stock_quantity":null,"parent_sku":"CV8821","product_attributes":[],"custom_fields":[],"is_taxable":false,"product_name":"Siam Park VIP House","hasImage":false},"fields":{"sec_865dcbfa9364bf":{"extra":{"key":"sec_865dcbfa9364bf","section_id":"sec_865dcbfa9364bf","name":"Default","status":1,"cl_rule":"show","enableCl":false,"relations":[],"toggle":true,"title_tag":"h3","show_title":false,"showPrice":"default","form_id":10123,"form_rules":{"exclude_from_discount":true,"fee_label":"Fee","disp_hide_options_price":true,"disp_show_section_price":false,"disp_show_field_price":true,"layout_option":"standard","pric_use_as_fee":false,"process_fee_as":"woo_fee"},"layout_option":"standard"},"fields":[[{"active":true,"col":6,"relations":false,"cl_rule":"show","enableCl":false,"price":"","enablePrice":false,"className":"","label_position":"default","desc_position":"default","type":"date","required":false,"elementId":"date_565dcbfa9364dd","name":"date_565dcbfa9364dd","label":"\ud83d\udcc5 Date","picker_type":"custom","picker_mode":"single","error":false,"date_pic_inline":true,"date_pic_inline_hide":true,"min_date":{"type":"days","val":"3"},"max_date":{"type":"days_from_min","val":"500"},"date_pic_conf":{"disabledDates":["2024-06-18 to 2024-06-30","2024-07-01 to 2024-08-15","2024-08-16 to 2024-08-20","2024-08-21","2024-08-22 to 2024-08-23","2024-08-24","2024-08-25 to 2024-08-29","2024-08-30","2025-05-26 to 2025-05-29","2025-06-02","2025-06-20","2025-06-21 to 2025-06-24","2025-06-25","2025-06-26 to 2025-06-27","2025-06-30","2025-07-01","2025-07-03","2025-07-04","2025-07-06","2025-07-07 to 2025-07-08","2025-07-09","2025-07-10 to 2025-07-13","2025-07-14 to 2025-07-15","2025-07-16 to 2025-07-17","2025-07-18","2025-07-19","2025-07-20","2025-07-21","2025-07-22","2025-07-23","2025-07-24","2025-07-25","2025-07-26","2025-07-27","2025-07-28 to 2025-07-31","2025-08-01","2025-08-02","2025-08-03","2025-08-04","2025-08-05","2025-08-06","2025-08-07","2025-08-08 to 2025-08-09","2025-08-10","2025-08-11 to 2025-08-12","2025-08-13","2025-08-14","2025-08-15","2025-08-16 to 2025-08-18","2025-08-19","2025-08-20","2025-08-21","2025-08-22","2025-08-23","2025-08-24","2025-08-25","2025-08-26","2025-08-27","2025-08-28 to 2025-08-31","2026-03-31 to 2026-04-11"]},"isWeightTemplate":false,"isTemplate":false,"min_quantity":"1","quantity_decimal":false,"quantity_step":"1","quantity_label":"Quantity","repeater_field_label":"{field_label}","repeater_bind":"","gt_translate_keys":["label","repeater_field_label","quantity_label"],"price_dependency":false,"cl_dependency":false,"value":""}],[{"active":true,"col":6,"relations":false,"cl_rule":"show","enableCl":false,"price":"","enablePrice":true,"className":"","label_position":"default","desc_position":"default","type":"select","required":false,"elementId":"select_965dcbfa9364eb","label":"\ud83d\udc64 Group Size","name":"select_965dcbfa9364eb","values":[{"label":"1 Person (990\u20ac)","value":"1 Person","selected":false,"tempId":"aco_670","price":"990","gt_translate_keys":["label"]},{"label":"2 People (990\u20ac)","value":"2 People","selected":false,"tempId":"aco_671","price":"990","gt_translate_keys":["label"]},{"label":"3 People (990\u20ac)","value":"3 People","selected":false,"tempId":"aco_672","price":"990","gt_translate_keys":["label"]},{"label":"4 People (990\u20ac)","value":"4 People","selected":false,"tempId":"aco_898","price":"990","gt_translate_keys":["label"]},{"label":"5 People (990\u20ac)","value":"5 People","selected":false,"tempId":"aco_908","price":"990","gt_translate_keys":["label"]},{"label":"6 People (990\u20ac)","value":"6 People","selected":false,"tempId":"aco_1062","price":"990","gt_translate_keys":["label"]},{"label":"\u2500 Beyond 6 people, each extra person costs \u20ac165 \u2500","value":"\u2500 Beyond 6 people, each extra person costs \u20ac165 \u2500","selected":false,"tempId":"aco_1784","price":"990","gt_translate_keys":["label"]},{"label":"7 People (1.155\u20ac)","value":"7 People","selected":false,"tempId":"aco_2967","price":"1155","gt_translate_keys":["label"]},{"label":"8 People (1.320\u20ac)","value":"8 People","selected":false,"tempId":"aco_3049","price":"1320","gt_translate_keys":["label"]},{"label":"9 People (1.485\u20ac)","value":"9 People","selected":false,"tempId":"aco_3131","price":"1485","gt_translate_keys":["label"]},{"label":"10 People (1.650\u20ac)","value":"10 People","selected":false,"tempId":"aco_3213","price":"1650","gt_translate_keys":["label"]}],"dropdown_type":"basic","error":false,"placeholder":"None","priceOptions":"different_for_all","pricingType":"fixed","gt_translate_keys":["label","placeholder"],"price_dependency":false,"cl_dependency":false,"value":""}]]}},"config":{"price_override":"always","enable_recaptcha":false,"bind_quantity":false,"quantity_bind_formula":false,"disp_summ_show_option_price":false,"disp_summ_show_product_price":false,"disp_summ_show_total_price":true,"disp_summ_show_fee":false,"disp_summ_show_discount":false,"summary_title":"","options_total_label":"Options Price","total_label":"Total","options_product_label":"Product Price","fee_label":"Fee","discount_label":"Discount","has_price":true,"has_quantity_formula":false},"mc_unit":1,"tax_rate":1,"tax_rate_real":1,"discount":{"percentage":0,"fixed":0},"design":{"conf":{"LabelPosition":"above","DescPosition":"above","UploadField":"custom_1","QuantityFieldStyle":"custom_1"},"css":{"LeftLabelWidth":"120px"}},"formulas":[],"lookuptables":[],"clones":false,"cartKey":false}},"_links":{"self":[{"href":"https:\/\/canaryvip.com\/fi\/wp-json\/wp\/v2\/product\/8821","targetHints":{"allow":["GET"]}}],"collection":[{"href":"https:\/\/canaryvip.com\/fi\/wp-json\/wp\/v2\/product"}],"about":[{"href":"https:\/\/canaryvip.com\/fi\/wp-json\/wp\/v2\/types\/product"}],"replies":[{"embeddable":true,"href":"https:\/\/canaryvip.com\/fi\/wp-json\/wp\/v2\/comments?post=8821"}],"wp:featuredmedia":[{"embeddable":true,"href":"https:\/\/canaryvip.com\/fi\/wp-json\/wp\/v2\/media\/8827"}],"wp:attachment":[{"href":"https:\/\/canaryvip.com\/fi\/wp-json\/wp\/v2\/media?parent=8821"}],"wp:term":[{"taxonomy":"product_brand","embeddable":true,"href":"https:\/\/canaryvip.com\/fi\/wp-json\/wp\/v2\/product_brand?post=8821"},{"taxonomy":"product_cat","embeddable":true,"href":"https:\/\/canaryvip.com\/fi\/wp-json\/wp\/v2\/product_cat?post=8821"},{"taxonomy":"product_tag","embeddable":true,"href":"https:\/\/canaryvip.com\/fi\/wp-json\/wp\/v2\/product_tag?post=8821"}],"curies":[{"name":"wp","href":"https:\/\/api.w.org\/{rel}","templated":true}]}}