{"id":8817,"date":"2024-01-15T12:16:37","date_gmt":"2024-01-15T12:16:37","guid":{"rendered":"https:\/\/canaryvip.com\/?post_type=product&#038;p=8817"},"modified":"2025-09-19T12:01:26","modified_gmt":"2025-09-19T11:01:26","slug":"siam-park-vip-cabin","status":"publish","type":"product","link":"https:\/\/canaryvip.com\/fi\/shop\/siam-park-vip-cabin\/","title":{"rendered":"Siam Park VIP-hytti"},"content":{"rendered":"<section class=\"l-section wpb_row height_medium\"><div class=\"l-section-h i-cf\"><div class=\"g-cols vc_row via_flex valign_top type_default stacking_default\"><div class=\"vc_col-sm-12 wpb_column vc_column_container\"><div class=\"vc_column-inner\"><div class=\"wpb_wrapper\"><div class=\"wpb_text_column\"><div class=\"wpb_wrapper\"><h2><strong>\ud83c\udfdd\ufe0f Siam Park VIP Cabana -kokemus CanaryVIP:n kanssa.<\/strong><\/h2>\n<p>Tervetuloa Siam Park:hen, Teneriffan ensimm\u00e4iseen vesiel\u00e4mykseen, joka on tunnettu j\u00e4nnitt\u00e4vist\u00e4 ajeluistaan, upeista maisemista ja \u00e4\u00e4rimm\u00e4isest\u00e4 vesiseikkailusta. Adrenaliinia pumppaavasta <strong>Tower of Power<\/strong> rentouttavaan <strong>Mai Thai -joki,<\/strong>\u00a0jokaiselle l\u00f6ytyy jotakin. Uppoudu maailmaan, jossa j\u00e4nnitys ja rentoutuminen kohtaavat, ja tee vierailustasi todella unohtumaton k\u00e4ytt\u00e4m\u00e4ll\u00e4 <strong>VIP Cabana -kokemus. <\/strong><\/p>\n<p>Tutustu siihen, miksi Siam Park on perimm\u00e4inen kohde perheen hauskanpitoon, rentoutumiseen ja seikkailuun trooppisessa paratiisissa. Koe vesiviihteen parhaat puolet ja luo muistoja, jotka kest\u00e4v\u00e4t koko el\u00e4m\u00e4n.<\/p>\n<h3><strong>\ud83c\udf1f Exclusive Cabana Selection<\/strong><\/h3>\n<ul>\n<li><strong>Thai-vaikutteiset teemat<\/strong>: Valitse Cabana Phuket, Chiang Mai tai Rataburi, joista jokainen on rauhallinen thai-henkinen turvapaikka.<\/li>\n<li><strong>Verraton mukavuus<\/strong>: Nauti pehmeist\u00e4 sohvista, yksityisist\u00e4 terassisuihkuista ja aurinkotuoleista, jotka takaavat t\u00e4ydellisen rentoutumisen ja ylellisyyden.<\/li>\n<li><strong>Pyyhkeet mukana<\/strong>: Pyyhkeiden pakkaamisesta ei tarvitse huolehtia, sill\u00e4 ne on saatavilla.<\/li>\n<li><strong>Tuuletin mukavuutta varten<\/strong>: Pysy viile\u00e4n\u00e4 mukana tulevan tuulettimen avulla.<\/li>\n<li><strong>Turvaa omaisuutesi<\/strong>: K\u00e4yt\u00e4 tallelokeroa mielenrauhasi vuoksi.<\/li>\n<\/ul>\n<h3><strong>\ud83c\udfa5 Viihde ja mukavuus kabanassa<\/strong><\/h3>\n<ul>\n<li><strong>TV ja DVD-soitin<\/strong>: Jokaisessa m\u00f6kiss\u00e4 on televisio ja DVD-soitin viihdetarpeitasi varten.<\/li>\n<li><strong>Virvokkeita k\u00e4sill\u00e4<\/strong>: Minibaari, jossa on erilaisia juomia mieltymystesi mukaan.<\/li>\n<\/ul>\n<h3><strong>\ud83c\udfa2 Ensisijainen p\u00e4\u00e4sy VIP-pikakortilla<\/strong><\/h3>\n<ul>\n<li><strong>Instant Attraction Entry<\/strong>: VIP-vieraille tarkoitetuilla rannekkeilla p\u00e4\u00e4set v\u00e4litt\u00f6m\u00e4sti kaikkiin n\u00e4ht\u00e4vyyksiin, ohitat jonot ja maksimoit hauskanpitoaikasi.<\/li>\n<\/ul>\n<h3>\ud83c\udf74 <strong>All-inclusive-ruokailu ja juomat<\/strong><\/h3>\n<ul>\n<li><strong>Monipuoliset ruokailuvaihtoehdot<\/strong>: Hemmottele itse\u00e4si puistossa erilaisilla kulinaarisilla vaihtoehdoilla, jotka palvelevat kaikkia makuja.<\/li>\n<li><strong>Rajoittamattomat juomat<\/strong>: Nauti ilmaisista virvoitusjuomista, oluista, vedest\u00e4 ja j\u00e4\u00e4tel\u00f6ist\u00e4, jotka takaavat nesteytyksen ja tyytyv\u00e4isyyden.<\/li>\n<\/ul>\n<h3><strong>\ud83d\udcb0 Poikkeuksellinen hinnoittelu ja arvo<\/strong><\/h3>\n<ul>\n<li><strong>Kokonaisvaltainen korko<\/strong>: VIP Cabana maksaa 610 \u20ac, ja siihen mahtuu 1-4 vierasta. Olipa kyseess\u00e4 sitten sooloseikkailu tai nelj\u00e4n hengen ryhm\u00e4, hinta pysyy samana ja takaa yksinoikeuden ja yksityisyyden.<\/li>\n<li><strong>Lis\u00e4joustavuutta vieraille<\/strong>: Jos ryhm\u00e4ss\u00e4si on enemm\u00e4n kuin nelj\u00e4 henkil\u00f6\u00e4, voit lis\u00e4t\u00e4 enint\u00e4\u00e4n 2 lis\u00e4vierasta hintaan 151 \u20ac kustakin, joten se on monipuolinen eri ryhm\u00e4kokoja ajatellen.<\/li>\n<li><strong>Kes\u00e4n erikoishinnat:<\/strong> Lukitse n\u00e4m\u00e4 hinnat my\u00f6s kiireisin\u00e4 kes\u00e4kuukausina hein\u00e4kuussa ja elokuussa.<\/li>\n<li><strong>Varhaisen varauksen etu:<\/strong> V\u00e4lt\u00e4 hinnankorotukset varaamalla nyt - varmista t\u00e4m\u00e4n p\u00e4iv\u00e4n hinta tulevaa vierailuasi varten!<\/li>\n<\/ul>\n<h3><strong>\ud83d\ude8c K\u00e4tev\u00e4 ja ilmainen kuljetus<\/strong><\/h3>\n<ul>\n<li><strong>Stressit\u00f6n matkailu<\/strong>: Hy\u00f6dy Siam Parkin ilmaisesta bussikuljetuksesta, joka tarjoaa s\u00e4\u00e4nn\u00f6llisen ja k\u00e4tev\u00e4n kuljetuksen.<\/li>\n<li><strong>Laaja kattavuus<\/strong>: Useita noutopisteit\u00e4 eri puolilla Teneriffaa, jotta p\u00e4\u00e4set helposti puistoon ja sielt\u00e4 pois.<\/li>\n<\/ul>\n<h3><strong>\u23f0 Suunnittele perimm\u00e4inen kokemuksesi<\/strong><\/h3>\n<ul>\n<li><strong>Avoinna ymp\u00e4ri vuoden<\/strong>: Kes\u00e4ll\u00e4 (klo 10-18), talvella (klo 10-17).<\/li>\n<li><strong>Esteet\u00f6n ja luonnonkaunis<\/strong>: Sijaitsee vilkkaassa Costa Adejessa, jossa yhdistyv\u00e4t kauniit n\u00e4k\u00f6alat ja helppo saavutettavuus.<\/li>\n<\/ul>\n<h3><strong>\ud83d\udd14 Ylellinen seikkailusi odottaa CanaryVIP: n kanssa<\/strong><\/h3>\n<ul>\n<li><strong>Astu ylellisyyteen<\/strong>: Korosta Siam Park -vierailuasi y\u00f6pym\u00e4ll\u00e4 VIP Cabanassa.<\/li>\n<li><strong>Luo unohtumattomia muistoja<\/strong>: Varaa jo t\u00e4n\u00e4\u00e4n ja l\u00e4hde ylellisyyden, j\u00e4nnityksen ja unohtumattomien hetkien matkalle.<\/li>\n<\/ul>\n<h3><b>\u274c Peruutusehdot<\/b><\/h3>\n<ul>\n<li style=\"font-weight: 400;\" aria-level=\"1\"><span style=\"font-weight: 400;\">Peruutetut varaukset <\/span><b>v\u00e4hint\u00e4\u00e4n kuukausi ennen toiminnan aloittamisp\u00e4iv\u00e4\u00e4<\/b><span style=\"font-weight: 400;\"> ei veloiteta.<\/span>&nbsp;<\/li>\n<li style=\"font-weight: 400;\" aria-level=\"1\"><span style=\"font-weight: 400;\">Peruutetut varaukset <\/span><b>kuukauden ja 7 p\u00e4iv\u00e4n v\u00e4lill\u00e4 ennen<\/b><span style=\"font-weight: 400;\"> veloitetaan <\/span><b>60% kokonaism\u00e4\u00e4r\u00e4st\u00e4<\/b><span style=\"font-weight: 400;\">.<\/span>&nbsp;<\/li>\n<li style=\"font-weight: 400;\" aria-level=\"1\"><span style=\"font-weight: 400;\">Peruutetut varaukset <\/span><b>alle 7 p\u00e4iv\u00e4\u00e4 etuk\u00e4teen<\/b><span style=\"font-weight: 400;\"> veloitetaan <\/span><b>koko summa (100%)<\/b><span style=\"font-weight: 400;\">.<\/span><\/li>\n<\/ul>\n<h3>\ud83c\udf1f Lis\u00e4\u00e4 seikkailuasi CanaryVIP:n kanssa<\/h3>\n<p>Varaa VIP Cabana -kokemuksesi CanaryVIP:lt\u00e4 jo t\u00e4n\u00e4\u00e4n ja varmista, ett\u00e4 vierailusi Siam Park:hen on ylellinen ja unohtumattomia hetki\u00e4. Nauti eksklusiivisista eduista, etuoikeutetusta p\u00e4\u00e4syst\u00e4 ja poikkeuksellisesta mukavuudesta, mik\u00e4 tekee seikkailusi jokaisesta hetkest\u00e4 todella erityisen.<\/p>\n<p>\u00c4l\u00e4 missaa t\u00e4t\u00e4 tilaisuutta luoda pysyvi\u00e4 muistoja Teneriffan parhaassa vesivaltakunnassa. Varmista VIP-huvilasi nyt ja l\u00e4hde rentoutumisen, j\u00e4nnityksen ja ylellisyyden t\u00e4ydelliselle matkalle!<\/p>\n<\/div><\/div><\/div><\/div><\/div><\/div><\/div><\/section>","protected":false},"excerpt":{"rendered":"<p><strong>\ud83d\udd0d Siam Park Cabana:<\/strong><br \/>\n\u2705 Turvallinen maksu.<br \/>\n\ud83d\ude80 Koko p\u00e4iv\u00e4n VIP-pikapassi.<br \/>\n\ud83d\udc68\u200d\ud83d\udc69\u200d\ud83d\udc66 Hinnoiteltu 4 hengelle.<br \/>\n\ud83d\udc65 Mahtuu jopa 6 henkil\u00f6\u00e4.<br \/>\n\ud83d\udd10 Kaappi ja pyyhkeet sis\u00e4ltyv\u00e4t hintaan.<br \/>\n\ud83c\udf54 Rajoittamaton ruoka.<br \/>\n\ud83c\udf7a Rajoittamattomat virvoitusjuomat ja olut.<br \/>\n\ud83c\udfe0 Lis\u00e4\u00e4 tilaa? Tutustu <a href=\"https:\/\/canaryvip.com\/fi\/shop\/siam-park-vip-house\/\">Siam Park House<\/a>.<br \/>\n\ud83e\udd11 Paras hinta taattu.<br \/>\n\ud83d\ude8d Ilmainen bussikuljetus.<br \/>\n\ud83c\udf0d Tuki useilla kielill\u00e4.<br \/>\n\ud83c\udf1f Varaa nyt ja s\u00e4\u00e4st\u00e4!<br \/>\n\ud83d\udc32 L\u00f6yd\u00e4 <a href=\"https:\/\/canaryvip.com\/fi\/product-category\/tenerife\/theme-parks-tenerife\/siam-park-tickets\/\">kaikki Siam Park liput t\u00e4\u00e4ll\u00e4<\/a>!<br \/>\n\ud83d\udccd Etsi <a href=\"https:\/\/maps.app.goo.gl\/UfftQG3CrqW5R81r9\">Siam Park Google Mapsissa<\/a>!<\/p>","protected":false},"featured_media":8819,"comment_status":"open","ping_status":"closed","template":"","meta":{"_acf_changed":false},"product_brand":[],"product_cat":[55,54],"product_tag":[],"class_list":{"0":"post-8817","1":"product","2":"type-product","3":"status-publish","4":"has-post-thumbnail","6":"product_cat-siam-park-tickets","7":"product_cat-theme-parks","8":"wcpa_has_options","10":"first","11":"instock","12":"virtual","13":"purchasable","14":"product-type-simple"},"acf":[],"wcpa_form_fields":{"wcpaData":{"product":{"product_price":660,"price_html":"From&nbsp;<span class=\"woocommerce-Price-amount amount\"><bdi>660,00&nbsp;<span class=\"woocommerce-Price-currencySymbol\">&euro;<\/span><\/bdi><\/span>","original_product_price":660,"price_including_tax":660,"price_excluding_tax":660,"product_id":{"parent":8817,"variation":false},"is_variable":false,"stock_status":"instock","stock_quantity":null,"parent_sku":"CV8817","product_attributes":[],"custom_fields":[],"is_taxable":false,"product_name":"Siam Park VIP Cabin","hasImage":false},"fields":{"sec_765dcbaa6daedc":{"extra":{"key":"sec_765dcbaa6daedc","section_id":"sec_765dcbaa6daedc","name":"Default","status":1,"cl_rule":"show","enableCl":false,"relations":[],"toggle":true,"title_tag":"h3","show_title":false,"showPrice":"default","form_id":10122,"form_rules":{"exclude_from_discount":true,"fee_label":"Fee","disp_hide_options_price":true,"disp_show_section_price":false,"disp_show_field_price":true,"layout_option":"standard","pric_use_as_fee":false,"process_fee_as":"woo_fee"},"layout_option":"standard"},"fields":[[{"active":true,"col":6,"relations":false,"cl_rule":"show","enableCl":false,"price":"","enablePrice":false,"className":"","label_position":"default","desc_position":"default","type":"date","required":false,"elementId":"date_9651671511","name":"date_9651671511","label":"\ud83d\udcc5 Date","picker_type":"custom","picker_mode":"single","error":false,"date_pic_inline":true,"date_pic_inline_hide":true,"min_date":{"type":"days","val":"3"},"max_date":{"type":"days_from_min","val":"700"},"date_pic_conf":{"disabledDates":["2025-07-01 to 2025-08-31","2025-10-01 to 2025-11-01","2026-04-01","2026-04-02 to 2026-04-07","2026-04-08"],"enabledDates":[]},"isWeightTemplate":false,"isTemplate":false,"min_quantity":"1","quantity_decimal":false,"quantity_step":"1","quantity_label":"Quantity","repeater_field_label":"{field_label}","repeater_bind":"","gt_translate_keys":["label","repeater_field_label","quantity_label"],"price_dependency":false,"cl_dependency":false,"value":""}],[{"active":true,"col":6,"relations":false,"cl_rule":"show","enableCl":false,"price":"","enablePrice":true,"className":"","label_position":"default","desc_position":"default","type":"select","required":false,"elementId":"select_5229375457","label":"\ud83d\udc64 Group Size","name":"select_5229375457","values":[{"label":"1 Person (660\u20ac)","value":"1 Person","selected":false,"tempId":"aco_670","price":"660","gt_translate_keys":["label"]},{"label":"2 People (660\u20ac)","value":"2 People","selected":false,"tempId":"aco_671","price":"660","gt_translate_keys":["label"]},{"label":"3 People (660\u20ac)","value":"3 People","selected":false,"tempId":"aco_672","price":"660","gt_translate_keys":["label"]},{"label":"4 People (660\u20ac)","value":"4 People","selected":false,"tempId":"aco_898","price":"660","gt_translate_keys":["label"]},{"label":"\u2500 Beyond 4 people, each extra person costs \u20ac165 \u2500","value":"\u2500 Beyond 4 people, each extra person costs \u20ac165 \u2500","selected":false,"tempId":"aco_1784","price":"660","gt_translate_keys":["label"]},{"label":"5 People (825\u20ac)","value":"5 People","selected":false,"tempId":"aco_908","price":"825","gt_translate_keys":["label"]},{"label":"6 People (990\u20ac)","value":"6 People","selected":false,"tempId":"aco_1062","price":"990","gt_translate_keys":["label"]}],"dropdown_type":"basic","error":false,"placeholder":"None","priceOptions":"different_for_all","pricingType":"fixed","gt_translate_keys":["label","placeholder"],"price_dependency":false,"cl_dependency":false,"value":""}]]}},"config":{"price_override":"always","enable_recaptcha":false,"bind_quantity":false,"quantity_bind_formula":false,"disp_summ_show_option_price":false,"disp_summ_show_product_price":false,"disp_summ_show_total_price":true,"disp_summ_show_fee":false,"disp_summ_show_discount":false,"summary_title":"","options_total_label":"Options Price","total_label":"Total","options_product_label":"Product Price","fee_label":"Fee","discount_label":"Discount","has_price":true,"has_quantity_formula":false},"mc_unit":1,"tax_rate":1,"tax_rate_real":1,"discount":{"percentage":0,"fixed":0},"design":{"conf":{"LabelPosition":"above","DescPosition":"above","UploadField":"custom_1","QuantityFieldStyle":"custom_1"},"css":{"LeftLabelWidth":"120px"}},"formulas":[],"lookuptables":[],"clones":false,"cartKey":false}},"_links":{"self":[{"href":"https:\/\/canaryvip.com\/fi\/wp-json\/wp\/v2\/product\/8817","targetHints":{"allow":["GET"]}}],"collection":[{"href":"https:\/\/canaryvip.com\/fi\/wp-json\/wp\/v2\/product"}],"about":[{"href":"https:\/\/canaryvip.com\/fi\/wp-json\/wp\/v2\/types\/product"}],"replies":[{"embeddable":true,"href":"https:\/\/canaryvip.com\/fi\/wp-json\/wp\/v2\/comments?post=8817"}],"wp:featuredmedia":[{"embeddable":true,"href":"https:\/\/canaryvip.com\/fi\/wp-json\/wp\/v2\/media\/8819"}],"wp:attachment":[{"href":"https:\/\/canaryvip.com\/fi\/wp-json\/wp\/v2\/media?parent=8817"}],"wp:term":[{"taxonomy":"product_brand","embeddable":true,"href":"https:\/\/canaryvip.com\/fi\/wp-json\/wp\/v2\/product_brand?post=8817"},{"taxonomy":"product_cat","embeddable":true,"href":"https:\/\/canaryvip.com\/fi\/wp-json\/wp\/v2\/product_cat?post=8817"},{"taxonomy":"product_tag","embeddable":true,"href":"https:\/\/canaryvip.com\/fi\/wp-json\/wp\/v2\/product_tag?post=8817"}],"curies":[{"name":"wp","href":"https:\/\/api.w.org\/{rel}","templated":true}]}}