{"id":8688,"date":"2024-01-12T17:20:38","date_gmt":"2024-01-12T16:20:38","guid":{"rendered":"https:\/\/canaryvip.com\/?post_type=product&#038;p=8688"},"modified":"2026-03-06T17:11:19","modified_gmt":"2026-03-06T17:11:19","slug":"loro-parque-tickets","status":"publish","type":"product","link":"https:\/\/canaryvip.com\/fi\/shop\/loro-parque-tickets\/","title":{"rendered":"Osta Loro Parque lippuja"},"content":{"rendered":"<h2>\ud83c\udf05 Loro Parque Liput<\/h2>\n<p>Astu lumoavaan maailmaan, jossa saat <strong>Loro Parque-liput,<\/strong> Puerto de la Cruzissa, Teneriffan pohjoisosassa sijaitseva monipuolisen villiel\u00e4imist\u00f6n ja luonnonkauneuden paratiisi. T\u00e4m\u00e4 tunnettu puisto tarjoaa ainutlaatuisen yhdistelm\u00e4n luonnonsuojelua, koulutusta ja viihdett\u00e4, mik\u00e4 tekee siit\u00e4 pakollisen vierailukohteen sek\u00e4 luonnonyst\u00e4vien ett\u00e4 seikkailunhaluisten keskuudessa.<\/p>\n<p>Ihaile upeaa el\u00e4inlajia majesteettisista tiikereist\u00e4 leikkisiin delfiineihin ja uppoa kauniisti maisemoituihin puutarhoihin ja vehreisiin trooppisiin ymp\u00e4rist\u00f6ihin. Koe \u00e4\u00e4rimm\u00e4ist\u00e4 seikkailua ja l\u00f6yt\u00f6j\u00e4 joka k\u00e4\u00e4nteess\u00e4 ja luo unohtumattomia muistoja kaikenik\u00e4isille k\u00e4vij\u00f6ille.<\/p>\n<p><strong>Osta Loro Parque lippuja<\/strong> CanaryVIP:n kautta, jotta p\u00e4\u00e4set vaivattomasti sis\u00e4\u00e4n t\u00e4h\u00e4n kiehtovaan el\u00e4intarhaan, jossa luonnon ihmeet odottavat sinua h\u00e4ik\u00e4isem\u00e4\u00e4n ja ilahduttamaan. Nauti saumattomasta kokemuksesta ja keskity Loro Parque:n tarjoamaan j\u00e4nnitykseen ja kauneuteen.<\/p>\n<h3>\ud83c\udfad Pakolliset el\u00e4inn\u00e4yttelyt<\/h3>\n<p>CanaryVIP-lippusi avulla p\u00e4\u00e4set Loro Parquen tunnettuihin el\u00e4inn\u00e4yt\u00f6ksiin:<\/p>\n<ul>\n<li><strong>Orca Show<\/strong>: Todista n\u00e4iden majesteettisten olentojen voima.<\/li>\n<li><strong>Delfiinin\u00e4yt\u00f6s<\/strong>: H\u00e4mm\u00e4sty leikkisist\u00e4 ja \u00e4lykk\u00e4ist\u00e4 delfiineist\u00e4.<\/li>\n<li><strong>Merileijona Show<\/strong>: Nauti n\u00e4iden vieh\u00e4tt\u00e4vien el\u00e4inten temppuilusta.<\/li>\n<li><strong>Papukaija Show<\/strong>: H\u00e4mm\u00e4sty eri papukaijalajien v\u00e4reist\u00e4 ja taidoista.<\/li>\n<li><strong>Nature Vision<\/strong>: 20-minuuttinen elokuvallinen matka luontoon.<\/li>\n<\/ul>\n<h3>\ud83d\udc3e Tutki villiel\u00e4inten ihmeit\u00e4<\/h3>\n<p>L\u00e4hde henke\u00e4salpaavalle matkalle thaihenkisen keidasmaiseman keskelle.<\/p>\n<p><span style=\"text-decoration: underline;\">Koe kunnioitusta:<\/span><\/p>\n<ul>\n<li>Majesteettisten Jaguaarien, leijonien ja tiikerien kohtaaminen.<\/li>\n<li>Gorillojen voimaa ja punapandojen vieh\u00e4tysvoimaa tarkkaillen<\/li>\n<li>Leikkis\u00e4t merileijonat<\/li>\n<li>Yli 400 papukaijalajin laajan lajivalikoiman ihailu.<\/li>\n<li>Sukellus hai- ja meduusas\u00e4ili\u00f6iden vedenalaisiin ihmeellisyyksiin<\/li>\n<li>Pingviinej\u00e4, delfiinej\u00e4 ja valaita esittelevien n\u00e4yttelyesineiden lumoissa oleminen<\/li>\n<\/ul>\n<h4>\ud83d\ude8d Ilmaiset bussikuljetukset Teneriffan etel\u00e4osasta<\/h4>\n<p>Nauti helposta kuljetuspalvelustamme suosituista kohteista, kuten Costa Adeje, Playa de las Am\u00e9ricas ja Los Cristianos. Istu alas ja innostu tulevasta seikkailustasi, kun me huolehdimme siit\u00e4, ett\u00e4 p\u00e4\u00e4set perille. T\u00e4ysin ilmastoidut linja-automme takaavat sujuvan ja miellytt\u00e4v\u00e4n kyydin aina Loro Parque:hen asti.<\/p>\n<h4>\ud83c\udfab Joustavat lipunmyyntivaihtoehdot<\/h4>\n<p>CanaryVIP.comin Loro Parque -lippu tarjoaa mahdollisuuden vierailla min\u00e4 tahansa p\u00e4iv\u00e4n\u00e4 6 kuukauden kuluessa ostop\u00e4iv\u00e4st\u00e4. Nauti vapaudesta suunnitella vierailusi haluamallasi tavalla.<\/p>\n<h4>\ud83d\udc6f Kahden lipun tarjous: Loro Parque + Siam Park<\/h4>\n<p>Maksimoi Teneriffan seikkailusi meid\u00e4n eksklusiivisella <a href=\"https:\/\/canaryvip.com\/fi\/shop\/twin-ticket-siam-park-and-loro-parque\/\">Twin Ticket -tarjous<\/a>. Koe sek\u00e4 Loro Parque:n ett\u00e4 Siam Park:n ihmeet alennettuun hintaan. Nauti Siam Park:n j\u00e4nnitt\u00e4vist\u00e4 vesiajeluista ja Loro Parque:n villiel\u00e4inn\u00e4yttelyiden lumoavasta kauneudesta yhdell\u00e4 k\u00e4tev\u00e4ll\u00e4 lipulla. Kaksi unohtumatonta el\u00e4myst\u00e4, yksi uskomaton hinta.<\/p>\n<p>\u00c4l\u00e4 missaa t\u00e4t\u00e4 ly\u00f6m\u00e4t\u00f6nt\u00e4 tarjousta - nappaa Twin Ticket jo t\u00e4n\u00e4\u00e4n ja luo muistoja, jotka kest\u00e4v\u00e4t elini\u00e4n!<\/p>\n<h4>\ud83d\udccd Sijainti<\/h4>\n<p>Loro Parque sijaitsee Puerto de la Cruzin luonnonkauniilla alueella, Pohjois-Teneriffalla. Valinnainen kuljetuspalvelu on saatavilla Teneriffan etel\u00e4- tai pohjoispuolelta. <a href=\"https:\/\/www.google.com\/maps\/place\/Loro+Parque\/@28.408541,-16.5661227,15z\/data=!4m6!3m5!1s0xc6a7fc6f1bca7a1:0x2d783f66b7a8b668!8m2!3d28.408541!4d-16.5661227!16zL20vMDhmampn?entry=tts\" target=\"_blank\" rel=\"noopener\">Tarkista osoite Google Mapsista<\/a>.<\/p>\n<h4>\ud83c\udf1f Miksi ostaa lippuja CanaryVIP.comista?<\/h4>\n<p>Sukella Loro Parque:n lumoavaan maailmaan CanaryVIP:n kanssa, joka on ykk\u00f6svalintasi. <strong>ostaa Loro Parque -lippuja.<\/strong>\u00a0Kun p\u00e4\u00e4t\u00e4t <strong>ostaa Loro Parque lippuja<\/strong> CanaryVIP:n kautta saat paitsi helpon varausprosessin my\u00f6s merkitt\u00e4v\u00e4n edun, kun voit ohittaa puiston pitk\u00e4t lippuostosjonot.<\/p>\n<p>Ainutlaatuiset tarjouksemme ovat ly\u00f6m\u00e4tt\u00f6mi\u00e4, sill\u00e4 ne tarjoavat erinomaista vastinetta ja joustavuutta Loro Parquen ihmeisiin tutustumiseen oman aikataulusi mukaan. Nautitpa sitten eloisista el\u00e4inn\u00e4yt\u00f6ksist\u00e4, p\u00e4\u00e4set l\u00e4helle majesteettista villiel\u00e4imist\u00f6\u00e4 tai yksinkertaisesti nautit upeista luonnonmaisemista, p\u00e4\u00e4t\u00f6s valita <strong>ostaa Loro Parque-lippuja<\/strong>m CanaryVIP on lippusi saumattomaan ja unohtumattomaan seikkailuun Teneriffan villiel\u00e4inparatiisin syd\u00e4mess\u00e4.<\/p>\n<p><span style=\"text-decoration: underline;\">Varaa Loro Parque -seikkailusi t\u00e4n\u00e4\u00e4n!<\/span><\/p>","protected":false},"excerpt":{"rendered":"<p><strong>\ud83d\udd0d Loro Parquen p\u00e4\u00e4syliput:<\/strong><br \/>\n\u2705 Turvallinen maksu.<br \/>\n\ud83d\ude80 Nopea sis\u00e4\u00e4np\u00e4\u00e4sy kulkuluvan haltijoille.<br \/>\n\ud83d\udd59 Avoinna klo 09:30-17:30.<br \/>\n\ud83d\udc2c P\u00e4\u00e4sy kaikkiin ohjelmiin.<br \/>\n\ud83e\udd11 Paras hinta taattu.<br \/>\n\ud83d\ude8d Bussipalvelu saatavilla.<br \/>\n\ud83d\udc6a Alennukset ryhm\u00e4varauksille.<br \/>\n\ud83d\udd0d Tarkista <a href=\"https:\/\/canaryvip.com\/wp-content\/uploads\/2024\/01\/Map_ING_LOROPARQUE.pdf\">Loro Parque Kartta<\/a>.<br \/>\n\ud83d\udd01 Enint\u00e4\u00e4n 72h Peruuttaminen.<br \/>\n\ud83c\udf0d Tuki useilla kielill\u00e4.<br \/>\n\ud83c\udf1f Varaa nyt ja s\u00e4\u00e4st\u00e4!<br \/>\n2\ufe0f\u20e3 Tarkista tarjous <a href=\"https:\/\/canaryvip.com\/fi\/shop\/buy-twin-ticket-siam-park-and-loro-parque\/\">Siam + Loro Parque<\/a>.<br \/>\n\ud83d\udc32 L\u00f6yd\u00e4 <a href=\"https:\/\/canaryvip.com\/fi\/product-category\/tenerife\/theme-parks-tenerife\/loro-parque-tickets\/\">kaikki Loro Parque Liput T\u00e4\u00e4ll\u00e4<\/a>!<br \/>\n\ud83d\udccd Etsi <a href=\"https:\/\/maps.app.goo.gl\/Rt8EAYEVgmkqjJry8\">Loro Parque Google Mapsissa<\/a>!<\/p>","protected":false},"featured_media":8690,"comment_status":"open","ping_status":"closed","template":"","meta":{"_acf_changed":false},"product_brand":[],"product_cat":[54,56],"product_tag":[],"class_list":{"0":"post-8688","1":"product","2":"type-product","3":"status-publish","4":"has-post-thumbnail","6":"product_cat-theme-parks","7":"product_cat-loro-parque-tickets","8":"wcpa_has_options","10":"first","11":"instock","12":"virtual","13":"purchasable","14":"product-type-simple"},"acf":[],"wcpa_form_fields":{"wcpaData":{"product":{"product_price":44,"price_html":"From&nbsp;<span class=\"woocommerce-Price-amount amount\"><bdi>44,00&nbsp;<span class=\"woocommerce-Price-currencySymbol\">&euro;<\/span><\/bdi><\/span>","original_product_price":44,"price_including_tax":44,"price_excluding_tax":44,"product_id":{"parent":8688,"variation":false},"is_variable":false,"stock_status":"instock","stock_quantity":null,"parent_sku":"CV8688","product_attributes":[],"custom_fields":[],"is_taxable":false,"product_name":"Buy Loro Parque Tickets","hasImage":false},"fields":{"sec_965dc8e939dab8":{"extra":{"key":"sec_965dc8e939dab8","section_id":"sec_965dc8e939dab8","name":"Default","status":1,"cl_rule":"show","enableCl":false,"relations":[],"toggle":true,"title_tag":"h3","show_title":false,"showPrice":"default","form_id":10118,"form_rules":{"exclude_from_discount":true,"fee_label":"Fee","disp_hide_options_price":true,"disp_show_section_price":false,"disp_show_field_price":true,"layout_option":"standard","pric_use_as_fee":false,"process_fee_as":"woo_fee"},"layout_option":"standard"},"fields":[[{"active":true,"col":6,"relations":false,"cl_rule":"show","enableCl":false,"price":"","enablePrice":false,"className":"","label_position":"default","desc_position":"default","type":"radio-group","required":false,"elementId":"radio_9896791015","label":"\ud83c\udf1f Type of Ticket","name":"radio_9896791015","values":[{"label":"Regular Tickets (44\u20ac)","value":"Regular Tickets","selected":false,"tempId":"aco_1071","description":"Regular Admission Tickets.","gt_translate_keys":["label","description"]},{"label":" All Inclusive Tickets (132\u20ac)","value":"All Inclusive Tickets","selected":false,"tempId":"aco_1072","description":"VIP admission with all-inclusive access: entry, Loro Parque cap, Loro Explore experience, reserved VIP seating at shows, and unlimited food and drinks at restaurants (excluding Gambian Market, shops, and bazaars).","gt_translate_keys":["label","description"]}],"layOut":"","error":false,"checkUi":"toggle","options_description":true,"gt_translate_keys":["label"],"price_dependency":false,"cl_dependency":[false,false,false],"value":""}]]},"sec_465dc8e939dadd":{"extra":{"key":"sec_465dc8e939dadd","section_id":"sec_465dc8e939dadd","name":"Loro Parque Regular Tickets","status":1,"cl_rule":"show","enableCl":true,"relations":[{"operator":false,"rules":[{"operator":"AND","rules":{"cl_field":"radio_9896791015","cl_relation":"is","cl_val":"Regular Tickets"}}]}],"toggle":true,"title_tag":"h4","show_title":false,"showPrice":"default","form_id":10118,"form_rules":{"exclude_from_discount":true,"fee_label":"Fee","disp_hide_options_price":true,"disp_show_section_price":false,"disp_show_field_price":true,"layout_option":"standard","pric_use_as_fee":false,"process_fee_as":"woo_fee"},"layout_option":"standard"},"fields":[[{"label":"\ud83d\udcc5 Date","active":true,"required":true,"elementId":"date_165dc8e939daea","picker_type":"custom","picker_mode":"single","placeholder":"","description":"","tooltip":"","name":"date_165dc8e939daea","label_position":"default","desc_position":"default","enablePrice":false,"className":"","enableCl":false,"relations":[{"operator":"and","rules":[{"operator":"AND","rules":{"cl_field":"radio-group_765dc8e939dadb","cl_relation":"is","cl_val":"3 Hour Trip"}}]}],"date_pic_inline":true,"date_pic_inline_hide":true,"min_date":{"type":"days","val":"0"},"max_date":{"type":"days","val":"365"},"date_pic_conf":{"disabledWeeks":[]},"price":"","cl_rule":"show","col":6,"type":"date","error":false,"enableDesign":false,"LabelColor":"","gt_translate_keys":["label","placeholder","description","tooltip"],"price_dependency":false,"cl_dependency":false,"value":""}],[{"elementId":"separator-8941951695","separatorType":"blank","className":"","height":"10","enableCl":false,"relations":false,"cl_rule":"show","col":6,"type":"separator","gt_translate_keys":[],"price_dependency":false,"cl_dependency":false,"value":""}],[{"active":true,"col":6,"relations":false,"cl_rule":"show","enableCl":false,"price":"","enablePrice":false,"className":"","label_position":"default","desc_position":"default","type":"content","required":false,"elementId":"content_1065dc8e939db00","label":"People","name":"content_1065dc8e939db00","contentType":"plain","value":"","error":false,"show_in_checkout":true,"inline":false,"gt_translate_keys":["label","value"],"price_dependency":false,"cl_dependency":false}],[{"active":true,"col":6,"relations":[{"operator":false,"rules":[{"operator":"AND","rules":{"cl_field":"","cl_relation":"","cl_val":""}}]}],"cl_rule":"show","enableCl":true,"price":"44","enablePrice":true,"className":"","label_position":"default","desc_position":"default","type":"radio-group","required":false,"elementId":"radio-group_1065dc8e939db0b","label":"","name":"radio-group_1065dc8e939db0b","values":[{"label":"\ud83d\udc64 Adult (44\u20ac)","value":"Adult (42\u20ac)","selected":true,"tempId":"aco_32","tooltip":"+12 Years","description":"","gt_translate_keys":["label","tooltip","description"]}],"layOut":"","error":false,"checkUi":"button","priceOptions":"fixed_for_all","pricingType":"fixed","enable_quantity":true,"quantity_label":"","min_quantity":"0","options_tooltip":true,"options_description":true,"gt_translate_keys":["label","quantity_label"],"price_dependency":false,"cl_dependency":false,"value":""}],[{"label":"","active":true,"required":false,"elementId":"radio-group_465dc8e939db16","name":"radio-group_465dc8e939db16","label_position":"default","desc_position":"default","enablePrice":true,"className":"","enableCl":false,"relations":false,"enable_quantity":true,"quantity_label":"","min_quantity":"0","checkUi":"button","layOut":"","values":[{"label":"\ud83d\udc66 Child (32\u20ac)","value":"Child","selected":true,"tempId":"aco_32","tooltip":"3-11 Years","description":"","gt_translate_keys":["label","tooltip","description"]}],"priceOptions":"fixed_for_all","pricingType":"fixed","price":"32","cl_rule":"show","col":6,"type":"radio-group","error":false,"options_tooltip":true,"options_description":true,"gt_translate_keys":["label","quantity_label"],"price_dependency":false,"cl_dependency":false,"value":""}],[{"label":"","active":true,"required":false,"elementId":"radio-group_165dc8e939db20","name":"radio-group_165dc8e939db20","label_position":"default","desc_position":"default","enablePrice":true,"className":"","enableCl":false,"relations":false,"enable_quantity":true,"quantity_label":"","min_quantity":"0","checkUi":"button","layOut":"","values":[{"label":"\ud83d\udc76 Toddler (Free)","value":"Toddler (Free)","selected":true,"tempId":"aco_32","tooltip":"0-2 Years","gt_translate_keys":["label","tooltip"]}],"priceOptions":"fixed_for_all","pricingType":"fixed","price":"0","cl_rule":"show","col":6,"type":"radio-group","error":false,"options_tooltip":true,"gt_translate_keys":["label","quantity_label"],"price_dependency":false,"cl_dependency":false,"value":""}]]},"sec_h18121qk243":{"extra":{"key":"sec_h18121qk243","section_id":"sec_h18121qk243","name":"Loro Parque All Inclusive","status":1,"cl_rule":"show","enableCl":true,"relations":[{"operator":false,"rules":[{"operator":"AND","rules":{"cl_field":"radio_9896791015","cl_relation":"is","cl_val":"All Inclusive Tickets"}}]}],"toggle":true,"title_tag":"h4","show_title":false,"showPrice":"default","form_id":10118,"form_rules":{"exclude_from_discount":true,"fee_label":"Fee","disp_hide_options_price":true,"disp_show_section_price":false,"disp_show_field_price":true,"layout_option":"standard","pric_use_as_fee":false,"process_fee_as":"woo_fee"},"layout_option":"standard"},"fields":[[{"label":"\ud83d\udcc5 Date","active":true,"required":true,"elementId":"date-2207631932","picker_type":"custom","picker_mode":"single","placeholder":"","description":"","tooltip":"","name":"date-2207631932","label_position":"default","desc_position":"default","enablePrice":false,"className":"","enableCl":false,"relations":[{"operator":"and","rules":[{"operator":"AND","rules":{"cl_field":"radio-group_765dc8e939dadb","cl_relation":"is","cl_val":"3 Hour Trip"}}]}],"enableDesign":false,"LabelColor":"","date_pic_inline":true,"date_pic_inline_hide":true,"min_date":{"type":"days","val":"4"},"max_date":{"type":"days","val":"365"},"date_pic_conf":{"disabledWeeks":[]},"price":"","cl_rule":"show","col":6,"type":"date","error":false,"gt_translate_keys":["label","placeholder","description","tooltip"],"price_dependency":false,"cl_dependency":false,"value":""}],[{"elementId":"separator-2207641933","separatorType":"blank","className":"","height":"10","enableCl":false,"relations":false,"cl_rule":"show","col":6,"type":"separator","gt_translate_keys":[],"price_dependency":false,"cl_dependency":false,"value":""}],[{"contentType":"plain","active":true,"label":"People","elementId":"content-2207641934","value":"","inline":false,"show_in_checkout":true,"name":"content-2207641934","enablePrice":false,"className":"","enableCl":false,"relations":false,"price":"","cl_rule":"show","col":6,"type":"content","gt_translate_keys":["label","value"],"price_dependency":false,"cl_dependency":false}],[{"label":"","active":true,"required":false,"elementId":"radio-group-2207641935","name":"radio-group-2207641935","label_position":"default","desc_position":"default","enablePrice":true,"className":"","enableCl":true,"relations":[{"operator":false,"rules":[{"operator":"AND","rules":{"cl_field":"","cl_relation":"","cl_val":""}}]}],"enable_quantity":true,"quantity_label":"","min_quantity":"0","checkUi":"button","layOut":"","options_tooltip":true,"options_description":true,"values":[{"label":"\ud83d\udc64 Adult or Child (132\u20ac)","value":"Adult","selected":true,"tempId":"aco_32","tooltip":"Equal pricing for adults and children.","description":"","gt_translate_keys":["label","tooltip","description"]}],"priceOptions":"fixed_for_all","pricingType":"fixed","price":"132","cl_rule":"show","col":6,"type":"radio-group","error":false,"gt_translate_keys":["label","quantity_label"],"price_dependency":false,"cl_dependency":false,"value":""}],[{"label":"","active":true,"required":false,"elementId":"radio-group-2207641937","name":"radio-group-2207641937","label_position":"default","desc_position":"default","enablePrice":true,"className":"","enableCl":false,"relations":false,"enable_quantity":true,"quantity_label":"","min_quantity":"0","checkUi":"button","layOut":"","options_tooltip":true,"values":[{"label":"\ud83d\udc76 Toddler (Free)","value":"Toddler (Free)","selected":true,"tempId":"aco_32","tooltip":"0-1 Years","gt_translate_keys":["label","tooltip"]}],"priceOptions":"fixed_for_all","pricingType":"fixed","price":"0","cl_rule":"show","col":6,"type":"radio-group","error":false,"gt_translate_keys":["label","quantity_label"],"price_dependency":false,"cl_dependency":false,"value":""}]]},"sec_1065dc8e939db8c":{"extra":{"key":"sec_1065dc8e939db8c","section_id":"sec_1065dc8e939db8c","name":"Transfer from South Tenerife?","status":1,"cl_rule":"show","enableCl":true,"relations":[{"operator":false,"rules":[{"operator":"AND","rules":{"cl_field":"radio_9896791015","cl_relation":"is_not_empty","cl_val":""}}]}],"toggle":true,"title_tag":"h4","show_title":false,"showPrice":"default","form_id":10118,"form_rules":{"exclude_from_discount":true,"fee_label":"Fee","disp_hide_options_price":true,"disp_show_section_price":false,"disp_show_field_price":true,"layout_option":"standard","pric_use_as_fee":false,"process_fee_as":"woo_fee"},"layout_option":"standard"},"fields":[[{"active":true,"col":6,"relations":false,"cl_rule":"show","enableCl":false,"price":"","enablePrice":false,"className":"","label_position":"default","desc_position":"default","type":"separator","required":false,"elementId":"separator_465dc8e939db96","label":"Separator Field","height":"10","separatorType":"blank","gt_translate_keys":["label"],"price_dependency":false,"cl_dependency":false,"value":""}],[{"active":true,"col":6,"relations":false,"cl_rule":"show","enableCl":false,"price":"","enablePrice":false,"className":"","label_position":"default","desc_position":"default","type":"checkbox-group","required":false,"elementId":"checkbox-group_565dc8e939dba0","label":"","name":"checkbox-group_565dc8e939dba0","values":[{"label":"Transfer from South Tenerife?","value":"Transfer from South Tenerife?","selected":false,"tempId":"aco_4311","description":"Need transport to Loro Parque from South Tenerife? Book our daily pickup from Costa Adeje and Los Cristianos. For Alcal\u00e1, Abama & Los Gigantes: pickup only on Mon, Wed, Thu & Sat. From Golf del Sur: only on Tue & Fri.","gt_translate_keys":["label","description"]}],"options_description":true,"error":false,"layOut":"","checkUi":"toggle","gt_translate_keys":["label"],"price_dependency":false,"cl_dependency":["radio-group_965dc8e939dbaa","radio-group_565dc8e939dbb4","radio-group_065dc8e939dbbe","text_2798566491"],"value":""}],[{"label":"","active":true,"required":false,"elementId":"radio-group_965dc8e939dbaa","name":"radio-group_965dc8e939dbaa","label_position":"default","desc_position":"default","enablePrice":true,"className":"","enableCl":true,"relations":[{"operator":false,"rules":[{"operator":"AND","rules":{"cl_field":"checkbox-group_565dc8e939dba0","cl_relation":"is_not_empty","cl_val":""}}]}],"enable_quantity":true,"quantity_label":"","min_quantity":"0","checkUi":"button","layOut":"","options_tooltip":true,"values":[{"label":"\ud83d\udc64 Adult (21\u20ac)","value":"Adult","selected":true,"tempId":"aco_32","tooltip":"+12 Years","gt_translate_keys":["label","tooltip"]}],"priceOptions":"fixed_for_all","pricingType":"fixed","price":"21","cl_rule":"show","col":6,"type":"radio-group","error":false,"gt_translate_keys":["label","quantity_label"],"price_dependency":false,"cl_dependency":false,"value":""}],[{"label":"","active":true,"required":false,"elementId":"radio-group_565dc8e939dbb4","name":"radio-group_565dc8e939dbb4","label_position":"default","desc_position":"default","enablePrice":true,"className":"","enableCl":true,"relations":[{"operator":false,"rules":[{"operator":"AND","rules":{"cl_field":"checkbox-group_565dc8e939dba0","cl_relation":"is_not_empty","cl_val":""}}]}],"enable_quantity":true,"quantity_label":"","min_quantity":"0","checkUi":"button","layOut":"","options_tooltip":true,"values":[{"label":"\ud83d\udc66 Child (17\u20ac)","value":"Child","selected":true,"tempId":"aco_32","tooltip":"2-11 Years","gt_translate_keys":["label","tooltip"]}],"priceOptions":"fixed_for_all","pricingType":"fixed","price":"17","cl_rule":"show","col":6,"type":"radio-group","error":false,"gt_translate_keys":["label","quantity_label"],"price_dependency":false,"cl_dependency":false,"value":""}],[{"label":"","active":true,"required":false,"elementId":"radio-group_065dc8e939dbbe","name":"radio-group_065dc8e939dbbe","label_position":"default","desc_position":"default","enablePrice":true,"className":"","enableCl":true,"relations":[{"operator":false,"rules":[{"operator":"AND","rules":{"cl_field":"checkbox-group_565dc8e939dba0","cl_relation":"is_not_empty","cl_val":""}}]}],"enable_quantity":true,"quantity_label":"","min_quantity":"0","checkUi":"button","layOut":"","options_tooltip":true,"values":[{"label":"\ud83d\udc76 Infant (Free)","value":"Infant (Free)","selected":true,"tempId":"aco_32","tooltip":"0-1 Years","gt_translate_keys":["label","tooltip"]}],"priceOptions":"fixed_for_all","pricingType":"fixed","price":"0","cl_rule":"show","col":6,"type":"radio-group","error":false,"gt_translate_keys":["label","quantity_label"],"price_dependency":false,"cl_dependency":false,"value":""}],[{"active":true,"col":6,"relations":[{"operator":false,"rules":[{"operator":"AND","rules":{"cl_field":"checkbox-group_565dc8e939dba0","cl_relation":"is_not_empty","cl_val":""}}]}],"cl_rule":"show","enableCl":true,"price":"","enablePrice":false,"className":"","label_position":"default","desc_position":"default","type":"text","subtype":"text","required":false,"elementId":"text_2798566491","label":"\ud83d\ude8c Pickup Location","name":"text_2798566491","value":"","error":false,"description":"Pick-up service in South Tenerife. Simply provide your address or hotel name.","gt_translate_keys":["label","description","value"],"price_dependency":false,"cl_dependency":false}]]}},"config":{"price_override":"if_gt_zero","enable_recaptcha":false,"bind_quantity":false,"quantity_bind_formula":false,"disp_summ_show_option_price":true,"disp_summ_show_product_price":false,"disp_summ_show_total_price":true,"disp_summ_show_fee":true,"disp_summ_show_discount":true,"summary_title":"","options_total_label":"Options Price","total_label":"Total Amount","options_product_label":"Product Price","fee_label":"Fee","discount_label":"Discount","has_price":true,"has_quantity_formula":false},"mc_unit":1,"tax_rate":1,"tax_rate_real":1,"discount":{"percentage":0,"fixed":0},"design":{"conf":{"LabelPosition":"above","DescPosition":"above","UploadField":"custom_1","QuantityFieldStyle":"custom_1"},"css":{"LeftLabelWidth":"120px"}},"formulas":[],"lookuptables":[],"clones":false,"cartKey":false}},"_links":{"self":[{"href":"https:\/\/canaryvip.com\/fi\/wp-json\/wp\/v2\/product\/8688","targetHints":{"allow":["GET"]}}],"collection":[{"href":"https:\/\/canaryvip.com\/fi\/wp-json\/wp\/v2\/product"}],"about":[{"href":"https:\/\/canaryvip.com\/fi\/wp-json\/wp\/v2\/types\/product"}],"replies":[{"embeddable":true,"href":"https:\/\/canaryvip.com\/fi\/wp-json\/wp\/v2\/comments?post=8688"}],"wp:featuredmedia":[{"embeddable":true,"href":"https:\/\/canaryvip.com\/fi\/wp-json\/wp\/v2\/media\/8690"}],"wp:attachment":[{"href":"https:\/\/canaryvip.com\/fi\/wp-json\/wp\/v2\/media?parent=8688"}],"wp:term":[{"taxonomy":"product_brand","embeddable":true,"href":"https:\/\/canaryvip.com\/fi\/wp-json\/wp\/v2\/product_brand?post=8688"},{"taxonomy":"product_cat","embeddable":true,"href":"https:\/\/canaryvip.com\/fi\/wp-json\/wp\/v2\/product_cat?post=8688"},{"taxonomy":"product_tag","embeddable":true,"href":"https:\/\/canaryvip.com\/fi\/wp-json\/wp\/v2\/product_tag?post=8688"}],"curies":[{"name":"wp","href":"https:\/\/api.w.org\/{rel}","templated":true}]}}