{"id":16530,"date":"2026-01-17T17:42:14","date_gmt":"2026-01-17T17:42:14","guid":{"rendered":"https:\/\/canaryvip.com\/?post_type=product&#038;p=16530"},"modified":"2026-02-03T12:44:44","modified_gmt":"2026-02-03T12:44:44","slug":"bubble-room-experience-in-tenerife-with-private-jacuzzi","status":"publish","type":"product","link":"https:\/\/canaryvip.com\/fi\/shop\/bubble-room-experience-in-tenerife-with-private-jacuzzi\/","title":{"rendered":"Bubble Room -kokemus Teneriffalla yksityisell\u00e4 porealtaalla"},"content":{"rendered":"<h2><strong>\u2728 Romanttinen y\u00f6 luonnon ja merin\u00e4k\u00f6alan ymp\u00e4r\u00f6im\u00e4n\u00e4<\/strong><\/h2>\n<p>Nauti todella erilainen oleskelu t\u00e4m\u00e4n <strong>kuplahuone Teneriffan kokemus<\/strong>, joka on suunniteltu pariskunnille, jotka haluavat yksityisyytt\u00e4, mukavuutta ja erityist\u00e4 tunnelmaa. T\u00e4m\u00e4 eksklusiivinen kokemus tarjoaa <strong>yksi y\u00f6 kahdelle hengelle<\/strong> l\u00e4pin\u00e4kyv\u00e4ss\u00e4 kuplaparvekkeessa, jossa on <strong>yksityinen poreallas<\/strong>, panoraaman\u00e4kym\u00e4t merelle ja t\u00e4ydellinen yhteys luontoon.<\/p>\n<p>Rauhallisella alueella saarella sijaitseva t\u00e4m\u00e4 <strong>kuplael\u00e4mys Teneriffalla<\/strong> on t\u00e4ydellinen, jos etsit jotain romanttista, intiimi\u00e4 ja unohtumatonta.<\/p>\n<h3><strong>\u2b50 Ainutlaatuinen kuplahuone Teneriffalla<\/strong><\/h3>\n<p>N\u00e4m\u00e4 kuplasviitit on luotu vieraille, jotka haluavat enemm\u00e4n kuin tavallisen hotelliy\u00f6n. Nukkuminen t\u00e4htien alla ja 180 asteen n\u00e4kym\u00e4t merelle ja l\u00e4heisille saarille tekev\u00e4t t\u00e4st\u00e4 kokemuksesta todella erityisen.<\/p>\n<ul>\n<li>Exclusive bubble suite of <strong>25 m\u00b2<\/strong>.<\/li>\n<li>Suunniteltu <strong>2 henkil\u00f6\u00e4<\/strong>.<\/li>\n<li><strong>Yksityinen poreallas<\/strong> mukana.<\/li>\n<li>Yksityinen balilaiss\u00e4nky ulkona.<\/li>\n<li>Panoraaman\u00e4kym\u00e4t merelle ja ymp\u00e4r\u00f6iville saarille.<\/li>\n<li>Py\u00f6re\u00e4 s\u00e4nky ja intiimi ilmapiiri.<\/li>\n<\/ul>\n<p>Se on ihanteellinen valinta pariskunnille, jotka etsiv\u00e4t <strong>kuplahuone Teneriffalla<\/strong> joka tuntuu yksityiselt\u00e4, rauhalliselta ja erilaiselta kuin mik\u00e4\u00e4n muu saarella.<\/p>\n<h3><strong>\ud83d\udcab Mukavuutta, yksityisyytt\u00e4 ja harkittuja yksityiskohtia<\/strong><\/h3>\n<p>Jokaisessa kuplahuoneessa on kaikki tarvittava mukavaan ja rentouttavaan oleskeluun.<\/p>\n<ul>\n<li>Oma kylpyhuone sviitiss\u00e4.<\/li>\n<li>Ilmastointi.<\/li>\n<li>Televisio.<\/li>\n<li>WiFi ja internet.<\/li>\n<li>Pyyhkeet ja hiustenkuivaaja.<\/li>\n<li>Kylpyhuoneen mukavuudet.<\/li>\n<li>J\u00e4\u00e4kaappi huoneen sis\u00e4ll\u00e4.<\/li>\n<\/ul>\n<p>Vierailla on my\u00f6s p\u00e4\u00e4sy yhteisiin tiloihin, jotka t\u00e4ydent\u00e4v\u00e4t kokemusta:<\/p>\n<ul>\n<li>Infinity-tyylinen ranta-allas.<\/li>\n<li>Jaettu keitti\u00f6alue.<\/li>\n<li>Yksityinen pys\u00e4k\u00f6intipaikka sis\u00e4ltyy.<\/li>\n<\/ul>\n<h3><strong>\ud83d\udc96 T\u00e4ydellinen romanttisille lomille<\/strong><\/h3>\n<p>T\u00e4m\u00e4 <strong>kuplael\u00e4mys Teneriffalla<\/strong> on erityisen suosittu:<\/p>\n<ul>\n<li>Romanttiset pakomatkat.<\/li>\n<li>Vuosip\u00e4iv\u00e4t.<\/li>\n<li>Avioehdotukset.<\/li>\n<li>Erityisjuhlat.<\/li>\n<li>T\u00e4ydellinen irrottautuminen ja rentoutuminen.<\/li>\n<\/ul>\n<p>Lis\u00e4varusteita, romanttisia koristeita ja lis\u00e4palveluita voidaan lis\u00e4t\u00e4, jotta vierailu olisi henkil\u00f6kohtaisempi ja kokemuksesta tulisi viel\u00e4kin ikimuistoisempi.<\/p>\n<h3><strong>\ud83d\udd52 Sis\u00e4\u00e4n- ja uloskirjautumista koskevat tiedot<\/strong><\/h3>\n<ul>\n<li><strong>Sis\u00e4\u00e4nkirjautuminen:<\/strong> Klo 14:00 alkaen.<\/li>\n<li><strong>Uloskirjautuminen:<\/strong> Ennen kello 12:00.<\/li>\n<\/ul>\n<p>Jos saapumisp\u00e4iv\u00e4n\u00e4 on vapaana kupla, aikainen sis\u00e4\u00e4nkirjautuminen voi olla mahdollista. Jos n\u00e4in ei ole, vieraat ovat tervetulleita saapumaan aikaisemmin ja nauttimaan uima-altaasta ja yhteisist\u00e4 tiloista, kunnes kupla on valmis.<\/p>\n<h3><strong>\ud83d\udccd Sijainti<\/strong><\/h3>\n<p>Kuplahuoneet sijaitsevat osoitteessa <strong>Alaya Resort Teneriffa<\/strong>, Gu\u00eda de Isorassa, rauhallisella ja yksityisell\u00e4 alueella, joka tunnetaan luonnonkauneudestaan ja avoimista n\u00e4kymist\u00e4.<\/p>\n<ul>\n<li>Rauhallinen ja syrj\u00e4inen sijainti.<\/li>\n<li>Panoraaman\u00e4kym\u00e4t merelle ja saarelle.<\/li>\n<li>T\u00e4ysin p\u00e4\u00e4llystetty tie, jossa on joitakin mutkia.<\/li>\n<li>Autoa suositellaan, koska osa vieh\u00e4tyst\u00e4 on matka t\u00e4h\u00e4n erityiseen paikkaan.<\/li>\n<\/ul>\n<h3><strong>\ud83d\udcdc Varaus- ja peruutusehdot<\/strong><\/h3>\n<p>Tutustu ehtoihin huolellisesti ennen kuin varaat t\u00e4m\u00e4n Teneriffan kuplahuoneen kokemuksen.<\/p>\n<ul>\n<li><strong>Ilmainen peruutus enint\u00e4\u00e4n 14 p\u00e4iv\u00e4\u00e4 ennen saapumista.<\/strong><\/li>\n<li>T\u00e4m\u00e4n ajanjakson j\u00e4lkeen tehtyj\u00e4 peruutuksia ei palauteta.<\/li>\n<li>Tupakointi on kielletty kuplahuoneissa.<\/li>\n<li>Lemmikit eiv\u00e4t ole sallittuja.<\/li>\n<\/ul>\n<h3><strong>\ud83c\udf0c Erilainen tapa kokea Teneriffa<\/strong><\/h3>\n<p>Jos etsit romanttista y\u00f6t\u00e4, ainutlaatuista y\u00f6pymist\u00e4 tai ikimuistoista <strong>kuplahuone Teneriffalla<\/strong>, t\u00e4m\u00e4 kokemus tarjoaa yksityisyytt\u00e4, mukavuutta ja maagisen ymp\u00e4rist\u00f6n, jota on vaikea verrata.<\/p>\n<p>Osoitteessa <strong>CanaryVIP<\/strong>, valitsemme huolellisesti ja tarjoamme ainutlaatuisia kokemuksia, kuten t\u00e4m\u00e4. <strong>kuplael\u00e4mys Teneriffalla<\/strong>, jolloin varaaminen on helppoa selkeiden tietojen ja luotettavien kumppaneiden avulla.<\/p>\n<p>\u2728 Varaa <strong>Bubble Room Experience Teneriffalla<\/strong> t\u00e4n\u00e4\u00e4n ja nauti unohtumattomasta y\u00f6st\u00e4 kahdestaan t\u00e4htien alla.<\/p>","protected":false},"excerpt":{"rendered":"<p>\ud83d\udd0d <strong>Bubble Experience:<br \/>\n<\/strong>\u2705 Turvallinen maksu.<br \/>\n\ud83d\udc65 Enint\u00e4\u00e4n 2 per kuplahuone.<br \/>\n\ud83d\ude80 Ainutlaatuinen kokemus Teneriffalla.<br \/>\n\u2764\ufe0f Romanttinen koristelu saatavilla.<br \/>\n\ud83d\udcc5 Huoneita saatavilla p\u00e4ivitt\u00e4in.<br \/>\n\ud83e\udd11 Paras hintatakuu.<br \/>\n\ud83d\udc6a Sopii pariskunnille.<br \/>\n\ud83d\udd01 7 p\u00e4iv\u00e4n peruutusehdot.<br \/>\n\ud83c\udf1f Varaa ajoissa ja s\u00e4\u00e4st\u00e4!<br \/>\n\ud83d\udccd Sijainti Teneriffan etel\u00e4osassa.<\/p>","protected":false},"featured_media":16584,"comment_status":"open","ping_status":"closed","template":"","meta":{"_acf_changed":false},"product_brand":[],"product_cat":[146],"product_tag":[],"class_list":{"0":"post-16530","1":"product","2":"type-product","3":"status-publish","4":"has-post-thumbnail","6":"product_cat-experiences-stays","7":"wcpa_has_options","9":"first","10":"instock","11":"sale","12":"virtual","13":"purchasable","14":"product-type-simple"},"acf":[],"wcpa_form_fields":{"wcpaData":{"product":{"product_price":220,"price_html":"From&nbsp;<del aria-hidden=\"true\"><span class=\"woocommerce-Price-amount amount\"><bdi>300,00&nbsp;<span class=\"woocommerce-Price-currencySymbol\">&euro;<\/span><\/bdi><\/span><\/del> <span class=\"screen-reader-text\">Alkuper\u00e4inen hinta oli: 300,00&nbsp;&euro;.<\/span><ins aria-hidden=\"true\"><span class=\"woocommerce-Price-amount amount\"><bdi>220,00&nbsp;<span class=\"woocommerce-Price-currencySymbol\">&euro;<\/span><\/bdi><\/span><\/ins><span class=\"screen-reader-text\">Nykyinen hinta on: 220,00&nbsp;&euro;.<\/span>","original_product_price":300,"price_including_tax":220,"price_excluding_tax":220,"product_id":{"parent":16530,"variation":false},"is_variable":false,"stock_status":"instock","stock_quantity":null,"parent_sku":"CV16530","product_attributes":[],"custom_fields":[],"is_taxable":false,"product_name":"Bubble Room Experience in Tenerife with Private Jacuzzi","hasImage":false},"fields":{"sec_9696bca7546921":{"extra":{"key":"sec_9696bca7546921","section_id":"sec_9696bca7546921","name":"Default","status":1,"cl_rule":"show","enableCl":false,"relations":[],"toggle":true,"title_tag":"h3","show_title":false,"showPrice":"default","form_id":16576,"form_rules":{"exclude_from_discount":true,"fee_label":"Fee","disp_hide_options_price":true,"disp_show_section_price":false,"disp_show_field_price":true,"layout_option":"standard","pric_use_as_fee":false,"process_fee_as":"woo_fee"},"layout_option":"standard"},"fields":[[{"active":true,"col":6,"relations":false,"cl_rule":"show","enableCl":false,"price":"","enablePrice":true,"className":"","label_position":"default","desc_position":"default","type":"select","required":false,"elementId":"select_2543581118","label":"Number of Nights","name":"select_2543581118","values":[{"label":"1 Night (220\u20ac)","value":"1 night","selected":false,"tempId":"aco_452","price":"220","gt_translate_keys":["label"]},{"label":"2 Nights (430\u20ac)","value":"2 nights","selected":false,"tempId":"aco_453","price":"430","gt_translate_keys":["label"]},{"label":"3 Night (610\u20ac)","value":"3 nights","selected":false,"tempId":"aco_454","price":"610","gt_translate_keys":["label"]},{"label":"4 Nights (800\u20ac)","value":"4 nights","selected":false,"tempId":"aco_797","price":"800","gt_translate_keys":["label"]}],"isWeightTemplate":false,"error":false,"isTemplate":false,"min_quantity":"1","quantity_decimal":false,"quantity_step":"1","quantity_label":"Quantity","repeater_field_label":"{field_label}","repeater_bind":"","dropdown_type":"basic","priceOptions":"different_for_all","pricingType":"fixed","enableDesign":false,"gt_translate_keys":["label","repeater_field_label","quantity_label"],"price_dependency":false,"cl_dependency":false,"value":""}],[{"active":true,"col":6,"relations":false,"cl_rule":"show","enableCl":false,"price":"","enablePrice":false,"className":"","label_position":"default","desc_position":"default","type":"separator","required":false,"elementId":"separator_7826151522","label":"Separator Field","height":"3","separatorType":"blank","error":false,"gt_translate_keys":["label"],"price_dependency":false,"cl_dependency":false,"value":""}],[{"active":true,"col":6,"relations":false,"cl_rule":"show","enableCl":false,"price":"","enablePrice":false,"className":"","label_position":"default","desc_position":"default","type":"content","required":false,"elementId":"content_2250022845","label":"","name":"content_2250022845","contentType":"rich","value":"<p>Offer an unforgettable experience in Tenerife with Bubble Rooms. A unique getaway featuring a private jacuzzi, a heated beach-style pool, spectacular views and a one-of-a-kind stay designed to relax and disconnect.<\/p>\n<p>Once the gift voucher is purchased, the recipient must contact the accommodation directly to select the preferred dates for the stay. The voucher is valid for 6 months from the date of purchase.<\/p>\n<p>The voucher is valid for the standard rate and cannot be used on special dates such as Valentine\u2019s Day, public holidays or other periods with different pricing. If the stay is booked on a date with a higher rate, the corresponding price difference must be paid.<\/p>","isTemplate":false,"error":false,"enableDesign":true,"DescSize":"14","gt_translate_keys":["label","value"],"price_dependency":false,"cl_dependency":false}]]}},"config":{"price_override":"if_gt_zero","enable_recaptcha":false,"bind_quantity":false,"quantity_bind_formula":false,"disp_summ_show_option_price":true,"disp_summ_show_product_price":true,"disp_summ_show_total_price":true,"disp_summ_show_fee":true,"disp_summ_show_discount":true,"summary_title":"","options_total_label":"Options Price","total_label":"Total","options_product_label":"Product Price","fee_label":"Fee","discount_label":"Discount","has_price":true,"has_quantity_formula":false},"mc_unit":1,"tax_rate":1,"tax_rate_real":1,"discount":{"percentage":0,"fixed":0},"design":{"conf":{"LabelPosition":"above","DescPosition":"above","UploadField":"custom_1","QuantityFieldStyle":"custom_1"},"css":{"LeftLabelWidth":"120px"}},"formulas":[],"lookuptables":[],"clones":false,"cartKey":false}},"_links":{"self":[{"href":"https:\/\/canaryvip.com\/fi\/wp-json\/wp\/v2\/product\/16530","targetHints":{"allow":["GET"]}}],"collection":[{"href":"https:\/\/canaryvip.com\/fi\/wp-json\/wp\/v2\/product"}],"about":[{"href":"https:\/\/canaryvip.com\/fi\/wp-json\/wp\/v2\/types\/product"}],"replies":[{"embeddable":true,"href":"https:\/\/canaryvip.com\/fi\/wp-json\/wp\/v2\/comments?post=16530"}],"wp:featuredmedia":[{"embeddable":true,"href":"https:\/\/canaryvip.com\/fi\/wp-json\/wp\/v2\/media\/16584"}],"wp:attachment":[{"href":"https:\/\/canaryvip.com\/fi\/wp-json\/wp\/v2\/media?parent=16530"}],"wp:term":[{"taxonomy":"product_brand","embeddable":true,"href":"https:\/\/canaryvip.com\/fi\/wp-json\/wp\/v2\/product_brand?post=16530"},{"taxonomy":"product_cat","embeddable":true,"href":"https:\/\/canaryvip.com\/fi\/wp-json\/wp\/v2\/product_cat?post=16530"},{"taxonomy":"product_tag","embeddable":true,"href":"https:\/\/canaryvip.com\/fi\/wp-json\/wp\/v2\/product_tag?post=16530"}],"curies":[{"name":"wp","href":"https:\/\/api.w.org\/{rel}","templated":true}]}}