{"id":15796,"date":"2025-09-01T21:32:54","date_gmt":"2025-09-01T20:32:54","guid":{"rendered":"https:\/\/canaryvip.com\/?post_type=product&#038;p=15796"},"modified":"2025-12-09T16:40:27","modified_gmt":"2025-12-09T16:40:27","slug":"royal-ocean-private-yacht-tenerife","status":"publish","type":"product","link":"https:\/\/canaryvip.com\/fi\/shop\/royal-ocean-private-yacht-tenerife\/","title":{"rendered":"Royal Ocean yksityisjahti Teneriffalla"},"content":{"rendered":"<h2><strong>\ud83c\udf0a Royal Ocean yksityisvenepurjehdus Teneriffalla<\/strong><\/h2>\n<p>Astu kyytiin <strong>Royal Ocean<\/strong>, tyylik\u00e4s <strong>Princess 440 Flybridge -jahti<\/strong> 14 metrin pituinen, ja l\u00e4hdet\u00e4\u00e4n n\u00e4ytt\u00e4v\u00e4lle matkalle. <a href=\"https:\/\/canaryvip.com\/fi\/tenerife\/boat-hire-tenerife\/\">Teneriffan huvipurjehdus<\/a>. T\u00e4ss\u00e4 ensiluokkaisessa kokemuksessa yhdistyv\u00e4t tyylikkyys, mukavuus ja seikkailu, joten se on t\u00e4ydellinen valinta romanttiselle pakomatkalle, perheretkelle tai juhlille yst\u00e4vien kanssa.<\/p>\n<p>Teneriffan etel\u00e4rannikkoa pitkin risteilev\u00e4ll\u00e4, majesteettisten vuorten tuulilta suojaamalla reitill\u00e4 voit nauttia tyynest\u00e4 merest\u00e4, auringonpaisteesta l\u00e4hes ymp\u00e4ri vuoden ja Kanariansaarten parhaista meriel\u00e4inten tarkkailupaikoista.<\/p>\n<h3>\u2b50\ufe0f <strong>Verraton mukavuus ja gourmet-kokemus<\/strong><\/h3>\n<p><span style=\"text-decoration: underline;\"><strong>Miksi t\u00e4m\u00e4 Teneriffan huvipurjevuokraus on todella erityinen:<\/strong><\/span><\/p>\n<ul>\n<li>Tilava <strong>Princess 440 Flybridge<\/strong> 14 metri\u00e4 pitk\u00e4, sis\u00e4tiloissa oleva oleskelutila, Flybridge ja auringonottoalueet jopa 10 vieraalle.<\/li>\n<li>Ensiluokkainen ruokailukokemus: kokin valmistamia ruokia, kanarialaisia erikoisuuksia ja tuoreita herkkuja.<\/li>\n<li>Rajoittamattomat juomat, mukaan lukien cava, cocktailit ja virvoitusjuomat.<\/li>\n<li>Ylelliset kuljetukset saatavilla Mercedes-minibussilla enint\u00e4\u00e4n 8 matkustajalle.<\/li>\n<\/ul>\n<h3>\ud83d\udd52 <strong>Joustavat yksityiset tilauslentovaihtoehdot<\/strong><\/h3>\n<p>Valitse matkareitti ja kesto, joka sopii parhaiten suunnitelmiisi:<\/p>\n<ul>\n<li><strong>3-4 tunnin Los Cristianosin matkareitti<\/strong>: N\u00e4e valaita ja delfiinej\u00e4 ennen kuin suuntaat etel\u00e4rannikkoa pitkin. Ankkuroidu piilotettuun lahteen Los Cristianosin tai Yellow Mountainin l\u00e4helle uimaan, snorklaamaan ja melomaan, ja laivalla on tapaksia, tuoreita hedelmi\u00e4 ja juomia.<\/li>\n<li><strong>5-6 tunnin Puertito Reittiohjelma<\/strong>: Pidenn\u00e4 seikkailuasi lis\u00e4\u00e4m\u00e4ll\u00e4 aikaa merell\u00e4. Meriel\u00e4inten tarkkailun j\u00e4lkeen voit nauttia herkullisia alkupaloja, joissa on hilloa, juustoja ja lohta, matkalla Puertiton lahdelle. Ui, snorklaa tai rentoudu ennen toisen syrj\u00e4isen poukaman tutkimista.<\/li>\n<li><strong>7-8 tunnin Los Gigantes -reittiohjelma<\/strong>: Perimm\u00e4inen Teneriffan jahdin vuokraus vaihtoehto. Risteile kohti Los Gigantesin kallioita, ankkuroi Masca Bayhin ja nauti snorklauksesta, melonnasta ja t\u00e4ydellisest\u00e4 lounaslistasta. Ihaile matkan varrella luolia, piilossa olevia rantoja ja henke\u00e4salpaavia n\u00e4kymi\u00e4 Teidelle.<\/li>\n<li><strong>Auringonlaskun yksityinen risteily<\/strong>: Romanttinen iltakokemus. N\u00e4e auringon laskevan Atlantin yll\u00e4 samalla kun nautit cavaa, cocktaileja ja keitti\u00f6mestarin valmistamia suupaloja. T\u00e4ydellinen tilaisuus kosintaan, merkkip\u00e4iv\u00e4\u00e4n tai yksinkertaisesti Teneriffan lumoavimmista n\u00e4k\u00f6aloista nauttimiseen.<\/li>\n<\/ul>\n<h4>\ud83d\udc2c <strong>Valaanbongaus Barco Azulin lipun alla<\/strong><\/h4>\n<p>The <strong>Royal Ocean<\/strong> purjehtii ylpe\u00e4n\u00e4 virallisen <em>Barco Azul<\/em> lisenssi, jolla varmistetaan eettinen ja kest\u00e4v\u00e4 valaiden ja delfiinien tarkkailu. Onnistumisprosentti on 99%, joten voit todenn\u00e4k\u00f6isesti tavata luotovalas- ja pullonokkadelfiinej\u00e4 ymp\u00e4ri vuoden sek\u00e4 muuttolintulajeja tiettyin\u00e4 vuodenaikoina.<\/p>\n<h3>\u2705 <strong>Yksityisen Teneriffan huviveneen vuokrauksen kohokohdat<\/strong><\/h3>\n<ul>\n<li>Henkil\u00f6kohtaiset reitit ja joustavat aikataulut, jotka on suunniteltu mieltymystesi mukaan.<\/li>\n<li>Aluksella on huippuluokan mukavuudet, kuten SUP-laudat, snorklausv\u00e4lineet ja tilavat oleskelualueet.<\/li>\n<li>Ammattitaitoinen miehist\u00f6 takaa turvallisuuden, mukavuuden ja huomaavaisen palvelun koko matkan ajan.<\/li>\n<li>Unohtumattomat n\u00e4kym\u00e4t Teidelle, Los Cristianosin kallioille, Masca Baylle ja Teneriffan etel\u00e4rannikolle.<\/li>\n<\/ul>\n<h4>\ud83c\udf89 <strong>T\u00e4ydellinen tapahtumiin ja erityisiin juhliin<\/strong><\/h4>\n<p>Peruskirjan tekeminen <strong>Royal Ocean<\/strong> ei ole vain purjehdusta, vaan se on poikkeuksellinen tapa juhlia el\u00e4m\u00e4n suurimpia hetki\u00e4. Olipa kyse syntym\u00e4p\u00e4iv\u00e4st\u00e4, kosinnasta, h\u00e4\u00e4matkasta, h\u00e4\u00e4matkasta, polttareista tai h\u00e4\u00e4p\u00e4iv\u00e4st\u00e4, t\u00e4m\u00e4 Teneriffan huvipurjevuokraus luo muistoja, jotka s\u00e4ilyv\u00e4t koko el\u00e4m\u00e4n ajan. Vieraat voivat nauttia ravintolalaatuisesta ruokailusta, ylellisist\u00e4 juomista ja Atlantin valtameren upeista maisemista.<\/p>\n<p>Sovittaessa alukselle voidaan kutsua my\u00f6s ammattivalokuvaaja, joka tallentaa jokaisen hetken.<\/p>\n<h4>\ud83d\ude90 <strong>Saumattomat siirrot<\/strong><\/h4>\n<p>Lis\u00e4mukavuuden lis\u00e4\u00e4miseksi Royal Ocean tarjoaa ylellist\u00e4 kuljetuspalvelua Mercedes-minibussilla enint\u00e4\u00e4n 8 hengen ryhmille, joka tuo teid\u00e4t suoraan venesatamaan.<\/p>\n<h4>\ud83d\udcdc <strong>Varaus- ja peruutusehdot<\/strong><\/h4>\n<ul>\n<li><strong>Joustavat peruutukset:<\/strong> Ilmainen peruutus enint\u00e4\u00e4n 4 p\u00e4iv\u00e4\u00e4 ennen lyhyit\u00e4 matkoja (3-4 tuntia). Pidemmill\u00e4 retkill\u00e4 (5-8 tuntia) peruutukset enint\u00e4\u00e4n 6 p\u00e4iv\u00e4\u00e4 etuk\u00e4teen ovat maksuttomia. NO SHOWS -ilmoittautumisia ei palauteta.<\/li>\n<li>Ilmoita meille ruokavaliovaatimuksista v\u00e4hint\u00e4\u00e4n 48 tuntia ennen l\u00e4ht\u00f6\u00e4, jotta voimme laatia r\u00e4\u00e4t\u00e4l\u00f6idyn ruokalistan.<\/li>\n<\/ul>\n<h4>\ud83d\udd53 <strong>Easy Boarding<\/strong><\/h4>\n<ul>\n<li>L\u00e4ht\u00f6 Marina del Surista, Las Galletas.<\/li>\n<li>Saavuthan tapaamispaikalle 15 minuuttia ennen l\u00e4ht\u00f6\u00e4, jotta junaan nousu sujuisi ongelmitta.<\/li>\n<\/ul>\n<p>Me CanaryVIP:ll\u00e4 teemme veneen vuokraamisesta helppoa Teneriffalla ja nautit saaren hienoimmista kokemuksista. Royal Oceanin kanssa huomaat, miksi Teneriffan jahdin vuokraus on yksi unohtumattomimmista tavoista tutustua Atlantin valtamereen.<\/p>\n<p>\ud83c\udf1f Varaa <strong>Royal Ocean Yksityinen huviveneen vuokraus<\/strong> t\u00e4n\u00e4\u00e4n ja tee Teneriffan lomastasi ylellinen seikkailu merell\u00e4.<\/p>","protected":false},"excerpt":{"rendered":"<p><span>\ud83d\udd0d <\/span><strong>Royal Ocean Yacht:<\/strong><br \/>\n<span>\u2705 Turvallinen maksu.<br \/>\n<\/span>\ud83d\udc65 Jaetut matkat.<br \/>\n<span>\ud83d\udd10 Yksityiset matkat.<\/span><br \/>\n<span>\ud83d\udee5\ufe0f 14 metrin jahti.<\/span><br \/>\n<span>\u23f3 P\u00e4ivitt\u00e4iset retket 3-8 tuntia.<\/span><br \/>\n<span>\ud83d\udd59 Mukautettavat l\u00e4ht\u00f6ajat.<\/span><br \/>\n<span>\ud83c\udf74 Ateriat ja juomat sis\u00e4ltyv\u00e4t hintaan.<\/span><br \/>\n<span>\ud83d\udc65 Enint\u00e4\u00e4n 10 vierasta.<\/span><br \/>\n<span>\ud83c\udfc4\u200d\u2640\ufe0f Melontalaudan mukana.<\/span><br \/>\n<span>\ud83e\udd3f Snorkkelivarusteet tarjotaan.<\/span><br \/>\n<span>\ud83d\udd0a Toista musiikkia.<\/span><br \/>\n<span>\ud83d\ude97 Kuljetuspalvelu sis\u00e4ltyy.<\/span><br \/>\n<span>\ud83e\udd11 Paras hinta taattu.<\/span><br \/>\n<span>\ud83d\udc6a Alennukset aktivoitu.<\/span><br \/>\n<span>\ud83d\udd01 Enint\u00e4\u00e4n 4 p\u00e4iv\u00e4n peruutus.<\/span><br \/>\n<span>\ud83c\udf0d Monikielinen miehist\u00f6.<\/span><br \/>\n<span>\ud83c\udf1f Varaa ajoissa ja s\u00e4\u00e4st\u00e4!<\/span><br \/>\n<span>\ud83d\udccd L\u00e4ht\u00f6\u00a0<\/span><a href=\"https:\/\/www.google.com\/maps\/place\/Marina+del+Sur+Tenerife.+Puerto+de+Las+Galletas.\/@28.0069667,-16.6636839,16z\/data=!3m1!4b1!4m6!3m5!1s0xc6aa271048d957b:0x66913daf70f663b3!8m2!3d28.006962!4d-16.661109!16s%2Fg%2F1tfzyr98?entry=tts\">Las Galletas<\/a><span>.<\/span><\/p>","protected":false},"featured_media":15937,"comment_status":"open","ping_status":"closed","template":"","meta":{"_acf_changed":false},"product_brand":[],"product_cat":[47,46],"product_tag":[],"class_list":{"0":"post-15796","1":"product","2":"type-product","3":"status-publish","4":"has-post-thumbnail","6":"product_cat-boat-hire-tenerife","7":"product_cat-boat-excursions","8":"wcpa_has_options","10":"first","11":"instock","12":"virtual","13":"purchasable","14":"product-type-simple"},"acf":[],"wcpa_form_fields":{"wcpaData":{"product":{"product_price":750,"price_html":"From&nbsp;<span class=\"woocommerce-Price-amount amount\"><bdi>750,00&nbsp;<span class=\"woocommerce-Price-currencySymbol\">&euro;<\/span><\/bdi><\/span>","original_product_price":750,"price_including_tax":750,"price_excluding_tax":750,"product_id":{"parent":15796,"variation":false},"is_variable":false,"stock_status":"instock","stock_quantity":null,"parent_sku":"CV15796","product_attributes":[],"custom_fields":[],"is_taxable":false,"product_name":"Royal Ocean Private Yacht Tenerife","hasImage":false},"fields":{"sec_868cd7750f2713":{"extra":{"key":"sec_868cd7750f2713","section_id":"sec_868cd7750f2713","name":"Default","status":1,"cl_rule":"show","enableCl":false,"relations":[],"toggle":true,"title_tag":"h3","show_title":false,"showPrice":"default","form_id":15949,"form_rules":{"exclude_from_discount":true,"fee_label":"Fee","disp_hide_options_price":true,"disp_show_section_price":false,"disp_show_field_price":true,"layout_option":"standard","pric_use_as_fee":false,"process_fee_as":"woo_fee"},"layout_option":"standard"},"fields":[[{"active":true,"col":6,"relations":[{"operator":false,"rules":[{"operator":"AND","rules":{"cl_field":"","cl_relation":"","cl_val":""}}]}],"cl_rule":"show","enableCl":false,"price":"","enablePrice":false,"className":"","label_position":"default","desc_position":"default","type":"radio-group","required":true,"elementId":"radio-group_1068cd7750f2744","label":"\u231b\ufe0f Trip Duration","name":"radio-group_1068cd7750f2744","values":[{"label":"3 Hour Shared Trip (86\u20ac)","value":"3 Hour Trip","selected":false,"tempId":"aco_32","description":"Whale and dolphin sightings. Includes food and drinks. Daily at Different Hours.","gt_translate_keys":["label","description"]},{"label":"Private Charter (From 750\u20ac)","value":"Private Charter (From 670\u20ac)","selected":false,"tempId":"aco_33","description":"Explore Tenerife\u2019s coast on a luxury yacht. Private charters include drinks, tapas, swim stops, whale watching and flexible routes from 3\u20138 hours.","gt_translate_keys":["label","description"]}],"layOut":"","error":false,"checkUi":"toggle","enableDesign":false,"scrollBar":false,"description":"","other":false,"options_description":true,"show_selected_option":false,"isWeightTemplate":false,"isTemplate":false,"min_quantity":"1","quantity_decimal":false,"quantity_step":"1","quantity_label":"Quantity","repeater_field_label":"{field_label}","repeater_bind":"","gt_translate_keys":["label","description","repeater_field_label","quantity_label"],"price_dependency":false,"cl_dependency":[false,false],"value":""}]]},"sec_468cd7750f2746":{"extra":{"key":"sec_468cd7750f2746","section_id":"sec_468cd7750f2746","name":"3H Shared Trip","status":1,"cl_rule":"show","enableCl":true,"relations":[{"operator":false,"rules":[{"operator":"AND","rules":{"cl_field":"radio-group_1068cd7750f2744","cl_relation":"is","cl_val":"3 Hour Trip"}}]}],"toggle":true,"title_tag":"h4","show_title":false,"showPrice":"default","form_id":15949,"form_rules":{"exclude_from_discount":true,"fee_label":"Fee","disp_hide_options_price":true,"disp_show_section_price":false,"disp_show_field_price":true,"layout_option":"standard","pric_use_as_fee":false,"process_fee_as":"woo_fee"},"layout_option":"standard"},"fields":[[{"label":"\ud83d\udcc5 Date","active":true,"required":true,"elementId":"date_268cd7750f2754","picker_type":"custom","picker_mode":"single","placeholder":"","description":"","tooltip":"","name":"date_268cd7750f2754","label_position":"default","desc_position":"default","enablePrice":false,"className":"","enableCl":false,"relations":[{"operator":"and","rules":[{"operator":"AND","rules":{"cl_field":"radio-group_1068cd7750f2744","cl_relation":"is","cl_val":"3 Hour Trip"}}]}],"enableDesign":false,"LabelColor":"","date_pic_inline":true,"date_pic_inline_hide":true,"min_date":{"type":"days","val":"2"},"max_date":{"type":"days","val":"365"},"date_pic_conf":{"disabledWeeks":[],"disabledDates":["2025-09-19","2025-09-21","2025-09-23","2025-09-29","2025-10-07","2025-10-12","2025-10-13","2025-10-19","2025-10-20"]},"price":"","cl_rule":"show","col":6,"type":"date","error":false,"date_conf_custom":{},"isWeightTemplate":false,"isTemplate":false,"min_quantity":"1","quantity_decimal":false,"quantity_step":"1","quantity_label":"Quantity","repeater_field_label":"{field_label}","repeater_bind":"","gt_translate_keys":["label","placeholder","description","tooltip","repeater_field_label","quantity_label"],"price_dependency":false,"cl_dependency":false,"value":""}],[{"label":"\u23f0 Departure","active":true,"required":true,"elementId":"select_1068cd7750f275f","dropdown_type":"basic","name":"select_1068cd7750f275f","label_position":"default","desc_position":"default","enablePrice":false,"className":"","enableCl":false,"relations":[{"operator":false,"rules":[{"operator":"AND","rules":{"cl_field":"date_268cd7750f2754","cl_relation":"week_day_is","cl_val":[1]}}]}],"values":[{"label":"10:00","value":"10:00","selected":false,"tempId":"aco_2695","options_cl":true,"relations":[],"cl_rule":"show","gt_translate_keys":["label"]},{"label":"14:00","value":"14:00","selected":false,"tempId":"aco_2696","options_cl":true,"relations":[],"cl_rule":"show","gt_translate_keys":["label"]}],"price":"","cl_rule":"show","col":6,"type":"select","error":false,"placeholder":"Select Departure Time","isWeightTemplate":false,"isTemplate":false,"min_quantity":"1","quantity_decimal":false,"quantity_step":"1","quantity_label":"Quantity","repeater_field_label":"{field_label}","repeater_bind":"","gt_translate_keys":["label","placeholder","repeater_field_label","quantity_label"],"price_dependency":false,"cl_dependency":false,"value":""}],[{"active":true,"col":6,"relations":false,"cl_rule":"show","enableCl":false,"price":"","enablePrice":false,"className":"","label_position":"default","desc_position":"default","type":"content","required":false,"elementId":"content_268cd7750f277e","label":"People","name":"content_268cd7750f277e","contentType":"plain","value":"","error":false,"show_in_checkout":true,"inline":false,"gt_translate_keys":["label","value"],"price_dependency":false,"cl_dependency":false}],[{"active":true,"col":6,"relations":[{"operator":false,"rules":[{"operator":"AND","rules":{"cl_field":"","cl_relation":"","cl_val":""}}]}],"cl_rule":"show","enableCl":false,"price":"89","enablePrice":true,"className":"","label_position":"default","desc_position":"default","type":"radio-group","required":false,"elementId":"radio-group_868cd7750f2789","label":"","name":"radio-group_868cd7750f2789","values":[{"label":"\ud83d\udc64 Adult (89\u20ac)","value":"Adult","selected":true,"tempId":"aco_32","tooltip":"+12 Years","description":"","gt_translate_keys":["label","tooltip","description"]}],"layOut":"","error":false,"checkUi":"button","priceOptions":"fixed_for_all","pricingType":"fixed","enable_quantity":true,"quantity_label":"","min_quantity":"0","options_tooltip":true,"options_description":true,"is_show_price":false,"isWeightTemplate":false,"isTemplate":false,"quantity_decimal":false,"quantity_step":"1","repeater_field_label":"{field_label}","repeater_bind":"","gt_translate_keys":["label","repeater_field_label","quantity_label"],"price_dependency":false,"cl_dependency":false,"value":""}],[{"label":"","active":true,"required":false,"elementId":"radio-group_568cd7750f2794","name":"radio-group_568cd7750f2794","label_position":"default","desc_position":"default","enablePrice":true,"className":"","enableCl":false,"relations":false,"enable_quantity":true,"quantity_label":"","min_quantity":"0","checkUi":"button","layOut":"","values":[{"label":"\ud83d\udc66 Child (66\u20ac)","value":"Child","selected":true,"tempId":"aco_32","tooltip":"3-11 Years","description":"","gt_translate_keys":["label","tooltip","description"]}],"priceOptions":"fixed_for_all","pricingType":"fixed","price":"66","cl_rule":"show","col":6,"type":"radio-group","error":false,"options_tooltip":true,"options_description":true,"is_show_price":false,"isWeightTemplate":false,"isTemplate":false,"quantity_decimal":false,"quantity_step":"1","repeater_field_label":"{field_label}","repeater_bind":"","gt_translate_keys":["label","repeater_field_label","quantity_label"],"price_dependency":false,"cl_dependency":false,"value":""}]]},"sec_1068cd7750f27a0":{"extra":{"key":"sec_1068cd7750f27a0","section_id":"sec_1068cd7750f27a0","name":"Private Charter","status":1,"cl_rule":"show","enableCl":true,"relations":[{"operator":false,"rules":[{"operator":"AND","rules":{"cl_field":"radio-group_1068cd7750f2744","cl_relation":"is","cl_val":"Private Charter (From 670\u20ac)"}}]}],"toggle":true,"title_tag":"h4","show_title":false,"showPrice":"default","form_id":15949,"form_rules":{"exclude_from_discount":true,"fee_label":"Fee","disp_hide_options_price":true,"disp_show_section_price":false,"disp_show_field_price":true,"layout_option":"standard","pric_use_as_fee":false,"process_fee_as":"woo_fee"},"layout_option":"standard"},"fields":[[{"label":"\ud83d\udcc5 Date","active":true,"required":true,"elementId":"date-4966732090","picker_type":"custom","picker_mode":"single","placeholder":"","description":"","tooltip":"","name":"date-4966732090","label_position":"default","desc_position":"default","enablePrice":false,"className":"","enableCl":false,"relations":[{"operator":"and","rules":[{"operator":"AND","rules":{"cl_field":"radio-group_1068cd7750f2744","cl_relation":"is","cl_val":"3 Hour Trip"}}]}],"repeater_bind":"","repeater_field_label":"{field_label}","enableDesign":false,"LabelColor":"","quantity_label":"Quantity","quantity_step":"1","quantity_decimal":false,"min_quantity":"1","date_pic_inline":true,"date_pic_inline_hide":true,"min_date":{"type":"days","val":"1"},"max_date":{"type":"days","val":"365"},"date_pic_conf":{"disabledWeeks":[],"disabledDates":["2025-09-19","2025-09-21","2025-09-23","2025-09-29","2025-10-07","2025-10-12","2025-10-13","2025-10-19","2025-10-20"]},"date_conf_custom":{},"isTemplate":false,"price":"","isWeightTemplate":false,"cl_rule":"show","col":6,"type":"date","error":false,"gt_translate_keys":["label","placeholder","description","tooltip","repeater_field_label","quantity_label"],"price_dependency":false,"cl_dependency":false,"value":""}],[{"label":"\u23f0 Departure","active":true,"required":true,"elementId":"select_068cd7750f27b3","dropdown_type":"basic","placeholder":"Select Departure Time","name":"select_068cd7750f27b3","label_position":"default","desc_position":"default","enablePrice":false,"className":"","enableCl":false,"relations":[{"operator":false,"rules":[{"operator":"AND","rules":{"cl_field":"date_268cd7750f2754","cl_relation":"week_day_is","cl_val":[1]}}]}],"values":[{"label":"10:00","value":"10:00","selected":false,"tempId":"aco_2696","gt_translate_keys":["label"]},{"label":"14:00","value":"14:00","selected":false,"tempId":"aco_2457","gt_translate_keys":["label"]},{"label":"18:00","value":"18:00","selected":false,"tempId":"aco_91","gt_translate_keys":["label"]}],"price":"","cl_rule":"show","col":6,"type":"select","error":false,"isWeightTemplate":false,"isTemplate":false,"min_quantity":"1","quantity_decimal":false,"quantity_step":"1","quantity_label":"Quantity","repeater_field_label":"{field_label}","repeater_bind":"","gt_translate_keys":["label","placeholder","repeater_field_label","quantity_label"],"price_dependency":false,"cl_dependency":false,"value":""}],[{"label":"\ud83d\udc65 Amount of People","active":true,"required":true,"elementId":"select_1068cd7750f27bc","dropdown_type":"basic","placeholder":"Select Departure Time","name":"select_1068cd7750f27bc","label_position":"default","desc_position":"default","enablePrice":false,"className":"","enableCl":false,"relations":[{"operator":false,"rules":[{"operator":"AND","rules":{"cl_field":"date_268cd7750f2754","cl_relation":"week_day_is","cl_val":[1]}}]}],"values":[{"label":"1 Person","value":"1 Person","selected":false,"tempId":"aco_2695","gt_translate_keys":["label"]},{"label":"2 People","value":"2 People","selected":false,"tempId":"aco_2696","gt_translate_keys":["label"]},{"label":"3 People","value":"3 People","selected":false,"tempId":"aco_3399","gt_translate_keys":["label"]},{"label":"4 People","value":"4 People","selected":false,"tempId":"aco_3409","gt_translate_keys":["label"]},{"label":"5 People","value":"5 People","selected":false,"tempId":"aco_3519","gt_translate_keys":["label"]},{"label":"6 People","value":"6 People","selected":false,"tempId":"aco_3529","gt_translate_keys":["label"]},{"label":"7 People","value":"7 People","selected":false,"tempId":"aco_3557","gt_translate_keys":["label"]},{"label":"8 People","value":"8 People","selected":false,"tempId":"aco_3594","gt_translate_keys":["label"]},{"label":"9 People","value":"9 People","selected":false,"tempId":"aco_3604","gt_translate_keys":["label"]},{"label":"10 People","value":"10 People","selected":false,"tempId":"aco_3722","gt_translate_keys":["label"]}],"price":"","cl_rule":"show","col":6,"type":"select","error":false,"isWeightTemplate":false,"isTemplate":false,"min_quantity":"1","quantity_decimal":false,"quantity_step":"1","quantity_label":"Quantity","repeater_field_label":"{field_label}","repeater_bind":"","gt_translate_keys":["label","placeholder","repeater_field_label","quantity_label"],"price_dependency":false,"cl_dependency":false,"value":""}],[{"active":true,"col":6,"relations":false,"cl_rule":"show","enableCl":false,"price":"","enablePrice":true,"className":"","label_position":"default","desc_position":"default","type":"select","required":false,"elementId":"select_668cd7750f27c5","label":"\u231b\ufe0f Charter Duration (From 750\u20ac)","name":"select_668cd7750f27c5","values":[{"label":"3 Hours (750\u20ac)","value":"3","selected":false,"tempId":"aco_3241","price":"750","gt_translate_keys":["label"]},{"label":"4 Hours (880\u20ac)","value":"4","selected":false,"tempId":"aco_349","price":"880","gt_translate_keys":["label"]},{"label":"5 Hours (1.050\u20ac)","value":"5","selected":false,"tempId":"aco_2139","price":"1050","gt_translate_keys":["label"]},{"label":"6 Hours (1.230\u20ac)","value":"6","selected":false,"tempId":"aco_2149","price":"1230","gt_translate_keys":["label"]},{"label":"7 Hours (1.400\u20ac)","value":"7","selected":false,"tempId":"aco_1706","price":"1400","gt_translate_keys":["label"]},{"label":"8 Hours (1.570\u20ac)","value":"8","selected":false,"tempId":"aco_2393","price":"1570","gt_translate_keys":["label"]}],"dropdown_type":"basic","error":false,"placeholder":"Select Duration Time","priceOptions":"different_for_all","pricingType":"fixed","is_show_price":false,"isWeightTemplate":false,"isTemplate":false,"min_quantity":"1","quantity_decimal":false,"quantity_step":"1","quantity_label":"Quantity","repeater_field_label":"{field_label}","repeater_bind":"","gt_translate_keys":["label","placeholder","repeater_field_label","quantity_label"],"price_dependency":false,"cl_dependency":false,"value":""}],[{"active":true,"col":6,"relations":false,"cl_rule":"show","enableCl":false,"price":"","enablePrice":false,"className":"","label_position":"default","desc_position":"default","type":"separator","required":false,"elementId":"separator_768cd7750f27d0","label":"Separator Field","height":"3","separatorType":"blank","error":false,"gt_translate_keys":["label"],"price_dependency":false,"cl_dependency":false,"value":""}]]}},"config":{"price_override":"always","enable_recaptcha":false,"bind_quantity":false,"quantity_bind_formula":false,"disp_summ_show_option_price":true,"disp_summ_show_product_price":false,"disp_summ_show_total_price":true,"disp_summ_show_fee":true,"disp_summ_show_discount":true,"summary_title":"","options_total_label":"Options Price","total_label":"Total Amount Now","options_product_label":"Product Price","fee_label":"Fee","discount_label":"Discount","has_price":true,"has_quantity_formula":false},"mc_unit":1,"tax_rate":1,"tax_rate_real":1,"discount":{"percentage":0,"fixed":0},"design":{"conf":{"LabelPosition":"above","DescPosition":"above","UploadField":"custom_1","QuantityFieldStyle":"custom_1"},"css":{"LeftLabelWidth":"120px"}},"formulas":{"fmla_1708364241278155361":"(({field.select_668cd7750f27c5.value}>=8)?(335.50):(({field.select_668cd7750f27c5.value}>=6)?(269):(({field.select_668cd7750f27c5.value}>=5)?(252.50):(({field.select_668cd7750f27c5.value}>=4)?(282.50):(({field.select_668cd7750f27c5.value}>=3)?(193.50):(0))))))","fmla_1741607919311571987":"(({field.select_668cd7750f27c5.value}>=8)?(1334.50):(({field.select_668cd7750f27c5.value}>=6)?(1071):(({field.select_668cd7750f27c5.value}>=5)?(977.50):(({field.select_668cd7750f27c5.value}>=4)?(807.50):(({field.select_668cd7750f27c5.value}>=3)?(756.50):(0))))))"},"lookuptables":[],"clones":false,"cartKey":false}},"_links":{"self":[{"href":"https:\/\/canaryvip.com\/fi\/wp-json\/wp\/v2\/product\/15796","targetHints":{"allow":["GET"]}}],"collection":[{"href":"https:\/\/canaryvip.com\/fi\/wp-json\/wp\/v2\/product"}],"about":[{"href":"https:\/\/canaryvip.com\/fi\/wp-json\/wp\/v2\/types\/product"}],"replies":[{"embeddable":true,"href":"https:\/\/canaryvip.com\/fi\/wp-json\/wp\/v2\/comments?post=15796"}],"wp:featuredmedia":[{"embeddable":true,"href":"https:\/\/canaryvip.com\/fi\/wp-json\/wp\/v2\/media\/15937"}],"wp:attachment":[{"href":"https:\/\/canaryvip.com\/fi\/wp-json\/wp\/v2\/media?parent=15796"}],"wp:term":[{"taxonomy":"product_brand","embeddable":true,"href":"https:\/\/canaryvip.com\/fi\/wp-json\/wp\/v2\/product_brand?post=15796"},{"taxonomy":"product_cat","embeddable":true,"href":"https:\/\/canaryvip.com\/fi\/wp-json\/wp\/v2\/product_cat?post=15796"},{"taxonomy":"product_tag","embeddable":true,"href":"https:\/\/canaryvip.com\/fi\/wp-json\/wp\/v2\/product_tag?post=15796"}],"curies":[{"name":"wp","href":"https:\/\/api.w.org\/{rel}","templated":true}]}}