{"id":15386,"date":"2025-08-07T14:09:56","date_gmt":"2025-08-07T13:09:56","guid":{"rendered":"https:\/\/canaryvip.com\/?post_type=product&#038;p=15386"},"modified":"2025-08-09T13:45:20","modified_gmt":"2025-08-09T12:45:20","slug":"crazy-ufo-twister-tenerife","status":"publish","type":"product","link":"https:\/\/canaryvip.com\/fi\/shop\/crazy-ufo-twister-tenerife\/","title":{"rendered":"Hullu UFO &amp; Twister Teneriffalla"},"content":{"rendered":"<h2><strong>\ud83d\ude80 Hullu UFO Teneriffalla - nopeaa hauskanpitoa vedess\u00e4<\/strong><\/h2>\n<p>Etsitk\u00f6 villi\u00e4 kyyti\u00e4? Hypp\u00e4\u00e4 <strong>Hullu ufo Teneriffalla<\/strong> kokemusta ja valmistaudu nopeuden, roiskumisen ja puhtaan adrenaliinin intensiiviseen sekoitukseen. T\u00e4m\u00e4 on yksi j\u00e4nnitt\u00e4vimmist\u00e4 <strong>vesiurheilu Teneriffalla<\/strong>, t\u00e4ydellinen perheille, pariskunnille tai kaveriporukoille, jotka etsiv\u00e4t jotain unohtumatonta tekemist\u00e4 Costa Adejessa.<\/p>\n<h3><strong>\ud83c\udf0a L\u00e4ht\u00f6 Puerto Col\u00f3nista<\/strong><\/h3>\n<ul>\n<li><strong>Helppo p\u00e4\u00e4sy:<\/strong> Seikkailusi alkaa <a href=\"https:\/\/maps.app.goo.gl\/bkqEhAxsobcjz9wG9\" target=\"_blank\" rel=\"noopener\">Puerto Col\u00f3n<\/a>, joka on yksi Teneriffan etel\u00e4osan suosituimmista satamista. Sinne on helppo p\u00e4\u00e4st\u00e4 ja sit\u00e4 ymp\u00e4r\u00f6i upea rantavibre.<\/li>\n<li><strong>Nopea tiedotus:<\/strong> Ennen ajelua saat kokeneelta miehist\u00f6lt\u00e4 turvakoulutuksen, jossa varmistetaan, ett\u00e4 kaikki on valmiina turvallista ja hauskaa kokemusta varten.<\/li>\n<\/ul>\n<h3><strong>\u2728 Miksi valita hullu ufoajelu Teneriffalla?<\/strong><\/h3>\n<ul>\n<li><strong>Intensiivinen adrenaliini:<\/strong> T\u00e4m\u00e4 ei ole vain tavallinen puhallettava kyyditys. Crazy UFO py\u00f6rii, liukuu ja hyppii aaltojen yll\u00e4 tavalla, joka saa sinut nauramaan ja huutamaan yht\u00e4 aikaa.<\/li>\n<li><strong>T\u00e4ydellinen kaikille:<\/strong> Ei tarvitse olla ammattilainen. Olipa kyseess\u00e4 sitten ensimm\u00e4inen tai kymmenes vesiaktiviteettisi, t\u00e4m\u00e4 ajelu on turvallinen ja hauska kaikille taitotasoille - aloittelijoista j\u00e4nnityksen etsij\u00f6ihin.<\/li>\n<li><strong>Upeat n\u00e4kym\u00e4t:<\/strong> Kun lenn\u00e4t valtameren yli, voit ihailla hetken Playa de las Am\u00e9ricasin kaunista rannikkoa ja Atlantin kuohuvia vesi\u00e4.<\/li>\n<\/ul>\n<h3><strong>\ud83d\udcb6 Suuri arvo lyhyelle mutta intensiiviselle ajelulle<\/strong><\/h3>\n<ul>\n<li><strong>Kesto:<\/strong> T\u00e4ysi 15 minuutin j\u00e4nnitysretki t\u00e4ynn\u00e4 toimintaa.<\/li>\n<li><strong>Edullinen hinta:<\/strong> Hauska ja edullinen vaihtoehto niille, jotka haluavat kokeilla j\u00e4nnitt\u00e4vi\u00e4 <strong>vesiaktiviteetit Teneriffalla<\/strong> kuluttamatta omaisuutta.<\/li>\n<li><strong>Kuvia saatavilla:<\/strong> \u00c4l\u00e4 unohda tarkistaa ostettavissa olevia kuvia kyydist\u00e4si - haluat varmasti todisteita noista hurjista kasvoista!<\/li>\n<\/ul>\n<h3><strong>\u2696\ufe0f Joustava varaus ja peruutus<\/strong><\/h3>\n<ul>\n<li><strong>Helppo varata:<\/strong> Me CanaryVIP:ss\u00e4 teemme Crazy UFO -ajelun varaamisesta helppoa ja nopeaa. Valitse vain p\u00e4iv\u00e4m\u00e4\u00e4r\u00e4 ja varmista paikkasi.<\/li>\n<li><strong>Ilmainen peruutus:<\/strong> Suunnitelmat muuttuivat? Ei h\u00e4t\u00e4\u00e4. Voit peruuttaa varauksesi viimeist\u00e4\u00e4n 24 tuntia ennen aktiviteettia ja saada t\u00e4yden hyvityksen. Ei stressi\u00e4, ei huolia.<\/li>\n<\/ul>\n<h3><strong>\u2705 Mit\u00e4 sis\u00e4ltyy Teneriffan hullu ufoajelu?<\/strong><\/h3>\n<ul>\n<li>Pelastusliivit ja turvavarusteet kaikille osallistujille.<\/li>\n<li>15 minuuttia huippunopeaa toimintaa Crazy UFO -puhallettavassa.<\/li>\n<li>Ammattitaitoinen ja yst\u00e4v\u00e4llinen henkil\u00f6kunta takaa turvallisen ja hauskan ajanvieton.<\/li>\n<li>Valinnaiset valokuvat ajelustasi, jotta muistot s\u00e4ilyv\u00e4t el\u00e4vin\u00e4.<\/li>\n<\/ul>\n<h3><strong>\ud83c\udfaf Miksi varata CanaryVIP:n kanssa?<\/strong><\/h3>\n<ul>\n<li>Teemme yhteisty\u00f6t\u00e4 Teneriffan parhaiksi luokiteltujen vesiurheiluyritysten kanssa tarjotaksemme vain parhaita ja turvallisimpia kokemuksia.<\/li>\n<li>Toimipaikkamme sijaitsee Teneriffalla, ja olemme k\u00e4ytett\u00e4viss\u00e4si paikallisten neuvojen antamiseksi ennen varausta ja sen j\u00e4lkeen.<\/li>\n<li>Voit yhdist\u00e4\u00e4 t\u00e4m\u00e4n muihin <strong>vesiaktiviteetit Teneriffalla<\/strong> kuten <a href=\"https:\/\/canaryvip.com\/fi\/shop\/jetski-tenerife\/\">vesiskootteriajelut<\/a>, <a href=\"https:\/\/canaryvip.com\/fi\/shop\/parasailing-tenerife\/\">Laskuvarjohyppy<\/a> tai <a href=\"https:\/\/canaryvip.com\/fi\/tenerife\/boat-excursions\/\">laivamatkat<\/a>-kaikki samalla alueella!<\/li>\n<\/ul>\n<h3><strong>\ud83c\udf92 Mit\u00e4 ottaa mukaan<\/strong><\/h3>\n<ul>\n<li><strong>Uimapuvut:<\/strong> Sin\u00e4 kastut! Tule pukeutuneena veteen ja valmiina pit\u00e4m\u00e4\u00e4n hauskaa.<\/li>\n<li><strong>Auringonsuojaus:<\/strong> Ota mukaan aurinkovoidetta, erityisesti aurinkoisina p\u00e4ivin\u00e4.<\/li>\n<li><strong>J\u00e4t\u00e4 arvotavarat taaksesi:<\/strong> Satamassa on turvallisia s\u00e4ilytystiloja, joihin voit j\u00e4tt\u00e4\u00e4 tavarasi matkan ajaksi.<\/li>\n<\/ul>\n<h3>\u2753 <strong>Usein kysytyt kysymykset<\/strong><\/h3>\n<ul>\n<li><strong>Onko hullu ufo turvallinen?<\/strong> Ehdottomasti. Turvallisuus on etusijalla. Ajelua valvovat koulutetut ammattilaiset, ja kaikilla osallistujilla on pelastusliivit.<\/li>\n<li><strong>Pit\u00e4\u00e4k\u00f6 minun osata uida?<\/strong> Uintikokemusta ei tarvita. Sinulla on koko ajan pelastusliivit.<\/li>\n<li><strong>Mik\u00e4 on alaik\u00e4raja?<\/strong> Yleens\u00e4 10-vuotiaat ja sit\u00e4 vanhemmat lapset voivat ratsastaa, mutta jos olet ep\u00e4varma, kannattaa aina kysy\u00e4 ennen varauksen tekemist\u00e4.<\/li>\n<\/ul>\n<h4><strong>\ud83c\udf1e Valmistaudu huutamaan, nauramaan ja roiskumaan!<\/strong><\/h4>\n<p>\u00c4l\u00e4 missaa yht\u00e4 hauskimmista <strong>vesiurheilu Teneriffalla<\/strong>. Varaa <strong>Hullu ufo Teneriffalla<\/strong> ratsastaa t\u00e4n\u00e4\u00e4n CanaryVIP ja kokea j\u00e4nnityst\u00e4 lent\u00e4\u00e4 aaltojen yli yhdess\u00e4 j\u00e4nnitt\u00e4vimmist\u00e4 vesiaktiviteeteista, joita saarella on tarjota.<\/p>","protected":false},"excerpt":{"rendered":"<p>\ud83d\udd0d<strong> Hullu ufo &amp; Twister Teneriffalla:<br \/>\n<\/strong>\u2705 Turvallinen maksu.<br \/>\n\ud83d\udc65 Enint\u00e4\u00e4n 8 ratsastajaa per ajelu.<br \/>\n\ud83d\ude80 Ratsastus kest\u00e4\u00e4 15 minuuttia.<br \/>\n\ud83c\udfde\ufe0f Suurnopeusajelut.<br \/>\n\ud83d\udd59 Koko p\u00e4iv\u00e4n ajan.<br \/>\n\ud83d\udcc5 Saatavilla p\u00e4ivitt\u00e4in.<br \/>\n\ud83e\udd11 Paras hinta taattu.<br \/>\n\ud83d\udc6a Alennukset ryhmille.<br \/>\n\ud83d\udd01 24h peruutusehdot.<br \/>\n\ud83c\udf0d Monikielinen tuki.<br \/>\n\ud83c\udf1f Varaa etuk\u00e4teen s\u00e4\u00e4st\u00e4\u00e4ksesi.<br \/>\n\ud83d\udccd L\u00e4ht\u00f6 <a href=\"https:\/\/maps.app.goo.gl\/bkqEhAxsobcjz9wG9\">Puerto Col\u00f3n<\/a>.<\/p>","protected":false},"featured_media":15388,"comment_status":"open","ping_status":"closed","template":"","meta":{"_acf_changed":false},"product_brand":[],"product_cat":[53],"product_tag":[],"class_list":{"0":"post-15386","1":"product","2":"type-product","3":"status-publish","4":"has-post-thumbnail","6":"product_cat-water-sports","7":"wcpa_has_options","9":"first","10":"instock","11":"virtual","12":"purchasable","13":"product-type-simple"},"acf":[],"wcpa_form_fields":{"wcpaData":{"product":{"product_price":18,"price_html":"From&nbsp;<span class=\"woocommerce-Price-amount amount\"><bdi>18,00&nbsp;<span class=\"woocommerce-Price-currencySymbol\">&euro;<\/span><\/bdi><\/span>","original_product_price":18,"price_including_tax":18,"price_excluding_tax":18,"product_id":{"parent":15386,"variation":false},"is_variable":false,"stock_status":"instock","stock_quantity":null,"parent_sku":"CV15386","product_attributes":[],"custom_fields":[],"is_taxable":false,"product_name":"Crazy UFO & Twister Tenerife","hasImage":false},"fields":{"sec_16894ab7dd6246":{"extra":{"key":"sec_16894ab7dd6246","section_id":"sec_16894ab7dd6246","name":"Default","status":1,"cl_rule":"show","enableCl":false,"relations":[],"toggle":true,"title_tag":"h3","show_title":false,"showPrice":"default","form_id":15391,"form_rules":{"exclude_from_discount":true,"fee_label":"Fee","disp_hide_options_price":true,"disp_show_section_price":false,"disp_show_field_price":true,"layout_option":"standard","pric_use_as_fee":false,"process_fee_as":"woo_fee"},"layout_option":"standard"},"fields":[[{"label":"\ud83d\udcc5 Date","active":true,"required":true,"elementId":"date_26894ab7dd6265","picker_type":"custom","picker_mode":"single","placeholder":"","description":"","tooltip":"","name":"date_26894ab7dd6265","label_position":"default","desc_position":"default","enablePrice":false,"className":"","enableCl":false,"relations":[{"operator":"and","rules":[{"operator":"AND","rules":{"cl_field":"radio-group_5661bc90f5e8f5","cl_relation":"is_not_empty","cl_val":"3 Hour Trip"}}]}],"date_pic_inline":true,"date_pic_inline_hide":true,"min_date":{"type":"days","val":"1"},"max_date":{"type":"days","val":"365"},"date_pic_conf":{"disabledWeeks":[]},"price":"","cl_rule":"show","col":6,"type":"date","error":false,"enableDesign":false,"LabelColor":"","isWeightTemplate":false,"isTemplate":false,"min_quantity":"1","quantity_decimal":false,"quantity_step":"1","quantity_label":"Quantity","repeater_field_label":"{field_label}","repeater_bind":"","gt_translate_keys":["label","placeholder","description","tooltip","repeater_field_label","quantity_label"],"price_dependency":false,"cl_dependency":false,"value":""}],[{"active":true,"col":6,"relations":false,"cl_rule":"show","enableCl":false,"price":"","enablePrice":false,"className":"","label_position":"default","desc_position":"default","type":"select","required":true,"elementId":"select_66894ab7dd6273","label":"\u23f0 Departure Time","name":"select_66894ab7dd6273","values":[{"label":"Whichever Time is Best","value":"Whichever Time is Best","selected":false,"tempId":"aco_312","gt_translate_keys":["label"]},{"label":"10:00","value":"10:00","selected":false,"tempId":"aco_313","gt_translate_keys":["label"]},{"label":"11:00","value":"11:00","selected":false,"tempId":"aco_314","gt_translate_keys":["label"]},{"label":"12:00","value":"12:00","selected":false,"tempId":"aco_711","gt_translate_keys":["label"]},{"label":"13:00","value":"13:00","selected":false,"tempId":"aco_721","gt_translate_keys":["label"]},{"label":"14:00","value":"14:00","selected":false,"tempId":"aco_983","gt_translate_keys":["label"]},{"label":"15:00","value":"15:00","selected":false,"tempId":"aco_993","gt_translate_keys":["label"]},{"label":"16:00","value":"16:00","selected":false,"tempId":"aco_1183","gt_translate_keys":["label"]}],"dropdown_type":"basic","error":false,"multiple":false,"placeholder":"None","isWeightTemplate":false,"isTemplate":false,"min_quantity":"1","quantity_decimal":false,"quantity_step":"1","quantity_label":"Quantity","repeater_field_label":"{field_label}","repeater_bind":"","gt_translate_keys":["label","placeholder","repeater_field_label","quantity_label"],"price_dependency":false,"cl_dependency":false,"value":""}],[{"active":true,"col":6,"relations":[{"operator":false,"rules":[{"operator":"AND","rules":{"cl_field":"","cl_relation":"","cl_val":""}}]}],"cl_rule":"show","enableCl":true,"price":"18","enablePrice":true,"className":"","label_position":"default","desc_position":"default","type":"radio-group","required":false,"elementId":"radio-group_76894ab7dd6281","label":"","name":"radio-group_76894ab7dd6281","values":[{"label":"\ud83d\udc64 People (18\u20ac)","value":"People","selected":true,"tempId":"aco_32","tooltip":"","description":"","gt_translate_keys":["label","tooltip","description"]}],"layOut":"","error":false,"checkUi":"button","priceOptions":"fixed_for_all","pricingType":"fixed","enable_quantity":true,"quantity_label":"","min_quantity":"0","options_tooltip":true,"options_description":true,"is_show_price":true,"isWeightTemplate":false,"isTemplate":false,"quantity_decimal":false,"quantity_step":"1","repeater_field_label":"{field_label}","repeater_bind":"","gt_translate_keys":["label","repeater_field_label","quantity_label"],"price_dependency":false,"cl_dependency":false,"value":""}],[{"active":true,"col":6,"relations":false,"cl_rule":"show","enableCl":false,"price":"","enablePrice":false,"className":"","label_position":"default","desc_position":"default","type":"separator","required":false,"elementId":"separator_16894ab7dd628d","label":"Separator Field","height":"6","separatorType":"fill","error":false,"separatorColor":"#66a5b6","gt_translate_keys":["label"],"price_dependency":false,"cl_dependency":false,"value":""}],[{"active":true,"col":6,"relations":false,"cl_rule":"show","enableCl":false,"price":"{field.radio-group_76894ab7dd6281.quantity}*6","enablePrice":true,"className":"","label_position":"default","desc_position":"default","type":"content","required":false,"elementId":"content_66894ab7dd6297","label":"Deposit Now","name":"content_66894ab7dd6297","contentType":"plain","value":"","error":false,"subtype":"div","inline":true,"show_in_checkout":true,"pricingType":"custom","isTemplate":false,"gt_translate_keys":["label","value"],"price_dependency":false,"cl_dependency":false}],[{"contentType":"plain","active":true,"label":"Payment at Arrival","elementId":"content_96894ab7dd62a1","value":"","inline":true,"show_in_checkout":true,"name":"content_96894ab7dd62a1","enablePrice":true,"className":"","subtype":"div","enableCl":false,"relations":false,"pricingType":"custom","isTemplate":false,"price":"{field.radio-group_76894ab7dd6281.quantity}*12","is_show_price":true,"cl_rule":"show","col":6,"type":"content","error":false,"gt_translate_keys":["label","value"],"price_dependency":false,"cl_dependency":false}],[{"contentType":"plain","active":true,"label":"Total Price","elementId":"content_76894ab7dd62ab","value":"","inline":true,"show_in_checkout":true,"name":"content_76894ab7dd62ab","enablePrice":true,"className":"","subtype":"div","enableCl":false,"relations":false,"pricingType":"custom","isTemplate":false,"price":"{field.radio-group_76894ab7dd6281.quantity}*18","is_show_price":true,"cl_rule":"show","col":6,"type":"content","error":false,"gt_translate_keys":["label","value"],"price_dependency":false,"cl_dependency":false}]]}},"config":{"price_override":"always","enable_recaptcha":false,"bind_quantity":false,"quantity_bind_formula":false,"disp_summ_show_option_price":true,"disp_summ_show_product_price":false,"disp_summ_show_total_price":true,"disp_summ_show_fee":true,"disp_summ_show_discount":true,"summary_title":"","options_total_label":"Options Price","total_label":"Total Amount","options_product_label":"Product Price","fee_label":"Fee","discount_label":"Discount","has_price":true,"has_quantity_formula":false},"mc_unit":1,"tax_rate":1,"tax_rate_real":1,"discount":{"percentage":0,"fixed":0},"design":{"conf":{"LabelPosition":"above","DescPosition":"above","UploadField":"custom_1","QuantityFieldStyle":"custom_1"},"css":{"LeftLabelWidth":"120px"}},"formulas":[],"lookuptables":[],"clones":false,"cartKey":false}},"_links":{"self":[{"href":"https:\/\/canaryvip.com\/fi\/wp-json\/wp\/v2\/product\/15386","targetHints":{"allow":["GET"]}}],"collection":[{"href":"https:\/\/canaryvip.com\/fi\/wp-json\/wp\/v2\/product"}],"about":[{"href":"https:\/\/canaryvip.com\/fi\/wp-json\/wp\/v2\/types\/product"}],"replies":[{"embeddable":true,"href":"https:\/\/canaryvip.com\/fi\/wp-json\/wp\/v2\/comments?post=15386"}],"wp:featuredmedia":[{"embeddable":true,"href":"https:\/\/canaryvip.com\/fi\/wp-json\/wp\/v2\/media\/15388"}],"wp:attachment":[{"href":"https:\/\/canaryvip.com\/fi\/wp-json\/wp\/v2\/media?parent=15386"}],"wp:term":[{"taxonomy":"product_brand","embeddable":true,"href":"https:\/\/canaryvip.com\/fi\/wp-json\/wp\/v2\/product_brand?post=15386"},{"taxonomy":"product_cat","embeddable":true,"href":"https:\/\/canaryvip.com\/fi\/wp-json\/wp\/v2\/product_cat?post=15386"},{"taxonomy":"product_tag","embeddable":true,"href":"https:\/\/canaryvip.com\/fi\/wp-json\/wp\/v2\/product_tag?post=15386"}],"curies":[{"name":"wp","href":"https:\/\/api.w.org\/{rel}","templated":true}]}}