{"id":15373,"date":"2025-08-07T12:36:55","date_gmt":"2025-08-07T11:36:55","guid":{"rendered":"https:\/\/canaryvip.com\/?post_type=product&#038;p=15373"},"modified":"2025-10-23T10:52:49","modified_gmt":"2025-10-23T09:52:49","slug":"bellini-luxury-yacht-tenerife","status":"publish","type":"product","link":"https:\/\/canaryvip.com\/fi\/shop\/bellini-luxury-yacht-tenerife\/","title":{"rendered":"Bellini Luxury Yacht Teneriffa"},"content":{"rendered":"<h2><strong>\ud83d\udee5\ufe0f Bellini Ylellinen huvipursi Teneriffalla<\/strong><\/h2>\n<p class=\"translation-block\">Koe yksi saaren eksklusiivisimmista veneenvuokrausseikkailuista <strong>Bellini Luxury Yacht Tenerife<\/strong>:ll\u00e4. T\u00e4m\u00e4 yksityinen vuokraus l\u00e4htee <a href=\"https:\/\/maps.app.goo.gl\/Xq4LkTRqPjHQzRBE8\" target=\"_blank\" rel=\"noopener\">Puerto de Los Gigantes<\/a>:n vieh\u00e4tt\u00e4v\u00e4st\u00e4 venesatamasta, ja tarjoaa suoran p\u00e4\u00e4syn Teneriffan henke\u00e4salpaavimpiin maisemiin, kuten Los Gigantesin korkealle kohoaville kallioille ja Mascan koskemattomalle rannikolle.<\/p>\n<p class=\"translation-block\">Olitpa sitten juhlimassa erityist\u00e4 tilaisuutta tai yksinkertaisesti vuokraamassa jahdin Teneriffalta ylellist\u00e4 pakomatkaa varten, Bellini on t\u00e4ydellinen valinta, kun haluat tyylikkyytt\u00e4, mukavuutta ja unohtumattomia n\u00e4kymi\u00e4.<\/p>\n<h3>\u2b50\ufe0f <strong>Miksi Bellini on yksi Teneriffan suosituimmista luksusjahdeista?<\/strong><\/h3>\n<p><span style=\"text-decoration: underline;\"><strong>Mik\u00e4 erottaa Bellinin muista:<\/strong><\/span><\/p>\n<p><strong>Eksklusiivinen tervetulotoivotus:<\/strong> Jokainen tilaus alkaa l\u00e4mpim\u00e4ll\u00e4 vastaanotolla, jossa on tarjolla tuoreet trooppiset hedelm\u00e4t ja 5J Iberian kinkkua, mik\u00e4 luo pohjan korkeatasoiselle purjehduskokemukselle.<\/p>\n<p><strong>Avoin baari:<\/strong> Nauti rajattomasti juomia, kuten viini\u00e4, olutta, vett\u00e4, mehuja, virvoitusjuomia ja cavaa.<\/p>\n<p><strong>Yksityinen p\u00e4\u00e4sy piilotetuille rannoille:<\/strong> Jollapalvelun ansiosta Bellini antaa vieraille mahdollisuuden p\u00e4\u00e4st\u00e4 piilotettuihin poukamiin ja rannoille, jotta he voivat todella nauttia ainutlaatuisesta rannikkopys\u00e4hdyksest\u00e4.<\/p>\n<h4>\ud83c\udf0a <strong>Mukana olevat aktiviteetit laivalla<\/strong><\/h4>\n<p class=\"translation-block\">T\u00e4m\u00e4 <strong>luksusjahti Teneriffalla<\/strong> on enemm\u00e4n kuin pelkk\u00e4\u00e4 purjehdusta, se on muistojen tekemist\u00e4:<\/p>\n<ul>\n<li><strong>\ud83c\udfc4 Meloa surffausta:<\/strong> Pid\u00e4 hauskaa vesill\u00e4 stand up -melontalaudoilla, jotka ovat helppoja aloittelijoille ja rentouttavia kaikille.<\/li>\n<li><strong>\ud83e\udd3f Snorklausv\u00e4lineet:<\/strong> Sukella ja tutustu Teneriffan vedenalaiseen maailmaan, joka on t\u00e4ynn\u00e4 meren el\u00e4m\u00e4\u00e4 ja kirkkaita sinisi\u00e4 vesi\u00e4.<\/li>\n<li><strong>\ud83d\udcf8 GoPro &amp; Polaroid:<\/strong> K\u00e4ytt\u00e4k\u00e4\u00e4 aluksella olevia kameroitamme, jotta voitte tallentaa kokemuksenne jokaisen kohokohdan sek\u00e4 veden yl\u00e4- ett\u00e4 alapuolella.<\/li>\n<\/ul>\n<h4>\ud83c\udf7d\ufe0f <strong>Gourmet Paellaa 5. tunnilta<\/strong><\/h4>\n<p>Viisi tuntia tai pidemp\u00e4\u00e4n kest\u00e4viin laivamatkoihin sis\u00e4ltyy vastavalmistettu paella. Valittavana on lihaa, kanaa, kasvisruokaa tai merenel\u00e4vi\u00e4, jotka valmistetaan makusi mukaan ja tarjoillaan tuoreena laivalla.<\/p>\n<h3>\ud83d\udc8e <strong>Valinnaiset Premium-lis\u00e4varusteet kokemuksesi mukauttamiseksi<\/strong><\/h3>\n<p class=\"translation-block\">Nosta <strong>vuokrajahti Teneriffalla<\/strong> uudelle tasolle n\u00e4ill\u00e4 eksklusiivisilla lis\u00e4varusteilla (saatavilla pyynn\u00f6st\u00e4 ja saatavuuden mukaan):<\/p>\n<ul>\n<li><strong>Yksityinen kokki:<\/strong> Ammattitaitoinen kokki kokkaa laivalla ja r\u00e4\u00e4t\u00e4l\u00f6i ruokalistan mieltymystesi mukaan.<\/li>\n<li><strong>Japanilainen kokki Kokemus:<\/strong> Nauti tuoreesta sushista ja muista japanilaisista ruokalajeista, joissa k\u00e4ytet\u00e4\u00e4n ensiluokkaisia raaka-aineita ja asiantuntevaa tekniikkaa.<\/li>\n<li><strong>Michelin-t\u00e4hti kokki:<\/strong> Herkuttele Michelin-oppaaseen kuuluvan kokin haute cuisine - tarjoillaan suoraan laivalla.<\/li>\n<li><strong>Samppanjan ja kaviaarin maistelu:<\/strong> Ensiluokkainen samppanja t\u00e4ydellisesti yhdistettyn\u00e4 valikoituun valikoimaan huippuluokan kaviaaria.<\/li>\n<li><strong>Viinin ja gourmet-s\u00e4ilykkeiden yhdist\u00e4minen:<\/strong> Elegantti viininmaistelu, jonka parina on huipputason konservaattia, kuten simpukoita, syd\u00e4nsimpukoita tai tonnikalamahaa.<\/li>\n<li><strong>Vesiskootterin vuokraus:<\/strong> Saatavilla ankkuroinnin aikana La Caletan, Mascan tai Arme\u00f1imen l\u00e4hell\u00e4.<\/li>\n<li><strong>Flyboard-kokemus:<\/strong> Lenn\u00e4 meren yll\u00e4 t\u00e4ysin turvallisesti ja valvotusti.<\/li>\n<li><strong>Puhallettavat vesilelut:<\/strong> Ryhm\u00e4hupia banaaniveneill\u00e4 ja muilla veneill\u00e4, joita hinataan tukiveneell\u00e4.<\/li>\n<li><strong>Sukellus:<\/strong> Tutustumissukellus ohjaajan kanssa (kokemusta ei tarvita) tai sertifioitu sukellus paikallisen oppaan kanssa.<\/li>\n<li><strong>Urheilukalastus:<\/strong> Kaikki tarvittavat v\u00e4lineet syv\u00e4nmeren kalastusta varten ja aluksella oleva tuki.<\/li>\n<\/ul>\n<h3>\ud83d\udea4 <strong>Valitse sinulle parhaiten sopiva kesto<\/strong><\/h3>\n<p>Bellini tarjoaa useita vaihtoehtoja, jotta voit suunnitella t\u00e4ydellisen <strong>veneen vuokraus Teneriffalla<\/strong>:<\/p>\n<ul>\n<li><strong>3 tunnin charter:<\/strong> Lyhyt luksusretki, jossa on upeat n\u00e4kym\u00e4t, juomia ja v\u00e4lipaloja laivalla.<\/li>\n<li><strong>5 tunnin charter:<\/strong> Sis\u00e4lt\u00e4\u00e4 kaiken olennaisen sek\u00e4 paellan ja lis\u00e4aikaa nauttia vedest\u00e4 ja rannikosta.<\/li>\n<li><strong>8 tunnin charter:<\/strong> Koko p\u00e4iv\u00e4 merell\u00e4 tutustua Los Gigantesiin, Mascaan ja muuhun! Ihanteellinen niille, jotka haluavat t\u00e4ydellisen Bellini-kokemuksen.<\/li>\n<\/ul>\n<h3>\u2705 <strong>Mit\u00e4 tilauslentoosi sis\u00e4ltyy<\/strong><\/h3>\n<ul>\n<li>Tervetuliaislautasellinen tuoreita hedelmi\u00e4<\/li>\n<li>5J Iberialainen kinkku ja ensiluokkaiset leikkeleet<\/li>\n<li>Avoin baari: cava, viini, olut, vesi, mehut ja virvoitusjuomat.<\/li>\n<li>Tervetuliaismalja Chandon Spritzill\u00e4.<\/li>\n<li>Meloa surffausta, snorklausta, GoPro &amp; Polaroidin k\u00e4ytt\u00f6\u00e4<\/li>\n<li>Gourmet paella (sis\u00e4ltyy 5. tunnista alkaen)<\/li>\n<li>P\u00e4\u00e4sy rannalle veneell\u00e4<\/li>\n<li>Auringonotto ja varjostetut alueet aluksella<\/li>\n<li>Kokenut, monikielinen miehist\u00f6<\/li>\n<\/ul>\n<h3>\ud83d\udccd <strong>L\u00e4ht\u00f6 Puerto de Los Gigantesista<\/strong><\/h3>\n<p class=\"translation-block\">Bellini l\u00e4htee Teneriffan l\u00e4nsirannikolta, erityisesti <a href=\"https:\/\/maps.app.goo.gl\/Xq4LkTRqPjHQzRBE8\" target=\"_blank\" rel=\"noopener\">Puerto de Los Gigantesista<\/a>. T\u00e4m\u00e4 sijainti tarjoaa eturivin p\u00e4\u00e4syn Los Gigantesin majesteettisille kallioille ja Mascan upealle rannikolle, jotka ovat saaren ikonisimpia ja syrj\u00e4isimpi\u00e4 alueita. Satamaan on helppo p\u00e4\u00e4st\u00e4 autolla, ja suosittelemme saapumista 15 minuuttia ennen l\u00e4ht\u00f6\u00e4.<\/p>\n<h4>\ud83d\udcdc <strong>Yksinkertainen varaus &amp; joustavat peruutusehdot<\/strong><\/h4>\n<p>Me CanaryVIP:ss\u00e4 haluamme, ett\u00e4 kokemuksesi on sujuva alusta alkaen. Peruutusehtomme ovat selke\u00e4t ja oikeudenmukaiset:<\/p>\n<ul>\n<li><strong>S\u00e4\u00e4takuu:<\/strong> Jos meriolosuhteet eiv\u00e4t ole turvalliset, voit siirt\u00e4\u00e4 aikataulusi tai pyyt\u00e4\u00e4 t\u00e4ytt\u00e4 hyvityst\u00e4.<\/li>\n<li><strong>Ilmaiset peruutukset:<\/strong> Peruuta tai siirr\u00e4 aikataulu maksutta enint\u00e4\u00e4n 4 p\u00e4iv\u00e4\u00e4 ennen matkaa. Talletuksia ei palauteta, jos peruutus tehd\u00e4\u00e4n 4 p\u00e4iv\u00e4n kuluessa matkan alkamisesta.<\/li>\n<\/ul>\n<h3>\ud83d\udd52 <strong>Saatavilla y\u00f6pymis- ja monip\u00e4iv\u00e4iset vaihtoehdot<\/strong><\/h3>\n<p>Bellini ei ole vain p\u00e4iv\u00e4purjehduksia varten - tee pakopaikastasi viel\u00e4kin erikoisempi:<\/p>\n<ul>\n<li>Viet\u00e4 y\u00f6 laivalla ja her\u00e4\u00e4 meren \u00e4\u00e4niin.<\/li>\n<li>Luo oma matkasuunnitelmasi romanttisia lomia, juhlia tai monip\u00e4iv\u00e4isi\u00e4 purjehdusseikkailuja varten.<\/li>\n<\/ul>\n<h3>\ud83d\udc68\u200d\u2708\ufe0f <strong>Ennen lennolle nousua - Pikavinkkej\u00e4<\/strong><\/h3>\n<p>Jotta saat matkastasi kaiken irti:<\/p>\n<ul>\n<li>Pid\u00e4 CanaryVIP-vahvistus valmiina (painettuna tai digitaalisena).<\/li>\n<li>Ota mukaan uimahousut, pyyhe ja aurinkovoide.<\/li>\n<li>Sy\u00f6 jotain kevytt\u00e4 ja v\u00e4lt\u00e4 alkoholia ennen matkaa merisairauden ehk\u00e4isemiseksi.<\/li>\n<li>Valitse suosikkipaikkasi - aurinko tai varjo - ja valmistaudu rentoutumaan.<\/li>\n<\/ul>\n<h3>\ud83d\udcac <strong>Varaa nyt valitsemalla CanaryVIP<\/strong><\/h3>\n<p>Me CanaryVIP:ss\u00e4 yhdist\u00e4mme matkailijat huippuluokan kokemuksiin ymp\u00e4ri Teneriffaa. Jos etsit <strong>vuokraa luksusjahti Teneriffalla<\/strong> ja tutustua Los Gigantesiin tai Mascaan tyylill\u00e4, Bellini on yksi parhaista saatavilla olevista vaihtoehdoista.<br \/>\n\ud83d\udc49 <a href=\"https:\/\/canaryvip.com\/fi\/tenerife\/boat-hire-tenerife\/\">Tarkista saatavuus ja varaa jahti nyt<\/a> - ylellinen seikkailusi on vain muutaman klikkauksen p\u00e4\u00e4ss\u00e4.<\/p>","protected":false},"excerpt":{"rendered":"<p><strong>\ud83d\udd0d Bellini Yacht Charter:<\/strong><br \/>\n\u2705 Turvallinen maksu.<br \/>\n\ud83d\udee5\ufe0f 14m Yacht Comfort.<br \/>\n\u23f3 P\u00e4ivitt\u00e4iset retket 3-8 tuntia.<br \/>\n\ud83d\udd59 Mukautettavat l\u00e4ht\u00f6ajat.<br \/>\n\ud83c\udf74 Ateriat ja juomat sis\u00e4ltyv\u00e4t hintaan.<br \/>\n\ud83d\udc65 Enint\u00e4\u00e4n 10 vierasta.<br \/>\n\ud83c\udfc4\u200d\u2640\ufe0f Melontalaudat mukana.<br \/>\n\ud83e\udd3f Snorkkelivarusteet tarjotaan.<br \/>\n\ud83e\udd11 Paras hinta taattu.<br \/>\n\ud83d\udc6a Alennukset aktivoitu.<br \/>\n\ud83d\udd01 Enint\u00e4\u00e4n 4 p\u00e4iv\u00e4n peruutus.<br \/>\n\ud83c\udf0d Monikielinen miehist\u00f6.<br \/>\n\ud83c\udf1f Varaa ajoissa ja s\u00e4\u00e4st\u00e4!<br \/>\n\ud83d\udccd L\u00e4ht\u00f6 <a href=\"https:\/\/maps.app.goo.gl\/Xq4LkTRqPjHQzRBE8\">Los Gigantes<\/a>.<\/p>","protected":false},"featured_media":15376,"comment_status":"open","ping_status":"closed","template":"","meta":{"_acf_changed":false},"product_brand":[],"product_cat":[47],"product_tag":[],"class_list":{"0":"post-15373","1":"product","2":"type-product","3":"status-publish","4":"has-post-thumbnail","6":"product_cat-boat-hire-tenerife","7":"wcpa_has_options","9":"first","10":"instock","11":"virtual","12":"purchasable","13":"product-type-simple"},"acf":[],"wcpa_form_fields":{"wcpaData":{"product":{"product_price":1060,"price_html":"From&nbsp;<span class=\"woocommerce-Price-amount amount\"><bdi>1.060,00&nbsp;<span class=\"woocommerce-Price-currencySymbol\">&euro;<\/span><\/bdi><\/span>","original_product_price":1060,"price_including_tax":1060,"price_excluding_tax":1060,"product_id":{"parent":15373,"variation":false},"is_variable":false,"stock_status":"instock","stock_quantity":null,"parent_sku":"CV15373","product_attributes":[],"custom_fields":[],"is_taxable":false,"product_name":"Bellini Luxury Yacht Tenerife","hasImage":false},"fields":{"sec_968949ba2884ff":{"extra":{"key":"sec_968949ba2884ff","section_id":"sec_968949ba2884ff","name":"Default","status":1,"cl_rule":"show","enableCl":false,"relations":[],"toggle":true,"title_tag":"h3","show_title":false,"showPrice":"default","form_id":15383,"form_rules":{"exclude_from_discount":true,"fee_label":"Fee","disp_hide_options_price":true,"disp_show_section_price":false,"disp_show_field_price":true,"layout_option":"standard","pric_use_as_fee":false,"process_fee_as":"woo_fee"},"layout_option":"standard"},"fields":[[{"label":"\ud83d\udcc5 Date","active":true,"required":true,"elementId":"date_868949ba288522","picker_type":"custom","picker_mode":"single","placeholder":"","description":"","tooltip":"","name":"date_868949ba288522","label_position":"default","desc_position":"default","enablePrice":false,"className":"","enableCl":false,"relations":[{"operator":"and","rules":[{"operator":"AND","rules":{"cl_field":"radio-group_565c78ffa81208","cl_relation":"is","cl_val":"3 Hour Trip"}}]}],"date_pic_inline":true,"date_pic_inline_hide":true,"min_date":{"type":"days","val":"1"},"max_date":{"type":"days","val":"365"},"date_pic_conf":{"disabledWeeks":[],"disabledDates":["2025-04-18 to 2025-04-24"]},"price":"","cl_rule":"show","col":6,"type":"date","error":false,"enableDesign":false,"LabelColor":"","isWeightTemplate":false,"isTemplate":false,"min_quantity":"1","quantity_decimal":false,"quantity_step":"1","quantity_label":"Quantity","repeater_field_label":"{field_label}","repeater_bind":"","gt_translate_keys":["label","placeholder","description","tooltip","repeater_field_label","quantity_label"],"price_dependency":false,"cl_dependency":false,"value":""}],[{"elementId":"separator_268949ba28853d","separatorType":"blank","className":"","height":"3","enableCl":false,"relations":false,"cl_rule":"show","col":6,"type":"separator","error":false,"gt_translate_keys":[],"price_dependency":false,"cl_dependency":false,"value":""}],[{"active":true,"col":6,"relations":[{"operator":false,"rules":[{"operator":"AND","rules":{"cl_field":"radio-group_565c78ffa81208","cl_relation":"is","cl_val":"3 Hour Trip"}}]}],"cl_rule":"show","enableCl":false,"price":"","enablePrice":false,"className":"","label_position":"default","desc_position":"default","type":"select","required":false,"elementId":"select_468949ba288577","label":"\u23f0 Departure Time","name":"select_468949ba288577","values":[{"label":"09:00","value":"09:00","selected":false,"tempId":"aco_1471","gt_translate_keys":["label"]},{"label":"10:00","value":"10:00","selected":false,"tempId":"aco_1472","gt_translate_keys":["label"]},{"label":"11:00","value":"11:00","selected":false,"tempId":"aco_1500","gt_translate_keys":["label"]},{"label":"12:00","value":"12:00","selected":false,"tempId":"aco_1510","gt_translate_keys":["label"]},{"label":"13:00 (1:00 PM)","value":"13:00","selected":false,"tempId":"aco_1520","gt_translate_keys":["label"]},{"label":"14:00 (2:00 PM)","value":"14:00","selected":false,"tempId":"aco_1728","gt_translate_keys":["label"]},{"label":"15:00 (3:00 PM)","value":"15:00","selected":false,"tempId":"aco_1738","gt_translate_keys":["label"]}],"dropdown_type":"basic","error":false,"placeholder":"Whichever Time is Best","isWeightTemplate":false,"isTemplate":false,"min_quantity":"1","quantity_decimal":false,"quantity_step":"1","quantity_label":"Quantity","repeater_field_label":"{field_label}","repeater_bind":"","gt_translate_keys":["label","placeholder","repeater_field_label","quantity_label"],"price_dependency":false,"cl_dependency":false,"value":""}],[{"active":true,"col":6,"relations":false,"cl_rule":"show","enableCl":false,"price":"","enablePrice":true,"className":"","label_position":"default","desc_position":"default","type":"select","required":true,"elementId":"select_1068949ba288548","label":"\u23f3 Trip Duration","name":"select_1068949ba288548","values":[{"label":"3 Hours (1.060\u20ac)","value":"3h","selected":false,"tempId":"aco_556","price":"1060","gt_translate_keys":["label"]},{"label":"4 Hours (1.275\u20ac)","value":"4H","selected":false,"tempId":"aco_181","price":"1275","gt_translate_keys":["label"]},{"label":"5 Hours (1.490\u20ac)","value":"5h","selected":false,"tempId":"aco_281","price":"1490","gt_translate_keys":["label"]},{"label":"6 Hours (1.700\u20ac)","value":"6h","selected":false,"tempId":"aco_605","price":"1700","gt_translate_keys":["label"]},{"label":"7 Hours (1.915\u20ac)","value":"7h","selected":false,"tempId":"aco_381","price":"1915","gt_translate_keys":["label"]},{"label":"8 Hours (2.130\u20ac)","value":"8h","selected":false,"tempId":"aco_724","price":"2130","gt_translate_keys":["label"]}],"dropdown_type":"basic","error":false,"placeholder":"Select Trip Duration","priceOptions":"different_for_all","pricingType":"fixed","is_show_price":false,"isWeightTemplate":false,"isTemplate":false,"min_quantity":"1","quantity_decimal":false,"quantity_step":"1","quantity_label":"Quantity","repeater_field_label":"{field_label}","repeater_bind":"","gt_translate_keys":["label","placeholder","repeater_field_label","quantity_label"],"price_dependency":false,"cl_dependency":false,"value":""}],[{"label":"\u2705 Number of People","active":true,"required":true,"elementId":"select_168949ba28858b","dropdown_type":"basic","placeholder":"Select Number of People","name":"select_168949ba28858b","label_position":"default","desc_position":"default","enablePrice":true,"className":"","enableCl":false,"relations":[{"operator":false,"rules":[{"operator":"AND","rules":{"cl_field":"radio-group_565c78ffa81208","cl_relation":"is","cl_val":"3 Hour Trip"}}]}],"values":[{"label":"1 person","value":"1","selected":false,"tempId":"aco_1471","price":"0","gt_translate_keys":["label"]},{"label":"2 people","value":"2","selected":false,"tempId":"aco_1472","price":"0","gt_translate_keys":["label"]},{"label":"3 people","value":"3","selected":false,"tempId":"aco_1500","price":"0","gt_translate_keys":["label"]},{"label":"4 people","value":"4","selected":false,"tempId":"aco_1510","price":"0","gt_translate_keys":["label"]},{"label":"5 people","value":"5","selected":false,"tempId":"aco_1520","price":"0","gt_translate_keys":["label"]},{"label":"6 people (+120\u20ac)","value":"6","selected":false,"tempId":"aco_1728","price":"120","gt_translate_keys":["label"]},{"label":"7 people (+240\u20ac)","value":"7","selected":false,"tempId":"aco_1738","price":"240","gt_translate_keys":["label"]},{"label":"8 people (+360\u20ac)","value":"8","selected":false,"tempId":"aco_1922","price":"360","gt_translate_keys":["label"]},{"label":"9 People (+480\u20ac)","value":"9","selected":false,"tempId":"aco_220","price":"480","gt_translate_keys":["label"]},{"label":"10 People (+600\u20ac)","value":"10","selected":false,"tempId":"aco_311","price":"600","gt_translate_keys":["label"]}],"price":"","cl_rule":"show","col":6,"type":"select","error":false,"isWeightTemplate":false,"isTemplate":false,"min_quantity":"1","quantity_decimal":false,"quantity_step":"1","quantity_label":"Quantity","repeater_field_label":"{field_label}","repeater_bind":"","priceOptions":"different_for_all","pricingType":"fixed","gt_translate_keys":["label","placeholder","repeater_field_label","quantity_label"],"price_dependency":false,"cl_dependency":false,"value":""}],[{"active":true,"col":6,"relations":false,"cl_rule":"show","enableCl":false,"price":"","enablePrice":true,"className":"","label_position":"default","desc_position":"default","type":"select","required":false,"elementId":"select_368949ba288551","label":"\ud83d\udca6 Add jet-skis?","name":"select_368949ba288551","values":[{"label":"1 JetSki for 1 Hour (345\u20ac)","value":"1 x Jetski for 1 Hour","selected":false,"tempId":"aco_2501","price":"345","gt_translate_keys":["label"]},{"label":"2 JetSkis for 1 Hour (690\u20ac)","value":"2 x JetSki for 1 Hour","selected":false,"tempId":"aco_2502","price":"690","gt_translate_keys":["label"]}],"dropdown_type":"basic","error":false,"description":"Private JetSki tour from the boat with a JetSki instructor.","placeholder":"None","priceOptions":"different_for_all","pricingType":"fixed","is_show_price":false,"isWeightTemplate":false,"isTemplate":false,"min_quantity":"1","quantity_decimal":false,"quantity_step":"1","quantity_label":"Quantity","repeater_field_label":"{field_label}","repeater_bind":"","gt_translate_keys":["label","placeholder","description","repeater_field_label","quantity_label"],"price_dependency":false,"cl_dependency":false,"value":""}]]}},"config":{"price_override":"always","enable_recaptcha":false,"bind_quantity":false,"quantity_bind_formula":false,"disp_summ_show_option_price":true,"disp_summ_show_product_price":false,"disp_summ_show_total_price":true,"disp_summ_show_fee":true,"disp_summ_show_discount":true,"summary_title":"","options_total_label":"Options Price","total_label":"Total Amount","options_product_label":"Product Price","fee_label":"Fee","discount_label":"Discount","has_price":true,"has_quantity_formula":false},"mc_unit":1,"tax_rate":1,"tax_rate_real":1,"discount":{"percentage":0,"fixed":0},"design":{"conf":{"LabelPosition":"above","DescPosition":"above","UploadField":"custom_1","QuantityFieldStyle":"custom_1"},"css":{"LeftLabelWidth":"120px"}},"formulas":{"fmla_1708360988969136756":"(({field.select_56638eb5b235ae.value}>=3)?(1200):(({field.select_56638eb5b235ae.value}>=2)?(850):(({field.select_56638eb5b235ae.value}>=1)?(540):(0))))","fmla_1708364241278155361":"(({field.select_5841412719.value}>=8)?({field.select_5841412719.price}):(({field.select_5841412719.value}>=5)?({field.select_5841412719.price}):(({field.select_5841412719.value}>=3)?({field.select_5841412719.price}):(0))))"},"lookuptables":[],"clones":false,"cartKey":false}},"_links":{"self":[{"href":"https:\/\/canaryvip.com\/fi\/wp-json\/wp\/v2\/product\/15373","targetHints":{"allow":["GET"]}}],"collection":[{"href":"https:\/\/canaryvip.com\/fi\/wp-json\/wp\/v2\/product"}],"about":[{"href":"https:\/\/canaryvip.com\/fi\/wp-json\/wp\/v2\/types\/product"}],"replies":[{"embeddable":true,"href":"https:\/\/canaryvip.com\/fi\/wp-json\/wp\/v2\/comments?post=15373"}],"wp:featuredmedia":[{"embeddable":true,"href":"https:\/\/canaryvip.com\/fi\/wp-json\/wp\/v2\/media\/15376"}],"wp:attachment":[{"href":"https:\/\/canaryvip.com\/fi\/wp-json\/wp\/v2\/media?parent=15373"}],"wp:term":[{"taxonomy":"product_brand","embeddable":true,"href":"https:\/\/canaryvip.com\/fi\/wp-json\/wp\/v2\/product_brand?post=15373"},{"taxonomy":"product_cat","embeddable":true,"href":"https:\/\/canaryvip.com\/fi\/wp-json\/wp\/v2\/product_cat?post=15373"},{"taxonomy":"product_tag","embeddable":true,"href":"https:\/\/canaryvip.com\/fi\/wp-json\/wp\/v2\/product_tag?post=15373"}],"curies":[{"name":"wp","href":"https:\/\/api.w.org\/{rel}","templated":true}]}}