{"id":14642,"date":"2025-05-26T18:12:56","date_gmt":"2025-05-26T17:12:56","guid":{"rendered":"https:\/\/canaryvip.com\/?post_type=product&#038;p=14642"},"modified":"2025-10-02T11:19:56","modified_gmt":"2025-10-02T10:19:56","slug":"skyline-boat-charter-tenerife","status":"publish","type":"product","link":"https:\/\/canaryvip.com\/fi\/shop\/skyline-boat-charter-tenerife\/","title":{"rendered":"Skyline Boat Charter Teneriffa"},"content":{"rendered":"<h2>\ud83d\udea4 Teneriffan venevuokraus: Skyline Boat Experience<\/h2>\n<p class=\"translation-block\"><strong>Skyline Cruiser<\/strong> on eksklusiivinen <strong>jahti Teneriffalla,<\/strong> joka tarjoaa ylellisen kokemuksen 42-jalkaisen Fairline-moottorijahdin kyydiss\u00e4. Jossa on tilaa jopa 12 vieraalle, joten se on ihanteellinen valinta pienille ryhmille, jotka etsiv\u00e4t yksityisyytt\u00e4, mukavuutta ja rentoa tunnelmaa Atlantilla.<\/p>\n<p class=\"translation-block\">T\u00e4m\u00e4 Puerto Col\u00f3nista l\u00e4htev\u00e4 <strong>Skyline boat Tenerife<\/strong> -vuokraus sopii niille, jotka haluavat rentoutua, tutustua saaren etel\u00e4rannikkoon tai nauttia delfiinien ja valaiden tarkkailusta niiden luonnollisessa elinymp\u00e4rist\u00f6ss\u00e4. Se on yksi tyylikk\u00e4immist\u00e4 tavoista <strong>vuokrata vene Teneriffalla<\/strong> ja tutustua saareen merelt\u00e4 k\u00e4sin.<\/p>\n<h3>\ud83c\udf05 Valitse l\u00e4ht\u00f6aikasi<\/h3>\n<p class=\"translation-block\"><strong>Kolme p\u00e4ivitt\u00e4ist\u00e4 l\u00e4ht\u00f6\u00e4<\/strong> on saatavilla eri aikataulujen mukaan:<\/p>\n<ul>\n<li>\ud83d\udd58 9:45<\/li>\n<li>\ud83d\udd50 13:15<\/li>\n<li>\ud83d\udd5f 16:20<\/li>\n<\/ul>\n<p class=\"translation-block\">Laivaan nousu tapahtuu <a href=\"https:\/\/maps.app.goo.gl\/f5R77mRQ2HgpADy77\" target=\"_blank\" rel=\"noopener\">Puerto Col\u00f3nin satamassa Costa Adejessa.<\/a><\/p>\n<h3>\ud83c\udf0a Mit\u00e4 odottaa laivalla?<\/h3>\n<ul>\n<li class=\"translation-block\"><strong>Luonnon tarkkailu:<\/strong> Vene purjehtii 3 meripeninkulman p\u00e4\u00e4ss\u00e4 rannikolta tarkkaillakseen delfiinej\u00e4, valaita ja muuta meren el\u00e4m\u00e4\u00e4 avomerell\u00e4.<\/li>\n<li class=\"translation-block\"><strong>Rentoutunut risteily:<\/strong> Vieraat voivat rentoutua varjostetussa oleskelutilassa tai ottaa aurinkoa keulassa nauttien panoraaman\u00e4kymist\u00e4 merelle.<\/li>\n<li class=\"translation-block\"><strong>Uintipys\u00e4kki:<\/strong> Rauhallisella lahden pys\u00e4hdyksell\u00e4 on aikaa uida, snorklata tai vain rentoutua vedess\u00e4.<\/li>\n<li class=\"translation-block\"><strong>Rannikon paluu:<\/strong> Paluureitilt\u00e4 avautuu n\u00e4kymi\u00e4 ikonisiin kohteisiin, kuten hippiluoliin ja etel\u00e4rannikon tulivuorijyrk\u00e4nteisiin.<\/li>\n<\/ul>\n<h3>\ud83c\udf74 Ruoka ja juomat sis\u00e4ltyv\u00e4t hintaan<\/h3>\n<p class=\"translation-block\">T\u00e4m\u00e4 <strong>jahtivuokraus Teneriffalla<\/strong> sis\u00e4lt\u00e4\u00e4 erilaisia v\u00e4lipaloja, kuten espanjalaista munakasta, pizzaa, makkaraa, juustoa, kirsikkatomaatteja oliivi\u00f6ljyll\u00e4 ja oreganolla, p\u00e4hkin\u00f6it\u00e4 ja tuoreita kauden hedelmi\u00e4. Juomat sis\u00e4lt\u00e4v\u00e4t vett\u00e4, virvoitusjuomia, olutta, viini\u00e4 ja cavaa.<\/p>\n<p>Vaihtoehtoisia ruokalistoja voidaan j\u00e4rjest\u00e4\u00e4 ennakkoilmoituksella vieraille, joilla on ruokavaliorajoituksia tai mieltymyksi\u00e4.<\/p>\n<h3>\ud83e\udd3f Snorklaus ja rentoutuminen<\/h3>\n<ul>\n<li class=\"translation-block\"><strong>Snorklausv\u00e4lineet ja pyyhkeet:<\/strong> Tarjotaan aluksella, jotta vieraat voivat nauttia vedest\u00e4 mukavasti ja ilman vaivaa.<\/li>\n<li class=\"translation-block\"><strong>K\u00e4tketyt poukamat:<\/strong> Pys\u00e4hdykset tehd\u00e4\u00e4n rauhallisissa, hiljaisissa paikoissa, jotka sopivat erinomaisesti uintiin ja snorklaukseen kaukana v\u00e4kijoukoista.<\/li>\n<\/ul>\n<h3>\ud83d\udccd L\u00e4ht\u00f6 Puerto Col\u00f3nista<\/h3>\n<ul>\n<li><strong>Tapaamispaikka:<\/strong> Puerto Col\u00f3nin venesatama, Costa Adeje. <a href=\"https:\/\/maps.app.goo.gl\/f5R77mRQ2HgpADy77\" target=\"_blank\" rel=\"noopener\">N\u00e4yt\u00e4 Google Mapsissa<\/a><\/li>\n<li><strong>Saapumisaika:<\/strong> Asiakkaita pyydet\u00e4\u00e4n saapumaan paikalle 30 minuuttia ennen l\u00e4ht\u00f6\u00e4, jotta sis\u00e4\u00e4nkirjautuminen sujuisi ongelmitta.<\/li>\n<\/ul>\n<h3>\ud83d\udccb Mit\u00e4 sis\u00e4ltyy ja mit\u00e4 pit\u00e4\u00e4 ottaa mukaan?<\/h3>\n<ul>\n<li><strong>Mukana:<\/strong> Kapteeni ja miehist\u00f6, v\u00e4lipalat, juomat, pyyhkeet, snorklausv\u00e4lineet ja vakuutus.<\/li>\n<li><strong>Suositellaan tuotavaksi:<\/strong> Uimavaatteet, pyyhe, aurinkovoide, aurinkolasit ja kevyt takki viile\u00e4mpi\u00e4 p\u00e4ivi\u00e4 varten.<\/li>\n<\/ul>\n<h3>\ud83d\udcb3 Varaus- ja maksutiedot<\/h3>\n<ul>\n<li><strong>Varausprosessi:<\/strong> Koko summa on maksettava varauksen yhteydess\u00e4.<\/li>\n<li><strong>Asiakastuki:<\/strong> CanaryVIP tarjoaa apua ennen varausta ja sen j\u00e4lkeen varmistaakseen sujuvan kokemuksen.<\/li>\n<\/ul>\n<h3>\u2757 Peruutusehdot<\/h3>\n<p>Skyline Boat Teneriffan peruutusehdot ovat seuraavat:<\/p>\n<ul>\n<li><strong>Yli 5 p\u00e4iv\u00e4\u00e4 ennen l\u00e4ht\u00f6\u00e4:<\/strong> T\u00e4ysi palautus.<\/li>\n<li><strong>3-5 p\u00e4iv\u00e4\u00e4 ennen:<\/strong> 50% palautettavasta talletuksesta.<\/li>\n<li><strong>Alle 72 tuntia ennen:<\/strong> Talletusta ei palauteta.<\/li>\n<li><strong>N\u00e4kem\u00e4tt\u00e4 j\u00e4tt\u00e4minen tai my\u00f6h\u00e4inen saapuminen:<\/strong> Ei hyvityst\u00e4.<\/li>\n<li><strong>S\u00e4\u00e4st\u00e4 johtuvat peruutukset:<\/strong> Jos kapteeni katsoo, ett\u00e4 olosuhteet eiv\u00e4t ole turvalliset, rahat palautetaan kokonaan tai aikataulu siirret\u00e4\u00e4n.<\/li>\n<\/ul>\n<h3>\u2728 Miksi varata Skyline Boat Teneriffalta CanaryVIP:lt\u00e4?<\/h3>\n<ul>\n<li><strong>Korkealuokkainen jahtikokemus:<\/strong> Ylellinen vene, jonka kapasiteetti on rajoitettu, jotta retki olisi henkil\u00f6kohtaisempi ja mukavampi.<\/li>\n<li><strong>All-inclusive-tarjous:<\/strong> V\u00e4lipalat, juomat, snorklausv\u00e4lineet ja pyyhkeet sis\u00e4ltyv\u00e4t hintaan.<\/li>\n<li><strong>T\u00e4ydellinen erityistilaisuuksiin:<\/strong> Sopii erinomaisesti syntym\u00e4p\u00e4iville, merkkip\u00e4iville, romanttisille lomille tai erinomaiselle p\u00e4iv\u00e4lle merell\u00e4.<\/li>\n<\/ul>\n<h3>\ud83d\udccc Lopulliset ajatukset<\/h3>\n<p class=\"translation-block\">Matkustajille, jotka haluavat <strong>vuokrata veneen Teneriffalla<\/strong> ja nauttia laadukkaasta ja rentouttavasta kokemuksesta merell\u00e4, <strong>Skyline Boat Tenerife<\/strong> on yksi parhaista saatavilla olevista vaihtoehdoista. P\u00e4ivitt\u00e4isill\u00e4 l\u00e4hd\u00f6ill\u00e4, all-inclusive-palvelulla ja upeilla n\u00e4k\u00f6aloilla t\u00e4m\u00e4 <a href=\"https:\/\/canaryvip.com\/fi\/tenerife\/boat-hire-tenerife\/\" target=\"_self\"><strong>yksityinen venekierros Teneriffalla<\/strong><\/a> tarjoaa mukavuutta, kauneutta ja unohtumattomia muistoja.<\/p>\n<p class=\"translation-block\">Varaukset voi tehd\u00e4 helposti <strong>CanaryVIP<\/strong> kautta, joka on luotettava kumppanisi Kanariansaarten huippuluokan retkill\u00e4.<\/p>","protected":false},"excerpt":{"rendered":"<p><strong>\ud83d\udd0d Skyline Boat Teneriffa:<\/strong><br \/>\n<span>\u2705 Turvallinen maksu.<\/span><br \/>\n<span>\ud83d\udc65 Jaetut matkat saatavilla.<br \/>\n\ud83d\udd10 Yksityiskierroksia saatavilla.<\/span><br \/>\n<span>\ud83d\udc0b Valaan ja delfiinin havaitseminen.<\/span><br \/>\n<span>\ud83d\ude80 Kierrokset 3h.<\/span><br \/>\n<span>\ud83d\udd59 9:45, 13:15, 16:20.<br \/>\n<\/span>\ud83c\udf05 Auringonlaskukierroksia saatavilla.<br \/>\n<span>\ud83e\uddc3 V\u00e4lipalat ja juomat sis\u00e4ltyv\u00e4t hintaan.<\/span><br \/>\n<span>\ud83d\udc65 Jopa 12 henkil\u00f6\u00e4.<\/span><br \/>\n<span>\ud83e\udd3f Snorkkelivarusteet tarjotaan.<\/span><br \/>\n<span>\ud83e\udd11 Paras hinta taattu.<\/span><br \/>\n<span>\ud83d\udc6a Alennukset aktivoitu.<\/span><br \/>\n<span>\ud83d\udd01 Enint\u00e4\u00e4n 5 p\u00e4iv\u00e4n peruutus.<\/span><br \/>\n<span>\ud83c\udf0d Monikieliset oppaat.<\/span><br \/>\n<span>\ud83c\udf1f Varaa nyt ja s\u00e4\u00e4st\u00e4!<\/span><br \/>\n<span>\ud83d\udccd L\u00e4ht\u00f6\u00a0<\/span><a href=\"https:\/\/www.google.com\/maps\/place\/Puerto+Col%C3%B3n\/@28.0783432,-16.7368735,18.52z\/data=!4m6!3m5!1s0xc6a9743509c9ebf:0xd62345524f768247!8m2!3d28.0789928!4d-16.7359737!16s%2Fg%2F11c6cqryw_?entry=tts\">Puerto Colon<\/a><span>.<\/span><\/p>","protected":false},"featured_media":14645,"comment_status":"open","ping_status":"closed","template":"","meta":{"_acf_changed":false},"product_brand":[],"product_cat":[47,46],"product_tag":[],"class_list":{"0":"post-14642","1":"product","2":"type-product","3":"status-publish","4":"has-post-thumbnail","6":"product_cat-boat-hire-tenerife","7":"product_cat-boat-excursions","8":"wcpa_has_options","10":"first","11":"instock","12":"virtual","13":"purchasable","14":"product-type-simple"},"acf":[],"wcpa_form_fields":{"wcpaData":{"product":{"product_price":65,"price_html":"From&nbsp;<span class=\"woocommerce-Price-amount amount\"><bdi>65,00&nbsp;<span class=\"woocommerce-Price-currencySymbol\">&euro;<\/span><\/bdi><\/span>","original_product_price":65,"price_including_tax":65,"price_excluding_tax":65,"product_id":{"parent":14642,"variation":false},"is_variable":false,"stock_status":"instock","stock_quantity":null,"parent_sku":"CV14642","product_attributes":[],"custom_fields":[],"is_taxable":false,"product_name":"Skyline Boat Charter Tenerife","hasImage":false},"fields":{"sec_56836ef2832367":{"extra":{"key":"sec_56836ef2832367","section_id":"sec_56836ef2832367","name":"Trip Duration","status":1,"cl_rule":"show","enableCl":false,"relations":[],"toggle":true,"title_tag":"h4","show_title":false,"showPrice":"default","form_id":14657,"form_rules":{"exclude_from_discount":true,"fee_label":"Fee","disp_hide_options_price":true,"disp_show_section_price":false,"disp_show_field_price":true,"layout_option":"standard","pric_use_as_fee":false,"process_fee_as":"woo_fee"},"layout_option":"standard"},"fields":[[{"active":true,"col":6,"relations":false,"cl_rule":"show","enableCl":false,"price":"","enablePrice":false,"className":"","label_position":"default","desc_position":"default","type":"radio-group","required":false,"elementId":"radio-group_26836ef2832388","label":"\u231b\ufe0f Trip Duration","name":"radio-group_26836ef2832388","values":[{"label":"3 Hour Shared Trip (65\u20ac)","value":"Shared 3H","selected":false,"tempId":"aco_148","description":"Whale and dolphin sightings. Includes snacks, drinks, and snorkeling. Daily at 9:45.","gt_translate_keys":["label","description"]},{"label":"Private Charter (650\u20ac)","value":"Private Charter","selected":false,"tempId":"aco_149","description":"Sail Tenerife\u2019s coast on a private yacht. Spot dolphins and whales, Includes Spanish snacks, drinks, and snorkeling. 3 hour charters.","gt_translate_keys":["label","description"]}],"layOut":"","error":false,"checkUi":"toggle","options_description":true,"gt_translate_keys":["label"],"price_dependency":false,"cl_dependency":[false,false],"value":""}]]},"sec_36836ef2832389":{"extra":{"key":"sec_36836ef2832389","section_id":"sec_36836ef2832389","name":"Shared Trip","status":1,"cl_rule":"show","enableCl":true,"relations":[{"operator":false,"rules":[{"operator":"AND","rules":{"cl_field":"radio-group_26836ef2832388","cl_relation":"is","cl_val":"Shared 3H"}}]}],"toggle":true,"title_tag":"h4","show_title":false,"showPrice":"default","form_id":14657,"form_rules":{"exclude_from_discount":true,"fee_label":"Fee","disp_hide_options_price":true,"disp_show_section_price":false,"disp_show_field_price":true,"layout_option":"standard","pric_use_as_fee":false,"process_fee_as":"woo_fee"},"layout_option":"standard"},"fields":[[{"label":"\ud83d\udcc5 Date","active":true,"required":true,"elementId":"date_46836ef2832396","picker_type":"custom","picker_mode":"single","placeholder":"","description":"","tooltip":"","name":"date_46836ef2832396","label_position":"default","desc_position":"default","enablePrice":false,"className":"","enableCl":false,"relations":[{"operator":"and","rules":[{"operator":"AND","rules":{"cl_field":"radio-group_367e16bf8dd4f5","cl_relation":"is","cl_val":"3 Hour Trip"}}]}],"enableDesign":false,"LabelColor":"","date_pic_inline":true,"date_pic_inline_hide":true,"min_date":{"type":"days","val":""},"max_date":{"type":"days","val":"365"},"date_pic_conf":{"disabledWeeks":[],"disabledDates":["2025-12-01 to 2025-12-14"]},"price":"","cl_rule":"show","col":6,"type":"date","error":false,"isWeightTemplate":false,"isTemplate":false,"min_quantity":"1","quantity_decimal":false,"quantity_step":"1","quantity_label":"Quantity","repeater_field_label":"{field_label}","repeater_bind":"","date_conf_custom":{"minDate":"let d = new Date();\nif (d.getHours() >= 18) {\n  d.setDate(d.getDate() + 2);\n} else {\n  d.setDate(d.getDate() + 1);\n}\nreturn d;"},"gt_translate_keys":["label","placeholder","description","tooltip","repeater_field_label","quantity_label"],"price_dependency":false,"cl_dependency":false,"value":""}],[{"label":"\u23f0 Departure","active":true,"required":true,"elementId":"select_96836ef28323a1","dropdown_type":"basic","placeholder":"Select Departure Time","name":"select_96836ef28323a1","label_position":"default","desc_position":"default","enablePrice":false,"className":"","enableCl":false,"relations":[{"operator":false,"rules":[{"operator":"AND","rules":{"cl_field":"date_367e16bf8dd504","cl_relation":"week_day_is","cl_val":[1]}}]}],"values":[{"label":"9:45","value":"9:45","selected":true,"tempId":"aco_2695","gt_translate_keys":["label"]}],"price":"","cl_rule":"show","col":6,"type":"select","error":false,"gt_translate_keys":["label","placeholder"],"price_dependency":false,"cl_dependency":false,"value":""}],[{"active":true,"col":6,"relations":false,"cl_rule":"show","enableCl":false,"price":"","enablePrice":false,"className":"","label_position":"default","desc_position":"default","type":"separator","required":false,"elementId":"separator_106836ef28323ac","label":"Separator Field","height":"4","separatorType":"blank","error":false,"gt_translate_keys":["label"],"price_dependency":false,"cl_dependency":false,"value":""}],[{"active":true,"col":6,"relations":false,"cl_rule":"show","enableCl":false,"price":"65","enablePrice":true,"className":"","label_position":"default","desc_position":"default","type":"radio-group","required":false,"elementId":"radio-group_76836ef28323b7","label":"","name":"radio-group_76836ef28323b7","values":[{"label":"\ud83d\udc64 Adult (65\u20ac)","value":"Adult","selected":true,"tempId":"aco_2419","tooltip":"+12 Years","price":"50","gt_translate_keys":["label","tooltip"]}],"layOut":"","error":false,"checkUi":"button","options_description":true,"options_tooltip":true,"priceOptions":"fixed_for_all","pricingType":"fixed","is_show_price":false,"enable_quantity":true,"quantity_decimal":false,"quantity_step":"1","quantity_label":"","min_quantity":"0","max_quantity":"22","gt_translate_keys":["label","quantity_label"],"price_dependency":false,"cl_dependency":false,"value":""}],[{"label":"","active":true,"required":false,"elementId":"radio-group_26836ef28323c2","name":"radio-group_26836ef28323c2","label_position":"default","desc_position":"default","enablePrice":true,"className":"","enableCl":false,"relations":false,"enable_quantity":true,"quantity_label":"","quantity_step":"1","quantity_decimal":false,"min_quantity":"0","checkUi":"button","layOut":"","options_tooltip":true,"options_description":true,"values":[{"label":"\ud83d\udc66 Child (45\u20ac)","value":"Child","selected":true,"tempId":"aco_2419","tooltip":"2-12 Years","price":"40","gt_translate_keys":["label","tooltip"]}],"priceOptions":"fixed_for_all","pricingType":"fixed","price":"45","is_show_price":false,"cl_rule":"show","col":6,"type":"radio-group","error":false,"max_quantity":"22","gt_translate_keys":["label","quantity_label"],"price_dependency":false,"cl_dependency":false,"value":""}]]},"sec_06836ef28323e8":{"extra":{"key":"sec_06836ef28323e8","section_id":"sec_06836ef28323e8","name":"Private Charter","status":1,"cl_rule":"show","enableCl":true,"relations":[{"operator":false,"rules":[{"operator":"AND","rules":{"cl_field":"radio-group_26836ef2832388","cl_relation":"is","cl_val":"Private Charter"}}]}],"toggle":true,"title_tag":"h4","show_title":false,"showPrice":"default","form_id":14657,"form_rules":{"exclude_from_discount":true,"fee_label":"Fee","disp_hide_options_price":true,"disp_show_section_price":false,"disp_show_field_price":true,"layout_option":"standard","pric_use_as_fee":false,"process_fee_as":"woo_fee"},"layout_option":"standard"},"fields":[[{"label":"\ud83d\udcc5 Date","active":true,"required":true,"elementId":"date_36836ef28323f1","picker_type":"custom","picker_mode":"single","placeholder":"","description":"","tooltip":"","name":"date_36836ef28323f1","label_position":"default","desc_position":"default","enablePrice":false,"className":"","enableCl":false,"relations":[{"operator":"and","rules":[{"operator":"AND","rules":{"cl_field":"radio-group_367e16bf8dd4f5","cl_relation":"is","cl_val":"3 Hour Trip"}}]}],"enableDesign":false,"LabelColor":"","date_pic_inline":true,"date_pic_inline_hide":true,"min_date":"","max_date":{"type":"days","val":"365"},"date_pic_conf":{"disabledWeeks":[],"disabledDates":["2025-12-01 to 2025-12-14"]},"price":"","cl_rule":"show","col":6,"type":"date","error":false,"isWeightTemplate":false,"isTemplate":false,"min_quantity":"1","quantity_decimal":false,"quantity_step":"1","quantity_label":"Quantity","repeater_field_label":"{field_label}","repeater_bind":"","date_conf_custom":{"minDate":"let d = new Date();\nif (d.getHours() >= 18) {\n  d.setDate(d.getDate() + 2);\n} else {\n  d.setDate(d.getDate() + 1);\n}\nreturn d;"},"gt_translate_keys":["label","placeholder","description","tooltip","repeater_field_label","quantity_label"],"price_dependency":false,"cl_dependency":false,"value":""}],[{"label":"\u23f0 Departure","active":true,"required":true,"elementId":"select_86836ef28323fa","dropdown_type":"basic","placeholder":"Select Departure Time","name":"select_86836ef28323fa","label_position":"default","desc_position":"default","enablePrice":false,"className":"","enableCl":false,"relations":[{"operator":false,"rules":[{"operator":"AND","rules":{"cl_field":"date_367e16bf8dd504","cl_relation":"week_day_is","cl_val":[1]}}]}],"values":[{"label":"9:45","value":"9:45","selected":false,"tempId":"aco_2695","gt_translate_keys":["label"]},{"label":"13:15","value":"13:15","selected":false,"tempId":"aco_2329","gt_translate_keys":["label"]},{"label":"16:20","value":"16:20","selected":false,"tempId":"aco_2457","gt_translate_keys":["label"]}],"price":"","cl_rule":"show","col":6,"type":"select","error":false,"gt_translate_keys":["label","placeholder"],"price_dependency":false,"cl_dependency":false,"value":""}],[{"active":true,"col":6,"relations":false,"cl_rule":"show","enableCl":false,"price":"5","enablePrice":false,"className":"","label_position":"default","desc_position":"default","type":"number","required":false,"elementId":"number_26836ef2832403","label":"\ud83d\udc65 Amount of People","name":"number_26836ef2832403","value":"","error":false,"pricingType":"multiply","enable_quantity":false,"quantity_decimal":false,"quantity_step":"1","quantity_label":"Quantity","min":"1","max":"12","placeholder":"Up to 12 People","is_show_price":true,"gt_translate_keys":["label","placeholder","value","quantity_label"],"price_dependency":false,"cl_dependency":false}],[{"active":true,"col":6,"relations":false,"cl_rule":"show","enableCl":false,"price":"","enablePrice":true,"className":"","label_position":"default","desc_position":"default","type":"select","required":false,"elementId":"select_86836ef283240b","label":"\u231b\ufe0f Charter Duration (From 650\u20ac)","name":"select_86836ef283240b","values":[{"label":"3 Hours (650\u20ac)","value":"1","selected":true,"tempId":"aco_3241","price":"650","gt_translate_keys":["label"]}],"dropdown_type":"basic","error":false,"placeholder":"Select Duration Time","priceOptions":"different_for_all","pricingType":"fixed","is_show_price":false,"gt_translate_keys":["label","placeholder"],"price_dependency":false,"cl_dependency":false,"value":""}]]}},"config":{"price_override":"always","enable_recaptcha":false,"bind_quantity":false,"quantity_bind_formula":false,"disp_summ_show_option_price":true,"disp_summ_show_product_price":false,"disp_summ_show_total_price":true,"disp_summ_show_fee":true,"disp_summ_show_discount":true,"summary_title":"","options_total_label":"Options Price","total_label":"Total Amount Now","options_product_label":"Product Price","fee_label":"Fee","discount_label":"Discount","has_price":true,"has_quantity_formula":false},"mc_unit":1,"tax_rate":1,"tax_rate_real":1,"discount":{"percentage":0,"fixed":0},"design":{"conf":{"LabelPosition":"above","DescPosition":"above","UploadField":"custom_1","QuantityFieldStyle":"custom_1"},"css":{"LeftLabelWidth":"120px"}},"formulas":{"fmla_1708364241278155361":"(({field.select_267e16bf8dd55e.value}>=4)?(200+({field.number_8810219193.value}*5)):(({field.select_267e16bf8dd55e.value}>=3)?(100+({field.number_8810219193.value}*5)):(0)))","fmla_1742826688120818082":"(({field.select_267e16bf8dd55e.value}>=4)?(1250):(({field.select_267e16bf8dd55e.value}>=3)?(650):(0)))"},"lookuptables":[],"clones":false,"cartKey":false}},"_links":{"self":[{"href":"https:\/\/canaryvip.com\/fi\/wp-json\/wp\/v2\/product\/14642","targetHints":{"allow":["GET"]}}],"collection":[{"href":"https:\/\/canaryvip.com\/fi\/wp-json\/wp\/v2\/product"}],"about":[{"href":"https:\/\/canaryvip.com\/fi\/wp-json\/wp\/v2\/types\/product"}],"replies":[{"embeddable":true,"href":"https:\/\/canaryvip.com\/fi\/wp-json\/wp\/v2\/comments?post=14642"}],"wp:featuredmedia":[{"embeddable":true,"href":"https:\/\/canaryvip.com\/fi\/wp-json\/wp\/v2\/media\/14645"}],"wp:attachment":[{"href":"https:\/\/canaryvip.com\/fi\/wp-json\/wp\/v2\/media?parent=14642"}],"wp:term":[{"taxonomy":"product_brand","embeddable":true,"href":"https:\/\/canaryvip.com\/fi\/wp-json\/wp\/v2\/product_brand?post=14642"},{"taxonomy":"product_cat","embeddable":true,"href":"https:\/\/canaryvip.com\/fi\/wp-json\/wp\/v2\/product_cat?post=14642"},{"taxonomy":"product_tag","embeddable":true,"href":"https:\/\/canaryvip.com\/fi\/wp-json\/wp\/v2\/product_tag?post=14642"}],"curies":[{"name":"wp","href":"https:\/\/api.w.org\/{rel}","templated":true}]}}