{"id":14185,"date":"2025-04-11T10:44:51","date_gmt":"2025-04-11T09:44:51","guid":{"rendered":"https:\/\/canaryvip.com\/?post_type=product&#038;p=14185"},"modified":"2025-08-09T13:53:28","modified_gmt":"2025-08-09T12:53:28","slug":"jetski-circuit-tenerife","status":"publish","type":"product","link":"https:\/\/canaryvip.com\/fi\/shop\/jetski-circuit-tenerife\/","title":{"rendered":"JetSki Circuit Tenerife"},"content":{"rendered":"<h2>\ud83d\udea4 20 minuuttia Jetski Circuit Teneriffa<\/h2>\n<p>Etsitk\u00f6 nopeaa ja j\u00e4nnitt\u00e4v\u00e4\u00e4 aktiviteettia, joka tekisi lomastasi Teneriffalla entist\u00e4kin unohtumattomamman? Osoitteessa <strong>Jetski Circuit Tenerife<\/strong> on t\u00e4ydellinen valinta, jos haluat vauhtia, merta ja adrenaliinia viett\u00e4m\u00e4tt\u00e4 tuntikausia retkell\u00e4. Kyseess\u00e4 on 20 minuutin kokemus, joka antaa sinulle vapauden ajaa vesiskootterilla omaan tahtiisi turvallisessa ja valvotussa ymp\u00e4rist\u00f6ss\u00e4, aivan meress\u00e4 l\u00e4hell\u00e4 Playa Fa\u00f1ab\u00e9a.<\/p>\n<h3>\ud83c\udf0a Mik\u00e4 on Jetski Circuit?<\/h3>\n<p>T\u00e4m\u00e4 ei ole <a href=\"https:\/\/canaryvip.com\/fi\/shop\/jetski-tenerife\/\">JetSki-opastettu rannikkokierros<\/a> tai safari. Jetski-rata on merkitty silmukka, joka on rakennettu poijuilla merell\u00e4, l\u00e4hell\u00e4 Puerto Col\u00f3nin ja Playa Fa\u00f1ab\u00e9n v\u00e4list\u00e4 rantaviivaa. Voit kiert\u00e4\u00e4 t\u00e4t\u00e4 rataa niin monta kertaa kuin haluat 20 minuutin session aikana. Alueella on ohjaajien valvonta, joten voit nauttia j\u00e4nnityksest\u00e4 t\u00e4ysin rauhassa.<\/p>\n<p>Se on ihanteellinen tapa kokeilla vesiskootterihiihtoa, jos sinulla on v\u00e4h\u00e4n aikaa tai jos haluat vain nopean hauskanpidon. T\u00e4m\u00e4 on takuuvarma energiannousu rantap\u00e4iv\u00e4n\u00e4si riippumatta siit\u00e4, teetk\u00f6 sen yksin, yst\u00e4vien kanssa vai pariskuntana.<\/p>\n<h3>\ud83d\udccd Miss\u00e4 se tapahtuu ja miten sinne p\u00e4\u00e4see?<\/h3>\n<p>Toiminta tapahtuu meress\u00e4 aivan <a href=\"https:\/\/maps.app.goo.gl\/n9D5BT5K5VsxNcbH7\" target=\"_blank\" rel=\"noopener\"><strong>Puerto Col\u00f3n,<\/strong><\/a> , joka on yksi Costa Adejen t\u00e4rkeimmist\u00e4 venesatamista. P\u00e4\u00e4set sinne helposti k\u00e4vellen tai taksilla, mutta jos olet rannalla, teemme sen viel\u00e4 helpommaksi - tarjoamme sinulle <strong>ilmainen veneen nouto<\/strong> palvelu useilta l\u00e4heisilt\u00e4 rannoilta:<\/p>\n<ul>\n<li>\ud83c\udfd6\ufe0f Playa de Troya<\/li>\n<li>\ud83c\udfd6\ufe0f Playa Fa\u00f1ab\u00e9<\/li>\n<li>\ud83c\udfd6\ufe0f Playa Torviscas<\/li>\n<li>\ud83c\udfd6\ufe0f Playa del Duque<\/li>\n<li>\u26f5 Puerto Col\u00f3n itse<\/li>\n<\/ul>\n<p>Ilmoita meille varauksen yhteydess\u00e4 haluamasi noutoranta, ja yksi tiimin j\u00e4senist\u00e4 tulee veneell\u00e4 tuomaan sinut l\u00e4ht\u00f6paikalle. Se on nopeaa, helppoa ja osa kokemusta.<\/p>\n<h3>\u2699\ufe0f Mit\u00e4 sis\u00e4ltyy<\/h3>\n<p>Mukana on kaikki, mit\u00e4 tarvitset hauskaan ja turvalliseen ajoon:<\/p>\n<ul>\n<li>\u2705 20 minuuttia vesihiihtoa merkityll\u00e4 avoveden radalla.<\/li>\n<li>\u2705 Nykyaikaiset Yamahan vesiskootterit, helppok\u00e4ytt\u00f6iset ja eritt\u00e4in vakaat.<\/li>\n<li>\u2705 Pelastusliivit kaikille osallistujille.<\/li>\n<li>\u2705 P\u00e4tevien ohjaajien antama turvallisuuskoulutus ja valvonta<\/li>\n<\/ul>\n<p>Aikaisempaa kokemusta ei tarvita. Ennen kuin aloitat, tiimimme selitt\u00e4\u00e4, miten kaikki toimii, jotta tunnet itsesi varmaksi ja valmiiksi nauttimaan kokemuksesta heti ensimm\u00e4isest\u00e4 sekunnista l\u00e4htien.<\/p>\n<h3>\ud83d\udc65 Kuka voi liitty\u00e4?<\/h3>\n<p>T\u00e4m\u00e4 aktiviteetti sopii l\u00e4hes kaikille, kunhan viihdyt vedess\u00e4. Se on loistava vaihtoehto ihmisille, jotka haluavat seikkailla ilman, ett\u00e4 he sitoutuvat koko p\u00e4iv\u00e4n kest\u00e4v\u00e4\u00e4n suunnitelmaan.<\/p>\n<ul>\n<li>\u2714\ufe0f Kuljettajien on oltava v\u00e4hint\u00e4\u00e4n 16-vuotiaita ja heill\u00e4 on oltava vanhempien kirjallinen suostumus.<\/li>\n<li>\u2714\ufe0f Nuoremmat osallistujat voivat osallistua aikuisen kanssa matkustajina.<\/li>\n<li>\ud83d\udeab Ei sovi raskaana oleville vieraille.<\/li>\n<\/ul>\n<h3>\ud83d\udccb Hyv\u00e4 tiet\u00e4\u00e4 ennen l\u00e4ht\u00f6\u00e4si<\/h3>\n<ul>\n<li>\ud83d\udd52 Saavu paikalle 30 minuuttia ennen varattua aikaa.<\/li>\n<li>\ud83c\udf7d\ufe0f V\u00e4lt\u00e4 raskaiden aterioiden sy\u00f6mist\u00e4 ennen toimintaa ep\u00e4mukavuuden v\u00e4ltt\u00e4miseksi.<\/li>\n<li>\ud83d\udc59 Ota mukaan uimahousut, pyyhe ja aurinkovoide.<\/li>\n<li>\ud83d\udc63 Kenki\u00e4si ja henkil\u00f6kohtaisia tavaroitasi s\u00e4ilytet\u00e4\u00e4n turvallisesti ajon aikana.<\/li>\n<\/ul>\n<h3>\ud83d\udcac Miksi valita Jetski Circuit Tenerife?<\/h3>\n<p>T\u00e4m\u00e4 kokemus on nopea, edullinen ja t\u00e4ynn\u00e4 j\u00e4nnityst\u00e4. Se sopii t\u00e4ydellisesti, jos haluat kokeilla vesiskootterihiihtoa viett\u00e4m\u00e4tt\u00e4 puolta p\u00e4iv\u00e4\u00e4si vesill\u00e4. Rata on l\u00e4hell\u00e4 rannikkoa, sinne on helppo p\u00e4\u00e4st\u00e4, ja se sopii erinomaisesti aloittelijoille tai kaikille, jotka haluavat vain v\u00e4h\u00e4n toimintaa lomallaan.<\/p>\n<p>Saat saman j\u00e4nnityksen kuin pidemm\u00e4ll\u00e4 kierroksella, mutta lyhyess\u00e4 ja keskittyneess\u00e4 istunnossa, joka sopii t\u00e4ydellisesti suunnitelmiisi. T\u00e4m\u00e4 on yksi Costa Adejen parhaista pikaseikkailuista, olitpa sitten asumassa l\u00e4hist\u00f6ll\u00e4 tai k\u00e4ym\u00e4ss\u00e4 t\u00e4\u00e4ll\u00e4 p\u00e4iv\u00e4n ajan.<\/p>\n<h3>\u2696\ufe0f Peruutusehdot<\/h3>\n<p>Ymm\u00e4rr\u00e4mme, ett\u00e4 suunnitelmat voivat muuttua, varsinkin lomalla. Siksi tarjoamme joustavat peruutusehdot Jetski Circuitille:<\/p>\n<ul>\n<li>\u2705 Ilmainen peruutus enint\u00e4\u00e4n 24 tuntia ennen suunniteltua istuntoa.<\/li>\n<li>\u2705 T\u00e4ysi palautus, jos aktiviteetti peruutetaan s\u00e4\u00e4n tai turvallisuusolosuhteiden vuoksi.<\/li>\n<li>\u274c Alle 24 tuntia ennen toimintaa tehtyj\u00e4 peruutuksia ei hyvitet\u00e4.<\/li>\n<li>\u274c Ilmoittautumisia ei palauteta miss\u00e4\u00e4n tilanteessa.<\/li>\n<\/ul>\n<p>Jos sinun on peruutettava tai siirrett\u00e4v\u00e4 aikataulua, ota meihin yhteytt\u00e4 mahdollisimman pian, jotta voimme auttaa sinua. Olemme t\u00e4\u00e4ll\u00e4 auttaaksemme sinua nauttimaan kokemuksestasi mielenrauhassa.<\/p>\n<h3>\ud83c\udf1e Varaa vesiskootterikierroksesi nyt<\/h3>\n<p>\u00c4l\u00e4 missaa mahdollisuutta ratsastaa aalloilla yhdess\u00e4 Teneriffan kauneimmista paikoista. Tulitpa sitten yksin tai seurueen kanssa, <strong>Jetski Circuit Tenerife<\/strong> on t\u00e4ydellinen tapa lis\u00e4t\u00e4 adrenaliinia ja hauskanpitoa saarella viett\u00e4m\u00e4\u00e4si aikaan.<\/p>\n<p><strong>Varaa paikkasi t\u00e4n\u00e4\u00e4n<\/strong> ja valmistaudu 20 minuutin taukoamattomaan toimintaan Puerto Col\u00f3nin vesill\u00e4.<\/p>","protected":false},"excerpt":{"rendered":"<p><strong>\ud83d\udd0d JetSki Circuit Tenerife:<\/strong><br \/>\n<span>\u2705 Turvallinen maksu.<\/span><br \/>\n<span>\ud83c\udf1f Unohtumaton kokemus.<\/span><br \/>\n<span>\ud83d\ude80 20 minuutin piiri.<\/span><br \/>\n<span>\ud83d\udcc6 Saatavilla p\u00e4ivitt\u00e4in.<\/span><br \/>\n<span>\ud83d\udd59 Useita aikarajoja.<\/span><br \/>\n<span>\ud83d\udc66 +7 vuotta voi liitty\u00e4.<\/span><br \/>\n<span>\ud83d\udc64 +16 vuotta voi ratsastaa.<\/span><br \/>\n<span>\ud83e\udd11 Paras hinta taattu.<\/span><br \/>\n<span>\ud83d\udc6a Alennukset aktivoitu.<\/span><br \/>\n<span>\ud83d\udd01 Enint\u00e4\u00e4n 24h Peruutus.<\/span><br \/>\n<span>\ud83c\udf1f Varaa nyt ja s\u00e4\u00e4st\u00e4!<\/span><span><br \/>\n\ud83d\udea4 Useita noutopisteit\u00e4.<br \/>\n\ud83d\udccd Sijainti: Puerto Col\u00f3n.<br \/>\n<\/span><\/p>","protected":false},"featured_media":14189,"comment_status":"open","ping_status":"closed","template":"","meta":{"_acf_changed":false},"product_brand":[],"product_cat":[53],"product_tag":[],"class_list":{"0":"post-14185","1":"product","2":"type-product","3":"status-publish","4":"has-post-thumbnail","6":"product_cat-water-sports","7":"wcpa_has_options","9":"first","10":"instock","11":"virtual","12":"purchasable","13":"product-type-simple"},"acf":[],"wcpa_form_fields":{"wcpaData":{"product":{"product_price":60,"price_html":"From&nbsp;<span class=\"woocommerce-Price-amount amount\"><bdi>60,00&nbsp;<span class=\"woocommerce-Price-currencySymbol\">&euro;<\/span><\/bdi><\/span>","original_product_price":60,"price_including_tax":60,"price_excluding_tax":60,"product_id":{"parent":14185,"variation":false},"is_variable":false,"stock_status":"instock","stock_quantity":null,"parent_sku":"CV14185","product_attributes":[],"custom_fields":[],"is_taxable":false,"product_name":"JetSki Circuit Tenerife","hasImage":false},"fields":{"sec_867f8e4dbaf8ed":{"extra":{"key":"sec_867f8e4dbaf8ed","section_id":"sec_867f8e4dbaf8ed","name":"Default","status":1,"cl_rule":"show","enableCl":false,"relations":[],"toggle":true,"title_tag":"h3","show_title":false,"showPrice":"default","form_id":14187,"form_rules":{"exclude_from_discount":true,"fee_label":"Fee","disp_hide_options_price":true,"disp_show_section_price":false,"disp_show_field_price":true,"layout_option":"standard","pric_use_as_fee":false,"process_fee_as":"woo_fee"},"layout_option":"standard"},"fields":[[{"label":"\ud83d\udcc5 Date","active":true,"required":true,"elementId":"date_1067f8e4dbaf91a","picker_type":"custom","picker_mode":"single","placeholder":"","description":"","tooltip":"","name":"date_1067f8e4dbaf91a","label_position":"default","desc_position":"default","enablePrice":false,"className":"","enableCl":false,"relations":[{"operator":"and","rules":[{"operator":"AND","rules":{"cl_field":"radio-group_667e15d3bd15b0","cl_relation":"is","cl_val":"3 Hour Trip"}}]}],"date_pic_inline":true,"date_pic_inline_hide":true,"min_date":{"type":"days","val":"0"},"max_date":{"type":"days","val":"365"},"date_pic_conf":{"disabledWeeks":[]},"price":"","cl_rule":"show","col":6,"type":"date","error":false,"enableDesign":false,"LabelColor":"","gt_translate_keys":["label","placeholder","description","tooltip"],"price_dependency":false,"cl_dependency":false,"value":""}],[{"active":true,"col":6,"relations":false,"cl_rule":"show","enableCl":false,"price":"","enablePrice":false,"className":"","label_position":"default","desc_position":"default","type":"select","required":false,"elementId":"select_067f8e4dbaf935","label":"\ud83d\udccd Departure Point","name":"select_067f8e4dbaf935","values":[{"label":"Puerto Col\u00f3n","value":"Puerto Col\u00f3n","selected":true,"tempId":"aco_841","gt_translate_keys":["label"]},{"label":"Troya Beach","value":"Troya Beach","selected":false,"tempId":"aco_481","gt_translate_keys":["label"]},{"label":"Fa\u00f1ab\u00e9 Beach","value":"Fa\u00f1ab\u00e9 Beach","selected":false,"tempId":"aco_482","gt_translate_keys":["label"]},{"label":"Torviscas Beach","value":"Torviscas Beach","selected":false,"tempId":"aco_515","gt_translate_keys":["label"]},{"label":"El Duque Beach","value":"El Duque Beach","selected":false,"tempId":"aco_678","gt_translate_keys":["label"]}],"dropdown_type":"basic","error":false,"gt_translate_keys":["label"],"price_dependency":false,"cl_dependency":false,"value":""}],[{"active":true,"col":6,"relations":[{"operator":false,"rules":[{"operator":"AND","rules":{"cl_field":"radio-group_667e15d3bd15b0","cl_relation":"is","cl_val":"3 Hour Trip"}}]}],"cl_rule":"show","enableCl":false,"price":"","enablePrice":false,"className":"","label_position":"default","desc_position":"default","type":"select","required":true,"elementId":"select_067f8e4dbaf94d","label":"\u23f0 Departure Time","name":"select_067f8e4dbaf94d","values":[{"label":"11:00","value":"11:00","selected":false,"tempId":"aco_281","gt_translate_keys":["label"]},{"label":"12:00","value":"12:00","selected":false,"tempId":"aco_381","gt_translate_keys":["label"]},{"label":"13:00","value":"13:00","selected":false,"tempId":"aco_1058","gt_translate_keys":["label"]},{"label":"15:00","value":"15:00","selected":false,"tempId":"aco_444","gt_translate_keys":["label"]},{"label":"16:00","value":"16:00","selected":false,"tempId":"aco_454","gt_translate_keys":["label"]}],"dropdown_type":"basic","error":false,"placeholder":"Select Departure Time","priceOptions":"different_for_all","pricingType":"custom","isTemplate":false,"is_show_price":true,"gt_translate_keys":["label","placeholder"],"price_dependency":false,"cl_dependency":false,"value":""}]]},"sec_767f8e4dbaf94e":{"extra":{"key":"sec_767f8e4dbaf94e","section_id":"sec_767f8e4dbaf94e","name":"20 min Circuit Puerto Col\u00f3n","status":1,"cl_rule":"show","enableCl":false,"relations":[{"operator":false,"rules":[{"operator":"AND","rules":{"cl_field":"radio-group_667e15d3bd15b0","cl_relation":"is","cl_val":"1 Hour Trip"}}]}],"toggle":true,"title_tag":"h4","show_title":false,"showPrice":"default","form_id":14187,"form_rules":{"exclude_from_discount":true,"fee_label":"Fee","disp_hide_options_price":true,"disp_show_section_price":false,"disp_show_field_price":true,"layout_option":"standard","pric_use_as_fee":false,"process_fee_as":"woo_fee"},"layout_option":"standard"},"fields":[[{"contentType":"rich","active":true,"label":"","elementId":"content_667f8e4dbaf968","value":"<p>\ud83c\udf9f\ufe0f <strong>Reservation<\/strong>: Pay only a deposit now to reserve; the rest is due on the day of the activity upon arrival.<\/p>","inline":true,"name":"content_667f8e4dbaf968","enablePrice":false,"className":"","subtype":"div","enableCl":false,"relations":false,"price":"","cl_rule":"show","col":6,"type":"content","error":false,"show_in_checkout":true,"enableDesign":true,"LabelSize":"14px","DescSize":"14px","gt_translate_keys":["label","value"],"price_dependency":false,"cl_dependency":false}],[{"active":true,"col":6,"relations":false,"cl_rule":"show","enableCl":false,"price":"","enablePrice":false,"className":"","label_position":"default","desc_position":"default","type":"content","required":false,"elementId":"content_567f8e4dbaf980","label":"Number of Jet Skis","name":"content_567f8e4dbaf980","contentType":"plain","value":"","error":false,"show_in_checkout":true,"inline":false,"gt_translate_keys":["label","value"],"price_dependency":false,"cl_dependency":false}],[{"active":true,"col":6,"relations":[{"operator":false,"rules":[{"operator":"AND","rules":{"cl_field":"","cl_relation":"","cl_val":""}}]}],"cl_rule":"show","enableCl":false,"price":"60","enablePrice":true,"className":"","label_position":"default","desc_position":"default","type":"radio-group","required":false,"elementId":"radio-group_667f8e4dbaf99e","label":"","name":"radio-group_667f8e4dbaf99e","values":[{"label":"\ud83d\udc64 Single JetSki (60\u20ac)","value":"Single JetSki","selected":true,"tempId":"aco_32","tooltip":"1 Person on the JetSki.","description":"","gt_translate_keys":["label","tooltip","description"]}],"layOut":"","error":false,"checkUi":"button","priceOptions":"fixed_for_all","pricingType":"fixed","enable_quantity":true,"quantity_label":"","min_quantity":"0","options_tooltip":true,"options_description":true,"is_show_price":true,"gt_translate_keys":["label","quantity_label"],"price_dependency":["content_467f8e4dbaf9f8","content_067f8e4dbafa11","content_467f8e4dbafa29"],"cl_dependency":false,"value":""}],[{"label":"","active":true,"required":false,"elementId":"radio-group_367f8e4dbaf9bb","name":"radio-group_367f8e4dbaf9bb","label_position":"default","desc_position":"default","enablePrice":true,"className":"","enableCl":false,"relations":false,"enable_quantity":true,"quantity_label":"","min_quantity":"0","checkUi":"button","layOut":"","values":[{"label":"\ud83d\udc65 Double JetSki (70\u20ac)","value":"Double JetSki","selected":true,"tempId":"aco_32","tooltip":"2 People on the same JetSki.","description":"","gt_translate_keys":["label","tooltip","description"]}],"priceOptions":"fixed_for_all","pricingType":"fixed","price":"70","cl_rule":"show","col":6,"type":"radio-group","error":false,"options_tooltip":true,"options_description":true,"is_show_price":true,"quantity_decimal":false,"quantity_step":"1","gt_translate_keys":["label","quantity_label"],"price_dependency":["content_467f8e4dbaf9f8","content_067f8e4dbafa11","content_467f8e4dbafa29"],"cl_dependency":false,"value":""}],[{"elementId":"separator_367f8e4dbaf9d6","separatorType":"fill","separatorColor":"#66a6b6","className":"","height":"3","enableCl":false,"relations":false,"cl_rule":"show","col":6,"type":"separator","gt_translate_keys":[],"price_dependency":false,"cl_dependency":false,"value":""}],[{"active":true,"col":6,"relations":false,"cl_rule":"show","enableCl":false,"price":"({field.radio-group_667f8e4dbaf99e.price}*0.30) + ({field.radio-group_367f8e4dbaf9bb.price}*0.30)","enablePrice":true,"className":"","label_position":"default","desc_position":"default","type":"content","required":false,"elementId":"content_467f8e4dbaf9f8","label":"Deposit Now","name":"content_467f8e4dbaf9f8","contentType":"plain","value":"","error":false,"pricingType":"custom","isTemplate":false,"is_show_price":false,"enableDesign":true,"scrollBar":false,"use_as_fee":false,"fee_label":"","inline":true,"show_in_checkout":true,"subtype":"div","LabelSize":"14px","LabelColor":"","gt_translate_keys":["label","value"],"price_dependency":false,"cl_dependency":false}],[{"contentType":"plain","active":true,"label":"Payment at Arrival","elementId":"content_067f8e4dbafa11","value":"","inline":true,"show_in_checkout":true,"name":"content_067f8e4dbafa11","enablePrice":true,"className":"","fee_label":"","subtype":"div","enableCl":false,"relations":[{"operator":false,"rules":[{"operator":"AND","rules":{"cl_field":"content_467f8e4dbaf9f8","cl_relation":"is_not_empty","cl_val":""}}]}],"scrollBar":false,"enableDesign":true,"pricingType":"custom","isTemplate":false,"price":"({field.radio-group_667f8e4dbaf99e.price}*0.70) + ({field.radio-group_367f8e4dbaf9bb.price}*0.70)","use_as_fee":false,"is_show_price":true,"cl_rule":"disable","col":6,"type":"content","error":false,"LabelSize":"14px","LabelColor":"","gt_translate_keys":["label","value"],"price_dependency":false,"cl_dependency":false}],[{"contentType":"plain","active":true,"label":"Total Amount","elementId":"content_467f8e4dbafa29","value":"","inline":true,"show_in_checkout":true,"name":"content_467f8e4dbafa29","enablePrice":true,"className":"","fee_label":"","subtype":"div","enableCl":false,"relations":[{"operator":false,"rules":[{"operator":"AND","rules":{"cl_field":"content_467f8e4dbaf9f8","cl_relation":"is_not_empty","cl_val":""}}]}],"scrollBar":false,"enableDesign":true,"LabelColor":"","LabelSize":"14px","pricingType":"custom","isTemplate":false,"price":"({field.radio-group_667f8e4dbaf99e.price}) + ({field.radio-group_367f8e4dbaf9bb.price})","use_as_fee":false,"is_show_price":true,"cl_rule":"disable","col":6,"type":"content","error":false,"gt_translate_keys":["label","value"],"price_dependency":false,"cl_dependency":false}]]},"sec_367f8e4dbafa2b":{"extra":{"key":"sec_367f8e4dbafa2b","section_id":"sec_367f8e4dbafa2b","name":"Pickup Location","status":1,"cl_rule":"show","enableCl":true,"relations":[{"operator":false,"rules":[{"operator":"AND","rules":{"cl_field":"radio-group_667e15d3bd15b0","cl_relation":"is_not","cl_val":"2.5 Hour Trip"}}]}],"toggle":true,"title_tag":"h4","show_title":false,"showPrice":"default","form_id":14187,"form_rules":{"exclude_from_discount":true,"fee_label":"Fee","disp_hide_options_price":true,"disp_show_section_price":false,"disp_show_field_price":true,"layout_option":"standard","pric_use_as_fee":false,"process_fee_as":"woo_fee"},"layout_option":"standard"},"fields":[[{"active":true,"col":6,"relations":false,"cl_rule":"show","enableCl":false,"price":"","enablePrice":false,"className":"","label_position":"default","desc_position":"default","type":"separator","required":false,"elementId":"separator_367f8e4dbafa53","label":"Separator Field","height":"1","separatorType":"blank","error":false,"gt_translate_keys":["label"],"price_dependency":false,"cl_dependency":false,"value":""}],[{"active":true,"col":6,"relations":[{"operator":false,"rules":[{"operator":false,"rules":{"cl_field":"radio-group_667e15d3bd15b0","cl_relation":"is_not","cl_val":"4.5 Hour Trip from North Tenerife"}}]}],"cl_rule":"show","enableCl":false,"price":"","enablePrice":false,"className":"","label_position":"default","desc_position":"default","type":"text","subtype":"text","required":false,"elementId":"text_867f8e4dbafa67","label":"\ud83d\ude8c Pickup Location","name":"text_867f8e4dbafa67","value":"","error":false,"description":"Pick-up service in some locations. Simply provide your address or hotel name. (+2\u20ac\/person paid at pickup to the driver)","repeater":false,"repeater_field_label":"{field_label}","repeater_bind":"","gt_translate_keys":["label","description","value","repeater_field_label"],"price_dependency":false,"cl_dependency":false}]]}},"config":{"price_override":"always","enable_recaptcha":false,"bind_quantity":false,"quantity_bind_formula":false,"disp_summ_show_option_price":true,"disp_summ_show_product_price":false,"disp_summ_show_total_price":false,"disp_summ_show_fee":true,"disp_summ_show_discount":true,"summary_title":"","options_total_label":"Options Price","total_label":"Deposit Amount","options_product_label":"Product Price","fee_label":"Fee","discount_label":"Discount","has_price":true,"has_quantity_formula":false},"mc_unit":1,"tax_rate":1,"tax_rate_real":1,"discount":{"percentage":0,"fixed":0},"design":{"conf":{"LabelPosition":"above","DescPosition":"above","UploadField":"custom_1","QuantityFieldStyle":"custom_1"},"css":{"LeftLabelWidth":"120px"}},"formulas":[],"lookuptables":[],"clones":false,"cartKey":false}},"_links":{"self":[{"href":"https:\/\/canaryvip.com\/fi\/wp-json\/wp\/v2\/product\/14185","targetHints":{"allow":["GET"]}}],"collection":[{"href":"https:\/\/canaryvip.com\/fi\/wp-json\/wp\/v2\/product"}],"about":[{"href":"https:\/\/canaryvip.com\/fi\/wp-json\/wp\/v2\/types\/product"}],"replies":[{"embeddable":true,"href":"https:\/\/canaryvip.com\/fi\/wp-json\/wp\/v2\/comments?post=14185"}],"wp:featuredmedia":[{"embeddable":true,"href":"https:\/\/canaryvip.com\/fi\/wp-json\/wp\/v2\/media\/14189"}],"wp:attachment":[{"href":"https:\/\/canaryvip.com\/fi\/wp-json\/wp\/v2\/media?parent=14185"}],"wp:term":[{"taxonomy":"product_brand","embeddable":true,"href":"https:\/\/canaryvip.com\/fi\/wp-json\/wp\/v2\/product_brand?post=14185"},{"taxonomy":"product_cat","embeddable":true,"href":"https:\/\/canaryvip.com\/fi\/wp-json\/wp\/v2\/product_cat?post=14185"},{"taxonomy":"product_tag","embeddable":true,"href":"https:\/\/canaryvip.com\/fi\/wp-json\/wp\/v2\/product_tag?post=14185"}],"curies":[{"name":"wp","href":"https:\/\/api.w.org\/{rel}","templated":true}]}}