{"id":14051,"date":"2025-03-24T11:55:25","date_gmt":"2025-03-24T11:55:25","guid":{"rendered":"https:\/\/canaryvip.com\/?post_type=product&#038;p=14051"},"modified":"2025-08-09T13:55:58","modified_gmt":"2025-08-09T12:55:58","slug":"jetski-gran-canaria-tour","status":"publish","type":"product","link":"https:\/\/canaryvip.com\/fi\/shop\/jetski-gran-canaria-tour\/","title":{"rendered":"JetSki Gran Canaria Tour"},"content":{"rendered":"<h2>\ud83c\udf0a JetSki Gran Canarian safarikierros<\/h2>\n<p>Valmistaudu ainutlaatuiseen meriseikkailuun j\u00e4nnitt\u00e4v\u00e4ll\u00e4 ja j\u00e4nnitt\u00e4v\u00e4ll\u00e4 <strong>jetski Gran Canaria<\/strong> kokemus. T\u00e4m\u00e4 1 tunnin mittainen opastettu kierros l\u00e4htee osoitteesta <a href=\"https:\/\/maps.app.goo.gl\/wvmuLbrgqyykEXRA9\" target=\"_blank\" rel=\"noopener\">Playa de Mog\u00e1n<\/a> tai <a href=\"https:\/\/maps.app.goo.gl\/qQX9BVijLLwy2Ldn9\" target=\"_blank\" rel=\"noopener\">Playa de Taurito<\/a> ja vie sinut pitkin saaren etel\u00e4osan upeimpia rannikkomaisemia. Aikaisempaa kokemusta ei tarvita - tuo mukanasi vain tarmokkuutesi, niin me huolehdimme lopusta!<\/p>\n<h3>\u23f1\ufe0f 1 tunnin vesiskootterisafari: Unohtumattomat n\u00e4kym\u00e4t.<\/h3>\n<ul>\n<li><strong>Maisemareitti:<\/strong> Aja omalla vesiskootterilla pitkin tulivuoriper\u00e4isi\u00e4 kallioita ja tutustu Tasarticon kaltaisiin luonnonluoliin (meriolosuhteet sallivat) ja suuntaa aina Tasarten rannalle asti.<\/li>\n<li><strong>Meriel\u00e4inten havainnointi:<\/strong> T\u00e4ll\u00e4 reitill\u00e4 n\u00e4hd\u00e4\u00e4n usein kilpikonnia, lent\u00e4vi\u00e4 kaloja ja jopa delfiinej\u00e4, joten se on muutakin kuin pelkk\u00e4\u00e4 j\u00e4nnityst\u00e4.<\/li>\n<li><strong>Hauskaa ja turvallista kaikille:<\/strong> Lisenssi\u00e4 tai kokemusta ei tarvita. Kuljettajien on oltava 16 vuotta t\u00e4ytt\u00e4neit\u00e4 voidakseen ajaa yksin. 16-17-vuotiaat kuljettajat tarvitsevat vanhemman allekirjoittaman suostumuksen ja voimassa olevan henkil\u00f6todistuksen.<\/li>\n<\/ul>\n<h3>\ud83d\udcf8 Valokuvamuistoja ikuisesti s\u00e4ilytett\u00e4v\u00e4ksi<\/h3>\n<p>Oppaasi ottaa toimintakuvia ratsastuksen aikana. Halutessasi voit ostaa ne kierroksen j\u00e4lkeen - t\u00e4ydellinen tapa muistella <strong>jetski safari Gran Canaria<\/strong>.<\/p>\n<h3>\u2705 Mit\u00e4 Jetski Gran Canaria -kokemukseen sis\u00e4ltyy?<\/h3>\n<ul>\n<li>1 tunti <strong>jetski safari Gran Canaria<\/strong> ammattitaitoisen oppaan kanssa<\/li>\n<li>Helppo turvallisuustiedotus ja vesiskootterin k\u00e4ytt\u00f6ohjeet<\/li>\n<li>Laadukkaat vesiskootterit ja pelastusliivit<\/li>\n<li>T\u00e4ysi vakuutus sis\u00e4ltyy<\/li>\n<li>Henkil\u00f6kohtaisten tavaroiden s\u00e4ilytykseen tarkoitetut kaapit ovat vapaasti k\u00e4ytett\u00e4viss\u00e4.<\/li>\n<li>Valinnainen ammattimainen valokuvauspalvelu (ostettavissa toiminnan j\u00e4lkeen)<\/li>\n<\/ul>\n<h3>\ud83c\udf26\ufe0f T\u00e4rke\u00e4\u00e4: S\u00e4\u00e4olosuhteet<\/h3>\n<p>Toiminta riippuu meri- ja s\u00e4\u00e4olosuhteista. Jos merenk\u00e4ynti on kovaa tai s\u00e4\u00e4 on huono, retki voidaan siirt\u00e4\u00e4 turvallisuutesi vuoksi.<\/p>\n<h3>\u2696\ufe0f Peruutusehdot<\/h3>\n<p>Suunnitelmat muuttuvat - ymm\u00e4rr\u00e4mme sen. Siksi tarjoamme reilun ja l\u00e4pin\u00e4kyv\u00e4n peruutusehdon:<\/p>\n<ul>\n<li><strong>Yli 48 tuntia etuk\u00e4teen:<\/strong> T\u00e4ysi palautus suoritetusta maksusta.<\/li>\n<li><strong>24-48 tuntia ennen toimintaa:<\/strong> 30% peruutusmaksu.<\/li>\n<li><strong>Alle 24 tuntia tai ei-esiintyminen:<\/strong> Rahaa ei palauteta.<\/li>\n<\/ul>\n<p>Suosittelemme, ett\u00e4 teet varauksen ajoissa ja ilmoitat meille mahdollisimman pian, jos sinun on teht\u00e4v\u00e4 muutoksia varaukseesi.<\/p>\n<h3>\ud83e\uddf3 Mit\u00e4 kannattaa ottaa mukaan ja tiet\u00e4\u00e4 ennen l\u00e4ht\u00f6\u00e4si?<\/h3>\n<ul>\n<li><strong>Ota mukaan:<\/strong> Uimavaatteet, pyyhe ja aurinkovoide ovat v\u00e4ltt\u00e4m\u00e4tt\u00f6mi\u00e4. Vedenkest\u00e4v\u00e4 kamera on hyv\u00e4, jos haluat ottaa omia valokuvia!<\/li>\n<li><strong>Mukavuusvaihtoehdot:<\/strong> Kylpypukuja on saatavilla, jos haluat lis\u00e4suojaa, tai voit ratsastaa uimahousuissasi.<\/li>\n<li><strong>Jalkineet:<\/strong> S\u00e4ilyt\u00e4mme kenk\u00e4si turvallisesti, kun olet vesill\u00e4.<\/li>\n<\/ul>\n<h3>\ud83c\udf1f Miksi varata CanaryVIP:n kanssa?<\/h3>\n<p>Osoitteessa <strong>CanaryVIP,<\/strong>\u00a0teemme yhteisty\u00f6t\u00e4 Kanariansaarten luotettavimpien ja kokeneimpien paikallisten kumppanien kanssa, jotta voimme tarjota sinulle turvallisia ja laadukkaita kokemuksia. T\u00e4m\u00e4 <strong>jetski Gran Canaria<\/strong> matkan j\u00e4rjest\u00e4\u00e4 sertifioitu paikallinen palveluntarjoaja, joka on huolella valittu varmistamaan, ett\u00e4 saat seikkailustasi kaiken irti.<\/p>\n<h3>\u26f5 Etsitk\u00f6 eksklusiivisempaa meriel\u00e4myst\u00e4?<\/h3>\n<p>Haluatko vied\u00e4 merell\u00e4 vietetyn p\u00e4iv\u00e4n seuraavalle tasolle? Tutustu <a href=\"https:\/\/canaryvip.com\/fi\/gran-canaria\/boat-hire-gran-canaria\/\" target=\"_blank\" rel=\"noopener\"><strong>yksityinen veneenvuokraus Gran Canaria<\/strong><\/a> ja <strong>jahdin vuokraus<\/strong> vaihtoehtoja - ihanteellinen pariskunnille, perheille ja ryhmille, jotka haluavat jotain henkil\u00f6kohtaisempaa ja ylellisemp\u00e4\u00e4.<\/p>\n<ul>\n<li><strong>Yksityinen veneenvuokraus:<\/strong> Tutustu piilotettuihin rantoihin ja ui kristallinkirkkaissa vesiss\u00e4 oman veneen ja kipparin kanssa.<\/li>\n<li><strong>Ylellinen huviveneen vuokraus:<\/strong> Nauti ensiluokkaisista palveluista, juomista, v\u00e4lipaloista ja t\u00e4ydellisest\u00e4 rentoutumisesta tyylill\u00e4.<\/li>\n<li><strong>Erityistapahtumat:<\/strong> Juhli syntym\u00e4p\u00e4ivi\u00e4, kosintaa tai yksinkertaisesti nauti ainutlaatuisesta p\u00e4iv\u00e4st\u00e4 merell\u00e4 rakkaidesi kanssa.<\/li>\n<\/ul>\n<p>Mik\u00e4 tahansa tunnelmasi onkaan, <strong>CanaryVIP<\/strong> on t\u00e4ydellinen vene unohtumattomaan p\u00e4iv\u00e4\u00e4n Atlantilla.<\/p>\n<h3>\ud83c\udf1e Valmiina ratsastamaan?<\/h3>\n<p>\u00c4l\u00e4 missaa tilaisuutta kokea j\u00e4nnityst\u00e4 <strong>jetski safari Gran Canaria<\/strong> ja tutustu rannikkoon aivan uudesta n\u00e4k\u00f6kulmasta. <strong>Varaa nyt <a href=\"https:\/\/canaryvip.com\/fi\/\" target=\"_blank\" rel=\"noopener\">CanaryVIP<\/a><\/strong> ja tee Gran Canarialla viett\u00e4m\u00e4st\u00e4si ajasta t\u00e4ysin unohtumatonta. \ud83c\udf0a\ud83d\udca8<\/p>","protected":false},"excerpt":{"rendered":"<p><strong>\ud83d\udd0d JetSki Gran Canaria:<\/strong><br \/>\n\u2705 Turvallinen maksu.<br \/>\n\ud83c\udf1f Unohtumaton kokemus.<br \/>\n\ud83d\ude80 1 tunnin retket.<br \/>\n\ud83d\udcc6 P\u00e4ivitt\u00e4iset kierrokset.<br \/>\n\ud83d\udd59 Useita aikarajoja.<br \/>\n\ud83d\udc66 +7 vuotta voi liitty\u00e4.<br \/>\n\ud83d\udc64 +16 vuotta voi ratsastaa.<br \/>\n\ud83e\udd11 Paras hinta taattu.<br \/>\n\ud83d\ude8d Kuljetuspalvelu saatavilla.<br \/>\n\ud83d\udc6a Alennukset aktivoitu.<br \/>\n\ud83d\udd01 Enint\u00e4\u00e4n 48h Peruuttaminen.<br \/>\n\ud83c\udf0d Monikieliset oppaat.<br \/>\n\ud83c\udf1f Varaa nyt ja s\u00e4\u00e4st\u00e4!<br \/>\n\ud83d\udccd Mog\u00e1n &amp; Taurito.<\/p>","protected":false},"featured_media":14054,"comment_status":"open","ping_status":"closed","template":"","meta":{"_acf_changed":false},"product_brand":[],"product_cat":[135],"product_tag":[],"class_list":{"0":"post-14051","1":"product","2":"type-product","3":"status-publish","4":"has-post-thumbnail","6":"product_cat-watersports","7":"wcpa_has_options","9":"first","10":"instock","11":"virtual","12":"purchasable","13":"product-type-simple"},"acf":[],"wcpa_form_fields":{"wcpaData":{"product":{"product_price":130,"price_html":"From&nbsp;<span class=\"woocommerce-Price-amount amount\"><bdi>130,00&nbsp;<span class=\"woocommerce-Price-currencySymbol\">&euro;<\/span><\/bdi><\/span>","original_product_price":130,"price_including_tax":130,"price_excluding_tax":130,"product_id":{"parent":14051,"variation":false},"is_variable":false,"stock_status":"instock","stock_quantity":null,"parent_sku":"CV14051","product_attributes":[],"custom_fields":[],"is_taxable":false,"product_name":"JetSki Gran Canaria Tour","hasImage":false},"fields":{"sec_1067e15d3bd1502":{"extra":{"key":"sec_1067e15d3bd1502","section_id":"sec_1067e15d3bd1502","name":"Default","status":1,"cl_rule":"show","enableCl":false,"relations":[],"toggle":true,"title_tag":"h3","show_title":false,"showPrice":"default","form_id":14059,"form_rules":{"exclude_from_discount":true,"fee_label":"Fee","disp_hide_options_price":true,"disp_show_section_price":false,"disp_show_field_price":true,"layout_option":"standard","pric_use_as_fee":false,"process_fee_as":"woo_fee"},"layout_option":"standard"},"fields":[[{"label":"\ud83d\udcc5 Date","active":true,"required":true,"elementId":"date_267e15d3bd1546","picker_type":"custom","picker_mode":"single","placeholder":"","description":"","tooltip":"","name":"date_267e15d3bd1546","label_position":"default","desc_position":"default","enablePrice":false,"className":"","enableCl":false,"relations":[{"operator":"and","rules":[{"operator":"AND","rules":{"cl_field":"radio-group_667e15d3bd15b0","cl_relation":"is","cl_val":"3 Hour Trip"}}]}],"date_pic_inline":true,"date_pic_inline_hide":true,"min_date":{"type":"days","val":"0"},"max_date":{"type":"days","val":"365"},"date_pic_conf":{"disabledWeeks":[]},"price":"","cl_rule":"show","col":6,"type":"date","error":false,"enableDesign":false,"LabelColor":"","gt_translate_keys":["label","placeholder","description","tooltip"],"price_dependency":false,"cl_dependency":false,"value":""}],[{"active":true,"col":6,"relations":false,"cl_rule":"show","enableCl":false,"price":"","enablePrice":false,"className":"","label_position":"default","desc_position":"default","type":"select","required":false,"elementId":"select_167e15d3bd155d","label":"\ud83d\udccd Departure Point","name":"select_167e15d3bd155d","values":[{"label":"Mog\u00e1n Beach","value":"Mogan","selected":false,"tempId":"aco_481","gt_translate_keys":["label"]},{"label":"Taurito Beach","value":"Taurito","selected":false,"tempId":"aco_482","gt_translate_keys":["label"]}],"dropdown_type":"basic","error":false,"gt_translate_keys":["label"],"price_dependency":false,"cl_dependency":false,"value":""}],[{"active":true,"col":6,"relations":[{"operator":false,"rules":[{"operator":"AND","rules":{"cl_field":"radio-group_667e15d3bd15b0","cl_relation":"is","cl_val":"3 Hour Trip"}}]}],"cl_rule":"show","enableCl":false,"price":"","enablePrice":false,"className":"","label_position":"default","desc_position":"default","type":"select","required":true,"elementId":"select_867e15d3bd1593","label":"\u23f0 Departure Time","name":"select_867e15d3bd1593","values":[{"label":"9:00","value":"9:00","selected":false,"tempId":"aco_1450","gt_translate_keys":["label"]},{"label":"10:00","value":"10:00","selected":false,"tempId":"aco_37","gt_translate_keys":["label"]},{"label":"11:00","value":"11:00","selected":false,"tempId":"aco_281","gt_translate_keys":["label"]},{"label":"12:00","value":"12:00","selected":false,"tempId":"aco_381","gt_translate_keys":["label"]},{"label":"15:00","value":"15:00","selected":false,"tempId":"aco_444","gt_translate_keys":["label"]},{"label":"16:15","value":"16:15","selected":false,"tempId":"aco_454","gt_translate_keys":["label"]}],"dropdown_type":"basic","error":false,"placeholder":"Select Departure Time","priceOptions":"different_for_all","pricingType":"custom","isTemplate":false,"is_show_price":true,"gt_translate_keys":["label","placeholder"],"price_dependency":false,"cl_dependency":false,"value":""}]]},"sec_367e15d3bd15b1":{"extra":{"key":"sec_367e15d3bd15b1","section_id":"sec_367e15d3bd15b1","name":"1H Tour Gran Canaria","status":1,"cl_rule":"show","enableCl":false,"relations":[{"operator":false,"rules":[{"operator":"AND","rules":{"cl_field":"radio-group_667e15d3bd15b0","cl_relation":"is","cl_val":"1 Hour Trip"}}]}],"toggle":true,"title_tag":"h4","show_title":false,"showPrice":"default","form_id":14059,"form_rules":{"exclude_from_discount":true,"fee_label":"Fee","disp_hide_options_price":true,"disp_show_section_price":false,"disp_show_field_price":true,"layout_option":"standard","pric_use_as_fee":false,"process_fee_as":"woo_fee"},"layout_option":"standard"},"fields":[[{"contentType":"rich","active":true,"label":"","elementId":"content_967e15d3bd15e4","value":"<p>\ud83c\udf9f\ufe0f <strong>Reservation<\/strong>: Pay only a deposit now to reserve; the rest is due on the day of the activity upon arrival.<\/p>","inline":true,"name":"content_967e15d3bd15e4","enablePrice":false,"className":"","subtype":"div","enableCl":false,"relations":false,"price":"","cl_rule":"show","col":6,"type":"content","error":false,"show_in_checkout":true,"enableDesign":true,"LabelSize":"14px","DescSize":"14px","gt_translate_keys":["label","value"],"price_dependency":false,"cl_dependency":false}],[{"active":true,"col":6,"relations":false,"cl_rule":"show","enableCl":false,"price":"","enablePrice":false,"className":"","label_position":"default","desc_position":"default","type":"content","required":false,"elementId":"content_167e15d3bd15fc","label":"Number of Jet Skis for 1 Hour","name":"content_167e15d3bd15fc","contentType":"plain","value":"","error":false,"show_in_checkout":true,"inline":false,"gt_translate_keys":["label","value"],"price_dependency":false,"cl_dependency":false}],[{"active":true,"col":6,"relations":[{"operator":false,"rules":[{"operator":"AND","rules":{"cl_field":"","cl_relation":"","cl_val":""}}]}],"cl_rule":"show","enableCl":false,"price":"130","enablePrice":true,"className":"","label_position":"default","desc_position":"default","type":"radio-group","required":false,"elementId":"radio-group_967e15d3bd1618","label":"","name":"radio-group_967e15d3bd1618","values":[{"label":"\ud83d\udc64 Single JetSki (130\u20ac)","value":"Single JetSki","selected":true,"tempId":"aco_32","tooltip":"1 Person on the JetSki.","description":"","gt_translate_keys":["label","tooltip","description"]}],"layOut":"","error":false,"checkUi":"button","priceOptions":"fixed_for_all","pricingType":"fixed","enable_quantity":true,"quantity_label":"","min_quantity":"0","options_tooltip":true,"options_description":true,"is_show_price":true,"gt_translate_keys":["label","quantity_label"],"price_dependency":["content_167e15d3bd1666","content_267e15d3bd167e","content_667e15d3bd1696"],"cl_dependency":false,"value":""}],[{"label":"","active":true,"required":false,"elementId":"radio-group_067e15d3bd1635","name":"radio-group_067e15d3bd1635","label_position":"default","desc_position":"default","enablePrice":true,"className":"","enableCl":false,"relations":false,"enable_quantity":true,"quantity_label":"","min_quantity":"0","checkUi":"button","layOut":"","values":[{"label":"\ud83d\udc65 Double JetSki (150\u20ac)","value":"Double JetSki","selected":true,"tempId":"aco_32","tooltip":"2 People on the same JetSki.","description":"","gt_translate_keys":["label","tooltip","description"]}],"priceOptions":"fixed_for_all","pricingType":"fixed","price":"150","cl_rule":"show","col":6,"type":"radio-group","error":false,"options_tooltip":true,"options_description":true,"is_show_price":true,"quantity_decimal":false,"quantity_step":"1","gt_translate_keys":["label","quantity_label"],"price_dependency":["content_167e15d3bd1666","content_267e15d3bd167e","content_667e15d3bd1696"],"cl_dependency":false,"value":""}],[{"elementId":"separator_767e15d3bd164f","separatorType":"fill","separatorColor":"#66a6b6","className":"","height":"3","enableCl":false,"relations":false,"cl_rule":"show","col":6,"type":"separator","gt_translate_keys":[],"price_dependency":false,"cl_dependency":false,"value":""}],[{"active":true,"col":6,"relations":false,"cl_rule":"show","enableCl":false,"price":"({field.radio-group_967e15d3bd1618.price}*0.30) + ({field.radio-group_067e15d3bd1635.price}*0.30)","enablePrice":true,"className":"","label_position":"default","desc_position":"default","type":"content","required":false,"elementId":"content_167e15d3bd1666","label":"Deposit Now","name":"content_167e15d3bd1666","contentType":"plain","value":"","error":false,"pricingType":"custom","isTemplate":false,"is_show_price":false,"enableDesign":true,"scrollBar":false,"use_as_fee":false,"fee_label":"","inline":true,"show_in_checkout":true,"subtype":"div","LabelSize":"14px","LabelColor":"","gt_translate_keys":["label","value"],"price_dependency":false,"cl_dependency":false}],[{"contentType":"plain","active":true,"label":"Payment at Arrival","elementId":"content_267e15d3bd167e","value":"","inline":true,"show_in_checkout":true,"name":"content_267e15d3bd167e","enablePrice":true,"className":"","fee_label":"","subtype":"div","enableCl":false,"relations":[{"operator":false,"rules":[{"operator":"AND","rules":{"cl_field":"content_167e15d3bd1666","cl_relation":"is_not_empty","cl_val":""}}]}],"scrollBar":false,"enableDesign":true,"pricingType":"custom","isTemplate":false,"price":"({field.radio-group_967e15d3bd1618.price}*0.70) + ({field.radio-group_067e15d3bd1635.price}*0.70)","use_as_fee":false,"is_show_price":true,"cl_rule":"disable","col":6,"type":"content","error":false,"LabelSize":"14px","LabelColor":"","gt_translate_keys":["label","value"],"price_dependency":false,"cl_dependency":false}],[{"contentType":"plain","active":true,"label":"Total Amount","elementId":"content_667e15d3bd1696","value":"","inline":true,"show_in_checkout":true,"name":"content_667e15d3bd1696","enablePrice":true,"className":"","fee_label":"","subtype":"div","enableCl":false,"relations":[{"operator":false,"rules":[{"operator":"AND","rules":{"cl_field":"content_167e15d3bd1666","cl_relation":"is_not_empty","cl_val":""}}]}],"scrollBar":false,"enableDesign":true,"LabelColor":"","LabelSize":"14px","pricingType":"custom","isTemplate":false,"price":"({field.radio-group_967e15d3bd1618.price}) + ({field.radio-group_067e15d3bd1635.price})","use_as_fee":false,"is_show_price":true,"cl_rule":"disable","col":6,"type":"content","error":false,"gt_translate_keys":["label","value"],"price_dependency":false,"cl_dependency":false}]]},"sec_567e15d3bd1860":{"extra":{"key":"sec_567e15d3bd1860","section_id":"sec_567e15d3bd1860","name":"Pickup Location","status":1,"cl_rule":"show","enableCl":true,"relations":[{"operator":false,"rules":[{"operator":"AND","rules":{"cl_field":"radio-group_667e15d3bd15b0","cl_relation":"is_not","cl_val":"2.5 Hour Trip"}}]}],"toggle":true,"title_tag":"h4","show_title":false,"showPrice":"default","form_id":14059,"form_rules":{"exclude_from_discount":true,"fee_label":"Fee","disp_hide_options_price":true,"disp_show_section_price":false,"disp_show_field_price":true,"layout_option":"standard","pric_use_as_fee":false,"process_fee_as":"woo_fee"},"layout_option":"standard"},"fields":[[{"active":true,"col":6,"relations":false,"cl_rule":"show","enableCl":false,"price":"","enablePrice":false,"className":"","label_position":"default","desc_position":"default","type":"separator","required":false,"elementId":"separator_267e15d3bd187a","label":"Separator Field","height":"1","separatorType":"blank","error":false,"gt_translate_keys":["label"],"price_dependency":false,"cl_dependency":false,"value":""}],[{"active":true,"col":6,"relations":[{"operator":false,"rules":[{"operator":false,"rules":{"cl_field":"radio-group_667e15d3bd15b0","cl_relation":"is_not","cl_val":"4.5 Hour Trip from North Tenerife"}}]}],"cl_rule":"show","enableCl":false,"price":"","enablePrice":false,"className":"","label_position":"default","desc_position":"default","type":"text","subtype":"text","required":false,"elementId":"text_967e15d3bd188f","label":"\ud83d\ude8c Pickup Location","name":"text_967e15d3bd188f","value":"","error":false,"description":"Pick-up service in some locations. Simply provide your address or hotel name. (+2\u20ac\/person paid at pickup to the driver)","repeater":false,"repeater_field_label":"{field_label}","repeater_bind":"","gt_translate_keys":["label","description","value","repeater_field_label"],"price_dependency":false,"cl_dependency":false}]]}},"config":{"price_override":"always","enable_recaptcha":false,"bind_quantity":false,"quantity_bind_formula":false,"disp_summ_show_option_price":true,"disp_summ_show_product_price":false,"disp_summ_show_total_price":false,"disp_summ_show_fee":true,"disp_summ_show_discount":true,"summary_title":"","options_total_label":"Options Price","total_label":"Deposit Amount","options_product_label":"Product Price","fee_label":"Fee","discount_label":"Discount","has_price":true,"has_quantity_formula":false},"mc_unit":1,"tax_rate":1,"tax_rate_real":1,"discount":{"percentage":0,"fixed":0},"design":{"conf":{"LabelPosition":"above","DescPosition":"above","UploadField":"custom_1","QuantityFieldStyle":"custom_1"},"css":{"LeftLabelWidth":"120px"}},"formulas":[],"lookuptables":[],"clones":false,"cartKey":false}},"_links":{"self":[{"href":"https:\/\/canaryvip.com\/fi\/wp-json\/wp\/v2\/product\/14051","targetHints":{"allow":["GET"]}}],"collection":[{"href":"https:\/\/canaryvip.com\/fi\/wp-json\/wp\/v2\/product"}],"about":[{"href":"https:\/\/canaryvip.com\/fi\/wp-json\/wp\/v2\/types\/product"}],"replies":[{"embeddable":true,"href":"https:\/\/canaryvip.com\/fi\/wp-json\/wp\/v2\/comments?post=14051"}],"wp:featuredmedia":[{"embeddable":true,"href":"https:\/\/canaryvip.com\/fi\/wp-json\/wp\/v2\/media\/14054"}],"wp:attachment":[{"href":"https:\/\/canaryvip.com\/fi\/wp-json\/wp\/v2\/media?parent=14051"}],"wp:term":[{"taxonomy":"product_brand","embeddable":true,"href":"https:\/\/canaryvip.com\/fi\/wp-json\/wp\/v2\/product_brand?post=14051"},{"taxonomy":"product_cat","embeddable":true,"href":"https:\/\/canaryvip.com\/fi\/wp-json\/wp\/v2\/product_cat?post=14051"},{"taxonomy":"product_tag","embeddable":true,"href":"https:\/\/canaryvip.com\/fi\/wp-json\/wp\/v2\/product_tag?post=14051"}],"curies":[{"name":"wp","href":"https:\/\/api.w.org\/{rel}","templated":true}]}}