{"id":13568,"date":"2025-01-14T17:37:29","date_gmt":"2025-01-14T17:37:29","guid":{"rendered":"https:\/\/canaryvip.com\/?post_type=product&#038;p=13568"},"modified":"2026-02-06T11:13:54","modified_gmt":"2026-02-06T11:13:54","slug":"peter-pan-pirate-ship-tenerife","status":"publish","type":"product","link":"https:\/\/canaryvip.com\/fi\/shop\/peter-pan-pirate-ship-tenerife\/","title":{"rendered":"Peter Panin merirosvolaiva Teneriffalla"},"content":{"rendered":"<section class=\"l-section wpb_row height_medium\"><div class=\"l-section-h i-cf\"><div class=\"g-cols vc_row via_flex valign_top type_default stacking_default\"><div class=\"vc_col-sm-12 wpb_column vc_column_container\"><div class=\"vc_column-inner\"><div class=\"wpb_wrapper\"><div class=\"wpb_text_column\"><div class=\"wpb_wrapper\"><h2>\ud83d\udea2 Tutustu Peter Panin merirosvolaivaan<\/h2>\n<p class=\"translation-block\">Etsitk\u00f6 erilaista <strong>veneretke\u00e4 Teneriffalla<\/strong>? Kiipe\u00e4 <strong>Peter Pan -piraattilaivan<\/strong>, aidon portugalilaisen kuunarin kyytiin, joka on t\u00e4ynn\u00e4 charmia ja seikkailua. Matkustitpa sitten perheen, yst\u00e4vien tai kumppanisi kanssa, t\u00e4m\u00e4 kokemus tarjoaa t\u00e4ydellisen yhdistelm\u00e4n j\u00e4nnityst\u00e4, rentoutumista ja upeita n\u00e4kymi\u00e4 Teneriffan etel\u00e4rannikolle.<\/p>\n<p>Aluksessa on kaksi kylpyhuonetta, varjoisa oleskelualue, suuri keskip\u00f6yt\u00e4 ja yl\u00e4kansi, jossa voit ottaa aurinkoa purjehtiessasi pitkin Atlantin valtamerta.<\/p>\n<h3>\ud83d\udc2c N\u00e4e valaita ja delfiinej\u00e4 luonnossa<\/h3>\n<p class=\"translation-block\">T\u00e4m\u00e4 <strong>Los Cristianosin satamasta<\/strong> l\u00e4htev\u00e4 <strong>Teneriffan veneretki<\/strong> vie sinut yhdelle Kanariansaarten parhaista paikoista n\u00e4hd\u00e4 luonnonvaraisia delfiinej\u00e4 ja luotovalaita l\u00e4helt\u00e4. Merisafarin j\u00e4lkeen vene ankkuroituu l\u00e4helle kauniita merensuojelualueita Palm-Marissa tai La Caletassa, jossa sinulla on mahdollisuus uida kristallinkirkkaissa vesiss\u00e4.<\/p>\n<h3>\ud83d\udd52 Kiertuevaihtoehdot ja saatavuus<\/h3>\n<ul>\n<li><strong>2-tuntinen kierros:<\/strong> Nopea ja hauska meriseikkailu luotsivalaiden\/delfiinien havaitsemiseksi. <em>Ruoka ja juomat eiv\u00e4t sis\u00e4lly hintaan, mutta voit ostaa niit\u00e4 laivalta.<\/em><\/li>\n<li class=\"translation-block\"><strong>3 tunnin retki:<\/strong> Sis\u00e4lt\u00e4\u00e4 uinnin ja t\u00e4yden lounaan juomineen. L\u00e4ht\u00f6 klo 10:00. <strong>T\u00e4m\u00e4 versio on saatavilla vain rajoitetun ajan.<\/strong> Tarkista vapaat p\u00e4iv\u00e4m\u00e4\u00e4r\u00e4t varauskalenterista.<\/li>\n<\/ul>\n<h3>\ud83c\udf7d\ufe0f Lounas ja juomat (sis\u00e4ltyy vain 3-tuntiseen retkeen).<\/h3>\n<ul>\n<li><strong>Lounasmenu:<\/strong> Riisi\u00e4 vihannesten kanssa, lihapullia, salaattia, leip\u00e4\u00e4 ja tuoreita hedelmi\u00e4.<\/li>\n<li><strong>Juomat:<\/strong> Vesi ja virvoitusjuomat. Lounaalla tarjoillaan olutta ja viini\u00e4.<\/li>\n<\/ul>\n<h3>\ud83c\udf1f Miksi valita Peter Pan -venekierros?<\/h3>\n<ul>\n<li>Perheyst\u00e4v\u00e4llinen merirosvolaiva, jossa on runsaasti tilaa ja varjoisia istuimia.<\/li>\n<li>Yl\u00e4kerta auringon yst\u00e4ville ja ly\u00f6m\u00e4tt\u00f6m\u00e4t n\u00e4kym\u00e4t rannikolle.<\/li>\n<li>L\u00e4ht\u00f6paikka on Los Cristianos, joka sijaitsee k\u00e4tev\u00e4sti ja keskeisell\u00e4 paikalla Teneriffan etel\u00e4osassa.<\/li>\n<\/ul>\n<h3>\ud83d\udcac Varaus- ja peruutusehdot<\/h3>\n<ul>\n<li><strong>Yli 48 tuntia etuk\u00e4teen:<\/strong> 90%-tuki (10% s\u00e4ilytet\u00e4\u00e4n k\u00e4sittely\u00e4 varten).<\/li>\n<li><strong>Alle 48 tuntia tai ei-esiintyminen:<\/strong> Ei hyvityst\u00e4.<\/li>\n<li>Jos retki peruuntuu s\u00e4\u00e4n tai muun syyn vuoksi, saat t\u00e4yden hyvityksen tai mahdollisuuden siirt\u00e4\u00e4 retken ajankohtaa.<\/li>\n<\/ul>\n<h3>\ud83d\udccd L\u00e4ht\u00f6paikka<\/h3>\n<p class=\"translation-block\"><strong>Peter Panin merirosvolaiva<\/strong> l\u00e4htee <a href=\"https:\/\/maps.app.goo.gl\/zqPYNAARb6LiE5tZ7\" target=\"_blank\" rel=\"noopener\">Los Cristianosin satamasta<\/a>. Saavu paikalle v\u00e4hint\u00e4\u00e4n 30 minuuttia ennen l\u00e4ht\u00f6aikaa, jotta laivaan nousu sujuisi ongelmitta.<\/p>\n<h3>\ud83c\udf34 Varaa Teneriffan veneretki CanaryVIP:lt\u00e4!<\/h3>\n<p class=\"translation-block\">Me CanaryVIP:ss\u00e4 olemme erikoistuneet <strong>unohtumattomiin venematkoihin Teneriffalla<\/strong>. Peter Panin merirosvolaiva on yksi suosituimmista vaihtoehdoistamme - sekoitus seikkailua, luontoa ja rentoutumista avomerell\u00e4.<\/p>\n<p>T\u00e4m\u00e4 on t\u00e4ydellinen tapa nauttia Teneriffan rannikosta ja meriel\u00e4m\u00e4st\u00e4, olitpa sitten matkalla lasten, yst\u00e4vien tai pariskunnan kanssa.<\/p>\n<p class=\"translation-block\">\ud83d\udc49 <strong>\u00c4l\u00e4 j\u00e4\u00e4 paitsi - varaa paikkasi nyt!<\/strong> 3 tunnin kierros lounaalla ja juomilla on saatavilla vain rajoitetun ajan.<\/p>\n<\/div><\/div><\/div><\/div><\/div><\/div><\/div><\/section>","protected":false},"excerpt":{"rendered":"<p><strong>\ud83d\udd0d Peter Pan -vene Teneriffalla:<\/strong><br \/>\n<span>\u2705 Turvallinen maksu.<\/span><br \/>\n<span>\ud83d\udc0b Valaan ja delfiinin havaitseminen.<br \/>\n<\/span><span>\ud83d\ude80 2H Tours.<br \/>\n\ud83d\udd59 P\u00e4ivitt\u00e4in klo 10:00, 12:00 ja 14:00.<br \/>\n<\/span><span>\ud83d\udc65 Jopa 60 henkil\u00f6\u00e4.<\/span><span><br \/>\n\ud83d\ude8c Nouto Teneriffan etel\u00e4osasta.<br \/>\n<\/span>\ud83d\udebd WC aluksella.<br \/>\n<span>\ud83e\udd11 Paras hinta taattu.<\/span><br \/>\n<span>\ud83d\udc6a Alennukset aktivoitu.<\/span><br \/>\n<span>\ud83d\udd01 Enint\u00e4\u00e4n 48h Peruuttaminen.<\/span><br \/>\n<span>\ud83c\udf0d Monikieliset oppaat.<\/span><br \/>\n<span>\ud83c\udf1f Varaa nyt ja s\u00e4\u00e4st\u00e4!<\/span><br \/>\n<span>\ud83d\udccd L\u00e4ht\u00f6 <a href=\"https:\/\/maps.app.goo.gl\/US7ie1SCwfu1Mhxm7\">Los Cristianos<\/a>.<\/span><\/p>","protected":false},"featured_media":13574,"comment_status":"open","ping_status":"closed","template":"","meta":{"_acf_changed":false},"product_brand":[],"product_cat":[46],"product_tag":[],"class_list":{"0":"post-13568","1":"product","2":"type-product","3":"status-publish","4":"has-post-thumbnail","6":"product_cat-boat-excursions","7":"wcpa_has_options","9":"first","10":"instock","11":"virtual","12":"purchasable","13":"product-type-simple"},"acf":[],"wcpa_form_fields":{"wcpaData":{"product":{"product_price":27,"price_html":"From&nbsp;<span class=\"woocommerce-Price-amount amount\"><bdi>27,00&nbsp;<span class=\"woocommerce-Price-currencySymbol\">&euro;<\/span><\/bdi><\/span>","original_product_price":27,"price_including_tax":27,"price_excluding_tax":27,"product_id":{"parent":13568,"variation":false},"is_variable":false,"stock_status":"instock","stock_quantity":null,"parent_sku":"CV13568","product_attributes":[],"custom_fields":[],"is_taxable":false,"product_name":"Peter Pan Pirate Ship Tenerife","hasImage":false},"fields":{"sec_h1a2har211":{"extra":{"key":"sec_h1a2har211","section_id":"sec_h1a2har211","name":"Tour Duration","status":1,"cl_rule":"show","enableCl":false,"relations":[],"toggle":true,"title_tag":"h4","show_title":false,"showPrice":"default","form_id":13569,"form_rules":{"exclude_from_discount":true,"fee_label":"Fee","disp_hide_options_price":true,"disp_show_section_price":false,"disp_show_field_price":true,"layout_option":"standard","pric_use_as_fee":false,"process_fee_as":"woo_fee"},"layout_option":"standard"},"fields":[[{"active":true,"col":6,"relations":false,"cl_rule":"show","enableCl":false,"price":"","enablePrice":false,"className":"","label_position":"default","desc_position":"default","type":"content","required":false,"elementId":"content_7231531275","label":"","name":"content_7231531275","contentType":"rich","value":"<p><strong>Free Pick-up available only at 12:00.<\/strong><\/p>","error":false,"gt_translate_keys":["label","value"],"price_dependency":false,"cl_dependency":false}],[{"active":true,"col":6,"relations":false,"cl_rule":"show","enableCl":false,"price":"","enablePrice":false,"className":"","label_position":"default","desc_position":"default","type":"radio-group","required":false,"elementId":"radio_0409611974","label":"\u2693\ufe0f Select Tour","name":"radio_0409611974","values":[{"label":"2 Hour Tour (27\u20ac)","value":"2H Tour","selected":true,"tempId":"aco_2005","gt_translate_keys":["label"]}],"layOut":"","error":false,"checkUi":"toggle","gt_translate_keys":["label"],"price_dependency":false,"cl_dependency":[false],"value":""}]]},"sec_06786a3ea7a85a":{"extra":{"key":"sec_06786a3ea7a85a","section_id":"sec_06786a3ea7a85a","name":"2H Tour","status":1,"cl_rule":"show","enableCl":true,"relations":[{"operator":false,"rules":[{"operator":"AND","rules":{"cl_field":"radio_0409611974","cl_relation":"is","cl_val":"2H Tour"}}]}],"toggle":true,"title_tag":"h4","show_title":false,"showPrice":"default","form_id":13569,"form_rules":{"exclude_from_discount":true,"fee_label":"Fee","disp_hide_options_price":true,"disp_show_section_price":false,"disp_show_field_price":true,"layout_option":"standard","pric_use_as_fee":false,"process_fee_as":"woo_fee"},"layout_option":"standard"},"fields":[[{"active":true,"col":6,"relations":false,"cl_rule":"show","enableCl":false,"price":"","enablePrice":false,"className":"","label_position":"default","desc_position":"default","type":"select","required":true,"elementId":"select_7343277180","label":"\u23f0 Departure","name":"select_7343277180","values":[{"label":"10:00","value":"10:00","selected":false,"tempId":"aco_842","gt_translate_keys":["label"]},{"label":"12:00","value":"12:00","selected":false,"tempId":"aco_843","gt_translate_keys":["label"]},{"label":"14:00","value":"14:00","selected":false,"tempId":"aco_844","gt_translate_keys":["label"]}],"dropdown_type":"basic","error":false,"tooltip":"","placeholder":"Select Departure Time","isWeightTemplate":false,"isTemplate":false,"min_quantity":"1","quantity_decimal":false,"quantity_step":"1","quantity_label":"Quantity","repeater_field_label":"{field_label}","repeater_bind":"","gt_translate_keys":["label","placeholder","tooltip","repeater_field_label","quantity_label"],"price_dependency":false,"cl_dependency":["date_86786a3ea7a859","date-4560181145","date-0582083876","text_16786a3ea7a89a"],"value":""}],[{"label":"\ud83d\udcc5 Date","active":true,"required":true,"elementId":"date_86786a3ea7a859","picker_type":"custom","picker_mode":"single","placeholder":"","description":"","tooltip":"","name":"date_86786a3ea7a859","label_position":"default","desc_position":"default","enablePrice":false,"className":"","enableCl":true,"relations":[{"operator":"and","rules":[{"operator":"AND","rules":{"cl_field":"select_7343277180","cl_relation":"is","cl_val":"10:00"}}]}],"enableDesign":false,"LabelColor":"","date_pic_inline":true,"date_pic_inline_hide":true,"min_date":{"type":"days","val":"0"},"max_date":{"type":"days","val":"180"},"date_pic_conf":{"disabledWeeks":[],"disabledDates":["2025-03-12 to 2025-03-30","2025-04-17 to 2025-04-24","2025-05-10","2025-05-15","2025-05-20","2025-05-29","2026-02-18"]},"price":"","cl_rule":"show","col":6,"type":"date","error":false,"isWeightTemplate":false,"isTemplate":false,"min_quantity":"1","quantity_decimal":false,"quantity_step":"1","quantity_label":"Quantity","repeater_field_label":"{field_label}","repeater_bind":"","gt_translate_keys":["label","placeholder","description","tooltip","repeater_field_label","quantity_label"],"price_dependency":false,"cl_dependency":false,"value":""}],[{"label":"\ud83d\udcc5 Date","active":true,"required":true,"elementId":"date-4560181145","picker_type":"custom","picker_mode":"single","placeholder":"","description":"","tooltip":"","name":"date-4560181145","label_position":"default","desc_position":"default","enablePrice":false,"className":"","enableCl":true,"relations":[{"operator":"and","rules":[{"operator":"AND","rules":{"cl_field":"select_7343277180","cl_relation":"is","cl_val":"12:00"}}]}],"enableDesign":false,"LabelColor":"","date_pic_inline":true,"date_pic_inline_hide":true,"min_date":{"type":"days","val":"0"},"max_date":{"type":"days","val":"180"},"date_pic_conf":{"disabledWeeks":[],"disabledDates":["2025-01-18","2025-01-30","2025-02-09","2025-03-12 to 2025-03-30","2025-04-17 to 2025-04-24","2025-05-10","2025-05-15","2025-05-20","2026-02-18"]},"price":"","cl_rule":"show","col":6,"type":"date","error":false,"isWeightTemplate":false,"isTemplate":false,"min_quantity":"1","quantity_decimal":false,"quantity_step":"1","quantity_label":"Quantity","repeater_field_label":"{field_label}","repeater_bind":"","gt_translate_keys":["label","placeholder","description","tooltip","repeater_field_label","quantity_label"],"price_dependency":false,"cl_dependency":false,"value":""}],[{"label":"\ud83d\udcc5 Date","active":true,"required":true,"elementId":"date-0582083876","picker_type":"custom","picker_mode":"single","placeholder":"","description":"","tooltip":"","name":"date-0582083876","label_position":"default","desc_position":"default","enablePrice":false,"className":"","enableCl":true,"relations":[{"operator":"and","rules":[{"operator":"AND","rules":{"cl_field":"select_7343277180","cl_relation":"is","cl_val":"14:00"}}]}],"enableDesign":false,"LabelColor":"","date_pic_inline":true,"date_pic_inline_hide":true,"min_date":{"type":"days","val":"0"},"max_date":{"type":"days","val":"180"},"date_pic_conf":{"disabledWeeks":[],"disabledDates":["2025-01-18","2025-01-30","2025-02-09","2025-03-12 to 2025-03-30","2025-04-17 to 2025-04-24","2025-05-08","2025-05-10","2025-05-15","2025-05-20","2026-02-18"]},"price":"","cl_rule":"show","col":6,"type":"date","error":false,"isWeightTemplate":false,"isTemplate":false,"min_quantity":"1","quantity_decimal":false,"quantity_step":"1","quantity_label":"Quantity","repeater_field_label":"{field_label}","repeater_bind":"","gt_translate_keys":["label","placeholder","description","tooltip","repeater_field_label","quantity_label"],"price_dependency":false,"cl_dependency":false,"value":""}],[{"contentType":"plain","active":true,"label":"People","elementId":"content_16786a3ea7a866","value":"","inline":false,"show_in_checkout":true,"name":"content_16786a3ea7a866","enablePrice":false,"className":"","enableCl":false,"relations":false,"price":"","cl_rule":"show","col":6,"type":"content","gt_translate_keys":["label","value"],"price_dependency":false,"cl_dependency":false}],[{"label":"","active":true,"required":false,"elementId":"radio-group_66786a3ea7a871","name":"radio-group_66786a3ea7a871","label_position":"default","desc_position":"default","enablePrice":true,"className":"","enableCl":false,"relations":[{"operator":false,"rules":[{"operator":"AND","rules":{"cl_field":"","cl_relation":"","cl_val":""}}]}],"enable_quantity":true,"quantity_label":"","min_quantity":"0","checkUi":"button","layOut":"","options_tooltip":true,"options_description":true,"values":[{"label":"\ud83d\udc64 Adult (27\u20ac)","value":"Adult","selected":true,"tempId":"aco_32","tooltip":"+12 Years","description":"","gt_translate_keys":["label","tooltip","description"]}],"priceOptions":"fixed_for_all","pricingType":"fixed","price":"27","cl_rule":"show","col":6,"type":"radio-group","error":false,"gt_translate_keys":["label","quantity_label"],"price_dependency":false,"cl_dependency":false,"value":""}],[{"label":"","active":true,"required":false,"elementId":"radio-group_06786a3ea7a87c","name":"radio-group_06786a3ea7a87c","label_position":"default","desc_position":"default","enablePrice":true,"className":"","enableCl":false,"relations":false,"enable_quantity":true,"quantity_label":"","min_quantity":"0","checkUi":"button","layOut":"","options_tooltip":true,"options_description":true,"values":[{"label":"\ud83d\udc66 Child (13\u20ac)","value":"Child","selected":true,"tempId":"aco_32","tooltip":"3-11 Years","description":"","gt_translate_keys":["label","tooltip","description"]}],"priceOptions":"fixed_for_all","pricingType":"fixed","price":"13","cl_rule":"show","col":6,"type":"radio-group","error":false,"gt_translate_keys":["label","quantity_label"],"price_dependency":false,"cl_dependency":false,"value":""}],[{"label":"","active":true,"required":false,"elementId":"radio-group_86786a3ea7a887","name":"radio-group_86786a3ea7a887","label_position":"default","desc_position":"default","enablePrice":true,"className":"","enableCl":false,"relations":false,"enable_quantity":true,"quantity_label":"","min_quantity":"0","checkUi":"button","layOut":"","options_tooltip":true,"options_description":true,"values":[{"label":"\ud83d\udc76 Infant (Free)","value":"Infant","selected":true,"tempId":"aco_32","tooltip":"0-2 Years","description":"","gt_translate_keys":["label","tooltip","description"]}],"priceOptions":"fixed_for_all","pricingType":"fixed","price":"0","cl_rule":"show","col":6,"type":"radio-group","error":false,"gt_translate_keys":["label","quantity_label"],"price_dependency":false,"cl_dependency":false,"value":""}],[{"elementId":"separator_96786a3ea7a891","separatorType":"blank","className":"","height":"7","enableCl":false,"relations":false,"cl_rule":"show","col":6,"type":"separator","gt_translate_keys":[],"price_dependency":false,"cl_dependency":false,"value":""}],[{"label":"\ud83d\ude8c Pickup Location","active":true,"required":false,"elementId":"text_16786a3ea7a89a","value":"","description":"Free pick-up service in South Tenerife. Simply provide your address or hotel name.","name":"text_16786a3ea7a89a","label_position":"default","desc_position":"default","enablePrice":false,"className":"","enableCl":true,"relations":[{"operator":false,"rules":[{"operator":"AND","rules":{"cl_field":"select_7343277180","cl_relation":"is","cl_val":"12:00"}}]}],"subtype":"text","price":"{field.radio-group_66786a3ea7a871.quantity}*4.5","cl_rule":"show","col":6,"type":"text","error":false,"pricingType":"custom","isTemplate":false,"gt_translate_keys":["label","description","value"],"price_dependency":false,"cl_dependency":false}]]}},"config":{"price_override":"always","enable_recaptcha":false,"bind_quantity":false,"quantity_bind_formula":false,"disp_summ_show_option_price":true,"disp_summ_show_product_price":false,"disp_summ_show_total_price":true,"disp_summ_show_fee":true,"disp_summ_show_discount":true,"summary_title":"","options_total_label":"Options Price","total_label":"Total Amount","options_product_label":"Product Price","fee_label":"Fee","discount_label":"Discount","has_price":true,"has_quantity_formula":false},"mc_unit":1,"tax_rate":1,"tax_rate_real":1,"discount":{"percentage":0,"fixed":0},"design":{"conf":{"LabelPosition":"above","DescPosition":"above","UploadField":"custom_1","QuantityFieldStyle":"custom_1"},"css":{"LeftLabelWidth":"120px"}},"formulas":[],"lookuptables":[],"clones":false,"cartKey":false}},"_links":{"self":[{"href":"https:\/\/canaryvip.com\/fi\/wp-json\/wp\/v2\/product\/13568","targetHints":{"allow":["GET"]}}],"collection":[{"href":"https:\/\/canaryvip.com\/fi\/wp-json\/wp\/v2\/product"}],"about":[{"href":"https:\/\/canaryvip.com\/fi\/wp-json\/wp\/v2\/types\/product"}],"replies":[{"embeddable":true,"href":"https:\/\/canaryvip.com\/fi\/wp-json\/wp\/v2\/comments?post=13568"}],"wp:featuredmedia":[{"embeddable":true,"href":"https:\/\/canaryvip.com\/fi\/wp-json\/wp\/v2\/media\/13574"}],"wp:attachment":[{"href":"https:\/\/canaryvip.com\/fi\/wp-json\/wp\/v2\/media?parent=13568"}],"wp:term":[{"taxonomy":"product_brand","embeddable":true,"href":"https:\/\/canaryvip.com\/fi\/wp-json\/wp\/v2\/product_brand?post=13568"},{"taxonomy":"product_cat","embeddable":true,"href":"https:\/\/canaryvip.com\/fi\/wp-json\/wp\/v2\/product_cat?post=13568"},{"taxonomy":"product_tag","embeddable":true,"href":"https:\/\/canaryvip.com\/fi\/wp-json\/wp\/v2\/product_tag?post=13568"}],"curies":[{"name":"wp","href":"https:\/\/api.w.org\/{rel}","templated":true}]}}