{"id":13561,"date":"2025-01-14T14:45:28","date_gmt":"2025-01-14T14:45:28","guid":{"rendered":"https:\/\/canaryvip.com\/?post_type=product&#038;p=13561"},"modified":"2025-09-18T12:18:23","modified_gmt":"2025-09-18T11:18:23","slug":"shogun-boat-tour-tenerife","status":"publish","type":"product","link":"https:\/\/canaryvip.com\/fi\/shop\/shogun-boat-tour-tenerife\/","title":{"rendered":"Shogun-veneajelu Teneriffalla"},"content":{"rendered":"<h2>\ud83d\udea2 L\u00e4hde Shogun-venekierrokselle Teneriffalla<\/h2>\n<p class=\"translation-block\">Tutustu <strong>Shogun-venekierroksen <\/strong> taikaan, joka on unohtumaton matka aidolla it\u00e4maisella purjeveneell\u00e4, joka on alun perin suunniteltu arabialaisen sheikin yksityisk\u00e4ytt\u00f6\u00f6n. T\u00e4m\u00e4 26-metrinen purjevene, joka on valmistettu kokonaan tiikkipuusta, tarjoaa ainutlaatuisen ja ylellisen kokemuksen matkailijoille, jotka etsiv\u00e4t poikkeuksellista <a href=\"https:\/\/canaryvip.com\/fi\/tenerife\/boat-excursions\/\" target=\"_self\"><strong>Teneriffan venekierrosta.<\/strong><\/a>.<\/p>\n<p class=\"translation-block\"><strong>Shogun Boat Tenerife<\/strong> erottuu paitsi upealla muotoilullaan my\u00f6s sitoutumisellaan meriel\u00e4inten suojeluun. Se n\u00e4ytt\u00e4\u00e4 ylpe\u00e4n\u00e4 keltaista lippua, jossa on sininen venemerkki, mik\u00e4 takaa eettisen valaan- ja delfiininbongauksen ja asettaa n\u00e4iden upeiden olentojen hyvinvoinnin etusijalle.<\/p>\n<h3>\ud83d\udc0b Koe upea meriel\u00e4m\u00e4<\/h3>\n<p class=\"translation-block\">Teneriffan etel\u00e4rannikon vedet ovat meriel\u00e4inten paratiisi, koska niiden l\u00e4mp\u00f6tila vaihtelee 17-24 \u00b0C:n v\u00e4lill\u00e4 ymp\u00e4ri vuoden. T\u00e4ll\u00e4 <strong>Teneriffan veneretkell\u00e4,<\/strong> sinulla on mahdollisuus n\u00e4hd\u00e4 paikallisia lajeja, kuten luotsivalaita ja pullonokkadelfiinej\u00e4, sek\u00e4 vaeltavia lajeja, kuten suomenheittovalaita, siitinvalaita ja tavallisia delfiinej\u00e4.<\/p>\n<p class=\"translation-block\">Retki sis\u00e4lt\u00e4\u00e4 5 tunnin seikkailun, joka l\u00e4htee <strong>Puerto Col\u00f3nista.<\/strong> L\u00e4hdet matkalle n\u00e4hd\u00e4ksenne n\u00e4m\u00e4 uskomattomat valaat niiden luonnollisessa elinymp\u00e4rist\u00f6ss\u00e4 ja viet\u00e4tte jopa 30 minuuttia niiden tarkkailuun, ennen kuin suuntaatte Los Gigantesin dramaattisille kallioille ja seesteiselle Masca-lahdelle. Siell\u00e4 ankkuroidut nauttimaan virkist\u00e4v\u00e4st\u00e4 uinnista ja runsaasta lounaasta henke\u00e4salpaavien n\u00e4k\u00f6alojen \u00e4\u00e4rell\u00e4.<\/p>\n<h3>\ud83c\udf0a Shogun-veneen kierroksen kohokohdat<\/h3>\n<h4>\ud83d\udd52 Kesto ja aikataulu<\/h4>\n<ul>\n<li><strong>5 tunnin retki:<\/strong>\u00a0Sis\u00e4lt\u00e4\u00e4 valaiden ja delfiinien tarkkailun, vierailun Los Gigantesin kallioilla ja uinnin Masca Bayss\u00e4.<\/li>\n<li class=\"translation-block\"><strong>P\u00e4iv\u00e4iset l\u00e4hd\u00f6t klo 11:00<\/strong> alkaen <strong>Puerto Col\u00f3n, Pontoon 14.<\/strong>.<\/li>\n<\/ul>\n<h4>\ud83c\udf7d\ufe0f Ruokailu laivalla<\/h4>\n<ul>\n<li><strong>Lounasmenu:<\/strong>\u00a0Riisi\u00e4 vihannesten kera, paahdettua kananrumpua, salaattia, leip\u00e4\u00e4 ja tuoreita hedelmi\u00e4.<\/li>\n<li><strong>Juomat: <\/strong>Vesi, virvoitusjuomat, olut ja viini sis\u00e4ltyv\u00e4t hintaan.<\/li>\n<\/ul>\n<h4>\ud83c\udf1f Ainutlaatuiset ominaisuudet<\/h4>\n<ul>\n<li>Avoin baari alkoholittomille juomille.<\/li>\n<li>Tilavat istumapaikat ja suuri keskip\u00f6yt\u00e4 ruokailua varten.<\/li>\n<li>Laivassa on kolme kylpyhuonetta, joista yksi on t\u00e4ysin esteet\u00f6n liikuntarajoitteisille matkustajille.<\/li>\n<li>Ilmainen bussikuljetus Teneriffan etel\u00e4iselt\u00e4 alueelta lis\u00e4\u00e4 mukavuutta.<\/li>\n<\/ul>\n<h3>\ud83d\udee5\ufe0f Shogun veneen tekniset tiedot<\/h3>\n<ul>\n<li><strong>Pituus: <\/strong>26 metri\u00e4<\/li>\n<li><strong>Leveys:<\/strong>\u00a08 metri\u00e4<\/li>\n<li><strong>Suurin kapasiteetti:<\/strong>\u00a0135 matkustajaa<\/li>\n<\/ul>\n<p>Shogun tarjoaa kaksi tilavaa tasoa, runsaasti varjostettuja alueita ja aitoa it\u00e4maista estetiikkaa, ja se tarjoaa sek\u00e4 mukavuutta ett\u00e4 eleganssia ikimuistoiseen vierailuun. <strong>Teneriffan veneretki.<\/strong><\/p>\n<h3>\ud83d\udcbc Varaus- ja peruutusehdot<\/h3>\n<p class=\"translation-block\">Teemme <strong>Shogunin veneretken<\/strong> varaamisesta helppoa ja vaivatonta CanaryVIP:n avulla. On kuitenkin t\u00e4rke\u00e4\u00e4 tarkistaa peruutusehdot yll\u00e4tysten v\u00e4ltt\u00e4miseksi:<\/p>\n<ul>\n<li><strong>Yli 48 tuntia ennen l\u00e4ht\u00f6\u00e4:<\/strong>\u00a0Saat 90%-tuen (10% pid\u00e4tet\u00e4\u00e4n k\u00e4sittelymaksuja varten).<\/li>\n<li class=\"translation-block\"><strong>V\u00e4hemm\u00e4n kuin 48 tuntia ennen l\u00e4ht\u00f6\u00e4:<\/strong> Ei palautuksia.<\/li>\n<\/ul>\n<p>Jos matka peruuntuu ylivoimaisen esteen, kuten huonojen meriolosuhteiden, vuoksi, matkan hinta palautetaan kokonaisuudessaan tai tarjotaan vaihtoehtoinen p\u00e4iv\u00e4m\u00e4\u00e4r\u00e4.<\/p>\n<h3>\ud83d\udee0\ufe0f T\u00e4rkeit\u00e4 tietoja<\/h3>\n<ul>\n<li><strong>Mit\u00e4 ottaa mukaan:<\/strong>\u00a0Uimavaatteet, pyyhe, aurinkovoide ja kamera uskomattomien n\u00e4ht\u00e4vyyksien tallentamista varten.<\/li>\n<li><strong>Saavutettavuus:<\/strong>\u00a0Shogun on varustettu liikuntarajoitteisten matkustajien kuljettamista varten.<\/li>\n<li><strong>Turvallisuusohjeet:<\/strong>\u00a0Tupakointi on sallittua vain niille osoitetuilla alueilla, ja suosittelemme v\u00e4ltt\u00e4m\u00e4\u00e4n alkoholia ennen laivalle l\u00e4ht\u00f6\u00e4 merisairauden minimoimiseksi.<\/li>\n<\/ul>\n<h3>\ud83d\udccd L\u00e4ht\u00f6paikka<\/h3>\n<p>Shogun l\u00e4htee liikkeelle <a href=\"https:\/\/maps.app.goo.gl\/DkCVRrpDHuiqsvc56\" target=\"_blank\" rel=\"noopener\"><strong>Puerto Col\u00f3n,<\/strong><\/a>\u00a0sijaitsee k\u00e4tev\u00e4sti Costa Adejessa. Saavu paikalle v\u00e4hint\u00e4\u00e4n 30 minuuttia ennen l\u00e4ht\u00f6\u00e4, jotta koneeseen nousu sujuisi ongelmitta.<\/p>\n<h3>\ud83c\udf34 Varaa Shogun-venekierros CanaryVIP:n kanssa<\/h3>\n<p class=\"translation-block\">Me CanaryVIP:ss\u00e4 olemme ylpeit\u00e4 siit\u00e4, ett\u00e4 tarjoamme parhaita <strong>Teneriffan veneretki\u00e4,<\/strong> ja Shogun-kokemus on yksi ikonisimmista retkist\u00e4mme. Olitpa sitten ihastunut meriel\u00e4m\u00e4\u00e4n, rakastat upeiden rannikkomaisemien tutkimista tai haluat vain rentoutua ylellisen it\u00e4maisen purjeveneen kyydiss\u00e4, t\u00e4ll\u00e4 retkell\u00e4 on kaikkea.<\/p>\n<p>Varaa paikkasi jo t\u00e4n\u00e4\u00e4n ja luo unohtumattomia muistoja Shogun Boat Teneriffalla!<\/p>","protected":false},"excerpt":{"rendered":"<p><strong>\ud83d\udd0d Shogun Boat Teneriffa:<\/strong><br \/>\n<span>\u2705 Turvallinen maksu.<\/span><br \/>\n<span>\ud83d\udc0b Valaan ja delfiinin havaitseminen.<br \/>\n\ud83d\ude80 5H Tours klo 11:00.<br \/>\n\ud83d\udd59 Ma, ke, to, pe ja su.<br \/>\n<\/span>\ud83c\udfde\ufe0f Vieraile Los Gigantesin kallioilla.<br \/>\n\ud83c\udf0a Uimapys\u00e4kki Masca Bayss\u00e4.<br \/>\n<span>\ud83e\uddc3 Ruoka ja juomat sis\u00e4ltyv\u00e4t hintaan.<\/span><br \/>\n<span>\ud83d\udc65 Max 135 vierasta.<br \/>\n\ud83d\ude8c Nouto Teneriffan etel\u00e4osasta.<br \/>\n\ud83d\ude8e Nouto Puerto de la Cruzista.<br \/>\n<\/span>\ud83d\udebd WC aluksella.<br \/>\n\u267f V\u00e4hentynyt liikkuvuus.<br \/>\n<span>\ud83e\udd11 Paras hinta taattu.<\/span><br \/>\n<span>\ud83d\udc6a Alennukset aktivoitu.<\/span><br \/>\n<span>\ud83d\udd01 Enint\u00e4\u00e4n 48h Peruuttaminen.<\/span><br \/>\n<span>\ud83c\udf0d Monikieliset oppaat.<\/span><br \/>\n<span>\ud83c\udf1f Varaa nyt ja s\u00e4\u00e4st\u00e4!<\/span><br \/>\n<span>\ud83d\udccd L\u00e4ht\u00f6\u00a0<\/span><a href=\"https:\/\/www.google.com\/maps\/place\/Puerto+Col%C3%B3n\/@28.0783432,-16.7368735,18.52z\/data=!4m6!3m5!1s0xc6a9743509c9ebf:0xd62345524f768247!8m2!3d28.0789928!4d-16.7359737!16s%2Fg%2F11c6cqryw_?entry=tts\">Puerto Colon<\/a><span>.<\/span><\/p>","protected":false},"featured_media":13564,"comment_status":"open","ping_status":"closed","template":"","meta":{"_acf_changed":false},"product_brand":[],"product_cat":[46],"product_tag":[],"class_list":{"0":"post-13561","1":"product","2":"type-product","3":"status-publish","4":"has-post-thumbnail","6":"product_cat-boat-excursions","7":"wcpa_has_options","9":"first","10":"instock","11":"virtual","12":"purchasable","13":"product-type-simple"},"acf":[],"wcpa_form_fields":{"wcpaData":{"product":{"product_price":61,"price_html":"From&nbsp;<span class=\"woocommerce-Price-amount amount\"><bdi>61,00&nbsp;<span class=\"woocommerce-Price-currencySymbol\">&euro;<\/span><\/bdi><\/span>","original_product_price":61,"price_including_tax":61,"price_excluding_tax":61,"product_id":{"parent":13561,"variation":false},"is_variable":false,"stock_status":"instock","stock_quantity":null,"parent_sku":"CV13561","product_attributes":[],"custom_fields":[],"is_taxable":false,"product_name":"Shogun Boat Tour Tenerife","hasImage":false},"fields":{"sec_567867dfb4552e":{"extra":{"key":"sec_567867dfb4552e","section_id":"sec_567867dfb4552e","name":"Pickup Location","status":1,"cl_rule":"show","enableCl":false,"relations":[],"toggle":true,"title_tag":"h4","show_title":false,"showPrice":"default","form_id":13563,"form_rules":{"exclude_from_discount":true,"fee_label":"Fee","disp_hide_options_price":true,"disp_show_section_price":false,"disp_show_field_price":true,"layout_option":"standard","pric_use_as_fee":false,"process_fee_as":"woo_fee"},"layout_option":"standard"},"fields":[[{"active":true,"col":6,"relations":false,"cl_rule":"show","enableCl":false,"price":"","enablePrice":false,"className":"","label_position":"default","desc_position":"default","type":"radio-group","required":false,"elementId":"radio-group_367867dfb4555f","label":"\u2693\ufe0f Select Tour","name":"radio-group_367867dfb4555f","values":[{"label":"5H Trip (61\u20ac)","value":"5h-south","selected":false,"tempId":"aco_2307","description":"Extended Shogun cruise with whale and dolphin sightings, Los Gigantes cliffs, swimming in Masca Bay, lunch, and drinks. Departs at 11:00 on Mondays, Wednesdays, Thursdays, Fridays & Sundays.","gt_translate_keys":["label","description"]},{"label":"5H Trip from North Tenerife (65\u20ac)","value":"5h-north","selected":false,"tempId":"aco_2308","description":"Pickup and drop-off in North Tenerife included. Extended Shogun cruise with whale and dolphin sightings, Los Gigantes cliffs, swimming in Masca Bay, lunch, and drinks. Departs at 11:00 on Mondays, Wednesdays, Thursdays, Fridays & Sundays.","gt_translate_keys":["label","description"]}],"layOut":"","error":false,"checkUi":"toggle","description":"","options_description":true,"gt_translate_keys":["label","description"],"price_dependency":false,"cl_dependency":[false,"date_367867dfb45579","select_8962103911",false,"select-1335554664","date-1329695634"],"value":""}]]},"sec_867867dfb45562":{"extra":{"key":"sec_867867dfb45562","section_id":"sec_867867dfb45562","name":"5H from South Tenerife","status":1,"cl_rule":"show","enableCl":true,"relations":[{"operator":false,"rules":[{"operator":"AND","rules":{"cl_field":"radio-group_367867dfb4555f","cl_relation":"is","cl_val":"5h-south"}}]}],"toggle":true,"title_tag":"h4","show_title":false,"showPrice":"default","form_id":13563,"form_rules":{"exclude_from_discount":true,"fee_label":"Fee","disp_hide_options_price":true,"disp_show_section_price":false,"disp_show_field_price":true,"layout_option":"standard","pric_use_as_fee":false,"process_fee_as":"woo_fee"},"layout_option":"standard"},"fields":[[{"label":"\ud83d\udcc5 Date","active":true,"required":true,"elementId":"date_367867dfb45579","picker_type":"custom","picker_mode":"single","placeholder":"","description":"","tooltip":"","name":"date_367867dfb45579","label_position":"default","desc_position":"default","enablePrice":false,"className":"","enableCl":true,"relations":[{"operator":"and","rules":[{"operator":"AND","rules":{"cl_field":"radio-group_367867dfb4555f","cl_relation":"is_not_empty","cl_val":"3 Hour Trip"}}]}],"enableDesign":false,"LabelColor":"","date_pic_inline":true,"date_pic_inline_hide":true,"min_date":{"type":"days","val":"1"},"max_date":{"type":"days","val":"365"},"date_pic_conf":{"disabledWeeks":[2,6,4],"disabledDates":["2025-10-20 to 2025-11-02"]},"price":"","cl_rule":"show","col":6,"type":"date","error":false,"date_conf_custom":{},"isWeightTemplate":false,"isTemplate":false,"min_quantity":"1","quantity_decimal":false,"quantity_step":"1","quantity_label":"Quantity","repeater_field_label":"{field_label}","repeater_bind":"","gt_translate_keys":["label","placeholder","description","tooltip","repeater_field_label","quantity_label"],"price_dependency":false,"cl_dependency":false,"value":""}],[{"active":true,"col":6,"relations":[{"operator":false,"rules":[{"operator":"AND","rules":{"cl_field":"radio-group_367867dfb4555f","cl_relation":"is_not_empty","cl_val":""}}]}],"cl_rule":"show","enableCl":true,"price":"","enablePrice":false,"className":"","label_position":"default","desc_position":"default","type":"select","required":false,"elementId":"select_8962103911","label":"\u23f0 Departure","name":"select_8962103911","values":[{"label":"12:00","value":"12:00","selected":true,"tempId":"aco_154","gt_translate_keys":["label"]}],"dropdown_type":"basic","error":false,"isWeightTemplate":false,"isTemplate":false,"min_quantity":"1","quantity_decimal":false,"quantity_step":"1","quantity_label":"Quantity","repeater_field_label":"{field_label}","repeater_bind":"","gt_translate_keys":["label","repeater_field_label","quantity_label"],"price_dependency":false,"cl_dependency":false,"value":""}],[{"contentType":"plain","active":true,"label":"People","elementId":"content_867867dfb455ae","value":"","inline":false,"show_in_checkout":true,"name":"content_867867dfb455ae","enablePrice":false,"className":"","enableCl":false,"relations":false,"price":"","cl_rule":"show","col":6,"type":"content","gt_translate_keys":["label","value"],"price_dependency":false,"cl_dependency":false}],[{"label":"","active":true,"required":false,"elementId":"radio-group_667867dfb455cc","name":"radio-group_667867dfb455cc","label_position":"default","desc_position":"default","enablePrice":true,"className":"","enableCl":false,"relations":[{"operator":false,"rules":[{"operator":"AND","rules":{"cl_field":"","cl_relation":"","cl_val":""}}]}],"enable_quantity":true,"quantity_label":"","min_quantity":"0","checkUi":"button","layOut":"","options_tooltip":true,"options_description":true,"values":[{"label":"\ud83d\udc64 Adult (61\u20ac)","value":"Adult","selected":true,"tempId":"aco_32","tooltip":"+12 Years","description":"","gt_translate_keys":["label","tooltip","description"]}],"priceOptions":"fixed_for_all","pricingType":"fixed","price":"61","cl_rule":"show","col":6,"type":"radio-group","error":false,"gt_translate_keys":["label","quantity_label"],"price_dependency":false,"cl_dependency":false,"value":""}],[{"label":"","active":true,"required":false,"elementId":"radio-group_667867dfb455e8","name":"radio-group_667867dfb455e8","label_position":"default","desc_position":"default","enablePrice":true,"className":"","enableCl":false,"relations":false,"enable_quantity":true,"quantity_label":"","min_quantity":"0","checkUi":"button","layOut":"","options_tooltip":true,"options_description":true,"values":[{"label":"\ud83d\udc66 Child (30\u20ac)","value":"Child","selected":true,"tempId":"aco_32","tooltip":"3-11 Years","description":"","gt_translate_keys":["label","tooltip","description"]}],"priceOptions":"fixed_for_all","pricingType":"fixed","price":"30","cl_rule":"show","col":6,"type":"radio-group","error":false,"gt_translate_keys":["label","quantity_label"],"price_dependency":false,"cl_dependency":false,"value":""}],[{"label":"","active":true,"required":false,"elementId":"radio-group-3115802518","name":"radio-group-3115802518","label_position":"default","desc_position":"default","enablePrice":true,"className":"","enableCl":false,"relations":false,"enable_quantity":true,"quantity_label":"","min_quantity":"0","checkUi":"button","layOut":"","options_tooltip":true,"options_description":true,"values":[{"label":"\ud83d\udc76 Infant (Free)","value":"Infant","selected":true,"tempId":"aco_32","tooltip":"0-2 Years","description":"","gt_translate_keys":["label","tooltip","description"]}],"priceOptions":"fixed_for_all","pricingType":"fixed","price":"0","cl_rule":"show","col":6,"type":"radio-group","error":false,"gt_translate_keys":["label","quantity_label"],"price_dependency":false,"cl_dependency":false,"value":""}],[{"elementId":"separator_567867dfb4561b","separatorType":"blank","className":"","height":"7","enableCl":false,"relations":false,"cl_rule":"show","col":6,"type":"separator","gt_translate_keys":[],"price_dependency":false,"cl_dependency":false,"value":""}],[{"label":"\ud83d\ude8c Pickup Location","active":true,"required":false,"elementId":"text_767867dfb45630","value":"","description":"Free pick-up service in South Tenerife. Simply provide your address or hotel name.","name":"text_767867dfb45630","label_position":"default","desc_position":"default","enablePrice":false,"className":"","enableCl":false,"relations":false,"subtype":"text","price":"","cl_rule":"show","col":6,"type":"text","error":false,"gt_translate_keys":["label","description","value"],"price_dependency":false,"cl_dependency":false}]]},"sec_1067867dfb45632":{"extra":{"key":"sec_1067867dfb45632","section_id":"sec_1067867dfb45632","name":"5H North Tenerife Pickup","status":1,"cl_rule":"show","enableCl":true,"relations":[{"operator":false,"rules":[{"operator":"AND","rules":{"cl_field":"radio-group_367867dfb4555f","cl_relation":"is","cl_val":"5h-north"}}]}],"toggle":true,"title_tag":"h4","show_title":false,"showPrice":"default","form_id":13563,"form_rules":{"exclude_from_discount":true,"fee_label":"Fee","disp_hide_options_price":true,"disp_show_section_price":false,"disp_show_field_price":true,"layout_option":"standard","pric_use_as_fee":false,"process_fee_as":"woo_fee"},"layout_option":"standard"},"fields":[[{"label":"\u23f0 Departure","active":true,"required":false,"elementId":"select-1335554664","dropdown_type":"basic","name":"select-1335554664","label_position":"default","desc_position":"default","enablePrice":false,"className":"","enableCl":true,"relations":[{"operator":false,"rules":[{"operator":"AND","rules":{"cl_field":"radio-group_367867dfb4555f","cl_relation":"is_not_empty","cl_val":""}}]}],"values":[{"label":"12:00","value":"12:00","selected":true,"tempId":"aco_154","gt_translate_keys":["label"]}],"price":"","cl_rule":"show","col":6,"type":"select","isWeightTemplate":false,"error":false,"isTemplate":false,"min_quantity":"1","quantity_decimal":false,"quantity_step":"1","quantity_label":"Quantity","repeater_field_label":"{field_label}","repeater_bind":"","gt_translate_keys":["label","repeater_field_label","quantity_label"],"price_dependency":false,"cl_dependency":false,"value":""}],[{"label":"\ud83d\udcc5 Date","active":true,"required":true,"elementId":"date-1329695634","picker_type":"custom","picker_mode":"single","placeholder":"","description":"","tooltip":"","name":"date-1329695634","label_position":"default","desc_position":"default","enablePrice":false,"className":"","enableCl":true,"relations":[{"operator":"and","rules":[{"operator":"AND","rules":{"cl_field":"radio-group_367867dfb4555f","cl_relation":"is_not_empty","cl_val":"3 Hour Trip"}}]}],"enableDesign":false,"LabelColor":"","date_pic_inline":true,"date_pic_inline_hide":true,"min_date":{"type":"days","val":"2"},"max_date":{"type":"days","val":"365"},"date_pic_conf":{"disabledWeeks":[2,6,4],"disabledDates":["2025-10-20 to 2025-11-01"]},"date_conf_custom":{},"price":"","cl_rule":"show","col":6,"type":"date","isWeightTemplate":false,"error":false,"isTemplate":false,"min_quantity":"1","quantity_decimal":false,"quantity_step":"1","quantity_label":"Quantity","repeater_field_label":"{field_label}","repeater_bind":"","gt_translate_keys":["label","placeholder","description","tooltip","repeater_field_label","quantity_label"],"price_dependency":false,"cl_dependency":false,"value":""}],[{"contentType":"plain","active":true,"label":"People","elementId":"content_067867dfb4567b","value":"","inline":false,"show_in_checkout":true,"name":"content_067867dfb4567b","enablePrice":false,"className":"","enableCl":false,"relations":false,"price":"","cl_rule":"show","col":6,"type":"content","gt_translate_keys":["label","value"],"price_dependency":false,"cl_dependency":false}],[{"label":"","active":true,"required":false,"elementId":"radio-group-3814002955","name":"radio-group-3814002955","label_position":"default","desc_position":"default","enablePrice":true,"className":"","enableCl":false,"relations":[{"operator":false,"rules":[{"operator":"AND","rules":{"cl_field":"","cl_relation":"","cl_val":""}}]}],"enable_quantity":true,"quantity_label":"","min_quantity":"0","checkUi":"button","layOut":"","options_tooltip":true,"options_description":true,"values":[{"label":"\ud83d\udc64 Adult (65\u20ac)","value":"Adult","selected":true,"tempId":"aco_32","tooltip":"+12 Years","description":"","gt_translate_keys":["label","tooltip","description"]}],"priceOptions":"fixed_for_all","pricingType":"fixed","price":"65","cl_rule":"show","col":6,"type":"radio-group","error":false,"gt_translate_keys":["label","quantity_label"],"price_dependency":false,"cl_dependency":false,"value":""}],[{"label":"","active":true,"required":false,"elementId":"radio-group-3909852983","name":"radio-group-3909852983","label_position":"default","desc_position":"default","enablePrice":true,"className":"","enableCl":false,"relations":false,"enable_quantity":true,"quantity_label":"","min_quantity":"0","checkUi":"button","layOut":"","options_tooltip":true,"options_description":true,"values":[{"label":"\ud83d\udc66 Child (32\u20ac)","value":"Child","selected":true,"tempId":"aco_32","tooltip":"3-11 Years","description":"","gt_translate_keys":["label","tooltip","description"]}],"priceOptions":"fixed_for_all","pricingType":"fixed","price":"32","cl_rule":"show","col":6,"type":"radio-group","error":false,"gt_translate_keys":["label","quantity_label"],"price_dependency":false,"cl_dependency":false,"value":""}],[{"label":"","active":true,"required":false,"elementId":"radio-group-3681862909","name":"radio-group-3681862909","label_position":"default","desc_position":"default","enablePrice":true,"className":"","enableCl":false,"relations":false,"enable_quantity":true,"quantity_label":"","min_quantity":"0","checkUi":"button","layOut":"","options_tooltip":true,"options_description":true,"values":[{"label":"\ud83d\udc76 Infant (Free)","value":"Infant","selected":true,"tempId":"aco_32","tooltip":"0-2 Years","description":"","gt_translate_keys":["label","tooltip","description"]}],"priceOptions":"fixed_for_all","pricingType":"fixed","price":"0","cl_rule":"show","col":6,"type":"radio-group","error":false,"gt_translate_keys":["label","quantity_label"],"price_dependency":false,"cl_dependency":false,"value":""}],[{"elementId":"separator_267867dfb456e7","separatorType":"blank","className":"","height":"7","enableCl":false,"relations":false,"cl_rule":"show","col":6,"type":"separator","gt_translate_keys":[],"price_dependency":false,"cl_dependency":false,"value":""}],[{"label":"\ud83d\ude8c Pickup Location","active":true,"required":true,"elementId":"text_967867dfb456fc","value":"","description":"Pick-up service from Puerto de la Cruz. Simply provide your address or hotel name.","name":"text_967867dfb456fc","label_position":"default","desc_position":"default","enablePrice":false,"className":"","enableCl":false,"relations":false,"subtype":"text","price":"","cl_rule":"show","col":6,"type":"text","error":false,"gt_translate_keys":["label","description","value"],"price_dependency":false,"cl_dependency":false}]]}},"config":{"price_override":"always","enable_recaptcha":false,"bind_quantity":false,"quantity_bind_formula":false,"disp_summ_show_option_price":true,"disp_summ_show_product_price":false,"disp_summ_show_total_price":true,"disp_summ_show_fee":true,"disp_summ_show_discount":true,"summary_title":"","options_total_label":"Options Price","total_label":"Total Amount","options_product_label":"Product Price","fee_label":"Fee","discount_label":"Discount","has_price":true,"has_quantity_formula":false},"mc_unit":1,"tax_rate":1,"tax_rate_real":1,"discount":{"percentage":0,"fixed":0},"design":{"conf":{"LabelPosition":"above","DescPosition":"above","UploadField":"custom_1","QuantityFieldStyle":"custom_1"},"css":{"LeftLabelWidth":"120px"}},"formulas":[],"lookuptables":[],"clones":false,"cartKey":false}},"_links":{"self":[{"href":"https:\/\/canaryvip.com\/fi\/wp-json\/wp\/v2\/product\/13561","targetHints":{"allow":["GET"]}}],"collection":[{"href":"https:\/\/canaryvip.com\/fi\/wp-json\/wp\/v2\/product"}],"about":[{"href":"https:\/\/canaryvip.com\/fi\/wp-json\/wp\/v2\/types\/product"}],"replies":[{"embeddable":true,"href":"https:\/\/canaryvip.com\/fi\/wp-json\/wp\/v2\/comments?post=13561"}],"wp:featuredmedia":[{"embeddable":true,"href":"https:\/\/canaryvip.com\/fi\/wp-json\/wp\/v2\/media\/13564"}],"wp:attachment":[{"href":"https:\/\/canaryvip.com\/fi\/wp-json\/wp\/v2\/media?parent=13561"}],"wp:term":[{"taxonomy":"product_brand","embeddable":true,"href":"https:\/\/canaryvip.com\/fi\/wp-json\/wp\/v2\/product_brand?post=13561"},{"taxonomy":"product_cat","embeddable":true,"href":"https:\/\/canaryvip.com\/fi\/wp-json\/wp\/v2\/product_cat?post=13561"},{"taxonomy":"product_tag","embeddable":true,"href":"https:\/\/canaryvip.com\/fi\/wp-json\/wp\/v2\/product_tag?post=13561"}],"curies":[{"name":"wp","href":"https:\/\/api.w.org\/{rel}","templated":true}]}}