{"id":12949,"date":"2024-08-19T12:56:56","date_gmt":"2024-08-19T11:56:56","guid":{"rendered":"https:\/\/canaryvip.com\/?post_type=product&#038;p=12949"},"modified":"2025-08-09T13:58:46","modified_gmt":"2025-08-09T12:58:46","slug":"sunkiss-boat-charter-gran-canaria","status":"publish","type":"product","link":"https:\/\/canaryvip.com\/fi\/shop\/sunkiss-boat-charter-gran-canaria\/","title":{"rendered":"Sunkissin veneen rahtaus<br\/>Gran Canaria"},"content":{"rendered":"<h2>\ud83d\udee5\ufe0f Sunkiss Boat Charter Gran Canaria<\/h2>\n<p>Koe Gran Canarian kauneus mukavasti hotellin <strong>Sunkissin veneen rahtaus<\/strong>, yksityinen ja ylellinen tapa tutustua saaren upeaan etel\u00e4rannikkoon. T\u00e4h\u00e4n yksinoikeudella toteutettuun laivaan mahtuu jopa 8 matkustajaa. <strong>veneen vuokraus Gran Canarialla<\/strong> on t\u00e4ydellinen pariskunnille, perheille tai pienille ryhmille, jotka etsiv\u00e4t ainutlaatuista ja rentouttavaa seikkailua.<\/p>\n<p>Me CanaryVIP:ss\u00e4 teemme varauksenne <a href=\"https:\/\/canaryvip.com\/fi\/gran-canaria\/\"><strong>vuokrata veneen Puerto Mog\u00e1n<\/strong><\/a> kokemuksen helpoksi ja nautinnolliseksi, varmistaen, ett\u00e4 kaikki yksityiskohdat on hoidettu t\u00e4ydellist\u00e4 p\u00e4iv\u00e4\u00e4si varten vesill\u00e4.<\/p>\n<h3>\u2b50\ufe0f Miksi valita Sunkiss Boat Charter Gran Canarialla?<\/h3>\n<p>T\u00e4ss\u00e4 miksi <strong>Sunkissin veneen rahtaus<\/strong> on yksi parhaista vaihtoehdoista viett\u00e4\u00e4 yksityinen ja unohtumaton p\u00e4iv\u00e4 merell\u00e4:<\/p>\n<h4><strong>Yksityinen ja intiimi kokemus<\/strong><\/h4>\n<p>Nauti eksklusiivisesta matkasta vain ryhm\u00e4si kanssa. T\u00e4m\u00e4 yksityinen jahti, johon mahtuu enint\u00e4\u00e4n 8 henke\u00e4, tarjoaa henkil\u00f6kohtaisen ja rauhallisen ymp\u00e4rist\u00f6n, joka on ihanteellinen erikoistilaisuuksiin tai rentouttavaan lomamatkaan.<\/p>\n<h4><strong>Elegantti mukavuus<\/strong><\/h4>\n<p>Purjehdi kauniisti hoidetulla 12-metrisell\u00e4 jahdilla, jossa on mukavat istuimet, varjoisia alueita ja tilava kansi auringonottoa varten. Nauti Gran Canarian rannikon upeista panoraaman\u00e4kymist\u00e4 ja rentoudu samalla tyylill\u00e4.<\/p>\n<h4><strong>Snorklausseikkailu<\/strong><\/h4>\n<p>Ankkuroidu syrj\u00e4iseen poukamaan uimaan kristallinkirkkaissa vesiss\u00e4 ja snorklaamaan tarjotuilla v\u00e4lineill\u00e4. Tutustu Gran Canarian vilkkaaseen meriel\u00e4m\u00e4\u00e4n tai rentoudu kannella ja nauti rauhallisesta ilmapiirist\u00e4.<\/p>\n<h3>\ud83d\udea4 Sunkissin veneretken vaihtoehdot<\/h3>\n<p>Valitse matkan kesto, joka sopii aikatauluusi ja toiveisiisi:<\/p>\n<ul>\n<li><strong>3 tunnin yksityinen tilauslento:<\/strong> T\u00e4ydellinen lyhyt pakomatka Gran Canarian rannikon tutkimiseen ja virkist\u00e4v\u00e4st\u00e4 uinnista tai snorklauksesta nauttimiseen.<\/li>\n<li><strong>6 tunnin yksityinen tilauslento:<\/strong> Sukella syvemm\u00e4lle saaren luonnonkauneuteen, ja sinulla on enemm\u00e4n aikaa rentoutua ja tutkia piilotettuja paikkoja.<\/li>\n<li><strong>8 tunnin yksityinen tilauslento:<\/strong> Kokop\u00e4iv\u00e4n seikkailu, jonka aikana voit kokea t\u00e4ydellisen rentoutumisen ja tutkimusmatkan, ja sinulla on ylim\u00e4\u00e4r\u00e4ist\u00e4 aikaa vierailla useilla lahdilla ja nauttia Gran Canarian parhaista puolista.<\/li>\n<\/ul>\n<h3>\ud83e\udd42 Mit\u00e4 Sunkiss-peruskirjaasi sis\u00e4ltyy?<\/h3>\n<p>Sinun <strong>veneen vuokraus Gran Canarialla<\/strong> sis\u00e4lt\u00e4\u00e4:<\/p>\n<ul>\n<li>V\u00e4lipalat, mukaan lukien sipsit ja p\u00e4hkin\u00e4t.<\/li>\n<li>Juomat, kuten olut, virvoitusjuomat ja vesi.<\/li>\n<li>Snorklausv\u00e4lineet (naamarit ja ev\u00e4t) vedenalaisen maailman tutkimista varten.<\/li>\n<li>Vakuutus huoletonta kokemusta varten.<\/li>\n<li>Valinnainen kuljetus Gran Canarian etel\u00e4osan hotelleihin ja hotelleista.<\/li>\n<li>Valinnainen lounas (10 \u20ac\/henkil\u00f6, pyyd\u00e4 varauksen yhteydess\u00e4).<\/li>\n<\/ul>\n<h3>\ud83d\udccd L\u00e4ht\u00f6tiedot<\/h3>\n<ul>\n<li><strong>Sijainti:<\/strong> <a href=\"https:\/\/maps.app.goo.gl\/Xhe545W98um3rx6W8\" target=\"_new\" rel=\"noopener\"><span>Puerto<\/span><span> Mog\u00e1n<\/span><span>, Gran<\/span><span> Canaria<\/span><\/a>.<\/li>\n<li><strong>L\u00e4ht\u00f6ajat:<\/strong> 09:00, 12:00 ja 15:00.<\/li>\n<li><strong>Kuljetus:<\/strong> Noutopalvelu on saatavilla lis\u00e4\u00e4 mukavuutta.<\/li>\n<\/ul>\n<p>Suosittelemme saapumaan v\u00e4hint\u00e4\u00e4n 15 minuuttia ennen l\u00e4ht\u00f6\u00e4, jotta seikkailusi alku sujuisi ongelmitta.<\/p>\n<h3>\u2705 L\u00e4pin\u00e4kyv\u00e4 peruutusoikeus<\/h3>\n<p>Asetamme mielenrauhasi etusijalle selkeill\u00e4 ja joustavilla peruutusvaihtoehdoilla:<\/p>\n<ul>\n<li><strong>S\u00e4\u00e4takuu:<\/strong> Siirr\u00e4 aikataulua tai saat t\u00e4yden hyvityksen, jos s\u00e4\u00e4olosuhteet eiv\u00e4t ole turvalliset.<\/li>\n<li><strong>Joustavat peruutukset:<\/strong> Peruuta tai siirr\u00e4 aikataulua ilmaiseksi enint\u00e4\u00e4n 8 p\u00e4iv\u00e4\u00e4 ennen matkaa. Talletuksia ei palauteta, jos peruutus tehd\u00e4\u00e4n 8 p\u00e4iv\u00e4n kuluessa suunnitellusta l\u00e4ht\u00f6ajankohdasta.<\/li>\n<\/ul>\n<h3>\ud83d\udc68\u200d\u2708\ufe0f Vinkkej\u00e4 Sunkiss-veneseikkailuun<\/h3>\n<p>Ota kaikki irti p\u00e4iv\u00e4st\u00e4si n\u00e4iden yksinkertaisten vinkkien avulla:<\/p>\n<ul>\n<li>Ota mukaan uimahousut, aurinkovoide ja pyyhe.<\/li>\n<li>K\u00e4yt\u00e4 mukavia, s\u00e4\u00e4h\u00e4n sopivia vaatteita.<\/li>\n<li>Pid\u00e4 CanaryVIP-lippusi valmiina joko puhelimessa tai tulostettuna.<\/li>\n<li>Sy\u00f6 kevyt ateria etuk\u00e4teen v\u00e4ltt\u00e4\u00e4ksesi merisairauden.<\/li>\n<\/ul>\n<h3>\ud83c\udf1f Miksi varata CanaryVIP:n kanssa?<\/h3>\n<p>Me CanaryVIP:ss\u00e4 olemme erikoistuneet tarjoamaan parhaat mahdolliset <strong>vuokrata veneen Puerto Mog\u00e1n<\/strong> ja <strong>ylellisyytt\u00e4 jahdin vuokraus Gran Canarialla<\/strong>. Varmistamme, ett\u00e4 jokainen hetki vesill\u00e4 on unohtumaton, aina yksityisist\u00e4 Sunkissin kaltaisista charter-retkist\u00e4 r\u00e4\u00e4t\u00e4l\u00f6ityihin kokemuksiin.<\/p>\n<p>Varaa <strong>Sunkissin veneen rahtaus<\/strong> t\u00e4n\u00e4\u00e4n ja nauti matkasta, joka on t\u00e4ynn\u00e4 rentoutumista, seikkailua ja Gran Canarian henke\u00e4salpaavia n\u00e4kymi\u00e4.<\/p>\n<p>\ud83d\udc49 <a href=\"https:\/\/canaryvip.com\/fi\/\" target=\"_new\" rel=\"noopener\"><span>Varaus<\/span><span> Nyt<\/span><\/a> ja luo muistoja, jotka kest\u00e4v\u00e4t koko el\u00e4m\u00e4n!<\/p>","protected":false},"excerpt":{"rendered":"<p><strong>\ud83d\udd0d Magic Island Gran Canaria:<\/strong><br \/>\n\u2705 Turvallinen maksu.<br \/>\n\ud83d\udd10 Yksityiset matkat.<br \/>\n\ud83d\udee5\ufe0f 12m Yacht Comfort.<br \/>\n\u23f3 P\u00e4ivitt\u00e4iset kierrokset 3H, 6H ja 8H.<br \/>\n\ud83d\udd59 Eri l\u00e4ht\u00f6ajat.<br \/>\n\ud83d\udc65 Enint\u00e4\u00e4n 8 vierasta.<br \/>\n\ud83e\udd3f Snorkkelivarusteet tarjotaan.<br \/>\n\ud83d\ude8c Nouto ja j\u00e4tt\u00e4minen.<br \/>\n\ud83e\udd11 Paras hinta taattu.<br \/>\n\ud83d\udc6a Alennukset aktivoitu.<br \/>\n\ud83d\udd01 Enint\u00e4\u00e4n 8 p\u00e4iv\u00e4n peruutus.<br \/>\n\ud83c\udf0d Monikielinen miehist\u00f6.<br \/>\n\ud83c\udf1f Varaa ajoissa ja s\u00e4\u00e4st\u00e4!<br \/>\n\ud83d\udccd L\u00e4ht\u00f6 <a href=\"https:\/\/maps.app.goo.gl\/4TJkgAg6UBpnsyhm9\">Puerto de Mog\u00e1n<\/a>.<\/p>","protected":false},"featured_media":12950,"comment_status":"open","ping_status":"closed","template":"","meta":{"_acf_changed":false},"product_brand":[],"product_cat":[132],"product_tag":[],"class_list":{"0":"post-12949","1":"product","2":"type-product","3":"status-publish","4":"has-post-thumbnail","6":"product_cat-boat-hire-gran-canaria","7":"wcpa_has_options","9":"first","10":"instock","11":"virtual","12":"purchasable","13":"product-type-simple"},"acf":[],"wcpa_form_fields":{"wcpaData":{"product":{"product_price":399,"price_html":"From&nbsp;<span class=\"woocommerce-Price-amount amount\"><bdi>399,00&nbsp;<span class=\"woocommerce-Price-currencySymbol\">&euro;<\/span><\/bdi><\/span>","original_product_price":399,"price_including_tax":399,"price_excluding_tax":399,"product_id":{"parent":12949,"variation":false},"is_variable":false,"stock_status":"instock","stock_quantity":null,"parent_sku":"CV12949","product_attributes":[],"custom_fields":[],"is_taxable":false,"product_name":"Sunkiss Boat Charter<br\/>Gran Canaria","hasImage":false},"fields":{"sec_667811df8760f9":{"extra":{"key":"sec_667811df8760f9","section_id":"sec_667811df8760f9","name":"Default","status":1,"cl_rule":"show","enableCl":false,"relations":[],"toggle":true,"title_tag":"h3","show_title":false,"showPrice":"default","form_id":13536,"form_rules":{"exclude_from_discount":true,"fee_label":"Fee","disp_hide_options_price":true,"disp_show_section_price":false,"disp_show_field_price":true,"layout_option":"standard","pric_use_as_fee":false,"process_fee_as":"woo_fee"},"layout_option":"standard"},"fields":[[{"label":"\ud83d\udcc5 Date","active":true,"required":true,"elementId":"date_567811df876119","picker_type":"custom","picker_mode":"single","placeholder":"","description":"","tooltip":"","name":"date_567811df876119","label_position":"default","desc_position":"default","enablePrice":false,"className":"","enableCl":false,"relations":[{"operator":"and","rules":[{"operator":"AND","rules":{"cl_field":"radio-group_565c78ffa81208","cl_relation":"is","cl_val":"3 Hour Trip"}}]}],"date_pic_inline":true,"date_pic_inline_hide":true,"min_date":{"type":"days","val":"2"},"max_date":{"type":"days","val":"365"},"date_pic_conf":{"disabledWeeks":[]},"price":"","cl_rule":"show","col":6,"type":"date","error":false,"enableDesign":false,"LabelColor":"","gt_translate_keys":["label","placeholder","description","tooltip"],"price_dependency":false,"cl_dependency":false,"value":""}],[{"elementId":"separator_267811df876128","separatorType":"blank","className":"","height":"3","enableCl":false,"relations":false,"cl_rule":"show","col":6,"type":"separator","error":false,"gt_translate_keys":[],"price_dependency":false,"cl_dependency":false,"value":""}],[{"active":true,"col":6,"relations":false,"cl_rule":"show","enableCl":false,"price":"","enablePrice":true,"className":"","label_position":"default","desc_position":"default","type":"select","required":true,"elementId":"select_267811df876133","label":"\u23f3 Trip Duration","name":"select_267811df876133","values":[{"label":"3 Hours (399\u20ac)","value":"3","selected":false,"tempId":"aco_556","price":"399","gt_translate_keys":["label"]},{"label":"6 Hours (700\u20ac)","value":"6","selected":false,"tempId":"aco_122","price":"700","gt_translate_keys":["label"]},{"label":"8 Hours (900\u20ac)","value":"8","selected":false,"tempId":"aco_41","price":"900","gt_translate_keys":["label"]}],"dropdown_type":"basic","error":false,"placeholder":"Select Trip Duration","priceOptions":"different_for_all","pricingType":"fixed","is_show_price":false,"gt_translate_keys":["label","placeholder"],"price_dependency":false,"cl_dependency":false,"value":""}],[{"label":"\u2705 Number of People","active":true,"required":true,"elementId":"select_667811df87613d","dropdown_type":"basic","placeholder":"Select Number of People","name":"select_667811df87613d","label_position":"default","desc_position":"default","enablePrice":false,"className":"","enableCl":false,"relations":[{"operator":false,"rules":[{"operator":"AND","rules":{"cl_field":"radio-group_565c78ffa81208","cl_relation":"is","cl_val":"3 Hour Trip"}}]}],"values":[{"label":"1 person","value":"1","selected":false,"tempId":"aco_1471","price":"0","gt_translate_keys":["label"]},{"label":"2 people","value":"2","selected":false,"tempId":"aco_1472","price":"0","gt_translate_keys":["label"]},{"label":"3 people","value":"3","selected":false,"tempId":"aco_1500","price":"0","gt_translate_keys":["label"]},{"label":"4 people","value":"4","selected":false,"tempId":"aco_1510","price":"0","gt_translate_keys":["label"]},{"label":"5 people","value":"5","selected":false,"tempId":"aco_1520","price":"0","gt_translate_keys":["label"]},{"label":"6 people","value":"6","selected":false,"tempId":"aco_1728","price":"0","gt_translate_keys":["label"]},{"label":"7 people","value":"7","selected":false,"tempId":"aco_1738","price":"0","gt_translate_keys":["label"]},{"label":"8 people","value":"8","selected":false,"tempId":"aco_1748","price":"0","gt_translate_keys":["label"]}],"price":"","cl_rule":"show","col":6,"type":"select","error":false,"priceOptions":"different_for_all","pricingType":"fixed","is_show_price":false,"gt_translate_keys":["label","placeholder"],"price_dependency":["select_067811df876146"],"cl_dependency":false,"value":""}],[{"active":true,"col":6,"relations":false,"cl_rule":"show","enableCl":false,"price":"","enablePrice":true,"className":"","label_position":"default","desc_position":"default","type":"select","required":false,"elementId":"select_067811df876146","label":"\ud83c\udf57 Meal (+10\u20ac\/person)","name":"select_067811df876146","values":[{"label":"No","value":"No","selected":false,"tempId":"aco_2562","price":"","gt_translate_keys":["label"]},{"label":"Yes (+10\u20ac\/person)","value":"Yes","selected":false,"tempId":"aco_2563","price":"{field.select_667811df87613d.value}*10","gt_translate_keys":["label"]}],"dropdown_type":"basic","error":false,"description":"Snacks and drinks are included. If you want an extra meal, please select this option. The meal is marinated chicken with mojo potatoes and coleslaw. Payment due at arrival the day of the tour.","priceOptions":"different_for_all","pricingType":"custom","isTemplate":false,"is_show_price":true,"gt_translate_keys":["label","description"],"price_dependency":false,"cl_dependency":false,"value":""}]]},"sec_167811df876147":{"extra":{"key":"sec_167811df876147","section_id":"sec_167811df876147","name":"Pickup Location","status":1,"cl_rule":"show","enableCl":false,"relations":[],"toggle":true,"title_tag":"h4","show_title":false,"showPrice":"default","form_id":13536,"form_rules":{"exclude_from_discount":true,"fee_label":"Fee","disp_hide_options_price":true,"disp_show_section_price":false,"disp_show_field_price":true,"layout_option":"standard","pric_use_as_fee":false,"process_fee_as":"woo_fee"},"layout_option":"standard"},"fields":[[{"elementId":"separator_1067811df876152","separatorType":"blank","className":"","height":"3","enableCl":false,"relations":false,"cl_rule":"show","col":6,"type":"separator","error":false,"gt_translate_keys":[],"price_dependency":false,"cl_dependency":false,"value":""}],[{"active":true,"col":6,"relations":[{"operator":false,"rules":[{"operator":"AND","rules":{"cl_field":"radio-group_565c78ffa81208","cl_relation":"is","cl_val":"3 Hour Trip"}}]}],"cl_rule":"show","enableCl":false,"price":"","enablePrice":false,"className":"","label_position":"default","desc_position":"default","type":"select","required":false,"elementId":"select_667811df87615b","label":"\u23f0 Departure","name":"select_667811df87615b","values":[{"label":"09:00","value":"09:00","selected":false,"tempId":"aco_1471","gt_translate_keys":["label"]},{"label":"12:00","value":"12:00","selected":false,"tempId":"aco_1510","gt_translate_keys":["label"]},{"label":"15:00","value":"15:00","selected":false,"tempId":"aco_1738","gt_translate_keys":["label"]}],"dropdown_type":"basic","error":false,"placeholder":"Whichever Time is Best","gt_translate_keys":["label","placeholder"],"price_dependency":false,"cl_dependency":false,"value":""}],[{"elementId":"separator_767811df876165","separatorType":"blank","className":"","height":"1","enableCl":false,"relations":false,"cl_rule":"show","col":6,"type":"separator","gt_translate_keys":[],"price_dependency":false,"cl_dependency":false,"value":""}],[{"elementId":"separator_967811df876170","separatorType":"blank","className":"","height":"1","enableCl":false,"relations":false,"cl_rule":"show","col":6,"type":"separator","error":false,"gt_translate_keys":[],"price_dependency":false,"cl_dependency":false,"value":""}],[{"active":true,"col":6,"relations":false,"cl_rule":"show","enableCl":false,"price":"","enablePrice":false,"className":"","label_position":"default","desc_position":"default","type":"text","subtype":"text","required":false,"elementId":"text_967811df876178","label":"\ud83d\ude8c Pickup Location","name":"text_967811df876178","value":"","error":false,"description":"Pick-up service in some locations. Simply provide your address or hotel name. (+2\u20ac\/person paid at pickup to the driver)","gt_translate_keys":["label","description","value"],"price_dependency":false,"cl_dependency":false}]]}},"config":{"price_override":"always","enable_recaptcha":false,"bind_quantity":false,"quantity_bind_formula":false,"disp_summ_show_option_price":true,"disp_summ_show_product_price":false,"disp_summ_show_total_price":true,"disp_summ_show_fee":true,"disp_summ_show_discount":true,"summary_title":"","options_total_label":"Options Price","total_label":"Total Amount","options_product_label":"Product Price","fee_label":"Fee","discount_label":"Discount","has_price":true,"has_quantity_formula":false},"mc_unit":1,"tax_rate":1,"tax_rate_real":1,"discount":{"percentage":0,"fixed":0},"design":{"conf":{"LabelPosition":"above","DescPosition":"above","UploadField":"custom_1","QuantityFieldStyle":"custom_1"},"css":{"LeftLabelWidth":"120px"}},"formulas":{"fmla_1708364241278155361":"(({field.select_3666b1eb2b11fe.value}>=8)?(1400):(({field.select_3666b1eb2b11fe.value}>=7)?(1225):(({field.select_3666b1eb2b11fe.value}>=6)?(1050):(({field.select_3666b1eb2b11fe.value}>=5)?(875):(({field.select_3666b1eb2b11fe.value}>=4)?(700):(({field.select_3666b1eb2b11fe.value}>=3)?(500):(0)))))))","fmla_1718295979528641619":"(({field.select_3666b1eb2b11fe.value}>=8)?(280):(({field.select_3666b1eb2b11fe.value}>=7)?(205):(({field.select_3666b1eb2b11fe.value}>=6)?(150):(({field.select_3666b1eb2b11fe.value}>=5)?(175):(({field.select_3666b1eb2b11fe.value}>=4)?(200):(({field.select_3666b1eb2b11fe.value}>=3)?(150):(0)))))))"},"lookuptables":[],"clones":false,"cartKey":false}},"_links":{"self":[{"href":"https:\/\/canaryvip.com\/fi\/wp-json\/wp\/v2\/product\/12949","targetHints":{"allow":["GET"]}}],"collection":[{"href":"https:\/\/canaryvip.com\/fi\/wp-json\/wp\/v2\/product"}],"about":[{"href":"https:\/\/canaryvip.com\/fi\/wp-json\/wp\/v2\/types\/product"}],"replies":[{"embeddable":true,"href":"https:\/\/canaryvip.com\/fi\/wp-json\/wp\/v2\/comments?post=12949"}],"wp:featuredmedia":[{"embeddable":true,"href":"https:\/\/canaryvip.com\/fi\/wp-json\/wp\/v2\/media\/12950"}],"wp:attachment":[{"href":"https:\/\/canaryvip.com\/fi\/wp-json\/wp\/v2\/media?parent=12949"}],"wp:term":[{"taxonomy":"product_brand","embeddable":true,"href":"https:\/\/canaryvip.com\/fi\/wp-json\/wp\/v2\/product_brand?post=12949"},{"taxonomy":"product_cat","embeddable":true,"href":"https:\/\/canaryvip.com\/fi\/wp-json\/wp\/v2\/product_cat?post=12949"},{"taxonomy":"product_tag","embeddable":true,"href":"https:\/\/canaryvip.com\/fi\/wp-json\/wp\/v2\/product_tag?post=12949"}],"curies":[{"name":"wp","href":"https:\/\/api.w.org\/{rel}","templated":true}]}}