{"id":12784,"date":"2024-08-05T16:50:08","date_gmt":"2024-08-05T15:50:08","guid":{"rendered":"https:\/\/canaryvip.com\/?post_type=product&#038;p=12784"},"modified":"2025-08-09T14:08:37","modified_gmt":"2025-08-09T13:08:37","slug":"self-drive-boat-hire-tenerife","status":"publish","type":"product","link":"https:\/\/canaryvip.com\/fi\/shop\/self-drive-boat-hire-tenerife\/","title":{"rendered":"Veneenvuokraus Teneriffalla"},"content":{"rendered":"<h2>\ud83d\udea4 Vuokraa itseohjautuva vene ilman lisenssi\u00e4 Teneriffalla<\/h2>\n<p>L\u00e4hde vesiseikkailuun vuokraamalla itseohjautuva vene vuonna <a href=\"https:\/\/canaryvip.com\/fi\/tenerife\/\">Teneriffa<\/a>, t\u00e4ydellinen niille, jotka kaipaavat itsen\u00e4isen navigoinnin vapautta.<\/p>\n<p>L\u00e4hde liikkeelle maisemallisesta <a href=\"https:\/\/www.google.com\/maps\/place\/Puerto+Col%C3%B3n\/@28.078002,-16.7394902,1078m\/data=!3m2!1e3!4b1!4m6!3m5!1s0xc6a9743509c9ebf:0xd62345524f768247!8m2!3d28.078002!4d-16.7369153!16s%2Fg%2F11c6cqryw_?authuser=0&amp;entry=tts&amp;g_ep=EgoyMDI0MDgwNC4wKgBIAVAD\" target=\"_blank\" rel=\"noopener\">Puerto Col\u00f3n<\/a>, jossa sinulla on mahdollisuus l\u00f6yt\u00e4\u00e4 syrj\u00e4isi\u00e4 paikkoja, paistatella auringossa tai nauttia piknikist\u00e4 veden \u00e4\u00e4rell\u00e4 Atlantin kristallinkirkkaiden aaltojen ymp\u00e4r\u00f6im\u00e4n\u00e4.<\/p>\n<p>Kuvittele, kuinka j\u00e4nnitt\u00e4v\u00e4\u00e4 on ottaa itse ruori k\u00e4teen ja navigoida Teneriffan upeilla vesill\u00e4. Tunne tuuli hiuksissasi ja aurinko kasvoillasi, kun asetat oman kurssisi. Veneisiimme mahtuu enint\u00e4\u00e4n 5 matkustajaa, joten ne sopivat erinomaisesti puolen p\u00e4iv\u00e4n tai koko p\u00e4iv\u00e4n seikkailuihin.<\/p>\n<h3>\ud83d\udea4 Sinun matkasi, sinun k\u00e4skysi<\/h3>\n<ul>\n<li><strong>Kompakti muotoilu:<\/strong> Nauti tyylikk\u00e4\u00e4st\u00e4 ja mukavasta navigoinnista hyvin huolletuilla veneill\u00e4mme.<\/li>\n<li><strong>Upeat maisemat:<\/strong> Purjehdi l\u00e4hell\u00e4 Teneriffan kaunista La Caleta- tai Diego Hernandezin rantaa ja nauti ymp\u00e4rill\u00e4si el\u00e4v\u00e4st\u00e4 meriel\u00e4m\u00e4st\u00e4.<\/li>\n<li><strong style=\"letter-spacing: 0em;\">Yksityiset sukellukset:<\/strong><span style=\"letter-spacing: 0em;\"> Pudota ankkuri piilotettuihin poukamiin, jotka ovat ihanteellisia uintiin, snorklaukseen tai auringonottoon.<\/span><\/li>\n<li><strong>V\u00e4lipaloja merell\u00e4:<\/strong> Vapaus tuoda ja nauttia omia ruokia aluksella parantaa t\u00e4t\u00e4 henkil\u00f6kohtaista itseohjautuvaa Teneriffan veneenvuokrauskokemusta.<\/li>\n<li><strong>Vaivaton k\u00e4sittely:<\/strong> K\u00e4ytt\u00e4j\u00e4yst\u00e4v\u00e4llisen suunnittelun ja vakaiden risteilyominaisuuksien ansiosta veneemme mahdollistavat veneilyn kaikille.<\/li>\n<\/ul>\n<h3>\u2728 Self Drive -venevuokrauksen t\u00e4rkeimm\u00e4t yksityiskohdat<\/h3>\n<p><strong>Mukautettu mieltymyksiesi mukaan:<\/strong> Veneemme, jotka sopivat jopa 5 hengelle, ovat t\u00e4ydellisi\u00e4 pariskunnan retriittiin tai ryhm\u00e4retkelle ja ovat valmiita mihin tahansa tapahtumaan. Kattavat ohjeet takaavat turvallisen ja miellytt\u00e4v\u00e4n kokemuksen vesill\u00e4.<\/p>\n<p><strong>Monipuolinen valinta kaikille:<\/strong> Ihanteellinen perheille, yst\u00e4ville tai yksin matkustaville, ilman ajokorttia kulkevat veneemme antavat sinulle mahdollisuuden kokea itsen\u00e4isyyden ja luonnonkauniin ylellisyyden yhdistelm\u00e4n Teneriffan rannikkoa vasten.<\/p>\n<h3>\ud83d\udea4 Valmistautuminen retkelle l\u00e4ht\u00f6\u00f6n<\/h3>\n<p>Valmistaudu unohtumattomaan p\u00e4iv\u00e4\u00e4n merell\u00e4 v\u00e4ltt\u00e4m\u00e4tt\u00f6mill\u00e4 tarvikkeilla, kuten uimahousuilla ja aurinkovoiteella. Meilt\u00e4 saat kaikki tarvittavat navigointiv\u00e4lineet, joten voit keskitty\u00e4 vain l\u00f6yt\u00e4misen iloon.<\/p>\n<p>\u00c4l\u00e4 unohda kameraa, jotta voit tallentaa henke\u00e4salpaavat n\u00e4kym\u00e4t Teneriffan rannoille ja veden alla kukoistavaan vesiel\u00e4m\u00e4\u00e4n.<\/p>\n<h3>\ud83d\udcdc Peruutus- ja laivallaolos\u00e4\u00e4nn\u00f6t<\/h3>\n<p><strong>Yksityinen veneen vuokraus:<\/strong> Peruuta ilmaiseksi viimeist\u00e4\u00e4n 96 tuntia ennen l\u00e4ht\u00f6\u00e4si. Jos peruutat matkasi alle 72 tunnin varoitusajalla, talletusta ei palauteta.<\/p>\n<p><strong>Yhteinen matka:<\/strong> Ilmainen peruutus enint\u00e4\u00e4n 48 tuntia ennen aikataulun mukaista l\u00e4ht\u00f6\u00e4. Jos peruutat my\u00f6hemmin tai et saavu paikalle, talletus menetet\u00e4\u00e4n.<\/p>\n<p><strong>\ud83c\udf26\ufe0f S\u00e4\u00e4 ja v\u00e4himm\u00e4isosallistujam\u00e4\u00e4r\u00e4:<\/strong> Huonon s\u00e4\u00e4n sattuessa tai jos osallistujia ei ole riitt\u00e4v\u00e4sti, voit valita t\u00e4yden hyvityksen tai siirt\u00e4\u00e4 matkasi toiseen ajankohtaan.<\/p>\n<p><strong>\ud83d\udea2 Aluksella olevat s\u00e4\u00e4nn\u00f6t:<\/strong> Tulkaa ajoissa paikalle! Palautuksia ei my\u00f6nnet\u00e4 merisairauden aiheuttamista my\u00f6h\u00e4stymisist\u00e4 tai matkasuunnitelman muutoksista.<\/p>\n<h3>\ud83d\ude99 L\u00e4ht\u00f6paikka ja pys\u00e4k\u00f6inti<\/h3>\n<p><strong>Aloita osoitteesta <a href=\"https:\/\/www.google.com\/maps\/place\/Puerto+Col%C3%B3n\/@28.078002,-16.7394902,1078m\/data=!3m2!1e3!4b1!4m6!3m5!1s0xc6a9743509c9ebf:0xd62345524f768247!8m2!3d28.078002!4d-16.7369153!16s%2Fg%2F11c6cqryw_?authuser=0&amp;entry=tts&amp;g_ep=EgoyMDI0MDgwNC4wKgBIAVAD\" target=\"_blank\" rel=\"noopener\">Puerto Col\u00f3n<\/a>:<\/strong> Meriseikkailusi alkaa <strong>Puerto Col\u00f3n<\/strong>Satamassa on runsaasti pys\u00e4k\u00f6intitilaa, joten p\u00e4iv\u00e4si on helppo aloittaa. Saavu hieman aikaisemmin, jotta voit aloittaa matkasi ilman kiirett\u00e4.<\/p>\n<h3>\ud83c\udf1f CanaryVIP:n lupaus teille<\/h3>\n<p>Me CanaryVIP:ss\u00e4 asetamme tyytyv\u00e4isyytesi etusijalle. Nauti mukautuvista peruutusehdoista, jotka tarjoavat turvaa, kun varaat itseohjautuvan veneen vuokrauksen. Olemme sitoutuneet tarjoamaan erinomaista palvelua keskittyen turvallisuuteen ja haluun parantaa kokemustasi Teneriffan majesteettisilla vesill\u00e4.<\/p>\n<p>L\u00e4hde seikkailemaan itseohjautuvalla veneell\u00e4 ilman ajokorttia, risteile Teneriffan upeilla merill\u00e4 ja l\u00f6yd\u00e4 piilotettuja jalokivi\u00e4 Teneriffan rannikolla. <strong>Puerto Col\u00f3n.<\/strong><\/p>\n<p>Varaa jo t\u00e4n\u00e4\u00e4n eksklusiivinen meriseikkailu, jossa yhdistyv\u00e4t riippumattomuus, mukavuus ja Kanariansaarten koskematon kauneus. Varaa nyt ja luo pysyvi\u00e4 muistoja merell\u00e4!<\/p>","protected":false},"excerpt":{"rendered":"<p><strong>\ud83d\udd0d Self Drive Boat:<\/strong><br \/>\n<span>\u2705 Turvallinen maksu.<\/span><br \/>\n<span>\ud83e\udeaa Ilman venelupaa.<\/span><br \/>\n<span>\ud83d\udee5\ufe0f 5 metri\u00e4 pitk\u00e4.<\/span><br \/>\n<span>\u23f3 P\u00e4ivitt\u00e4inen vuokraus 2-8h.<br \/>\n\u26fd Bensiini sis\u00e4ltyy<\/span><br \/>\n<span>\ud83d\udd59 Mukautettavat l\u00e4ht\u00f6ajat.<\/span><br \/>\n<span>\ud83d\udc65 Enint\u00e4\u00e4n 5 vierasta.<\/span><br \/>\n<span>\ud83e\udd3f Snorklausv\u00e4lineet.<\/span><br \/>\n<span>\ud83e\udd11 Paras hinta taattu.<\/span><br \/>\n<span>\ud83d\udc6a Alennukset aktivoitu.<\/span><br \/>\n<span>\ud83d\udd01 Enint\u00e4\u00e4n 4 p\u00e4iv\u00e4n peruutus.<\/span><br \/>\n<span>\ud83c\udf0d Monikielinen tuki.<\/span><br \/>\n<span>\ud83c\udf1f Varaa ajoissa ja s\u00e4\u00e4st\u00e4!<br \/>\n\ud83d\udccd L\u00e4ht\u00f6 <a href=\"https:\/\/maps.app.goo.gl\/3EAT9KE3yNKvnqsz7\" target=\"_blank\" rel=\"noopener\">Puerto Col\u00f3n<\/a>.<br \/>\n<\/span><\/p>","protected":false},"featured_media":14654,"comment_status":"open","ping_status":"closed","template":"","meta":{"_acf_changed":false},"product_brand":[],"product_cat":[130],"product_tag":[],"class_list":{"0":"post-12784","1":"product","2":"type-product","3":"status-publish","4":"has-post-thumbnail","6":"product_cat-self-drive-boat-hire","7":"wcpa_has_options","9":"first","10":"instock","11":"sale","12":"virtual","13":"purchasable","14":"product-type-simple"},"acf":[],"wcpa_form_fields":{"wcpaData":{"product":{"product_price":180,"price_html":"From&nbsp;<del aria-hidden=\"true\"><span class=\"woocommerce-Price-amount amount\"><bdi>200,00&nbsp;<span class=\"woocommerce-Price-currencySymbol\">&euro;<\/span><\/bdi><\/span><\/del> <span class=\"screen-reader-text\">Alkuper\u00e4inen hinta oli: 200,00&nbsp;&euro;.<\/span><ins aria-hidden=\"true\"><span class=\"woocommerce-Price-amount amount\"><bdi>180,00&nbsp;<span class=\"woocommerce-Price-currencySymbol\">&euro;<\/span><\/bdi><\/span><\/ins><span class=\"screen-reader-text\">Nykyinen hinta on: 180,00&nbsp;&euro;.<\/span>","original_product_price":200,"price_including_tax":180,"price_excluding_tax":180,"product_id":{"parent":12784,"variation":false},"is_variable":false,"stock_status":"instock","stock_quantity":null,"parent_sku":"CV12784","product_attributes":[],"custom_fields":[],"is_taxable":false,"product_name":"Self Drive Boat Hire Tenerife","hasImage":false},"fields":{"sec_666b2beb820739":{"extra":{"key":"sec_666b2beb820739","section_id":"sec_666b2beb820739","name":"Default","status":1,"cl_rule":"show","enableCl":false,"relations":[],"toggle":true,"title_tag":"h3","show_title":false,"showPrice":"default","form_id":12811,"form_rules":{"exclude_from_discount":true,"fee_label":"Fee","disp_hide_options_price":true,"disp_show_section_price":false,"disp_show_field_price":true,"layout_option":"standard","pric_use_as_fee":false,"process_fee_as":"woo_fee"},"layout_option":"standard"},"fields":[[{"label":"\ud83d\udcc5 Date","active":true,"required":true,"elementId":"date_466b2beb820758","picker_type":"custom","picker_mode":"single","placeholder":"","description":"","tooltip":"","name":"date_466b2beb820758","label_position":"default","desc_position":"default","enablePrice":false,"className":"","enableCl":false,"relations":[{"operator":"and","rules":[{"operator":"AND","rules":{"cl_field":"radio-group_565c78ffa81208","cl_relation":"is","cl_val":"3 Hour Trip"}}]}],"date_pic_inline":true,"date_pic_inline_hide":true,"min_date":{"type":"days","val":"0"},"max_date":{"type":"days","val":"365"},"date_pic_conf":{"disabledWeeks":[],"disabledDates":[]},"price":"","cl_rule":"show","col":6,"type":"date","error":false,"enableDesign":false,"LabelColor":"","gt_translate_keys":["label","placeholder","description","tooltip"],"price_dependency":false,"cl_dependency":false,"value":""}],[{"contentType":"rich","active":true,"label":"","elementId":"content_466b2beb820766","value":"<p>\ud83c\udf9f\ufe0f <strong>Reservation<\/strong>: Pay only a deposit now to reserve; the rest is due on the day of the activity upon arrival.<\/p>","inline":false,"name":"content_466b2beb820766","enablePrice":false,"className":"","subtype":"p","enableCl":false,"relations":false,"price":"","cl_rule":"show","col":6,"type":"content","error":false,"pricingType":"custom","isTemplate":false,"is_show_price":true,"show_in_checkout":true,"gt_translate_keys":["label","value"],"price_dependency":false,"cl_dependency":false}],[{"active":true,"col":6,"relations":false,"cl_rule":"show","enableCl":false,"price":"","enablePrice":true,"className":"","label_position":"default","desc_position":"default","type":"select","required":true,"elementId":"select_366b2beb82077c","label":"\u23f3 Trip Duration","name":"select_366b2beb82077c","values":[{"label":"2 Hours (180\u20ac)","value":"2","selected":false,"tempId":"aco_85","price":"180","gt_translate_keys":["label"]},{"label":"3 Hours (250\u20ac)","value":"3","selected":false,"tempId":"aco_556","price":"250","gt_translate_keys":["label"]},{"label":"4 Hours (320\u20ac)","value":"4","selected":false,"tempId":"aco_605","price":"320","gt_translate_keys":["label"]},{"label":"5 Hours (390\u20ac)","value":"5","selected":false,"tempId":"aco_724","price":"390","gt_translate_keys":["label"]},{"label":"6 Hours (460\u20ac)","value":"6","selected":false,"tempId":"aco_401","price":"460","gt_translate_keys":["label"]}],"dropdown_type":"basic","error":false,"placeholder":"Select Trip Duration","priceOptions":"different_for_all","pricingType":"fixed","is_show_price":true,"gt_translate_keys":["label","placeholder"],"price_dependency":["content_266b2beb82078f","content_266b2beb820799"],"cl_dependency":false,"value":""}],[{"active":true,"col":6,"relations":false,"cl_rule":"show","enableCl":false,"price":"","enablePrice":false,"className":"","label_position":"default","desc_position":"default","type":"separator","required":false,"elementId":"separator_8240912106","label":"Separator Field","height":"3","separatorType":"fill","error":false,"separatorColor":"#66a5b6","gt_translate_keys":["label"],"price_dependency":false,"cl_dependency":false,"value":""}],[{"active":true,"col":6,"relations":false,"cl_rule":"show","enableCl":false,"price":"({field.select_366b2beb82077c.price}*0.2)+({field.select_166b2beb820786.price}*0.1)","enablePrice":true,"className":"","label_position":"default","desc_position":"default","type":"content","required":false,"elementId":"content_266b2beb82078f","label":"Deposit Payment","name":"content_266b2beb82078f","contentType":"plain","value":"","error":false,"pricingType":"custom","isTemplate":true,"is_show_price":false,"enableDesign":true,"scrollBar":false,"use_as_fee":false,"fee_label":"Payment Now","inline":true,"show_in_checkout":true,"subtype":"div","formulaId":"fmla_1708364241278155361","LabelSize":"14px","gt_translate_keys":["label","value"],"price_dependency":["content_466b2beb8207a2"],"cl_dependency":false}],[{"contentType":"plain","active":true,"label":"Payment at Arrival","elementId":"content_266b2beb820799","value":"","inline":true,"show_in_checkout":true,"name":"content_266b2beb820799","enablePrice":true,"className":"","fee_label":"Payment at Arrival","subtype":"div","enableCl":false,"relations":false,"scrollBar":false,"enableDesign":true,"pricingType":"custom","isTemplate":true,"price":"({field.select_366b2beb82077c.price}*0.8)+({field.select_166b2beb820786.price}*0.9)","use_as_fee":false,"is_show_price":true,"cl_rule":"show","col":6,"type":"content","error":false,"formulaId":"fmla_172299064258378161","LabelSize":"14px","gt_translate_keys":["label","value"],"price_dependency":["content_466b2beb8207a2"],"cl_dependency":false}],[{"contentType":"plain","active":true,"label":"Total Price","elementId":"content_466b2beb8207a2","value":"","inline":true,"show_in_checkout":true,"name":"content_466b2beb8207a2","enablePrice":true,"className":"","fee_label":"Payment at Arrival","subtype":"div","enableCl":false,"relations":false,"scrollBar":false,"enableDesign":true,"LabelSize":"14px","pricingType":"custom","isTemplate":false,"price":"({field.content_266b2beb82078f.price})+({field.content_266b2beb820799.price})","formulaId":"fmla_1708360988969136756","use_as_fee":false,"is_show_price":true,"cl_rule":"show","col":6,"type":"content","error":false,"gt_translate_keys":["label","value"],"price_dependency":false,"cl_dependency":false}],[{"elementId":"separator-8320172123","separatorType":"fill","separatorColor":"#66a5b6","className":"","height":"3","enableCl":false,"relations":false,"cl_rule":"show","col":6,"type":"separator","gt_translate_keys":[],"price_dependency":false,"cl_dependency":false,"value":""}],[{"active":true,"col":6,"relations":[{"operator":false,"rules":[{"operator":"AND","rules":{"cl_field":"radio-group_565c78ffa81208","cl_relation":"is","cl_val":"3 Hour Trip"}}]}],"cl_rule":"show","enableCl":false,"price":"","enablePrice":false,"className":"","label_position":"default","desc_position":"default","type":"select","required":false,"elementId":"select_866b2beb8207ab","label":"\u23f0 Departure Time","name":"select_866b2beb8207ab","values":[{"label":"9:30","value":"9:30","selected":false,"tempId":"aco_1471","gt_translate_keys":["label"]},{"label":"10:30","value":"10:30","selected":false,"tempId":"aco_1472","gt_translate_keys":["label"]},{"label":"11:30","value":"11:30","selected":false,"tempId":"aco_1500","gt_translate_keys":["label"]},{"label":"12:30","value":"12:30","selected":false,"tempId":"aco_1510","gt_translate_keys":["label"]},{"label":"13:30","value":"13:30","selected":false,"tempId":"aco_1520","gt_translate_keys":["label"]},{"label":"14:30","value":"14:30","selected":false,"tempId":"aco_1728","gt_translate_keys":["label"]},{"label":"15:30","value":"15:30","selected":false,"tempId":"aco_1738","gt_translate_keys":["label"]}],"dropdown_type":"basic","error":false,"placeholder":"Whichever Time is Best","gt_translate_keys":["label","placeholder"],"price_dependency":false,"cl_dependency":false,"value":""}],[{"elementId":"separator_266b2beb8207b5","separatorType":"blank","className":"","height":"1","enableCl":false,"relations":false,"cl_rule":"show","col":6,"type":"separator","gt_translate_keys":[],"price_dependency":false,"cl_dependency":false,"value":""}],[{"label":"\u2705 Number of People","active":true,"required":true,"elementId":"select_466b2beb8207be","dropdown_type":"basic","placeholder":"Select Number of People","name":"select_466b2beb8207be","label_position":"default","desc_position":"default","enablePrice":false,"className":"","enableCl":false,"relations":[{"operator":false,"rules":[{"operator":"AND","rules":{"cl_field":"radio-group_565c78ffa81208","cl_relation":"is","cl_val":"3 Hour Trip"}}]}],"values":[{"label":"1 person","value":"1","selected":false,"tempId":"aco_1471","gt_translate_keys":["label"]},{"label":"2 people","value":"2","selected":false,"tempId":"aco_1472","gt_translate_keys":["label"]},{"label":"3 people","value":"3","selected":false,"tempId":"aco_1500","gt_translate_keys":["label"]},{"label":"4 people","value":"4","selected":false,"tempId":"aco_1510","gt_translate_keys":["label"]},{"label":"5 people","value":"5","selected":false,"tempId":"aco_1520","gt_translate_keys":["label"]},{"label":"6 people","value":"6","selected":false,"tempId":"aco_2006","gt_translate_keys":["label"]}],"price":"","cl_rule":"show","col":6,"type":"select","error":false,"gt_translate_keys":["label","placeholder"],"price_dependency":false,"cl_dependency":false,"value":""}]]}},"config":{"price_override":"always","enable_recaptcha":false,"bind_quantity":false,"quantity_bind_formula":false,"disp_summ_show_option_price":true,"disp_summ_show_product_price":false,"disp_summ_show_total_price":false,"disp_summ_show_fee":true,"disp_summ_show_discount":true,"summary_title":"","options_total_label":"Options Price","total_label":"Total Amount","options_product_label":"Product Price","fee_label":"Fee","discount_label":"Discount","has_price":true,"has_quantity_formula":false},"mc_unit":1,"tax_rate":1,"tax_rate_real":1,"discount":{"percentage":0,"fixed":0},"design":{"conf":{"LabelPosition":"above","DescPosition":"above","UploadField":"custom_1","QuantityFieldStyle":"custom_1"},"css":{"LeftLabelWidth":"120px"}},"formulas":{"fmla_1708364241278155361":"(({field.select_366b2beb82077c.value}>=6)?(130):(({field.select_366b2beb82077c.value}>=5)?(110):(({field.select_366b2beb82077c.value}>=4)?(90):(({field.select_366b2beb82077c.value}>=3)?(70):(({field.select_366b2beb82077c.value}>=2)?(60):(0))))))","fmla_172299064258378161":"(({field.select_366b2beb82077c.value}>=6)?(330):(({field.select_366b2beb82077c.value}>=5)?(280):(({field.select_366b2beb82077c.value}>=4)?(230):(({field.select_366b2beb82077c.value}>=3)?(180):(({field.select_366b2beb82077c.value}>=2)?(120):(0))))))"},"lookuptables":[],"clones":false,"cartKey":false}},"_links":{"self":[{"href":"https:\/\/canaryvip.com\/fi\/wp-json\/wp\/v2\/product\/12784","targetHints":{"allow":["GET"]}}],"collection":[{"href":"https:\/\/canaryvip.com\/fi\/wp-json\/wp\/v2\/product"}],"about":[{"href":"https:\/\/canaryvip.com\/fi\/wp-json\/wp\/v2\/types\/product"}],"replies":[{"embeddable":true,"href":"https:\/\/canaryvip.com\/fi\/wp-json\/wp\/v2\/comments?post=12784"}],"wp:featuredmedia":[{"embeddable":true,"href":"https:\/\/canaryvip.com\/fi\/wp-json\/wp\/v2\/media\/14654"}],"wp:attachment":[{"href":"https:\/\/canaryvip.com\/fi\/wp-json\/wp\/v2\/media?parent=12784"}],"wp:term":[{"taxonomy":"product_brand","embeddable":true,"href":"https:\/\/canaryvip.com\/fi\/wp-json\/wp\/v2\/product_brand?post=12784"},{"taxonomy":"product_cat","embeddable":true,"href":"https:\/\/canaryvip.com\/fi\/wp-json\/wp\/v2\/product_cat?post=12784"},{"taxonomy":"product_tag","embeddable":true,"href":"https:\/\/canaryvip.com\/fi\/wp-json\/wp\/v2\/product_tag?post=12784"}],"curies":[{"name":"wp","href":"https:\/\/api.w.org\/{rel}","templated":true}]}}