{"id":12210,"date":"2024-07-03T15:52:34","date_gmt":"2024-07-03T14:52:34","guid":{"rendered":"https:\/\/canaryvip.com\/?post_type=product&#038;p=12210"},"modified":"2025-08-09T14:02:34","modified_gmt":"2025-08-09T13:02:34","slug":"magic-island-yacht-charter-gran-canaria","status":"publish","type":"product","link":"https:\/\/canaryvip.com\/fi\/shop\/magic-island-yacht-charter-gran-canaria\/","title":{"rendered":"Magic Island: Jahdin vuokraus<br\/> Gran Canaria"},"content":{"rendered":"<h2>\ud83d\udee5\ufe0f Magic Island Yacht Hire Gran Canaria CanaryVIP:ll\u00e4 varustettuna<\/h2>\n<p>Koe Kanariansaarten kauneus mukavasti kanarialaisen <strong>luksusjahti<\/strong> Magic Island-veneenvuokrauksella Gran Canarialla. T\u00e4m\u00e4 <strong>yksityinen veneretki<\/strong> Gran Canarian henke\u00e4salpaavalla lounaisrannikolla sopii erinomaisesti perheille, yst\u00e4ville tai kaikille, jotka etsiv\u00e4t VIP-seikkailua. Me CanaryVIP:ll\u00e4 takaamme saumattoman varauskokemuksen unelmiesi merip\u00e4iv\u00e4\u00e4 varten.<\/p>\n<h3>\u2b50\ufe0f Miksi valita Magic Island Yacht Hire Gran Canarialla?<\/h3>\n<p>Seuraavassa kerrotaan, mik\u00e4 tekee Magic Island- jahdista erinomaisen valinnan seuraavaan veneeseesi. <strong>veneen vuokraus Gran Canaria<\/strong>:<\/p>\n<h4><strong>Eksklusiivinen yksityinen kokemus<\/strong><\/h4>\n<p>Nauti Atlantin kristallinkirkkaista vesist\u00e4 t\u00e4ysin yksityisesti. Magic Island- jahdissa on tilaa jopa 12 vieraalle, joten se on ihanteellinen juhliin, perheretkiin tai jopa liiketapahtumiin.<\/p>\n<h4><strong>Mukavuutta ja tyyli\u00e4<\/strong><\/h4>\n<p>Rentoudu viihtyis\u00e4ss\u00e4 ja tyylikk\u00e4\u00e4ss\u00e4 sisustuksessa, jossa on pieni makuuhuone, wc, mukavat istuimet ja ruokailutila. Nauti Kanariansaarten auringosta ylh\u00e4\u00e4ll\u00e4 olevalla aurinkoterassilla tai oleskele varjoisilla alueilla, kun purjehdit pitkin tuliper\u00e4ist\u00e4 rannikkoa.<\/p>\n<h4><strong>J\u00e4nnitt\u00e4vi\u00e4 vesiaktiviteetteja<\/strong><\/h4>\n<p>Paranna kokemustasi varaukseesi sis\u00e4ltyvill\u00e4 hauskoilla aktiviteeteilla:<\/p>\n<ul>\n<li><strong>\ud83e\udd3f Snorklausv\u00e4lineet:<\/strong> Tutustu vedenalaiseen maailmaan aluksella olevien laitteiden avulla.<\/li>\n<li><strong>\ud83c\udf4c Banaaniveneajelu:<\/strong> Lis\u00e4\u00e4 adrenaliinia matkallesi t\u00e4ll\u00e4 j\u00e4nnitt\u00e4v\u00e4ll\u00e4 aktiviteetilla, joka sis\u00e4ltyy hintaan ilman lis\u00e4maksua.<\/li>\n<\/ul>\n<h3>\ud83d\udea4 Magic Island Jahtimatkan vaihtoehdot<\/h3>\n<p>Voit valita kahdesta matkan kestosta aikataulusi ja mieltymyksesi mukaan:<\/p>\n<ul>\n<li><strong>3 tunnin kierros:<\/strong> Ihanteellinen lyhyt mutta suloinen johdatus Gran Canarian rannikon kauneuteen. Ui, snorklaa ja nauti auringosta.<\/li>\n<li><strong>Viiden tunnin kierros:<\/strong> Jos haluat uppoutuvamman kokemuksen, voit tutustua rannikkoon kaikessa rauhassa, nauttia vesiaktiviteeteista ja rentoutua laivalla v\u00e4lipalojen ja juomien \u00e4\u00e4rell\u00e4.<\/li>\n<\/ul>\n<h3>\ud83e\udd42 Mit\u00e4 sis\u00e4ltyy purjeveneen vuokraukseen?<\/h3>\n<p>Sinun <strong>jahdin vuokraus Gran Canarialla<\/strong> sis\u00e4lt\u00e4\u00e4:<\/p>\n<ul>\n<li>V\u00e4lipalat, kuten sipsit ja p\u00e4hkin\u00e4t.<\/li>\n<li>Juomat avoimesta baarista, mukaan lukien olutta, virvoitusjuomia, vett\u00e4 ja mehuja.<\/li>\n<li>Snorklausv\u00e4lineet ja hauska banaaniveneajelu.<\/li>\n<li>Lounas saatavilla pyynn\u00f6st\u00e4 (10 \u20ac per henkil\u00f6, mainitse varauksen yhteydess\u00e4).<\/li>\n<li>Ammattitaitoinen miehist\u00f6, joka puhuu sujuvasti englantia ja espanjaa, takaa mukavuutesi ja turvallisuutesi koko matkan ajan.<\/li>\n<\/ul>\n<h3>\ud83d\udccd L\u00e4ht\u00f6tiedot<\/h3>\n<ul>\n<li><strong>Sijainti:<\/strong> <a href=\"https:\/\/maps.app.goo.gl\/iZBybc3i384tdR816\" target=\"_blank\" rel=\"noopener\">Puerto Ricon tukikohta Puerto Ricossa<\/a>, Gran Canaria.<\/li>\n<li><strong>Times:<\/strong> Valitse l\u00e4ht\u00f6 klo 9:00 tai 14:00.<\/li>\n<li><strong>Kuljetus:<\/strong> Valinnainen noutopalvelu on saatavilla vain 2 \u20ac per henkil\u00f6.<\/li>\n<\/ul>\n<p>Suosittelemme saapumaan v\u00e4hint\u00e4\u00e4n 15 minuuttia ennen l\u00e4ht\u00f6\u00e4, jotta seikkailusi alku sujuisi ongelmitta.<\/p>\n<h3>\u2705 L\u00e4pin\u00e4kyv\u00e4 peruutusoikeus<\/h3>\n<p>Ymm\u00e4rr\u00e4mme, ett\u00e4 suunnitelmat voivat muuttua, joten peruutusehtomme on suunniteltu antamaan sinulle mielenrauhaa:<\/p>\n<ul>\n<li><strong>S\u00e4\u00e4takuu:<\/strong> Jos s\u00e4\u00e4olosuhteet eiv\u00e4t ole turvalliset, voit siirt\u00e4\u00e4 aikataulusi tai saada t\u00e4yden hyvityksen.<\/li>\n<li><strong>Joustavat peruutukset:<\/strong> Peruuta tai siirr\u00e4 aikataulua ilmaiseksi enint\u00e4\u00e4n 8 p\u00e4iv\u00e4\u00e4 ennen matkaa. Talletuksia ei palauteta, jos peruutus tehd\u00e4\u00e4n 8 p\u00e4iv\u00e4n kuluessa suunnitellusta l\u00e4ht\u00f6ajankohdasta.<\/li>\n<\/ul>\n<h3>\ud83d\udc68\u200d\u2708\ufe0f Vinkkej\u00e4 Magic Island-seikkailua varten<\/h3>\n<p>Ota kaikki irti p\u00e4iv\u00e4st\u00e4si n\u00e4iden yksinkertaisten vinkkien avulla:<\/p>\n<ul>\n<li>Ota mukaan uimahousut, pyyhe ja aurinkovoide.<\/li>\n<li>K\u00e4yt\u00e4 mukavia, s\u00e4\u00e4h\u00e4n sopivia vaatteita.<\/li>\n<li>Pid\u00e4 CanaryVIP-lippu valmiina puhelimessa tai tulostettuna.<\/li>\n<li>Sy\u00f6 kevyt ateria etuk\u00e4teen v\u00e4ltt\u00e4\u00e4ksesi merisairauden.<\/li>\n<\/ul>\n<h3>\ud83c\udf1f Miksi varata CanaryVIP:n kanssa?<\/h3>\n<p>Me CanaryVIP:ss\u00e4 olemme erikoistuneet tarjoamaan parhaat vaihtoehdot seuraaville tuotteille <a href=\"https:\/\/canaryvip.com\/fi\/gran-canaria\/\"><strong>veneen vuokraus Gran Canarialla<\/strong><\/a>. Ylellisist\u00e4 jahdista, kuten Magic Island:st\u00e4, muihin r\u00e4\u00e4t\u00e4l\u00f6ityihin retkiin, meid\u00e4n on helppo luoda unohtumattomia muistoja vesill\u00e4.<\/p>\n<p>Varaa <strong>Magic Island Yacht Hire<\/strong> t\u00e4n\u00e4\u00e4n ja l\u00e4hde p\u00e4iv\u00e4\u00e4n, joka on t\u00e4ynn\u00e4 hauskanpitoa, rentoutumista ja henke\u00e4salpaavia n\u00e4kymi\u00e4 Gran Canarian upealle rannikolle.<\/p>\n<p>\ud83d\udc49 <span>Varaus<\/span><span> Nyt<\/span> ja kohota lomakokemustasi!<\/p>","protected":false},"excerpt":{"rendered":"<p><strong>\ud83d\udd0d Magic Island Gran Canaria:<\/strong><br \/>\n\u2705 Turvallinen maksu.<br \/>\n\ud83d\udd10 Yksityiset matkat.<br \/>\n\ud83d\udee5\ufe0f 18m Yacht Comfort.<br \/>\n\u23f3 P\u00e4ivitt\u00e4iset kierrokset 3H &amp; 5H.<br \/>\n\ud83d\udd59 Mukautettavat l\u00e4ht\u00f6ajat.<br \/>\n\ud83d\udc65 Enint\u00e4\u00e4n 12 vierasta.<br \/>\n\ud83c\udfc4\u200d\u2640\ufe0f Melontalaudat mukana.<br \/>\n\ud83e\udd3f Snorkkelivarusteet tarjotaan.<br \/>\n\ud83d\udd0a Toista musiikkia.<br \/>\n\ud83d\ude8c Nouto ja j\u00e4tt\u00e4minen.<br \/>\n\ud83e\udd11 Paras hinta taattu.<br \/>\n\ud83d\udc6a Alennukset aktivoitu.<br \/>\n\ud83d\udd01 Enint\u00e4\u00e4n 8 p\u00e4iv\u00e4n peruutus.<br \/>\n\ud83c\udf0d Monikielinen miehist\u00f6.<br \/>\n\ud83c\udf1f Varaa ajoissa ja s\u00e4\u00e4st\u00e4!<br \/>\n\ud83d\udccd L\u00e4ht\u00f6 <a href=\"https:\/\/maps.app.goo.gl\/836RSsqAzbptb2Qy5\">Puerto Base<\/a>.<\/p>","protected":false},"featured_media":12212,"comment_status":"open","ping_status":"closed","template":"","meta":{"_acf_changed":false},"product_brand":[],"product_cat":[132],"product_tag":[],"class_list":{"0":"post-12210","1":"product","2":"type-product","3":"status-publish","4":"has-post-thumbnail","6":"product_cat-boat-hire-gran-canaria","7":"wcpa_has_options","9":"first","10":"instock","11":"virtual","12":"purchasable","13":"product-type-simple"},"acf":[],"wcpa_form_fields":{"wcpaData":{"product":{"product_price":550,"price_html":"From&nbsp;<span class=\"woocommerce-Price-amount amount\"><bdi>550,00&nbsp;<span class=\"woocommerce-Price-currencySymbol\">&euro;<\/span><\/bdi><\/span>","original_product_price":550,"price_including_tax":550,"price_excluding_tax":550,"product_id":{"parent":12210,"variation":false},"is_variable":false,"stock_status":"instock","stock_quantity":null,"parent_sku":"CV12210","product_attributes":[],"custom_fields":[],"is_taxable":false,"product_name":"Magic Island: Yacht Hire<br\/> Gran Canaria","hasImage":false},"fields":{"sec_26686cb82841ff":{"extra":{"key":"sec_26686cb82841ff","section_id":"sec_26686cb82841ff","name":"Default","status":1,"cl_rule":"show","enableCl":false,"relations":[],"toggle":true,"title_tag":"h3","show_title":false,"showPrice":"default","form_id":12242,"form_rules":{"exclude_from_discount":true,"fee_label":"Fee","disp_hide_options_price":true,"disp_show_section_price":false,"disp_show_field_price":true,"layout_option":"standard","pric_use_as_fee":false,"process_fee_as":"woo_fee"},"layout_option":"standard"},"fields":[[{"label":"\ud83d\udcc5 Date","active":true,"required":true,"elementId":"date_56686cb8284220","picker_type":"custom","picker_mode":"single","placeholder":"","description":"","tooltip":"","name":"date_56686cb8284220","label_position":"default","desc_position":"default","enablePrice":false,"className":"","enableCl":false,"relations":[{"operator":"and","rules":[{"operator":"AND","rules":{"cl_field":"radio-group_565c78ffa81208","cl_relation":"is","cl_val":"3 Hour Trip"}}]}],"date_pic_inline":true,"date_pic_inline_hide":true,"min_date":{"type":"days","val":"2"},"max_date":{"type":"days","val":"365"},"date_pic_conf":{"disabledWeeks":[]},"price":"","cl_rule":"show","col":6,"type":"date","error":false,"enableDesign":false,"LabelColor":"","gt_translate_keys":["label","placeholder","description","tooltip"],"price_dependency":false,"cl_dependency":false,"value":""}],[{"elementId":"separator_26686cb828423c","separatorType":"blank","className":"","height":"3","enableCl":false,"relations":false,"cl_rule":"show","col":6,"type":"separator","error":false,"gt_translate_keys":[],"price_dependency":false,"cl_dependency":false,"value":""}],[{"active":true,"col":6,"relations":false,"cl_rule":"show","enableCl":false,"price":"","enablePrice":true,"className":"","label_position":"default","desc_position":"default","type":"select","required":true,"elementId":"select_36686cb8284247","label":"\u23f3 Trip Duration","name":"select_36686cb8284247","values":[{"label":"3 Hours (550\u20ac)","value":"3","selected":false,"tempId":"aco_556","price":"550","gt_translate_keys":["label"]},{"label":"5 Hours (995\u20ac)","value":"5","selected":false,"tempId":"aco_122","price":"995","gt_translate_keys":["label"]}],"dropdown_type":"basic","error":false,"placeholder":"Select Trip Duration","priceOptions":"different_for_all","pricingType":"fixed","is_show_price":false,"gt_translate_keys":["label","placeholder"],"price_dependency":false,"cl_dependency":false,"value":""}],[{"label":"\u2705 Number of People","active":true,"required":true,"elementId":"select_76686cb828429b","dropdown_type":"basic","placeholder":"Select Number of People","name":"select_76686cb828429b","label_position":"default","desc_position":"default","enablePrice":true,"className":"","enableCl":false,"relations":[{"operator":false,"rules":[{"operator":"AND","rules":{"cl_field":"radio-group_565c78ffa81208","cl_relation":"is","cl_val":"3 Hour Trip"}}]}],"values":[{"label":"1 person","value":"1","selected":false,"tempId":"aco_1471","price":"0","gt_translate_keys":["label"]},{"label":"2 people","value":"2","selected":false,"tempId":"aco_1472","price":"0","gt_translate_keys":["label"]},{"label":"3 people","value":"3","selected":false,"tempId":"aco_1500","price":"0","gt_translate_keys":["label"]},{"label":"4 people","value":"4","selected":false,"tempId":"aco_1510","price":"0","gt_translate_keys":["label"]},{"label":"5 people","value":"5","selected":false,"tempId":"aco_1520","price":"0","gt_translate_keys":["label"]},{"label":"6 people","value":"6","selected":false,"tempId":"aco_1728","price":"0","gt_translate_keys":["label"]},{"label":"7 people","value":"7","selected":false,"tempId":"aco_1738","price":"0","gt_translate_keys":["label"]},{"label":"8 people","value":"8","selected":false,"tempId":"aco_1748","price":"0","gt_translate_keys":["label"]},{"label":"9 people (+50\u20ac)","value":"9","selected":false,"tempId":"aco_1912","price":"50","gt_translate_keys":["label"]},{"label":"10 people (+100\u20ac)","value":"10","selected":false,"tempId":"aco_1922","price":"100","gt_translate_keys":["label"]},{"label":"11 people (+150\u20ac)","value":"11","selected":false,"tempId":"aco_84","price":"150","gt_translate_keys":["label"]},{"label":"12 people (+200\u20ac)","value":"12","selected":false,"tempId":"aco_94","price":"200","gt_translate_keys":["label"]}],"price":"","cl_rule":"show","col":6,"type":"select","error":false,"priceOptions":"different_for_all","pricingType":"fixed","is_show_price":false,"gt_translate_keys":["label","placeholder"],"price_dependency":["select_5959492541"],"cl_dependency":false,"value":""}],[{"active":true,"col":6,"relations":false,"cl_rule":"show","enableCl":false,"price":"","enablePrice":true,"className":"","label_position":"default","desc_position":"default","type":"select","required":false,"elementId":"select_5959492541","label":"\ud83c\udf57 Meal (+10\u20ac\/person)","name":"select_5959492541","values":[{"label":"No","value":"No","selected":false,"tempId":"aco_2562","price":"","gt_translate_keys":["label"]},{"label":"Yes (+10\u20ac\/person)","value":"Yes","selected":false,"tempId":"aco_2563","price":"{field.select_76686cb828429b.value}*10","gt_translate_keys":["label"]}],"dropdown_type":"basic","error":false,"description":"Snacks and drinks are included. For an extra meal, please select marinated chicken with mojo potatoes and coleslaw. Paella is available at a different price upon request. Meals are paid for on the day of the tour on the boat.","priceOptions":"different_for_all","pricingType":"custom","isTemplate":false,"is_show_price":true,"gt_translate_keys":["label","description"],"price_dependency":false,"cl_dependency":false,"value":""}]]},"sec_36686cb8284272":{"extra":{"key":"sec_36686cb8284272","section_id":"sec_36686cb8284272","name":"Pickup Location","status":1,"cl_rule":"show","enableCl":false,"relations":[],"toggle":true,"title_tag":"h4","show_title":false,"showPrice":"default","form_id":12242,"form_rules":{"exclude_from_discount":true,"fee_label":"Fee","disp_hide_options_price":true,"disp_show_section_price":false,"disp_show_field_price":true,"layout_option":"standard","pric_use_as_fee":false,"process_fee_as":"woo_fee"},"layout_option":"standard"},"fields":[[{"elementId":"separator_16686cb828427d","separatorType":"blank","className":"","height":"3","enableCl":false,"relations":false,"cl_rule":"show","col":6,"type":"separator","error":false,"gt_translate_keys":[],"price_dependency":false,"cl_dependency":false,"value":""}],[{"active":true,"col":6,"relations":[{"operator":false,"rules":[{"operator":"AND","rules":{"cl_field":"radio-group_565c78ffa81208","cl_relation":"is","cl_val":"3 Hour Trip"}}]}],"cl_rule":"show","enableCl":false,"price":"","enablePrice":false,"className":"","label_position":"default","desc_position":"default","type":"select","required":false,"elementId":"select_86686cb8284287","label":"\u23f0 Departure","name":"select_86686cb8284287","values":[{"label":"09:00","value":"09:00","selected":false,"tempId":"aco_1471","gt_translate_keys":["label"]},{"label":"12:00","value":"12:00","selected":false,"tempId":"aco_1510","gt_translate_keys":["label"]},{"label":"15:00","value":"15:00","selected":false,"tempId":"aco_1738","gt_translate_keys":["label"]}],"dropdown_type":"basic","error":false,"placeholder":"Whichever Time is Best","gt_translate_keys":["label","placeholder"],"price_dependency":false,"cl_dependency":false,"value":""}],[{"elementId":"separator_56686cb8284291","separatorType":"blank","className":"","height":"1","enableCl":false,"relations":false,"cl_rule":"show","col":6,"type":"separator","gt_translate_keys":[],"price_dependency":false,"cl_dependency":false,"value":""}],[{"elementId":"separator_76686cb82842a6","separatorType":"blank","className":"","height":"1","enableCl":false,"relations":false,"cl_rule":"show","col":6,"type":"separator","error":false,"gt_translate_keys":[],"price_dependency":false,"cl_dependency":false,"value":""}],[{"active":true,"col":6,"relations":false,"cl_rule":"show","enableCl":false,"price":"","enablePrice":false,"className":"","label_position":"default","desc_position":"default","type":"text","subtype":"text","required":false,"elementId":"text_06686cb82842af","label":"\ud83d\ude8c Pickup Location","name":"text_06686cb82842af","value":"","error":false,"description":"Pick-up service in some locations. Simply provide your address or hotel name. (+2\u20ac\/person paid at pickup to the driver)","gt_translate_keys":["label","description","value"],"price_dependency":false,"cl_dependency":false}]]}},"config":{"price_override":"always","enable_recaptcha":false,"bind_quantity":false,"quantity_bind_formula":false,"disp_summ_show_option_price":true,"disp_summ_show_product_price":false,"disp_summ_show_total_price":true,"disp_summ_show_fee":true,"disp_summ_show_discount":true,"summary_title":"","options_total_label":"Options Price","total_label":"Total Amount","options_product_label":"Product Price","fee_label":"Fee","discount_label":"Discount","has_price":true,"has_quantity_formula":false},"mc_unit":1,"tax_rate":1,"tax_rate_real":1,"discount":{"percentage":0,"fixed":0},"design":{"conf":{"LabelPosition":"above","DescPosition":"above","UploadField":"custom_1","QuantityFieldStyle":"custom_1"},"css":{"LeftLabelWidth":"120px"}},"formulas":{"fmla_1708364241278155361":"(({field.select_3666b1eb2b11fe.value}>=8)?(1400):(({field.select_3666b1eb2b11fe.value}>=7)?(1225):(({field.select_3666b1eb2b11fe.value}>=6)?(1050):(({field.select_3666b1eb2b11fe.value}>=5)?(875):(({field.select_3666b1eb2b11fe.value}>=4)?(700):(({field.select_3666b1eb2b11fe.value}>=3)?(500):(0)))))))","fmla_1718295979528641619":"(({field.select_3666b1eb2b11fe.value}>=8)?(280):(({field.select_3666b1eb2b11fe.value}>=7)?(205):(({field.select_3666b1eb2b11fe.value}>=6)?(150):(({field.select_3666b1eb2b11fe.value}>=5)?(175):(({field.select_3666b1eb2b11fe.value}>=4)?(200):(({field.select_3666b1eb2b11fe.value}>=3)?(150):(0)))))))"},"lookuptables":[],"clones":false,"cartKey":false}},"_links":{"self":[{"href":"https:\/\/canaryvip.com\/fi\/wp-json\/wp\/v2\/product\/12210","targetHints":{"allow":["GET"]}}],"collection":[{"href":"https:\/\/canaryvip.com\/fi\/wp-json\/wp\/v2\/product"}],"about":[{"href":"https:\/\/canaryvip.com\/fi\/wp-json\/wp\/v2\/types\/product"}],"replies":[{"embeddable":true,"href":"https:\/\/canaryvip.com\/fi\/wp-json\/wp\/v2\/comments?post=12210"}],"wp:featuredmedia":[{"embeddable":true,"href":"https:\/\/canaryvip.com\/fi\/wp-json\/wp\/v2\/media\/12212"}],"wp:attachment":[{"href":"https:\/\/canaryvip.com\/fi\/wp-json\/wp\/v2\/media?parent=12210"}],"wp:term":[{"taxonomy":"product_brand","embeddable":true,"href":"https:\/\/canaryvip.com\/fi\/wp-json\/wp\/v2\/product_brand?post=12210"},{"taxonomy":"product_cat","embeddable":true,"href":"https:\/\/canaryvip.com\/fi\/wp-json\/wp\/v2\/product_cat?post=12210"},{"taxonomy":"product_tag","embeddable":true,"href":"https:\/\/canaryvip.com\/fi\/wp-json\/wp\/v2\/product_tag?post=12210"}],"curies":[{"name":"wp","href":"https:\/\/api.w.org\/{rel}","templated":true}]}}