{"id":12147,"date":"2024-07-01T09:53:41","date_gmt":"2024-07-01T08:53:41","guid":{"rendered":"https:\/\/canaryvip.com\/?post_type=product&#038;p=12147"},"modified":"2025-08-09T14:07:45","modified_gmt":"2025-08-09T13:07:45","slug":"siam-night","status":"publish","type":"product","link":"https:\/\/canaryvip.com\/fi\/shop\/siam-night\/","title":{"rendered":"Osta Siam Night liput"},"content":{"rendered":"<h2>\ud83c\udf0c <strong>Siam Night: Siam Siam: Sukella \u00e4\u00e4rimm\u00e4iseen y\u00f6lliseen vesiseikkailuun!<\/strong><\/h2>\n<ul>\n<li><strong>Kes\u00e4y\u00f6t (2. hein\u00e4kuuta - 31. elokuuta):<\/strong> Klo 20:00 - 00:00. Tiistaista lauantaihin.<\/li>\n<li><strong>Unohtumattomat illat:<\/strong> Koe Siam Park ennenn\u00e4kem\u00e4tt\u00f6m\u00e4ll\u00e4 tavalla j\u00e4nnitt\u00e4vill\u00e4 ajeluilla ja taianomaisessa ilmapiiriss\u00e4.<\/li>\n<\/ul>\n<p>\ud83d\udccd <strong>Sijainti:<\/strong> Sijaitsee Costa Adejen syd\u00e4mess\u00e4, Teneriffan etel\u00e4osassa. L\u00f6yd\u00e4t meid\u00e4t helposti osoitteesta <a href=\"https:\/\/maps.app.goo.gl\/UfftQG3CrqW5R81r9\" target=\"_blank\" rel=\"noopener\">Google Maps<\/a>.<\/p>\n<p>\ud83c\udf92 <strong>Pakkaa mukaan hauskaan iltaan:<\/strong> Ota mukaan uimapuvut, pyyhe ja kevyt takki, jotta voit varautua ratsastuksen j\u00e4lkeisiin vilunv\u00e4ristyksiin. Lokeroita on saatavilla vain 10 \u20ac:lla.<\/p>\n<p>\ud83d\udca7 <strong>Pysy mukavana:<\/strong> Vesi on l\u00e4mmitetty 24\u00baC:een, mik\u00e4 sopii t\u00e4ydellisesti y\u00f6aikaan tapahtuvaan r\u00e4iskimiseen.<\/p>\n<p>\ud83c\udfab <strong>Joustavat liput:<\/strong> Siam Night -lippusi on voimassa min\u00e4 tahansa p\u00e4iv\u00e4n\u00e4 tapahtuma-aikana. Varaa liput CanaryVIP:n kautta, niin saat parhaat hinnat ja p\u00e4\u00e4set helposti sis\u00e4\u00e4n.<\/p>\n<p>\ud83c\udf1f <strong>Varaa CanaryVIP:<\/strong> Varmista lippusi ly\u00f6m\u00e4tt\u00f6m\u00e4\u00e4n hintaan. Aikuiset 45 \u20ac, lapset (3-11 vuotta) 32 \u20ac. Lapset p\u00e4\u00e4sev\u00e4t ilmaiseksi!<\/p>\n<ul>\n<li><strong>Parhaan hinnan takuu:<\/strong> Saat parhaan tarjouksen tekem\u00e4ll\u00e4 varauksen CanaryVIP:n kautta.<\/li>\n<li><strong>Early Bird -etu:<\/strong> V\u00e4lt\u00e4 hinnankorotukset varaamalla nyt.<\/li>\n<li><strong>Joustava peruutus:<\/strong> Peruuta viimeist\u00e4\u00e4n 48 tuntia ennen k\u00e4ynti\u00e4, niin saat t\u00e4yden hyvityksen.<\/li>\n<\/ul>\n<p>\ud83d\udd25 <strong>\u00c4l\u00e4 missaa: com: Varaa nyt erikoistarjouksia CanaryVIP.com-sivustolta!<\/strong> Valmistaudu unohtumattomaan y\u00f6h\u00f6n Siam Park:ss\u00e4 CanaryVIP:n kanssa. Sukella valojen, musiikin ja vesiajelujen maailmaan!<\/p>\n<h3>\ud83d\udc6f <strong>Kahden lipun erikoislippu: Loro Parque + Siam Park<\/strong><\/h3>\n<p>Yhdist\u00e4 seikkailusi eksklusiiviseen <a href=\"https:\/\/canaryvip.com\/fi\/shop\/twin-ticket-siam-park-and-loro-parque\/\">Twin Ticket -tarjous<\/a>!<\/p>\n<p>Koe sek\u00e4 j\u00e4nnitt\u00e4v\u00e4 Siam Park ett\u00e4 lumoava Loro Parque alennettuun hintaan.<\/p>\n<ul>\n<li><strong>Kaksinkertainen hauskuus:<\/strong> Yksi lippu, kaksi upeaa puistoa.<\/li>\n<li><strong>S\u00e4\u00e4st\u00e4 enemm\u00e4n:<\/strong> Nauti molemmista n\u00e4ht\u00e4vyyksist\u00e4 edullisempaan yhteishintaan.<\/li>\n<li><strong>Saumaton kokemus:<\/strong> Yhdell\u00e4 ostoksella saat kaksi unohtumatonta kokemusta.<\/li>\n<\/ul>\n<p><a href=\"https:\/\/canaryvip.com\/fi\/shop\/twin-ticket-siam-park-and-loro-parque\/\" target=\"_new\" rel=\"noopener\">Klikkaa t\u00e4st\u00e4 saadaksesi lis\u00e4tietoja ja s\u00e4\u00e4st\u00e4\u00e4 kaksoiskorttitarjouksellamme!<\/a><\/p>\n<h3>\ud83c\udf9f\ufe0f <strong>Miksi valita CanaryVIP Siam Park -liput?<\/strong><\/h3>\n<ul>\n<li><strong>Vaivaton varaus:<\/strong> Varmista liput ja kuljetus yhdell\u00e4 kertaa.<\/li>\n<li><strong>Eksklusiivisia tarjouksia:<\/strong> P\u00e4\u00e4set k\u00e4siksi tarjouksiin, joita ei ole saatavilla muualla.<\/li>\n<li><strong>Erityinen tuki:<\/strong> Tiimimme auttaa sinua kaikissa kyselyiss\u00e4 ja muutoksissa.<\/li>\n<\/ul>\n<p><strong>\ud83d\udd17 Tutustu Siam Park:hen mukavasti ja helposti!<\/strong><br \/>\nCanaryVIP on sitoutunut tekem\u00e4\u00e4n Siam Park-vierailustasi mahdollisimman miellytt\u00e4v\u00e4n ja vaivattoman. Me huolehdimme sinusta aina k\u00e4tevist\u00e4 kuljetuksista eksklusiivisiin lipputarjouksiin. Valmistaudu poikkeukselliseen y\u00f6h\u00f6n Siam Park:ss\u00e4 CanaryVIP:n kanssa!<\/p>\n<h3>\ud83c\udf1f <strong>Koe Siam Night - usein kysytyt kysymykset<\/strong><\/h3>\n<ul>\n<li><strong>Toiminta-aika:<\/strong> Klo 20:00 - 00:00. Tiistaista lauantaihin (2. hein\u00e4kuuta - 31. elokuuta).<\/li>\n<li><strong>Lippujen hinnat:<\/strong> 45 \u20ac aikuisilta, 32 \u20ac lapsilta (3-11-vuotiaat).<\/li>\n<li><strong>Lapsen sis\u00e4\u00e4np\u00e4\u00e4sy:<\/strong> Kyll\u00e4, mutta alle 16-vuotiaiden lasten on oltava aikuisen seurassa.<\/li>\n<li><strong>Kaikki n\u00e4ht\u00e4vyydet auki:<\/strong> Kaikki suuret huvipuistot lukuun ottamatta pienille lapsille tarkoitettuja huvipuistolaitteita.<\/li>\n<li><strong>L\u00e4mp\u00f6tila:<\/strong> Vesi on l\u00e4mmitetty 24\u00baC:een, mutta ota mukaan takki ratsastuksen j\u00e4lkeen.<\/li>\n<li><strong>Tunnelma:<\/strong> El\u00e4v\u00e4 DJ-musiikki, joka sopii t\u00e4ydellisesti kaveriporukoille.<\/li>\n<li><strong>Peruutusehdot:<\/strong> Ilmainen peruutus enint\u00e4\u00e4n 72 tuntia ennen vierailua.<\/li>\n<\/ul>\n<p>Valmistaudu j\u00e4nnitt\u00e4v\u00e4\u00e4n y\u00f6h\u00f6n t\u00e4htien alla Siam Park:ss\u00e4 CanaryVIP:n kanssa!<\/p>","protected":false},"excerpt":{"rendered":"<p><strong>\ud83d\udd0d Siam Parkin sis\u00e4\u00e4np\u00e4\u00e4sylipukkeet:<\/strong><br \/>\n\u2705 Turvallinen maksu.<br \/>\n\ud83d\udd59 Avoinna klo 20:00 - 00:00.<br \/>\n\ud83c\udf05 Vain kes\u00e4ll\u00e4.<br \/>\n\ud83d\udca6 24\u00baC:een l\u00e4mmitetty vesi.<br \/>\n\ud83c\udf0a P\u00e4\u00e4sy kaikkiin j\u00e4nnitt\u00e4viin kyyteihin.<br \/>\n\ud83d\udcaf Euroopan paras vesipuisto.<br \/>\n\ud83e\udd11 Paras hinta taattu.<br \/>\n\ud83d\udc6a Alennukset ryhm\u00e4varauksille.<br \/>\n\ud83d\udd01 Enint\u00e4\u00e4n 72h Peruuttaminen.<br \/>\n\ud83c\udf0d Tuki useilla kielill\u00e4.<br \/>\n\ud83c\udf1f Varaa nyt ja s\u00e4\u00e4st\u00e4!<br \/>\n2\ufe0f\u20e3 Tarkista tarjous <a href=\"https:\/\/canaryvip.com\/fi\/shop\/twin-ticket-siam-park-and-loro-parque\/\">Siam + Loro Parque<\/a>.<br \/>\n\ud83d\udc32 L\u00f6yd\u00e4 <a href=\"https:\/\/canaryvip.com\/fi\/tenerife\/theme-parks\/siam-park-tickets\/\">kaikki Siam Park liput t\u00e4\u00e4ll\u00e4<\/a>!<br \/>\n\ud83d\udccd Etsi <a href=\"https:\/\/maps.app.goo.gl\/UfftQG3CrqW5R81r9\">Siam Park Google Mapsissa<\/a>!<\/p>","protected":false},"featured_media":12151,"comment_status":"open","ping_status":"closed","template":"","meta":{"_acf_changed":false},"product_brand":[],"product_cat":[54,55],"product_tag":[],"class_list":{"0":"post-12147","1":"product","2":"type-product","3":"status-publish","4":"has-post-thumbnail","6":"product_cat-theme-parks","7":"product_cat-siam-park-tickets","8":"wcpa_has_options","10":"first","11":"instock","12":"virtual","13":"purchasable","14":"product-type-simple"},"acf":[],"wcpa_form_fields":{"wcpaData":{"product":{"product_price":48,"price_html":"From&nbsp;<span class=\"woocommerce-Price-amount amount\"><bdi>48,00&nbsp;<span class=\"woocommerce-Price-currencySymbol\">&euro;<\/span><\/bdi><\/span>","original_product_price":48,"price_including_tax":48,"price_excluding_tax":48,"product_id":{"parent":12147,"variation":false},"is_variable":false,"stock_status":"instock","stock_quantity":null,"parent_sku":"CV12147","product_attributes":[],"custom_fields":[],"is_taxable":false,"product_name":"Buy Siam Night Tickets","hasImage":false},"fields":{"sec_1066827b72b689a":{"extra":{"key":"sec_1066827b72b689a","section_id":"sec_1066827b72b689a","name":"Default","status":1,"cl_rule":"show","enableCl":false,"relations":[],"toggle":true,"title_tag":"h3","show_title":false,"showPrice":"default","form_id":12152,"form_rules":{"exclude_from_discount":true,"fee_label":"Fee","disp_hide_options_price":true,"disp_show_section_price":false,"disp_show_field_price":true,"layout_option":"standard","pric_use_as_fee":false,"process_fee_as":"woo_fee"},"layout_option":"standard"},"fields":[[{"label":"\ud83d\udcc5 Date","active":true,"required":true,"elementId":"date_066827b72b68b9","picker_type":"custom","picker_mode":"single","placeholder":"","description":"","tooltip":"","name":"date_066827b72b68b9","label_position":"default","desc_position":"default","enablePrice":false,"className":"","enableCl":false,"relations":[{"operator":"and","rules":[{"operator":"AND","rules":{"cl_field":"radio-group_666827b72b68c8","cl_relation":"is","cl_val":"3 Hour Trip"}}]}],"date_pic_inline":true,"date_pic_inline_hide":true,"min_date":{"type":"date","val":"2025-07-01"},"max_date":{"type":"date","val":"2025-08-31"},"date_pic_conf":{"disabledWeeks":[1,0],"enabledDates":[]},"price":"","cl_rule":"show","col":6,"type":"date","error":false,"enableDesign":false,"LabelColor":"","gt_translate_keys":["label","placeholder","description","tooltip"],"price_dependency":false,"cl_dependency":false,"value":""}]]},"sec_166827b72b68c9":{"extra":{"key":"sec_166827b72b68c9","section_id":"sec_166827b72b68c9","name":"Siam Park Regular Tickets","status":1,"cl_rule":"show","enableCl":false,"relations":[{"operator":false,"rules":[{"operator":"AND","rules":{"cl_field":"radio-group_666827b72b68c8","cl_relation":"is","cl_val":"Siam Park Regular Tickets"}}]}],"toggle":true,"title_tag":"h4","show_title":false,"showPrice":"default","layout_option":"standard","form_id":12152,"form_rules":{"exclude_from_discount":true,"fee_label":"Fee","disp_hide_options_price":true,"disp_show_section_price":false,"disp_show_field_price":true,"layout_option":"standard","pric_use_as_fee":false,"process_fee_as":"woo_fee"}},"fields":[[{"elementId":"separator_266827b72b68d5","separatorType":"blank","className":"","height":"10","enableCl":false,"relations":false,"cl_rule":"show","col":6,"type":"separator","gt_translate_keys":[],"price_dependency":false,"cl_dependency":false,"value":""}],[{"active":true,"col":6,"relations":false,"cl_rule":"show","enableCl":false,"price":"","enablePrice":false,"className":"","label_position":"default","desc_position":"default","type":"content","required":false,"elementId":"content_166827b72b68e0","label":"People","name":"content_166827b72b68e0","contentType":"plain","value":"","error":false,"show_in_checkout":true,"inline":false,"gt_translate_keys":["label","value"],"price_dependency":false,"cl_dependency":false}],[{"label":"","active":true,"required":false,"elementId":"radio-group_366827b72b68f5","name":"radio-group_366827b72b68f5","label_position":"default","desc_position":"default","enablePrice":true,"className":"","enableCl":false,"relations":[{"operator":false,"rules":[{"operator":"or","rules":{"cl_field":"date_066827b72b68b9","cl_relation":"month_is","cl_val":[1,2,3,4,5,6,10,11,12,9]}},{"operator":"AND","rules":{"cl_field":"date_066827b72b68b9","cl_relation":"is_empty","cl_val":""}}]}],"enable_quantity":true,"quantity_label":"","min_quantity":"0","checkUi":"button","layOut":"","options_tooltip":true,"options_description":true,"values":[{"label":"\ud83d\udc64 Adult (48\u20ac)","value":"Adult","selected":true,"tempId":"aco_32","tooltip":"+12 Years","description":"","gt_translate_keys":["label","tooltip","description"]}],"priceOptions":"fixed_for_all","pricingType":"fixed","price":"48","cl_rule":"hide","col":6,"type":"radio-group","error":false,"gt_translate_keys":["label","quantity_label"],"price_dependency":false,"cl_dependency":false,"value":""}],[{"label":"","active":true,"required":false,"elementId":"radio-group_166827b72b690a","name":"radio-group_166827b72b690a","label_position":"default","desc_position":"default","enablePrice":true,"className":"","enableCl":false,"relations":[{"operator":false,"rules":[{"operator":"or","rules":{"cl_field":"date_066827b72b68b9","cl_relation":"month_is","cl_val":[1,2,3,4,5,6,9,10,11,12]}},{"operator":"AND","rules":{"cl_field":"date_066827b72b68b9","cl_relation":"is_empty","cl_val":""}}]}],"enable_quantity":true,"quantity_label":"","min_quantity":"0","checkUi":"button","layOut":"","options_tooltip":true,"options_description":true,"values":[{"label":"\ud83d\udc66 Child (36\u20ac)","value":"Child","selected":true,"tempId":"aco_32","tooltip":"2-11 Years","description":"","gt_translate_keys":["label","tooltip","description"]}],"priceOptions":"fixed_for_all","pricingType":"fixed","price":"36","cl_rule":"hide","col":6,"type":"radio-group","error":false,"gt_translate_keys":["label","quantity_label"],"price_dependency":false,"cl_dependency":false,"value":""}],[{"label":"","active":true,"required":false,"elementId":"radio-group_866827b72b6914","name":"radio-group_866827b72b6914","label_position":"default","desc_position":"default","enablePrice":true,"className":"","enableCl":false,"relations":false,"enable_quantity":true,"quantity_label":"","min_quantity":"0","checkUi":"button","layOut":"","values":[{"label":"\ud83d\udc76 Infant (Free)","value":"Infant (Free)","selected":true,"tempId":"aco_32","tooltip":"0-1 Years","gt_translate_keys":["label","tooltip"]}],"priceOptions":"fixed_for_all","pricingType":"fixed","price":"0","cl_rule":"show","col":6,"type":"radio-group","error":false,"options_tooltip":true,"gt_translate_keys":["label","quantity_label"],"price_dependency":false,"cl_dependency":false,"value":""}]]}},"config":{"price_override":"always","enable_recaptcha":false,"bind_quantity":false,"quantity_bind_formula":false,"disp_summ_show_option_price":true,"disp_summ_show_product_price":false,"disp_summ_show_total_price":true,"disp_summ_show_fee":true,"disp_summ_show_discount":true,"summary_title":"","options_total_label":"Options Price","total_label":"Total Amount","options_product_label":"Product Price","fee_label":"Fee","discount_label":"Discount","has_price":true,"has_quantity_formula":false},"mc_unit":1,"tax_rate":1,"tax_rate_real":1,"discount":{"percentage":0,"fixed":0},"design":{"conf":{"LabelPosition":"above","DescPosition":"above","UploadField":"custom_1","QuantityFieldStyle":"custom_1"},"css":{"LeftLabelWidth":"120px"}},"formulas":[],"lookuptables":[],"clones":false,"cartKey":false}},"_links":{"self":[{"href":"https:\/\/canaryvip.com\/fi\/wp-json\/wp\/v2\/product\/12147","targetHints":{"allow":["GET"]}}],"collection":[{"href":"https:\/\/canaryvip.com\/fi\/wp-json\/wp\/v2\/product"}],"about":[{"href":"https:\/\/canaryvip.com\/fi\/wp-json\/wp\/v2\/types\/product"}],"replies":[{"embeddable":true,"href":"https:\/\/canaryvip.com\/fi\/wp-json\/wp\/v2\/comments?post=12147"}],"wp:featuredmedia":[{"embeddable":true,"href":"https:\/\/canaryvip.com\/fi\/wp-json\/wp\/v2\/media\/12151"}],"wp:attachment":[{"href":"https:\/\/canaryvip.com\/fi\/wp-json\/wp\/v2\/media?parent=12147"}],"wp:term":[{"taxonomy":"product_brand","embeddable":true,"href":"https:\/\/canaryvip.com\/fi\/wp-json\/wp\/v2\/product_brand?post=12147"},{"taxonomy":"product_cat","embeddable":true,"href":"https:\/\/canaryvip.com\/fi\/wp-json\/wp\/v2\/product_cat?post=12147"},{"taxonomy":"product_tag","embeddable":true,"href":"https:\/\/canaryvip.com\/fi\/wp-json\/wp\/v2\/product_tag?post=12147"}],"curies":[{"name":"wp","href":"https:\/\/api.w.org\/{rel}","templated":true}]}}