{"id":11971,"date":"2024-06-22T22:45:14","date_gmt":"2024-06-22T21:45:14","guid":{"rendered":"https:\/\/canaryvip.com\/?post_type=product&#038;p=11971"},"modified":"2025-08-09T14:04:29","modified_gmt":"2025-08-09T13:04:29","slug":"silvia-yacht-charter-gran-canaria","status":"publish","type":"product","link":"https:\/\/canaryvip.com\/fi\/shop\/silvia-yacht-charter-gran-canaria\/","title":{"rendered":"Silvia: Yacht Charter<br\/>Gran Canaria"},"content":{"rendered":"<h2>\ud83d\udee5\ufe0f Silvia Yacht Charter Gran Canaria kanssa CanaryVIP<\/h2>\n<p>Tutustu Kanariansaarten taikaan Kanariansaarilla laivalla <strong>Silvia Yacht Charter<\/strong>, eksklusiivinen ja ylellinen tapa tutustua Gran Canarian upeaan rannikkoon. T\u00e4h\u00e4n tyylikk\u00e4\u00e4seen hotelliin mahtuu jopa 8 vierasta. <strong>yksityinen veneenvuokraus Gran Canarialla<\/strong> tarjoaa t\u00e4ydellisen pakopaikan pienille ryhmille, jotka etsiv\u00e4t rentoutumista, seikkailua ja unohtumattomia muistoja.<\/p>\n<p>Me CanaryVIP:ss\u00e4 teemme t\u00e4m\u00e4n nauttimisen helpoksi. <strong>vuokrata jahdin Gran Canaria<\/strong> kokemusta saumattomalla varausprosessilla ja poikkeuksellisella palvelulla.<\/p>\n<h3>\u2b50\ufe0f Miksi valita Silvia Yacht Charter Gran Canarialla?<\/h3>\n<p>T\u00e4ss\u00e4 miksi <strong>Silvia Yacht Charter<\/strong> on yksi parhaista vaihtoehdoista seuraavaa seikkailuasi varten:<\/p>\n<h4><strong>Yksityinen ja eksklusiivinen kokemus<\/strong><\/h4>\n<p>T\u00e4m\u00e4 yksityinen jahti, johon mahtuu yhteens\u00e4 8 henke\u00e4, sopii t\u00e4ydellisesti intiimeihin kokoontumisiin, olipa kyseess\u00e4 sitten perheretki, romanttinen pakomatka tai erityinen juhla.<\/p>\n<h4><strong>Mukavuutta ja hienostuneisuutta<\/strong><\/h4>\n<p>Rentoudu tilavassa 13-metrisess\u00e4 jahdissa, jossa on hyvin hoidettu ja tyylik\u00e4s sisustus. Nauti panoraaman\u00e4kymist\u00e4 salongista, rentoudu kannella tai nauti auringosta Gran Canarian rannikon henke\u00e4salpaavan kauneuden ymp\u00e4r\u00f6im\u00e4n\u00e4.<\/p>\n<h4><strong>J\u00e4nnitt\u00e4vi\u00e4 vesiaktiviteetteja<\/strong><\/h4>\n<p>Sinun <strong>veneen vuokraus Gran Canarialla<\/strong> sis\u00e4lt\u00e4\u00e4 runsaasti vaihtoehtoja, joilla voit viihdytt\u00e4\u00e4 itse\u00e4si:<\/p>\n<ul>\n<li><strong>\ud83e\udd3f Snorklausv\u00e4lineet:<\/strong> Tutustu vedenalaiseen maailmaan mukana tulevan maskin ja evien avulla.<\/li>\n<li><strong>\ud83c\udf4c Banaaniveneajelu:<\/strong> Lis\u00e4\u00e4 j\u00e4nnityst\u00e4 p\u00e4iv\u00e4\u00e4si ilmaisella banaaniveneajelulla.<\/li>\n<li><strong>\ud83c\udfc4\u200d\u2640\ufe0f Melontalaudan k\u00e4ytt\u00f6:<\/strong> Kokeile stand up -melontaa, sill\u00e4 se on hauska ja rentouttava tapa nauttia rauhallisista vesist\u00e4.<\/li>\n<li>Saatavilla on my\u00f6s alennuksia muista vesiurheilulajeista, jotta seikkailu olisi t\u00e4ydellinen.<\/li>\n<\/ul>\n<h3>\ud83d\udea4 Silvia Yacht -matkan vaihtoehdot<\/h3>\n<p>Voit valita kahdesta matkan kestosta aikataulusi ja mieltymyksesi mukaan:<\/p>\n<ul>\n<li><strong>3 tunnin yksityinen tilauslento:<\/strong> Lyhyt mutta ylellinen pakomatka, jossa on runsaasti aikaa uida, snorklata ja rentoutua.\n<ul>\n<li>L\u00e4ht\u00f6ajat: 09:00-12:00, 12:00-15:00 tai 15:00-18:00.<\/li>\n<\/ul>\n<\/li>\n<li><strong>6 tunnin yksityinen tilauslento:<\/strong> Pidennetty matka, jolla voit uppoutua t\u00e4ysin Gran Canarian luonnonkauneuteen.\n<ul>\n<li>L\u00e4ht\u00f6ajat: 09:00-15:00, 12:00-18:00 tai 15:00-21:00 (vain kes\u00e4kaudella).<\/li>\n<\/ul>\n<\/li>\n<\/ul>\n<h3>\ud83e\udd42 Mit\u00e4 sis\u00e4ltyy purjeveneen vuokraukseen?<\/h3>\n<p>Sinun <strong>vuokrata jahdin Gran Canaria<\/strong> kokemus sis\u00e4lt\u00e4\u00e4 kaiken, mit\u00e4 tarvitset ikimuistoiseen p\u00e4iv\u00e4\u00e4n merell\u00e4:<\/p>\n<ul>\n<li>V\u00e4lipalat, kuten sipsit ja p\u00e4hkin\u00e4t.<\/li>\n<li>Juomat avoimesta baarista, mukaan lukien olutta, virvoitusjuomia ja vett\u00e4.<\/li>\n<li>Snorklausv\u00e4lineet, melontalaudan k\u00e4ytt\u00f6 ja ilmainen banaaniveneajelu.<\/li>\n<li>Kuljetus Gran Canarian etel\u00e4osassa sijaitseviin hotelleihin ja hotelleista (pyydett\u00e4ess\u00e4).<\/li>\n<li>Vakuutus mielenrauhasi turvaamiseksi.<\/li>\n<li>Valinnainen lounas (10 \u20ac\/henkil\u00f6, pyyd\u00e4 varauksen yhteydess\u00e4).<\/li>\n<\/ul>\n<h3>\ud83d\udccd L\u00e4ht\u00f6tiedot<\/h3>\n<ul>\n<li><strong>Sijainti:<\/strong> <a href=\"https:\/\/maps.app.goo.gl\/Xhe545W98um3rx6W8\" target=\"_blank\" rel=\"noopener\">Puerto de Mog\u00e1n<\/a>, Gran Canaria.<\/li>\n<li><strong>Kuljetus:<\/strong> Valinnainen noutopalvelu on saatavilla lis\u00e4\u00e4 mukavuutta.<\/li>\n<li><strong>Times:<\/strong> Useita p\u00e4ivitt\u00e4isi\u00e4 l\u00e4ht\u00f6j\u00e4 aikataulusi mukaan.<\/li>\n<\/ul>\n<h3>\u2705 L\u00e4pin\u00e4kyv\u00e4 peruutusoikeus<\/h3>\n<p>Asetamme mielenrauhasi etusijalle selkeill\u00e4 ja joustavilla peruutusehdoilla:<\/p>\n<ul>\n<li><strong>S\u00e4\u00e4takuu:<\/strong> Jos s\u00e4\u00e4 ei ole turvallinen, voit siirt\u00e4\u00e4 aikataulusi tai saada t\u00e4yden hyvityksen.<\/li>\n<li><strong>Joustavat peruutukset:<\/strong> Peruuta tai siirr\u00e4 aikataulua ilmaiseksi enint\u00e4\u00e4n 8 p\u00e4iv\u00e4\u00e4 ennen matkaa. Talletuksia ei palauteta, jos peruutus tehd\u00e4\u00e4n 8 p\u00e4iv\u00e4n kuluessa suunnitellusta l\u00e4ht\u00f6ajankohdasta.<\/li>\n<\/ul>\n<h3>\ud83d\udc68\u200d\u2708\ufe0f Vinkkej\u00e4 Silvian huvipurjehdusseikkailua varten<\/h3>\n<p>Maksimoi p\u00e4iv\u00e4si merell\u00e4 n\u00e4iden vinkkien avulla:<\/p>\n<ul>\n<li>Ota mukaan uimahousut, pyyhe ja aurinkovoide.<\/li>\n<li>K\u00e4yt\u00e4 mukavia, s\u00e4\u00e4h\u00e4n sopivia vaatteita.<\/li>\n<li>Pid\u00e4 CanaryVIP-lippusi valmiina joko puhelimessa tai tulostettuna.<\/li>\n<li>Sy\u00f6 kevyt ateria etuk\u00e4teen v\u00e4ltt\u00e4\u00e4ksesi merisairauden.<\/li>\n<\/ul>\n<h3>\ud83c\udf1f Miksi varata CanaryVIP:n kanssa?<\/h3>\n<p>Me CanaryVIP:ss\u00e4 olemme intohimoisia luomaan unohtumattomia kokemuksia vesill\u00e4. Etsitp\u00e4 sitten <strong>luksusjahti Gran Canarialla<\/strong> tai hauska seikkailu, tarjoamme parhaan mahdollisen <a href=\"https:\/\/canaryvip.com\/fi\/shop\/magic-island-yacht-charter-gran-canaria\/\"><strong>veneen vuokraus Gran Canarialla<\/strong><\/a> tarpeisiisi r\u00e4\u00e4t\u00e4l\u00f6ityj\u00e4 vaihtoehtoja.<\/p>\n<p>Varaa <strong>Silvia Yacht Charter<\/strong> t\u00e4n\u00e4\u00e4n ja l\u00e4hde rentoutumisen, seikkailun ja henke\u00e4salpaavien n\u00e4kymien matkalle.<\/p>\n<p>\ud83d\udc49 <a href=\"https:\/\/canaryvip.com\/fi\/\" target=\"_new\" rel=\"noopener\"><span>Varaus<\/span><span> Nyt<\/span><\/a> ja kohota lomakokemustasi!<\/p>","protected":false},"excerpt":{"rendered":"<p><strong>\ud83d\udd0d Magic Island Gran Canaria:<\/strong><br \/>\n\u2705 Turvallinen maksu.<br \/>\n\ud83d\udd10 Yksityiset matkat.<br \/>\n\ud83d\udee5\ufe0f 13m Yacht Comfort.<br \/>\n\u23f3 P\u00e4ivitt\u00e4iset kierrokset 3H &amp; 6H.<br \/>\n\ud83d\udd59 Eri l\u00e4ht\u00f6ajat.<br \/>\n\ud83d\udc65 Enint\u00e4\u00e4n 12 vierasta.<br \/>\n\ud83e\udd3f Snorkkelivarusteet tarjotaan.<br \/>\n\ud83d\ude8c Nouto ja j\u00e4tt\u00e4minen.<br \/>\n\ud83e\udd11 Paras hinta taattu.<br \/>\n\ud83d\udc6a Alennukset aktivoitu.<br \/>\n\ud83d\udd01 Enint\u00e4\u00e4n 8 p\u00e4iv\u00e4n peruutus.<br \/>\n\ud83c\udf0d Monikielinen miehist\u00f6.<br \/>\n\ud83c\udf1f Varaa ajoissa ja s\u00e4\u00e4st\u00e4!<br \/>\n\ud83d\udccd L\u00e4ht\u00f6 <a href=\"https:\/\/maps.app.goo.gl\/4TJkgAg6UBpnsyhm9\">Puerto de Mog\u00e1n<\/a>.<\/p>","protected":false},"featured_media":12219,"comment_status":"open","ping_status":"closed","template":"","meta":{"_acf_changed":false},"product_brand":[],"product_cat":[132],"product_tag":[],"class_list":{"0":"post-11971","1":"product","2":"type-product","3":"status-publish","4":"has-post-thumbnail","6":"product_cat-boat-hire-gran-canaria","7":"wcpa_has_options","9":"first","10":"instock","11":"virtual","12":"purchasable","13":"product-type-simple"},"acf":[],"wcpa_form_fields":{"wcpaData":{"product":{"product_price":450,"price_html":"From&nbsp;<span class=\"woocommerce-Price-amount amount\"><bdi>450,00&nbsp;<span class=\"woocommerce-Price-currencySymbol\">&euro;<\/span><\/bdi><\/span>","original_product_price":450,"price_including_tax":450,"price_excluding_tax":450,"product_id":{"parent":11971,"variation":false},"is_variable":false,"stock_status":"instock","stock_quantity":null,"parent_sku":"CV11971","product_attributes":[],"custom_fields":[],"is_taxable":false,"product_name":"Silvia: Yacht Charter<br\/>Gran Canaria","hasImage":false},"fields":{"sec_26687d4f04b1a4":{"extra":{"key":"sec_26687d4f04b1a4","section_id":"sec_26687d4f04b1a4","name":"Default","status":1,"cl_rule":"show","enableCl":false,"relations":[],"toggle":true,"title_tag":"h3","show_title":false,"showPrice":"default","form_id":12255,"form_rules":{"exclude_from_discount":true,"fee_label":"Fee","disp_hide_options_price":true,"disp_show_section_price":false,"disp_show_field_price":true,"layout_option":"standard","pric_use_as_fee":false,"process_fee_as":"woo_fee"},"layout_option":"standard"},"fields":[[{"label":"\ud83d\udcc5 Date","active":true,"required":true,"elementId":"date_106687d4f04b1c4","picker_type":"custom","picker_mode":"single","placeholder":"","description":"","tooltip":"","name":"date_106687d4f04b1c4","label_position":"default","desc_position":"default","enablePrice":false,"className":"","enableCl":false,"relations":[{"operator":"and","rules":[{"operator":"AND","rules":{"cl_field":"radio-group_565c78ffa81208","cl_relation":"is","cl_val":"3 Hour Trip"}}]}],"date_pic_inline":true,"date_pic_inline_hide":true,"min_date":{"type":"days","val":"2"},"max_date":{"type":"days","val":"365"},"date_pic_conf":{"disabledWeeks":[]},"price":"","cl_rule":"show","col":6,"type":"date","error":false,"enableDesign":false,"LabelColor":"","gt_translate_keys":["label","placeholder","description","tooltip"],"price_dependency":false,"cl_dependency":false,"value":""}],[{"elementId":"separator_76687d4f04b1e0","separatorType":"blank","className":"","height":"3","enableCl":false,"relations":false,"cl_rule":"show","col":6,"type":"separator","error":false,"gt_translate_keys":[],"price_dependency":false,"cl_dependency":false,"value":""}],[{"active":true,"col":6,"relations":false,"cl_rule":"show","enableCl":false,"price":"","enablePrice":true,"className":"","label_position":"default","desc_position":"default","type":"select","required":true,"elementId":"select_96687d4f04b1ea","label":"\u23f3 Trip Duration","name":"select_96687d4f04b1ea","values":[{"label":"3 Hours (450\u20ac)","value":"3","selected":false,"tempId":"aco_556","price":"450","gt_translate_keys":["label"]},{"label":"6 Hours (800\u20ac)","value":"6","selected":false,"tempId":"aco_122","price":"800","gt_translate_keys":["label"]}],"dropdown_type":"basic","error":false,"placeholder":"Select Trip Duration","priceOptions":"different_for_all","pricingType":"fixed","is_show_price":false,"gt_translate_keys":["label","placeholder"],"price_dependency":false,"cl_dependency":false,"value":""}],[{"label":"\u2705 Number of People","active":true,"required":true,"elementId":"select_86687d4f04b1f4","dropdown_type":"basic","placeholder":"Select Number of People","name":"select_86687d4f04b1f4","label_position":"default","desc_position":"default","enablePrice":false,"className":"","enableCl":false,"relations":[{"operator":false,"rules":[{"operator":"AND","rules":{"cl_field":"radio-group_565c78ffa81208","cl_relation":"is","cl_val":"3 Hour Trip"}}]}],"values":[{"label":"1 person","value":"1","selected":false,"tempId":"aco_1471","price":"0","gt_translate_keys":["label"]},{"label":"2 people","value":"2","selected":false,"tempId":"aco_1472","price":"0","gt_translate_keys":["label"]},{"label":"3 people","value":"3","selected":false,"tempId":"aco_1500","price":"0","gt_translate_keys":["label"]},{"label":"4 people","value":"4","selected":false,"tempId":"aco_1510","price":"0","gt_translate_keys":["label"]},{"label":"5 people","value":"5","selected":false,"tempId":"aco_1520","price":"0","gt_translate_keys":["label"]},{"label":"6 people","value":"6","selected":false,"tempId":"aco_1728","price":"0","gt_translate_keys":["label"]},{"label":"7 people","value":"7","selected":false,"tempId":"aco_1738","price":"0","gt_translate_keys":["label"]},{"label":"8 people","value":"8","selected":false,"tempId":"aco_1748","price":"0","gt_translate_keys":["label"]}],"price":"","cl_rule":"show","col":6,"type":"select","error":false,"priceOptions":"different_for_all","pricingType":"fixed","is_show_price":false,"gt_translate_keys":["label","placeholder"],"price_dependency":["select_86687d4f04b1fe"],"cl_dependency":false,"value":""}],[{"active":true,"col":6,"relations":false,"cl_rule":"show","enableCl":false,"price":"","enablePrice":true,"className":"","label_position":"default","desc_position":"default","type":"select","required":false,"elementId":"select_86687d4f04b1fe","label":"\ud83c\udf57 Meal (+10\u20ac\/person)","name":"select_86687d4f04b1fe","values":[{"label":"No","value":"No","selected":false,"tempId":"aco_2562","price":"","gt_translate_keys":["label"]},{"label":"Yes (+10\u20ac\/person)","value":"Yes","selected":false,"tempId":"aco_2563","price":"{field.select_86687d4f04b1f4.value}*10","gt_translate_keys":["label"]}],"dropdown_type":"basic","error":false,"description":"Snacks and drinks are included. If you want an extra meal, please select this option. The meal is marinated chicken with mojo potatoes and coleslaw.","priceOptions":"different_for_all","pricingType":"custom","isTemplate":false,"is_show_price":true,"gt_translate_keys":["label","description"],"price_dependency":false,"cl_dependency":false,"value":""}]]},"sec_106687d4f04b227":{"extra":{"key":"sec_106687d4f04b227","section_id":"sec_106687d4f04b227","name":"Pickup Location","status":1,"cl_rule":"show","enableCl":false,"relations":[],"toggle":true,"title_tag":"h4","show_title":false,"showPrice":"default","form_id":12255,"form_rules":{"exclude_from_discount":true,"fee_label":"Fee","disp_hide_options_price":true,"disp_show_section_price":false,"disp_show_field_price":true,"layout_option":"standard","pric_use_as_fee":false,"process_fee_as":"woo_fee"},"layout_option":"standard"},"fields":[[{"elementId":"separator_16687d4f04b232","separatorType":"blank","className":"","height":"3","enableCl":false,"relations":false,"cl_rule":"show","col":6,"type":"separator","error":false,"gt_translate_keys":[],"price_dependency":false,"cl_dependency":false,"value":""}],[{"active":true,"col":6,"relations":[{"operator":false,"rules":[{"operator":"AND","rules":{"cl_field":"radio-group_565c78ffa81208","cl_relation":"is","cl_val":"3 Hour Trip"}}]}],"cl_rule":"show","enableCl":false,"price":"","enablePrice":false,"className":"","label_position":"default","desc_position":"default","type":"select","required":false,"elementId":"select_66687d4f04b23c","label":"\u23f0 Departure","name":"select_66687d4f04b23c","values":[{"label":"09:00","value":"09:00","selected":false,"tempId":"aco_1471","gt_translate_keys":["label"]},{"label":"12:00","value":"12:00","selected":false,"tempId":"aco_1510","gt_translate_keys":["label"]},{"label":"15:00","value":"15:00","selected":false,"tempId":"aco_1738","gt_translate_keys":["label"]}],"dropdown_type":"basic","error":false,"placeholder":"Whichever Time is Best","gt_translate_keys":["label","placeholder"],"price_dependency":false,"cl_dependency":false,"value":""}],[{"elementId":"separator_86687d4f04b246","separatorType":"blank","className":"","height":"1","enableCl":false,"relations":false,"cl_rule":"show","col":6,"type":"separator","gt_translate_keys":[],"price_dependency":false,"cl_dependency":false,"value":""}],[{"elementId":"separator_86687d4f04b250","separatorType":"blank","className":"","height":"1","enableCl":false,"relations":false,"cl_rule":"show","col":6,"type":"separator","error":false,"gt_translate_keys":[],"price_dependency":false,"cl_dependency":false,"value":""}],[{"active":true,"col":6,"relations":false,"cl_rule":"show","enableCl":false,"price":"","enablePrice":false,"className":"","label_position":"default","desc_position":"default","type":"text","subtype":"text","required":false,"elementId":"text_66687d4f04b259","label":"\ud83d\ude8c Pickup Location","name":"text_66687d4f04b259","value":"","error":false,"description":"Pick-up service in some locations. Simply provide your address or hotel name. (+2\u20ac\/person paid at pickup to the driver)","gt_translate_keys":["label","description","value"],"price_dependency":false,"cl_dependency":false}]]}},"config":{"price_override":"always","enable_recaptcha":false,"bind_quantity":false,"quantity_bind_formula":false,"disp_summ_show_option_price":true,"disp_summ_show_product_price":false,"disp_summ_show_total_price":true,"disp_summ_show_fee":true,"disp_summ_show_discount":true,"summary_title":"","options_total_label":"Options Price","total_label":"Total Amount","options_product_label":"Product Price","fee_label":"Fee","discount_label":"Discount","has_price":true,"has_quantity_formula":false},"mc_unit":1,"tax_rate":1,"tax_rate_real":1,"discount":{"percentage":0,"fixed":0},"design":{"conf":{"LabelPosition":"above","DescPosition":"above","UploadField":"custom_1","QuantityFieldStyle":"custom_1"},"css":{"LeftLabelWidth":"120px"}},"formulas":{"fmla_1708364241278155361":"(({field.select_3666b1eb2b11fe.value}>=8)?(1400):(({field.select_3666b1eb2b11fe.value}>=7)?(1225):(({field.select_3666b1eb2b11fe.value}>=6)?(1050):(({field.select_3666b1eb2b11fe.value}>=5)?(875):(({field.select_3666b1eb2b11fe.value}>=4)?(700):(({field.select_3666b1eb2b11fe.value}>=3)?(500):(0)))))))","fmla_1718295979528641619":"(({field.select_3666b1eb2b11fe.value}>=8)?(280):(({field.select_3666b1eb2b11fe.value}>=7)?(205):(({field.select_3666b1eb2b11fe.value}>=6)?(150):(({field.select_3666b1eb2b11fe.value}>=5)?(175):(({field.select_3666b1eb2b11fe.value}>=4)?(200):(({field.select_3666b1eb2b11fe.value}>=3)?(150):(0)))))))"},"lookuptables":[],"clones":false,"cartKey":false}},"_links":{"self":[{"href":"https:\/\/canaryvip.com\/fi\/wp-json\/wp\/v2\/product\/11971","targetHints":{"allow":["GET"]}}],"collection":[{"href":"https:\/\/canaryvip.com\/fi\/wp-json\/wp\/v2\/product"}],"about":[{"href":"https:\/\/canaryvip.com\/fi\/wp-json\/wp\/v2\/types\/product"}],"replies":[{"embeddable":true,"href":"https:\/\/canaryvip.com\/fi\/wp-json\/wp\/v2\/comments?post=11971"}],"wp:featuredmedia":[{"embeddable":true,"href":"https:\/\/canaryvip.com\/fi\/wp-json\/wp\/v2\/media\/12219"}],"wp:attachment":[{"href":"https:\/\/canaryvip.com\/fi\/wp-json\/wp\/v2\/media?parent=11971"}],"wp:term":[{"taxonomy":"product_brand","embeddable":true,"href":"https:\/\/canaryvip.com\/fi\/wp-json\/wp\/v2\/product_brand?post=11971"},{"taxonomy":"product_cat","embeddable":true,"href":"https:\/\/canaryvip.com\/fi\/wp-json\/wp\/v2\/product_cat?post=11971"},{"taxonomy":"product_tag","embeddable":true,"href":"https:\/\/canaryvip.com\/fi\/wp-json\/wp\/v2\/product_tag?post=11971"}],"curies":[{"name":"wp","href":"https:\/\/api.w.org\/{rel}","templated":true}]}}