{"id":11626,"date":"2024-06-06T11:14:41","date_gmt":"2024-06-06T10:14:41","guid":{"rendered":"https:\/\/canaryvip.com\/?post_type=product&#038;p=11626"},"modified":"2026-04-10T14:33:12","modified_gmt":"2026-04-10T13:33:12","slug":"natural-pools-masca-los-gigantes-tour","status":"publish","type":"product","link":"https:\/\/canaryvip.com\/fi\/shop\/natural-pools-masca-los-gigantes-tour\/","title":{"rendered":"Luonnonaltaat, Masca &amp; Los Gigantes -kierros + piknikretki"},"content":{"rendered":"<h2>\ud83c\udf0a Tietoa Mascasta, luonnonaltaista ja Los Gigantesin retkest\u00e4<\/h2>\n<p>Tutustu yhteen t\u00e4ydellisimmist\u00e4 <strong>Teneriffan opastetut kierrokset<\/strong> t\u00e4ll\u00e4 unohtumattomalla kokemuksella, jossa yhdistyv\u00e4t luonto, paikallinen kulttuuri ja henke\u00e4salpaavat n\u00e4kym\u00e4t. Me CanaryVIP:ss\u00e4 tarjoamme sinulle mahdollisuuden tutustua saaren piilotettuihin helmiin t\u00e4ll\u00e4 matkalla. <strong>opastettu Masca Tour<\/strong>, mukaan lukien dramaattiset jyrk\u00e4nteet, perinteiset kyl\u00e4t ja kuuluisat <strong>luonnonaltaat Teneriffa<\/strong> tunnetaan.<\/p>\n<p>T\u00e4m\u00e4 kiertomatka on suunniteltu matkustajille, jotka haluavat n\u00e4hd\u00e4 Teneriffan toisenlaisen puolen pieness\u00e4 ryhm\u00e4ss\u00e4, henkil\u00f6kohtaisemmassa ja rennommassa ilmapiiriss\u00e4.<\/p>\n<h3>Kiertueen kohokohdat: Masca, luonnonaltaat &amp; Los Gigantes<\/h3>\n<ul>\n<li>\ud83c\udf04 <strong>Panoraaman\u00e4kym\u00e4:<\/strong> Nauti upeista n\u00e4kymist\u00e4 Mascan laaksoon, joka on yksi Teneriffan vaikuttavimmista maisemista.<\/li>\n<li>\ud83c\udfd8\ufe0f <strong>Masca Village:<\/strong> Viet\u00e4 noin 1 tunti tutustuen t\u00e4h\u00e4n vieh\u00e4tt\u00e4v\u00e4\u00e4n vuoristokyl\u00e4\u00e4n. K\u00e4vele sen kapeilla kaduilla, tutustu paikallisiin tuotteisiin ja nauti sen ainutlaatuisesta ilmapiirist\u00e4.<\/li>\n<li>\ud83c\udfd4\ufe0f <strong>Los Gigantesin kalliot:<\/strong> Vieraile kuuluisilla kallioilla, jotka kohoavat jopa 600 metri\u00e4 merenpinnan yl\u00e4puolelle ja ovat yksi saaren ikonisimmista luonnonmaamerkeist\u00e4.<\/li>\n<li>\ud83c\udfca <strong>Luonnolliset vulkaaniset altaat ja piknik:<\/strong> Virkist\u00e4ydy meren rannalla sijaitsevissa luonnollisissa tuliper\u00e4isiss\u00e4 altaissa ja nauti rentouttavasta piknikist\u00e4 kauniissa rannikkoymp\u00e4rist\u00f6ss\u00e4.<\/li>\n<\/ul>\n<h3>Mit\u00e4 kokemukseen sis\u00e4ltyy<\/h3>\n<ul>\n<li>\ud83e\uddd1\u200d\ud83c\udfeb Paikallinen asiantuntijaopas, joka tuntee alueen perusteellisesti.<\/li>\n<li>\ud83d\udee0\ufe0f Kaikki toiminnassa tarvittavat v\u00e4lineet.<\/li>\n<li>\ud83d\udee1\ufe0f Toimintavakuutus mielenrauhasi vuoksi.<\/li>\n<li>\ud83d\ude90 Kuljetus kokouspaikalta\/kokouspaikalle mukavalla 9-paikkaisella pakettiautolla.<\/li>\n<li>\ud83d\udcf8 Kuvia ja videoita kokemuksestasi, jotta voit vied\u00e4 kotiin unohtumattomia muistoja.<\/li>\n<\/ul>\n<h3>Olennaiset tiedot kiertueesta<\/h3>\n<ul>\n<li>\ud83d\udd52 <strong>Aloitusaika:<\/strong> Talvella klo 15:00 | Kes\u00e4ll\u00e4 klo 16:00.<\/li>\n<li>\u23f3 <strong>Kesto:<\/strong> Noin 5 tuntia.<\/li>\n<li>\ud83d\udc65 <strong>Pienryhm\u00e4kokemus:<\/strong> Rajoitettu m\u00e4\u00e4r\u00e4 paikkoja tarjolla henkil\u00f6kohtaisempaa kierrosta varten.<\/li>\n<li>\ud83d\udccd <strong>Kuljetus:<\/strong> Matkusta mukavassa 9-paikkaisessa pakettiautossa.<\/li>\n<li>\ud83e\udde5 <strong>Mit\u00e4 ottaa mukaan:<\/strong> Mukavat vaatteet, uimahousut ja pyyhe luonnonaltaita varten.<\/li>\n<\/ul>\n<h3>T\u00e4rkeit\u00e4 tietoja ja k\u00e4yt\u00e4nt\u00f6j\u00e4<\/h3>\n<ul>\n<li>\ud83d\udd04 <strong>Peruutusehdot:<\/strong> Maksuton peruutus on saatavilla, jos sit\u00e4 pyydet\u00e4\u00e4n v\u00e4hint\u00e4\u00e4n 72 tuntia etuk\u00e4teen enint\u00e4\u00e4n 2 hengen varauksille. 3-7 hengen varauksiin vaaditaan v\u00e4hint\u00e4\u00e4n 5 p\u00e4iv\u00e4n varoitusaika. Yli 7 hengen ryhmille peruutukset on teht\u00e4v\u00e4 v\u00e4hint\u00e4\u00e4n 10 p\u00e4iv\u00e4\u00e4 etuk\u00e4teen. Koska saatavuutta on rajoitetusti ja ryhm\u00e4koko on pieni, my\u00f6h\u00e4styneist\u00e4 peruutuksista tai tulematta j\u00e4tt\u00e4misist\u00e4 voidaan peri\u00e4 t\u00e4ysi maksu. Suosittelemme aina vahvistamaan suunnitelmasi ajoissa.<\/li>\n<li>\ud83d\udd52 <strong>T\u00e4sm\u00e4llisyys:<\/strong> Tulethan ajoissa tapaamispaikalle, jotta ryhm\u00e4n aloitus sujuisi ongelmitta.<\/li>\n<li>\u26a0\ufe0f <strong>Rajoitettu saatavuus:<\/strong> T\u00e4m\u00e4 kokemus toteutetaan pieniss\u00e4 ryhmiss\u00e4, joten paikkoja on hyvin rajoitetusti ja ne myyd\u00e4\u00e4n yleens\u00e4 nopeasti loppuun.<\/li>\n<\/ul>\n<h4>On-Tour-tuki<\/h4>\n<ul>\n<li>\u2714\ufe0f Me CanaryVIP:ss\u00e4 valitsemme kokemukset huolellisesti laadun ja turvallisuuden varmistamiseksi.<\/li>\n<li>\ud83d\udde3\ufe0f Kierroksen aikana voit aina kysy\u00e4 apua suoraan oppaaltasi.<\/li>\n<li>\ud83d\udcde Tiimimme on k\u00e4ytett\u00e4viss\u00e4si ennen ja j\u00e4lkeen varauksen, jos tarvitset apua tai sinulla on kysytt\u00e4v\u00e4\u00e4.<\/li>\n<\/ul>\n<h3>\ud83c\udf0a\ud83c\udfd4\ufe0f Varaa Mascan ja luonnonaltaiden kiertoajelu jo t\u00e4n\u00e4\u00e4n.<\/h3>\n<p>Jos etsit yht\u00e4 parhaimmista <strong>Teneriffan opastetut kierrokset<\/strong>, t\u00e4ss\u00e4 kokemuksessa yhdistyy kaikki: vuoret, meri, kulttuuri ja rentoutuminen. Masca-kyl\u00e4n ainutlaatuisesta vieh\u00e4tyksest\u00e4 virkist\u00e4v\u00e4\u00e4n <strong>luonnonaltaat Teneriffa<\/strong> tarjoukset, jokainen hetki on suunniteltu ikimuistoiseksi.<\/p>\n<p>Me CanaryVIP:ss\u00e4 teemme varaamisesta helppoa ja luotettavaa, jotta voit keskitty\u00e4 nauttimaan matkastasi. Olitpa sitten ensimm\u00e4ist\u00e4 kertaa Teneriffalla tai palaamassa tutustumaan useampaan kohteeseen, t\u00e4m\u00e4 <strong>opastettu Masca Tour<\/strong> on pakollinen kokemus.<\/p>\n<p>Varmista paikkasi nyt ja tutustu Teneriffaan eri tavalla.<\/p>","protected":false},"excerpt":{"rendered":"<p><strong>\ud83d\udd0d Retken yksityiskohdat:<\/strong><br \/>\n\u2705 Turvallinen maksu.<br \/>\n\ud83c\udf04 Tutustu Mascan kyl\u00e4\u00e4n.<br \/>\n\ud83d\udca6 Tutustu luonnonaltaisiin.<br \/>\n\ud83c\udfd4\ufe0f Vieraile Los Gigantesin kalliolla.<br \/>\n\ud83e\udd6a Piknik sis\u00e4ltyy.<br \/>\n\ud83d\udcc5 Joka p\u00e4iv\u00e4.<br \/>\n\u23f0 Kesto Noin 5h.<br \/>\n\ud83d\ude8c VAN jopa 9 hengelle.<br \/>\n\ud83d\ude90 Hotellin nouto ja j\u00e4tt\u00e4minen.<br \/>\n\ud83d\udd04 72 h ilmainen peruutus.<br \/>\n\ud83e\udd11 Paras hinta taattu.<br \/>\n\ud83c\udf81 Ryhm\u00e4alennukset saatavilla.<br \/>\n\ud83c\udf1f Varaa nyt ja s\u00e4\u00e4st\u00e4!<\/p>","protected":false},"featured_media":16977,"comment_status":"open","ping_status":"closed","template":"","meta":{"_acf_changed":false},"product_brand":[],"product_cat":[52],"product_tag":[],"class_list":{"0":"post-11626","1":"product","2":"type-product","3":"status-publish","4":"has-post-thumbnail","6":"product_cat-bus-tours","7":"wcpa_has_options","9":"first","10":"instock","11":"sale","12":"virtual","13":"purchasable","14":"product-type-simple"},"acf":[],"wcpa_form_fields":{"wcpaData":{"product":{"product_price":85,"price_html":"From&nbsp;<del aria-hidden=\"true\"><span class=\"woocommerce-Price-amount amount\"><bdi>90,00&nbsp;<span class=\"woocommerce-Price-currencySymbol\">&euro;<\/span><\/bdi><\/span><\/del> <span class=\"screen-reader-text\">Alkuper\u00e4inen hinta oli: 90,00&nbsp;&euro;.<\/span><ins aria-hidden=\"true\"><span class=\"woocommerce-Price-amount amount\"><bdi>85,00&nbsp;<span class=\"woocommerce-Price-currencySymbol\">&euro;<\/span><\/bdi><\/span><\/ins><span class=\"screen-reader-text\">Nykyinen hinta on: 85,00&nbsp;&euro;.<\/span>","original_product_price":90,"price_including_tax":85,"price_excluding_tax":85,"product_id":{"parent":11626,"variation":false},"is_variable":false,"stock_status":"instock","stock_quantity":null,"parent_sku":"CV11626","product_attributes":[],"custom_fields":[],"is_taxable":false,"product_name":"Natural Pools, Masca & Los Gigantes Tour + Picnic","hasImage":false},"fields":{"sec_169cd3c7b1d53f":{"extra":{"key":"sec_169cd3c7b1d53f","section_id":"sec_169cd3c7b1d53f","name":"South Tenerife","status":1,"cl_rule":"show","enableCl":false,"relations":[{"operator":false,"rules":[{"operator":"AND","rules":{"cl_field":"radio-group_665df45fcbc30b","cl_relation":"is","cl_val":"Siam Park Regular Tickets"}}]}],"toggle":true,"title_tag":"h4","show_title":false,"showPrice":"default","form_id":16980,"form_rules":{"exclude_from_discount":true,"fee_label":"Fee","disp_hide_options_price":true,"disp_show_section_price":false,"disp_show_field_price":true,"layout_option":"standard","pric_use_as_fee":false,"process_fee_as":"woo_fee"},"layout_option":"standard"},"fields":[[{"label":"\ud83d\udcc5 Date","active":true,"required":true,"elementId":"date_869cd3c7b1d560","picker_type":"custom","picker_mode":"single","placeholder":"","description":"","tooltip":"","name":"date_869cd3c7b1d560","label_position":"default","desc_position":"default","enablePrice":false,"className":"","enableCl":false,"relations":[{"operator":"and","rules":[{"operator":"AND","rules":{"cl_field":"radio-group_665df45fcbc30b","cl_relation":"is","cl_val":"3 Hour Trip"}}]}],"date_pic_inline":true,"date_pic_inline_hide":true,"min_date":{"type":"days","val":"2"},"max_date":{"type":"days","val":"180"},"date_pic_conf":{"disabledWeeks":[],"enabledDates":[]},"price":"","cl_rule":"show","col":6,"type":"date","error":false,"enableDesign":false,"LabelColor":"","value":"2024-07-04","isWeightTemplate":false,"isTemplate":false,"min_quantity":"1","quantity_decimal":false,"quantity_step":"1","quantity_label":"Quantity","repeater_field_label":"{field_label}","repeater_bind":"","gt_translate_keys":["label","placeholder","description","value","tooltip","repeater_field_label","quantity_label"],"price_dependency":false,"cl_dependency":false}],[{"elementId":"separator_569cd3c7b1d57a","separatorType":"blank","className":"","height":"10","enableCl":false,"relations":false,"cl_rule":"show","col":6,"type":"separator","gt_translate_keys":[],"price_dependency":false,"cl_dependency":false,"value":""}],[{"active":true,"col":6,"relations":false,"cl_rule":"show","enableCl":false,"price":"","enablePrice":false,"className":"","label_position":"default","desc_position":"default","type":"content","required":false,"elementId":"content_369cd3c7b1d585","label":"People","name":"content_369cd3c7b1d585","contentType":"plain","value":"","error":false,"show_in_checkout":true,"inline":false,"gt_translate_keys":["label","value"],"price_dependency":false,"cl_dependency":false}],[{"active":true,"col":6,"relations":[{"operator":false,"rules":[{"operator":"AND","rules":{"cl_field":"","cl_relation":"","cl_val":""}}]}],"cl_rule":"show","enableCl":true,"price":"85","enablePrice":true,"className":"","label_position":"default","desc_position":"default","type":"radio-group","required":false,"elementId":"radio-group_969cd3c7b1d590","label":"","name":"radio-group_969cd3c7b1d590","values":[{"label":"\ud83d\udc64 People (85\u20ac)","value":"Adult","selected":true,"tempId":"aco_32","tooltip":"+12 Years","description":"","gt_translate_keys":["label","tooltip","description"]}],"layOut":"","error":false,"checkUi":"button","priceOptions":"fixed_for_all","pricingType":"fixed","enable_quantity":true,"quantity_label":"","min_quantity":"0","options_tooltip":true,"options_description":true,"isWeightTemplate":false,"isTemplate":false,"quantity_decimal":false,"quantity_step":"1","repeater_field_label":"{field_label}","repeater_bind":"","gt_translate_keys":["label","repeater_field_label","quantity_label"],"price_dependency":false,"cl_dependency":false,"value":""}],[{"active":true,"col":6,"relations":false,"cl_rule":"show","enableCl":false,"price":"","enablePrice":false,"className":"","label_position":"default","desc_position":"default","type":"separator","required":false,"elementId":"separator_269cd3c7b1d5af","label":"Separator Field","height":"7","separatorType":"blank","error":false,"gt_translate_keys":["label"],"price_dependency":false,"cl_dependency":false,"value":""}],[{"active":true,"col":6,"relations":false,"cl_rule":"show","enableCl":false,"price":"","enablePrice":false,"className":"","label_position":"default","desc_position":"default","type":"text","subtype":"text","required":false,"elementId":"text_369cd3c7b1d5b8","label":"\ud83d\ude8c Pickup Location","name":"text_369cd3c7b1d5b8","value":"","description":"Pick-up service in South Tenerife. Simply provide your address or hotel name.","error":false,"isWeightTemplate":false,"isTemplate":false,"min_quantity":"1","quantity_decimal":false,"quantity_step":"1","quantity_label":"Quantity","repeater_field_label":"{field_label}","repeater_bind":"","gt_translate_keys":["label","description","value","repeater_field_label","quantity_label"],"price_dependency":false,"cl_dependency":false}]]}},"config":{"price_override":"always","enable_recaptcha":false,"bind_quantity":false,"quantity_bind_formula":false,"disp_summ_show_option_price":true,"disp_summ_show_product_price":false,"disp_summ_show_total_price":true,"disp_summ_show_fee":true,"disp_summ_show_discount":true,"summary_title":"","options_total_label":"Options Price","total_label":"Total Amount","options_product_label":"Product Price","fee_label":"Fee","discount_label":"Discount","has_price":true,"has_quantity_formula":false},"mc_unit":1,"tax_rate":1,"tax_rate_real":1,"discount":{"percentage":0,"fixed":0},"design":{"conf":{"LabelPosition":"above","DescPosition":"above","UploadField":"custom_1","QuantityFieldStyle":"custom_1"},"css":{"LeftLabelWidth":"120px"}},"formulas":[],"lookuptables":[],"clones":false,"cartKey":false}},"_links":{"self":[{"href":"https:\/\/canaryvip.com\/fi\/wp-json\/wp\/v2\/product\/11626","targetHints":{"allow":["GET"]}}],"collection":[{"href":"https:\/\/canaryvip.com\/fi\/wp-json\/wp\/v2\/product"}],"about":[{"href":"https:\/\/canaryvip.com\/fi\/wp-json\/wp\/v2\/types\/product"}],"replies":[{"embeddable":true,"href":"https:\/\/canaryvip.com\/fi\/wp-json\/wp\/v2\/comments?post=11626"}],"wp:featuredmedia":[{"embeddable":true,"href":"https:\/\/canaryvip.com\/fi\/wp-json\/wp\/v2\/media\/16977"}],"wp:attachment":[{"href":"https:\/\/canaryvip.com\/fi\/wp-json\/wp\/v2\/media?parent=11626"}],"wp:term":[{"taxonomy":"product_brand","embeddable":true,"href":"https:\/\/canaryvip.com\/fi\/wp-json\/wp\/v2\/product_brand?post=11626"},{"taxonomy":"product_cat","embeddable":true,"href":"https:\/\/canaryvip.com\/fi\/wp-json\/wp\/v2\/product_cat?post=11626"},{"taxonomy":"product_tag","embeddable":true,"href":"https:\/\/canaryvip.com\/fi\/wp-json\/wp\/v2\/product_tag?post=11626"}],"curies":[{"name":"wp","href":"https:\/\/api.w.org\/{rel}","templated":true}]}}