{"id":11582,"date":"2024-06-03T16:40:35","date_gmt":"2024-06-03T15:40:35","guid":{"rendered":"https:\/\/canaryvip.com\/?post_type=product&#038;p=11582"},"modified":"2025-12-11T18:13:25","modified_gmt":"2025-12-11T18:13:25","slug":"stargazing-tenerife-teide-by-night","status":"publish","type":"product","link":"https:\/\/canaryvip.com\/fi\/shop\/stargazing-tenerife-teide-by-night\/","title":{"rendered":"Star Tour Teneriffalla:<br\/>Teide y\u00f6ll\u00e4 + illallinen"},"content":{"rendered":"<h2>\ud83d\ude8c Tietoja Stargazing Teneriffalla: Teide by Night<\/h2>\n<p>The <strong>Teide y\u00f6ll\u00e4<\/strong> CanaryVIP:n kautta saatavilla oleva kierros on yksi erikoisimmista tavoista kokea Teide-vuori auringonlaskun j\u00e4lkeen. Paikallinen matkanj\u00e4rjest\u00e4j\u00e4 j\u00e4rjest\u00e4\u00e4 t\u00e4m\u00e4n retken, jossa yhdistyv\u00e4t kaunis auringonlaskun katselu, tulivuorimaisemat ja rentouttava t\u00e4htien katselu yhdess\u00e4 Euroopan kirkkaimmista taivaista. Teiden kansallispuisto on sertifioitu Starlight Destination -kohteeksi, mik\u00e4 tarkoittaa, ett\u00e4 sen taivas on poikkeuksellisen puhdas ja vapaa valosaasteesta.<\/p>\n<h3>Kiertueen kohokohdat: Teide y\u00f6ll\u00e4<\/h3>\n<ul>\n<li>\ud83c\udf04 <strong>Auringonlaskun pys\u00e4hdys<\/strong>: Kokemus alkaa pys\u00e4hdyksell\u00e4, jossa nautitaan auringonlaskua yhdest\u00e4 kansallispuiston n\u00e4k\u00f6alapaikasta. Taivaan muuttuvat v\u00e4rit luovat rauhallisen ja ikimuistoisen hetken, joka on ihanteellinen valokuvien ottamiseen ennen illan t\u00e4htien katselua.<\/li>\n<li>\ud83d\udd2d <strong>Teneriffan t\u00e4htitarkkailu Kokemus<\/strong>: Pime\u00e4n tultua opas selitt\u00e4\u00e4 t\u00e4htikuvioita selke\u00e4sti ja yst\u00e4v\u00e4llisesti laserosoittimen avulla. Vieraille on tarjolla kaukoputki, jonka avulla he voivat tarkkailla t\u00e4hti\u00e4, planeettoja ja syv\u00e4n taivaan kohteita samalla kun oppivat mielenkiintoisia tarinoita y\u00f6taivaasta.<\/li>\n<li>\ud83c\udfd4\ufe0f <strong>Teide-vuori<\/strong>: Teide-vuori on 3 715 metri\u00e4 korkea ja Espanjan korkein vuori. <a href=\"https:\/\/whc.unesco.org\/en\/list\/1258\/\" target=\"_blank\" rel=\"noopener\">Unescon maailmanperint\u00f6<\/a> sivusto. Sen tulivuorimaisemat tuntuvat l\u00e4hes toiselta maailmalta, ja niit\u00e4 on k\u00e4ytetty useiden kansainv\u00e4listen tuotantojen kuvauspaikkoina.<\/li>\n<li>\ud83c\udf7d\ufe0f <strong>Illallinen<\/strong>: Illallinen sis\u00e4ltyy hintaan ja tarjoillaan yleens\u00e4 kanarialaisessa ravintolassa, kuten Casa Sirassa, mutta ravintola voi vaihdella saatavuuden mukaan. Ruoka on yksinkertaista ja paikallista, sopivaa ennen y\u00f6n t\u00e4htien katselua. Ruokavaliovaihtoehtoja on yleens\u00e4 saatavilla.<\/li>\n<\/ul>\n<h3>Teneriffan t\u00e4htiharrastuksesi sis\u00e4lt\u00e4\u00e4 seuraavaa<\/h3>\n<ul>\n<li>\ud83d\ude8c Nouto ja paluukuljetus hotelliltasi.<\/li>\n<li>\ud83d\udde3\ufe0f Englanninkieliset oppaat antavat selityksi\u00e4 koko kokemuksen ajan.<\/li>\n<li>\ud83d\udcf8 Useita pys\u00e4hdyksi\u00e4 valokuvien ottamista varten, erityisesti auringonlaskun aikaan.<\/li>\n<li>\ud83d\udcdc Koko ilta Teiden maisemien ja y\u00f6taivaan tutkimiseen.<\/li>\n<li>\ud83d\udcb0 Paras hinta -takuu ja joustava peruutusk\u00e4yt\u00e4nt\u00f6.<\/li>\n<\/ul>\n<h3>Essential Stargazing Tenerife Tour yksityiskohdat<\/h3>\n<ul>\n<li>\ud83c\udf9f\ufe0f Tuo mukanasi digitaalinen CanaryVIP-lippu.<\/li>\n<li>\ud83d\udeab Bussissa ei ole WC:t\u00e4, eik\u00e4 se ole esteet\u00f6n py\u00f6r\u00e4tuolille.<\/li>\n<li>\ud83c\udf7d\ufe0f Illallinen sis\u00e4ltyy hintaan.<\/li>\n<li>\u23f3 Kierros kest\u00e4\u00e4 noin 6 tuntia.<\/li>\n<li>\ud83e\udde5 L\u00e4mpim\u00e4t vaatteet ovat v\u00e4ltt\u00e4m\u00e4tt\u00f6mi\u00e4, sill\u00e4 y\u00f6ll\u00e4 l\u00e4mp\u00f6tila laskee huomattavasti.<\/li>\n<li>\ud83d\udccc Anna tarkat hotellitiedot, jotta noutoj\u00e4rjestelyt voidaan hoitaa oikein.<\/li>\n<li>\ud83c\udf25\ufe0f <strong>S\u00e4\u00e4ilmoitus<\/strong>: T\u00e4htien katselu riippuu s\u00e4\u00e4olosuhteista, eik\u00e4 sit\u00e4 voida t\u00e4ysin taata. Operaattori tekee aina parhaansa tarjotakseen t\u00e4m\u00e4n kokemuksen.<\/li>\n<\/ul>\n<h3>Kiertueen etiketti ja k\u00e4yt\u00e4nn\u00f6t<\/h3>\n<ul>\n<li>\ud83d\udd04 <strong>Joustava peruutus<\/strong>: Ilmainen peruutusoikeus 48 tuntia ennen kokemusta. Ryhmille on erityisehdot: 5\u20137 hengen ryhm\u00e4t voivat perua varauksensa 72 tuntia etuk\u00e4teen. 8\u201314 hengen ryhm\u00e4t voivat perua varauksensa 4 p\u00e4iv\u00e4\u00e4 etuk\u00e4teen. 15 hengen tai suuremmat ryhm\u00e4t voivat perua varauksensa v\u00e4hint\u00e4\u00e4n 6 p\u00e4iv\u00e4\u00e4 etuk\u00e4teen.<\/li>\n<li>\ud83d\udd52 <strong>Oikea-aikaisuus<\/strong>: Ole valmiina sovitussa noutopaikassa, jotta v\u00e4lt\u00e4t viiv\u00e4styksi\u00e4 muulle ryhm\u00e4lle.<\/li>\n<li>\ud83d\udce2 <strong>Seuraa aikataulua<\/strong>: Vieraat tulee noudattaa oppaan ohjeita, jotta kokemus sujuu kaikille sujuvasti ja miellytt\u00e4v\u00e4sti.<\/li>\n<\/ul>\n<h4>Matkalla avustaminen ja vastuu<\/h4>\n<ul>\n<li>\u2714\ufe0f <strong>Palvelulupaus<\/strong>: CanaryVIP varmistaa sujuvan varausprosessin ja selke\u00e4n viestinn\u00e4n ennen kiertuetta. Itse aktiviteetin toteuttaa paikallinen lisensoitu operaattori.<\/li>\n<li>\ud83d\udde3\ufe0f <strong>Apua kiertueen aikana<\/strong>: Jos sinulla on kokemuksen aikana kysytt\u00e4v\u00e4\u00e4 tai huolenaiheita, voit ottaa suoraan yhteytt\u00e4 oppaaseen, joka on paikalla auttamassa.<\/li>\n<li>\ud83d\udcb0 <strong>Matkojen peruutusehdot<\/strong>: Jos aktiviteetin aikana tapahtuu jotain odottamatonta, hyvitykset suoritetaan vahvistetun k\u00e4yt\u00e4nn\u00f6n mukaisesti, jossa l\u00e4pin\u00e4kyvyys ja asiakastyytyv\u00e4isyys ovat aina etusijalla.<\/li>\n<\/ul>\n<h3>\ud83c\udf0b\ud83d\ude8c\ud83c\udfde\ufe0f Varaa Teide-retkesi nyt<\/h3>\n<p>Teide by Night on rauhallinen ja ikimuistoinen tapa tutustua yhteen Teneriffan tunnetuimmista kohteista. Auringonlaskun katselu kansallispuistosta ja y\u00f6taivaan tarkkailu tekev\u00e4t t\u00e4st\u00e4 retkest\u00e4 suositun pariskuntien, perheiden ja kaikkien niiden keskuudessa, jotka haluavat kokea Teiden eri valossa.<\/p>\n<p>Jos haluat tutustua puistoon my\u00f6s p\u00e4iv\u00e4ll\u00e4, voit tarkistaa <a href=\"https:\/\/canaryvip.com\/fi\/shop\/teide-guided-bus-tour\/\">Teiden puolip\u00e4iv\u00e4inen bussikierros<\/a>. T\u00e4m\u00e4 p\u00e4iv\u00e4retki kattaa tulivuorimaisemat, n\u00e4k\u00f6alapaikat, Vilaflorin kyl\u00e4n ja Roques de Garc\u00edan, ja s\u00e4\u00e4olosuhteiden salliessa on mahdollista tehd\u00e4 valinnainen k\u00f6ysirata-ajelu.<\/p>\n<p>Varaamalla molemmat retket CanaryVIP:n kautta voit nauttia Teiden t\u00e4ysim\u00e4\u00e4r\u00e4isest\u00e4 kontrastista, sen kirkkaista p\u00e4iv\u00e4v\u00e4reist\u00e4 rauhallisiin t\u00e4htitaivaisiin \u00f6ihin.<\/p>\n<p>Teiden seikkailu on valmis, kun sin\u00e4 olet.<\/p>","protected":false},"excerpt":{"rendered":"<p><strong>\ud83d\udd0d Teide y\u00f6ll\u00e4:<\/strong><br \/>\n\u2705 Turvallinen maksu.<br \/>\n\ud83d\uddfb Vieraile Teiden kansallispuistossa.<br \/>\n\ud83d\udd2d Ammattilaiskaukoputket.<br \/>\n\ud83c\udf20 Katso T\u00e4hdet ja t\u00e4htikuviot.<br \/>\n\ud83c\udf7d\ufe0f Kanarialainen ateria sis\u00e4ltyy hintaan.<br \/>\n\ud83e\uddc3 Juomat sis\u00e4ltyv\u00e4t.<br \/>\n\ud83d\udcc5 ti, ke, to, pe, su.<br \/>\n\u23f0 Kesto Noin 6h.<br \/>\n\ud83d\ude8c Hotellin nouto ja j\u00e4tt\u00e4minen.<br \/>\n\ud83d\udd04 48hr ilmainen peruutus.<br \/>\n\ud83e\udd11 Paras hinta taattu.<br \/>\n\ud83c\udf81 Ryhm\u00e4alennukset saatavilla.<br \/>\n\ud83c\udf0d Oppaita omilla kielill\u00e4si.<br \/>\n\ud83c\udf1f Varaa nyt ja s\u00e4\u00e4st\u00e4!<\/p>","protected":false},"featured_media":11584,"comment_status":"open","ping_status":"closed","template":"","meta":{"_acf_changed":false},"product_brand":[],"product_cat":[52],"product_tag":[],"class_list":{"0":"post-11582","1":"product","2":"type-product","3":"status-publish","4":"has-post-thumbnail","6":"product_cat-bus-tours","7":"wcpa_has_options","9":"first","10":"instock","11":"sale","12":"virtual","13":"purchasable","14":"product-type-simple"},"acf":[],"wcpa_form_fields":{"wcpaData":{"product":{"product_price":79,"price_html":"From&nbsp;<del aria-hidden=\"true\"><span class=\"woocommerce-Price-amount amount\"><bdi>89,00&nbsp;<span class=\"woocommerce-Price-currencySymbol\">&euro;<\/span><\/bdi><\/span><\/del> <span class=\"screen-reader-text\">Alkuper\u00e4inen hinta oli: 89,00&nbsp;&euro;.<\/span><ins aria-hidden=\"true\"><span class=\"woocommerce-Price-amount amount\"><bdi>79,00&nbsp;<span class=\"woocommerce-Price-currencySymbol\">&euro;<\/span><\/bdi><\/span><\/ins><span class=\"screen-reader-text\">Nykyinen hinta on: 79,00&nbsp;&euro;.<\/span>","original_product_price":89,"price_including_tax":79,"price_excluding_tax":79,"product_id":{"parent":11582,"variation":false},"is_variable":false,"stock_status":"instock","stock_quantity":null,"parent_sku":"CV11582","product_attributes":[],"custom_fields":[],"is_taxable":false,"product_name":"Star Tour Tenerife:<br\/>Teide by Night + Dinner","hasImage":false},"fields":{"sec_2665e36bde09f4":{"extra":{"key":"sec_2665e36bde09f4","section_id":"sec_2665e36bde09f4","name":"South Tenerife","status":1,"cl_rule":"show","enableCl":false,"relations":[{"operator":false,"rules":[{"operator":"AND","rules":{"cl_field":"radio-group_665df45fcbc30b","cl_relation":"is","cl_val":"Siam Park Regular Tickets"}}]}],"toggle":true,"title_tag":"h4","show_title":false,"showPrice":"default","form_id":11592,"form_rules":{"exclude_from_discount":true,"fee_label":"Fee","disp_hide_options_price":true,"disp_show_section_price":false,"disp_show_field_price":true,"layout_option":"standard","pric_use_as_fee":false,"process_fee_as":"woo_fee"},"layout_option":"standard"},"fields":[[{"label":"\ud83d\udcc5 Date","active":true,"required":true,"elementId":"date_10665e36bde0a12","picker_type":"custom","picker_mode":"single","placeholder":"","description":"","tooltip":"","name":"date_10665e36bde0a12","label_position":"default","desc_position":"default","enablePrice":false,"className":"","enableCl":false,"relations":[{"operator":"and","rules":[{"operator":"AND","rules":{"cl_field":"radio-group_665df45fcbc30b","cl_relation":"is","cl_val":"3 Hour Trip"}}]}],"date_pic_inline":true,"date_pic_inline_hide":true,"min_date":{"type":"days","val":"1"},"max_date":{"type":"days","val":"365"},"date_pic_conf":{"disabledWeeks":[1]},"price":"","cl_rule":"show","col":6,"type":"date","error":false,"enableDesign":false,"LabelColor":"","isWeightTemplate":false,"isTemplate":false,"min_quantity":"1","quantity_decimal":false,"quantity_step":"1","quantity_label":"Quantity","repeater_field_label":"{field_label}","repeater_bind":"","gt_translate_keys":["label","placeholder","description","tooltip","repeater_field_label","quantity_label"],"price_dependency":false,"cl_dependency":false,"value":""}],[{"elementId":"separator_8665e36bde0a21","separatorType":"blank","className":"","height":"10","enableCl":false,"relations":false,"cl_rule":"show","col":6,"type":"separator","gt_translate_keys":[],"price_dependency":false,"cl_dependency":false,"value":""}],[{"active":true,"col":6,"relations":false,"cl_rule":"show","enableCl":false,"price":"","enablePrice":false,"className":"","label_position":"default","desc_position":"default","type":"content","required":false,"elementId":"content_9665e36bde0a2d","label":"People","name":"content_9665e36bde0a2d","contentType":"plain","value":"","error":false,"show_in_checkout":true,"inline":false,"gt_translate_keys":["label","value"],"price_dependency":false,"cl_dependency":false}],[{"active":true,"col":6,"relations":[{"operator":false,"rules":[{"operator":"AND","rules":{"cl_field":"","cl_relation":"","cl_val":""}}]}],"cl_rule":"show","enableCl":true,"price":"79","enablePrice":true,"className":"","label_position":"default","desc_position":"default","type":"radio-group","required":false,"elementId":"radio-group_10665e36bde0a38","label":"","name":"radio-group_10665e36bde0a38","values":[{"label":"\ud83d\udc64 Adult (79\u20ac)","value":"Adult","selected":true,"tempId":"aco_32","tooltip":"+14 Years","description":"","gt_translate_keys":["label","tooltip","description"]}],"layOut":"","error":false,"checkUi":"button","priceOptions":"fixed_for_all","pricingType":"fixed","enable_quantity":true,"quantity_label":"","min_quantity":"0","options_tooltip":true,"options_description":true,"gt_translate_keys":["label","quantity_label"],"price_dependency":false,"cl_dependency":false,"value":""}],[{"label":"","active":true,"required":false,"elementId":"radio-group_10665e36bde0a43","name":"radio-group_10665e36bde0a43","label_position":"default","desc_position":"default","enablePrice":true,"className":"","enableCl":false,"relations":false,"enable_quantity":true,"quantity_label":"","min_quantity":"0","checkUi":"button","layOut":"","values":[{"label":"\ud83d\udc66 Child (49\u20ac)","value":"Child","selected":true,"tempId":"aco_32","tooltip":"4-13 Years","description":"","gt_translate_keys":["label","tooltip","description"]}],"priceOptions":"fixed_for_all","pricingType":"fixed","price":"49","cl_rule":"show","col":6,"type":"radio-group","error":false,"options_tooltip":true,"options_description":true,"gt_translate_keys":["label","quantity_label"],"price_dependency":false,"cl_dependency":false,"value":""}],[{"label":"","active":true,"required":false,"elementId":"radio-group-0497504259","name":"radio-group-0497504259","label_position":"default","desc_position":"default","enablePrice":true,"className":"","enableCl":false,"relations":false,"enable_quantity":true,"quantity_label":"","min_quantity":"0","checkUi":"button","layOut":"","options_tooltip":true,"options_description":true,"values":[{"label":"\ud83d\udc76 Infant (Free)","value":"Infant","selected":true,"tempId":"aco_32","tooltip":"0-3 Years","description":"","gt_translate_keys":["label","tooltip","description"]}],"priceOptions":"fixed_for_all","pricingType":"fixed","price":"0","cl_rule":"show","col":6,"type":"radio-group","error":false,"gt_translate_keys":["label","quantity_label"],"price_dependency":false,"cl_dependency":false,"value":""}],[{"active":true,"col":6,"relations":false,"cl_rule":"show","enableCl":false,"price":"","enablePrice":false,"className":"","label_position":"default","desc_position":"default","type":"select","required":false,"elementId":"select_5665e36bde0a4d","label":"\ud83c\udf0e Language","name":"select_5665e36bde0a4d","values":[{"label":"English","value":"English","selected":false,"tempId":"aco_389","gt_translate_keys":["label"]},{"label":"Spanish","value":"Spanish","selected":false,"tempId":"aco_390","gt_translate_keys":["label"]},{"label":"Deutsch","value":"Deutsch","selected":false,"tempId":"aco_409","gt_translate_keys":["label"]},{"label":"French","value":"French","selected":false,"tempId":"aco_581","gt_translate_keys":["label"]},{"label":"Dutch","value":"Dutch","selected":false,"tempId":"aco_672","gt_translate_keys":["label"]},{"label":"Italian","value":"Italian","selected":false,"tempId":"aco_700","gt_translate_keys":["label"]}],"dropdown_type":"basic","error":false,"isWeightTemplate":false,"isTemplate":false,"min_quantity":"1","quantity_decimal":false,"quantity_step":"1","quantity_label":"Quantity","repeater_field_label":"{field_label}","repeater_bind":"","placeholder":"Select Language","gt_translate_keys":["label","placeholder","repeater_field_label","quantity_label"],"price_dependency":false,"cl_dependency":false,"value":""}],[{"active":true,"col":6,"relations":false,"cl_rule":"show","enableCl":false,"price":"","enablePrice":false,"className":"","label_position":"default","desc_position":"default","type":"separator","required":false,"elementId":"separator_4665e36bde0a57","label":"Separator Field","height":"7","separatorType":"blank","error":false,"gt_translate_keys":["label"],"price_dependency":false,"cl_dependency":false,"value":""}],[{"active":true,"col":6,"relations":false,"cl_rule":"show","enableCl":false,"price":"","enablePrice":false,"className":"","label_position":"default","desc_position":"default","type":"text","subtype":"text","required":false,"elementId":"text_10665e36bde0a60","label":"\ud83d\ude8c Pickup Location","name":"text_10665e36bde0a60","value":"","description":"Included Pick-up service in South Tenerife. Simply provide your address or hotel name.","error":false,"gt_translate_keys":["label","description","value"],"price_dependency":false,"cl_dependency":false}]]}},"config":{"price_override":"always","enable_recaptcha":false,"bind_quantity":false,"quantity_bind_formula":false,"disp_summ_show_option_price":true,"disp_summ_show_product_price":false,"disp_summ_show_total_price":true,"disp_summ_show_fee":true,"disp_summ_show_discount":true,"summary_title":"","options_total_label":"Options Price","total_label":"Total Amount","options_product_label":"Product Price","fee_label":"Fee","discount_label":"Discount","has_price":true,"has_quantity_formula":false},"mc_unit":1,"tax_rate":1,"tax_rate_real":1,"discount":{"percentage":0,"fixed":0},"design":{"conf":{"LabelPosition":"above","DescPosition":"above","UploadField":"custom_1","QuantityFieldStyle":"custom_1"},"css":{"LeftLabelWidth":"120px"}},"formulas":[],"lookuptables":[],"clones":false,"cartKey":false}},"_links":{"self":[{"href":"https:\/\/canaryvip.com\/fi\/wp-json\/wp\/v2\/product\/11582","targetHints":{"allow":["GET"]}}],"collection":[{"href":"https:\/\/canaryvip.com\/fi\/wp-json\/wp\/v2\/product"}],"about":[{"href":"https:\/\/canaryvip.com\/fi\/wp-json\/wp\/v2\/types\/product"}],"replies":[{"embeddable":true,"href":"https:\/\/canaryvip.com\/fi\/wp-json\/wp\/v2\/comments?post=11582"}],"wp:featuredmedia":[{"embeddable":true,"href":"https:\/\/canaryvip.com\/fi\/wp-json\/wp\/v2\/media\/11584"}],"wp:attachment":[{"href":"https:\/\/canaryvip.com\/fi\/wp-json\/wp\/v2\/media?parent=11582"}],"wp:term":[{"taxonomy":"product_brand","embeddable":true,"href":"https:\/\/canaryvip.com\/fi\/wp-json\/wp\/v2\/product_brand?post=11582"},{"taxonomy":"product_cat","embeddable":true,"href":"https:\/\/canaryvip.com\/fi\/wp-json\/wp\/v2\/product_cat?post=11582"},{"taxonomy":"product_tag","embeddable":true,"href":"https:\/\/canaryvip.com\/fi\/wp-json\/wp\/v2\/product_tag?post=11582"}],"curies":[{"name":"wp","href":"https:\/\/api.w.org\/{rel}","templated":true}]}}