{"id":11531,"date":"2024-05-21T11:43:07","date_gmt":"2024-05-21T10:43:07","guid":{"rendered":"https:\/\/canaryvip.com\/?post_type=product&#038;p=11531"},"modified":"2025-06-29T00:06:38","modified_gmt":"2025-06-28T23:06:38","slug":"history-music-tenerife","status":"publish","type":"product","link":"https:\/\/canaryvip.com\/fi\/shop\/history-music-tenerife\/","title":{"rendered":"Historia, Musiikin kehitys:<br\/>Teneriffan y\u00f6n\u00e4yt\u00f6s"},"content":{"rendered":"<h2>\ud83c\udfb6 Tutustu Teneriffan musiikin historiaan ja kehitykseen<\/h2>\n<p>Uppoudu unohtumattomalle musiikilliselle matkalle \"History: The Evolution of Music Show\" Teneriffalla, jonka ylpe\u00e4n\u00e4 esitt\u00e4\u00e4 Auditorio Pir\u00e1mide de Arona. T\u00e4ss\u00e4 n\u00e4ytt\u00e4v\u00e4ss\u00e4 tapahtumassa, joka on saatavilla CanaryVIP:n kautta, esitell\u00e4\u00e4n musiikin historian ikonisimpia hetki\u00e4, ja mukana on 30 lahjakkaan taiteilijan monipuolinen kokoonpano 15 eri maasta.<\/p>\n<p>Koe kiehtova ilta el\u00e4v\u00e4\u00e4 musiikkia, eloisaa tanssia ja upeita koreografioita, jotka ovat kunnianosoitus musiikkilegendoille Mozartista Michael Jacksoniin. T\u00e4m\u00e4 kaksituntinen esitys, jossa on 15 minuutin tauko, lupaa illan, joka on t\u00e4ynn\u00e4 rytmej\u00e4 ja \u00e4\u00e4ni\u00e4, jotka ovat muokanneet maailmaamme.<\/p>\n<h3>\ud83c\udf1f Matka l\u00e4pi musiikillisten aikakausien<\/h3>\n<p><strong>Musiikin kehitys:<\/strong> T\u00e4m\u00e4 show vie sinut lumoavalle aikamatkalle, jossa juhlitaan Beethovenin, Caruson, Elviksen, Beatlesin, Queenin, ABBA:n, Pink Floydin ja monien muiden teoksia. Jokainen aikakausi keskiajalta t\u00e4m\u00e4n p\u00e4iv\u00e4n hitteihin her\u00e4tet\u00e4\u00e4n henkiin henke\u00e4salpaavalla audiovisuaalisella materiaalilla ja h\u00e4ik\u00e4isevill\u00e4 puvuilla.<\/p>\n<p><strong>Dynaaminen suorituskyky:<\/strong> El\u00e4v\u00e4\u00e4 musiikkia, tanssia, teatteria ja akrobatiaa yhdist\u00e4v\u00e4 esitys luo dynaamisen ja mukaansatempaavan kokemuksen, joka sopii kaikenik\u00e4isille. Upeat esitykset ja kuuluisien soundtrackien ja Broadway-hittien live-tulkinnat takaavat ikimuistoisen illan jokaiselle osallistujalle.<\/p>\n<h3>\ud83d\udccd Tapahtumapaikka ja aikataulu<\/h3>\n<p><strong>Sijainti:<\/strong> N\u00e4yttely j\u00e4rjestet\u00e4\u00e4n tyylikk\u00e4\u00e4ss\u00e4 <a href=\"https:\/\/www.google.com\/maps\/place\/Pir%C3%A1mide+de+Arona\/@28.05472,-16.7337319,17z\/data=!3m1!4b1!4m6!3m5!1s0xc6a977926d44d3d:0x16c097dc6a370b29!8m2!3d28.05472!4d-16.731157!16s%2Fg%2F1vyxknvw?entry=tts&amp;g_ep=EgoyMDI0MDUxOC4wKgBIAVAD\" target=\"_blank\" rel=\"noopener\">Auditorio Pir\u00e1mide de Arona<\/a>, joka sijaitsee Playa de las Am\u00e9ricasissa, Teneriffalla. Oasis-ostoskeskuksessa on runsaasti maanalaisia pys\u00e4k\u00f6intipaikkoja, aivan paikan edess\u00e4.<\/p>\n<p><strong>Aikataulu:<\/strong> N\u00e4yt\u00f6s esitet\u00e4\u00e4n joka lauantai, ja ovet avataan klo 20:00, ja esitys alkaa klo 21:00. Istumapaikkoja ei ole varattu, joten ilmoittautumisj\u00e4rjestys on etusijalla.<\/p>\n<h3>\ud83c\udf9f\ufe0f Lippuvaihtoehdot ja -hinnat<\/h3>\n<p>Me CanaryVIP:ss\u00e4 tarjoamme lippuja \"History: The Evolution of Music Show\" parhaaseen hintatakuuseen. Lippujen hinta on 49 \u20ac\/henkil\u00f6. Nauti ryhm\u00e4alennuksista edullisempaan kokemukseen, joten se sopii t\u00e4ydellisesti perheille, yst\u00e4ville ja erityistilaisuuksiin. Varaa nyt paikkasi unohtumattomaan iltaan.<\/p>\n<h3>\ud83d\udcc5 Joustavat varaus- ja peruutusehdot<\/h3>\n<p><strong>Ilmaiset peruutukset:<\/strong> Peruuta viimeist\u00e4\u00e4n 24 tuntia ennen esityst\u00e4 ja saat t\u00e4yden hyvityksen. Jos et peruuta tai et saavu paikalle, et ole oikeutettu hyvitykseen.<\/p>\n<p><strong>Yksityisn\u00e4yt\u00f6kset:<\/strong> Tarjoamme my\u00f6s mahdollisuuden varata yksityisn\u00e4yt\u00f6ksi\u00e4 yritysretkille ja erityistapahtumiin. <a href=\"https:\/\/canaryvip.com\/fi\/contact\/\">Ota yhteytt\u00e4<\/a> lis\u00e4tietoja henkil\u00f6kohtaisen tapahtuman j\u00e4rjest\u00e4misest\u00e4.<\/p>\n<h3>\ud83d\udc57 Pukeutumiskoodi ja lis\u00e4tietoja<\/h3>\n<p><strong>Pukeutumiskoodi:<\/strong> Tyylikk\u00e4\u00e4n tyylikk\u00e4\u00e4n ymp\u00e4rist\u00f6n t\u00e4ydent\u00e4miseksi suositellaan rentoa pukeutumista. Farkut ja kiva t-paita ovat hyv\u00e4ksytt\u00e4vi\u00e4, mutta urheiluasuja ja shortseja ei suositella, jotta n\u00e4yt\u00f6ksen hienostunut tunnelma s\u00e4ilyisi.<\/p>\n<p><strong>N\u00e4yttelyn sis\u00e4\u00e4nk\u00e4ynti:<\/strong> P\u00e4\u00e4set k\u00e4tev\u00e4sti k\u00e4siksi \"Historia: The Evolution of Music Show\" -n\u00e4yttelyyn p\u00e4\u00e4see hotellin p\u00e4\u00e4sis\u00e4\u00e4nk\u00e4ynnin vasemmalla puolella sijaitsevasta sis\u00e4\u00e4nk\u00e4ynnist\u00e4. T\u00e4m\u00e4 sis\u00e4\u00e4nk\u00e4ynti on varattu erityisesti show'n osallistujille, mik\u00e4 takaa sujuvan ja vaivattoman sis\u00e4\u00e4np\u00e4\u00e4syn tapahtumapaikalle.<\/p>\n<h3>\ud83c\udfad Tule mukaan unohtumattomaan iltaan!<\/h3>\n<p>Koe \"Historian taika: Musiikin evoluutio Show\" CanaryVIP:n kanssa. Anna meid\u00e4n vied\u00e4 sinut matkalle musiikin rikkaaseen historiaan el\u00e4vien esitysten avulla, jotka lumoavat ja inspiroivat.<\/p>\n<p>Varaa lippusi nyt, jotta p\u00e4\u00e4set nauttimaan tyylikk\u00e4\u00e4st\u00e4 illasta, viihteest\u00e4 ja kulttuurista uppoutumisesta Teneriffan syd\u00e4mess\u00e4.<\/p>\n<p>Varaa lippusi t\u00e4h\u00e4n Teneriffan illanviettoon jo t\u00e4n\u00e4\u00e4n! \ud83c\udf1f\ud83c\udfb6<\/p>","protected":false},"excerpt":{"rendered":"<p><strong>\ud83d\udd0d \"History\" -musiikkin\u00e4yt\u00f6s:<\/strong><br \/>\n\u2705 Turvallinen maksu.<br \/>\n\ud83c\udfa4 Music Show.<br \/>\n\ud83c\udfb6 +30 lahjakasta taiteilijaa.<br \/>\n\ud83d\udcc6 Joka lauantai.<br \/>\n\u23f0 Ovi aukeaa 20:00.<br \/>\n\ud83d\udd58 Show alkaa klo 21:00.<br \/>\n\u23f3 Kesto \u2248 2:15h<br \/>\n\ud83c\udf0d Englanti Is\u00e4nt\u00e4.<br \/>\n\ud83d\ude80 Uusi show Teneriffalla!<br \/>\n\ud83e\udd11 Paras hinta taattu.<br \/>\n\ud83d\udc6a Alennukset ryhmille.<br \/>\n\ud83d\udd01 Ilmainen peruutus enint\u00e4\u00e4n 24h.<br \/>\n\ud83d\udccd Tapahtumapaikka <a href=\"https:\/\/www.google.com\/maps\/place\/Pir%C3%A1mide+de+Arona\/@28.05472,-16.7337319,17z\/data=!3m1!4b1!4m6!3m5!1s0xc6a977926d44d3d:0x16c097dc6a370b29!8m2!3d28.05472!4d-16.731157!16s%2Fg%2F1vyxknvw?entry=tts&amp;g_ep=EgoyMDI0MDUxOC4wKgBIAVAD\">Pir\u00e1mide de Arona.<\/a><\/p>","protected":false},"featured_media":11532,"comment_status":"open","ping_status":"closed","template":"","meta":{"_acf_changed":false},"product_brand":[],"product_cat":[59],"product_tag":[],"class_list":{"0":"post-11531","1":"product","2":"type-product","3":"status-publish","4":"has-post-thumbnail","6":"product_cat-evening-shows","7":"wcpa_has_options","9":"first","10":"instock","11":"virtual","12":"purchasable","13":"product-type-simple"},"acf":[],"wcpa_form_fields":{"wcpaData":{"product":{"product_price":49,"price_html":"From&nbsp;<span class=\"woocommerce-Price-amount amount\"><bdi>49,00&nbsp;<span class=\"woocommerce-Price-currencySymbol\">&euro;<\/span><\/bdi><\/span>","original_product_price":49,"price_including_tax":49,"price_excluding_tax":49,"product_id":{"parent":11531,"variation":false},"is_variable":false,"stock_status":"instock","stock_quantity":null,"parent_sku":"CV11531","product_attributes":[],"custom_fields":[],"is_taxable":false,"product_name":"History, The Evolution of Music:<br\/>Tenerife Night Show","hasImage":false},"fields":{"sec_10664c7e1fdf7bf":{"extra":{"key":"sec_10664c7e1fdf7bf","section_id":"sec_10664c7e1fdf7bf","name":"Tickets","status":1,"cl_rule":"show","enableCl":false,"relations":[{"operator":false,"rules":[{"operator":"AND","rules":{"cl_field":"radio-group_5664c7e1fdf7be","cl_relation":"is","cl_val":"Gold Entrance"}}]}],"toggle":true,"title_tag":"h4","show_title":false,"showPrice":"default","form_id":11537,"form_rules":{"exclude_from_discount":true,"fee_label":"Fee","disp_hide_options_price":true,"disp_show_section_price":false,"disp_show_field_price":true,"layout_option":"standard","pric_use_as_fee":false,"process_fee_as":"woo_fee"},"layout_option":"standard"},"fields":[[{"label":"\ud83d\udcc5 Date","active":true,"required":true,"elementId":"date_7664c7e1fdf7ad","picker_type":"custom","picker_mode":"single","placeholder":"","description":"","tooltip":"","name":"date_7664c7e1fdf7ad","label_position":"default","desc_position":"default","enablePrice":false,"className":"","enableCl":false,"relations":[{"operator":"and","rules":[{"operator":"AND","rules":{"cl_field":"radio-group_5664c7e1fdf7be","cl_relation":"is_not_empty","cl_val":"3 Hour Trip"}}]}],"date_pic_inline":true,"date_pic_inline_hide":true,"min_date":{"type":"days","val":"0"},"max_date":{"type":"days","val":"365"},"date_pic_conf":{"disabledWeeks":[0,1,2,3,4,5],"disabledDates":["2025-09-20","2025-09-29","2025-10-04","2025-11-13 to 2025-12-13","2026-09-26","2026-10-10","2026-10-17"]},"price":"","cl_rule":"show","col":6,"type":"date","error":false,"enableDesign":false,"LabelColor":"","date_conf_custom":{"minDate":"let d = new Date();\nif (d.getHours() >= 21) {\n  d.setDate(d.getDate() + 1);\n} else {\n  d.setDate(d.getDate() + 0);\n}\nreturn d;"},"isWeightTemplate":false,"isTemplate":false,"min_quantity":"1","quantity_decimal":false,"quantity_step":"1","quantity_label":"Quantity","repeater_field_label":"{field_label}","repeater_bind":"","gt_translate_keys":["label","placeholder","description","tooltip","repeater_field_label","quantity_label"],"price_dependency":false,"cl_dependency":false,"value":""}],[{"active":true,"col":6,"relations":false,"cl_rule":"show","enableCl":false,"price":"","enablePrice":false,"className":"","label_position":"default","desc_position":"default","type":"separator","required":false,"elementId":"separator_7664c7e1fdf7cc","label":"Separator Field","height":"8","separatorType":"blank","error":false,"gt_translate_keys":["label"],"price_dependency":false,"cl_dependency":false,"value":""}],[{"active":true,"col":6,"relations":false,"cl_rule":"show","enableCl":false,"price":"","enablePrice":false,"className":"","label_position":"default","desc_position":"default","type":"content","required":false,"elementId":"content_1664c7e1fdf7d8","label":"People","name":"content_1664c7e1fdf7d8","contentType":"plain","value":"","error":false,"show_in_checkout":true,"inline":false,"gt_translate_keys":["label","value"],"price_dependency":false,"cl_dependency":false}],[{"active":true,"col":6,"relations":[{"operator":false,"rules":[{"operator":"AND","rules":{"cl_field":"","cl_relation":"","cl_val":""}}]}],"cl_rule":"show","enableCl":true,"price":"49","enablePrice":true,"className":"","label_position":"default","desc_position":"default","type":"radio-group","required":false,"elementId":"radio-group_9664c7e1fdf7e3","label":"","name":"radio-group_9664c7e1fdf7e3","values":[{"label":"\ud83d\udc64 Adult (49\u20ac)","value":"Adult (49\u20ac)","selected":true,"tempId":"aco_32","tooltip":"+16 Years","description":"","gt_translate_keys":["label","tooltip","description"]}],"layOut":"","error":false,"checkUi":"button","priceOptions":"fixed_for_all","pricingType":"fixed","enable_quantity":true,"quantity_label":"","min_quantity":"0","options_tooltip":true,"options_description":true,"gt_translate_keys":["label","quantity_label"],"price_dependency":false,"cl_dependency":false,"value":""}],[{"label":"","active":true,"required":false,"elementId":"radio-group_3664c7e1fdf7ef","name":"radio-group_3664c7e1fdf7ef","label_position":"default","desc_position":"default","enablePrice":true,"className":"","enableCl":true,"relations":[{"operator":false,"rules":[{"operator":"AND","rules":{"cl_field":"","cl_relation":"","cl_val":""}}]}],"enable_quantity":true,"quantity_label":"","min_quantity":"0","checkUi":"button","layOut":"","options_tooltip":true,"options_description":true,"values":[{"label":"\ud83d\udc66 Child (25\u20ac)","value":"Child","selected":true,"tempId":"aco_32","tooltip":"5-15 Years","description":"","gt_translate_keys":["label","tooltip","description"]}],"priceOptions":"fixed_for_all","pricingType":"fixed","price":"25","cl_rule":"show","col":6,"type":"radio-group","error":false,"gt_translate_keys":["label","quantity_label"],"price_dependency":false,"cl_dependency":false,"value":""}],[{"label":"","active":true,"required":false,"elementId":"radio-group-9164063374","name":"radio-group-9164063374","label_position":"default","desc_position":"default","enablePrice":true,"className":"","enableCl":true,"relations":[{"operator":false,"rules":[{"operator":"AND","rules":{"cl_field":"","cl_relation":"","cl_val":""}}]}],"enable_quantity":true,"quantity_label":"","min_quantity":"0","checkUi":"button","layOut":"","options_tooltip":true,"options_description":true,"values":[{"label":"\ud83d\udc76 Toddler (Free)","value":"Toddler","selected":true,"tempId":"aco_32","tooltip":"0-4 Years","description":"","gt_translate_keys":["label","tooltip","description"]}],"priceOptions":"fixed_for_all","pricingType":"fixed","price":"0","cl_rule":"show","col":6,"type":"radio-group","error":false,"gt_translate_keys":["label","quantity_label"],"price_dependency":false,"cl_dependency":false,"value":""}]]}},"config":{"price_override":"always","enable_recaptcha":false,"bind_quantity":false,"quantity_bind_formula":false,"disp_summ_show_option_price":true,"disp_summ_show_product_price":false,"disp_summ_show_total_price":true,"disp_summ_show_fee":true,"disp_summ_show_discount":true,"summary_title":"","options_total_label":"Options Price","total_label":"Total Amount","options_product_label":"Product Price","fee_label":"Fee","discount_label":"Discount","has_price":true,"has_quantity_formula":false},"mc_unit":1,"tax_rate":1,"tax_rate_real":1,"discount":{"percentage":0,"fixed":0},"design":{"conf":{"LabelPosition":"above","DescPosition":"above","UploadField":"custom_1","QuantityFieldStyle":"custom_1"},"css":{"LeftLabelWidth":"120px"}},"formulas":[],"lookuptables":[],"clones":false,"cartKey":false}},"_links":{"self":[{"href":"https:\/\/canaryvip.com\/fi\/wp-json\/wp\/v2\/product\/11531","targetHints":{"allow":["GET"]}}],"collection":[{"href":"https:\/\/canaryvip.com\/fi\/wp-json\/wp\/v2\/product"}],"about":[{"href":"https:\/\/canaryvip.com\/fi\/wp-json\/wp\/v2\/types\/product"}],"replies":[{"embeddable":true,"href":"https:\/\/canaryvip.com\/fi\/wp-json\/wp\/v2\/comments?post=11531"}],"wp:featuredmedia":[{"embeddable":true,"href":"https:\/\/canaryvip.com\/fi\/wp-json\/wp\/v2\/media\/11532"}],"wp:attachment":[{"href":"https:\/\/canaryvip.com\/fi\/wp-json\/wp\/v2\/media?parent=11531"}],"wp:term":[{"taxonomy":"product_brand","embeddable":true,"href":"https:\/\/canaryvip.com\/fi\/wp-json\/wp\/v2\/product_brand?post=11531"},{"taxonomy":"product_cat","embeddable":true,"href":"https:\/\/canaryvip.com\/fi\/wp-json\/wp\/v2\/product_cat?post=11531"},{"taxonomy":"product_tag","embeddable":true,"href":"https:\/\/canaryvip.com\/fi\/wp-json\/wp\/v2\/product_tag?post=11531"}],"curies":[{"name":"wp","href":"https:\/\/api.w.org\/{rel}","templated":true}]}}