{"id":11493,"date":"2024-05-14T14:46:09","date_gmt":"2024-05-14T13:46:09","guid":{"rendered":"https:\/\/canaryvip.com\/?post_type=product&#038;p=11493"},"modified":"2025-08-09T14:10:34","modified_gmt":"2025-08-09T13:10:34","slug":"scuba-diving-open-water-course-tenerife","status":"publish","type":"product","link":"https:\/\/canaryvip.com\/fi\/shop\/scuba-diving-open-water-course-tenerife\/","title":{"rendered":"PADI Scuba Diving: Tenerife: Avoveden kurssi"},"content":{"rendered":"<h2><strong>\ud83e\udd3f PADI Avovesi-sukelluskurssi Teneriffalla<\/strong><\/h2>\n<p>Tutustu \u00e4\u00e4rimm\u00e4iseen sukelluskokemukseen PADI Scuba Diving Open Water -kurssillamme Teneriffalla. Hanki sukelluslisenssi ja tutustu Teneriffan vedenalaisen maailman ihmeisiin. Kurssimme on suunniteltu valmistamaan sinut sukeltamaan kaikissa olosuhteissa, joten Teneriffa on t\u00e4ydellinen paikka aloittaa sukellusmatkasi.<\/p>\n<h3><strong>\u23f1\ufe0f PADI Open Water Diving -kurssi: Kokemusta ei tarvita!<\/strong><\/h3>\n<ul>\n<li><strong>Sertifiointi:<\/strong> Hanki PADI Open Water -sertifikaattisi Teneriffalla, jolloin voit sukeltaa miss\u00e4 tahansa p\u00e4in maailmaa, my\u00f6s muissa maissa.<\/li>\n<li><strong>Sijainti:<\/strong> Kurssimme j\u00e4rjestet\u00e4\u00e4n ammattitaitoisessa sukelluskoulussa Los Cristianosissa.<\/li>\n<li><strong>Kesto:<\/strong> Kurssi kest\u00e4\u00e4 2-3 p\u00e4iv\u00e4\u00e4, sis\u00e4lt\u00e4en 4 sukellusta ja kattavat teoriatunnit.<\/li>\n<\/ul>\n<h3><strong>\ud83c\udf0a Kattavat sukellustunnit Teneriffalla<\/strong><\/h3>\n<ul>\n<li><strong>Koulutus:<\/strong> Opi sukeltamaan korkeasti koulutetun PADI-kouluttajan kanssa ja sukella enint\u00e4\u00e4n 18 metrin syvyyteen asti. Koe vedenalainen maailma ennenn\u00e4kem\u00e4tt\u00f6m\u00e4ll\u00e4 tavalla ja ymm\u00e4rr\u00e4 merivirtoja, meren el\u00e4m\u00e4\u00e4 ja vedenalaisia lakeja.<\/li>\n<li><strong>Lasten kurssi:<\/strong> Nuoret 10-14-vuotiaat sukeltajat voivat my\u00f6s hankkia Junior PADI Open Water -sertifikaatin sukelluksilla 12 metriin asti.<\/li>\n<li>T\u00e4ydellinen varustelu sis\u00e4ltyy.<\/li>\n<\/ul>\n<h3><strong>\ud83d\udc22 Sukellusolosuhteet Teneriffalla<\/strong><\/h3>\n<ul>\n<li><strong>Veden l\u00e4mp\u00f6tila:<\/strong> Nauti miellytt\u00e4vist\u00e4 sukellusolosuhteista ymp\u00e4ri vuoden, sill\u00e4 l\u00e4mp\u00f6tila vaihtelee 18-25 \u00b0C:n v\u00e4lill\u00e4.<\/li>\n<li><strong>N\u00e4kyvyys:<\/strong> Koe kirkas vedenalainen n\u00e4kyvyys 15-30 metrin syvyydess\u00e4, mik\u00e4 on ihanteellinen paikka n\u00e4hd\u00e4 erilaisia merenel\u00e4vi\u00e4, kuten rauskuja, kilpikonnia, mustekaloja ja paljon muuta.<\/li>\n<li><strong>K\u00e4tev\u00e4 sijainti:<\/strong> Sukelluskoulu sijaitsee Los Cristianosissa, josta on helppo p\u00e4\u00e4sy huippusukelluskohteisiin ja josta on mahdollista noutaa sinut Teneriffan etel\u00e4osiin.<\/li>\n<\/ul>\n<h3><strong>\u2705 Mit\u00e4 PADI-kurssi Teneriffalla sis\u00e4lt\u00e4\u00e4?<\/strong><\/h3>\n<ul>\n<li>Valinnainen nouto- ja palautuspalvelu.<\/li>\n<li>Kokeneiden ohjaajien opastamat sukellustunnit.<\/li>\n<li>Kaapit henkil\u00f6kohtaisille tavaroille.<\/li>\n<li>20-45 minuuttia sukellusaikaa istuntoa kohden.<\/li>\n<li>Monikieliset oppaat antavat selke\u00e4t ohjeet.<\/li>\n<\/ul>\n<h3><strong>\u2696\ufe0f Varaus- ja peruutusehdot sukellukselle Teneriffalla.<\/strong><\/h3>\n<ul>\n<li><strong>Joustavat peruutukset:<\/strong> Peruuta viimeist\u00e4\u00e4n 48 tuntia ennen sukellusta ja saat t\u00e4yden hyvityksen. Ymm\u00e4rr\u00e4mme, ett\u00e4 suunnitelmat voivat muuttua.<\/li>\n<li><strong>S\u00e4\u00e4st\u00e4 riippuvainen:<\/strong> Huonon s\u00e4\u00e4n sattuessa voit siirt\u00e4\u00e4 aikataulusi tai saada t\u00e4yden hyvityksen. Ilmoitamme sinulle v\u00e4hint\u00e4\u00e4n tuntia etuk\u00e4teen.<\/li>\n<li><strong>L\u00e4\u00e4ketieteelliset vaatimukset:<\/strong> Ennen sukellusta on t\u00e4ytett\u00e4v\u00e4 l\u00e4\u00e4ketieteellinen lomake, jolla varmistetaan, ett\u00e4 olet sukelluskunnossa.<\/li>\n<\/ul>\n<h3><strong>\ud83c\udf92 Sukellusseikkailun valmistelu<\/strong><\/h3>\n<ul>\n<li><strong>Mit\u00e4 ottaa mukaan:<\/strong> Uimapuku, varvassandaalit, pyyhe ja CanaryVIP-lippu (joko tulostettuna tai puhelimessa).<\/li>\n<li><strong>Terveys ja turvallisuus:<\/strong> Sukellusta ei suositella yli 5 kuukautta raskaana oleville. Osallistujien tulee viihty\u00e4 vedess\u00e4 ja osata uida.<\/li>\n<li><strong>Varusteet:<\/strong> Kaikki tarvittavat sukellusvarusteet tarjotaan. Omien varusteiden tuominen voi lis\u00e4t\u00e4 mukavuuttasi.<\/li>\n<\/ul>\n<h3>\u2753 <strong>Usein kysytyt kysymykset: Vastaukset sukelluskysymyksiin<\/strong><\/h3>\n<ul>\n<li><strong>Tarvitsenko aiempaa sukelluskokemusta?<\/strong> Ei, kurssimme on suunniteltu aloittelijoille. Ole vain valmis j\u00e4nnitt\u00e4v\u00e4\u00e4n vedenalaiseen seikkailuun.<\/li>\n<li><strong>Mit\u00e4 minun pit\u00e4isi pukea p\u00e4\u00e4lleni?<\/strong> Tarjoamme kaikki tarvittavat turvallisuus- ja sukellusvarusteet.<\/li>\n<li><strong>Onko ik\u00e4rajoituksia?<\/strong> Sopii 10-vuotiaille ja sit\u00e4 vanhemmille. 10-14-vuotiaat lapset voivat ilmoittautua Junior Open Water -kurssille.<\/li>\n<li><strong>Ent\u00e4 jos en n\u00e4e kilpikonnia tai rauskuja?<\/strong> Havaintoja tehd\u00e4\u00e4n usein, mutta niit\u00e4 ei voida taata, sill\u00e4 ne riippuvat luonnosta.<\/li>\n<\/ul>\n<h3><strong>\ud83d\udcc5 Kurssin tiedot<\/strong><\/h3>\n<ul>\n<li><strong>Kesto:<\/strong> Kurssi kest\u00e4\u00e4 2-3 p\u00e4iv\u00e4\u00e4, sis\u00e4lt\u00e4\u00e4 4 sukellusta ja teoriatunteja.<\/li>\n<li><strong>V\u00e4himm\u00e4isik\u00e4:<\/strong> 10 vuotta. Junior-sukeltajat (10-14-vuotiaat) saavat sukellussertifikaatin 12 metriin asti.<\/li>\n<li><strong>Sertifiointi:<\/strong> Kun olet suorittanut kurssin, saat PADI Open Water Diver -sertifikaatin, jonka avulla voit sukeltaa 18 metriin asti miss\u00e4 tahansa p\u00e4in maailmaa, aina parin kanssa.<\/li>\n<li><strong>Kurssin rakenne:<\/strong>\n<ul>\n<li><strong>Teoria:<\/strong> Opi varusteista, turvallisuudesta ja vedenalaisesta navigoinnista, jotka voit suorittaa verkossa ennen kurssin alkua.<\/li>\n<li><strong>K\u00e4yt\u00e4nn\u00f6n harjoitukset:<\/strong> Hanki varmuutta laitteiden kanssa vedenalaisten ja pinnanalaisten harjoitusten avulla.<\/li>\n<li><strong>Sukellukset:<\/strong> Suorita 4 sukellusta - 2 12 metriin ja 2 18 metriin, harjoitellen teoriassa ja k\u00e4yt\u00e4nn\u00f6n harjoituksissa opittuja taitoja.<\/li>\n<\/ul>\n<\/li>\n<li><strong>Varusteet:<\/strong> Kaikki tarvittavat varusteet sis\u00e4ltyv\u00e4t kurssin hintaan.<\/li>\n<li><strong>Sertifiointi junioreille:<\/strong> 10-14-vuotiaat lapset saavat Junior Open Water Diver -sertifikaatin, joka mahdollistaa sukellukset 12 metriin asti.<\/li>\n<\/ul>\n<h4><strong>\ud83c\udf1e Oletko valmis sukeltamaan?<\/strong><\/h4>\n<p>L\u00e4hde unohtumattomalle PADI:n <a href=\"https:\/\/canaryvip.com\/fi\/shop\/scuba-diving-tenerife\/\">Sukellus<\/a> Avovesikurssi Teneriffalla. Sukellatpa sitten Los Cristianosista, tarkkailet kilpikonnia tai tutkit meren el\u00e4v\u00e4\u00e4 el\u00e4m\u00e4\u00e4, seikkailusi CanaryVIP:n kanssa lupaa j\u00e4nnityst\u00e4 ja pysyvi\u00e4 muistoja.<\/p>\n<p>Varaa paikkasi t\u00e4n\u00e4\u00e4n ja sukella meren ihmeisiin CanaryVIP:n kanssa! \ud83e\udd3f\ud83d\udc22\ud83c\udf0a<\/p>","protected":false},"excerpt":{"rendered":"<p><strong>\ud83d\udd0d PADI-kurssi Teneriffalla:<\/strong><br \/>\n\u2705 Turvallinen maksu.<br \/>\n\ud83c\udfab Hanki PADI-todistus.<br \/>\n\ud83d\udc20 Meriel\u00e4inhavaintoja.<br \/>\n\ud83d\ude80 2-3 p\u00e4iv\u00e4\u00e4 Kurssin kesto.<br \/>\n\ud83e\udd3f Tarjolla olevat laitteet.<br \/>\n\ud83d\udd59 Aamul\u00e4ht\u00f6.<br \/>\n\ud83d\udcc5 Saatavilla p\u00e4ivitt\u00e4in.<br \/>\n\ud83d\ude0e Sukelluskokemusta ei tarvita.<br \/>\n\ud83c\udfca\ud83c\udffc Perusuinti vaaditaan.<br \/>\n\ud83e\udd11 Paras hinta taattu.<br \/>\n\ud83d\ude8d Valinnainen kuljetuspalvelu.<br \/>\n\ud83d\udc6a Ryhm\u00e4alennukset.<br \/>\n\ud83d\udd01 48 Peruutusehdot.<br \/>\n\ud83c\udf0d Englanninkieliset ja espanjankieliset oppaat.<br \/>\n\ud83c\udf1f Varaa ajoissa ja s\u00e4\u00e4st\u00e4.<br \/>\n\ud83d\udccd L\u00e4ht\u00f6\u00a0<a href=\"https:\/\/maps.app.goo.gl\/g9c9rZaJv7igjr3t8\">Los Cristianos<\/a>.<\/p>","protected":false},"featured_media":11503,"comment_status":"open","ping_status":"closed","template":"","meta":{"_acf_changed":false},"product_brand":[],"product_cat":[53],"product_tag":[],"class_list":{"0":"post-11493","1":"product","2":"type-product","3":"status-publish","4":"has-post-thumbnail","6":"product_cat-water-sports","7":"wcpa_has_options","9":"first","10":"instock","11":"virtual","12":"purchasable","13":"product-type-simple"},"acf":[],"wcpa_form_fields":{"wcpaData":{"product":{"product_price":370,"price_html":"From&nbsp;<span class=\"woocommerce-Price-amount amount\"><bdi>370,00&nbsp;<span class=\"woocommerce-Price-currencySymbol\">&euro;<\/span><\/bdi><\/span>","original_product_price":370,"price_including_tax":370,"price_excluding_tax":370,"product_id":{"parent":11493,"variation":false},"is_variable":false,"stock_status":"instock","stock_quantity":null,"parent_sku":"CV11493","product_attributes":[],"custom_fields":[],"is_taxable":false,"product_name":"PADI Scuba Diving: Open Water Course Tenerife","hasImage":false},"fields":{"sec_46644afc54864b":{"extra":{"key":"sec_46644afc54864b","section_id":"sec_46644afc54864b","name":"Default","status":1,"cl_rule":"show","enableCl":false,"relations":[],"toggle":true,"title_tag":"h3","show_title":false,"showPrice":"default","form_id":11507,"form_rules":{"exclude_from_discount":true,"fee_label":"Fee","disp_hide_options_price":true,"disp_show_section_price":false,"disp_show_field_price":true,"layout_option":"standard","pric_use_as_fee":false,"process_fee_as":"woo_fee"},"layout_option":"standard"},"fields":[[{"label":"\ud83d\udcc5 Date","active":true,"required":true,"elementId":"date_96644afc54866b","picker_type":"custom","picker_mode":"single","placeholder":"","description":"","tooltip":"","name":"date_96644afc54866b","label_position":"default","desc_position":"default","enablePrice":false,"className":"","enableCl":false,"relations":[{"operator":"and","rules":[{"operator":"AND","rules":{"cl_field":"radio-group_4664295c2b9c39","cl_relation":"is","cl_val":"3 Hour Trip"}}]}],"date_pic_inline":true,"date_pic_inline_hide":true,"min_date":{"type":"days","val":"1"},"max_date":{"type":"days","val":"365"},"date_pic_conf":{"disabledWeeks":[]},"price":"","cl_rule":"show","col":6,"type":"date","error":false,"enableDesign":false,"LabelColor":"","gt_translate_keys":["label","placeholder","description","tooltip"],"price_dependency":false,"cl_dependency":false,"value":""}],[{"active":true,"col":6,"relations":false,"cl_rule":"show","enableCl":false,"price":"","enablePrice":false,"className":"","label_position":"default","desc_position":"default","type":"separator","required":false,"elementId":"separator_76644afc54867a","label":"Separator Field","height":"2","separatorType":"blank","error":false,"gt_translate_keys":["label"],"price_dependency":false,"cl_dependency":false,"value":""}]]},"sec_06644afc54875a":{"extra":{"key":"sec_06644afc54875a","section_id":"sec_06644afc54875a","name":"Dive with a License","status":1,"cl_rule":"show","enableCl":false,"relations":[{"operator":false,"rules":[{"operator":"AND","rules":{"cl_field":"radio-group_26644afc548687","cl_relation":"is","cl_val":"Dive with a License"}}]}],"toggle":true,"title_tag":"h4","show_title":false,"showPrice":"default","form_id":11507,"form_rules":{"exclude_from_discount":true,"fee_label":"Fee","disp_hide_options_price":true,"disp_show_section_price":false,"disp_show_field_price":true,"layout_option":"standard","pric_use_as_fee":false,"process_fee_as":"woo_fee"},"layout_option":"standard"},"fields":[[{"contentType":"rich","active":true,"label":"","elementId":"content_46644afc54876d","value":"<p>\ud83c\udf9f\ufe0f <strong>Reservation<\/strong>: Pay only a deposit now to reserve; the rest is due on the day of the activity upon arrival.<\/p>","inline":true,"show_in_checkout":true,"name":"content_46644afc54876d","enablePrice":false,"className":"","subtype":"div","enableCl":false,"relations":false,"price":"","cl_rule":"show","col":6,"type":"content","gt_translate_keys":["label","value"],"price_dependency":false,"cl_dependency":false}],[{"active":true,"col":6,"relations":false,"cl_rule":"show","enableCl":false,"price":"","enablePrice":true,"className":"","label_position":"default","desc_position":"default","type":"select","required":false,"elementId":"select_96644afc548776","label":"\ud83e\udeaa PADI Open Water Course","name":"select_96644afc548776","values":[{"label":"1 Person (370\u20ac)","value":"1","selected":false,"tempId":"aco_6352","price":"370","gt_translate_keys":["label"]},{"label":"2 People (740\u20ac)","value":"2","selected":false,"tempId":"aco_6353","price":"740","gt_translate_keys":["label"]},{"label":"3 People (1.110\u20ac)","value":"3","selected":false,"tempId":"aco_6354","price":"1110","gt_translate_keys":["label"]},{"label":"4 People (1.480\u20ac)","value":"4","selected":false,"tempId":"aco_922","price":"1480","gt_translate_keys":["label"]}],"dropdown_type":"basic","error":false,"priceOptions":"different_for_all","pricingType":"fixed","placeholder":"Select Amount of People","is_show_price":true,"gt_translate_keys":["label","placeholder"],"price_dependency":["content_106644afc548789","content_46644afc548793","content_76644afc54879c"],"cl_dependency":false,"value":""}],[{"elementId":"separator_106644afc548780","separatorType":"fill","separatorColor":"#66a6b6","className":"","height":"6","enableCl":false,"relations":false,"cl_rule":"show","col":6,"type":"separator","gt_translate_keys":[],"price_dependency":false,"cl_dependency":false,"value":""}],[{"contentType":"plain","active":true,"label":"Deposit Now","elementId":"content_106644afc548789","value":"","inline":true,"show_in_checkout":true,"name":"content_106644afc548789","enablePrice":true,"className":"","fee_label":"","subtype":"div","enableCl":false,"relations":false,"scrollBar":false,"enableDesign":true,"LabelColor":"","LabelSize":"14px","pricingType":"custom","isTemplate":false,"price":"{field.select_96644afc548776.price}*0.1581081","use_as_fee":false,"is_show_price":false,"cl_rule":"show","col":6,"type":"content","error":false,"formulaId":"fmla_1715641843927697789","gt_translate_keys":["label","value"],"price_dependency":false,"cl_dependency":false}],[{"contentType":"plain","active":true,"label":"Payment at Arrival","elementId":"content_46644afc548793","value":"","inline":true,"show_in_checkout":true,"name":"content_46644afc548793","enablePrice":true,"className":"","fee_label":"","subtype":"div","enableCl":false,"relations":[{"operator":false,"rules":[{"operator":"AND","rules":{"cl_field":"content_86644afc5486bd","cl_relation":"is_not_empty","cl_val":""}}]}],"scrollBar":false,"enableDesign":true,"LabelColor":"","LabelSize":"14px","pricingType":"custom","isTemplate":false,"price":"{field.select_96644afc548776.price}*0.8418919","use_as_fee":false,"is_show_price":true,"cl_rule":"disable","col":6,"type":"content","error":false,"formulaId":"fmla_1715642020961697970","gt_translate_keys":["label","value"],"price_dependency":false,"cl_dependency":false}],[{"contentType":"plain","active":true,"label":"Total Amount","elementId":"content_76644afc54879c","value":"","inline":true,"show_in_checkout":true,"name":"content_76644afc54879c","enablePrice":true,"className":"","fee_label":"","subtype":"div","enableCl":false,"relations":[{"operator":false,"rules":[{"operator":"AND","rules":{"cl_field":"content_86644afc5486bd","cl_relation":"is_not_empty","cl_val":""}}]}],"scrollBar":false,"enableDesign":true,"LabelColor":"","LabelSize":"14px","pricingType":"custom","isTemplate":false,"price":"{field.select_96644afc548776.price}","use_as_fee":false,"is_show_price":true,"cl_rule":"disable","col":6,"type":"content","error":false,"gt_translate_keys":["label","value"],"price_dependency":false,"cl_dependency":false}]]},"sec_16644afc54879d":{"extra":{"key":"sec_16644afc54879d","section_id":"sec_16644afc54879d","name":"Pickup Location","status":1,"cl_rule":"show","enableCl":false,"relations":[],"toggle":true,"title_tag":"h4","show_title":false,"showPrice":"default","form_id":11507,"form_rules":{"exclude_from_discount":true,"fee_label":"Fee","disp_hide_options_price":true,"disp_show_section_price":false,"disp_show_field_price":true,"layout_option":"standard","pric_use_as_fee":false,"process_fee_as":"woo_fee"},"layout_option":"standard"},"fields":[[{"active":true,"col":6,"relations":[{"operator":false,"rules":[{"operator":"AND","rules":{"cl_field":"radio-group_4664295c2b9c39","cl_relation":"is","cl_val":"3 Hour Trip"}}]}],"cl_rule":"show","enableCl":false,"price":"","enablePrice":false,"className":"","label_position":"default","desc_position":"default","type":"select","required":true,"elementId":"select_106644afc5487a6","label":"\u23f0 Departure Time","name":"select_106644afc5487a6","values":[{"label":"9:00 AM","value":"9:00","selected":true,"tempId":"aco_1450","gt_translate_keys":["label"]}],"dropdown_type":"basic","error":false,"placeholder":"","gt_translate_keys":["label","placeholder"],"price_dependency":false,"cl_dependency":false,"value":""}],[{"active":true,"col":6,"relations":false,"cl_rule":"show","enableCl":false,"price":"","enablePrice":false,"className":"","label_position":"default","desc_position":"default","type":"separator","required":false,"elementId":"separator_46644afc5487b0","label":"Separator Field","height":"1","separatorType":"blank","error":false,"gt_translate_keys":["label"],"price_dependency":false,"cl_dependency":false,"value":""}],[{"active":true,"col":6,"relations":[{"operator":false,"rules":[{"operator":false,"rules":{"cl_field":"radio-group_4664295c2b9c39","cl_relation":"is_not","cl_val":"4.5 Hour Trip from North Tenerife"}}]}],"cl_rule":"show","enableCl":false,"price":"","enablePrice":false,"className":"","label_position":"default","desc_position":"default","type":"text","subtype":"text","required":false,"elementId":"text_66644afc5487b9","label":"\ud83d\ude8c Pickup Location","name":"text_66644afc5487b9","value":"","error":false,"description":"Pick-up service in Tenerife South available for an extra 2\u20ac per person, to be paid on arrival. Please provide your address or hotel name to book the shuttle service; if not needed, leave it blank. | For Callao Salvaje and Palm-Mar, the extra cost is 4\u20ac per person | El M\u00e9dano: 15\u20ac per car | Golf del Sur: 10\u20ac per car.","repeater":false,"repeater_field_label":"{field_label}","repeater_bind":"","gt_translate_keys":["label","description","value","repeater_field_label"],"price_dependency":false,"cl_dependency":false}]]}},"config":{"price_override":"always","enable_recaptcha":false,"bind_quantity":false,"quantity_bind_formula":false,"disp_summ_show_option_price":true,"disp_summ_show_product_price":false,"disp_summ_show_total_price":false,"disp_summ_show_fee":true,"disp_summ_show_discount":true,"summary_title":"","options_total_label":"Options Price","total_label":"Deposit Amount","options_product_label":"Product Price","fee_label":"Fee","discount_label":"Discount","has_price":true,"has_quantity_formula":false},"mc_unit":1,"tax_rate":1,"tax_rate_real":1,"discount":{"percentage":0,"fixed":0},"design":{"conf":{"LabelPosition":"above","DescPosition":"above","UploadField":"custom_1","QuantityFieldStyle":"custom_1"},"css":{"LeftLabelWidth":"120px"}},"formulas":{"fmla_1715641843927697789":"(({field.select_5483136313.value}>=3)?(24):(({field.select_5483136313.value}>=2)?(38):(({field.select_5483136313.value}>=1)?(52):(0))))","fmla_1715642020961697970":"(({field.select_5483136313.value}>=3)?(56):(({field.select_5483136313.value}>=2)?(112):(({field.select_5483136313.value}>=1)?(168):(0))))"},"lookuptables":[],"clones":false,"cartKey":false}},"_links":{"self":[{"href":"https:\/\/canaryvip.com\/fi\/wp-json\/wp\/v2\/product\/11493","targetHints":{"allow":["GET"]}}],"collection":[{"href":"https:\/\/canaryvip.com\/fi\/wp-json\/wp\/v2\/product"}],"about":[{"href":"https:\/\/canaryvip.com\/fi\/wp-json\/wp\/v2\/types\/product"}],"replies":[{"embeddable":true,"href":"https:\/\/canaryvip.com\/fi\/wp-json\/wp\/v2\/comments?post=11493"}],"wp:featuredmedia":[{"embeddable":true,"href":"https:\/\/canaryvip.com\/fi\/wp-json\/wp\/v2\/media\/11503"}],"wp:attachment":[{"href":"https:\/\/canaryvip.com\/fi\/wp-json\/wp\/v2\/media?parent=11493"}],"wp:term":[{"taxonomy":"product_brand","embeddable":true,"href":"https:\/\/canaryvip.com\/fi\/wp-json\/wp\/v2\/product_brand?post=11493"},{"taxonomy":"product_cat","embeddable":true,"href":"https:\/\/canaryvip.com\/fi\/wp-json\/wp\/v2\/product_cat?post=11493"},{"taxonomy":"product_tag","embeddable":true,"href":"https:\/\/canaryvip.com\/fi\/wp-json\/wp\/v2\/product_tag?post=11493"}],"curies":[{"name":"wp","href":"https:\/\/api.w.org\/{rel}","templated":true}]}}