{"id":11456,"date":"2024-05-12T23:05:18","date_gmt":"2024-05-12T22:05:18","guid":{"rendered":"https:\/\/canaryvip.com\/?post_type=product&#038;p=11456"},"modified":"2026-03-05T17:06:36","modified_gmt":"2026-03-05T17:06:36","slug":"party-boat-tenerife","status":"publish","type":"product","link":"https:\/\/canaryvip.com\/fi\/shop\/party-boat-tenerife\/","title":{"rendered":"Utopia Boat Party Teneriffalla"},"content":{"rendered":"<h2>\ud83c\udf89 Juhlavene Teneriffalla CanaryVIP:n kanssa<\/h2>\n<p><strong>Koe unohtumatonta hauskanpitoa CanaryVIP:n kanssa:<\/strong> Sukella poikkeukselliseen seikkailuun Party Boat Teneriffan lipuillamme. T\u00e4m\u00e4 Puerto Col\u00f3nista alkava riemastuttava matka tarjoaa eloisaa musiikkia, upeaa auringonpaistetta ja kosmopoliittista v\u00e4ke\u00e4.<\/p>\n<p><strong>CanaryVIP<\/strong> CanaryVIP tarjoaa lippuja Teneriffan j\u00e4nnitt\u00e4vimpiin laivajuhliin ja lupaa ainutlaatuisen ja unohtumattoman kokemuksen, jossa yhdistyv\u00e4t j\u00e4nnitt\u00e4v\u00e4 ennakkojuhla, energinen laivamatka ja j\u00e4nnitt\u00e4v\u00e4 j\u00e4lkijuhla.<\/p>\n<p><strong>Perimm\u00e4inen juhlakokemus:<\/strong>\u00a0: Tule mukaan t\u00e4h\u00e4n ainutlaatuiseen juhlaan. Huomattava sekoitus Housea, RnB:t\u00e4, Hip Hopia, DnB:t\u00e4, EDM:\u00e4\u00e4 ja Reggaetonia, kaikki huippuluokan \u00e4\u00e4nentoistoj\u00e4rjestelm\u00e4n voimin. Ammattitaitoiset DJ:t ja MC:t takaavat taukoamattoman viihteen, mik\u00e4 tekee t\u00e4st\u00e4 Teneriffan t\u00e4ydellisen juhlakokemuksen.<\/p>\n<h3>\ud83c\udf9f\ufe0f Lippuvaihtoehdot<\/h3>\n<p>Kaikkiin lippuihin sis\u00e4ltyy p\u00e4\u00e4sy legendaarisiin 3 tunnin venebileisiin, joissa on House-, RnB-, Hip Hop-, DnB-, EDM- ja Reggaeton-musiikkia huippu-DJ:lt\u00e4 ja MC:lt\u00e4, massiivinen 15 000 watin Utopia-\u00e4\u00e4nentoistoj\u00e4rjestelm\u00e4 ja ilmaiset ammattilaisvalokuvat verkossa. Valitse seuraavista lippuvaihtoehdoista:<\/p>\n<ul>\n<li><strong>Peruslippu:<\/strong> Sis\u00e4lt\u00e4\u00e4 4 juomaa paikallisista v\u00e4kevist\u00e4 alkoholijuomista (rommi, viski, gini, vodka, kookoslik\u00f6\u00f6ri, amaretto), Victoria M\u00e1laga -olutta tai virvoitusjuomia (cola, appelsiini, sitruuna, sprite).<\/li>\n<li><strong>Tavallinen avoimen baarin lippu:<\/strong> Sis\u00e4lt\u00e4\u00e4 rajattoman 3 tunnin avoimen baarin, jossa on paikallista olutta, v\u00e4kevi\u00e4 alkoholijuomia ja sekoittajia.<\/li>\n<li><strong>Premium-juomalippu:<\/strong> Sis\u00e4lt\u00e4\u00e4 rajattomasti ensiluokkaisia merkkituotteita, kuten Absolut Vodkaa, Bacardia, Havannaa, Beefeater Gini\u00e4 (tavallista ja vaaleanpunaista), Disaronnoa, Malibua, Jim Beamia, Ballantine's-viski\u00e4 sek\u00e4 Red Bullia ja ensiluokkaisia sekoittajia.<\/li>\n<li><strong>VIP-lippu:<\/strong> Sis\u00e4lt\u00e4\u00e4 kaikki Premium-edut sek\u00e4 etuoikeutetun lennolle p\u00e4\u00e4syn ja yksinoikeudella p\u00e4\u00e4syn yksityiselle VIP-alueelle ja omaan baariin laivalla.<\/li>\n<\/ul>\n<h3>\u2728 Juhlavene Teneriffalla Yksityiskohdat<\/h3>\n<p><strong>Kattava juhlapaketti:<\/strong> Matkasi alkaa vilkkaalla ennakkojuhlalla osoitteessa <a href=\"https:\/\/maps.app.goo.gl\/Vt7HqjMeKHLczpy69\" target=\"_blank\" rel=\"noopener\">Black Pearl -palkki,<\/a> jossa voit nauttia ilmaisen juoman ja tavata muita juhlijoita. P\u00e4\u00e4tapahtuma on <strong>3 tunnin risteily<\/strong> aluksella <strong>Utopia-juhlavene,<\/strong>\u00a0Tapahtumassa on avoin baari ja dynaaminen musiikkikohtaus, ja sen j\u00e4lkeen Black Pearl -baarissa j\u00e4rjestet\u00e4\u00e4n j\u00e4lkijuhlat, joissa on eksklusiivisia tarjouksia.<\/p>\n<p><strong>Inclusive for All:<\/strong> T\u00e4m\u00e4 aktiviteetti sopii kaikille juhlien harrastajille ja takaa tasapainoisen sekoituksen hauskanpitoa, musiikkia ja sosiaalista kanssak\u00e4ymist\u00e4. Se on paras valinta niille, jotka etsiv\u00e4t eloisaa ja ikimuistoista juhlia. <a href=\"https:\/\/canaryvip.com\/fi\/tenerife\/boat-excursions\/\">venekierroksen kokemus.<\/a><\/p>\n<h3>\ud83c\udf0a Mit\u00e4 odottaa Teneriffan venekutsuilla Seikkailussa<\/h3>\n<ul>\n<li><strong>J\u00e4nnitt\u00e4v\u00e4\u00e4 musiikkia ja viihdett\u00e4:<\/strong>\u00a0: Tanssi Housen, RnB:n, Hip Hopin, DnB:n, EDM:n ja Reggaetonin tahtiin t\u00e4ll\u00e4 t\u00e4ysin varustetulla Teneriffan juhlaveneell\u00e4.<\/li>\n<li><strong>Avoin baari:<\/strong>\u00a0: Nauti 3 tunnin avoimesta baarista, jossa on valikoima olutta, paikallisia v\u00e4kevi\u00e4 alkoholijuomia ja sekoittajia Teneriffan juhlaveneen matkan aikana.<\/li>\n<li><strong>Mukavuus ja mukavuudet:<\/strong>\u00a0: Rentoudu mukavissa istuimissa, puhtaissa tiloissa ja vilkkaassa ilmapiiriss\u00e4.<\/li>\n<li><strong>Maisemallinen kauneus: <\/strong>: Nauti upeista n\u00e4kymist\u00e4 Teneriffan rannikolle, kun juhlit aalloilla.<\/li>\n<li><strong>Turvallisuus etusijalla: <\/strong>: Miehist\u00f6 asettaa turvallisuutesi etusijalle selkeill\u00e4 ohjeilla ja monikielisell\u00e4 tuella.<\/li>\n<\/ul>\n<h3>\ud83d\udee5\ufe0f Juhlaveneen Teneriffan seikkailuun valmistautuminen<\/h3>\n<p>Varmista sujuva kokemus ottamalla mukaan uima-asut, aurinkovoide sek\u00e4 <strong>CanaryVIP<\/strong> lippu, joko digitaalisesti tai painettuna. Suosittelemme aterioimaan etuk\u00e4teen ja v\u00e4ltt\u00e4m\u00e4\u00e4n alkoholia merisairauden riskin v\u00e4hent\u00e4miseksi. Harkitse matkapahoinvointitabletin ottamista ennen l\u00e4ht\u00f6\u00e4, jotta matka sujuu mukavasti.<\/p>\n<h3>\ud83d\udea4 Juhlavene Teneriffalla: Teneriffa: Ultimate Celebration<\/h3>\n<p>Valitse CanaryVIP <strong>Juhlavene Teneriffalla<\/strong> lippuja, jotka tarjoavat ly\u00f6m\u00e4t\u00f6nt\u00e4 arvoa ja poikkeuksellista palvelua.<br \/>\nLiity meihin ja koe parhaat venejuhlat:<\/p>\n<ul>\n<li><strong>Paras hinta taattu:<\/strong> Nauti kilpailukykyisest\u00e4 hinnoittelusta unohtumattomalle juhlaveneen Teneriffan kokemukselle.<\/li>\n<li><strong>Ryhm\u00e4alennukset:<\/strong> S\u00e4\u00e4st\u00e4 viel\u00e4 enemm\u00e4n Teneriffan juhlaveneemme ryhmille suunnatuilla erikoishinnoilla.<\/li>\n<li><strong>Ennakkovaraukset:<\/strong> Varmistakaa paikkanne ajoissa, jotta ette j\u00e4\u00e4 paitsi t\u00e4st\u00e4 Teneriffan eksklusiivisesta juhlaveneest\u00e4!<\/li>\n<li><strong>Joustavat peruutusehdot:<\/strong> Hy\u00f6dy asiakasyst\u00e4v\u00e4llisist\u00e4 peruutusehdoistamme.<\/li>\n<li><strong>Luotettu operaattori:<\/strong> Kanariansaarten johtavana lippujen tarjoajana, <strong>CanaryVIP<\/strong> on Teneriffan juhlaveneiden harrastajien ensisijainen valinta.<\/li>\n<\/ul>\n<h3>\ud83d\ude99 Kokouspaikka ja pys\u00e4k\u00f6inti<\/h3>\n<p><strong>Liity seuraamme Puerto Col\u00f3nissa:<\/strong> Tavataan Black Pearl Barissa Teneriffan juhlavene-seikkailua varten. Saavu paikalle v\u00e4hint\u00e4\u00e4n 15 minuuttia ennen l\u00e4ht\u00f6\u00e4, jotta laivaan nousu sujuisi ongelmitta. Satamassa on runsaasti pys\u00e4k\u00f6intitilaa, joten Teneriffan juhlaveneeseemme liittyminen on k\u00e4tev\u00e4\u00e4.<\/p>\n<h3>\ud83c\udf1f CanaryVIP:n ehdot ja edellytykset<\/h3>\n<p>Nauti mielenrauhasta kattavien vakuutustemme avulla seikkailujasi varten. Seuraavat asiat sinun on tiedett\u00e4v\u00e4:<\/p>\n<ul>\n<li><strong>S\u00e4\u00e4n varautumissuunnitelmat:<\/strong> Vaarallisten s\u00e4\u00e4olosuhteiden sattuessa on mahdollista siirt\u00e4\u00e4 aikataulua tai saada t\u00e4ysi korvaus.<\/li>\n<li><strong>Joustavat peruutusehdot:<\/strong>\n<ul>\n<li>Yksitt\u00e4isten varausten ilmainen peruutus tai uudelleenj\u00e4rjestely enint\u00e4\u00e4n 7 p\u00e4iv\u00e4\u00e4 etuk\u00e4teen.<\/li>\n<li>Yli 10 hengen ryhmille ilmainen peruutus enint\u00e4\u00e4n 12 p\u00e4iv\u00e4\u00e4 ennen tapahtumaa.<\/li>\n<li>Yli 20 hengen ryhmille maksuton peruutus enint\u00e4\u00e4n 16 p\u00e4iv\u00e4\u00e4 ennen tapahtumaa.<\/li>\n<li>Sinun t\u00e4ytyy <a href=\"https:\/\/canaryvip.com\/fi\/contact\/\">Ota yhteytt\u00e4<\/a> peruutuspyynt\u00f6j\u00e4 varten.<\/li>\n<\/ul>\n<\/li>\n<li><strong>N\u00e4kem\u00e4tt\u00e4 j\u00e4tt\u00e4minen ja my\u00f6h\u00e4inen saapuminen:<\/strong> Palautuksia ei makseta, jos et saavu paikalle tai saavut my\u00f6h\u00e4ss\u00e4. Varmista, ett\u00e4 saavut ajoissa, sill\u00e4 laivajuhlat ovat yleens\u00e4 t\u00e4ynn\u00e4.<\/li>\n<li><strong>K\u00e4ytt\u00e4ytyminen aluksella:<\/strong> Vieraiden odotetaan yll\u00e4pit\u00e4v\u00e4n hauskaa ja turvallista ymp\u00e4rist\u00f6\u00e4. V\u00e4\u00e4rink\u00e4yt\u00f6kset voivat johtaa veneest\u00e4 poistamiseen ilman hyvityst\u00e4.<\/li>\n<li><strong>Merisairaus ja matkasuunnitelman muutokset:<\/strong> Jos merisairautta ilmenee ja matkasuunnitelmaa on muutettava, rahoja ei palauteta.<\/li>\n<li><strong>Valitukset:<\/strong> Mahdolliset ongelmat on k\u00e4sitelt\u00e4v\u00e4 veneen henkil\u00f6kunnan kanssa tapahtumap\u00e4iv\u00e4n\u00e4, sill\u00e4 CanaryVIP:n henkil\u00f6kunta ei ole paikalla veneess\u00e4.<\/li>\n<\/ul>\n<p>Varaa nyt ja liity seuraamme unohtumattomiin juhliin Teneriffan aalloilla!<\/p>","protected":false},"excerpt":{"rendered":"<p><strong>\ud83d\udd0d Venejuhlat Teneriffalla:<\/strong><br \/>\n\u2705 Turvallinen maksu.<br \/>\n\ud83d\ude80 3h Party Boat Trip.<br \/>\n\ud83c\udf7b 3h OPEN BAR Sis\u00e4lt\u00e4\u00e4.<br \/>\n\ud83d\udcc6 Lauantaisin klo 12:30.<br \/>\n\ud83c\udfb6 DJ:t ja musiikki.<br \/>\n\ud83d\udeab VAIN +18 vuotta.<br \/>\n\ud83e\udd11 Paras hinta taattu.<br \/>\n\ud83c\udf1f Varaa nyt ja s\u00e4\u00e4st\u00e4!<br \/>\n\ud83d\udccd L\u00e4ht\u00f6\u00a0<a href=\"https:\/\/www.google.com\/maps\/place\/Puerto+Col%C3%B3n\/@28.0783432,-16.7368735,18.52z\/data=!4m6!3m5!1s0xc6a9743509c9ebf:0xd62345524f768247!8m2!3d28.0789928!4d-16.7359737!16s%2Fg%2F11c6cqryw_?entry=tts\">Puerto Colon<\/a>.<\/p>","protected":false},"featured_media":11461,"comment_status":"open","ping_status":"closed","template":"","meta":{"_acf_changed":false},"product_brand":[],"product_cat":[46],"product_tag":[],"class_list":{"0":"post-11456","1":"product","2":"type-product","3":"status-publish","4":"has-post-thumbnail","6":"product_cat-boat-excursions","7":"wcpa_has_options","9":"first","10":"instock","11":"sale","12":"virtual","13":"purchasable","14":"product-type-simple"},"acf":[],"wcpa_form_fields":{"wcpaData":{"product":{"product_price":70,"price_html":"From&nbsp;<del aria-hidden=\"true\"><span class=\"woocommerce-Price-amount amount\"><bdi>75,00&nbsp;<span class=\"woocommerce-Price-currencySymbol\">&euro;<\/span><\/bdi><\/span><\/del> <span class=\"screen-reader-text\">Alkuper\u00e4inen hinta oli: 75,00&nbsp;&euro;.<\/span><ins aria-hidden=\"true\"><span class=\"woocommerce-Price-amount amount\"><bdi>70,00&nbsp;<span class=\"woocommerce-Price-currencySymbol\">&euro;<\/span><\/bdi><\/span><\/ins><span class=\"screen-reader-text\">Nykyinen hinta on: 70,00&nbsp;&euro;.<\/span>","original_product_price":75,"price_including_tax":70,"price_excluding_tax":70,"product_id":{"parent":11456,"variation":false},"is_variable":false,"stock_status":"instock","stock_quantity":null,"parent_sku":"CV11456","product_attributes":[],"custom_fields":[],"is_taxable":false,"product_name":"Utopia Boat Party Tenerife","hasImage":false},"fields":{"sec_06641441f5ff23":{"extra":{"key":"sec_06641441f5ff23","section_id":"sec_06641441f5ff23","name":"Default","status":1,"cl_rule":"show","enableCl":false,"relations":[],"toggle":true,"title_tag":"h3","show_title":false,"showPrice":"default","form_id":11462,"form_rules":{"exclude_from_discount":true,"fee_label":"Fee","disp_hide_options_price":true,"disp_show_section_price":false,"disp_show_field_price":true,"layout_option":"standard","pric_use_as_fee":false,"process_fee_as":"woo_fee"},"layout_option":"standard"},"fields":[[{"active":true,"col":6,"relations":false,"cl_rule":"show","enableCl":false,"price":"","enablePrice":false,"className":"oferta-especial","label_position":"default","desc_position":"default","type":"content","required":false,"elementId":"content_1421636141","label":"","name":"content_1421636141","contentType":"rich","value":"<p><strong>\ud83d\udd25 Utopia Boat Party Limited Time Offer!<br>\n<\/strong>Exclusive 5% discount automatically applied at checkout.<\/p>","error":false,"isTemplate":false,"gt_translate_keys":["label","value"],"price_dependency":false,"cl_dependency":false}],[{"label":"\ud83d\udcc5 Date","active":true,"required":true,"elementId":"date_66641441f5ff41","picker_type":"custom","picker_mode":"single","placeholder":"","description":"","tooltip":"","name":"date_66641441f5ff41","label_position":"default","desc_position":"default","enablePrice":false,"className":"","enableCl":false,"relations":[{"operator":"and","rules":[{"operator":"AND","rules":{"cl_field":"radio-group_56641441f5ff51","cl_relation":"is_not_empty","cl_val":"3 Hour Trip"}}]}],"date_pic_inline":true,"date_pic_inline_hide":true,"min_date":{"type":"days","val":"1"},"max_date":"","date_pic_conf":{"disabledWeeks":[1,2,3,4,5,0],"disabledDates":["2024-05-19","2024-05-26","2025-04-06","2025-04-13","2025-04-16","2025-04-20","2025-04-27","2025-09-01 to 2025-09-30"]},"price":"","cl_rule":"show","col":6,"type":"date","error":false,"enableDesign":false,"LabelColor":"","isWeightTemplate":false,"isTemplate":false,"min_quantity":"1","quantity_decimal":false,"quantity_step":"1","quantity_label":"Quantity","repeater_field_label":"{field_label}","repeater_bind":"","gt_translate_keys":["label","placeholder","description","tooltip","repeater_field_label","quantity_label"],"price_dependency":false,"cl_dependency":false,"value":""}],[{"active":true,"col":6,"relations":[{"operator":false,"rules":[{"operator":"AND","rules":{"cl_field":"","cl_relation":"","cl_val":""}}]}],"cl_rule":"show","enableCl":true,"price":"70","enablePrice":true,"className":"","label_position":"default","desc_position":"below","type":"radio-group","required":false,"elementId":"radio-group_86641441f5ff75","label":"","name":"radio-group_86641441f5ff75","values":[{"label":"\ud83d\udfe2 Basic Ticket (70\u20ac)","value":"Basic Ticket","selected":true,"tempId":"aco_32","tooltip":"","description":"","gt_translate_keys":["label","tooltip","description"]}],"layOut":"","error":false,"checkUi":"button","priceOptions":"fixed_for_all","pricingType":"fixed","enable_quantity":true,"quantity_label":"","min_quantity":"0","options_tooltip":true,"options_description":true,"description":"Ideal for budget-friendly fun. Includes a drinks package with 4 beverages at a discounted price.","enableDesign":false,"gt_translate_keys":["label","description","quantity_label"],"price_dependency":false,"cl_dependency":false,"value":""}],[{"active":true,"col":6,"relations":false,"cl_rule":"show","enableCl":false,"price":"","enablePrice":false,"className":"","label_position":"default","desc_position":"default","type":"separator","required":false,"elementId":"separator_1097273251","label":"Separator Field","height":"3","separatorType":"fill","error":false,"separatorColor":"#4a90e2","gt_translate_keys":["label"],"price_dependency":false,"cl_dependency":false,"value":""}],[{"label":"","active":true,"required":false,"elementId":"radio-group-0169646210","description":"Open bar with unlimited beer, local spirits, and mixers. Perfect for music and drink lovers.","name":"radio-group-0169646210","label_position":"default","desc_position":"below","enablePrice":true,"className":"","enableCl":true,"relations":[{"operator":false,"rules":[{"operator":"AND","rules":{"cl_field":"","cl_relation":"","cl_val":""}}]}],"enableDesign":false,"enable_quantity":true,"quantity_label":"","min_quantity":"0","checkUi":"button","layOut":"","options_tooltip":true,"options_description":true,"values":[{"label":"\ud83c\udf9f\ufe0f Standard Ticket (90\u20ac)","value":"Standard Ticket","selected":true,"tempId":"aco_32","tooltip":"","description":"","gt_translate_keys":["label","tooltip","description"]}],"priceOptions":"fixed_for_all","pricingType":"fixed","price":"90","cl_rule":"show","col":6,"type":"radio-group","error":false,"gt_translate_keys":["label","description","quantity_label"],"price_dependency":false,"cl_dependency":false,"value":""}],[{"elementId":"separator-0973524418","separatorType":"fill","separatorColor":"#4a90e2","className":"","height":"3","enableCl":false,"relations":false,"cl_rule":"show","col":6,"type":"separator","gt_translate_keys":[],"price_dependency":false,"cl_dependency":false,"value":""}],[{"label":"","active":true,"required":false,"elementId":"radio-group_56641441f5ffa1","name":"radio-group_56641441f5ffa1","label_position":"default","desc_position":"below","enablePrice":true,"className":"","enableCl":false,"relations":[{"operator":false,"rules":[{"operator":"AND","rules":{"cl_field":"","cl_relation":"","cl_val":""}}]}],"enable_quantity":true,"quantity_label":"","min_quantity":"0","checkUi":"button","layOut":"","options_tooltip":true,"values":[{"label":"\u2b50\ufe0f Premium Ticket (110\u20ac)","value":"Premium Ticket (95\u20ac)","selected":true,"tempId":"aco_32","tooltip":"","description":"","gt_translate_keys":["label","tooltip","description"]}],"priceOptions":"fixed_for_all","pricingType":"fixed","price":"110","cl_rule":"show","col":6,"type":"radio-group","error":false,"description":"Upgrade your experience with premium spirits like Absolut, Bacardi, Havana, and more, plus Red Bull and premium mixers.","options_description":true,"gt_translate_keys":["label","description","quantity_label"],"price_dependency":false,"cl_dependency":false,"value":""}],[{"elementId":"separator-0973774727","separatorType":"fill","separatorColor":"#4a90e2","className":"","height":"3","enableCl":false,"relations":false,"cl_rule":"show","col":6,"type":"separator","gt_translate_keys":[],"price_dependency":false,"cl_dependency":false,"value":""}],[{"label":"","active":true,"required":false,"elementId":"radio-group-1821003227","description":"The ultimate luxury experience. Access the VIP area with open bar featuring premium spirits, Red Bull, and exclusive vibes.","name":"radio-group-1821003227","label_position":"default","desc_position":"below","enablePrice":true,"className":"","enableCl":false,"relations":[{"operator":false,"rules":[{"operator":"AND","rules":{"cl_field":"","cl_relation":"","cl_val":""}}]}],"enable_quantity":true,"quantity_label":"","min_quantity":"0","checkUi":"button","layOut":"","options_tooltip":true,"options_description":true,"values":[{"label":"\ud83d\udc8e VIP Ticket (130\u20ac)","value":"VIP Ticket","selected":true,"tempId":"aco_32","tooltip":"","description":"","gt_translate_keys":["label","tooltip","description"]}],"priceOptions":"fixed_for_all","pricingType":"fixed","price":"130","cl_rule":"show","col":6,"type":"radio-group","error":false,"gt_translate_keys":["label","description","quantity_label"],"price_dependency":false,"cl_dependency":false,"value":""}],[{"elementId":"separator-0974175336","separatorType":"fill","separatorColor":"#4a90e2","className":"","height":"3","enableCl":false,"relations":false,"cl_rule":"show","col":6,"type":"separator","gt_translate_keys":[],"price_dependency":false,"cl_dependency":false,"value":""}]]}},"config":{"price_override":"always","enable_recaptcha":false,"bind_quantity":false,"quantity_bind_formula":false,"disp_summ_show_option_price":true,"disp_summ_show_product_price":false,"disp_summ_show_total_price":true,"disp_summ_show_fee":true,"disp_summ_show_discount":true,"summary_title":"","options_total_label":"Options Price","total_label":"Total Amount","options_product_label":"Product Price","fee_label":"Fee","discount_label":"Discount","has_price":true,"has_quantity_formula":false},"mc_unit":1,"tax_rate":1,"tax_rate_real":1,"discount":{"percentage":0,"fixed":0},"design":{"conf":{"LabelPosition":"above","DescPosition":"above","UploadField":"custom_1","QuantityFieldStyle":"custom_1"},"css":{"LeftLabelWidth":"120px"}},"formulas":[],"lookuptables":[],"clones":false,"cartKey":false}},"_links":{"self":[{"href":"https:\/\/canaryvip.com\/fi\/wp-json\/wp\/v2\/product\/11456","targetHints":{"allow":["GET"]}}],"collection":[{"href":"https:\/\/canaryvip.com\/fi\/wp-json\/wp\/v2\/product"}],"about":[{"href":"https:\/\/canaryvip.com\/fi\/wp-json\/wp\/v2\/types\/product"}],"replies":[{"embeddable":true,"href":"https:\/\/canaryvip.com\/fi\/wp-json\/wp\/v2\/comments?post=11456"}],"wp:featuredmedia":[{"embeddable":true,"href":"https:\/\/canaryvip.com\/fi\/wp-json\/wp\/v2\/media\/11461"}],"wp:attachment":[{"href":"https:\/\/canaryvip.com\/fi\/wp-json\/wp\/v2\/media?parent=11456"}],"wp:term":[{"taxonomy":"product_brand","embeddable":true,"href":"https:\/\/canaryvip.com\/fi\/wp-json\/wp\/v2\/product_brand?post=11456"},{"taxonomy":"product_cat","embeddable":true,"href":"https:\/\/canaryvip.com\/fi\/wp-json\/wp\/v2\/product_cat?post=11456"},{"taxonomy":"product_tag","embeddable":true,"href":"https:\/\/canaryvip.com\/fi\/wp-json\/wp\/v2\/product_tag?post=11456"}],"curies":[{"name":"wp","href":"https:\/\/api.w.org\/{rel}","templated":true}]}}