{"id":11438,"date":"2024-05-11T22:23:40","date_gmt":"2024-05-11T21:23:40","guid":{"rendered":"https:\/\/canaryvip.com\/?post_type=product&#038;p=11438"},"modified":"2025-11-04T12:52:18","modified_gmt":"2025-11-04T12:52:18","slug":"ole-flamenco-show-tenerife","status":"publish","type":"product","link":"https:\/\/canaryvip.com\/fi\/shop\/ole-flamenco-show-tenerife\/","title":{"rendered":"OL\u00c9 Flamenco Show Teneriffalla"},"content":{"rendered":"<h2>\ud83c\udfad Tutustu Teneriffan parhaaseen flamencoesitykseen<\/h2>\n<p>Uppoudu Espanjan elinvoimaiseen henkeen Ol\u00e9 Flamenco Show Teneriffalla, joka on johtava flamenco-tapahtuma. <a href=\"https:\/\/canaryvip.com\/fi\/tenerife\/evening-shows\/\">n\u00e4yttely Teneriffalla.<\/a> Koe kiehtova ilta intohimoisesta musiikista, s\u00e4hk\u00f6ist\u00e4v\u00e4st\u00e4 tanssista ja rikkaasta kulttuuri-ilmaisusta kuuluisan Fran Chafinon asiantuntevan ohjaajan johdolla.<\/p>\n<p>T\u00e4m\u00e4 90-minuuttinen spektaakkeli lupaa unohtumattoman illan, jossa perinteiset flamencotyylit yhdistyv\u00e4t nykyaikaiseen tunnelmaan, ja kaikki t\u00e4m\u00e4 tapahtuu GF Victoria -hotellin ylellisiss\u00e4 puitteissa.<\/p>\n<p>Rytmikk\u00e4\u00e4st\u00e4 jalkaty\u00f6skentelyst\u00e4 sielukkaaseen kitaraan ja ilmeikk\u00e4\u00e4seen lauluun, show'n jokainen elementti on suunniteltu lumoamaan ja inspiroimaan, mik\u00e4 tekee siit\u00e4 pakollisen n\u00e4ht\u00e4vyyden sek\u00e4 paikallisille ett\u00e4 vierailijoille, jotka etsiv\u00e4t aitoa espanjalaista kokemusta.<\/p>\n<h3>\ud83c\udf7d\ufe0f Ylellinen tapahtumapaikka GF Victoria Hotelissa<\/h3>\n<p><strong>Sijainti:<\/strong> Tyylik\u00e4s <a href=\"https:\/\/www.google.com\/maps\/place\/GF+Victoria\/@28.0917871,-16.7412967,17z\/data=!3m1!4b1!4m9!3m8!1s0xc6a974d01c4268f:0x3c0e40669a61bb47!5m2!4m1!1i2!8m2!3d28.0917871!4d-16.7387218!16s%2Fg%2F11bvv59vv2?entry=ttu\" target=\"_new\" rel=\"noreferrer noopener\">GF Victoria Hotel<\/a> Costa Adejessa is\u00e4nn\u00f6i t\u00e4t\u00e4 lumoavaa tapahtumaa tarjoten hienostuneen ilmapiirin ikimuistoiselle Teneriffan flamencoesitykselle.<\/p>\n<p><strong>Aikataulu:<\/strong> Esitys alkaa klo 21:00, ja ovet avataan klo 20:15. Esitys pidet\u00e4\u00e4n 15 minuutin tauko, ja koko esitys p\u00e4\u00e4ttyy klo 22.30.<\/p>\n<h3>\ud83c\udf9f\ufe0f Valitse t\u00e4ydellinen ilta<\/h3>\n<p><strong>Kultaiset liput:<\/strong> P\u00e4\u00e4sy n\u00e4yt\u00f6kseen maksaa 49 euroa per henkil\u00f6. T\u00e4m\u00e4 istumapaikka tarjoaa upean n\u00e4kym\u00e4n lavalle ja eloisan el\u00e4myksen 140 vieraalle.<\/p>\n<p><strong>Platinalippuja:<\/strong> Vaihtoehto maksaa 59 \u20ac\/henkil\u00f6 ja sis\u00e4lt\u00e4\u00e4 sis\u00e4\u00e4np\u00e4\u00e4syn, lasin viini\u00e4 ja kevyit\u00e4 v\u00e4lipaloja. L\u00e4hemp\u00e4n\u00e4 lavaa sijaitsevalla Platinum-alueella on intiimi tila 80 vieraalle.<\/p>\n<h3>\ud83c\udf1f Koe aito flamenco<\/h3>\n<p><strong>T\u00e4ss\u00e4 on Fran Chafino:<\/strong> Esityksen t\u00e4hti Fran Chafino on tunnettu poikkeuksellisesta lahjakkuudestaan, ja h\u00e4n her\u00e4tt\u00e4\u00e4 aitoa flamencoa henkiin varmistaen, ett\u00e4 jokainen vieras on esityksen lumoissa.<\/p>\n<p><strong>Runsaasti erilaisia tekoja:<\/strong> Buler\u00edasista alegr\u00edasiin, show sis\u00e4lt\u00e4\u00e4 dynaamisen yhdistelm\u00e4n laulua, kitaraa ja tanssia, joka lumoaa yleis\u00f6n jokaisella ainutlaatuisella esityksell\u00e4.<\/p>\n<p><strong>Vuorovaikutteinen ilmapiiri:<\/strong> Vaikka yleis\u00f6 ei osallistu tanssimiseen, esiintyjien sitoutuminen luo intiimin ja energisen kokemuksen.<\/p>\n<h3><a href=\"https:\/\/canaryvip.com\/fi\/contact\/?swcfpc=1\">\ud83d\udd70\ufe0f<\/a> Olennaiset tiedot<\/h3>\n<p><strong>Pukeutumiskoodi:<\/strong> Tyylikk\u00e4\u00e4n tyylikk\u00e4\u00e4n ymp\u00e4rist\u00f6n t\u00e4ydent\u00e4miseksi suositellaan rentoa pukeutumista. Farkut ja kiva t-paita ovat hyv\u00e4ksytt\u00e4vi\u00e4, mutta urheiluasuja ja shortseja ei suositella, jotta n\u00e4yt\u00f6ksen hienostunut tunnelma s\u00e4ilyisi.<\/p>\n<p><strong>Pys\u00e4k\u00f6intitiedot:<\/strong> Plaza del Duque -ostoskeskuksessa on runsaasti pys\u00e4k\u00f6intitilaa, joka on lyhyen k\u00e4velymatkan p\u00e4\u00e4ss\u00e4 tapahtumapaikasta.<\/p>\n<p><strong>N\u00e4yttelyn sis\u00e4\u00e4nk\u00e4ynti:<\/strong> Astu sis\u00e4\u00e4n hotellin p\u00e4\u00e4sis\u00e4\u00e4nk\u00e4ynnin vasemmalla puolella olevasta sis\u00e4\u00e4nk\u00e4ynnist\u00e4, josta p\u00e4\u00e4set helposti Las Olas Showroomiin.<\/p>\n<h3>\u2696\ufe0f Joustavat varaus- ja peruutusehdot<\/h3>\n<p><strong>Ennakkovarauksen edut:<\/strong> Varmista parhaat hinnat ja helpota suunnittelua varaamalla ajoissa.<\/p>\n<p><strong>Ilmaiset peruutukset:<\/strong> Peruuta viimeist\u00e4\u00e4n 48 tuntia ennen esityst\u00e4 ja saat t\u00e4yden hyvityksen.<\/p>\n<p><strong>Ryhm\u00e4varaukset:<\/strong> Yli kuuden hengen ryhm\u00e4t voivat peruuttaa majoituksen enint\u00e4\u00e4n nelj\u00e4 p\u00e4iv\u00e4\u00e4 etuk\u00e4teen ilman veloitusta. Jos peruutus tehd\u00e4\u00e4n 2-4 p\u00e4iv\u00e4\u00e4 ennen tapahtumaa, 50% palautetaan.<\/p>\n<p><strong>No-Show-k\u00e4yt\u00e4nt\u00f6:<\/strong> Palautuksia ei makseta, jos tilaisuutta ei ole j\u00e4rjestetty tai se on peruutettu 48 tunnin kuluessa tapahtumasta.<\/p>\n<h3>\ud83c\udf89 Yksityiset flamencotapahtumat<\/h3>\n<p><strong>Eksklusiiviset juhlat:<\/strong> CanaryVIP voi j\u00e4rjest\u00e4\u00e4 yksityisi\u00e4 flamencoesityksi\u00e4, jotka on r\u00e4\u00e4t\u00e4l\u00f6ity syntym\u00e4p\u00e4iville, yritystapahtumiin ja erityistilaisuuksiin, varmistaen yksil\u00f6llisen ja ikimuistoisen tilaisuuden. <a href=\"https:\/\/canaryvip.com\/fi\/contact\/?swcfpc=1\">Ota yhteytt\u00e4 saadaksesi lis\u00e4tietoja.<\/a><\/p>\n<h3>\ud83c\udfb6 Tutustu flamencon historiaan ja intohimoon<\/h3>\n<p><strong>Matka l\u00e4pi flamencon rikkaan perinn\u00f6n:<\/strong> Ol\u00e9 Flamenco Show Teneriffalla ei ainoastaan viihdyt\u00e4, vaan tarjoaa my\u00f6s syv\u00e4n sukelluksen flamencon historiaan ja intohimoon. Espanjan Andalusian alueelta per\u00e4isin oleva flamenco on dynaaminen taidemuoto, jossa yhdistyv\u00e4t laulu (cante), kitaran soitto (toque) ja tanssi (baile). T\u00e4m\u00e4 vuosisatoja vanha perinne on tunnettu tunteikkaasta intensiteetist\u00e4\u00e4n ja ilmeikk\u00e4\u00e4st\u00e4 tarinankerronnastaan, joka heijastaa Espanjan kulttuurista kudosta.<\/p>\n<p><strong>Fran Chafinon taiteellinen n\u00e4kemys:<\/strong> Fran Chafinon mestarillisessa ohjauksessa Ol\u00e9 Flamenco Show Teneriffalla her\u00e4tt\u00e4\u00e4 t\u00e4m\u00e4n rikkaan perinn\u00f6n henkiin modernilla twistill\u00e4. Franin koreografia on sekoitus perinteisi\u00e4 tekniikoita ja nykyaikaisia elementtej\u00e4, mik\u00e4 luo ainutlaatuisen esityksen, joka kunnioittaa flamencon juuria ja kiehtoo samalla nykyaikaista yleis\u00f6\u00e4.<\/p>\n<p><strong>Monipuoliset flamencotyylit:<\/strong> Esityksess\u00e4 kuullaan erilaisia flamencotyylej\u00e4, kuten nopeatempoisia buler\u00edas- ja iloisia alegr\u00edas-tyylej\u00e4, joilla kullakin on oma rytmins\u00e4 ja tunnelmansa. T\u00e4m\u00e4 monimuotoisuus takaa elinvoimaisen ja mukaansatempaavan kokemuksen, jossa esitell\u00e4\u00e4n flamencon koko tunne- ja musiikkivalikoima.<\/p>\n<h3>\ud83c\udf1f Tule mukaan unohtumattomaan iltaan!<\/h3>\n<p>Koe flamenco-show Teneriffan taika CanaryVIP:n kanssa. Uppoudu intohimoisen musiikin, eloisan tanssin ja rikkaan espanjalaisen kulttuurin lumoavaan sekoitukseen ylellisess\u00e4 GF Victoria -hotellissa.<\/p>\n<p>T\u00e4m\u00e4 valloittava show, jonka ohjaa ylistetty Fran Chafino, lupaa unohtumattoman illan t\u00e4ynn\u00e4 aitoja flamencotyylej\u00e4 ja modernia tunnelmaa. Varaa lippusi jo nyt tyylikk\u00e4\u00e4seen ja viihdytt\u00e4v\u00e4\u00e4n iltaan ja anna rytmikk\u00e4iden tahtien ja ilmeikk\u00e4iden esitysten lumota sinut. \u00c4l\u00e4 missaa t\u00e4t\u00e4 ainutlaatuista kulttuuriel\u00e4myst\u00e4 Teneriffan syd\u00e4mess\u00e4.<\/p>\n<p>Varaa Flamenco Show Teneriffan liput jo t\u00e4n\u00e4\u00e4n! \ud83c\udf0c\ud83d\udc83<\/p>","protected":false},"excerpt":{"rendered":"<p><strong>\ud83d\udd0d Flamenco Show Teneriffalla:<\/strong><br \/>\n\u2705 Turvallinen maksu.<br \/>\n\ud83d\udc83 Aito flamenco show.<br \/>\n\ud83d\udd59 Joka torstai klo 20:15.<br \/>\n\u23f3 Kesto \u2248 2h<br \/>\n\ud83d\ude80 Eritt\u00e4in suosittu!<br \/>\n\ud83e\udd11 Paras hinta taattu.<br \/>\n\ud83d\udc6a Alennukset ryhm\u00e4varauksille.<br \/>\n\ud83d\udd01 Ilmainen peruutus enint\u00e4\u00e4n 48h.<br \/>\n\ud83c\udf1f Varaa aikaisin, t\u00e4yttyy nopeasti!<br \/>\n\ud83d\udccd Tapahtumapaikka\u00a0<a href=\"https:\/\/maps.app.goo.gl\/boB3JcWYHb8AiGY58\">Hotelli GF Victoria<\/a>.<\/p>","protected":false},"featured_media":11440,"comment_status":"open","ping_status":"closed","template":"","meta":{"_acf_changed":false},"product_brand":[],"product_cat":[59],"product_tag":[],"class_list":{"0":"post-11438","1":"product","2":"type-product","3":"status-publish","4":"has-post-thumbnail","6":"product_cat-evening-shows","7":"wcpa_has_options","9":"first","10":"instock","11":"virtual","12":"purchasable","13":"product-type-simple"},"acf":[],"wcpa_form_fields":{"wcpaData":{"product":{"product_price":51,"price_html":"From&nbsp;<span class=\"woocommerce-Price-amount amount\"><bdi>51,00&nbsp;<span class=\"woocommerce-Price-currencySymbol\">&euro;<\/span><\/bdi><\/span>","original_product_price":51,"price_including_tax":51,"price_excluding_tax":51,"product_id":{"parent":11438,"variation":false},"is_variable":false,"stock_status":"instock","stock_quantity":null,"parent_sku":"CV11438","product_attributes":[],"custom_fields":[],"is_taxable":false,"product_name":"OL\u00c9 Flamenco Show Tenerife","hasImage":false},"fields":{"sec_5663fdb09e5296":{"extra":{"key":"sec_5663fdb09e5296","section_id":"sec_5663fdb09e5296","name":"Default","status":1,"cl_rule":"show","enableCl":false,"relations":[],"toggle":true,"title_tag":"h3","show_title":false,"showPrice":"default","form_id":11439,"form_rules":{"exclude_from_discount":true,"fee_label":"Fee","disp_hide_options_price":true,"disp_show_section_price":false,"disp_show_field_price":true,"layout_option":"standard","pric_use_as_fee":false,"process_fee_as":"woo_fee"},"layout_option":"standard"},"fields":[[{"label":"\ud83d\udcc5 Date","active":true,"required":true,"elementId":"date_2663fdb09e52b5","picker_type":"custom","picker_mode":"single","placeholder":"","description":"","tooltip":"","name":"date_2663fdb09e52b5","label_position":"default","desc_position":"default","enablePrice":false,"className":"","enableCl":false,"relations":[{"operator":"and","rules":[{"operator":"AND","rules":{"cl_field":"radio-group_4663fdb09e52c5","cl_relation":"is_not_empty","cl_val":"3 Hour Trip"}}]}],"date_pic_inline":true,"date_pic_inline_hide":true,"min_date":{"type":"days","val":"1"},"max_date":{"type":"days","val":"180"},"date_pic_conf":{"disabledWeeks":[0,1,3,5,6,2],"disabledDates":["2025-02-06","2025-06-27 to 2025-07-01","2026-01-01 to 2026-01-14","2026-03-12","2026-03-19"]},"price":"","cl_rule":"show","col":6,"type":"date","error":false,"enableDesign":false,"LabelColor":"","isWeightTemplate":false,"isTemplate":false,"min_quantity":"1","quantity_decimal":false,"quantity_step":"1","quantity_label":"Quantity","repeater_field_label":"{field_label}","repeater_bind":"","gt_translate_keys":["label","placeholder","description","tooltip","repeater_field_label","quantity_label"],"price_dependency":false,"cl_dependency":["radio-group_4663fdb09e52c5"],"value":""}],[{"active":true,"col":6,"relations":[{"operator":false,"rules":[{"operator":"AND","rules":{"cl_field":"","cl_relation":"","cl_val":""}}]}],"cl_rule":"show","enableCl":false,"price":"","enablePrice":false,"className":"","label_position":"default","desc_position":"default","type":"radio-group","required":true,"elementId":"radio-group_4663fdb09e52c5","label":"\ud83c\udf1f Type of Ticket","name":"radio-group_4663fdb09e52c5","values":[{"label":"Gold Entrance (51\u20ac)","value":"Gold Entrance","selected":false,"tempId":"aco_28","description":"Enjoy the live show.","options_cl":false,"relations":[{"operator":false,"rules":[{"operator":"AND","rules":{"cl_field":"","cl_relation":"","cl_val":""}}]}],"cl_rule":"show","gt_translate_keys":["label","description"]},{"label":"Platinum Entrance (61\u20ac)","value":"Platinum Entrance","selected":false,"tempId":"aco_29","description":"Enjoy the live show, wine, snacks and better seating.","options_cl":true,"relations":[{"operator":false,"rules":[{"operator":"AND","rules":{"cl_field":"date_2663fdb09e52b5","cl_relation":"is","cl_val":"2026-04-16"}}]}],"cl_rule":"hide","gt_translate_keys":["label","description"]}],"layOut":"","error":false,"checkUi":"toggle","enableDesign":false,"scrollBar":false,"description":"","other":false,"options_description":true,"show_selected_option":false,"isWeightTemplate":false,"isTemplate":false,"min_quantity":"1","quantity_decimal":false,"quantity_step":"1","quantity_label":"Quantity","repeater_field_label":"{field_label}","repeater_bind":"","gt_translate_keys":["label","description","repeater_field_label","quantity_label"],"price_dependency":false,"cl_dependency":[false,false],"value":""}]]},"sec_1663fdb09e52c7":{"extra":{"key":"sec_1663fdb09e52c7","section_id":"sec_1663fdb09e52c7","name":"Gold","status":1,"cl_rule":"show","enableCl":true,"relations":[{"operator":false,"rules":[{"operator":"AND","rules":{"cl_field":"radio-group_4663fdb09e52c5","cl_relation":"is","cl_val":"Gold Entrance"}}]}],"toggle":true,"title_tag":"h4","show_title":false,"showPrice":"default","form_id":11439,"form_rules":{"exclude_from_discount":true,"fee_label":"Fee","disp_hide_options_price":true,"disp_show_section_price":false,"disp_show_field_price":true,"layout_option":"standard","pric_use_as_fee":false,"process_fee_as":"woo_fee"},"layout_option":"standard"},"fields":[[{"active":true,"col":6,"relations":false,"cl_rule":"show","enableCl":false,"price":"","enablePrice":false,"className":"","label_position":"default","desc_position":"default","type":"separator","required":false,"elementId":"separator_6663fdb09e52d3","label":"Separator Field","height":"8","separatorType":"blank","error":false,"gt_translate_keys":["label"],"price_dependency":false,"cl_dependency":false,"value":""}],[{"active":true,"col":6,"relations":false,"cl_rule":"show","enableCl":false,"price":"","enablePrice":false,"className":"","label_position":"default","desc_position":"default","type":"content","required":false,"elementId":"content_6663fdb09e5310","label":"People","name":"content_6663fdb09e5310","contentType":"plain","value":"","error":false,"show_in_checkout":true,"inline":false,"gt_translate_keys":["label","value"],"price_dependency":false,"cl_dependency":false}],[{"active":true,"col":6,"relations":[{"operator":false,"rules":[{"operator":"AND","rules":{"cl_field":"","cl_relation":"","cl_val":""}}]}],"cl_rule":"show","enableCl":true,"price":"51","enablePrice":true,"className":"","label_position":"default","desc_position":"default","type":"radio-group","required":false,"elementId":"radio-group_0663fdb09e531c","label":"","name":"radio-group_0663fdb09e531c","values":[{"label":"\ud83d\udc64 Adult (51\u20ac)","value":"Adult","selected":true,"tempId":"aco_32","tooltip":"+13 Years","description":"","gt_translate_keys":["label","tooltip","description"]}],"layOut":"","error":false,"checkUi":"button","priceOptions":"fixed_for_all","pricingType":"fixed","enable_quantity":true,"quantity_label":"","min_quantity":"0","options_tooltip":true,"options_description":true,"gt_translate_keys":["label","quantity_label"],"price_dependency":false,"cl_dependency":false,"value":""}],[{"label":"","active":true,"required":false,"elementId":"radio-group-0980466659","name":"radio-group-0980466659","label_position":"default","desc_position":"default","enablePrice":true,"className":"","enableCl":true,"relations":[{"operator":false,"rules":[{"operator":"AND","rules":{"cl_field":"","cl_relation":"","cl_val":""}}]}],"enable_quantity":true,"quantity_label":"","min_quantity":"0","checkUi":"button","layOut":"","options_tooltip":true,"options_description":true,"values":[{"label":"\ud83d\udc66 Child (25,50\u20ac)","value":"Child","selected":true,"tempId":"aco_32","tooltip":"3-12 Years","description":"","gt_translate_keys":["label","tooltip","description"]}],"priceOptions":"fixed_for_all","pricingType":"fixed","price":"25,50","cl_rule":"show","col":6,"type":"radio-group","error":false,"gt_translate_keys":["label","quantity_label"],"price_dependency":false,"cl_dependency":false,"value":""}]]},"sec_2663fdb09e531d":{"extra":{"key":"sec_2663fdb09e531d","section_id":"sec_2663fdb09e531d","name":"Platinum","status":1,"cl_rule":"show","enableCl":true,"relations":[{"operator":false,"rules":[{"operator":"AND","rules":{"cl_field":"radio-group_4663fdb09e52c5","cl_relation":"is","cl_val":"Platinum Entrance"}}]}],"toggle":true,"title_tag":"h4","show_title":false,"showPrice":"default","form_id":11439,"form_rules":{"exclude_from_discount":true,"fee_label":"Fee","disp_hide_options_price":true,"disp_show_section_price":false,"disp_show_field_price":true,"layout_option":"standard","pric_use_as_fee":false,"process_fee_as":"woo_fee"},"layout_option":"standard"},"fields":[[{"elementId":"separator_6663fdb09e5327","separatorType":"blank","className":"","height":"8","enableCl":false,"relations":false,"cl_rule":"show","col":6,"type":"separator","error":false,"gt_translate_keys":[],"price_dependency":false,"cl_dependency":false,"value":""}],[{"contentType":"plain","active":true,"label":"People","elementId":"content_0663fdb09e5331","value":"","inline":false,"show_in_checkout":true,"name":"content_0663fdb09e5331","enablePrice":false,"className":"","enableCl":false,"relations":false,"price":"","cl_rule":"show","col":6,"type":"content","gt_translate_keys":["label","value"],"price_dependency":false,"cl_dependency":false}],[{"label":"","active":true,"required":false,"elementId":"radio-group_9663fdb09e533c","name":"radio-group_9663fdb09e533c","label_position":"default","desc_position":"default","enablePrice":true,"className":"","enableCl":false,"relations":[{"operator":false,"rules":[{"operator":"AND","rules":{"cl_field":"","cl_relation":"","cl_val":""}}]}],"enable_quantity":true,"quantity_label":"","min_quantity":"0","checkUi":"button","layOut":"","options_tooltip":true,"values":[{"label":"\ud83d\udc64 Adult (61\u20ac)","value":"Adult","selected":true,"tempId":"aco_32","tooltip":"+13 Years","gt_translate_keys":["label","tooltip"]}],"priceOptions":"fixed_for_all","pricingType":"fixed","price":"61","cl_rule":"show","col":6,"type":"radio-group","error":false,"gt_translate_keys":["label","quantity_label"],"price_dependency":false,"cl_dependency":false,"value":""}],[{"label":"","active":true,"required":false,"elementId":"radio-group-1037099900","name":"radio-group-1037099900","label_position":"default","desc_position":"default","enablePrice":true,"className":"","enableCl":true,"relations":[{"operator":false,"rules":[{"operator":"AND","rules":{"cl_field":"","cl_relation":"","cl_val":""}}]}],"enable_quantity":true,"quantity_label":"","min_quantity":"0","checkUi":"button","layOut":"","options_tooltip":true,"options_description":true,"values":[{"label":"\ud83d\udc66 Child (30,50\u20ac)","value":"Child","selected":true,"tempId":"aco_32","tooltip":"3-12 Years","description":"","gt_translate_keys":["label","tooltip","description"]}],"priceOptions":"fixed_for_all","pricingType":"fixed","price":"30,50","cl_rule":"show","col":6,"type":"radio-group","error":false,"gt_translate_keys":["label","quantity_label"],"price_dependency":false,"cl_dependency":false,"value":""}]]}},"config":{"price_override":"always","enable_recaptcha":false,"bind_quantity":false,"quantity_bind_formula":false,"disp_summ_show_option_price":true,"disp_summ_show_product_price":false,"disp_summ_show_total_price":true,"disp_summ_show_fee":true,"disp_summ_show_discount":true,"summary_title":"","options_total_label":"Options Price","total_label":"Total Amount","options_product_label":"Product Price","fee_label":"Fee","discount_label":"Discount","has_price":true,"has_quantity_formula":false},"mc_unit":1,"tax_rate":1,"tax_rate_real":1,"discount":{"percentage":0,"fixed":0},"design":{"conf":{"LabelPosition":"above","DescPosition":"above","UploadField":"custom_1","QuantityFieldStyle":"custom_1"},"css":{"LeftLabelWidth":"120px"}},"formulas":[],"lookuptables":[],"clones":false,"cartKey":false}},"_links":{"self":[{"href":"https:\/\/canaryvip.com\/fi\/wp-json\/wp\/v2\/product\/11438","targetHints":{"allow":["GET"]}}],"collection":[{"href":"https:\/\/canaryvip.com\/fi\/wp-json\/wp\/v2\/product"}],"about":[{"href":"https:\/\/canaryvip.com\/fi\/wp-json\/wp\/v2\/types\/product"}],"replies":[{"embeddable":true,"href":"https:\/\/canaryvip.com\/fi\/wp-json\/wp\/v2\/comments?post=11438"}],"wp:featuredmedia":[{"embeddable":true,"href":"https:\/\/canaryvip.com\/fi\/wp-json\/wp\/v2\/media\/11440"}],"wp:attachment":[{"href":"https:\/\/canaryvip.com\/fi\/wp-json\/wp\/v2\/media?parent=11438"}],"wp:term":[{"taxonomy":"product_brand","embeddable":true,"href":"https:\/\/canaryvip.com\/fi\/wp-json\/wp\/v2\/product_brand?post=11438"},{"taxonomy":"product_cat","embeddable":true,"href":"https:\/\/canaryvip.com\/fi\/wp-json\/wp\/v2\/product_cat?post=11438"},{"taxonomy":"product_tag","embeddable":true,"href":"https:\/\/canaryvip.com\/fi\/wp-json\/wp\/v2\/product_tag?post=11438"}],"curies":[{"name":"wp","href":"https:\/\/api.w.org\/{rel}","templated":true}]}}