{"id":11406,"date":"2024-05-07T16:37:07","date_gmt":"2024-05-07T15:37:07","guid":{"rendered":"https:\/\/canaryvip.com\/?post_type=product&#038;p=11406"},"modified":"2025-09-29T11:35:59","modified_gmt":"2025-09-29T10:35:59","slug":"seaduction-luxury-yacht-tenerife","status":"publish","type":"product","link":"https:\/\/canaryvip.com\/fi\/shop\/seaduction-luxury-yacht-tenerife\/","title":{"rendered":"Seaduction Luxury Yacht Teneriffa"},"content":{"rendered":"<h2><strong>\ud83d\udee5\ufe0f Koe ylellisyytt\u00e4 Seaduction Yacht Charter Teneriffalla.<\/strong><\/h2>\n<p>L\u00e4hde premium-luokan meriretkelle Seaduction Yacht Teneriffan kanssa. Se sijaitsee kauniissa venesatamassa <a href=\"https:\/\/www.google.com\/maps\/place\/Puerto+Col%C3%B3n\/@28.078002,-16.7394902,17z\/data=!3m2!4b1!5s0xc6a97433884bdf9:0x76d293b7b99db23a!4m6!3m5!1s0xc6a9743509c9ebf:0xd62345524f768247!8m2!3d28.078002!4d-16.7369153!16s%2Fg%2F11c6cqryw_?entry=tts&amp;g_ep=EgoyMDI0MDUwNS4wKgBIAVAD\" target=\"_blank\" rel=\"noopener\">Puerto Col\u00f3n<\/a>, Seaduction tarjoaa eksklusiivisen pakopaikan tyypillisilt\u00e4 veneretkilt\u00e4. Jokainen retki on yksityinen laivamatka, mik\u00e4 takaa, ett\u00e4 kokemuksesi on ainutlaatuinen ja intiimi.<\/p>\n<h3>\u2b50\ufe0f <strong>Miksi Seaduction Yacht erottuu edukseen Teneriffalla?<\/strong><\/h3>\n<p><span style=\"text-decoration: underline;\"><strong>T\u00e4rkeimm\u00e4t syyt valita Seaduction:<\/strong><\/span><\/p>\n<p><strong>Eksklusiiviset yksityiskierrokset:<\/strong> Toisin kuin tavalliset matkat, Seaduction takaa henkil\u00f6kohtaisen kosketuksen jokaisella matkalla, luoden r\u00e4\u00e4t\u00e4l\u00f6idyn kokemuksen, joka vastaa mieltymyksiisi ja takaa yksityisyyden ja yksinoikeuden.<\/p>\n<p><strong>Ylellinen mukavuus:<\/strong> Rentoudu jahdin eri viihtyisiss\u00e4 paikoissa, nautitpa sitten auringosta tilavalla aurinkokannella tai virkist\u00e4v\u00e4st\u00e4 juomasta mukavasti varjostetulla oleskelualueella.<\/p>\n<p><strong>Mukana hauskoja aktiviteetteja:<\/strong> Tehosta seikkailuasi erilaisilla j\u00e4nnitt\u00e4vill\u00e4 aktiviteeteilla. Seaduction ei ole vain purjehdusta, vaan merell\u00e4 liikkumista j\u00e4nnitt\u00e4vill\u00e4 ja nautinnollisilla tavoilla.<\/p>\n<ul>\n<li><strong>\ud83c\udfca Seabob vedenalaiset skootterit:<\/strong> Liu'uta Teneriffan kristallinkirkkailla vesill\u00e4 Seabobilla. Ne tarjoavat ainutlaatuisen tavan tutkia aaltojen alla, ja ne sopivat t\u00e4ydellisesti seikkailunhaluisille, jotka haluavat lis\u00e4t\u00e4 meriel\u00e4mykseen hieman j\u00e4nnityst\u00e4.<\/li>\n<li><strong>\ud83c\udfc4\u200d\u2640\ufe0f Melontalaudat:<\/strong> Stand-up-melonta tarjoaa hauskan ja rentouttavan tavan nauttia merest\u00e4 ja harrastaa samalla liikuntaa. Olitpa sitten aloittelija tai kokenut meloja, se on varmasti ihastuttava osa purjehdusta.<\/li>\n<li><strong>\ud83e\udd29 Hauskat puhallettavat:<\/strong> Valikoimamme ilmat\u00e4ytteisi\u00e4 laitteita tarjoaa loputtomasti hauskanpitoa kaikenik\u00e4isille. Ne ovat hitti miss\u00e4 tahansa vuokrauksessa ja sopivat t\u00e4ydellisesti perheen hauskanpitoon tai vain rentoutumiseen vedess\u00e4.<\/li>\n<li><strong>\ud83e\udd3f Snorklausv\u00e4lineet:<\/strong> Tutustu Teneriffan elinvoimaiseen vedenalaiseen maailmaan snorklausv\u00e4lineiden avulla. Saarta ymp\u00e4r\u00f6iv\u00e4t vedet kuhisevat meriel\u00e4m\u00e4\u00e4, ja voit kurkistaa lumoavaan vedenalaiseen ekosysteemiin.<\/li>\n<li><strong>\ud83c\udfa3 Kalastusvavat:<\/strong> Kokeile kalastusta varustetuilla vavoilla. Olitpa sitten aloittelija tai kokenut kalastaja, kalastus Seaductionin kannelta k\u00e4sin voi olla rauhallinen ja palkitseva tapa viett\u00e4\u00e4 aikaa.<\/li>\n<li><strong>\ud83d\udd0a Toista musiikkia:<\/strong> Yhdist\u00e4 soittolistasi Bluetooth-yhteensopivalla \u00e4\u00e4nentoistoj\u00e4rjestelm\u00e4ll\u00e4mme ja s\u00e4\u00e4d\u00e4 soundtrack meriseikkailullesi. Olipa kyseess\u00e4 sitten rentouttava musiikki tai vauhdikas rytmi, musiikkisi parantaa tunnelmaa purjehtiessasi.<\/li>\n<\/ul>\n<p>Seaduction Yacht Tenerife tarjoaa erinomaisen charterkokemuksen ylellisill\u00e4 mukavuuksillaan ja monipuolisilla aktiviteeteillaan. Jokainen matkan osa-alue on suunniteltu tarjoamaan sek\u00e4 rentoutumista ett\u00e4 viihdett\u00e4, mik\u00e4 takaa ikimuistoisen seikkailun Teneriffan vesill\u00e4.<\/p>\n<h4>\ud83d\udea4 <strong>Seaduction Boat Charter Vaihtoehdot<\/strong><\/h4>\n<p>Seaduction Yacht tarjoaa useita eri pituisia rahtauspalveluja, jotka on suunniteltu vastaamaan erilaisiin toiveisiin ja aikatauluihin:<\/p>\n<ul>\n<li><strong>3-tuntinen Coastal Explorer:<\/strong> T\u00e4ydellinen johdatus Teneriffan etel\u00e4rannikolle. Ui rauhallisissa lahdissa ja nauti juoma- ja v\u00e4lipalavalikoimastamme. Ihanteellinen niille, jotka etsiv\u00e4t nopeaa mutta virkist\u00e4v\u00e4\u00e4 merellist\u00e4 pakoa.<\/li>\n<li><strong>4-tunnin merisafari:<\/strong> Uskaltaudu kauemmaksi todistamaan delfiinej\u00e4 ja valaita. Rentoudu tai ui kauniissa lahdissa ja herkuttele vastavalmistetuilla merenel\u00e4vill\u00e4 ja kanapapellalla. T\u00e4m\u00e4 keskipitk\u00e4kestoinen charter sopii t\u00e4ydellisesti luonnon yst\u00e4ville ja meriel\u00e4inten harrastajille.<\/li>\n<li><strong>6-tuntinen Grand Tour:<\/strong> Koe Los Gigantesin henke\u00e4salpaavat kalliot ja syrj\u00e4inen Masca Bay. Virkist\u00e4ydy kristallinkirkkaissa vesiss\u00e4, joista avautuvat panoraaman\u00e4kym\u00e4t l\u00e4heiselle La Gomeran saarelle. Sukella syvemm\u00e4lle Teneriffan luonnonkauneuteen, kun sinulla on aikaa tutustua ja rentoutua.<\/li>\n<li><strong>8-tuntinen kokop\u00e4iv\u00e4n seikkailu:<\/strong> Uppoudu \u00e4\u00e4rimm\u00e4iseen purjehduskokemukseen koko p\u00e4iv\u00e4n Seaductionilla. T\u00e4m\u00e4n laajan rahtauksen ansiosta voit tutustua t\u00e4ysin Teneriffan monipuolisiin rannikkomaisemiin ja rikkaisiin meriymp\u00e4rist\u00f6ihin. Nauti pidemmist\u00e4 pys\u00e4hdyksist\u00e4 snorklausta, melontaa ja kenties jopa auringonlaskun viettoa varten. Kun aluksella on enemm\u00e4n aikaa, voit nauttia laajemmasta valikoimasta gourmet-tarjouksiamme, mik\u00e4 takaa ylellisen rentoutumis- ja seikkailup\u00e4iv\u00e4n.<\/li>\n<\/ul>\n<p>Jokainen vaihtoehto on suunniteltu tarjoamaan ainutlaatuinen ja ikimuistoinen kokemus, ja voit valita Teneriffan meriseikkailullesi t\u00e4ydellisen keston. Etsitp\u00e4 sitten lyhytt\u00e4 tutustumista saaren vesiin tai koko p\u00e4iv\u00e4n kest\u00e4v\u00e4\u00e4 matkaa, Seaduction Yacht tarjoaa joustavuutta ja ylellisyytt\u00e4, jotta merell\u00e4 viett\u00e4m\u00e4si aika olisi unohtumatonta.<\/p>\n<h3>\u2705 <strong>Kattavat mukavuudet t\u00e4ydellist\u00e4 merip\u00e4iv\u00e4\u00e4 varten<\/strong><\/h3>\n<p>Seaductionissa ei ole kyse vain paikoista, vaan koko ylellisest\u00e4 kokemuksesta:<\/p>\n<ul>\n<li>Nauti rajattomasti erilaisista juomista, kuten virvoitusjuomista, oluista, viineist\u00e4 ja cavasta.<\/li>\n<li>Nauti erilaisia gourmet-v\u00e4lipaloja tai t\u00e4ysi ateria matkasi kestosta riippuen.<\/li>\n<li>Huippuluokan \u00e4\u00e4nentoistoj\u00e4rjestelm\u00e4ss\u00e4mme on Bluetooth-yhteys, joten voit nauttia suosikkisoittolistoistasi purjehtiessasi.<\/li>\n<li>Jahdissa on auringonottoalueet keulassa ja mukavat istuimet flybridgell\u00e4.<\/li>\n<li>Kokenut ja monikielinen miehist\u00f6 takaa turvallisuutesi ja mukavuutesi koko matkan ajan.<\/li>\n<\/ul>\n<h3>\ud83d\udccd <strong>L\u00e4ht\u00f6 Puerto Col\u00f3nista<\/strong><\/h3>\n<p>Aloita meriseikkailusi Costa Adejen syd\u00e4mess\u00e4, jonne on helppo p\u00e4\u00e4sy ja k\u00e4tev\u00e4 pys\u00e4k\u00f6inti satamassa. Sujuvan l\u00e4hd\u00f6n varmistamiseksi suosittelemme saapumaan 15 minuuttia ennen aikataulun mukaista l\u00e4ht\u00f6aikaa.<\/p>\n<h4>\ud83d\udcdc <strong>\ud83d\udcdc Saumaton varaus ja l\u00e4pin\u00e4kyv\u00e4t peruutusehdot<\/strong><\/h4>\n<p>Seaduction-kokemuksen varaaminen on vaivatonta, ja selke\u00e4t peruutusehdot takaavat mielenrauhan:<\/p>\n<ul>\n<li><strong>S\u00e4\u00e4takuu:<\/strong> Seuraamme tarkasti s\u00e4\u00e4olosuhteita. Jos retki peruuntuu vaarallisen s\u00e4\u00e4n vuoksi, voit joko siirt\u00e4\u00e4 aikataulusi tai saada t\u00e4yden hyvityksen, mik\u00e4 takaa turvallisuutesi ja tyytyv\u00e4isyytesi.<\/li>\n<li><strong>Joustava peruutus:<\/strong> Suunnitelmat muuttuvat, ja me ymm\u00e4rr\u00e4mme sen. Voit peruuttaa tai siirt\u00e4\u00e4 aikataulusi ilmaiseksi enint\u00e4\u00e4n 4 p\u00e4iv\u00e4\u00e4 ennen matkaasi. Talletuksia ei palauteta, jos peruutus tapahtuu 4 p\u00e4iv\u00e4n kuluessa suunnitellusta l\u00e4ht\u00f6ajankohdasta.<\/li>\n<\/ul>\n<p><strong>Varaa paikkasi Seaductionilla jo t\u00e4n\u00e4\u00e4n CanaryVIP:n kautta ja l\u00e4hde purjehtimaan p\u00e4iv\u00e4\u00e4n, joka on t\u00e4ynn\u00e4 ylellisyytt\u00e4, mukavuutta ja unohtumattomia meriseikkailuja.<\/strong><\/p>\n<h3>\ud83d\udd52 <strong>Saatavilla laajennetut ja y\u00f6n yli -vaihtoehdot<\/strong><\/h3>\n<p>Niille, jotka etsiv\u00e4t pidemp\u00e4\u00e4 seikkailua tai erikoistilaisuutta, Seaduction on k\u00e4ytett\u00e4viss\u00e4 muuhunkin kuin vain p\u00e4iv\u00e4retkiin:<\/p>\n<ul>\n<li>Viet\u00e4 aluksella y\u00f6 tai useampi y\u00f6 ja tee tilauslennostasi monip\u00e4iv\u00e4inen luksuskokemus.<\/li>\n<li>Keskustele kanssamme r\u00e4\u00e4t\u00e4l\u00f6idyist\u00e4 matkoista ja erityistoiveista - tavoitteenamme on tehd\u00e4 merenkulun unelmistasi totta.<\/li>\n<\/ul>\n<h3>\ud83d\udc68\u200d\u2708\ufe0f <strong>Valmiina nousuun: Tarkastuslista ennen matkaa<\/strong><\/h3>\n<p>Ennen kuin nouset kyytiin, varmista, ett\u00e4:<\/p>\n<ul>\n<li>Pid\u00e4 CanaryVIP-lippusi valmiina joko puhelimessa tai tulostettuna.<\/li>\n<li>Ota mukaan uimahousut, pyyhe ja aurinkovoide, jotta voit nauttia auringosta turvallisesti.<\/li>\n<li>Sy\u00f6 jotain kevytt\u00e4 merisairauden v\u00e4ltt\u00e4miseksi ja rajoita alkoholin nauttimista ennen matkaa.<\/li>\n<li>Valitse ihanteellinen paikka kannella, halusitpa sitten paistatella auringossa tai rentoutua varjossa.<\/li>\n<\/ul>\n<p>Varaa seikkailusi jo t\u00e4n\u00e4\u00e4n ja tee lomastasi unohtumaton kokemus t\u00e4m\u00e4n <a href=\"https:\/\/canaryvip.com\/fi\/tenerife\/boat-hire-tenerife\/?swcfpc=1\">yksinomainen veneenvuokraus Teneriffalla<\/a>.<\/p>","protected":false},"excerpt":{"rendered":"<p>\ud83d\udd0d\u00a0<strong>Seaduction Details:<\/strong><br \/>\n\u2705 Turvallinen maksu.<br \/>\n\ud83d\udd10 Yksityiset matkat.<br \/>\n\ud83d\udee5\ufe0f 14 metrin jahti.<br \/>\n\u23f3 P\u00e4ivitt\u00e4iset retket 3-8 tuntia.<br \/>\n\ud83d\udd59 Mukautettavat l\u00e4ht\u00f6ajat.<br \/>\n\ud83c\udf74 Ateriat ja juomat sis\u00e4ltyv\u00e4t hintaan.<br \/>\n\ud83d\udc65 Enint\u00e4\u00e4n 12 vierasta.<br \/>\n\ud83c\udfca Vedenalaiset skootterit.<br \/>\n\ud83c\udfc4\u200d\u2640\ufe0f Melontalaudat mukana.<br \/>\n\ud83e\udd29 Hauskat puhallettavat.<br \/>\n\ud83e\udd3f Snorklausv\u00e4lineet.<br \/>\n\ud83c\udfa3 Kalastusvavat.<br \/>\n\ud83d\udd0a Toista musiikkia.<br \/>\n\ud83e\udd11 Paras hinta taattu.<br \/>\n\ud83d\udc6a Alennukset aktivoitu.<br \/>\n\ud83d\udd01 Enint\u00e4\u00e4n 4 p\u00e4iv\u00e4n peruutus.<br \/>\n\ud83c\udf0d Monikielinen miehist\u00f6.<br \/>\n\ud83c\udf1f Varaa ajoissa ja s\u00e4\u00e4st\u00e4!<br \/>\n\ud83d\udccd L\u00e4ht\u00f6\u00a0<a href=\"https:\/\/www.google.com\/maps\/place\/Puerto+Col%C3%B3n\/@28.078002,-16.7394902,17z\/data=!3m2!4b1!5s0xc6a97433884bdf9:0x76d293b7b99db23a!4m6!3m5!1s0xc6a9743509c9ebf:0xd62345524f768247!8m2!3d28.078002!4d-16.7369153!16s%2Fg%2F11c6cqryw_?entry=tts&amp;g_ep=EgoyMDI0MDUwNS4wKgBIAVAD\">Puerto Col\u00f3n<\/a>.<\/p>","protected":false},"featured_media":11413,"comment_status":"open","ping_status":"closed","template":"","meta":{"_acf_changed":false},"product_brand":[],"product_cat":[47],"product_tag":[],"class_list":{"0":"post-11406","1":"product","2":"type-product","3":"status-publish","4":"has-post-thumbnail","6":"product_cat-boat-hire-tenerife","7":"wcpa_has_options","9":"first","10":"instock","11":"sale","12":"virtual","13":"purchasable","14":"product-type-simple"},"acf":[],"wcpa_form_fields":{"wcpaData":{"product":{"product_price":855.6,"price_html":"From&nbsp;<del aria-hidden=\"true\"><span class=\"woocommerce-Price-amount amount\"><bdi>930,00&nbsp;<span class=\"woocommerce-Price-currencySymbol\">&euro;<\/span><\/bdi><\/span><\/del> <span class=\"screen-reader-text\">Alkuper\u00e4inen hinta oli: 930,00&nbsp;&euro;.<\/span><ins aria-hidden=\"true\"><span class=\"woocommerce-Price-amount amount\"><bdi>855,60&nbsp;<span class=\"woocommerce-Price-currencySymbol\">&euro;<\/span><\/bdi><\/span><\/ins><span class=\"screen-reader-text\">Nykyinen hinta on: 855,60&nbsp;&euro;.<\/span>","original_product_price":930,"price_including_tax":855.6,"price_excluding_tax":855.6,"product_id":{"parent":11406,"variation":false},"is_variable":false,"stock_status":"instock","stock_quantity":null,"parent_sku":"CV11406","product_attributes":[],"custom_fields":[],"is_taxable":false,"product_name":"Seaduction Luxury Yacht Tenerife","hasImage":false},"fields":{"sec_2663a48fe62c13":{"extra":{"key":"sec_2663a48fe62c13","section_id":"sec_2663a48fe62c13","name":"Default","status":1,"cl_rule":"show","enableCl":false,"relations":[],"toggle":true,"title_tag":"h3","show_title":false,"showPrice":"default","form_id":11407,"form_rules":{"exclude_from_discount":true,"fee_label":"Fee","disp_hide_options_price":true,"disp_show_section_price":false,"disp_show_field_price":true,"layout_option":"standard","pric_use_as_fee":false,"process_fee_as":"woo_fee"},"layout_option":"standard"},"fields":[[{"active":true,"col":6,"relations":false,"cl_rule":"show","enableCl":false,"price":"","enablePrice":false,"className":"oferta-especial","label_position":"default","desc_position":"default","type":"content","required":false,"elementId":"content_0215801483","label":"","name":"content_0215801483","contentType":"rich","value":"<p><strong>\u26a1\ufe0f Exclusive Offer Applied! Available for a limited time only! \u26a1\ufe0f<\/strong><\/p>","isTemplate":false,"error":false,"gt_translate_keys":["label","value"],"price_dependency":false,"cl_dependency":false}],[{"label":"\ud83d\udcc5 Date","active":true,"required":true,"elementId":"date_0663a48fe62c36","picker_type":"custom","picker_mode":"single","placeholder":"","description":"","tooltip":"","name":"date_0663a48fe62c36","label_position":"default","desc_position":"default","enablePrice":false,"className":"","enableCl":false,"relations":[{"operator":"and","rules":[{"operator":"AND","rules":{"cl_field":"radio-group_565c78ffa81208","cl_relation":"is","cl_val":"3 Hour Trip"}}]}],"date_pic_inline":true,"date_pic_inline_hide":true,"min_date":{"type":"days","val":"2"},"max_date":{"type":"days","val":"365"},"date_pic_conf":{"disabledWeeks":[]},"price":"","cl_rule":"show","col":6,"type":"date","error":false,"enableDesign":false,"LabelColor":"","date_conf_custom":{"minDate":"let d = new Date();\nif (d.getHours() >= 18) {\n  d.setDate(d.getDate() + 2);\n} else {\n  d.setDate(d.getDate() + 1);\n}\nreturn d;"},"isWeightTemplate":false,"isTemplate":false,"min_quantity":"1","quantity_decimal":false,"quantity_step":"1","quantity_label":"Quantity","repeater_field_label":"{field_label}","repeater_bind":"","gt_translate_keys":["label","placeholder","description","tooltip","repeater_field_label","quantity_label"],"price_dependency":false,"cl_dependency":false,"value":""}],[{"contentType":"rich","active":true,"label":"","elementId":"content_5663a48fe62c45","value":"<p>\ud83c\udf9f\ufe0f <strong>Reservation<\/strong>: Pay only a deposit now to reserve; the rest is due on the day of the activity upon arrival.<\/p>","inline":false,"name":"content_5663a48fe62c45","enablePrice":false,"className":"","subtype":"p","enableCl":false,"relations":false,"price":"","cl_rule":"show","col":6,"type":"content","error":false,"pricingType":"custom","isTemplate":false,"is_show_price":true,"show_in_checkout":true,"gt_translate_keys":["label","value"],"price_dependency":false,"cl_dependency":false}],[{"elementId":"separator_7663a48fe62c51","separatorType":"blank","className":"","height":"3","enableCl":false,"relations":false,"cl_rule":"show","col":6,"type":"separator","error":false,"gt_translate_keys":[],"price_dependency":false,"cl_dependency":false,"value":""}],[{"active":true,"col":6,"relations":false,"cl_rule":"show","enableCl":false,"price":"","enablePrice":true,"className":"","label_position":"default","desc_position":"default","type":"select","required":true,"elementId":"select_8663a48fe62c5c","label":"\u23f3 Trip Duration","name":"select_8663a48fe62c5c","values":[{"label":"3 Hours (930\u20ac | DISCOUNT NOW 855,60\u20ac)","value":"3","selected":false,"tempId":"aco_556","price":"930","gt_translate_keys":["label"]},{"label":"4 Hours (1.150\u20ac |\u00a0DISCOUNT NOW 1.058\u20ac)","value":"4","selected":false,"tempId":"aco_640","price":"1150","gt_translate_keys":["label"]},{"label":"6 Hours (1.550\u20ac | DISCOUNT NOW 1.426\u20ac)","value":"6","selected":false,"tempId":"aco_660","price":"1550","gt_translate_keys":["label"]},{"label":"8 Hours (1.850\u20ac | DISCOUNT NOW 1.702\u20ac)","value":"8","selected":false,"tempId":"aco_19","price":"1850","gt_translate_keys":["label"]}],"dropdown_type":"basic","error":false,"placeholder":"Select Trip Duration","priceOptions":"different_for_all","pricingType":"fixed","is_show_price":true,"isWeightTemplate":false,"isTemplate":false,"min_quantity":"1","quantity_decimal":false,"quantity_step":"1","quantity_label":"Quantity","repeater_field_label":"{field_label}","repeater_bind":"","gt_translate_keys":["label","placeholder","repeater_field_label","quantity_label"],"price_dependency":["content_6663a48fe62c7b","content_3663a48fe62c85"],"cl_dependency":false,"value":""}],[{"label":"\u2705 Number of People","active":true,"required":true,"elementId":"select_4663a48fe62c66","dropdown_type":"basic","placeholder":"Select Number of People","name":"select_4663a48fe62c66","label_position":"default","desc_position":"default","enablePrice":false,"className":"","enableCl":false,"relations":[{"operator":false,"rules":[{"operator":"AND","rules":{"cl_field":"radio-group_565c78ffa81208","cl_relation":"is","cl_val":"3 Hour Trip"}}]}],"values":[{"label":"1 person","value":"1","selected":false,"tempId":"aco_1471","price":"0","gt_translate_keys":["label"]},{"label":"2 people","value":"2","selected":false,"tempId":"aco_1472","price":"0","gt_translate_keys":["label"]},{"label":"3 people","value":"3","selected":false,"tempId":"aco_1500","price":"0","gt_translate_keys":["label"]},{"label":"4 people","value":"4","selected":false,"tempId":"aco_1510","price":"0","gt_translate_keys":["label"]},{"label":"5 people","value":"5","selected":false,"tempId":"aco_1520","price":"0","gt_translate_keys":["label"]},{"label":"6 people","value":"6","selected":false,"tempId":"aco_1728","price":"0","gt_translate_keys":["label"]},{"label":"7 people","value":"7","selected":false,"tempId":"aco_1738","price":"20","gt_translate_keys":["label"]},{"label":"8 people","value":"8","selected":false,"tempId":"aco_1748","price":"40","gt_translate_keys":["label"]},{"label":"9 people","value":"9","selected":false,"tempId":"aco_1912","price":"60","gt_translate_keys":["label"]},{"label":"10 people","value":"10","selected":false,"tempId":"aco_1922","price":"80","gt_translate_keys":["label"]},{"label":"11 people","value":"11","selected":false,"tempId":"aco_705","price":"100","gt_translate_keys":["label"]},{"label":"12 People","value":"12","selected":false,"tempId":"aco_85","gt_translate_keys":["label"]}],"price":"","cl_rule":"show","col":6,"type":"select","error":false,"priceOptions":"different_for_all","pricingType":"fixed","is_show_price":true,"isWeightTemplate":false,"isTemplate":false,"min_quantity":"1","quantity_decimal":false,"quantity_step":"1","quantity_label":"Quantity","repeater_field_label":"{field_label}","repeater_bind":"","gt_translate_keys":["label","placeholder","repeater_field_label","quantity_label"],"price_dependency":false,"cl_dependency":false,"value":""}],[{"elementId":"separator_7663a48fe62c71","separatorType":"fill","className":"","height":"6","enableCl":false,"relations":false,"cl_rule":"show","col":6,"type":"separator","error":false,"separatorColor":"#66a6b6","gt_translate_keys":[],"price_dependency":false,"cl_dependency":false,"value":""}],[{"active":true,"col":6,"relations":false,"cl_rule":"show","enableCl":false,"price":"({field.select_8663a48fe62c5c.price})*0.20","enablePrice":true,"className":"","label_position":"default","desc_position":"default","type":"content","required":false,"elementId":"content_6663a48fe62c7b","label":"Deposit Payment","name":"content_6663a48fe62c7b","contentType":"plain","value":"","error":false,"pricingType":"custom","isTemplate":false,"is_show_price":false,"enableDesign":true,"scrollBar":false,"use_as_fee":false,"fee_label":"Payment Now","inline":true,"show_in_checkout":true,"subtype":"div","formulaId":"fmla_1708364241278155361","LabelSize":"14px","gt_translate_keys":["label","value"],"price_dependency":["content_8663a48fe62c8f"],"cl_dependency":false}],[{"contentType":"plain","active":true,"label":"Payment at Arrival","elementId":"content_3663a48fe62c85","value":"","inline":true,"show_in_checkout":true,"name":"content_3663a48fe62c85","enablePrice":true,"className":"","fee_label":"Payment at Arrival","subtype":"div","enableCl":false,"relations":false,"scrollBar":false,"enableDesign":true,"pricingType":"custom","isTemplate":false,"price":"(({field.select_8663a48fe62c5c.price})*0.80)*0.90","use_as_fee":false,"is_show_price":true,"cl_rule":"show","col":6,"type":"content","error":false,"formulaId":"fmla_1708360988969136756","LabelSize":"14px","gt_translate_keys":["label","value"],"price_dependency":["content_8663a48fe62c8f"],"cl_dependency":false}],[{"contentType":"plain","active":true,"label":"Total Price","elementId":"content_8663a48fe62c8f","value":"","inline":true,"show_in_checkout":true,"name":"content_8663a48fe62c8f","enablePrice":true,"className":"","fee_label":"Payment at Arrival","subtype":"div","enableCl":false,"relations":false,"scrollBar":false,"enableDesign":true,"LabelSize":"14px","pricingType":"custom","isTemplate":false,"price":"({field.content_6663a48fe62c7b.price}) + ({field.content_3663a48fe62c85.price})","formulaId":"fmla_1708360988969136756","use_as_fee":false,"is_show_price":true,"cl_rule":"show","col":6,"type":"content","error":false,"gt_translate_keys":["label","value"],"price_dependency":false,"cl_dependency":false}],[{"elementId":"separator_0663a48fe62c99","separatorType":"blank","className":"","height":"3","enableCl":false,"relations":false,"cl_rule":"show","col":6,"type":"separator","error":false,"gt_translate_keys":[],"price_dependency":false,"cl_dependency":false,"value":""}],[{"active":true,"col":6,"relations":[{"operator":false,"rules":[{"operator":"AND","rules":{"cl_field":"radio-group_565c78ffa81208","cl_relation":"is","cl_val":"3 Hour Trip"}}]}],"cl_rule":"show","enableCl":false,"price":"","enablePrice":false,"className":"","label_position":"default","desc_position":"default","type":"select","required":false,"elementId":"select_8663a48fe62ca3","label":"\u23f0 Departure","name":"select_8663a48fe62ca3","values":[{"label":"09:00","value":"09:00","selected":false,"tempId":"aco_1471","gt_translate_keys":["label"]},{"label":"10:00","value":"10:00","selected":false,"tempId":"aco_1472","gt_translate_keys":["label"]},{"label":"11:00","value":"11:00","selected":false,"tempId":"aco_1500","gt_translate_keys":["label"]},{"label":"12:00","value":"12:00","selected":false,"tempId":"aco_1510","gt_translate_keys":["label"]},{"label":"13:30 (1:30 PM)","value":"13:30","selected":false,"tempId":"aco_1520","gt_translate_keys":["label"]},{"label":"14:00 (2:00 PM)","value":"14:00","selected":false,"tempId":"aco_1728","gt_translate_keys":["label"]},{"label":"15:00 (3:00 PM)","value":"15:00","selected":false,"tempId":"aco_1738","gt_translate_keys":["label"]}],"dropdown_type":"basic","error":false,"placeholder":"Whichever Time is Best","isWeightTemplate":false,"isTemplate":false,"min_quantity":"1","quantity_decimal":false,"quantity_step":"1","quantity_label":"Quantity","repeater_field_label":"{field_label}","repeater_bind":"","gt_translate_keys":["label","placeholder","repeater_field_label","quantity_label"],"price_dependency":false,"cl_dependency":false,"value":""}],[{"elementId":"separator_4663a48fe62cad","separatorType":"blank","className":"","height":"1","enableCl":false,"relations":false,"cl_rule":"show","col":6,"type":"separator","error":false,"gt_translate_keys":[],"price_dependency":false,"cl_dependency":false,"value":""}]]}},"config":{"price_override":"always","enable_recaptcha":false,"bind_quantity":false,"quantity_bind_formula":false,"disp_summ_show_option_price":true,"disp_summ_show_product_price":false,"disp_summ_show_total_price":false,"disp_summ_show_fee":true,"disp_summ_show_discount":true,"summary_title":"","options_total_label":"Options Price","total_label":"Deposit Amount","options_product_label":"Product Price","fee_label":"Fee","discount_label":"Discount","has_price":true,"has_quantity_formula":false},"mc_unit":1,"tax_rate":1,"tax_rate_real":1,"discount":{"percentage":0,"fixed":0},"design":{"conf":{"LabelPosition":"above","DescPosition":"above","UploadField":"custom_1","QuantityFieldStyle":"custom_1"},"css":{"LeftLabelWidth":"120px"}},"formulas":{"fmla_1708360988969136756":"(({field.select_2663a0ecdc488f.value}>=5)?(640):(({field.select_2663a0ecdc488f.value}>=4)?(520):(({field.select_2663a0ecdc488f.value}>=3)?(440):(0))))","fmla_1708364241278155361":"(({field.select_5841412719.value}>=8)?({field.select_5841412719.price}):(({field.select_5841412719.value}>=5)?({field.select_5841412719.price}):(({field.select_5841412719.value}>=3)?({field.select_5841412719.price}):(0))))"},"lookuptables":[],"clones":false,"cartKey":false}},"_links":{"self":[{"href":"https:\/\/canaryvip.com\/fi\/wp-json\/wp\/v2\/product\/11406","targetHints":{"allow":["GET"]}}],"collection":[{"href":"https:\/\/canaryvip.com\/fi\/wp-json\/wp\/v2\/product"}],"about":[{"href":"https:\/\/canaryvip.com\/fi\/wp-json\/wp\/v2\/types\/product"}],"replies":[{"embeddable":true,"href":"https:\/\/canaryvip.com\/fi\/wp-json\/wp\/v2\/comments?post=11406"}],"wp:featuredmedia":[{"embeddable":true,"href":"https:\/\/canaryvip.com\/fi\/wp-json\/wp\/v2\/media\/11413"}],"wp:attachment":[{"href":"https:\/\/canaryvip.com\/fi\/wp-json\/wp\/v2\/media?parent=11406"}],"wp:term":[{"taxonomy":"product_brand","embeddable":true,"href":"https:\/\/canaryvip.com\/fi\/wp-json\/wp\/v2\/product_brand?post=11406"},{"taxonomy":"product_cat","embeddable":true,"href":"https:\/\/canaryvip.com\/fi\/wp-json\/wp\/v2\/product_cat?post=11406"},{"taxonomy":"product_tag","embeddable":true,"href":"https:\/\/canaryvip.com\/fi\/wp-json\/wp\/v2\/product_tag?post=11406"}],"curies":[{"name":"wp","href":"https:\/\/api.w.org\/{rel}","templated":true}]}}