{"id":11400,"date":"2024-05-07T12:18:46","date_gmt":"2024-05-07T11:18:46","guid":{"rendered":"https:\/\/canaryvip.com\/?post_type=product&#038;p=11400"},"modified":"2025-08-09T12:37:17","modified_gmt":"2025-08-09T11:37:17","slug":"white-heaven-tenerife","status":"publish","type":"product","link":"https:\/\/canaryvip.com\/fi\/shop\/white-heaven-tenerife\/","title":{"rendered":"White Heaven Boat Teneriffa"},"content":{"rendered":"<h2><strong>\ud83d\udee5\ufe0f White Heaven Veneenvuokraus Teneriffalla<\/strong><\/h2>\n<p>Koe Teneriffan vesien tyylikkyys ja j\u00e4nnitys White Heaven -venepurjehduksellamme, joka erottuu ylellisten moottoriveneiden vuokrasopimustemme joukosta. <a href=\"https:\/\/www.google.com\/maps\/place\/Puerto+Col%C3%B3n\/@28.078002,-16.7394902,17z\/data=!3m2!4b1!5s0xc6a97433884bdf9:0x76d293b7b99db23a!4m6!3m5!1s0xc6a9743509c9ebf:0xd62345524f768247!8m2!3d28.078002!4d-16.7369153!16s%2Fg%2F11c6cqryw_?entry=tts&amp;g_ep=EgoyMDI0MDUwNS4wKgBIAVAD\" target=\"_blank\" rel=\"noopener\">Puerto Col\u00f3n<\/a>. White Heaven sopii erinomaisesti sek\u00e4 vilkkaisiin juhliin ett\u00e4 rauhallisiin perheretkiin, ja se on suunniteltu tarjoamaan t\u00e4ydellisen sekoituksen nopeutta, mukavuutta ja unohtumattomia hetki\u00e4 vesill\u00e4. <a href=\"https:\/\/canaryvip.com\/fi\/tenerife\/boat-hire-tenerife\/?swcfpc=1\">vuokrata veneen Teneriffalla<\/a>.<\/p>\n<h3>\u2b50\ufe0f <strong>Ylellisyytt\u00e4 ja j\u00e4nnityst\u00e4 White Heaven -aluksella<\/strong><\/h3>\n<p><span style=\"text-decoration: underline;\"><strong>White Heavenin t\u00e4rkeimm\u00e4t ominaisuudet:<\/strong><\/span><\/p>\n<ul>\n<li>Vankka 700 hv:n moottori mahdollistaa nopean ja tehokkaan risteilyn.<\/li>\n<li>Ylellisen mukavat istuimet ja varjoisa alue, jossa voit nauttia merituulesta ilman suoraa auringonvaloa.<\/li>\n<li>Maukkaat gourmet-v\u00e4lipalat ja valikoima kylmi\u00e4 juomia pit\u00e4v\u00e4t sinut virke\u00e4n\u00e4.<\/li>\n<li>Kokenut kapteeni ja miehist\u00f6 takaavat turvallisen ja nautinnollisen kokemuksen kaikille.<\/li>\n<\/ul>\n<h4>\ud83d\udea4 <strong>Aloita meriseikkailusi<\/strong><\/h4>\n<p>L\u00e4hde matkallesi Costa Adejen Puerto Col\u00f3nista, jossa odottaa tyylik\u00e4s White Heaven -vuokrausvene Teneriffalla. T\u00e4m\u00e4 intiimeille ryhmille suunniteltu vuokraus rajoittaa vieraiden m\u00e4\u00e4r\u00e4n 11:een, mik\u00e4 takaa henkil\u00f6kohtaisen ja eksklusiivisen kokemuksen Teneriffan kauniilla vesill\u00e4. T\u00e4m\u00e4 tekee siit\u00e4 huippuvalinnan niille, jotka haluavat vuokrata veneen Teneriffalla.<\/p>\n<h4>\ud83c\udf0a <strong>Tutustu Teneriffan vesien kauneuteen<\/strong><\/h4>\n<p>Kun olet noussut alukselle, huomaat, ett\u00e4 Teneriffan lumoavat siniset vedet tarjoavat muutakin kuin pelkki\u00e4 n\u00e4kymi\u00e4 - ne ovat leikkikentt\u00e4 niin seikkailijoille kuin rentoutujillekin. Nautitpa sitten auringosta tilavalla kannella tai etsit mukavuutta varjoisilla alueilla, jokainen hetki White Heavenilla on suunniteltu ilahduttamaan ja inspiroimaan.<\/p>\n<h4>\ud83d\udc2c <strong>Eleganssi ja arvo yhdistettyn\u00e4<\/strong><\/h4>\n<p>Me CanaryVIP:ss\u00e4 parannamme veneenvuokrauskokemustasi Teneriffalla yhdist\u00e4m\u00e4ll\u00e4 ylelliset mukavuudet ja erinomaisen arvon. Tutustu Teneriffan vieh\u00e4tt\u00e4viin rannikoihin White Heavenin kyydiss\u00e4, jossa kaikki yksityiskohdat turvallisuudesta viihteeseen on hoidettu huolellisesti, jotta sinulla olisi unohtumaton venekierros Teneriffalla.<\/p>\n<h3>\ud83d\udd52 <strong>Valitse haluamasi matkan kesto<\/strong><\/h3>\n<ul>\n<li><strong>3 tunnin rannikon aarrekierros<\/strong>: L\u00e4hde kolmen tunnin ylelliselle huvipurjehdukselle Teneriffan etel\u00e4rannikkoa pitkin. Sukella kristallinkirkkaisiin vesiin snorklaamaan tai rentoudu ja nauti panoraaman\u00e4kymist\u00e4. T\u00e4h\u00e4n lyhyeen vuokrasopimukseen sis\u00e4ltyy v\u00e4lipaloja, juomia ja kaikki tarvittavat snorklausv\u00e4lineet, ja se tarjoaa ihastuttavan v\u00e4l\u00e4hdyksen paratiisiin, joka sopii t\u00e4ydellisesti Teneriffan nopealle veneretkelle.<\/li>\n<li><strong>4-tuntinen etel\u00e4rannikon retki<\/strong>: Uppoudu ylellisyyteen ja seikkailuun nelj\u00e4n tunnin jahtimatkallamme. Tutustu kauniiseen etel\u00e4rannikkoon, nauti snorklauksesta valtameren syvyyksiss\u00e4 ja nauti upeista n\u00e4kymist\u00e4 ainutlaatuisesta n\u00e4k\u00f6kulmasta. T\u00e4m\u00e4 tilausmatka sis\u00e4lt\u00e4\u00e4 kaikki ateriat, juomat ja snorklausv\u00e4lineet, ja se sopii t\u00e4ydellisesti niille, jotka haluavat kohottaa lomansa.<\/li>\n<li><strong>5 tunnin Discovery Voyage<\/strong>: L\u00e4hde todella eeppiseen seikkailuun viiden tunnin purjehdusretkell\u00e4mme. Matkusta pitkin Teneriffan vieh\u00e4tt\u00e4v\u00e4\u00e4 etel\u00e4rannikkoa, osallistu j\u00e4nnitt\u00e4viin snorklaussessioihin ja koe majesteettinen valtameri kaikessa komeudessaan. T\u00e4h\u00e4n kattavaan vuokrasopimukseen sis\u00e4ltyy kaikki ateriat, juomat ja snorkkelivarusteet, joten se sopii erinomaisesti unohtumattomaan p\u00e4iv\u00e4\u00e4n Teneriffan vesill\u00e4.<\/li>\n<\/ul>\n<p>Kukin retkivaihtoehto on suunniteltu enint\u00e4\u00e4n kuudelle vieraalle, ja lis\u00e4maksusta (20 \u20ac\/henkil\u00f6) on mahdollista lis\u00e4t\u00e4 osallistujia enint\u00e4\u00e4n yhteentoista vieraaseen asti. T\u00e4m\u00e4 joustavuus takaa, ett\u00e4 olipa kyseess\u00e4 lyhyt pakomatka tai pidempi tutkimusmatka, kokemuksestasi tulee mukava, ylellinen ja ikimuistoinen.<\/p>\n<h3>\u2705 <strong>Kaikki mit\u00e4 tarvitset t\u00e4ydelliseen p\u00e4iv\u00e4\u00e4n merell\u00e4<\/strong><\/h3>\n<ul>\n<li>Nauti rajattomasti herkkupaloja ja juomia, jotka t\u00e4ytt\u00e4v\u00e4t kaikki mieltymykset ja ruokavaliotarpeet.<\/li>\n<li>Monikielinen ja kokenut miehist\u00f6 on valmis vastaamaan tarpeisiisi ja varmistamaan saumattoman ja turvallisen matkan.<\/li>\n<\/ul>\n<h3>\ud83d\udccd <strong>Purjehdus Puerto Col\u00f3nista<\/strong><\/h3>\n<p>Teneriffan veneretkiseikkailusi alkaa Costa Adejen syd\u00e4mest\u00e4, kun White Heaven l\u00e4htee Puerto Col\u00f3nista. Suosittelemme saapumaan 15 minuuttia ennen l\u00e4ht\u00f6\u00e4, jotta p\u00e4iv\u00e4si alkaisi stressitt\u00f6m\u00e4sti. Satamassa on k\u00e4tev\u00e4 pys\u00e4k\u00f6intitila, joka helpottaa p\u00e4\u00e4sy\u00e4 eksklusiiviseen charter-matkaasi.<\/p>\n<h4>\ud83d\udcdc <strong>Saumaton varaus &amp; selke\u00e4t peruutusehdot<\/strong><\/h4>\n<p>White Heavenin paikan varmistaminen on helppoa k\u00e4ytt\u00e4j\u00e4yst\u00e4v\u00e4llisen varausj\u00e4rjestelm\u00e4mme ja selkeiden k\u00e4yt\u00e4nt\u00f6jemme ansiosta:<\/p>\n<ul>\n<li><strong>S\u00e4\u00e4takuu<\/strong>: Seuraamme olosuhteita varmistaaksemme sujuvan purjehduksen. Jos laiva peruuntuu huonon s\u00e4\u00e4n vuoksi, voit valita joko uuden aikataulun tai t\u00e4yden hyvityksen, jolloin turvallisuutesi ja tyytyv\u00e4isyytesi ovat etusijalla.<\/li>\n<li><strong>Joustava peruutus<\/strong>: El\u00e4m\u00e4 on arvaamatonta. Peruuta varauksesi enint\u00e4\u00e4n 4 p\u00e4iv\u00e4\u00e4 etuk\u00e4teen ja saat t\u00e4yden hyvityksen. Nelj\u00e4n p\u00e4iv\u00e4n kuluessa koko summaa ei palauteta.<\/li>\n<li><strong>Digitaaliset liput<\/strong>: P\u00e4\u00e4set helposti k\u00e4siksi maihinnousukortteihisi puhelimella tai tulostamalla ne k\u00e4tev\u00e4sti.<\/li>\n<\/ul>\n<p><strong>Varaa ikimuistoinen matkasi White Heaven -aluksella CanaryVIP:lt\u00e4 jo t\u00e4n\u00e4\u00e4n ja purjehdi p\u00e4iv\u00e4\u00e4n, joka on t\u00e4ynn\u00e4 ylellisyytt\u00e4, mukavuutta ja unohtumattomia meriseikkailuja.<\/strong><\/p>","protected":false},"excerpt":{"rendered":"<p>\ud83d\udd0d <strong>White Heaven Yksityiskohdat:<\/strong><br \/>\n\u2705 Turvallinen maksu.<br \/>\n\ud83d\udd10 Yksityiset matkat.<br \/>\n\ud83d\udee5\ufe0f 11 metrin vene.<br \/>\n\u23f3 P\u00e4ivitt\u00e4iset retket 3-5h.<br \/>\n\ud83d\udd59 Mukautettavat l\u00e4ht\u00f6ajat.<br \/>\n\ud83c\udf74 Ateriat ja juomat sis\u00e4ltyv\u00e4t hintaan.<br \/>\n\ud83d\udc65 Enint\u00e4\u00e4n 11 vierasta.<br \/>\n\ud83e\udd3f Snorkkelivarusteet tarjotaan.<br \/>\n\ud83e\udd11 Paras hinta taattu.<br \/>\n\ud83d\udc6a Alennukset aktivoitu.<br \/>\n\ud83d\udd01 Enint\u00e4\u00e4n 4 p\u00e4iv\u00e4n peruutus.<br \/>\n\ud83c\udf0d Monikielinen miehist\u00f6.<br \/>\n\ud83c\udf1f Varaa ajoissa ja s\u00e4\u00e4st\u00e4!<br \/>\n\ud83d\udccd L\u00e4ht\u00f6 <a href=\"https:\/\/www.google.com\/maps\/place\/Puerto+Col%C3%B3n\/@28.078002,-16.7394902,17z\/data=!3m2!4b1!5s0xc6a97433884bdf9:0x76d293b7b99db23a!4m6!3m5!1s0xc6a9743509c9ebf:0xd62345524f768247!8m2!3d28.078002!4d-16.7369153!16s%2Fg%2F11c6cqryw_?entry=tts&amp;g_ep=EgoyMDI0MDUwNS4wKgBIAVAD\">Puerto Col\u00f3n<\/a>.<\/p>","protected":false},"featured_media":11401,"comment_status":"open","ping_status":"closed","template":"","meta":{"_acf_changed":false},"product_brand":[],"product_cat":[47],"product_tag":[],"class_list":{"0":"post-11400","1":"product","2":"type-product","3":"status-publish","4":"has-post-thumbnail","6":"product_cat-boat-hire-tenerife","7":"wcpa_has_options","9":"first","10":"instock","11":"virtual","12":"purchasable","13":"product-type-simple"},"acf":[],"wcpa_form_fields":{"wcpaData":{"product":{"product_price":600,"price_html":"From&nbsp;<span class=\"woocommerce-Price-amount amount\"><bdi>600,00&nbsp;<span class=\"woocommerce-Price-currencySymbol\">&euro;<\/span><\/bdi><\/span>","original_product_price":600,"price_including_tax":600,"price_excluding_tax":600,"product_id":{"parent":11400,"variation":false},"is_variable":false,"stock_status":"instock","stock_quantity":null,"parent_sku":"CV11400","product_attributes":[],"custom_fields":[],"is_taxable":false,"product_name":"White Heaven Boat Tenerife","hasImage":false},"fields":{"sec_4663a0ecdc484d":{"extra":{"key":"sec_4663a0ecdc484d","section_id":"sec_4663a0ecdc484d","name":"Default","status":1,"cl_rule":"show","enableCl":false,"relations":[],"toggle":true,"title_tag":"h3","show_title":false,"showPrice":"default","form_id":11405,"form_rules":{"exclude_from_discount":true,"fee_label":"Fee","disp_hide_options_price":true,"disp_show_section_price":false,"disp_show_field_price":true,"layout_option":"standard","pric_use_as_fee":false,"process_fee_as":"woo_fee"},"layout_option":"standard"},"fields":[[{"label":"\ud83d\udcc5 Date","active":true,"required":true,"elementId":"date_6663a0ecdc486b","picker_type":"custom","picker_mode":"single","placeholder":"","description":"","tooltip":"","name":"date_6663a0ecdc486b","label_position":"default","desc_position":"default","enablePrice":false,"className":"","enableCl":false,"relations":[{"operator":"and","rules":[{"operator":"AND","rules":{"cl_field":"radio-group_565c78ffa81208","cl_relation":"is","cl_val":"3 Hour Trip"}}]}],"date_pic_inline":true,"date_pic_inline_hide":true,"min_date":{"type":"days","val":"2"},"max_date":{"type":"days","val":"365"},"date_pic_conf":{"disabledWeeks":[]},"price":"","cl_rule":"show","col":6,"type":"date","error":false,"enableDesign":false,"LabelColor":"","gt_translate_keys":["label","placeholder","description","tooltip"],"price_dependency":false,"cl_dependency":false,"value":""}],[{"contentType":"rich","active":true,"label":"","elementId":"content_2663a0ecdc4879","value":"<p>\ud83c\udf9f\ufe0f <strong>Reservation<\/strong>: Pay only a deposit now to reserve; the rest is due on the day of the activity upon arrival.<\/p>","inline":false,"name":"content_2663a0ecdc4879","enablePrice":false,"className":"","subtype":"p","enableCl":false,"relations":false,"price":"","cl_rule":"show","col":6,"type":"content","error":false,"pricingType":"custom","isTemplate":false,"is_show_price":true,"show_in_checkout":true,"gt_translate_keys":["label","value"],"price_dependency":false,"cl_dependency":false}],[{"elementId":"separator_5663a0ecdc4885","separatorType":"blank","className":"","height":"3","enableCl":false,"relations":false,"cl_rule":"show","col":6,"type":"separator","error":false,"gt_translate_keys":[],"price_dependency":false,"cl_dependency":false,"value":""}],[{"active":true,"col":6,"relations":false,"cl_rule":"show","enableCl":false,"price":"","enablePrice":true,"className":"","label_position":"default","desc_position":"default","type":"select","required":true,"elementId":"select_2663a0ecdc488f","label":"\u23f3 Trip Duration","name":"select_2663a0ecdc488f","values":[{"label":"3 Hours (600\u20ac)","value":"3","selected":false,"tempId":"aco_556","price":"600","gt_translate_keys":["label"]},{"label":"4 Hours (800\u20ac)","value":"4","selected":false,"tempId":"aco_640","price":"800","gt_translate_keys":["label"]},{"label":"5 Hours (1000\u20ac)","value":"5","selected":false,"tempId":"aco_660","price":"1000","gt_translate_keys":["label"]}],"dropdown_type":"basic","error":false,"placeholder":"Select Trip Duration","priceOptions":"different_for_all","pricingType":"fixed","is_show_price":true,"gt_translate_keys":["label","placeholder"],"price_dependency":["content_8663a0ecdc48a2","content_9663a0ecdc48ab"],"cl_dependency":false,"value":""}],[{"label":"\u2705 Number of People","active":true,"required":true,"elementId":"select_6663a0ecdc48db","dropdown_type":"basic","placeholder":"Select Number of People","name":"select_6663a0ecdc48db","label_position":"default","desc_position":"default","enablePrice":true,"className":"","enableCl":false,"relations":[{"operator":false,"rules":[{"operator":"AND","rules":{"cl_field":"radio-group_565c78ffa81208","cl_relation":"is","cl_val":"3 Hour Trip"}}]}],"values":[{"label":"1 person","value":"1","selected":false,"tempId":"aco_1471","price":"0","gt_translate_keys":["label"]},{"label":"2 people","value":"2","selected":false,"tempId":"aco_1472","price":"0","gt_translate_keys":["label"]},{"label":"3 people","value":"3","selected":false,"tempId":"aco_1500","price":"0","gt_translate_keys":["label"]},{"label":"4 people","value":"4","selected":false,"tempId":"aco_1510","price":"0","gt_translate_keys":["label"]},{"label":"5 people","value":"5","selected":false,"tempId":"aco_1520","price":"0","gt_translate_keys":["label"]},{"label":"6 people","value":"6","selected":false,"tempId":"aco_1728","price":"0","gt_translate_keys":["label"]},{"label":"7 people (+20\u20ac)","value":"7","selected":false,"tempId":"aco_1738","price":"20","gt_translate_keys":["label"]},{"label":"8 people (+40\u20ac)","value":"8","selected":false,"tempId":"aco_1748","price":"40","gt_translate_keys":["label"]},{"label":"9 people (+60\u20ac)","value":"9","selected":false,"tempId":"aco_1912","price":"60","gt_translate_keys":["label"]},{"label":"10 people (+80\u20ac)","value":"10","selected":false,"tempId":"aco_1922","price":"80","gt_translate_keys":["label"]},{"label":"11 people (+100\u20ac)","value":"11","selected":false,"tempId":"aco_705","price":"100","gt_translate_keys":["label"]}],"price":"","cl_rule":"show","col":6,"type":"select","error":false,"priceOptions":"different_for_all","pricingType":"fixed","is_show_price":true,"gt_translate_keys":["label","placeholder"],"price_dependency":["content_8663a0ecdc48a2","content_9663a0ecdc48ab"],"cl_dependency":false,"value":""}],[{"elementId":"separator_6663a0ecdc4899","separatorType":"fill","className":"","height":"6","enableCl":false,"relations":false,"cl_rule":"show","col":6,"type":"separator","error":false,"separatorColor":"#66a6b6","gt_translate_keys":[],"price_dependency":false,"cl_dependency":false,"value":""}],[{"active":true,"col":6,"relations":false,"cl_rule":"show","enableCl":false,"price":"({field.select_2663a0ecdc488f.price} + {field.select_6663a0ecdc48db.price})*0.20","enablePrice":true,"className":"","label_position":"default","desc_position":"default","type":"content","required":false,"elementId":"content_8663a0ecdc48a2","label":"Deposit Payment","name":"content_8663a0ecdc48a2","contentType":"plain","value":"","error":false,"pricingType":"custom","isTemplate":false,"is_show_price":false,"enableDesign":true,"scrollBar":false,"use_as_fee":false,"fee_label":"Payment Now","inline":true,"show_in_checkout":true,"subtype":"div","formulaId":"fmla_1708364241278155361","LabelSize":"14px","gt_translate_keys":["label","value"],"price_dependency":["content_8663a0ecdc48b4"],"cl_dependency":false}],[{"contentType":"plain","active":true,"label":"Payment at Arrival","elementId":"content_9663a0ecdc48ab","value":"","inline":true,"show_in_checkout":true,"name":"content_9663a0ecdc48ab","enablePrice":true,"className":"","fee_label":"Payment at Arrival","subtype":"div","enableCl":false,"relations":false,"scrollBar":false,"enableDesign":true,"pricingType":"custom","isTemplate":false,"price":"({field.select_2663a0ecdc488f.price} + {field.select_6663a0ecdc48db.price})*0.80","use_as_fee":false,"is_show_price":true,"cl_rule":"show","col":6,"type":"content","error":false,"formulaId":"fmla_1708360988969136756","LabelSize":"14px","gt_translate_keys":["label","value"],"price_dependency":["content_8663a0ecdc48b4"],"cl_dependency":false}],[{"contentType":"plain","active":true,"label":"Total Price","elementId":"content_8663a0ecdc48b4","value":"","inline":true,"show_in_checkout":true,"name":"content_8663a0ecdc48b4","enablePrice":true,"className":"","fee_label":"Payment at Arrival","subtype":"div","enableCl":false,"relations":false,"scrollBar":false,"enableDesign":true,"LabelSize":"14px","pricingType":"custom","isTemplate":false,"price":"({field.content_8663a0ecdc48a2.price}) + ({field.content_9663a0ecdc48ab.price})","formulaId":"fmla_1708360988969136756","use_as_fee":false,"is_show_price":true,"cl_rule":"show","col":6,"type":"content","error":false,"gt_translate_keys":["label","value"],"price_dependency":false,"cl_dependency":false}],[{"elementId":"separator_1663a0ecdc48bf","separatorType":"blank","className":"","height":"3","enableCl":false,"relations":false,"cl_rule":"show","col":6,"type":"separator","error":false,"gt_translate_keys":[],"price_dependency":false,"cl_dependency":false,"value":""}],[{"active":true,"col":6,"relations":[{"operator":false,"rules":[{"operator":"AND","rules":{"cl_field":"radio-group_565c78ffa81208","cl_relation":"is","cl_val":"3 Hour Trip"}}]}],"cl_rule":"show","enableCl":false,"price":"","enablePrice":false,"className":"","label_position":"default","desc_position":"default","type":"select","required":false,"elementId":"select_7663a0ecdc48c8","label":"\u23f0 Departure","name":"select_7663a0ecdc48c8","values":[{"label":"09:00","value":"09:00","selected":false,"tempId":"aco_1471","gt_translate_keys":["label"]},{"label":"10:00","value":"10:00","selected":false,"tempId":"aco_1472","gt_translate_keys":["label"]},{"label":"11:00","value":"11:00","selected":false,"tempId":"aco_1500","gt_translate_keys":["label"]},{"label":"12:00","value":"12:00","selected":false,"tempId":"aco_1510","gt_translate_keys":["label"]},{"label":"13:00 (1:00 PM)","value":"13:00","selected":false,"tempId":"aco_1520","gt_translate_keys":["label"]},{"label":"14:00 (2:00 PM)","value":"14:00","selected":false,"tempId":"aco_1728","gt_translate_keys":["label"]},{"label":"15:00 (3:00 PM)","value":"15:00","selected":false,"tempId":"aco_1738","gt_translate_keys":["label"]}],"dropdown_type":"basic","error":false,"placeholder":"Whichever Time is Best","gt_translate_keys":["label","placeholder"],"price_dependency":false,"cl_dependency":false,"value":""}],[{"elementId":"separator_0663a0ecdc48d2","separatorType":"blank","className":"","height":"1","enableCl":false,"relations":false,"cl_rule":"show","col":6,"type":"separator","error":false,"gt_translate_keys":[],"price_dependency":false,"cl_dependency":false,"value":""}]]}},"config":{"price_override":"always","enable_recaptcha":false,"bind_quantity":false,"quantity_bind_formula":false,"disp_summ_show_option_price":true,"disp_summ_show_product_price":false,"disp_summ_show_total_price":false,"disp_summ_show_fee":true,"disp_summ_show_discount":true,"summary_title":"","options_total_label":"Options Price","total_label":"Deposit Amount","options_product_label":"Product Price","fee_label":"Fee","discount_label":"Discount","has_price":true,"has_quantity_formula":false},"mc_unit":1,"tax_rate":1,"tax_rate_real":1,"discount":{"percentage":0,"fixed":0},"design":{"conf":{"LabelPosition":"above","DescPosition":"above","UploadField":"custom_1","QuantityFieldStyle":"custom_1"},"css":{"LeftLabelWidth":"120px"}},"formulas":{"fmla_1708360988969136756":"(({field.select_2663a0ecdc488f.value}>=5)?(640):(({field.select_2663a0ecdc488f.value}>=4)?(520):(({field.select_2663a0ecdc488f.value}>=3)?(440):(0))))","fmla_1708364241278155361":"(({field.select_5841412719.value}>=8)?({field.select_5841412719.price}):(({field.select_5841412719.value}>=5)?({field.select_5841412719.price}):(({field.select_5841412719.value}>=3)?({field.select_5841412719.price}):(0))))"},"lookuptables":[],"clones":false,"cartKey":false}},"_links":{"self":[{"href":"https:\/\/canaryvip.com\/fi\/wp-json\/wp\/v2\/product\/11400","targetHints":{"allow":["GET"]}}],"collection":[{"href":"https:\/\/canaryvip.com\/fi\/wp-json\/wp\/v2\/product"}],"about":[{"href":"https:\/\/canaryvip.com\/fi\/wp-json\/wp\/v2\/types\/product"}],"replies":[{"embeddable":true,"href":"https:\/\/canaryvip.com\/fi\/wp-json\/wp\/v2\/comments?post=11400"}],"wp:featuredmedia":[{"embeddable":true,"href":"https:\/\/canaryvip.com\/fi\/wp-json\/wp\/v2\/media\/11401"}],"wp:attachment":[{"href":"https:\/\/canaryvip.com\/fi\/wp-json\/wp\/v2\/media?parent=11400"}],"wp:term":[{"taxonomy":"product_brand","embeddable":true,"href":"https:\/\/canaryvip.com\/fi\/wp-json\/wp\/v2\/product_brand?post=11400"},{"taxonomy":"product_cat","embeddable":true,"href":"https:\/\/canaryvip.com\/fi\/wp-json\/wp\/v2\/product_cat?post=11400"},{"taxonomy":"product_tag","embeddable":true,"href":"https:\/\/canaryvip.com\/fi\/wp-json\/wp\/v2\/product_tag?post=11400"}],"curies":[{"name":"wp","href":"https:\/\/api.w.org\/{rel}","templated":true}]}}