{"id":11386,"date":"2024-05-06T14:37:45","date_gmt":"2024-05-06T13:37:45","guid":{"rendered":"https:\/\/canaryvip.com\/?post_type=product&#038;p=11386"},"modified":"2025-08-09T12:38:08","modified_gmt":"2025-08-09T11:38:08","slug":"valkyrie-yacht-hire-tenerife","status":"publish","type":"product","link":"https:\/\/canaryvip.com\/fi\/shop\/valkyrie-yacht-hire-tenerife\/","title":{"rendered":"Valkyrie Boat Hire Teneriffa"},"content":{"rendered":"<h2>\ud83d\udee5\ufe0f Valkyrie Yacht Charter Tenerife<\/h2>\n<p>L\u00e4hde yksityiselle Teneriffan huvijahdille CanaryVIP:n Valkyrie Yachtilla, jossa yhdistyv\u00e4t ylellisyys, rentoutuminen ja j\u00e4nnitt\u00e4v\u00e4 j\u00e4nnitys. <a href=\"https:\/\/canaryvip.com\/fi\/tenerife\/boat-hire-tenerife\/\">veneen vuokraus<\/a> Teneriffan henke\u00e4salpaavan rannikon varrella. T\u00e4m\u00e4 hieno 15-metrinen <em>Princess 45 Fly malli<\/em> on suunniteltu mukavuutta ja tyyli\u00e4 varten, ja se tarjoaa intiimin huvipurjehduksen enint\u00e4\u00e4n 10 vieraalle.<\/p>\n<h3>\u2b50\ufe0f <strong>Verraton ylellisyys ja mukavuus aluksella<\/strong><\/h3>\n<p><span style=\"text-decoration: underline;\"><strong>Tutustu Valkyrien merkitt\u00e4viin ominaisuuksiin:<\/strong><\/span><\/p>\n<ul>\n<li>Tilava kansi, joka on suunniteltu rentoutumiseen ja maisemiin.<\/li>\n<li>WiFi, Bluetooth-kaiuttimet ja k\u00e4tev\u00e4 kylpytaso.<\/li>\n<li>Hytit, joissa on oma suihku ja wc, ihanteellinen vaihtamiseen tai lep\u00e4\u00e4miseen.<\/li>\n<li>Snorklausv\u00e4lineet, uintisuojat ja melontalauta vesiaktiviteetteja varten.<\/li>\n<\/ul>\n<h3>\ud83d\udea4 <strong>Valitse ihanteellinen venekierros Teneriffalla<\/strong><\/h3>\n<h4>3 tunnin matka<\/h4>\n<p>Ihanteellinen perheille ja ryhmille, jotka etsiv\u00e4t nopeaa mutta ikimuistoista yksityist\u00e4 veneretke\u00e4 Teneriffalla.<\/p>\n<ul>\n<li>Purjehdi Teneriffan upeaa rannikkoa pitkin ja n\u00e4e delfiinej\u00e4 ja valaita.<\/li>\n<li>Ankkuri uintia, snorklausta ja melontaa varten kirkkaissa vesiss\u00e4.<\/li>\n<li>Nauti avoimesta baarista, jossa on valikoima alkoholijuomia, kuten cavaa, v\u00e4kevi\u00e4 alkoholijuomia, sekoitettuja juomia ja oluita, sek\u00e4 erilaisia alkoholittomia juomia, sek\u00e4 kuumia ett\u00e4 kylmi\u00e4.<\/li>\n<li>Maista paistettuja pizzoja, tortilloja ja tilauksesta valmistettuja kuumia paelloja, joita t\u00e4ydent\u00e4\u00e4 valikoima kevyit\u00e4 v\u00e4lipaloja ja alkupaloja.<\/li>\n<\/ul>\n<h4>5-tunnin tutkimusmatka<\/h4>\n<p>Tutustu lis\u00e4\u00e4 Teneriffan rannikon kauneuteen, ja sinulla on ylim\u00e4\u00e4r\u00e4ist\u00e4 aikaa vesiaktiviteetteihin.<\/p>\n<ul>\n<li>Navigoi Teneriffan upealla rannikolla ja pid\u00e4 silm\u00e4ll\u00e4 meren el\u00e4m\u00e4\u00e4.<\/li>\n<li>Ankkuroi Arme\u00f1imen lahden l\u00e4helle snorklaamaan, uimaan tai rentoutumaan kannella.<\/li>\n<li>Nauti gourmet-v\u00e4lipaloja, kuten pizzoja, tortilloja ja r\u00e4\u00e4t\u00e4l\u00f6ityj\u00e4 kuumia paelloja, sek\u00e4 kevyit\u00e4 v\u00e4lipaloja ja alkupaloja.<\/li>\n<li>Nauti t\u00e4ydest\u00e4 avoimesta baarista, jossa on alkoholijuomia ja alkoholittomia juomia sek\u00e4 kuumaa kahvia koko matkan ajan.<\/li>\n<\/ul>\n<h4>8 tunnin Grand Tour<\/h4>\n<p>Tutustu syv\u00e4lle Teneriffan rannikon ihmeisiin Los Gigantesiin ja Mascaan.<\/p>\n<ul>\n<li>Purjehdi dramaattisten kallioiden ja poukamien ohi ja pys\u00e4hdy useaan otteeseen vesiaktiviteetteihin.<\/li>\n<li>Ankkuroi upeisiin paikkoihin, joissa voit uida, ruokailla ja nauttia Teneriffan uskomattomista maisemista.<\/li>\n<li>Nauti kattavasta ruokailukokemuksesta, jossa on paistettuja pizzoja, tortilloja, tilauksesta valmistettuja kuumia paelloja ja erilaisia tarjottimia t\u00e4ynn\u00e4 kevyit\u00e4 v\u00e4lipaloja ja alkupaloja.<\/li>\n<li>Nauti avoimen baarin laajasta juomavalikoimasta, joka takaa virkist\u00e4v\u00e4n kokemuksen koko seikkailusi ajan.<\/li>\n<\/ul>\n<h3>\u2705 <strong>All-inclusive-palvelu yksityiselle Teneriffan huvijahdillesi Seikkailu Teneriffalla<\/strong><\/h3>\n<ul>\n<li>Rajoittamattomat juomat ja gourmet-v\u00e4lipalat kaikenik\u00e4isille.<\/li>\n<li>Yst\u00e4v\u00e4llinen, monikielinen miehist\u00f6 on valmiina auttamaan, mukaan lukien kapteeni ja tarjoilija.<\/li>\n<li>Laadukkaat snorklausv\u00e4lineet ja melontalaudat loputtomaan hauskanpitoon.<\/li>\n<\/ul>\n<h3>\ud83d\udccd <strong>Aloita Teneriffan veneenvuokrausseikkailusi Las Galletasista<\/strong><\/h3>\n<p><a href=\"https:\/\/www.google.com\/maps\/place\/Marina+del+Sur+Tenerife.+Puerto+de+Las+Galletas.\/@28.0069667,-16.6636839,16z\/data=!3m1!4b1!4m6!3m5!1s0xc6aa271048d957b:0x66913daf70f663b3!8m2!3d28.006962!4d-16.661109!16s%2Fg%2F1tfzyr98?entry=tts\" target=\"_blank\" rel=\"noopener\">Las Galletas<\/a> on porttisi perimm\u00e4iselle Teneriffan yksityisjahdin matkalle, ja se tarjoaa runsaasti pys\u00e4k\u00f6intitilaa stressit\u00f6nt\u00e4 kokemusta varten.<\/p>\n<h4>\ud83d\udcdc <strong>Vaivaton varaus &amp; selke\u00e4t k\u00e4yt\u00e4nn\u00f6t<\/strong><\/h4>\n<p>CanaryVIP varmistaa saumattoman varausprosessin ja avoimet k\u00e4yt\u00e4nn\u00f6t:<\/p>\n<ul>\n<li><strong>S\u00e4\u00e4takuu:<\/strong> Jos s\u00e4\u00e4 on ep\u00e4suotuisa, voit siirt\u00e4\u00e4 aikataulua tai saada t\u00e4yden hyvityksen.<\/li>\n<li><strong>Joustava peruutus:<\/strong> Peruuta viimeist\u00e4\u00e4n 5 p\u00e4iv\u00e4\u00e4 ennen matkaa saadaksesi t\u00e4yden hyvityksen, 3-5 p\u00e4iv\u00e4n kuluessa 70%:n osalta ja 1-3 p\u00e4iv\u00e4n kuluessa 35%:n osalta.<\/li>\n<li><strong>Helppok\u00e4ytt\u00f6iset liput:<\/strong> Pid\u00e4 maihinnousukorttisi k\u00e4tev\u00e4sti puhelimessasi, jotta koneeseen nousu sujuu vaivattomasti.<\/li>\n<li><strong>Kokonaisvaltainen hoito:<\/strong> Jos sinun on lopetettava matka ennenaikaisesti, miehist\u00f6 auttaa sinua (hyvityksi\u00e4 ei kuitenkaan saa).<\/li>\n<li><strong>Maksujoustavuus:<\/strong> Valitse sinulle parhaiten sopiva maksuvaihtoehto.<\/li>\n<\/ul>\n<p>Varaa Valkyrie-veneristeily CanaryVIP:lt\u00e4 jo t\u00e4n\u00e4\u00e4n vuokrataksesi veneen Teneriffalta ja koe yksityinen huvipurjehdus ennenn\u00e4kem\u00e4tt\u00f6m\u00e4ll\u00e4 tavalla, joka avaa unohtumattomia hetki\u00e4 merell\u00e4.<\/p>","protected":false},"excerpt":{"rendered":"<p>\ud83d\udd0d <strong>Valkyrie Yacht Charter:<\/strong><br \/>\n\u2705 Turvallinen maksu.<br \/>\n\ud83d\udd10 Yksityiset matkat.<br \/>\n\ud83d\udee5\ufe0f 15 metrin jahti.<br \/>\n\u23f3 P\u00e4ivitt\u00e4iset retket 3-8 tuntia.<br \/>\n\ud83d\udd59 Mukautettavat l\u00e4ht\u00f6ajat.<br \/>\n\ud83c\udf74 Ateriat ja juomat sis\u00e4ltyv\u00e4t hintaan.<br \/>\n\ud83d\udc65 Enint\u00e4\u00e4n 10 vierasta.<br \/>\n\ud83c\udfc4\u200d\u2640\ufe0f Melontalaudat mukana.<br \/>\n\ud83e\udd3f Snorkkelivarusteet tarjotaan.<br \/>\n\ud83d\udd0a Toista musiikkia.<br \/>\n\ud83d\ude97 Kuljetuspalvelu sis\u00e4ltyy.<br \/>\n\ud83e\udd11 Paras hinta taattu.<br \/>\n\ud83d\udc6a Alennukset aktivoitu.<br \/>\n\ud83d\udd01 Enint\u00e4\u00e4n 5 p\u00e4iv\u00e4n peruutus.<br \/>\n\ud83c\udf0d Monikielinen miehist\u00f6.<br \/>\n\ud83c\udf1f Varaa ajoissa ja s\u00e4\u00e4st\u00e4!<br \/>\n\ud83d\udccd L\u00e4ht\u00f6 <a href=\"https:\/\/www.google.com\/maps\/place\/Marina+del+Sur+Tenerife.+Puerto+de+Las+Galletas.\/@28.0069667,-16.6636839,16z\/data=!3m1!4b1!4m6!3m5!1s0xc6aa271048d957b:0x66913daf70f663b3!8m2!3d28.006962!4d-16.661109!16s%2Fg%2F1tfzyr98?entry=tts\">Las Galletas<\/a>.<\/p>","protected":false},"featured_media":11387,"comment_status":"open","ping_status":"closed","template":"","meta":{"_acf_changed":false},"product_brand":[],"product_cat":[47],"product_tag":[],"class_list":{"0":"post-11386","1":"product","2":"type-product","3":"status-publish","4":"has-post-thumbnail","6":"product_cat-boat-hire-tenerife","7":"wcpa_has_options","9":"first","10":"instock","11":"virtual","12":"purchasable","13":"product-type-simple"},"acf":[],"wcpa_form_fields":{"wcpaData":{"product":{"product_price":750,"price_html":"From&nbsp;<span class=\"woocommerce-Price-amount amount\"><bdi>750,00&nbsp;<span class=\"woocommerce-Price-currencySymbol\">&euro;<\/span><\/bdi><\/span>","original_product_price":750,"price_including_tax":750,"price_excluding_tax":750,"product_id":{"parent":11386,"variation":false},"is_variable":false,"stock_status":"instock","stock_quantity":null,"parent_sku":"CV11386","product_attributes":[],"custom_fields":[],"is_taxable":false,"product_name":"Valkyrie Boat Hire Tenerife","hasImage":false},"fields":{"sec_16638eb5b2356a":{"extra":{"key":"sec_16638eb5b2356a","section_id":"sec_16638eb5b2356a","name":"Default","status":1,"cl_rule":"show","enableCl":false,"relations":[],"toggle":true,"title_tag":"h3","show_title":false,"showPrice":"default","form_id":11397,"form_rules":{"exclude_from_discount":true,"fee_label":"Fee","disp_hide_options_price":true,"disp_show_section_price":false,"disp_show_field_price":true,"layout_option":"standard","pric_use_as_fee":false,"process_fee_as":"woo_fee"},"layout_option":"standard"},"fields":[[{"label":"\ud83d\udcc5 Date","active":true,"required":true,"elementId":"date_06638eb5b2358a","picker_type":"custom","picker_mode":"single","placeholder":"","description":"","tooltip":"","name":"date_06638eb5b2358a","label_position":"default","desc_position":"default","enablePrice":false,"className":"","enableCl":false,"relations":[{"operator":"and","rules":[{"operator":"AND","rules":{"cl_field":"radio-group_565c78ffa81208","cl_relation":"is","cl_val":"3 Hour Trip"}}]}],"date_pic_inline":true,"date_pic_inline_hide":true,"min_date":{"type":"days","val":"2"},"max_date":{"type":"days","val":"365"},"date_pic_conf":{"disabledWeeks":[]},"price":"","cl_rule":"show","col":6,"type":"date","error":false,"enableDesign":false,"LabelColor":"","gt_translate_keys":["label","placeholder","description","tooltip"],"price_dependency":false,"cl_dependency":false,"value":""}],[{"contentType":"rich","active":true,"label":"","elementId":"content_86638eb5b23598","value":"<p>\ud83c\udf9f\ufe0f <strong>Reservation<\/strong>: Pay only a deposit now to reserve; the rest is due on the day of the activity upon arrival.<\/p>","inline":false,"name":"content_86638eb5b23598","enablePrice":false,"className":"","subtype":"p","enableCl":false,"relations":false,"price":"","cl_rule":"show","col":6,"type":"content","error":false,"pricingType":"custom","isTemplate":false,"is_show_price":true,"show_in_checkout":true,"gt_translate_keys":["label","value"],"price_dependency":false,"cl_dependency":false}],[{"elementId":"separator_56638eb5b235a4","separatorType":"blank","className":"","height":"3","enableCl":false,"relations":false,"cl_rule":"show","col":6,"type":"separator","error":false,"gt_translate_keys":[],"price_dependency":false,"cl_dependency":false,"value":""}],[{"active":true,"col":6,"relations":false,"cl_rule":"show","enableCl":false,"price":"","enablePrice":true,"className":"","label_position":"default","desc_position":"default","type":"select","required":true,"elementId":"select_56638eb5b235ae","label":"\u23f3 Trip Duration","name":"select_56638eb5b235ae","values":[{"label":"3 Hours (750\u20ac)","value":"1","selected":false,"tempId":"aco_556","price":"750","gt_translate_keys":["label"]},{"label":"5 Hours (1.150\u20ac)","value":"2","selected":false,"tempId":"aco_640","price":"1150","gt_translate_keys":["label"]},{"label":"8 Hours (1.600\u20ac)","value":"3","selected":false,"tempId":"aco_660","price":"1600","gt_translate_keys":["label"]}],"dropdown_type":"basic","error":false,"placeholder":"Select Trip Duration","priceOptions":"different_for_all","pricingType":"fixed","is_show_price":true,"gt_translate_keys":["label","placeholder"],"price_dependency":["content_86638eb5b235c3"],"cl_dependency":false,"value":""}],[{"elementId":"separator_86638eb5b235b9","separatorType":"fill","className":"","height":"6","enableCl":false,"relations":false,"cl_rule":"show","col":6,"type":"separator","error":false,"separatorColor":"#66a6b6","gt_translate_keys":[],"price_dependency":false,"cl_dependency":false,"value":""}],[{"active":true,"col":6,"relations":false,"cl_rule":"show","enableCl":false,"price":"{field.select_56638eb5b235ae.price}","enablePrice":true,"className":"","label_position":"default","desc_position":"default","type":"content","required":false,"elementId":"content_86638eb5b235c3","label":"Deposit Payment","name":"content_86638eb5b235c3","contentType":"plain","value":"","error":false,"pricingType":"custom","isTemplate":true,"is_show_price":false,"enableDesign":true,"scrollBar":false,"use_as_fee":false,"fee_label":"Payment Now","inline":true,"show_in_checkout":true,"subtype":"div","formulaId":"fmla_1718295979528641619","LabelSize":"14px","gt_translate_keys":["label","value"],"price_dependency":["content_36638eb5b235d5"],"cl_dependency":false}],[{"contentType":"plain","active":true,"label":"Payment at Arrival","elementId":"content_36638eb5b235cc","value":"","inline":true,"show_in_checkout":true,"name":"content_36638eb5b235cc","enablePrice":true,"className":"","fee_label":"Payment at Arrival","subtype":"div","enableCl":false,"relations":false,"scrollBar":false,"enableDesign":true,"pricingType":"custom","isTemplate":true,"price":"({field.radio-group_965c78ffa8129a.quantity}*22) + ({field.radio-group_865c78ffa812a3.quantity}*11)","use_as_fee":false,"is_show_price":true,"cl_rule":"show","col":6,"type":"content","error":false,"formulaId":"fmla_1718296441738487083","LabelSize":"14px","gt_translate_keys":["label","value"],"price_dependency":["content_36638eb5b235d5"],"cl_dependency":false}],[{"contentType":"plain","active":true,"label":"Total Price","elementId":"content_36638eb5b235d5","value":"","inline":true,"show_in_checkout":true,"name":"content_36638eb5b235d5","enablePrice":true,"className":"","fee_label":"Payment at Arrival","subtype":"div","enableCl":false,"relations":false,"scrollBar":false,"enableDesign":true,"LabelSize":"14px","pricingType":"custom","isTemplate":false,"price":"({field.content_86638eb5b235c3.price}) + ({field.content_36638eb5b235cc.price})","formulaId":"fmla_1708360988969136756","use_as_fee":false,"is_show_price":true,"cl_rule":"show","col":6,"type":"content","error":false,"gt_translate_keys":["label","value"],"price_dependency":false,"cl_dependency":false}]]},"sec_26638eb5b235d6":{"extra":{"key":"sec_26638eb5b235d6","section_id":"sec_26638eb5b235d6","name":"Pickup Location","status":1,"cl_rule":"show","enableCl":false,"relations":[],"toggle":true,"title_tag":"h4","show_title":false,"showPrice":"default","form_id":11397,"form_rules":{"exclude_from_discount":true,"fee_label":"Fee","disp_hide_options_price":true,"disp_show_section_price":false,"disp_show_field_price":true,"layout_option":"standard","pric_use_as_fee":false,"process_fee_as":"woo_fee"},"layout_option":"standard"},"fields":[[{"elementId":"separator_36638eb5b235e0","separatorType":"blank","className":"","height":"3","enableCl":false,"relations":false,"cl_rule":"show","col":6,"type":"separator","error":false,"gt_translate_keys":[],"price_dependency":false,"cl_dependency":false,"value":""}],[{"active":true,"col":6,"relations":[{"operator":false,"rules":[{"operator":"AND","rules":{"cl_field":"radio-group_565c78ffa81208","cl_relation":"is","cl_val":"3 Hour Trip"}}]}],"cl_rule":"show","enableCl":false,"price":"","enablePrice":false,"className":"","label_position":"default","desc_position":"default","type":"select","required":false,"elementId":"select_36638eb5b235e9","label":"\u23f0 Departure","name":"select_36638eb5b235e9","values":[{"label":"09:00","value":"09:00","selected":false,"tempId":"aco_1471","gt_translate_keys":["label"]},{"label":"10:00","value":"10:00","selected":false,"tempId":"aco_1472","gt_translate_keys":["label"]},{"label":"11:00","value":"11:00","selected":false,"tempId":"aco_1500","gt_translate_keys":["label"]},{"label":"12:00","value":"12:00","selected":false,"tempId":"aco_1510","gt_translate_keys":["label"]},{"label":"13:00 (1:00 PM)","value":"13:00","selected":false,"tempId":"aco_1520","gt_translate_keys":["label"]},{"label":"14:00 (2:00 PM)","value":"14:00","selected":false,"tempId":"aco_1728","gt_translate_keys":["label"]},{"label":"15:00 (3:00 PM)","value":"15:00","selected":false,"tempId":"aco_1738","gt_translate_keys":["label"]}],"dropdown_type":"basic","error":false,"placeholder":"Whichever Time is Best","gt_translate_keys":["label","placeholder"],"price_dependency":false,"cl_dependency":false,"value":""}],[{"elementId":"separator-9240792349","separatorType":"blank","className":"","height":"1","enableCl":false,"relations":false,"cl_rule":"show","col":6,"type":"separator","gt_translate_keys":[],"price_dependency":false,"cl_dependency":false,"value":""}],[{"label":"\u2705 Number of People","active":true,"required":true,"elementId":"select-6395569238","dropdown_type":"basic","placeholder":"Select Number of People","name":"select-6395569238","label_position":"default","desc_position":"default","enablePrice":false,"className":"","enableCl":false,"relations":[{"operator":false,"rules":[{"operator":"AND","rules":{"cl_field":"radio-group_565c78ffa81208","cl_relation":"is","cl_val":"3 Hour Trip"}}]}],"values":[{"label":"1 person","value":"1","selected":false,"tempId":"aco_1471","gt_translate_keys":["label"]},{"label":"2 people","value":"2","selected":false,"tempId":"aco_1472","gt_translate_keys":["label"]},{"label":"3 people","value":"3","selected":false,"tempId":"aco_1500","gt_translate_keys":["label"]},{"label":"4 people","value":"4","selected":false,"tempId":"aco_1510","gt_translate_keys":["label"]},{"label":"5 people","value":"5","selected":false,"tempId":"aco_1520","gt_translate_keys":["label"]},{"label":"6 people","value":"6","selected":false,"tempId":"aco_1728","gt_translate_keys":["label"]},{"label":"7 people","value":"7","selected":false,"tempId":"aco_1738","gt_translate_keys":["label"]},{"label":"8 people","value":"8","selected":false,"tempId":"aco_1748","gt_translate_keys":["label"]},{"label":"9 people","value":"9","selected":false,"tempId":"aco_1912","gt_translate_keys":["label"]},{"label":"10 people","value":"10","selected":false,"tempId":"aco_1922","gt_translate_keys":["label"]}],"price":"","cl_rule":"show","col":6,"type":"select","error":false,"gt_translate_keys":["label","placeholder"],"price_dependency":false,"cl_dependency":false,"value":""}],[{"elementId":"separator-8246171731","separatorType":"blank","className":"","height":"1","enableCl":false,"relations":false,"cl_rule":"show","col":6,"type":"separator","error":false,"gt_translate_keys":[],"price_dependency":false,"cl_dependency":false,"value":""}],[{"active":true,"col":6,"relations":false,"cl_rule":"show","enableCl":false,"price":"","enablePrice":false,"className":"","label_position":"default","desc_position":"default","type":"text","subtype":"text","required":false,"elementId":"text_1786063067","label":"\ud83d\ude8c Pickup Location","name":"text_1786063067","value":"","error":false,"description":"Free pick-up service in Tenerife South. Simply provide your address or hotel name.","gt_translate_keys":["label","description","value"],"price_dependency":false,"cl_dependency":false}]]}},"config":{"price_override":"always","enable_recaptcha":false,"bind_quantity":false,"quantity_bind_formula":false,"disp_summ_show_option_price":true,"disp_summ_show_product_price":false,"disp_summ_show_total_price":false,"disp_summ_show_fee":true,"disp_summ_show_discount":true,"summary_title":"","options_total_label":"Options Price","total_label":"Deposit Amount","options_product_label":"Product Price","fee_label":"Fee","discount_label":"Discount","has_price":true,"has_quantity_formula":false},"mc_unit":1,"tax_rate":1,"tax_rate_real":1,"discount":{"percentage":0,"fixed":0},"design":{"conf":{"LabelPosition":"above","DescPosition":"above","UploadField":"custom_1","QuantityFieldStyle":"custom_1"},"css":{"LeftLabelWidth":"120px"}},"formulas":{"fmla_1718295979528641619":"(({field.select_56638eb5b235ae.value}>=3)?(400):(({field.select_56638eb5b235ae.value}>=2)?(300):(({field.select_56638eb5b235ae.value}>=1)?(210):(0))))","fmla_1718296441738487083":"(({field.select_56638eb5b235ae.value}>=3)?(1200):(({field.select_56638eb5b235ae.value}>=2)?(850):(({field.select_56638eb5b235ae.value}>=1)?(540):(0))))"},"lookuptables":[],"clones":false,"cartKey":false}},"_links":{"self":[{"href":"https:\/\/canaryvip.com\/fi\/wp-json\/wp\/v2\/product\/11386","targetHints":{"allow":["GET"]}}],"collection":[{"href":"https:\/\/canaryvip.com\/fi\/wp-json\/wp\/v2\/product"}],"about":[{"href":"https:\/\/canaryvip.com\/fi\/wp-json\/wp\/v2\/types\/product"}],"replies":[{"embeddable":true,"href":"https:\/\/canaryvip.com\/fi\/wp-json\/wp\/v2\/comments?post=11386"}],"wp:featuredmedia":[{"embeddable":true,"href":"https:\/\/canaryvip.com\/fi\/wp-json\/wp\/v2\/media\/11387"}],"wp:attachment":[{"href":"https:\/\/canaryvip.com\/fi\/wp-json\/wp\/v2\/media?parent=11386"}],"wp:term":[{"taxonomy":"product_brand","embeddable":true,"href":"https:\/\/canaryvip.com\/fi\/wp-json\/wp\/v2\/product_brand?post=11386"},{"taxonomy":"product_cat","embeddable":true,"href":"https:\/\/canaryvip.com\/fi\/wp-json\/wp\/v2\/product_cat?post=11386"},{"taxonomy":"product_tag","embeddable":true,"href":"https:\/\/canaryvip.com\/fi\/wp-json\/wp\/v2\/product_tag?post=11386"}],"curies":[{"name":"wp","href":"https:\/\/api.w.org\/{rel}","templated":true}]}}