{"id":11308,"date":"2024-04-16T23:45:59","date_gmt":"2024-04-16T22:45:59","guid":{"rendered":"https:\/\/canaryvip.com\/?post_type=product&#038;p=11308"},"modified":"2025-08-09T12:39:52","modified_gmt":"2025-08-09T11:39:52","slug":"banana-boat-tenerife","status":"publish","type":"product","link":"https:\/\/canaryvip.com\/fi\/shop\/banana-boat-tenerife\/","title":{"rendered":"Banaanivene Teneriffalla"},"content":{"rendered":"<h2><strong>Banana Boat Teneriffa - Villit aallot ja naurut<\/strong><\/h2>\n<p>Valmistaudu hauskanpitoon meid\u00e4n <strong>Banaanivene Teneriffalla<\/strong> kyydit! Perheille ja ryhmille ihanteelliset kyydit yhdist\u00e4v\u00e4t vauhdin, roiskumisen ja naurun ja takaavat ikimuistoisen p\u00e4iv\u00e4n vesill\u00e4. Meid\u00e4n <strong>Banaanivene-retket<\/strong> ovat ajaton tapa kokea meren j\u00e4nnitys Costa Adejessa.<\/p>\n<h3><strong>\ud83c\udf0a Aloita seikkailusi Puerto Col\u00f3nista<\/strong><\/h3>\n<ul>\n<li><strong>J\u00e4nnitt\u00e4v\u00e4 lanseeraus:<\/strong> Banaaniveneen matka alkaa <a href=\"https:\/\/maps.app.goo.gl\/bkqEhAxsobcjz9wG9\" target=\"_blank\" rel=\"noopener\">Puerto Col\u00f3n,<\/a> jossa innokkaat oppaamme toivottavat sinut tervetulleeksi ja antavat nopean turvallisuustiedotuksen ennen kuin hypp\u00e4\u00e4t ikoniseen keltaiseen lauttaan.<\/li>\n<li><strong>J\u00e4nnitt\u00e4v\u00e4 ajelu:<\/strong> Kiipe\u00e4 puhallettavan banaanin kyytiin ja pid\u00e4 tiukasti kiinni, kun moottorivene vet\u00e4\u00e4 sinua pitkin aaltoja. Valmistaudu notkahduksiin ja kuoppiin, kun naurat ja huudat riemusta yst\u00e4viesi ja perheesi kanssa!<\/li>\n<\/ul>\n<h3><strong>\u2728 Mik\u00e4 tekee banaaniveneajeluistamme erityisi\u00e4?<\/strong><\/h3>\n<ul>\n<li><strong>Esteet\u00f6n hauskanpito:<\/strong> Vain 15 \u20ac per henkil\u00f6 takaa paikan t\u00e4ss\u00e4 suositussa vesiurheilulajissa, joka sopii my\u00f6s ryhmille. Se on edullinen ja j\u00e4nnitt\u00e4v\u00e4 retki kaikille!<\/li>\n<li><strong>Johdonmukainen kehuminen:<\/strong> Olemme ylpeit\u00e4 siit\u00e4 ilosta ja naurusta, jota kyytimme tuovat, ja se n\u00e4kyy matkustajiemme hehkuvissa arvosteluissa. Hauskanpitosi on meille ensisijaista!<\/li>\n<li><strong>Joustavat varaukset:<\/strong> Muutos suunnitelmiin? Voit peruuttaa varauksen enint\u00e4\u00e4n 24 tuntia etuk\u00e4teen ja saada t\u00e4yden hyvityksen, sill\u00e4 olemme sitoutuneet mukautumaan lomatarpeisiisi.<\/li>\n<\/ul>\n<h3><strong>\ud83d\ude80 Aja banaaniveneell\u00e4 Teneriffalla<\/strong><\/h3>\n<ul>\n<li><strong>Ryhm\u00e4dynamiikka:<\/strong> Koe j\u00e4nnitys jopa 12 ratsastajan kanssa. Yhteinen j\u00e4nnitys ja yhteiset reaktiot tekev\u00e4t seikkailusta unohtumattoman.<\/li>\n<li><strong>Turvassa ja terveen\u00e4:<\/strong> Koulutettu miehist\u00f6mme takaa turvallisen kyydin alusta loppuun ja hallitsee venett\u00e4 asiantuntevasti, jotta nautintosi ja turvallisuutesi olisi mahdollisimman suuri.<\/li>\n<\/ul>\n<h3><strong>\ud83c\udf1f Enemm\u00e4n kuin vain banaaniveneit\u00e4<\/strong><\/h3>\n<ul>\n<li>Laajenna vesiurheiluseikkailujasi seuraavilla vaihtoehdoilla <a href=\"https:\/\/canaryvip.com\/fi\/shop\/jetski-tenerife\/\">vesiskootteri Teneriffa<\/a>, <a href=\"https:\/\/canaryvip.com\/fi\/shop\/parasailing-tenerife\/\">laskuvarjohyppy Teneriffalla<\/a>ja jopa <a href=\"https:\/\/canaryvip.com\/fi\/tenerife\/boat-excursions\/\">valaiden katseluretket<\/a>kaikki samasta eloisasta paikasta Puerto Col\u00f3nissa.<\/li>\n<\/ul>\n<h3>\ud83d\udcc5 <strong>Varaa banaaniveneajelu Teneriffalla t\u00e4n\u00e4\u00e4n<\/strong><\/h3>\n<p>Etsitp\u00e4 sitten j\u00e4nnityst\u00e4 tai hauskaa ryhm\u00e4toimintaa, Banaaniveneajelut tarjoavat t\u00e4ydellisen yhdistelm\u00e4n molempia. Varaa paikkasi jo t\u00e4n\u00e4\u00e4n ja valmistaudu j\u00e4nnitt\u00e4v\u00e4\u00e4n kokemukseen vesill\u00e4.<\/p>\n<h3>\u2705 <strong>Mit\u00e4 banaaniveneajeluun sis\u00e4ltyy?<\/strong><\/h3>\n<ul>\n<li>T\u00e4ydellinen turvallisuusohjeistus ja pelastusliivit kaikille ratsastajille.<\/li>\n<li>J\u00e4nnitt\u00e4v\u00e4 10 minuutin ajomatka.<\/li>\n<li>Seikkailustasi on ostettavissa valokuvia, jotka ikuistavat hauskat hetket.<\/li>\n<\/ul>\n<h3><strong>\u2696\ufe0f Luotettava varaus ja helppo peruutus.<\/strong><\/h3>\n<ul>\n<li><strong>Vaivaton varaus:<\/strong> Varaa helposti ja tied\u00e4, ett\u00e4 voit peruuttaa varauksen jopa 24 tuntia etuk\u00e4teen ja saada t\u00e4yden hyvityksen, jos suunnitelmasi muuttuvat.<\/li>\n<li><strong>Kaikki ovat tervetulleita:<\/strong> Sopii 10-65-vuotiaille j\u00e4nnityst\u00e4 etsiville. Ajelut on suunniteltu osallistaviksi ja nautittaviksi kaikille.<\/li>\n<\/ul>\n<h3><strong>\ud83c\udf92 Valmistautuminen matkaan<\/strong><\/h3>\n<ul>\n<li><strong>K\u00e4yt\u00e4 asianmukaisia varusteita:<\/strong> Tule uimapuvut p\u00e4\u00e4ll\u00e4 ja ole valmis kastumaan! \u00c4l\u00e4 unohda ottaa mukaan pyyhett\u00e4 ja aurinkovoidetta auringolta suojautumiseksi.<\/li>\n<li><strong>Pid\u00e4 arvoesineet turvassa:<\/strong> J\u00e4t\u00e4 keng\u00e4t ja liukastumista est\u00e4v\u00e4t tavarat laiturilla oleviin turvallisiin s\u00e4ilytyslaatikoihimme. Ota mukaan vedenkest\u00e4v\u00e4 kamera, jos haluat ottaa henkil\u00f6kohtaisia valokuvia.<\/li>\n<li><strong>Terveys ja turvallisuus:<\/strong> Aktiviteettimme ei sovi raskaana oleville, mutta se on loistava l\u00e4hes kaikille muille! Varmista, ett\u00e4 olet valmis fyysiseen ratsastukseen.<\/li>\n<\/ul>\n<h3>\u2753 <strong>Usein kysytyt kysymykset<\/strong><\/h3>\n<ul>\n<li><strong>Voiko kuka tahansa osallistua banaaniveneajeluun?<\/strong> Kyll\u00e4! Banaaniveneajelut sopivat kaikille 10-65-vuotiaille. Aiempaa uimataitoa ei tarvita, sill\u00e4 kaikilla osallistujilla on pelastusliivit.<\/li>\n<li><strong>Mit\u00e4 minun on odotettavissa matkan aikana?<\/strong> Odota, ett\u00e4 sinua suihkutetaan, roiskitaan ja nauretaan (hyv\u00e4ss\u00e4 hengess\u00e4)! Kyse on hauskanpidosta ja meren j\u00e4nnityksest\u00e4.<\/li>\n<\/ul>\n<h4><strong>\ud83c\udf1e Valmiina ratsastamaan?<\/strong><\/h4>\n<p>Sukella hauskanpitoon banaaniveneajeluillamme osoitteessa <strong>CanaryVIP.<\/strong> Varaa nyt ja valmistaudu tekem\u00e4\u00e4n aaltoja Teneriffan kauniilla merill\u00e4!<\/p>","protected":false},"excerpt":{"rendered":"<p>\ud83d\udd0d <strong>Banana Boat Teneriffalla:<br \/>\n<\/strong>\u2705 Turvallinen maksu.<br \/>\n\ud83d\udc65 Enint\u00e4\u00e4n 12 ratsastajaa per ajelu.<br \/>\n\ud83d\ude80 Ratsastus kest\u00e4\u00e4 10 minuuttia.<br \/>\n\ud83c\udfde\ufe0f Suurnopeusajelut.<br \/>\n\ud83d\udd59 Koko p\u00e4iv\u00e4n ajan.<br \/>\n\ud83d\udcc5 Saatavilla p\u00e4ivitt\u00e4in.<br \/>\n\ud83e\udd11 Paras hinta taattu.<br \/>\n\ud83d\udc6a Alennukset ryhmille.<br \/>\n\ud83d\udd01 24h peruutusehdot.<br \/>\n\ud83c\udf0d Monikielinen tuki.<br \/>\n\ud83c\udf1f Varaa etuk\u00e4teen s\u00e4\u00e4st\u00e4\u00e4ksesi.<br \/>\n\ud83d\udccd L\u00e4ht\u00f6 <a href=\"https:\/\/maps.app.goo.gl\/bkqEhAxsobcjz9wG9\">Puerto Col\u00f3n<\/a>.<\/p>","protected":false},"featured_media":11311,"comment_status":"open","ping_status":"closed","template":"","meta":{"_acf_changed":false},"product_brand":[],"product_cat":[53],"product_tag":[],"class_list":{"0":"post-11308","1":"product","2":"type-product","3":"status-publish","4":"has-post-thumbnail","6":"product_cat-water-sports","7":"wcpa_has_options","9":"first","10":"instock","11":"virtual","12":"purchasable","13":"product-type-simple"},"acf":[],"wcpa_form_fields":{"wcpaData":{"product":{"product_price":18,"price_html":"From&nbsp;<span class=\"woocommerce-Price-amount amount\"><bdi>18,00&nbsp;<span class=\"woocommerce-Price-currencySymbol\">&euro;<\/span><\/bdi><\/span>","original_product_price":18,"price_including_tax":18,"price_excluding_tax":18,"product_id":{"parent":11308,"variation":false},"is_variable":false,"stock_status":"instock","stock_quantity":null,"parent_sku":"CV11308","product_attributes":[],"custom_fields":[],"is_taxable":false,"product_name":"Banana Boat Tenerife","hasImage":false},"fields":{"sec_7661f1665d94fb":{"extra":{"key":"sec_7661f1665d94fb","section_id":"sec_7661f1665d94fb","name":"Default","status":1,"cl_rule":"show","enableCl":false,"relations":[],"toggle":true,"title_tag":"h3","show_title":false,"showPrice":"default","form_id":11314,"form_rules":{"exclude_from_discount":true,"fee_label":"Fee","disp_hide_options_price":true,"disp_show_section_price":false,"disp_show_field_price":true,"layout_option":"standard","pric_use_as_fee":false,"process_fee_as":"woo_fee"},"layout_option":"standard"},"fields":[[{"label":"\ud83d\udcc5 Date","active":true,"required":true,"elementId":"date_3661f1665d951b","picker_type":"custom","picker_mode":"single","placeholder":"","description":"","tooltip":"","name":"date_3661f1665d951b","label_position":"default","desc_position":"default","enablePrice":false,"className":"","enableCl":false,"relations":[{"operator":"and","rules":[{"operator":"AND","rules":{"cl_field":"radio-group_5661bc90f5e8f5","cl_relation":"is_not_empty","cl_val":"3 Hour Trip"}}]}],"date_pic_inline":true,"date_pic_inline_hide":true,"min_date":{"type":"days","val":"1"},"max_date":{"type":"days","val":"365"},"date_pic_conf":{"disabledWeeks":[]},"price":"","cl_rule":"show","col":6,"type":"date","error":false,"enableDesign":false,"LabelColor":"","gt_translate_keys":["label","placeholder","description","tooltip"],"price_dependency":false,"cl_dependency":false,"value":""}],[{"active":true,"col":6,"relations":false,"cl_rule":"show","enableCl":false,"price":"","enablePrice":false,"className":"","label_position":"default","desc_position":"default","type":"select","required":true,"elementId":"select_3477053266","label":"\u23f0 Departure Time","name":"select_3477053266","values":[{"label":"Whichever Time is Best","value":"Whichever Time is Best","selected":false,"tempId":"aco_312","gt_translate_keys":["label"]},{"label":"10:30","value":"10:30","selected":false,"tempId":"aco_313","gt_translate_keys":["label"]},{"label":"11:30","value":"11:30","selected":false,"tempId":"aco_314","gt_translate_keys":["label"]},{"label":"12:30 ","value":"12:30","selected":false,"tempId":"aco_711","gt_translate_keys":["label"]},{"label":"13:30","value":"13:30","selected":false,"tempId":"aco_721","gt_translate_keys":["label"]},{"label":"14:30","value":"14:30","selected":false,"tempId":"aco_983","gt_translate_keys":["label"]},{"label":"15:30","value":"15:30","selected":false,"tempId":"aco_993","gt_translate_keys":["label"]},{"label":"16:30","value":"16:30","selected":false,"tempId":"aco_1183","gt_translate_keys":["label"]}],"dropdown_type":"basic","error":false,"multiple":false,"placeholder":"None","gt_translate_keys":["label","placeholder"],"price_dependency":false,"cl_dependency":false,"value":""}],[{"active":true,"col":6,"relations":[{"operator":false,"rules":[{"operator":"AND","rules":{"cl_field":"","cl_relation":"","cl_val":""}}]}],"cl_rule":"show","enableCl":true,"price":"18","enablePrice":true,"className":"","label_position":"default","desc_position":"default","type":"radio-group","required":false,"elementId":"radio-group_0661f1665d9537","label":"","name":"radio-group_0661f1665d9537","values":[{"label":"\ud83d\udc64 People (18\u20ac)","value":"People","selected":true,"tempId":"aco_32","tooltip":"","description":"","gt_translate_keys":["label","tooltip","description"]}],"layOut":"","error":false,"checkUi":"button","priceOptions":"fixed_for_all","pricingType":"fixed","enable_quantity":true,"quantity_label":"","min_quantity":"0","options_tooltip":true,"options_description":true,"is_show_price":true,"gt_translate_keys":["label","quantity_label"],"price_dependency":["content_2802764779","content-8155931385","content-8167489432"],"cl_dependency":false,"value":""}],[{"active":true,"col":6,"relations":false,"cl_rule":"show","enableCl":false,"price":"","enablePrice":false,"className":"","label_position":"default","desc_position":"default","type":"separator","required":false,"elementId":"separator_2804989181","label":"Separator Field","height":"6","separatorType":"fill","error":false,"separatorColor":"#66a5b6","gt_translate_keys":["label"],"price_dependency":false,"cl_dependency":false,"value":""}],[{"active":true,"col":6,"relations":false,"cl_rule":"show","enableCl":false,"price":"{field.radio-group_0661f1665d9537.price}*0.30","enablePrice":true,"className":"","label_position":"default","desc_position":"default","type":"content","required":false,"elementId":"content_2802764779","label":"Deposit Now","name":"content_2802764779","contentType":"plain","value":"","error":false,"subtype":"div","inline":true,"show_in_checkout":true,"pricingType":"custom","isTemplate":false,"gt_translate_keys":["label","value"],"price_dependency":false,"cl_dependency":false}],[{"contentType":"plain","active":true,"label":"Payment at Arrival","elementId":"content-8155931385","value":"","inline":true,"show_in_checkout":true,"name":"content-8155931385","enablePrice":true,"className":"","subtype":"div","enableCl":false,"relations":false,"pricingType":"custom","isTemplate":false,"price":"{field.radio-group_0661f1665d9537.price}*0.70","is_show_price":true,"cl_rule":"show","col":6,"type":"content","error":false,"gt_translate_keys":["label","value"],"price_dependency":false,"cl_dependency":false}],[{"contentType":"plain","active":true,"label":"Total Price","elementId":"content-8167489432","value":"","inline":true,"show_in_checkout":true,"name":"content-8167489432","enablePrice":true,"className":"","subtype":"div","enableCl":false,"relations":false,"pricingType":"custom","isTemplate":false,"price":"{field.radio-group_0661f1665d9537.price}","is_show_price":true,"cl_rule":"show","col":6,"type":"content","error":false,"gt_translate_keys":["label","value"],"price_dependency":false,"cl_dependency":false}]]}},"config":{"price_override":"always","enable_recaptcha":false,"bind_quantity":false,"quantity_bind_formula":false,"disp_summ_show_option_price":true,"disp_summ_show_product_price":false,"disp_summ_show_total_price":true,"disp_summ_show_fee":true,"disp_summ_show_discount":true,"summary_title":"","options_total_label":"Options Price","total_label":"Total Amount","options_product_label":"Product Price","fee_label":"Fee","discount_label":"Discount","has_price":true,"has_quantity_formula":false},"mc_unit":1,"tax_rate":1,"tax_rate_real":1,"discount":{"percentage":0,"fixed":0},"design":{"conf":{"LabelPosition":"above","DescPosition":"above","UploadField":"custom_1","QuantityFieldStyle":"custom_1"},"css":{"LeftLabelWidth":"120px"}},"formulas":[],"lookuptables":[],"clones":false,"cartKey":false}},"_links":{"self":[{"href":"https:\/\/canaryvip.com\/fi\/wp-json\/wp\/v2\/product\/11308","targetHints":{"allow":["GET"]}}],"collection":[{"href":"https:\/\/canaryvip.com\/fi\/wp-json\/wp\/v2\/product"}],"about":[{"href":"https:\/\/canaryvip.com\/fi\/wp-json\/wp\/v2\/types\/product"}],"replies":[{"embeddable":true,"href":"https:\/\/canaryvip.com\/fi\/wp-json\/wp\/v2\/comments?post=11308"}],"wp:featuredmedia":[{"embeddable":true,"href":"https:\/\/canaryvip.com\/fi\/wp-json\/wp\/v2\/media\/11311"}],"wp:attachment":[{"href":"https:\/\/canaryvip.com\/fi\/wp-json\/wp\/v2\/media?parent=11308"}],"wp:term":[{"taxonomy":"product_brand","embeddable":true,"href":"https:\/\/canaryvip.com\/fi\/wp-json\/wp\/v2\/product_brand?post=11308"},{"taxonomy":"product_cat","embeddable":true,"href":"https:\/\/canaryvip.com\/fi\/wp-json\/wp\/v2\/product_cat?post=11308"},{"taxonomy":"product_tag","embeddable":true,"href":"https:\/\/canaryvip.com\/fi\/wp-json\/wp\/v2\/product_tag?post=11308"}],"curies":[{"name":"wp","href":"https:\/\/api.w.org\/{rel}","templated":true}]}}