{"id":11303,"date":"2024-04-16T23:11:21","date_gmt":"2024-04-16T22:11:21","guid":{"rendered":"https:\/\/canaryvip.com\/?post_type=product&#038;p=11303"},"modified":"2025-08-09T12:40:39","modified_gmt":"2025-08-09T11:40:39","slug":"flyfish-tenerife","status":"publish","type":"product","link":"https:\/\/canaryvip.com\/fi\/shop\/flyfish-tenerife\/","title":{"rendered":"FlyFish Teneriffa"},"content":{"rendered":"<h2><strong>\ud83c\udf0a FlyFish Teneriffa - ratsasta valtameren aalloilla<\/strong><\/h2>\n<p>Valmistaudu adrenaliinia pumppaavaan kokemukseen meid\u00e4n <strong>FlyFish Teneriffa<\/strong> seikkailu! Tunne, kuinka lenn\u00e4t meren yll\u00e4, kun takerrut erityisesti suunniteltuun puhallettavaan lauttaamme. Meid\u00e4n <strong>FlyFish-retket<\/strong> lupaa unohtumaton p\u00e4iv\u00e4 nopeiden vesiurheilulajien parissa Costa Adejen kauniissa maisemissa.<\/p>\n<h3><strong>\ud83d\udea4 FlyFish-seikkailun aloittaminen<\/strong><\/h3>\n<ul>\n<li><strong>Seikkailu alkaa:<\/strong> Matkasi alkaa suoraan <a href=\"https:\/\/maps.app.goo.gl\/bkqEhAxsobcjz9wG9\" target=\"_blank\" rel=\"noopener\">Puerto Col\u00f3n,<\/a>\u00a0virallinen l\u00e4ht\u00f6paikka FlyFish-seikkailullesi. Saapuessasi perehdyt FlyFishin j\u00e4nnitt\u00e4v\u00e4\u00e4n maailmaan, saat kattavan turvallisuustiedotuksen ja saat varusteet sinua odottavaa j\u00e4nnitt\u00e4v\u00e4\u00e4 matkaa varten.<\/li>\n<li><strong>The FlyFish Experience:<\/strong> Kiinnit\u00e4 turvavy\u00f6t ja pid\u00e4 tiukasti kiinni, kun moottorivene kiid\u00e4tt\u00e4\u00e4 sinut aaltojen yli. Nauti meriveden roiskeista ja tuulesta kasvoillasi t\u00e4ll\u00e4 riemukkaalla ajelulla.<\/li>\n<\/ul>\n<p>&nbsp;<\/p>\n<h3><strong>\u2728 Miksi valita CanaryVIP FlyFish-kokemukseen?<\/strong><\/h3>\n<ul>\n<li><strong>Kilpailukykyinen hinnoittelu:<\/strong> Hypp\u00e4\u00e4 kyytiin jo 45 eurolla per henkil\u00f6, ja saatavilla on my\u00f6s fantastisia ryhm\u00e4- ja katsojahintoja. Laatua ja j\u00e4nnityst\u00e4 voittamattomaan hintaan!<\/li>\n<li><strong>Asiakkaan kehut:<\/strong> Olemme tunnettuja poikkeuksellisesta palvelustamme, ja olemme ylpeit\u00e4 vieraidemme antamista erinomaisista arvosteluista. Hieno kokemuksesi on tavoitteemme!<\/li>\n<li><strong>Varausjoustavuus:<\/strong> Suunnitelmat muuttuivat? Ei h\u00e4t\u00e4\u00e4 - voit peruuttaa matkasi enint\u00e4\u00e4n 24 tuntia ennen matkaa ja saada t\u00e4yden hyvityksen joustavien peruutusehtojemme mukaisesti.<\/li>\n<\/ul>\n<h3><strong>\ud83d\ude80 Lenn\u00e4 korkealle FlyFish Teneriffan kanssa FlyFish Teneriffalla<\/strong><\/h3>\n<ul>\n<li><strong>Riemastuttavat kyydit:<\/strong> FlyFish vie sinut villiin kyytiin Playa de Las Am\u00e9ricasin vesien yli, liidellen ja sukeltaen aaltojen mukana noin 10 j\u00e4nnitt\u00e4v\u00e4n minuutin ajan.<\/li>\n<li><strong>Asiantuntijaohjeet:<\/strong> Ammattitaitoiset ohjaajamme takaavat turvallisen ja mieleenpainuvan kokemuksen ja opastavat sinua sujuvasti alusta loppuun.<\/li>\n<\/ul>\n<h3><strong>\ud83c\udf1f Enemm\u00e4n kuin pelkk\u00e4 FlyFish<\/strong><\/h3>\n<ul>\n<li>Etsitk\u00f6 lis\u00e4\u00e4? Tarjoamme laajan valikoiman <a href=\"https:\/\/canaryvip.com\/fi\/tenerife\/water-sports\/\">vesiaktiviteetit Teneriffalla,<\/a>\u00a0osoitteesta <a href=\"https:\/\/canaryvip.com\/fi\/shop\/jetski-tenerife\/\">vesiskootterihiihto<\/a> laskuvarjohyppyyn, joten aina on jotain uutta kokeiltavaa.<\/li>\n<li>Seikkailumme eiv\u00e4t rajoitu Teneriffalle - tutustu tarjouksiimme Gran Canarialla, josta l\u00f6yd\u00e4t viel\u00e4 enemm\u00e4n vesihupia!<\/li>\n<\/ul>\n<h3>\ud83d\udcc5 <strong>Varaa FlyFish Experience t\u00e4n\u00e4\u00e4n<\/strong><\/h3>\n<p>\u00c4l\u00e4 missaa t\u00e4t\u00e4 ainutlaatuista seikkailua. T\u00e4ydellinen adrenaliiniharrastajille ja j\u00e4nnityksen yst\u00e4ville, jotka haluavat r\u00e4isky\u00e4. Varaa FlyFish-ajelusi nyt ja lis\u00e4\u00e4 j\u00e4nnityst\u00e4 Teneriffan-lomaasi.<\/p>\n<h3>\u2705 <strong>Mit\u00e4 FlyFish-kyytiin sis\u00e4ltyy?<\/strong><\/h3>\n<ul>\n<li>Kaikki turvavarusteet ja t\u00e4ysi perehdytys ennen l\u00e4ht\u00f6\u00e4.<\/li>\n<li>10 minuutin FlyFish-ajelu, jonka luvataan nostavan adrenaliinitasosi.<\/li>\n<li>Ammattilaisvalvonta ja valokuvausmahdollisuudet, jotka ikuistavat rohkeat urot\u00f6it\u00e4si (valokuvia on saatavilla ostettavaksi).<\/li>\n<\/ul>\n<h3><strong>\u2696\ufe0f Luotettavat varaus- ja peruutusvaihtoehdot<\/strong><\/h3>\n<ul>\n<li><strong>Helppo varaus:<\/strong> Varaa paikkasi helposti ja luottavaisesti tiet\u00e4en, ett\u00e4 voit peruuttaa kurssin jopa 24 tuntia etuk\u00e4teen ja saada t\u00e4yden hyvityksen.<\/li>\n<li><strong>Osallistava kokemus:<\/strong> Toivotamme tervetulleiksi kaikki j\u00e4nnityst\u00e4 etsivist\u00e4 yksinmatkustajista ryhmiin, jotka etsiv\u00e4t j\u00e4nnitt\u00e4v\u00e4\u00e4 retke\u00e4. Kerro meille mieltymyksesi, niin r\u00e4\u00e4t\u00e4l\u00f6imme sinulle sopivan kyydin.<\/li>\n<\/ul>\n<h3><strong>\ud83c\udf92 Valmistautuminen FlyFish-seikkailuun<\/strong><\/h3>\n<ul>\n<li><strong>Valmistaudu kastumaan:<\/strong> K\u00e4yt\u00e4 uimapukua, ota mukaan pyyhe ja k\u00e4yt\u00e4 aurinkovoidetta. Siit\u00e4 tulee roiskevaa kyyti\u00e4!<\/li>\n<li><strong>Kameran perusasiat:<\/strong> Ota mukaan vedenpit\u00e4v\u00e4 kamera tai puhelimesi suojakotelolla, jotta voit tallentaa FlyFish-hetkesi. Pid\u00e4 k\u00e4tesi vapaana heilutteluun ja kiinnipit\u00e4miseen!<\/li>\n<li><strong>Saavutettavuus:<\/strong> T\u00e4m\u00e4 aktiviteetti sopii kaikille 10-65-vuotiaille. Huomaa, ett\u00e4 se ei sovi raskaana oleville naisille tai niille, jotka eiv\u00e4t viihdy vedess\u00e4.<\/li>\n<\/ul>\n<h3>\u2753 <strong>Usein kysytyt kysymykset<\/strong><\/h3>\n<ul>\n<li><strong>Kuka voi osallistua FlyFish Teneriffalle?<\/strong> 10-65-vuotiaat seikkailijat ovat tervetulleita! Turvallisuuden vuoksi vaaditaan perusuimataitoa.<\/li>\n<li><strong>Kuinka turvallinen FlyFish on?<\/strong> Turvallisuus on etusijalla. Kaikilla osallistujilla on pelastusliivit, ja kokenut tiimimme varmistaa turvallisen ja miellytt\u00e4v\u00e4n kokemuksen.<\/li>\n<\/ul>\n<h4><strong>\ud83c\udf1e Oletko valmis tekem\u00e4\u00e4n r\u00e4iskinn\u00e4n?<\/strong><\/h4>\n<p>Koe j\u00e4nnityst\u00e4 FlyFish Teneriffalla kanssa <strong>CanaryVIP.<\/strong> Varaa seikkailusi jo t\u00e4n\u00e4\u00e4n ja valmistaudu unohtumattomaan suurnopeusmatkaan meren pinnan yll\u00e4!<\/p>","protected":false},"excerpt":{"rendered":"<p>\ud83d\udd0d <strong>FlyFish Teneriffa:<\/strong><br \/>\n\u2705 Turvallinen maksu.<br \/>\n\ud83d\udc65 Enint\u00e4\u00e4n 3 ratsastajaa yht\u00e4 matkaa kohden.<br \/>\n\ud83d\ude80 Ratsastus kest\u00e4\u00e4 noin 10 minuuttia.<br \/>\n\ud83c\udfde\ufe0f Nopea vesitoiminta.<br \/>\n\ud83d\udd59 Saatavilla koko p\u00e4iv\u00e4n.<br \/>\n\ud83d\udcc5 Kyytej\u00e4 saatavilla p\u00e4ivitt\u00e4in.<br \/>\n\ud83e\udd11 Paras hinta taattu.<br \/>\n\ud83d\udc6a Alennukset ryhmille.<br \/>\n\ud83d\udd01 24h peruutusehdot.<br \/>\n\ud83c\udf0d Monikielinen tuki.<br \/>\n\ud83c\udf1f Varaa etuk\u00e4teen s\u00e4\u00e4st\u00e4\u00e4ksesi.<br \/>\n\ud83d\udccd L\u00e4ht\u00f6 <a href=\"https:\/\/maps.app.goo.gl\/bkqEhAxsobcjz9wG9\">Puerto Col\u00f3n.<\/a><\/p>","protected":false},"featured_media":11317,"comment_status":"open","ping_status":"closed","template":"","meta":{"_acf_changed":false},"product_brand":[],"product_cat":[53],"product_tag":[],"class_list":{"0":"post-11303","1":"product","2":"type-product","3":"status-publish","4":"has-post-thumbnail","6":"product_cat-water-sports","7":"wcpa_has_options","9":"first","10":"instock","11":"virtual","12":"purchasable","13":"product-type-simple"},"acf":[],"wcpa_form_fields":{"wcpaData":{"product":{"product_price":18,"price_html":"From&nbsp;<span class=\"woocommerce-Price-amount amount\"><bdi>18,00&nbsp;<span class=\"woocommerce-Price-currencySymbol\">&euro;<\/span><\/bdi><\/span>","original_product_price":18,"price_including_tax":18,"price_excluding_tax":18,"product_id":{"parent":11303,"variation":false},"is_variable":false,"stock_status":"instock","stock_quantity":null,"parent_sku":"CV11303","product_attributes":[],"custom_fields":[],"is_taxable":false,"product_name":"FlyFish Tenerife","hasImage":false},"fields":{"sec_7661f1665d94fb":{"extra":{"key":"sec_7661f1665d94fb","section_id":"sec_7661f1665d94fb","name":"Default","status":1,"cl_rule":"show","enableCl":false,"relations":[],"toggle":true,"title_tag":"h3","show_title":false,"showPrice":"default","form_id":11314,"form_rules":{"exclude_from_discount":true,"fee_label":"Fee","disp_hide_options_price":true,"disp_show_section_price":false,"disp_show_field_price":true,"layout_option":"standard","pric_use_as_fee":false,"process_fee_as":"woo_fee"},"layout_option":"standard"},"fields":[[{"label":"\ud83d\udcc5 Date","active":true,"required":true,"elementId":"date_3661f1665d951b","picker_type":"custom","picker_mode":"single","placeholder":"","description":"","tooltip":"","name":"date_3661f1665d951b","label_position":"default","desc_position":"default","enablePrice":false,"className":"","enableCl":false,"relations":[{"operator":"and","rules":[{"operator":"AND","rules":{"cl_field":"radio-group_5661bc90f5e8f5","cl_relation":"is_not_empty","cl_val":"3 Hour Trip"}}]}],"date_pic_inline":true,"date_pic_inline_hide":true,"min_date":{"type":"days","val":"1"},"max_date":{"type":"days","val":"365"},"date_pic_conf":{"disabledWeeks":[]},"price":"","cl_rule":"show","col":6,"type":"date","error":false,"enableDesign":false,"LabelColor":"","gt_translate_keys":["label","placeholder","description","tooltip"],"price_dependency":false,"cl_dependency":false,"value":""}],[{"active":true,"col":6,"relations":false,"cl_rule":"show","enableCl":false,"price":"","enablePrice":false,"className":"","label_position":"default","desc_position":"default","type":"select","required":true,"elementId":"select_3477053266","label":"\u23f0 Departure Time","name":"select_3477053266","values":[{"label":"Whichever Time is Best","value":"Whichever Time is Best","selected":false,"tempId":"aco_312","gt_translate_keys":["label"]},{"label":"10:30","value":"10:30","selected":false,"tempId":"aco_313","gt_translate_keys":["label"]},{"label":"11:30","value":"11:30","selected":false,"tempId":"aco_314","gt_translate_keys":["label"]},{"label":"12:30 ","value":"12:30","selected":false,"tempId":"aco_711","gt_translate_keys":["label"]},{"label":"13:30","value":"13:30","selected":false,"tempId":"aco_721","gt_translate_keys":["label"]},{"label":"14:30","value":"14:30","selected":false,"tempId":"aco_983","gt_translate_keys":["label"]},{"label":"15:30","value":"15:30","selected":false,"tempId":"aco_993","gt_translate_keys":["label"]},{"label":"16:30","value":"16:30","selected":false,"tempId":"aco_1183","gt_translate_keys":["label"]}],"dropdown_type":"basic","error":false,"multiple":false,"placeholder":"None","gt_translate_keys":["label","placeholder"],"price_dependency":false,"cl_dependency":false,"value":""}],[{"active":true,"col":6,"relations":[{"operator":false,"rules":[{"operator":"AND","rules":{"cl_field":"","cl_relation":"","cl_val":""}}]}],"cl_rule":"show","enableCl":true,"price":"18","enablePrice":true,"className":"","label_position":"default","desc_position":"default","type":"radio-group","required":false,"elementId":"radio-group_0661f1665d9537","label":"","name":"radio-group_0661f1665d9537","values":[{"label":"\ud83d\udc64 People (18\u20ac)","value":"People","selected":true,"tempId":"aco_32","tooltip":"","description":"","gt_translate_keys":["label","tooltip","description"]}],"layOut":"","error":false,"checkUi":"button","priceOptions":"fixed_for_all","pricingType":"fixed","enable_quantity":true,"quantity_label":"","min_quantity":"0","options_tooltip":true,"options_description":true,"is_show_price":true,"gt_translate_keys":["label","quantity_label"],"price_dependency":["content_2802764779","content-8155931385","content-8167489432"],"cl_dependency":false,"value":""}],[{"active":true,"col":6,"relations":false,"cl_rule":"show","enableCl":false,"price":"","enablePrice":false,"className":"","label_position":"default","desc_position":"default","type":"separator","required":false,"elementId":"separator_2804989181","label":"Separator Field","height":"6","separatorType":"fill","error":false,"separatorColor":"#66a5b6","gt_translate_keys":["label"],"price_dependency":false,"cl_dependency":false,"value":""}],[{"active":true,"col":6,"relations":false,"cl_rule":"show","enableCl":false,"price":"{field.radio-group_0661f1665d9537.price}*0.30","enablePrice":true,"className":"","label_position":"default","desc_position":"default","type":"content","required":false,"elementId":"content_2802764779","label":"Deposit Now","name":"content_2802764779","contentType":"plain","value":"","error":false,"subtype":"div","inline":true,"show_in_checkout":true,"pricingType":"custom","isTemplate":false,"gt_translate_keys":["label","value"],"price_dependency":false,"cl_dependency":false}],[{"contentType":"plain","active":true,"label":"Payment at Arrival","elementId":"content-8155931385","value":"","inline":true,"show_in_checkout":true,"name":"content-8155931385","enablePrice":true,"className":"","subtype":"div","enableCl":false,"relations":false,"pricingType":"custom","isTemplate":false,"price":"{field.radio-group_0661f1665d9537.price}*0.70","is_show_price":true,"cl_rule":"show","col":6,"type":"content","error":false,"gt_translate_keys":["label","value"],"price_dependency":false,"cl_dependency":false}],[{"contentType":"plain","active":true,"label":"Total Price","elementId":"content-8167489432","value":"","inline":true,"show_in_checkout":true,"name":"content-8167489432","enablePrice":true,"className":"","subtype":"div","enableCl":false,"relations":false,"pricingType":"custom","isTemplate":false,"price":"{field.radio-group_0661f1665d9537.price}","is_show_price":true,"cl_rule":"show","col":6,"type":"content","error":false,"gt_translate_keys":["label","value"],"price_dependency":false,"cl_dependency":false}]]}},"config":{"price_override":"always","enable_recaptcha":false,"bind_quantity":false,"quantity_bind_formula":false,"disp_summ_show_option_price":true,"disp_summ_show_product_price":false,"disp_summ_show_total_price":true,"disp_summ_show_fee":true,"disp_summ_show_discount":true,"summary_title":"","options_total_label":"Options Price","total_label":"Total Amount","options_product_label":"Product Price","fee_label":"Fee","discount_label":"Discount","has_price":true,"has_quantity_formula":false},"mc_unit":1,"tax_rate":1,"tax_rate_real":1,"discount":{"percentage":0,"fixed":0},"design":{"conf":{"LabelPosition":"above","DescPosition":"above","UploadField":"custom_1","QuantityFieldStyle":"custom_1"},"css":{"LeftLabelWidth":"120px"}},"formulas":[],"lookuptables":[],"clones":false,"cartKey":false}},"_links":{"self":[{"href":"https:\/\/canaryvip.com\/fi\/wp-json\/wp\/v2\/product\/11303","targetHints":{"allow":["GET"]}}],"collection":[{"href":"https:\/\/canaryvip.com\/fi\/wp-json\/wp\/v2\/product"}],"about":[{"href":"https:\/\/canaryvip.com\/fi\/wp-json\/wp\/v2\/types\/product"}],"replies":[{"embeddable":true,"href":"https:\/\/canaryvip.com\/fi\/wp-json\/wp\/v2\/comments?post=11303"}],"wp:featuredmedia":[{"embeddable":true,"href":"https:\/\/canaryvip.com\/fi\/wp-json\/wp\/v2\/media\/11317"}],"wp:attachment":[{"href":"https:\/\/canaryvip.com\/fi\/wp-json\/wp\/v2\/media?parent=11303"}],"wp:term":[{"taxonomy":"product_brand","embeddable":true,"href":"https:\/\/canaryvip.com\/fi\/wp-json\/wp\/v2\/product_brand?post=11303"},{"taxonomy":"product_cat","embeddable":true,"href":"https:\/\/canaryvip.com\/fi\/wp-json\/wp\/v2\/product_cat?post=11303"},{"taxonomy":"product_tag","embeddable":true,"href":"https:\/\/canaryvip.com\/fi\/wp-json\/wp\/v2\/product_tag?post=11303"}],"curies":[{"name":"wp","href":"https:\/\/api.w.org\/{rel}","templated":true}]}}